{"id":21179,"date":"2025-10-03T09:10:55","date_gmt":"2025-10-03T06:10:55","guid":{"rendered":"https:\/\/skaitytaknyga.lt\/?post_type=product&#038;p=21179"},"modified":"2025-10-10T13:05:14","modified_gmt":"2025-10-10T10:05:14","slug":"veidoskaita-praktinis-vadovas","status":"publish","type":"product","link":"https:\/\/skaitytaknyga.lt\/en\/produktas\/veidoskaita-praktinis-vadovas\/","title":{"rendered":"Veidoskaita: praktinis vadovas"},"content":{"rendered":"<p>Prie\u0161 tave \u201eVeidoskaita\u201c \u2013 praktinis vadovas norintiems geriau pa\u017einti save ir kitus! \u0160ioje knygoje, tav\u0119s laukia nuostabi ir pilna atradim\u0173 kelion\u0117 \u012f veido \u0161al\u012f! Nuo \u0161iol \u012f kit\u0173 \u017emoni\u0173 veidus jau \u017ei\u016br\u0117si kitaip!<\/p>\n<p>Kuo daugiau laiko praleisi su knyga, tuo labiau tau prad\u0117s atsiskleisti aplinkini\u0173 gyvenimai ir j\u0173 motyvacija veikti. Nuo \u0161iol suprasi kod\u0117l su vienais \u017emon\u0117mis susikalbi, o su kitais ne. Nors \u0161i knyga skirta pad\u0117ti tau suprasti kitus, bet did\u017eiausia jos nauda bus i\u0161 to, kad geriau suprasi save!<\/p>\n<p>Net jei i\u0161 knygos pasi\u0117mei tik vien\u0105 patarim\u0105 ar suvokim\u0105, kuris ka\u017ekiek pakeis tavo gyvenim\u0105 skaitykime, kad knyga jau atsipirko. Visos naudos pasi\u0117mimo i\u0161 knygos formul\u0117 paprasta \u2013 kuo daugiau d\u0117mesio jai skirsi, tuo didesnis efektas bus!<\/p>\n<p>Su pagarba<br \/>\n\u017dydr\u016bnas Sadauskas<\/p>\n","protected":false},"excerpt":{"rendered":"<p>Prie\u0161 tave \u201eVeidoskaita\u201c \u2013 praktinis vadovas norintiems geriau pa\u017einti save ir kitus! \u0160ioje knygoje, tav\u0119s laukia nuostabi ir pilna atradim\u0173 kelion\u0117 \u012f veido \u0161al\u012f! Nuo \u0161iol \u012f kit\u0173 \u017emoni\u0173 veidus jau \u017ei\u016br\u0117si kitaip! Kuo daugiau laiko praleisi su knyga, tuo labiau tau prad\u0117s atsiskleisti aplinkini\u0173 gyvenimai ir j\u0173 motyvacija veikti. Nuo \u0161iol suprasi kod\u0117l su vienais \u017emon\u0117mis susikalbi, o su kitais ne. Nors \u0161i knyga skirta pad\u0117ti tau suprasti kitus, bet did\u017eiausia jos nauda bus i\u0161 to, kad geriau suprasi save! Net jei i\u0161 knygos pasi\u0117mei tik vien\u0105 patarim\u0105 ar suvokim\u0105, kuris ka\u017ekiek pakeis tavo gyvenim\u0105 skaitykime, kad knyga jau atsipirko. Visos naudos pasi\u0117mimo i\u0161 knygos formul\u0117 paprasta \u2013 kuo daugiau d\u0117mesio jai skirsi, tuo didesnis efektas bus! Su pagarba \u017dydr\u016bnas Sadauskas<\/p>\n","protected":false},"featured_media":21184,"comment_status":"open","ping_status":"closed","template":"","meta":{"_acf_changed":false,"site-sidebar-layout":"default","site-content-layout":"","ast-site-content-layout":"default","site-content-style":"default","site-sidebar-style":"default","ast-global-header-display":"","ast-banner-title-visibility":"","ast-main-header-display":"","ast-hfb-above-header-display":"","ast-hfb-below-header-display":"","ast-hfb-mobile-header-display":"","site-post-title":"","ast-breadcrumbs-content":"","ast-featured-img":"","footer-sml-layout":"","ast-disable-related-posts":"","theme-transparent-header-meta":"","adv-header-id-meta":"","stick-header-meta":"","header-above-stick-meta":"","header-main-stick-meta":"","header-below-stick-meta":"","astra-migrate-meta-layouts":"default","ast-page-background-enabled":"default","ast-page-background-meta":{"desktop":{"background-color":"","background-image":"","background-repeat":"repeat","background-position":"center center","background-size":"auto","background-attachment":"scroll","background-type":"","background-media":"","overlay-type":"","overlay-color":"","overlay-opacity":"","overlay-gradient":""},"tablet":{"background-color":"","background-image":"","background-repeat":"repeat","background-position":"center center","background-size":"auto","background-attachment":"scroll","background-type":"","background-media":"","overlay-type":"","overlay-color":"","overlay-opacity":"","overlay-gradient":""},"mobile":{"background-color":"","background-image":"","background-repeat":"repeat","background-position":"center center","background-size":"auto","background-attachment":"scroll","background-type":"","background-media":"","overlay-type":"","overlay-color":"","overlay-opacity":"","overlay-gradient":""}},"ast-content-background-meta":{"desktop":{"background-color":"var(--ast-global-color-4)","background-image":"","background-repeat":"repeat","background-position":"center center","background-size":"auto","background-attachment":"scroll","background-type":"","background-media":"","overlay-type":"","overlay-color":"","overlay-opacity":"","overlay-gradient":""},"tablet":{"background-color":"var(--ast-global-color-4)","background-image":"","background-repeat":"repeat","background-position":"center center","background-size":"auto","background-attachment":"scroll","background-type":"","background-media":"","overlay-type":"","overlay-color":"","overlay-opacity":"","overlay-gradient":""},"mobile":{"background-color":"var(--ast-global-color-4)","background-image":"","background-repeat":"repeat","background-position":"center center","background-size":"auto","background-attachment":"scroll","background-type":"","background-media":"","overlay-type":"","overlay-color":"","overlay-opacity":"","overlay-gradient":""}}},"product_brand":[],"product_cat":[30],"product_tag":[4234,1403,1573,1392,2561,8383,8382],"class_list":{"0":"post-21179","1":"product","2":"type-product","3":"status-publish","4":"has-post-thumbnail","6":"product_cat-psichologija-ir-saviugda","7":"product_tag-asmenybe","8":"product_tag-bendravimas","9":"product_tag-praktinis-vadovas","10":"product_tag-psichologija","11":"product_tag-saves-pazinimas","12":"product_tag-veidoskaita","13":"product_tag-zydrunas-sadauskas","14":"desktop-align-left","15":"tablet-align-left","16":"mobile-align-left","18":"first","19":"outofstock","20":"shipping-taxable","21":"purchasable","22":"product-type-simple"},"acf":[],"yoast_head":"<!-- This site is optimized with the Yoast SEO plugin v27.0 - https:\/\/yoast.com\/product\/yoast-seo-wordpress\/ -->\n<title>Veidoskaita: praktinis vadovas<\/title>\n<meta name=\"description\" content=\"Prie\u0161 tave \u201eVeidoskaita\u201c \u2013 praktinis vadovas norintiems geriau pa\u017einti save ir kitus! \u0160ioje knygoje, tav\u0119s laukia nuostabi ir pilna atradim\u0173 kelion\u0117 \u012f\" \/>\n<meta name=\"robots\" content=\"index, follow, max-snippet:-1, max-image-preview:large, max-video-preview:-1\" \/>\n<link rel=\"canonical\" href=\"https:\/\/skaitytaknyga.lt\/en\/produktas\/veidoskaita-praktinis-vadovas\/\" \/>\n<meta property=\"og:locale\" content=\"en_GB\" \/>\n<meta property=\"og:locale:alternate\" content=\"lt_LT\" \/>\n<meta property=\"og:type\" content=\"article\" \/>\n<meta property=\"og:title\" content=\"Veidoskaita: praktinis vadovas\" \/>\n<meta property=\"og:description\" content=\"Prie\u0161 tave \u201eVeidoskaita\u201c \u2013 praktinis vadovas norintiems geriau pa\u017einti save ir kitus! \u0160ioje knygoje, tav\u0119s laukia nuostabi ir pilna atradim\u0173 kelion\u0117 \u012f\" \/>\n<meta property=\"og:url\" content=\"https:\/\/skaitytaknyga.lt\/en\/produktas\/veidoskaita-praktinis-vadovas\/\" \/>\n<meta property=\"og:site_name\" content=\"Skaitytaknyga\" \/>\n<meta property=\"article:publisher\" content=\"https:\/\/www.facebook.com\/skaitytaknyga\/\" \/>\n<meta property=\"article:modified_time\" content=\"2025-10-10T10:05:14+00:00\" \/>\n<meta property=\"og:image\" content=\"https:\/\/skaitytaknyga.lt\/wp-content\/uploads\/2025\/10\/Veidoskaita-praktinis-vadovas-1.webp\" \/>\n\t<meta property=\"og:image:width\" content=\"300\" \/>\n\t<meta property=\"og:image:height\" content=\"414\" \/>\n\t<meta property=\"og:image:type\" content=\"image\/webp\" \/>\n<meta name=\"twitter:card\" content=\"summary_large_image\" \/>\n<meta name=\"twitter:label1\" content=\"Estimated reading time\" \/>\n\t<meta name=\"twitter:data1\" content=\"1 minute\" \/>\n<script type=\"application\/ld+json\" class=\"yoast-schema-graph\">{\"@context\":\"https:\/\/schema.org\",\"@graph\":[{\"@type\":\"WebPage\",\"@id\":\"https:\/\/skaitytaknyga.lt\/produktas\/veidoskaita-praktinis-vadovas\/\",\"url\":\"https:\/\/skaitytaknyga.lt\/produktas\/veidoskaita-praktinis-vadovas\/\",\"name\":\"Veidoskaita: praktinis vadovas\",\"isPartOf\":{\"@id\":\"https:\/\/skaitytaknyga.lt\/#website\"},\"primaryImageOfPage\":{\"@id\":\"https:\/\/skaitytaknyga.lt\/produktas\/veidoskaita-praktinis-vadovas\/#primaryimage\"},\"image\":{\"@id\":\"https:\/\/skaitytaknyga.lt\/produktas\/veidoskaita-praktinis-vadovas\/#primaryimage\"},\"thumbnailUrl\":\"https:\/\/skaitytaknyga.lt\/wp-content\/uploads\/2025\/10\/Veidoskaita-praktinis-vadovas-1.webp\",\"datePublished\":\"2025-10-03T06:10:55+00:00\",\"dateModified\":\"2025-10-10T10:05:14+00:00\",\"description\":\"Prie\u0161 tave \u201eVeidoskaita\u201c \u2013 praktinis vadovas norintiems geriau pa\u017einti save ir kitus! \u0160ioje knygoje, tav\u0119s laukia nuostabi ir pilna atradim\u0173 kelion\u0117 \u012f\",\"breadcrumb\":{\"@id\":\"https:\/\/skaitytaknyga.lt\/produktas\/veidoskaita-praktinis-vadovas\/#breadcrumb\"},\"inLanguage\":\"en-GB\",\"potentialAction\":[{\"@type\":\"ReadAction\",\"target\":[\"https:\/\/skaitytaknyga.lt\/produktas\/veidoskaita-praktinis-vadovas\/\"]}]},{\"@type\":\"ImageObject\",\"inLanguage\":\"en-GB\",\"@id\":\"https:\/\/skaitytaknyga.lt\/produktas\/veidoskaita-praktinis-vadovas\/#primaryimage\",\"url\":\"https:\/\/skaitytaknyga.lt\/wp-content\/uploads\/2025\/10\/Veidoskaita-praktinis-vadovas-1.webp\",\"contentUrl\":\"https:\/\/skaitytaknyga.lt\/wp-content\/uploads\/2025\/10\/Veidoskaita-praktinis-vadovas-1.webp\",\"width\":300,\"height\":414,\"caption\":\"Veidoskaita: praktinis vadovas\"},{\"@type\":\"BreadcrumbList\",\"@id\":\"https:\/\/skaitytaknyga.lt\/produktas\/veidoskaita-praktinis-vadovas\/#breadcrumb\",\"itemListElement\":[{\"@type\":\"ListItem\",\"position\":1,\"name\":\"Home\",\"item\":\"https:\/\/skaitytaknyga.lt\/\"},{\"@type\":\"ListItem\",\"position\":2,\"name\":\"Parduotuv\u0117\",\"item\":\"https:\/\/skaitytaknyga.lt\/knygu-parduotuve\/\"},{\"@type\":\"ListItem\",\"position\":3,\"name\":\"Veidoskaita: praktinis vadovas\"}]},{\"@type\":\"WebSite\",\"@id\":\"https:\/\/skaitytaknyga.lt\/#website\",\"url\":\"https:\/\/skaitytaknyga.lt\/\",\"name\":\"skaitytaknyga.lt\",\"description\":\"Skaitytaknyga.lt \u2013 tai ma\u017eas \u0161eimos verslas, kuris prasid\u0117jo nuo meil\u0117s knygoms ir siekio i\u0161gelb\u0117ti knygas nuo likimo prie konteinerio. Kas vienam nereikalingas daiktas \u2013 kitam lobis, o mes esame tarpininkai, kurie padeda abiems tapti laimingesniems ???? \u017dinome kaip nelengva i\u0161gyventi ma\u017eiems verslams, tad nuo \u0161iol, \u010dia rasite ir kit\u0173, ma\u017e\u0173 \u0161eim\u0173 versl\u0173, rank\u0173 darbo, dovan\u0173 sau ir artimiesiems.\",\"publisher\":{\"@id\":\"https:\/\/skaitytaknyga.lt\/#organization\"},\"potentialAction\":[{\"@type\":\"SearchAction\",\"target\":{\"@type\":\"EntryPoint\",\"urlTemplate\":\"https:\/\/skaitytaknyga.lt\/?s={search_term_string}\"},\"query-input\":{\"@type\":\"PropertyValueSpecification\",\"valueRequired\":true,\"valueName\":\"search_term_string\"}}],\"inLanguage\":\"en-GB\"},{\"@type\":\"Organization\",\"@id\":\"https:\/\/skaitytaknyga.lt\/#organization\",\"name\":\"skaitytaknyga.lt\",\"url\":\"https:\/\/skaitytaknyga.lt\/\",\"logo\":{\"@type\":\"ImageObject\",\"inLanguage\":\"en-GB\",\"@id\":\"https:\/\/skaitytaknyga.lt\/#\/schema\/logo\/image\/\",\"url\":\"https:\/\/skaitytaknyga.lt\/wp-content\/uploads\/2024\/05\/cropped-cropped-cropped-02_00843_jt3bggkj1j3HLc7SyY6rEUpg.jpeg\",\"contentUrl\":\"https:\/\/skaitytaknyga.lt\/wp-content\/uploads\/2024\/05\/cropped-cropped-cropped-02_00843_jt3bggkj1j3HLc7SyY6rEUpg.jpeg\",\"width\":1600,\"height\":1600,\"caption\":\"skaitytaknyga.lt\"},\"image\":{\"@id\":\"https:\/\/skaitytaknyga.lt\/#\/schema\/logo\/image\/\"},\"sameAs\":[\"https:\/\/www.facebook.com\/skaitytaknyga\/\"]}]}<\/script>\n<!-- \/ Yoast SEO plugin. -->","yoast_head_json":{"title":"Veidoskaita: praktinis vadovas","description":"Prie\u0161 tave \u201eVeidoskaita\u201c \u2013 praktinis vadovas norintiems geriau pa\u017einti save ir kitus! \u0160ioje knygoje, tav\u0119s laukia nuostabi ir pilna atradim\u0173 kelion\u0117 \u012f","robots":{"index":"index","follow":"follow","max-snippet":"max-snippet:-1","max-image-preview":"max-image-preview:large","max-video-preview":"max-video-preview:-1"},"canonical":"https:\/\/skaitytaknyga.lt\/en\/produktas\/veidoskaita-praktinis-vadovas\/","og_locale":"en_GB","og_type":"article","og_title":"[:lt]Veidoskaita: praktinis vadovas[:] - Skaitytaknyga","og_description":"Prie\u0161 tave \u201eVeidoskaita\u201c \u2013 praktinis vadovas norintiems geriau pa\u017einti save ir kitus! \u0160ioje knygoje, tav\u0119s laukia nuostabi ir pilna atradim\u0173 kelion\u0117 \u012f","og_url":"https:\/\/skaitytaknyga.lt\/en\/produktas\/veidoskaita-praktinis-vadovas\/","og_site_name":"Skaitytaknyga","article_publisher":"https:\/\/www.facebook.com\/skaitytaknyga\/","article_modified_time":"2025-10-10T10:05:14+00:00","og_image":[{"width":300,"height":414,"url":"https:\/\/skaitytaknyga.lt\/wp-content\/uploads\/2025\/10\/Veidoskaita-praktinis-vadovas-1.webp","type":"image\/webp"}],"twitter_card":"summary_large_image","twitter_misc":{"Estimated reading time":"1 minute"},"schema":{"@context":"https:\/\/schema.org","@graph":[{"@type":"WebPage","@id":"https:\/\/skaitytaknyga.lt\/produktas\/veidoskaita-praktinis-vadovas\/","url":"https:\/\/skaitytaknyga.lt\/produktas\/veidoskaita-praktinis-vadovas\/","name":"Veidoskaita: praktinis vadovas","isPartOf":{"@id":"https:\/\/skaitytaknyga.lt\/#website"},"primaryImageOfPage":{"@id":"https:\/\/skaitytaknyga.lt\/produktas\/veidoskaita-praktinis-vadovas\/#primaryimage"},"image":{"@id":"https:\/\/skaitytaknyga.lt\/produktas\/veidoskaita-praktinis-vadovas\/#primaryimage"},"thumbnailUrl":"https:\/\/skaitytaknyga.lt\/wp-content\/uploads\/2025\/10\/Veidoskaita-praktinis-vadovas-1.webp","datePublished":"2025-10-03T06:10:55+00:00","dateModified":"2025-10-10T10:05:14+00:00","description":"Prie\u0161 tave \u201eVeidoskaita\u201c \u2013 praktinis vadovas norintiems geriau pa\u017einti save ir kitus! \u0160ioje knygoje, tav\u0119s laukia nuostabi ir pilna atradim\u0173 kelion\u0117 \u012f","breadcrumb":{"@id":"https:\/\/skaitytaknyga.lt\/produktas\/veidoskaita-praktinis-vadovas\/#breadcrumb"},"inLanguage":"en-GB","potentialAction":[{"@type":"ReadAction","target":["https:\/\/skaitytaknyga.lt\/produktas\/veidoskaita-praktinis-vadovas\/"]}]},{"@type":"ImageObject","inLanguage":"en-GB","@id":"https:\/\/skaitytaknyga.lt\/produktas\/veidoskaita-praktinis-vadovas\/#primaryimage","url":"https:\/\/skaitytaknyga.lt\/wp-content\/uploads\/2025\/10\/Veidoskaita-praktinis-vadovas-1.webp","contentUrl":"https:\/\/skaitytaknyga.lt\/wp-content\/uploads\/2025\/10\/Veidoskaita-praktinis-vadovas-1.webp","width":300,"height":414,"caption":"Veidoskaita: praktinis vadovas"},{"@type":"BreadcrumbList","@id":"https:\/\/skaitytaknyga.lt\/produktas\/veidoskaita-praktinis-vadovas\/#breadcrumb","itemListElement":[{"@type":"ListItem","position":1,"name":"Home","item":"https:\/\/skaitytaknyga.lt\/"},{"@type":"ListItem","position":2,"name":"Parduotuv\u0117","item":"https:\/\/skaitytaknyga.lt\/knygu-parduotuve\/"},{"@type":"ListItem","position":3,"name":"Veidoskaita: praktinis vadovas"}]},{"@type":"WebSite","@id":"https:\/\/skaitytaknyga.lt\/#website","url":"https:\/\/skaitytaknyga.lt\/","name":"skaitytaknyga.lt","description":"Skaitytaknyga.lt \u2013 tai ma\u017eas \u0161eimos verslas, kuris prasid\u0117jo nuo meil\u0117s knygoms ir siekio i\u0161gelb\u0117ti knygas nuo likimo prie konteinerio. Kas vienam nereikalingas daiktas \u2013 kitam lobis, o mes esame tarpininkai, kurie padeda abiems tapti laimingesniems ???? \u017dinome kaip nelengva i\u0161gyventi ma\u017eiems verslams, tad nuo \u0161iol, \u010dia rasite ir kit\u0173, ma\u017e\u0173 \u0161eim\u0173 versl\u0173, rank\u0173 darbo, dovan\u0173 sau ir artimiesiems.","publisher":{"@id":"https:\/\/skaitytaknyga.lt\/#organization"},"potentialAction":[{"@type":"SearchAction","target":{"@type":"EntryPoint","urlTemplate":"https:\/\/skaitytaknyga.lt\/?s={search_term_string}"},"query-input":{"@type":"PropertyValueSpecification","valueRequired":true,"valueName":"search_term_string"}}],"inLanguage":"en-GB"},{"@type":"Organization","@id":"https:\/\/skaitytaknyga.lt\/#organization","name":"skaitytaknyga.lt","url":"https:\/\/skaitytaknyga.lt\/","logo":{"@type":"ImageObject","inLanguage":"en-GB","@id":"https:\/\/skaitytaknyga.lt\/#\/schema\/logo\/image\/","url":"https:\/\/skaitytaknyga.lt\/wp-content\/uploads\/2024\/05\/cropped-cropped-cropped-02_00843_jt3bggkj1j3HLc7SyY6rEUpg.jpeg","contentUrl":"https:\/\/skaitytaknyga.lt\/wp-content\/uploads\/2024\/05\/cropped-cropped-cropped-02_00843_jt3bggkj1j3HLc7SyY6rEUpg.jpeg","width":1600,"height":1600,"caption":"skaitytaknyga.lt"},"image":{"@id":"https:\/\/skaitytaknyga.lt\/#\/schema\/logo\/image\/"},"sameAs":["https:\/\/www.facebook.com\/skaitytaknyga\/"]}]}},"_links":{"self":[{"href":"https:\/\/skaitytaknyga.lt\/en\/wp-json\/wp\/v2\/product\/21179","targetHints":{"allow":["GET"]}}],"collection":[{"href":"https:\/\/skaitytaknyga.lt\/en\/wp-json\/wp\/v2\/product"}],"about":[{"href":"https:\/\/skaitytaknyga.lt\/en\/wp-json\/wp\/v2\/types\/product"}],"replies":[{"embeddable":true,"href":"https:\/\/skaitytaknyga.lt\/en\/wp-json\/wp\/v2\/comments?post=21179"}],"wp:featuredmedia":[{"embeddable":true,"href":"https:\/\/skaitytaknyga.lt\/en\/wp-json\/wp\/v2\/media\/21184"}],"wp:attachment":[{"href":"https:\/\/skaitytaknyga.lt\/en\/wp-json\/wp\/v2\/media?parent=21179"}],"wp:term":[{"taxonomy":"product_brand","embeddable":true,"href":"https:\/\/skaitytaknyga.lt\/en\/wp-json\/wp\/v2\/product_brand?post=21179"},{"taxonomy":"product_cat","embeddable":true,"href":"https:\/\/skaitytaknyga.lt\/en\/wp-json\/wp\/v2\/product_cat?post=21179"},{"taxonomy":"product_tag","embeddable":true,"href":"https:\/\/skaitytaknyga.lt\/en\/wp-json\/wp\/v2\/product_tag?post=21179"}],"curies":[{"name":"wp","href":"https:\/\/api.w.org\/{rel}","templated":true}]}}