{"id":21173,"date":"2025-10-03T08:47:56","date_gmt":"2025-10-03T05:47:56","guid":{"rendered":"https:\/\/skaitytaknyga.lt\/?post_type=product&#038;p=21173"},"modified":"2025-10-06T11:04:11","modified_gmt":"2025-10-06T08:04:11","slug":"penki-archetipai","status":"publish","type":"product","link":"https:\/\/skaitytaknyga.lt\/en\/produktas\/penki-archetipai\/","title":{"rendered":"Penki archetipai"},"content":{"rendered":"<p>Tradicin\u0117s kin\u0173 medicinos elementai Medis, Ugnis, \u017dem\u0117, Metalas ir Vanduo yra \u017emogaus prigimties augimo ir vystymosi pagrindas. Manoma, kad jie mums padeda suprasti visk\u0105 \u2013 nuo lig\u0173 ir i\u0161gijimo iki svarbiausi\u0173 vaik\u0173 vystymosi proces\u0173, ir toliau daro \u012ftak\u0105 \u0161iuolaikinei kin\u0173 medicinos praktikai. Ta\u010diau \u0161ioje knygoje ajurvedos mitybos specialist\u0117, reiki meistr\u0117 ir organizacijos \u201eTournesol&#8221; \u012fk\u016br\u0117ja Carey Davidson parodo, kad kiekvienas i\u0161 \u0161i\u0173 penki\u0173 element\u0173 gali b\u016bti laikomas asmenyb\u0117s archetipu, o m\u016bs\u0173 viduje kunkuliuoja unikalus \u0161i\u0173 archetip\u0173 mi\u0161inys \u2013 tarsi langas, pro kur\u012f \u017evelgiant gyvenimas tampa prasmingesnis visuose lygmenyse.<\/p>\n<p>Knygoje \u201ePenki archetipai\u201c Davidson teigia, kad, \u017einodami kiekvienam tipui b\u016bdingus asmenyb\u0117s bruo\u017eus ir pasinaudodami tuo, k\u0105 autor\u0117 vadina Penki\u0173 archetip\u0173 metodu, i\u0161moksite numatyti savo elgsenos modelius \u2013 ne tik su savimi, bet ir su draugais, meil\u0117s santyki\u0173 partneriu, vaikais ir net bendradarbiais. Taikydami \u0161\u012f metod\u0105, j\u016bs taip pat:<\/p>\n<p>i\u0161moksite labiau kontroliuoti veiksmus ir poelgius, kurie trukdo j\u016bs\u0173 potencialui;<br \/>\ni\u0161tobulinsite savimon\u0117s ir savireguliacijos \u012fg\u016bd\u017eius, kuri\u0173 prireikia susid\u016brus su kasdieniu stresu;<br \/>\nsuprasite, kas i\u0161 ties\u0173 erzina \u017emones, tod\u0117l sugai\u0161ite ma\u017eiau laiko inerti\u0161kiems santykiams ir daugiau laiko skirsite tiems, kurie kelia pasitenkinim\u0105.<br \/>\nDirbdama su \u017emon\u0117mis, poromis, bendrov\u0117mis, t\u0117vais, vaikais ir pedagogais bei nuolat atid\u017eiai tyrin\u0117dama penkis elementus, Davidson pateik\u0117 \u0161\u012f darb\u0105 apibendrinan\u010dias \u012f\u017evalgas ir suk\u016br\u0117 supaprastint\u0105 bei prakti\u0161k\u0105 vadov\u0105, pad\u0117siant\u012f tinkamai pasinaudoti penki\u0173 archetip\u0173 stipryb\u0117mis.<\/p>\n","protected":false},"excerpt":{"rendered":"<p>Tradicin\u0117s kin\u0173 medicinos elementai Medis, Ugnis, \u017dem\u0117, Metalas ir Vanduo yra \u017emogaus prigimties augimo ir vystymosi pagrindas. Manoma, kad jie mums padeda suprasti visk\u0105 \u2013 nuo lig\u0173 ir i\u0161gijimo iki svarbiausi\u0173 vaik\u0173 vystymosi proces\u0173, ir toliau daro \u012ftak\u0105 \u0161iuolaikinei kin\u0173 medicinos praktikai. Ta\u010diau \u0161ioje knygoje ajurvedos mitybos specialist\u0117, reiki meistr\u0117 ir organizacijos \u201eTournesol&#8221; \u012fk\u016br\u0117ja Carey Davidson parodo, kad kiekvienas i\u0161 \u0161i\u0173 penki\u0173 element\u0173 gali b\u016bti laikomas asmenyb\u0117s archetipu, o m\u016bs\u0173 viduje kunkuliuoja unikalus \u0161i\u0173 archetip\u0173 mi\u0161inys \u2013 tarsi langas, pro kur\u012f \u017evelgiant gyvenimas tampa prasmingesnis visuose lygmenyse. Knygoje \u201ePenki archetipai\u201c Davidson teigia, kad, \u017einodami kiekvienam tipui b\u016bdingus asmenyb\u0117s bruo\u017eus ir pasinaudodami tuo, k\u0105 autor\u0117 vadina Penki\u0173 archetip\u0173 metodu, i\u0161moksite numatyti savo elgsenos modelius \u2013 ne tik su savimi, bet ir su draugais, meil\u0117s santyki\u0173 partneriu, vaikais ir net bendradarbiais. Taikydami \u0161\u012f metod\u0105, j\u016bs taip pat: i\u0161moksite labiau kontroliuoti veiksmus ir poelgius, kurie trukdo j\u016bs\u0173 potencialui; i\u0161tobulinsite savimon\u0117s ir savireguliacijos \u012fg\u016bd\u017eius, kuri\u0173 prireikia susid\u016brus su kasdieniu stresu; suprasite, kas i\u0161 ties\u0173 erzina \u017emones, tod\u0117l sugai\u0161ite ma\u017eiau laiko inerti\u0161kiems santykiams ir daugiau laiko skirsite tiems, kurie kelia pasitenkinim\u0105. Dirbdama su \u017emon\u0117mis, poromis, bendrov\u0117mis, t\u0117vais, vaikais ir pedagogais bei nuolat atid\u017eiai tyrin\u0117dama penkis elementus, Davidson pateik\u0117 \u0161\u012f darb\u0105 apibendrinan\u010dias \u012f\u017evalgas ir suk\u016br\u0117 supaprastint\u0105 bei prakti\u0161k\u0105 vadov\u0105, pad\u0117siant\u012f tinkamai pasinaudoti penki\u0173 archetip\u0173 stipryb\u0117mis.<\/p>\n","protected":false},"featured_media":21178,"comment_status":"open","ping_status":"closed","template":"","meta":{"_acf_changed":false,"site-sidebar-layout":"default","site-content-layout":"","ast-site-content-layout":"default","site-content-style":"default","site-sidebar-style":"default","ast-global-header-display":"","ast-banner-title-visibility":"","ast-main-header-display":"","ast-hfb-above-header-display":"","ast-hfb-below-header-display":"","ast-hfb-mobile-header-display":"","site-post-title":"","ast-breadcrumbs-content":"","ast-featured-img":"","footer-sml-layout":"","ast-disable-related-posts":"","theme-transparent-header-meta":"","adv-header-id-meta":"","stick-header-meta":"","header-above-stick-meta":"","header-main-stick-meta":"","header-below-stick-meta":"","astra-migrate-meta-layouts":"default","ast-page-background-enabled":"default","ast-page-background-meta":{"desktop":{"background-color":"","background-image":"","background-repeat":"repeat","background-position":"center center","background-size":"auto","background-attachment":"scroll","background-type":"","background-media":"","overlay-type":"","overlay-color":"","overlay-opacity":"","overlay-gradient":""},"tablet":{"background-color":"","background-image":"","background-repeat":"repeat","background-position":"center center","background-size":"auto","background-attachment":"scroll","background-type":"","background-media":"","overlay-type":"","overlay-color":"","overlay-opacity":"","overlay-gradient":""},"mobile":{"background-color":"","background-image":"","background-repeat":"repeat","background-position":"center center","background-size":"auto","background-attachment":"scroll","background-type":"","background-media":"","overlay-type":"","overlay-color":"","overlay-opacity":"","overlay-gradient":""}},"ast-content-background-meta":{"desktop":{"background-color":"var(--ast-global-color-4)","background-image":"","background-repeat":"repeat","background-position":"center center","background-size":"auto","background-attachment":"scroll","background-type":"","background-media":"","overlay-type":"","overlay-color":"","overlay-opacity":"","overlay-gradient":""},"tablet":{"background-color":"var(--ast-global-color-4)","background-image":"","background-repeat":"repeat","background-position":"center center","background-size":"auto","background-attachment":"scroll","background-type":"","background-media":"","overlay-type":"","overlay-color":"","overlay-opacity":"","overlay-gradient":""},"mobile":{"background-color":"var(--ast-global-color-4)","background-image":"","background-repeat":"repeat","background-position":"center center","background-size":"auto","background-attachment":"scroll","background-type":"","background-media":"","overlay-type":"","overlay-color":"","overlay-opacity":"","overlay-gradient":""}}},"product_brand":[],"product_cat":[30],"product_tag":[8379,8378,2270,8381,8380,1392,2561],"class_list":{"0":"post-21173","1":"product","2":"type-product","3":"status-publish","4":"has-post-thumbnail","6":"product_cat-psichologija-ir-saviugda","7":"product_tag-asmenybes-tipai","8":"product_tag-carey-davidson","9":"product_tag-dvasinis-tobulejimas","10":"product_tag-kinu-medicina","11":"product_tag-penki-archetipai","12":"product_tag-psichologija","13":"product_tag-saves-pazinimas","14":"desktop-align-left","15":"tablet-align-left","16":"mobile-align-left","18":"first","19":"instock","20":"shipping-taxable","21":"purchasable","22":"product-type-simple"},"acf":[],"yoast_head":"<!-- This site is optimized with the Yoast SEO plugin v27.0 - https:\/\/yoast.com\/product\/yoast-seo-wordpress\/ -->\n<title>Penki archetipai<\/title>\n<meta name=\"description\" content=\"Tradicin\u0117s kin\u0173 medicinos elementai Medis, Ugnis, \u017dem\u0117, Metalas ir Vanduo yra \u017emogaus prigimties augimo ir vystymosi pagrindas. Manoma, kad jie mums\" \/>\n<meta name=\"robots\" content=\"index, follow, max-snippet:-1, max-image-preview:large, max-video-preview:-1\" \/>\n<link rel=\"canonical\" href=\"https:\/\/skaitytaknyga.lt\/en\/produktas\/penki-archetipai\/\" \/>\n<meta property=\"og:locale\" content=\"en_GB\" \/>\n<meta property=\"og:locale:alternate\" content=\"lt_LT\" \/>\n<meta property=\"og:type\" content=\"article\" \/>\n<meta property=\"og:title\" content=\"Penki archetipai\" \/>\n<meta property=\"og:description\" content=\"Tradicin\u0117s kin\u0173 medicinos elementai Medis, Ugnis, \u017dem\u0117, Metalas ir Vanduo yra \u017emogaus prigimties augimo ir vystymosi pagrindas. Manoma, kad jie mums\" \/>\n<meta property=\"og:url\" content=\"https:\/\/skaitytaknyga.lt\/en\/produktas\/penki-archetipai\/\" \/>\n<meta property=\"og:site_name\" content=\"Skaitytaknyga\" \/>\n<meta property=\"article:publisher\" content=\"https:\/\/www.facebook.com\/skaitytaknyga\/\" \/>\n<meta property=\"article:modified_time\" content=\"2025-10-06T08:04:11+00:00\" \/>\n<meta property=\"og:image\" content=\"https:\/\/skaitytaknyga.lt\/wp-content\/uploads\/2025\/10\/Penki-archetipai-1.webp\" \/>\n\t<meta property=\"og:image:width\" content=\"300\" \/>\n\t<meta property=\"og:image:height\" content=\"472\" \/>\n\t<meta property=\"og:image:type\" content=\"image\/webp\" \/>\n<meta name=\"twitter:card\" content=\"summary_large_image\" \/>\n<meta name=\"twitter:label1\" content=\"Estimated reading time\" \/>\n\t<meta name=\"twitter:data1\" content=\"1 minute\" \/>\n<script type=\"application\/ld+json\" class=\"yoast-schema-graph\">{\"@context\":\"https:\/\/schema.org\",\"@graph\":[{\"@type\":\"WebPage\",\"@id\":\"https:\/\/skaitytaknyga.lt\/produktas\/penki-archetipai\/\",\"url\":\"https:\/\/skaitytaknyga.lt\/produktas\/penki-archetipai\/\",\"name\":\"Penki archetipai\",\"isPartOf\":{\"@id\":\"https:\/\/skaitytaknyga.lt\/#website\"},\"primaryImageOfPage\":{\"@id\":\"https:\/\/skaitytaknyga.lt\/produktas\/penki-archetipai\/#primaryimage\"},\"image\":{\"@id\":\"https:\/\/skaitytaknyga.lt\/produktas\/penki-archetipai\/#primaryimage\"},\"thumbnailUrl\":\"https:\/\/skaitytaknyga.lt\/wp-content\/uploads\/2025\/10\/Penki-archetipai-1.webp\",\"datePublished\":\"2025-10-03T05:47:56+00:00\",\"dateModified\":\"2025-10-06T08:04:11+00:00\",\"description\":\"Tradicin\u0117s kin\u0173 medicinos elementai Medis, Ugnis, \u017dem\u0117, Metalas ir Vanduo yra \u017emogaus prigimties augimo ir vystymosi pagrindas. Manoma, kad jie mums\",\"breadcrumb\":{\"@id\":\"https:\/\/skaitytaknyga.lt\/produktas\/penki-archetipai\/#breadcrumb\"},\"inLanguage\":\"en-GB\",\"potentialAction\":[{\"@type\":\"ReadAction\",\"target\":[\"https:\/\/skaitytaknyga.lt\/produktas\/penki-archetipai\/\"]}]},{\"@type\":\"ImageObject\",\"inLanguage\":\"en-GB\",\"@id\":\"https:\/\/skaitytaknyga.lt\/produktas\/penki-archetipai\/#primaryimage\",\"url\":\"https:\/\/skaitytaknyga.lt\/wp-content\/uploads\/2025\/10\/Penki-archetipai-1.webp\",\"contentUrl\":\"https:\/\/skaitytaknyga.lt\/wp-content\/uploads\/2025\/10\/Penki-archetipai-1.webp\",\"width\":300,\"height\":472,\"caption\":\"Penki archetipai\"},{\"@type\":\"BreadcrumbList\",\"@id\":\"https:\/\/skaitytaknyga.lt\/produktas\/penki-archetipai\/#breadcrumb\",\"itemListElement\":[{\"@type\":\"ListItem\",\"position\":1,\"name\":\"Home\",\"item\":\"https:\/\/skaitytaknyga.lt\/\"},{\"@type\":\"ListItem\",\"position\":2,\"name\":\"Parduotuv\u0117\",\"item\":\"https:\/\/skaitytaknyga.lt\/knygu-parduotuve\/\"},{\"@type\":\"ListItem\",\"position\":3,\"name\":\"Penki archetipai\"}]},{\"@type\":\"WebSite\",\"@id\":\"https:\/\/skaitytaknyga.lt\/#website\",\"url\":\"https:\/\/skaitytaknyga.lt\/\",\"name\":\"skaitytaknyga.lt\",\"description\":\"Skaitytaknyga.lt \u2013 tai ma\u017eas \u0161eimos verslas, kuris prasid\u0117jo nuo meil\u0117s knygoms ir siekio i\u0161gelb\u0117ti knygas nuo likimo prie konteinerio. Kas vienam nereikalingas daiktas \u2013 kitam lobis, o mes esame tarpininkai, kurie padeda abiems tapti laimingesniems ???? \u017dinome kaip nelengva i\u0161gyventi ma\u017eiems verslams, tad nuo \u0161iol, \u010dia rasite ir kit\u0173, ma\u017e\u0173 \u0161eim\u0173 versl\u0173, rank\u0173 darbo, dovan\u0173 sau ir artimiesiems.\",\"publisher\":{\"@id\":\"https:\/\/skaitytaknyga.lt\/#organization\"},\"potentialAction\":[{\"@type\":\"SearchAction\",\"target\":{\"@type\":\"EntryPoint\",\"urlTemplate\":\"https:\/\/skaitytaknyga.lt\/?s={search_term_string}\"},\"query-input\":{\"@type\":\"PropertyValueSpecification\",\"valueRequired\":true,\"valueName\":\"search_term_string\"}}],\"inLanguage\":\"en-GB\"},{\"@type\":\"Organization\",\"@id\":\"https:\/\/skaitytaknyga.lt\/#organization\",\"name\":\"skaitytaknyga.lt\",\"url\":\"https:\/\/skaitytaknyga.lt\/\",\"logo\":{\"@type\":\"ImageObject\",\"inLanguage\":\"en-GB\",\"@id\":\"https:\/\/skaitytaknyga.lt\/#\/schema\/logo\/image\/\",\"url\":\"https:\/\/skaitytaknyga.lt\/wp-content\/uploads\/2024\/05\/cropped-cropped-cropped-02_00843_jt3bggkj1j3HLc7SyY6rEUpg.jpeg\",\"contentUrl\":\"https:\/\/skaitytaknyga.lt\/wp-content\/uploads\/2024\/05\/cropped-cropped-cropped-02_00843_jt3bggkj1j3HLc7SyY6rEUpg.jpeg\",\"width\":1600,\"height\":1600,\"caption\":\"skaitytaknyga.lt\"},\"image\":{\"@id\":\"https:\/\/skaitytaknyga.lt\/#\/schema\/logo\/image\/\"},\"sameAs\":[\"https:\/\/www.facebook.com\/skaitytaknyga\/\"]}]}<\/script>\n<!-- \/ Yoast SEO plugin. -->","yoast_head_json":{"title":"Penki archetipai","description":"Tradicin\u0117s kin\u0173 medicinos elementai Medis, Ugnis, \u017dem\u0117, Metalas ir Vanduo yra \u017emogaus prigimties augimo ir vystymosi pagrindas. Manoma, kad jie mums","robots":{"index":"index","follow":"follow","max-snippet":"max-snippet:-1","max-image-preview":"max-image-preview:large","max-video-preview":"max-video-preview:-1"},"canonical":"https:\/\/skaitytaknyga.lt\/en\/produktas\/penki-archetipai\/","og_locale":"en_GB","og_type":"article","og_title":"[:lt]Penki archetipai[:] - Skaitytaknyga","og_description":"Tradicin\u0117s kin\u0173 medicinos elementai Medis, Ugnis, \u017dem\u0117, Metalas ir Vanduo yra \u017emogaus prigimties augimo ir vystymosi pagrindas. Manoma, kad jie mums","og_url":"https:\/\/skaitytaknyga.lt\/en\/produktas\/penki-archetipai\/","og_site_name":"Skaitytaknyga","article_publisher":"https:\/\/www.facebook.com\/skaitytaknyga\/","article_modified_time":"2025-10-06T08:04:11+00:00","og_image":[{"width":300,"height":472,"url":"https:\/\/skaitytaknyga.lt\/wp-content\/uploads\/2025\/10\/Penki-archetipai-1.webp","type":"image\/webp"}],"twitter_card":"summary_large_image","twitter_misc":{"Estimated reading time":"1 minute"},"schema":{"@context":"https:\/\/schema.org","@graph":[{"@type":"WebPage","@id":"https:\/\/skaitytaknyga.lt\/produktas\/penki-archetipai\/","url":"https:\/\/skaitytaknyga.lt\/produktas\/penki-archetipai\/","name":"Penki archetipai","isPartOf":{"@id":"https:\/\/skaitytaknyga.lt\/#website"},"primaryImageOfPage":{"@id":"https:\/\/skaitytaknyga.lt\/produktas\/penki-archetipai\/#primaryimage"},"image":{"@id":"https:\/\/skaitytaknyga.lt\/produktas\/penki-archetipai\/#primaryimage"},"thumbnailUrl":"https:\/\/skaitytaknyga.lt\/wp-content\/uploads\/2025\/10\/Penki-archetipai-1.webp","datePublished":"2025-10-03T05:47:56+00:00","dateModified":"2025-10-06T08:04:11+00:00","description":"Tradicin\u0117s kin\u0173 medicinos elementai Medis, Ugnis, \u017dem\u0117, Metalas ir Vanduo yra \u017emogaus prigimties augimo ir vystymosi pagrindas. Manoma, kad jie mums","breadcrumb":{"@id":"https:\/\/skaitytaknyga.lt\/produktas\/penki-archetipai\/#breadcrumb"},"inLanguage":"en-GB","potentialAction":[{"@type":"ReadAction","target":["https:\/\/skaitytaknyga.lt\/produktas\/penki-archetipai\/"]}]},{"@type":"ImageObject","inLanguage":"en-GB","@id":"https:\/\/skaitytaknyga.lt\/produktas\/penki-archetipai\/#primaryimage","url":"https:\/\/skaitytaknyga.lt\/wp-content\/uploads\/2025\/10\/Penki-archetipai-1.webp","contentUrl":"https:\/\/skaitytaknyga.lt\/wp-content\/uploads\/2025\/10\/Penki-archetipai-1.webp","width":300,"height":472,"caption":"Penki archetipai"},{"@type":"BreadcrumbList","@id":"https:\/\/skaitytaknyga.lt\/produktas\/penki-archetipai\/#breadcrumb","itemListElement":[{"@type":"ListItem","position":1,"name":"Home","item":"https:\/\/skaitytaknyga.lt\/"},{"@type":"ListItem","position":2,"name":"Parduotuv\u0117","item":"https:\/\/skaitytaknyga.lt\/knygu-parduotuve\/"},{"@type":"ListItem","position":3,"name":"Penki archetipai"}]},{"@type":"WebSite","@id":"https:\/\/skaitytaknyga.lt\/#website","url":"https:\/\/skaitytaknyga.lt\/","name":"skaitytaknyga.lt","description":"Skaitytaknyga.lt \u2013 tai ma\u017eas \u0161eimos verslas, kuris prasid\u0117jo nuo meil\u0117s knygoms ir siekio i\u0161gelb\u0117ti knygas nuo likimo prie konteinerio. Kas vienam nereikalingas daiktas \u2013 kitam lobis, o mes esame tarpininkai, kurie padeda abiems tapti laimingesniems ???? \u017dinome kaip nelengva i\u0161gyventi ma\u017eiems verslams, tad nuo \u0161iol, \u010dia rasite ir kit\u0173, ma\u017e\u0173 \u0161eim\u0173 versl\u0173, rank\u0173 darbo, dovan\u0173 sau ir artimiesiems.","publisher":{"@id":"https:\/\/skaitytaknyga.lt\/#organization"},"potentialAction":[{"@type":"SearchAction","target":{"@type":"EntryPoint","urlTemplate":"https:\/\/skaitytaknyga.lt\/?s={search_term_string}"},"query-input":{"@type":"PropertyValueSpecification","valueRequired":true,"valueName":"search_term_string"}}],"inLanguage":"en-GB"},{"@type":"Organization","@id":"https:\/\/skaitytaknyga.lt\/#organization","name":"skaitytaknyga.lt","url":"https:\/\/skaitytaknyga.lt\/","logo":{"@type":"ImageObject","inLanguage":"en-GB","@id":"https:\/\/skaitytaknyga.lt\/#\/schema\/logo\/image\/","url":"https:\/\/skaitytaknyga.lt\/wp-content\/uploads\/2024\/05\/cropped-cropped-cropped-02_00843_jt3bggkj1j3HLc7SyY6rEUpg.jpeg","contentUrl":"https:\/\/skaitytaknyga.lt\/wp-content\/uploads\/2024\/05\/cropped-cropped-cropped-02_00843_jt3bggkj1j3HLc7SyY6rEUpg.jpeg","width":1600,"height":1600,"caption":"skaitytaknyga.lt"},"image":{"@id":"https:\/\/skaitytaknyga.lt\/#\/schema\/logo\/image\/"},"sameAs":["https:\/\/www.facebook.com\/skaitytaknyga\/"]}]}},"_links":{"self":[{"href":"https:\/\/skaitytaknyga.lt\/en\/wp-json\/wp\/v2\/product\/21173","targetHints":{"allow":["GET"]}}],"collection":[{"href":"https:\/\/skaitytaknyga.lt\/en\/wp-json\/wp\/v2\/product"}],"about":[{"href":"https:\/\/skaitytaknyga.lt\/en\/wp-json\/wp\/v2\/types\/product"}],"replies":[{"embeddable":true,"href":"https:\/\/skaitytaknyga.lt\/en\/wp-json\/wp\/v2\/comments?post=21173"}],"wp:featuredmedia":[{"embeddable":true,"href":"https:\/\/skaitytaknyga.lt\/en\/wp-json\/wp\/v2\/media\/21178"}],"wp:attachment":[{"href":"https:\/\/skaitytaknyga.lt\/en\/wp-json\/wp\/v2\/media?parent=21173"}],"wp:term":[{"taxonomy":"product_brand","embeddable":true,"href":"https:\/\/skaitytaknyga.lt\/en\/wp-json\/wp\/v2\/product_brand?post=21173"},{"taxonomy":"product_cat","embeddable":true,"href":"https:\/\/skaitytaknyga.lt\/en\/wp-json\/wp\/v2\/product_cat?post=21173"},{"taxonomy":"product_tag","embeddable":true,"href":"https:\/\/skaitytaknyga.lt\/en\/wp-json\/wp\/v2\/product_tag?post=21173"}],"curies":[{"name":"wp","href":"https:\/\/api.w.org\/{rel}","templated":true}]}}