{"id":21172,"date":"2025-10-03T08:47:56","date_gmt":"2025-10-03T05:47:56","guid":{"rendered":"https:\/\/skaitytaknyga.lt\/?post_type=product&#038;p=21172"},"modified":"2025-10-31T08:03:19","modified_gmt":"2025-10-31T06:03:19","slug":"sestasis-jausmas-ka-ir-kaip-pasakome-be-zodziu","status":"publish","type":"product","link":"https:\/\/skaitytaknyga.lt\/en\/produktas\/sestasis-jausmas-ka-ir-kaip-pasakome-be-zodziu\/","title":{"rendered":"\u0160e\u0161tasis jausmas. K\u0105 ir kaip pasakome be \u017eod\u017ei\u0173"},"content":{"rendered":"<p>Henrikas Fexeus, \u017einomas \u0161ved\u0173 psichologin\u0117s manipuliacijos specialistas, lektorius, bestseleri\u0173 autorius, knygoje \u201e\u0160E\u0160TASIS JAUSMAS\u201c \u0161maik\u0161\u010diai ir \u012ftaigiai kalba apie neverbalin\u012f bendravim\u0105, \u012ftak\u0105, empatij\u0105, dalijasi patarimais, kaip galima pagerinti savo bendravimo \u012fg\u016bd\u017eius.<\/p>\n<p>Jis atskleid\u017eia, kaip elgiasi lyderiai, kokius santykius jie kuria, kaip sugeba u\u017edegti aplinkinius savo id\u0117jomis ir u\u017egesinti konfliktus, jiems dar ne\u012fsiplieskus. \u0160ioje knygoje rasite patarim\u0173, kaip panaudoti savo galimybes ir sukurti visaver\u010dius santykius.<\/p>\n<p>Su\u017einokite:<\/p>\n<p>\u2022 kaip kurti santykius ir daryti \u012ftak\u0105 \u017emon\u0117ms;<br \/>\n\u2022 kaip tinkamai panaudoti naujausias psichologines \u017einias;<br \/>\n\u2022 kaip prisipa\u017einti suklydus;<br \/>\n\u2022 kaip i\u0161mokti atvirai kalb\u0117ti apie savo norus ir jausmus;<br \/>\n\u2022 kaip i\u0161mokti i\u0161klausyti draug\u0105, \u0161eimos nar\u012f ar koleg\u0105;<br \/>\n\u2022 ir kod\u0117l vieniems \u017emon\u0117ms pavyksta sukurti visaver\u010dius santykius, o kitiems ne.<\/p>\n","protected":false},"excerpt":{"rendered":"<p>Henrikas Fexeus, \u017einomas \u0161ved\u0173 psichologin\u0117s manipuliacijos specialistas, lektorius, bestseleri\u0173 autorius, knygoje \u201e\u0160E\u0160TASIS JAUSMAS\u201c \u0161maik\u0161\u010diai ir \u012ftaigiai kalba apie neverbalin\u012f bendravim\u0105, \u012ftak\u0105, empatij\u0105, dalijasi patarimais, kaip galima pagerinti savo bendravimo \u012fg\u016bd\u017eius. Jis atskleid\u017eia, kaip elgiasi lyderiai, kokius santykius jie kuria, kaip sugeba u\u017edegti aplinkinius savo id\u0117jomis ir u\u017egesinti konfliktus, jiems dar ne\u012fsiplieskus. \u0160ioje knygoje rasite patarim\u0173, kaip panaudoti savo galimybes ir sukurti visaver\u010dius santykius. Su\u017einokite: \u2022 kaip kurti santykius ir daryti \u012ftak\u0105 \u017emon\u0117ms; \u2022 kaip tinkamai panaudoti naujausias psichologines \u017einias; \u2022 kaip prisipa\u017einti suklydus; \u2022 kaip i\u0161mokti atvirai kalb\u0117ti apie savo norus ir jausmus; \u2022 kaip i\u0161mokti i\u0161klausyti draug\u0105, \u0161eimos nar\u012f ar koleg\u0105; \u2022 ir kod\u0117l vieniems \u017emon\u0117ms pavyksta sukurti visaver\u010dius santykius, o kitiems ne.<\/p>\n","protected":false},"featured_media":21177,"comment_status":"open","ping_status":"closed","template":"","meta":{"_acf_changed":false,"site-sidebar-layout":"default","site-content-layout":"","ast-site-content-layout":"default","site-content-style":"default","site-sidebar-style":"default","ast-global-header-display":"","ast-banner-title-visibility":"","ast-main-header-display":"","ast-hfb-above-header-display":"","ast-hfb-below-header-display":"","ast-hfb-mobile-header-display":"","site-post-title":"","ast-breadcrumbs-content":"","ast-featured-img":"","footer-sml-layout":"","ast-disable-related-posts":"","theme-transparent-header-meta":"","adv-header-id-meta":"","stick-header-meta":"","header-above-stick-meta":"","header-main-stick-meta":"","header-below-stick-meta":"","astra-migrate-meta-layouts":"default","ast-page-background-enabled":"default","ast-page-background-meta":{"desktop":{"background-color":"","background-image":"","background-repeat":"repeat","background-position":"center center","background-size":"auto","background-attachment":"scroll","background-type":"","background-media":"","overlay-type":"","overlay-color":"","overlay-opacity":"","overlay-gradient":""},"tablet":{"background-color":"","background-image":"","background-repeat":"repeat","background-position":"center center","background-size":"auto","background-attachment":"scroll","background-type":"","background-media":"","overlay-type":"","overlay-color":"","overlay-opacity":"","overlay-gradient":""},"mobile":{"background-color":"","background-image":"","background-repeat":"repeat","background-position":"center center","background-size":"auto","background-attachment":"scroll","background-type":"","background-media":"","overlay-type":"","overlay-color":"","overlay-opacity":"","overlay-gradient":""}},"ast-content-background-meta":{"desktop":{"background-color":"var(--ast-global-color-4)","background-image":"","background-repeat":"repeat","background-position":"center center","background-size":"auto","background-attachment":"scroll","background-type":"","background-media":"","overlay-type":"","overlay-color":"","overlay-opacity":"","overlay-gradient":""},"tablet":{"background-color":"var(--ast-global-color-4)","background-image":"","background-repeat":"repeat","background-position":"center center","background-size":"auto","background-attachment":"scroll","background-type":"","background-media":"","overlay-type":"","overlay-color":"","overlay-opacity":"","overlay-gradient":""},"mobile":{"background-color":"var(--ast-global-color-4)","background-image":"","background-repeat":"repeat","background-position":"center center","background-size":"auto","background-attachment":"scroll","background-type":"","background-media":"","overlay-type":"","overlay-color":"","overlay-opacity":"","overlay-gradient":""}}},"product_brand":[],"product_cat":[30],"product_tag":[2827,4244,1562,1408,3503,2168,1392,1417],"class_list":{"0":"post-21172","1":"product","2":"type-product","3":"status-publish","4":"has-post-thumbnail","6":"product_cat-psichologija-ir-saviugda","7":"product_tag-empatija","8":"product_tag-henrik-fexeus","9":"product_tag-itaka","10":"product_tag-lyderyste","11":"product_tag-manipuliacija","12":"product_tag-neverbaline-komunikacija","13":"product_tag-psichologija","14":"product_tag-santykiai","15":"desktop-align-left","16":"tablet-align-left","17":"mobile-align-left","19":"first","20":"outofstock","21":"shipping-taxable","22":"purchasable","23":"product-type-simple"},"acf":[],"yoast_head":"<!-- This site is optimized with the Yoast SEO plugin v27.0 - https:\/\/yoast.com\/product\/yoast-seo-wordpress\/ -->\n<title>\u0160e\u0161tasis jausmas. K\u0105 ir kaip pasakome be \u017eod\u017ei\u0173<\/title>\n<meta name=\"description\" content=\"Henrikas Fexeus, \u017einomas \u0161ved\u0173 psichologin\u0117s manipuliacijos specialistas, lektorius, bestseleri\u0173 autorius, knygoje \u201e\u0160E\u0160TASIS JAUSMAS\u201c \u0161maik\u0161\u010diai ir\" \/>\n<meta name=\"robots\" content=\"index, follow, max-snippet:-1, max-image-preview:large, max-video-preview:-1\" \/>\n<link rel=\"canonical\" href=\"https:\/\/skaitytaknyga.lt\/en\/produktas\/sestasis-jausmas-ka-ir-kaip-pasakome-be-zodziu\/\" \/>\n<meta property=\"og:locale\" content=\"en_GB\" \/>\n<meta property=\"og:locale:alternate\" content=\"lt_LT\" \/>\n<meta property=\"og:type\" content=\"article\" \/>\n<meta property=\"og:title\" content=\"\u0160e\u0161tasis jausmas. K\u0105 ir kaip pasakome be \u017eod\u017ei\u0173\" \/>\n<meta property=\"og:description\" content=\"Henrikas Fexeus, \u017einomas \u0161ved\u0173 psichologin\u0117s manipuliacijos specialistas, lektorius, bestseleri\u0173 autorius, knygoje \u201e\u0160E\u0160TASIS JAUSMAS\u201c \u0161maik\u0161\u010diai ir\" \/>\n<meta property=\"og:url\" content=\"https:\/\/skaitytaknyga.lt\/en\/produktas\/sestasis-jausmas-ka-ir-kaip-pasakome-be-zodziu\/\" \/>\n<meta property=\"og:site_name\" content=\"Skaitytaknyga\" \/>\n<meta property=\"article:publisher\" content=\"https:\/\/www.facebook.com\/skaitytaknyga\/\" \/>\n<meta property=\"article:modified_time\" content=\"2025-10-31T06:03:19+00:00\" \/>\n<meta property=\"og:image\" content=\"https:\/\/skaitytaknyga.lt\/wp-content\/uploads\/2025\/10\/Sestasis-jausmas.-Ka-ir-kaip-pasakome-be-zodziu-1.webp\" \/>\n\t<meta property=\"og:image:width\" content=\"300\" \/>\n\t<meta property=\"og:image:height\" content=\"446\" \/>\n\t<meta property=\"og:image:type\" content=\"image\/webp\" \/>\n<meta name=\"twitter:card\" content=\"summary_large_image\" \/>\n<meta name=\"twitter:label1\" content=\"Estimated reading time\" \/>\n\t<meta name=\"twitter:data1\" content=\"1 minute\" \/>\n<script type=\"application\/ld+json\" class=\"yoast-schema-graph\">{\"@context\":\"https:\/\/schema.org\",\"@graph\":[{\"@type\":\"WebPage\",\"@id\":\"https:\/\/skaitytaknyga.lt\/produktas\/sestasis-jausmas-ka-ir-kaip-pasakome-be-zodziu\/\",\"url\":\"https:\/\/skaitytaknyga.lt\/produktas\/sestasis-jausmas-ka-ir-kaip-pasakome-be-zodziu\/\",\"name\":\"\u0160e\u0161tasis jausmas. K\u0105 ir kaip pasakome be \u017eod\u017ei\u0173\",\"isPartOf\":{\"@id\":\"https:\/\/skaitytaknyga.lt\/#website\"},\"primaryImageOfPage\":{\"@id\":\"https:\/\/skaitytaknyga.lt\/produktas\/sestasis-jausmas-ka-ir-kaip-pasakome-be-zodziu\/#primaryimage\"},\"image\":{\"@id\":\"https:\/\/skaitytaknyga.lt\/produktas\/sestasis-jausmas-ka-ir-kaip-pasakome-be-zodziu\/#primaryimage\"},\"thumbnailUrl\":\"https:\/\/skaitytaknyga.lt\/wp-content\/uploads\/2025\/10\/Sestasis-jausmas.-Ka-ir-kaip-pasakome-be-zodziu-1.webp\",\"datePublished\":\"2025-10-03T05:47:56+00:00\",\"dateModified\":\"2025-10-31T06:03:19+00:00\",\"description\":\"Henrikas Fexeus, \u017einomas \u0161ved\u0173 psichologin\u0117s manipuliacijos specialistas, lektorius, bestseleri\u0173 autorius, knygoje \u201e\u0160E\u0160TASIS JAUSMAS\u201c \u0161maik\u0161\u010diai ir\",\"breadcrumb\":{\"@id\":\"https:\/\/skaitytaknyga.lt\/produktas\/sestasis-jausmas-ka-ir-kaip-pasakome-be-zodziu\/#breadcrumb\"},\"inLanguage\":\"en-GB\",\"potentialAction\":[{\"@type\":\"ReadAction\",\"target\":[\"https:\/\/skaitytaknyga.lt\/produktas\/sestasis-jausmas-ka-ir-kaip-pasakome-be-zodziu\/\"]}]},{\"@type\":\"ImageObject\",\"inLanguage\":\"en-GB\",\"@id\":\"https:\/\/skaitytaknyga.lt\/produktas\/sestasis-jausmas-ka-ir-kaip-pasakome-be-zodziu\/#primaryimage\",\"url\":\"https:\/\/skaitytaknyga.lt\/wp-content\/uploads\/2025\/10\/Sestasis-jausmas.-Ka-ir-kaip-pasakome-be-zodziu-1.webp\",\"contentUrl\":\"https:\/\/skaitytaknyga.lt\/wp-content\/uploads\/2025\/10\/Sestasis-jausmas.-Ka-ir-kaip-pasakome-be-zodziu-1.webp\",\"width\":300,\"height\":446,\"caption\":\"\u0160e\u0161tasis jausmas. K\u0105 ir kaip pasakome be \u017eod\u017ei\u0173\"},{\"@type\":\"BreadcrumbList\",\"@id\":\"https:\/\/skaitytaknyga.lt\/produktas\/sestasis-jausmas-ka-ir-kaip-pasakome-be-zodziu\/#breadcrumb\",\"itemListElement\":[{\"@type\":\"ListItem\",\"position\":1,\"name\":\"Home\",\"item\":\"https:\/\/skaitytaknyga.lt\/\"},{\"@type\":\"ListItem\",\"position\":2,\"name\":\"Parduotuv\u0117\",\"item\":\"https:\/\/skaitytaknyga.lt\/knygu-parduotuve\/\"},{\"@type\":\"ListItem\",\"position\":3,\"name\":\"\u0160e\u0161tasis jausmas. K\u0105 ir kaip pasakome be \u017eod\u017ei\u0173\"}]},{\"@type\":\"WebSite\",\"@id\":\"https:\/\/skaitytaknyga.lt\/#website\",\"url\":\"https:\/\/skaitytaknyga.lt\/\",\"name\":\"skaitytaknyga.lt\",\"description\":\"Skaitytaknyga.lt \u2013 tai ma\u017eas \u0161eimos verslas, kuris prasid\u0117jo nuo meil\u0117s knygoms ir siekio i\u0161gelb\u0117ti knygas nuo likimo prie konteinerio. Kas vienam nereikalingas daiktas \u2013 kitam lobis, o mes esame tarpininkai, kurie padeda abiems tapti laimingesniems ???? \u017dinome kaip nelengva i\u0161gyventi ma\u017eiems verslams, tad nuo \u0161iol, \u010dia rasite ir kit\u0173, ma\u017e\u0173 \u0161eim\u0173 versl\u0173, rank\u0173 darbo, dovan\u0173 sau ir artimiesiems.\",\"publisher\":{\"@id\":\"https:\/\/skaitytaknyga.lt\/#organization\"},\"potentialAction\":[{\"@type\":\"SearchAction\",\"target\":{\"@type\":\"EntryPoint\",\"urlTemplate\":\"https:\/\/skaitytaknyga.lt\/?s={search_term_string}\"},\"query-input\":{\"@type\":\"PropertyValueSpecification\",\"valueRequired\":true,\"valueName\":\"search_term_string\"}}],\"inLanguage\":\"en-GB\"},{\"@type\":\"Organization\",\"@id\":\"https:\/\/skaitytaknyga.lt\/#organization\",\"name\":\"skaitytaknyga.lt\",\"url\":\"https:\/\/skaitytaknyga.lt\/\",\"logo\":{\"@type\":\"ImageObject\",\"inLanguage\":\"en-GB\",\"@id\":\"https:\/\/skaitytaknyga.lt\/#\/schema\/logo\/image\/\",\"url\":\"https:\/\/skaitytaknyga.lt\/wp-content\/uploads\/2024\/05\/cropped-cropped-cropped-02_00843_jt3bggkj1j3HLc7SyY6rEUpg.jpeg\",\"contentUrl\":\"https:\/\/skaitytaknyga.lt\/wp-content\/uploads\/2024\/05\/cropped-cropped-cropped-02_00843_jt3bggkj1j3HLc7SyY6rEUpg.jpeg\",\"width\":1600,\"height\":1600,\"caption\":\"skaitytaknyga.lt\"},\"image\":{\"@id\":\"https:\/\/skaitytaknyga.lt\/#\/schema\/logo\/image\/\"},\"sameAs\":[\"https:\/\/www.facebook.com\/skaitytaknyga\/\"]}]}<\/script>\n<!-- \/ Yoast SEO plugin. -->","yoast_head_json":{"title":"\u0160e\u0161tasis jausmas. K\u0105 ir kaip pasakome be \u017eod\u017ei\u0173","description":"Henrikas Fexeus, \u017einomas \u0161ved\u0173 psichologin\u0117s manipuliacijos specialistas, lektorius, bestseleri\u0173 autorius, knygoje \u201e\u0160E\u0160TASIS JAUSMAS\u201c \u0161maik\u0161\u010diai ir","robots":{"index":"index","follow":"follow","max-snippet":"max-snippet:-1","max-image-preview":"max-image-preview:large","max-video-preview":"max-video-preview:-1"},"canonical":"https:\/\/skaitytaknyga.lt\/en\/produktas\/sestasis-jausmas-ka-ir-kaip-pasakome-be-zodziu\/","og_locale":"en_GB","og_type":"article","og_title":"[:lt]\u0160e\u0161tasis jausmas. K\u0105 ir kaip pasakome be \u017eod\u017ei\u0173[:] - Skaitytaknyga","og_description":"Henrikas Fexeus, \u017einomas \u0161ved\u0173 psichologin\u0117s manipuliacijos specialistas, lektorius, bestseleri\u0173 autorius, knygoje \u201e\u0160E\u0160TASIS JAUSMAS\u201c \u0161maik\u0161\u010diai ir","og_url":"https:\/\/skaitytaknyga.lt\/en\/produktas\/sestasis-jausmas-ka-ir-kaip-pasakome-be-zodziu\/","og_site_name":"Skaitytaknyga","article_publisher":"https:\/\/www.facebook.com\/skaitytaknyga\/","article_modified_time":"2025-10-31T06:03:19+00:00","og_image":[{"width":300,"height":446,"url":"https:\/\/skaitytaknyga.lt\/wp-content\/uploads\/2025\/10\/Sestasis-jausmas.-Ka-ir-kaip-pasakome-be-zodziu-1.webp","type":"image\/webp"}],"twitter_card":"summary_large_image","twitter_misc":{"Estimated reading time":"1 minute"},"schema":{"@context":"https:\/\/schema.org","@graph":[{"@type":"WebPage","@id":"https:\/\/skaitytaknyga.lt\/produktas\/sestasis-jausmas-ka-ir-kaip-pasakome-be-zodziu\/","url":"https:\/\/skaitytaknyga.lt\/produktas\/sestasis-jausmas-ka-ir-kaip-pasakome-be-zodziu\/","name":"\u0160e\u0161tasis jausmas. K\u0105 ir kaip pasakome be \u017eod\u017ei\u0173","isPartOf":{"@id":"https:\/\/skaitytaknyga.lt\/#website"},"primaryImageOfPage":{"@id":"https:\/\/skaitytaknyga.lt\/produktas\/sestasis-jausmas-ka-ir-kaip-pasakome-be-zodziu\/#primaryimage"},"image":{"@id":"https:\/\/skaitytaknyga.lt\/produktas\/sestasis-jausmas-ka-ir-kaip-pasakome-be-zodziu\/#primaryimage"},"thumbnailUrl":"https:\/\/skaitytaknyga.lt\/wp-content\/uploads\/2025\/10\/Sestasis-jausmas.-Ka-ir-kaip-pasakome-be-zodziu-1.webp","datePublished":"2025-10-03T05:47:56+00:00","dateModified":"2025-10-31T06:03:19+00:00","description":"Henrikas Fexeus, \u017einomas \u0161ved\u0173 psichologin\u0117s manipuliacijos specialistas, lektorius, bestseleri\u0173 autorius, knygoje \u201e\u0160E\u0160TASIS JAUSMAS\u201c \u0161maik\u0161\u010diai ir","breadcrumb":{"@id":"https:\/\/skaitytaknyga.lt\/produktas\/sestasis-jausmas-ka-ir-kaip-pasakome-be-zodziu\/#breadcrumb"},"inLanguage":"en-GB","potentialAction":[{"@type":"ReadAction","target":["https:\/\/skaitytaknyga.lt\/produktas\/sestasis-jausmas-ka-ir-kaip-pasakome-be-zodziu\/"]}]},{"@type":"ImageObject","inLanguage":"en-GB","@id":"https:\/\/skaitytaknyga.lt\/produktas\/sestasis-jausmas-ka-ir-kaip-pasakome-be-zodziu\/#primaryimage","url":"https:\/\/skaitytaknyga.lt\/wp-content\/uploads\/2025\/10\/Sestasis-jausmas.-Ka-ir-kaip-pasakome-be-zodziu-1.webp","contentUrl":"https:\/\/skaitytaknyga.lt\/wp-content\/uploads\/2025\/10\/Sestasis-jausmas.-Ka-ir-kaip-pasakome-be-zodziu-1.webp","width":300,"height":446,"caption":"\u0160e\u0161tasis jausmas. K\u0105 ir kaip pasakome be \u017eod\u017ei\u0173"},{"@type":"BreadcrumbList","@id":"https:\/\/skaitytaknyga.lt\/produktas\/sestasis-jausmas-ka-ir-kaip-pasakome-be-zodziu\/#breadcrumb","itemListElement":[{"@type":"ListItem","position":1,"name":"Home","item":"https:\/\/skaitytaknyga.lt\/"},{"@type":"ListItem","position":2,"name":"Parduotuv\u0117","item":"https:\/\/skaitytaknyga.lt\/knygu-parduotuve\/"},{"@type":"ListItem","position":3,"name":"\u0160e\u0161tasis jausmas. K\u0105 ir kaip pasakome be \u017eod\u017ei\u0173"}]},{"@type":"WebSite","@id":"https:\/\/skaitytaknyga.lt\/#website","url":"https:\/\/skaitytaknyga.lt\/","name":"skaitytaknyga.lt","description":"Skaitytaknyga.lt \u2013 tai ma\u017eas \u0161eimos verslas, kuris prasid\u0117jo nuo meil\u0117s knygoms ir siekio i\u0161gelb\u0117ti knygas nuo likimo prie konteinerio. Kas vienam nereikalingas daiktas \u2013 kitam lobis, o mes esame tarpininkai, kurie padeda abiems tapti laimingesniems ???? \u017dinome kaip nelengva i\u0161gyventi ma\u017eiems verslams, tad nuo \u0161iol, \u010dia rasite ir kit\u0173, ma\u017e\u0173 \u0161eim\u0173 versl\u0173, rank\u0173 darbo, dovan\u0173 sau ir artimiesiems.","publisher":{"@id":"https:\/\/skaitytaknyga.lt\/#organization"},"potentialAction":[{"@type":"SearchAction","target":{"@type":"EntryPoint","urlTemplate":"https:\/\/skaitytaknyga.lt\/?s={search_term_string}"},"query-input":{"@type":"PropertyValueSpecification","valueRequired":true,"valueName":"search_term_string"}}],"inLanguage":"en-GB"},{"@type":"Organization","@id":"https:\/\/skaitytaknyga.lt\/#organization","name":"skaitytaknyga.lt","url":"https:\/\/skaitytaknyga.lt\/","logo":{"@type":"ImageObject","inLanguage":"en-GB","@id":"https:\/\/skaitytaknyga.lt\/#\/schema\/logo\/image\/","url":"https:\/\/skaitytaknyga.lt\/wp-content\/uploads\/2024\/05\/cropped-cropped-cropped-02_00843_jt3bggkj1j3HLc7SyY6rEUpg.jpeg","contentUrl":"https:\/\/skaitytaknyga.lt\/wp-content\/uploads\/2024\/05\/cropped-cropped-cropped-02_00843_jt3bggkj1j3HLc7SyY6rEUpg.jpeg","width":1600,"height":1600,"caption":"skaitytaknyga.lt"},"image":{"@id":"https:\/\/skaitytaknyga.lt\/#\/schema\/logo\/image\/"},"sameAs":["https:\/\/www.facebook.com\/skaitytaknyga\/"]}]}},"_links":{"self":[{"href":"https:\/\/skaitytaknyga.lt\/en\/wp-json\/wp\/v2\/product\/21172","targetHints":{"allow":["GET"]}}],"collection":[{"href":"https:\/\/skaitytaknyga.lt\/en\/wp-json\/wp\/v2\/product"}],"about":[{"href":"https:\/\/skaitytaknyga.lt\/en\/wp-json\/wp\/v2\/types\/product"}],"replies":[{"embeddable":true,"href":"https:\/\/skaitytaknyga.lt\/en\/wp-json\/wp\/v2\/comments?post=21172"}],"wp:featuredmedia":[{"embeddable":true,"href":"https:\/\/skaitytaknyga.lt\/en\/wp-json\/wp\/v2\/media\/21177"}],"wp:attachment":[{"href":"https:\/\/skaitytaknyga.lt\/en\/wp-json\/wp\/v2\/media?parent=21172"}],"wp:term":[{"taxonomy":"product_brand","embeddable":true,"href":"https:\/\/skaitytaknyga.lt\/en\/wp-json\/wp\/v2\/product_brand?post=21172"},{"taxonomy":"product_cat","embeddable":true,"href":"https:\/\/skaitytaknyga.lt\/en\/wp-json\/wp\/v2\/product_cat?post=21172"},{"taxonomy":"product_tag","embeddable":true,"href":"https:\/\/skaitytaknyga.lt\/en\/wp-json\/wp\/v2\/product_tag?post=21172"}],"curies":[{"name":"wp","href":"https:\/\/api.w.org\/{rel}","templated":true}]}}