{"id":21171,"date":"2025-10-03T08:47:56","date_gmt":"2025-10-03T05:47:56","guid":{"rendered":"https:\/\/skaitytaknyga.lt\/?post_type=product&#038;p=21171"},"modified":"2025-11-30T21:41:13","modified_gmt":"2025-11-30T19:41:13","slug":"neistikimybe-nera-banali","status":"publish","type":"product","link":"https:\/\/skaitytaknyga.lt\/en\/produktas\/neistikimybe-nera-banali\/","title":{"rendered":"Nei\u0161tikimyb\u0117 n\u0117ra banali"},"content":{"rendered":"<p>\u201eNei\u0161tikimyb\u0117 n\u0117ra banali\u201c \u2013 tai knyga apie poros ir kiekvieno \u017emogaus intymum\u0105.<\/p>\n<p>Kartais manoma, kad nei\u0161tikimyb\u0117 \u2013 tik \u017eaidimas, ta\u010diau ji gali virsti drama ir i\u0161skirti por\u0105 ar net i\u0161ardyti \u0161eim\u0105. Kita vertus, nesantuokiniai ry\u0161iai skatina pasinerti \u012f svajones. Jie mus nukelia \u012f fantazij\u0173 ir laisv\u0117s pasaul\u012f, kuriame galime u\u017esimir\u0161ti.<\/p>\n<p>Kas i\u0161dr\u012fsta nepaklusti normai \u2013 sulau\u017eyti i\u0161tikimyb\u0119 \u2013 ir kod\u0117l? K\u0105 daryti, kai d\u0117l nei\u0161tikimyb\u0117s santuok\u0105 i\u0161tinka kriz\u0117? Kaip suvokti svetimavim\u0105? Kuo skiriasi vyr\u0173 ir moter\u0173 libido? Kaip patirti vis\u0105 santuokos intymum\u0105? Kokiomis aplinkyb\u0117mis reik\u0117t\u0173 palikti sutuoktin\u012f?<\/p>\n<p>Remdamasis teorin\u0117mis \u017einiomis ir klinikinio darbo patirtimi, autorius mums \u012frodo, kad seksologija, palankiai vertinanti papro\u010di\u0173 laisv\u0117jim\u0105, gali puikiai der\u0117ti su psichologija, kuri didel\u0119 reik\u0161m\u0119 teikia \u017emoni\u0173 geb\u0117jimui atsakingai ir pagarbiai myl\u0117ti.<\/p>\n<p>Yves Dalp\u00e9 (Yvas Dalp\u0117) \u2013 Kvebeke (Kanada) dirbantis psichologas ir klinikinis seksologas. San Fransisko \u017dmoni\u0173 seksualumo tyrim\u0173 institute jis gavo seksologijos daktaro laipsn\u012f. Y. Dalp\u00e9 yra Kvebeko psicholog\u0173 s\u0105jungos, Seksualumo mokslini\u0173 tyrim\u0173 draugijos (Society for the Scientific Study of Sexuality) ir Amerikos grupin\u0117s psichoterapijos asociacijos (American Group Psychotherapy Association) narys. Jau ne vienus metus skaito paskaitas apie poros santykius ir meil\u0119.<\/p>\n","protected":false},"excerpt":{"rendered":"<p>\u201eNei\u0161tikimyb\u0117 n\u0117ra banali\u201c \u2013 tai knyga apie poros ir kiekvieno \u017emogaus intymum\u0105. Kartais manoma, kad nei\u0161tikimyb\u0117 \u2013 tik \u017eaidimas, ta\u010diau ji gali virsti drama ir i\u0161skirti por\u0105 ar net i\u0161ardyti \u0161eim\u0105. Kita vertus, nesantuokiniai ry\u0161iai skatina pasinerti \u012f svajones. Jie mus nukelia \u012f fantazij\u0173 ir laisv\u0117s pasaul\u012f, kuriame galime u\u017esimir\u0161ti. Kas i\u0161dr\u012fsta nepaklusti normai \u2013 sulau\u017eyti i\u0161tikimyb\u0119 \u2013 ir kod\u0117l? K\u0105 daryti, kai d\u0117l nei\u0161tikimyb\u0117s santuok\u0105 i\u0161tinka kriz\u0117? Kaip suvokti svetimavim\u0105? Kuo skiriasi vyr\u0173 ir moter\u0173 libido? Kaip patirti vis\u0105 santuokos intymum\u0105? Kokiomis aplinkyb\u0117mis reik\u0117t\u0173 palikti sutuoktin\u012f? Remdamasis teorin\u0117mis \u017einiomis ir klinikinio darbo patirtimi, autorius mums \u012frodo, kad seksologija, palankiai vertinanti papro\u010di\u0173 laisv\u0117jim\u0105, gali puikiai der\u0117ti su psichologija, kuri didel\u0119 reik\u0161m\u0119 teikia \u017emoni\u0173 geb\u0117jimui atsakingai ir pagarbiai myl\u0117ti. Yves Dalp\u00e9 (Yvas Dalp\u0117) \u2013 Kvebeke (Kanada) dirbantis psichologas ir klinikinis seksologas. San Fransisko \u017dmoni\u0173 seksualumo tyrim\u0173 institute jis gavo seksologijos daktaro laipsn\u012f. Y. Dalp\u00e9 yra Kvebeko psicholog\u0173 s\u0105jungos, Seksualumo mokslini\u0173 tyrim\u0173 draugijos (Society for the Scientific Study of Sexuality) ir Amerikos grupin\u0117s psichoterapijos asociacijos (American Group Psychotherapy Association) narys. Jau ne vienus metus skaito paskaitas apie poros santykius ir meil\u0119.<\/p>\n","protected":false},"featured_media":21176,"comment_status":"open","ping_status":"closed","template":"","meta":{"_acf_changed":false,"site-sidebar-layout":"default","site-content-layout":"","ast-site-content-layout":"default","site-content-style":"default","site-sidebar-style":"default","ast-global-header-display":"","ast-banner-title-visibility":"","ast-main-header-display":"","ast-hfb-above-header-display":"","ast-hfb-below-header-display":"","ast-hfb-mobile-header-display":"","site-post-title":"","ast-breadcrumbs-content":"","ast-featured-img":"","footer-sml-layout":"","ast-disable-related-posts":"","theme-transparent-header-meta":"","adv-header-id-meta":"","stick-header-meta":"","header-above-stick-meta":"","header-main-stick-meta":"","header-below-stick-meta":"","astra-migrate-meta-layouts":"default","ast-page-background-enabled":"default","ast-page-background-meta":{"desktop":{"background-color":"","background-image":"","background-repeat":"repeat","background-position":"center center","background-size":"auto","background-attachment":"scroll","background-type":"","background-media":"","overlay-type":"","overlay-color":"","overlay-opacity":"","overlay-gradient":""},"tablet":{"background-color":"","background-image":"","background-repeat":"repeat","background-position":"center center","background-size":"auto","background-attachment":"scroll","background-type":"","background-media":"","overlay-type":"","overlay-color":"","overlay-opacity":"","overlay-gradient":""},"mobile":{"background-color":"","background-image":"","background-repeat":"repeat","background-position":"center center","background-size":"auto","background-attachment":"scroll","background-type":"","background-media":"","overlay-type":"","overlay-color":"","overlay-opacity":"","overlay-gradient":""}},"ast-content-background-meta":{"desktop":{"background-color":"var(--ast-global-color-4)","background-image":"","background-repeat":"repeat","background-position":"center center","background-size":"auto","background-attachment":"scroll","background-type":"","background-media":"","overlay-type":"","overlay-color":"","overlay-opacity":"","overlay-gradient":""},"tablet":{"background-color":"var(--ast-global-color-4)","background-image":"","background-repeat":"repeat","background-position":"center center","background-size":"auto","background-attachment":"scroll","background-type":"","background-media":"","overlay-type":"","overlay-color":"","overlay-opacity":"","overlay-gradient":""},"mobile":{"background-color":"var(--ast-global-color-4)","background-image":"","background-repeat":"repeat","background-position":"center center","background-size":"auto","background-attachment":"scroll","background-type":"","background-media":"","overlay-type":"","overlay-color":"","overlay-opacity":"","overlay-gradient":""}}},"product_brand":[],"product_cat":[30],"product_tag":[2360,1796,3483,1392,2745,1417,1646,8377,8376],"class_list":{"0":"post-21171","1":"product","2":"type-product","3":"status-publish","4":"has-post-thumbnail","6":"product_cat-psichologija-ir-saviugda","7":"product_tag-intymumas","8":"product_tag-meile","9":"product_tag-neistikimybe","10":"product_tag-psichologija","11":"product_tag-santuoka","12":"product_tag-santykiai","13":"product_tag-seima","14":"product_tag-seksologija","15":"product_tag-yves-dalpe","16":"desktop-align-left","17":"tablet-align-left","18":"mobile-align-left","20":"first","21":"outofstock","22":"shipping-taxable","23":"purchasable","24":"product-type-simple"},"acf":[],"yoast_head":"<!-- This site is optimized with the Yoast SEO plugin v27.0 - https:\/\/yoast.com\/product\/yoast-seo-wordpress\/ -->\n<title>Nei\u0161tikimyb\u0117 n\u0117ra banali<\/title>\n<meta name=\"description\" content=\"\u201eNei\u0161tikimyb\u0117 n\u0117ra banali\u201c \u2013 tai knyga apie poros ir kiekvieno \u017emogaus intymum\u0105. Kartais manoma, kad nei\u0161tikimyb\u0117 \u2013 tik \u017eaidimas, ta\u010diau ji gali virsti\" \/>\n<meta name=\"robots\" content=\"index, follow, max-snippet:-1, max-image-preview:large, max-video-preview:-1\" \/>\n<link rel=\"canonical\" href=\"https:\/\/skaitytaknyga.lt\/en\/produktas\/neistikimybe-nera-banali\/\" \/>\n<meta property=\"og:locale\" content=\"en_GB\" \/>\n<meta property=\"og:locale:alternate\" content=\"lt_LT\" \/>\n<meta property=\"og:type\" content=\"article\" \/>\n<meta property=\"og:title\" content=\"Nei\u0161tikimyb\u0117 n\u0117ra banali\" \/>\n<meta property=\"og:description\" content=\"\u201eNei\u0161tikimyb\u0117 n\u0117ra banali\u201c \u2013 tai knyga apie poros ir kiekvieno \u017emogaus intymum\u0105. Kartais manoma, kad nei\u0161tikimyb\u0117 \u2013 tik \u017eaidimas, ta\u010diau ji gali virsti\" \/>\n<meta property=\"og:url\" content=\"https:\/\/skaitytaknyga.lt\/en\/produktas\/neistikimybe-nera-banali\/\" \/>\n<meta property=\"og:site_name\" content=\"Skaitytaknyga\" \/>\n<meta property=\"article:publisher\" content=\"https:\/\/www.facebook.com\/skaitytaknyga\/\" \/>\n<meta property=\"article:modified_time\" content=\"2025-11-30T19:41:13+00:00\" \/>\n<meta property=\"og:image\" content=\"https:\/\/skaitytaknyga.lt\/wp-content\/uploads\/2025\/10\/Neistikimybe-nera-banali-1.webp\" \/>\n\t<meta property=\"og:image:width\" content=\"300\" \/>\n\t<meta property=\"og:image:height\" content=\"432\" \/>\n\t<meta property=\"og:image:type\" content=\"image\/webp\" \/>\n<meta name=\"twitter:card\" content=\"summary_large_image\" \/>\n<meta name=\"twitter:label1\" content=\"Estimated reading time\" \/>\n\t<meta name=\"twitter:data1\" content=\"1 minute\" \/>\n<script type=\"application\/ld+json\" class=\"yoast-schema-graph\">{\"@context\":\"https:\/\/schema.org\",\"@graph\":[{\"@type\":\"WebPage\",\"@id\":\"https:\/\/skaitytaknyga.lt\/produktas\/neistikimybe-nera-banali\/\",\"url\":\"https:\/\/skaitytaknyga.lt\/produktas\/neistikimybe-nera-banali\/\",\"name\":\"Nei\u0161tikimyb\u0117 n\u0117ra banali\",\"isPartOf\":{\"@id\":\"https:\/\/skaitytaknyga.lt\/#website\"},\"primaryImageOfPage\":{\"@id\":\"https:\/\/skaitytaknyga.lt\/produktas\/neistikimybe-nera-banali\/#primaryimage\"},\"image\":{\"@id\":\"https:\/\/skaitytaknyga.lt\/produktas\/neistikimybe-nera-banali\/#primaryimage\"},\"thumbnailUrl\":\"https:\/\/skaitytaknyga.lt\/wp-content\/uploads\/2025\/10\/Neistikimybe-nera-banali-1.webp\",\"datePublished\":\"2025-10-03T05:47:56+00:00\",\"dateModified\":\"2025-11-30T19:41:13+00:00\",\"description\":\"\u201eNei\u0161tikimyb\u0117 n\u0117ra banali\u201c \u2013 tai knyga apie poros ir kiekvieno \u017emogaus intymum\u0105. Kartais manoma, kad nei\u0161tikimyb\u0117 \u2013 tik \u017eaidimas, ta\u010diau ji gali virsti\",\"breadcrumb\":{\"@id\":\"https:\/\/skaitytaknyga.lt\/produktas\/neistikimybe-nera-banali\/#breadcrumb\"},\"inLanguage\":\"en-GB\",\"potentialAction\":[{\"@type\":\"ReadAction\",\"target\":[\"https:\/\/skaitytaknyga.lt\/produktas\/neistikimybe-nera-banali\/\"]}]},{\"@type\":\"ImageObject\",\"inLanguage\":\"en-GB\",\"@id\":\"https:\/\/skaitytaknyga.lt\/produktas\/neistikimybe-nera-banali\/#primaryimage\",\"url\":\"https:\/\/skaitytaknyga.lt\/wp-content\/uploads\/2025\/10\/Neistikimybe-nera-banali-1.webp\",\"contentUrl\":\"https:\/\/skaitytaknyga.lt\/wp-content\/uploads\/2025\/10\/Neistikimybe-nera-banali-1.webp\",\"width\":300,\"height\":432},{\"@type\":\"BreadcrumbList\",\"@id\":\"https:\/\/skaitytaknyga.lt\/produktas\/neistikimybe-nera-banali\/#breadcrumb\",\"itemListElement\":[{\"@type\":\"ListItem\",\"position\":1,\"name\":\"Home\",\"item\":\"https:\/\/skaitytaknyga.lt\/\"},{\"@type\":\"ListItem\",\"position\":2,\"name\":\"Parduotuv\u0117\",\"item\":\"https:\/\/skaitytaknyga.lt\/knygu-parduotuve\/\"},{\"@type\":\"ListItem\",\"position\":3,\"name\":\"Nei\u0161tikimyb\u0117 n\u0117ra banali\"}]},{\"@type\":\"WebSite\",\"@id\":\"https:\/\/skaitytaknyga.lt\/#website\",\"url\":\"https:\/\/skaitytaknyga.lt\/\",\"name\":\"skaitytaknyga.lt\",\"description\":\"Skaitytaknyga.lt \u2013 tai ma\u017eas \u0161eimos verslas, kuris prasid\u0117jo nuo meil\u0117s knygoms ir siekio i\u0161gelb\u0117ti knygas nuo likimo prie konteinerio. Kas vienam nereikalingas daiktas \u2013 kitam lobis, o mes esame tarpininkai, kurie padeda abiems tapti laimingesniems ???? \u017dinome kaip nelengva i\u0161gyventi ma\u017eiems verslams, tad nuo \u0161iol, \u010dia rasite ir kit\u0173, ma\u017e\u0173 \u0161eim\u0173 versl\u0173, rank\u0173 darbo, dovan\u0173 sau ir artimiesiems.\",\"publisher\":{\"@id\":\"https:\/\/skaitytaknyga.lt\/#organization\"},\"potentialAction\":[{\"@type\":\"SearchAction\",\"target\":{\"@type\":\"EntryPoint\",\"urlTemplate\":\"https:\/\/skaitytaknyga.lt\/?s={search_term_string}\"},\"query-input\":{\"@type\":\"PropertyValueSpecification\",\"valueRequired\":true,\"valueName\":\"search_term_string\"}}],\"inLanguage\":\"en-GB\"},{\"@type\":\"Organization\",\"@id\":\"https:\/\/skaitytaknyga.lt\/#organization\",\"name\":\"skaitytaknyga.lt\",\"url\":\"https:\/\/skaitytaknyga.lt\/\",\"logo\":{\"@type\":\"ImageObject\",\"inLanguage\":\"en-GB\",\"@id\":\"https:\/\/skaitytaknyga.lt\/#\/schema\/logo\/image\/\",\"url\":\"https:\/\/skaitytaknyga.lt\/wp-content\/uploads\/2024\/05\/cropped-cropped-cropped-02_00843_jt3bggkj1j3HLc7SyY6rEUpg.jpeg\",\"contentUrl\":\"https:\/\/skaitytaknyga.lt\/wp-content\/uploads\/2024\/05\/cropped-cropped-cropped-02_00843_jt3bggkj1j3HLc7SyY6rEUpg.jpeg\",\"width\":1600,\"height\":1600,\"caption\":\"skaitytaknyga.lt\"},\"image\":{\"@id\":\"https:\/\/skaitytaknyga.lt\/#\/schema\/logo\/image\/\"},\"sameAs\":[\"https:\/\/www.facebook.com\/skaitytaknyga\/\"]}]}<\/script>\n<!-- \/ Yoast SEO plugin. -->","yoast_head_json":{"title":"Nei\u0161tikimyb\u0117 n\u0117ra banali","description":"\u201eNei\u0161tikimyb\u0117 n\u0117ra banali\u201c \u2013 tai knyga apie poros ir kiekvieno \u017emogaus intymum\u0105. Kartais manoma, kad nei\u0161tikimyb\u0117 \u2013 tik \u017eaidimas, ta\u010diau ji gali virsti","robots":{"index":"index","follow":"follow","max-snippet":"max-snippet:-1","max-image-preview":"max-image-preview:large","max-video-preview":"max-video-preview:-1"},"canonical":"https:\/\/skaitytaknyga.lt\/en\/produktas\/neistikimybe-nera-banali\/","og_locale":"en_GB","og_type":"article","og_title":"[:lt]Nei\u0161tikimyb\u0117 n\u0117ra banali[:] - Skaitytaknyga","og_description":"\u201eNei\u0161tikimyb\u0117 n\u0117ra banali\u201c \u2013 tai knyga apie poros ir kiekvieno \u017emogaus intymum\u0105. Kartais manoma, kad nei\u0161tikimyb\u0117 \u2013 tik \u017eaidimas, ta\u010diau ji gali virsti","og_url":"https:\/\/skaitytaknyga.lt\/en\/produktas\/neistikimybe-nera-banali\/","og_site_name":"Skaitytaknyga","article_publisher":"https:\/\/www.facebook.com\/skaitytaknyga\/","article_modified_time":"2025-11-30T19:41:13+00:00","og_image":[{"width":300,"height":432,"url":"https:\/\/skaitytaknyga.lt\/wp-content\/uploads\/2025\/10\/Neistikimybe-nera-banali-1.webp","type":"image\/webp"}],"twitter_card":"summary_large_image","twitter_misc":{"Estimated reading time":"1 minute"},"schema":{"@context":"https:\/\/schema.org","@graph":[{"@type":"WebPage","@id":"https:\/\/skaitytaknyga.lt\/produktas\/neistikimybe-nera-banali\/","url":"https:\/\/skaitytaknyga.lt\/produktas\/neistikimybe-nera-banali\/","name":"Nei\u0161tikimyb\u0117 n\u0117ra banali","isPartOf":{"@id":"https:\/\/skaitytaknyga.lt\/#website"},"primaryImageOfPage":{"@id":"https:\/\/skaitytaknyga.lt\/produktas\/neistikimybe-nera-banali\/#primaryimage"},"image":{"@id":"https:\/\/skaitytaknyga.lt\/produktas\/neistikimybe-nera-banali\/#primaryimage"},"thumbnailUrl":"https:\/\/skaitytaknyga.lt\/wp-content\/uploads\/2025\/10\/Neistikimybe-nera-banali-1.webp","datePublished":"2025-10-03T05:47:56+00:00","dateModified":"2025-11-30T19:41:13+00:00","description":"\u201eNei\u0161tikimyb\u0117 n\u0117ra banali\u201c \u2013 tai knyga apie poros ir kiekvieno \u017emogaus intymum\u0105. Kartais manoma, kad nei\u0161tikimyb\u0117 \u2013 tik \u017eaidimas, ta\u010diau ji gali virsti","breadcrumb":{"@id":"https:\/\/skaitytaknyga.lt\/produktas\/neistikimybe-nera-banali\/#breadcrumb"},"inLanguage":"en-GB","potentialAction":[{"@type":"ReadAction","target":["https:\/\/skaitytaknyga.lt\/produktas\/neistikimybe-nera-banali\/"]}]},{"@type":"ImageObject","inLanguage":"en-GB","@id":"https:\/\/skaitytaknyga.lt\/produktas\/neistikimybe-nera-banali\/#primaryimage","url":"https:\/\/skaitytaknyga.lt\/wp-content\/uploads\/2025\/10\/Neistikimybe-nera-banali-1.webp","contentUrl":"https:\/\/skaitytaknyga.lt\/wp-content\/uploads\/2025\/10\/Neistikimybe-nera-banali-1.webp","width":300,"height":432},{"@type":"BreadcrumbList","@id":"https:\/\/skaitytaknyga.lt\/produktas\/neistikimybe-nera-banali\/#breadcrumb","itemListElement":[{"@type":"ListItem","position":1,"name":"Home","item":"https:\/\/skaitytaknyga.lt\/"},{"@type":"ListItem","position":2,"name":"Parduotuv\u0117","item":"https:\/\/skaitytaknyga.lt\/knygu-parduotuve\/"},{"@type":"ListItem","position":3,"name":"Nei\u0161tikimyb\u0117 n\u0117ra banali"}]},{"@type":"WebSite","@id":"https:\/\/skaitytaknyga.lt\/#website","url":"https:\/\/skaitytaknyga.lt\/","name":"skaitytaknyga.lt","description":"Skaitytaknyga.lt \u2013 tai ma\u017eas \u0161eimos verslas, kuris prasid\u0117jo nuo meil\u0117s knygoms ir siekio i\u0161gelb\u0117ti knygas nuo likimo prie konteinerio. Kas vienam nereikalingas daiktas \u2013 kitam lobis, o mes esame tarpininkai, kurie padeda abiems tapti laimingesniems ???? \u017dinome kaip nelengva i\u0161gyventi ma\u017eiems verslams, tad nuo \u0161iol, \u010dia rasite ir kit\u0173, ma\u017e\u0173 \u0161eim\u0173 versl\u0173, rank\u0173 darbo, dovan\u0173 sau ir artimiesiems.","publisher":{"@id":"https:\/\/skaitytaknyga.lt\/#organization"},"potentialAction":[{"@type":"SearchAction","target":{"@type":"EntryPoint","urlTemplate":"https:\/\/skaitytaknyga.lt\/?s={search_term_string}"},"query-input":{"@type":"PropertyValueSpecification","valueRequired":true,"valueName":"search_term_string"}}],"inLanguage":"en-GB"},{"@type":"Organization","@id":"https:\/\/skaitytaknyga.lt\/#organization","name":"skaitytaknyga.lt","url":"https:\/\/skaitytaknyga.lt\/","logo":{"@type":"ImageObject","inLanguage":"en-GB","@id":"https:\/\/skaitytaknyga.lt\/#\/schema\/logo\/image\/","url":"https:\/\/skaitytaknyga.lt\/wp-content\/uploads\/2024\/05\/cropped-cropped-cropped-02_00843_jt3bggkj1j3HLc7SyY6rEUpg.jpeg","contentUrl":"https:\/\/skaitytaknyga.lt\/wp-content\/uploads\/2024\/05\/cropped-cropped-cropped-02_00843_jt3bggkj1j3HLc7SyY6rEUpg.jpeg","width":1600,"height":1600,"caption":"skaitytaknyga.lt"},"image":{"@id":"https:\/\/skaitytaknyga.lt\/#\/schema\/logo\/image\/"},"sameAs":["https:\/\/www.facebook.com\/skaitytaknyga\/"]}]}},"_links":{"self":[{"href":"https:\/\/skaitytaknyga.lt\/en\/wp-json\/wp\/v2\/product\/21171","targetHints":{"allow":["GET"]}}],"collection":[{"href":"https:\/\/skaitytaknyga.lt\/en\/wp-json\/wp\/v2\/product"}],"about":[{"href":"https:\/\/skaitytaknyga.lt\/en\/wp-json\/wp\/v2\/types\/product"}],"replies":[{"embeddable":true,"href":"https:\/\/skaitytaknyga.lt\/en\/wp-json\/wp\/v2\/comments?post=21171"}],"wp:featuredmedia":[{"embeddable":true,"href":"https:\/\/skaitytaknyga.lt\/en\/wp-json\/wp\/v2\/media\/21176"}],"wp:attachment":[{"href":"https:\/\/skaitytaknyga.lt\/en\/wp-json\/wp\/v2\/media?parent=21171"}],"wp:term":[{"taxonomy":"product_brand","embeddable":true,"href":"https:\/\/skaitytaknyga.lt\/en\/wp-json\/wp\/v2\/product_brand?post=21171"},{"taxonomy":"product_cat","embeddable":true,"href":"https:\/\/skaitytaknyga.lt\/en\/wp-json\/wp\/v2\/product_cat?post=21171"},{"taxonomy":"product_tag","embeddable":true,"href":"https:\/\/skaitytaknyga.lt\/en\/wp-json\/wp\/v2\/product_tag?post=21171"}],"curies":[{"name":"wp","href":"https:\/\/api.w.org\/{rel}","templated":true}]}}