{"id":21169,"date":"2025-10-03T08:47:55","date_gmt":"2025-10-03T05:47:55","guid":{"rendered":"https:\/\/skaitytaknyga.lt\/?post_type=product&#038;p=21169"},"modified":"2026-03-05T13:10:01","modified_gmt":"2026-03-05T11:10:01","slug":"verite","status":"publish","type":"product","link":"https:\/\/skaitytaknyga.lt\/en\/produktas\/verite\/","title":{"rendered":"Verit\u0117"},"content":{"rendered":"<p>I\u0161skirtinis leidimas su specialiu autor\u0117s kreipimusi \u012f skaitytojus ir nauju intriguojan\u010diu epilogu!<\/p>\n<p>Pastarieji keli m\u0117nesiai jaunai ra\u0161ytojai Luenai E\u0161li buvo nelengvi: ji neteko motinos, s\u0105skaitoje liko vos keli doleriai, o prie nuomojamo buto dur\u0173 jau kelinta diena prilipintas i\u0161kraustymo prane\u0161imas. Tad, pasitaikius progai u\u017esidirbti, mergina sutinka imtis ne\u012fprasto darbo: garsios trileri\u0173 ra\u0161ytojos Verit\u0117s Kroford vyras pasamdo j\u0105 u\u017ebaigti itin s\u0117kmingos knyg\u0173 serijos, nes jo \u017emona po automobilio avarijos nebepaj\u0117gia ra\u0161yti pati.<\/p>\n<p>Atvykusi \u012f Kroford\u0173 namus, Luena imasi nagrin\u0117ti kalnus Verit\u0117s u\u017era\u0161\u0173. Netik\u0117tai tarp popieri\u0173 \u0161\u016bsnies ji randa skaud\u017ei\u0105 ir iki menkiausi\u0173 detali\u0173 atvir\u0105 garsiosios ra\u0161ytojos autobiografij\u0105 nuo dienos, kai sutiko vyr\u0105 D\u017eerem\u012f, iki negr\u012f\u017etamai visos \u0161eimos gyvenim\u0105 pakeitusio \u012fvykio \u2013 pirmosios dukters \u017e\u016bties.<\/p>\n<p>D\u017eeremiui apie rast\u0105 rankra\u0161t\u012f Luena neprasitaria: be u\u017euolank\u0173 i\u0161berti Verit\u0117s prisipa\u017einimai gedin\u010diam t\u0117vui tapt\u0173 per dideliu sm\u016bgiu. Bet pama\u017eu ji supranta, kad, vis daugiau laiko leisdama su D\u017eeremiu, ima jam jausti \u0161\u012f t\u0105 smarkiau nei lengvas potraukis. Jei D\u017eeremis perskaityt\u0173 bent kelis rankra\u0161\u010dio puslapius, jei su\u017einot\u0173 bent vien\u0105 kraupi\u0105 detal\u0119 apie Verit\u0119, juk nebegal\u0117t\u0173 \u017evelgti \u012f \u017emon\u0105 tokiu i\u0161tikimu ir atsidavusiu \u017evilgsniu kaip iki \u0161iol, tiesa?..<\/p>\n","protected":false},"excerpt":{"rendered":"<p>I\u0161skirtinis leidimas su specialiu autor\u0117s kreipimusi \u012f skaitytojus ir nauju intriguojan\u010diu epilogu! Pastarieji keli m\u0117nesiai jaunai ra\u0161ytojai Luenai E\u0161li buvo nelengvi: ji neteko motinos, s\u0105skaitoje liko vos keli doleriai, o prie nuomojamo buto dur\u0173 jau kelinta diena prilipintas i\u0161kraustymo prane\u0161imas. Tad, pasitaikius progai u\u017esidirbti, mergina sutinka imtis ne\u012fprasto darbo: garsios trileri\u0173 ra\u0161ytojos Verit\u0117s Kroford vyras pasamdo j\u0105 u\u017ebaigti itin s\u0117kmingos knyg\u0173 serijos, nes jo \u017emona po automobilio avarijos nebepaj\u0117gia ra\u0161yti pati. Atvykusi \u012f Kroford\u0173 namus, Luena imasi nagrin\u0117ti kalnus Verit\u0117s u\u017era\u0161\u0173. Netik\u0117tai tarp popieri\u0173 \u0161\u016bsnies ji randa skaud\u017ei\u0105 ir iki menkiausi\u0173 detali\u0173 atvir\u0105 garsiosios ra\u0161ytojos autobiografij\u0105 nuo dienos, kai sutiko vyr\u0105 D\u017eerem\u012f, iki negr\u012f\u017etamai visos \u0161eimos gyvenim\u0105 pakeitusio \u012fvykio \u2013 pirmosios dukters \u017e\u016bties. D\u017eeremiui apie rast\u0105 rankra\u0161t\u012f Luena neprasitaria: be u\u017euolank\u0173 i\u0161berti Verit\u0117s prisipa\u017einimai gedin\u010diam t\u0117vui tapt\u0173 per dideliu sm\u016bgiu. Bet pama\u017eu ji supranta, kad, vis daugiau laiko leisdama su D\u017eeremiu, ima jam jausti \u0161\u012f t\u0105 smarkiau nei lengvas potraukis. Jei D\u017eeremis perskaityt\u0173 bent kelis rankra\u0161\u010dio puslapius, jei su\u017einot\u0173 bent vien\u0105 kraupi\u0105 detal\u0119 apie Verit\u0119, juk nebegal\u0117t\u0173 \u017evelgti \u012f \u017emon\u0105 tokiu i\u0161tikimu ir atsidavusiu \u017evilgsniu kaip iki \u0161iol, tiesa?..<\/p>\n","protected":false},"featured_media":21175,"comment_status":"open","ping_status":"closed","template":"","meta":{"_acf_changed":false,"site-sidebar-layout":"default","site-content-layout":"","ast-site-content-layout":"default","site-content-style":"default","site-sidebar-style":"default","ast-global-header-display":"","ast-banner-title-visibility":"","ast-main-header-display":"","ast-hfb-above-header-display":"","ast-hfb-below-header-display":"","ast-hfb-mobile-header-display":"","site-post-title":"","ast-breadcrumbs-content":"","ast-featured-img":"","footer-sml-layout":"","ast-disable-related-posts":"","theme-transparent-header-meta":"","adv-header-id-meta":"","stick-header-meta":"","header-above-stick-meta":"","header-main-stick-meta":"","header-below-stick-meta":"","astra-migrate-meta-layouts":"default","ast-page-background-enabled":"default","ast-page-background-meta":{"desktop":{"background-color":"","background-image":"","background-repeat":"repeat","background-position":"center center","background-size":"auto","background-attachment":"scroll","background-type":"","background-media":"","overlay-type":"","overlay-color":"","overlay-opacity":"","overlay-gradient":""},"tablet":{"background-color":"","background-image":"","background-repeat":"repeat","background-position":"center center","background-size":"auto","background-attachment":"scroll","background-type":"","background-media":"","overlay-type":"","overlay-color":"","overlay-opacity":"","overlay-gradient":""},"mobile":{"background-color":"","background-image":"","background-repeat":"repeat","background-position":"center center","background-size":"auto","background-attachment":"scroll","background-type":"","background-media":"","overlay-type":"","overlay-color":"","overlay-opacity":"","overlay-gradient":""}},"ast-content-background-meta":{"desktop":{"background-color":"var(--ast-global-color-4)","background-image":"","background-repeat":"repeat","background-position":"center center","background-size":"auto","background-attachment":"scroll","background-type":"","background-media":"","overlay-type":"","overlay-color":"","overlay-opacity":"","overlay-gradient":""},"tablet":{"background-color":"var(--ast-global-color-4)","background-image":"","background-repeat":"repeat","background-position":"center center","background-size":"auto","background-attachment":"scroll","background-type":"","background-media":"","overlay-type":"","overlay-color":"","overlay-opacity":"","overlay-gradient":""},"mobile":{"background-color":"var(--ast-global-color-4)","background-image":"","background-repeat":"repeat","background-position":"center center","background-size":"auto","background-attachment":"scroll","background-type":"","background-media":"","overlay-type":"","overlay-color":"","overlay-opacity":"","overlay-gradient":""}}},"product_brand":[],"product_cat":[9580],"product_tag":[2489,1796,1392,1587],"class_list":{"0":"post-21169","1":"product","2":"type-product","3":"status-publish","4":"has-post-thumbnail","6":"product_cat-psichologiniai-detektyvai","7":"product_tag-jaunimo-literatura","8":"product_tag-meile","9":"product_tag-psichologija","10":"product_tag-trileris","11":"desktop-align-left","12":"tablet-align-left","13":"mobile-align-left","15":"first","16":"instock","17":"shipping-taxable","18":"purchasable","19":"product-type-simple"},"acf":[],"yoast_head":"<!-- This site is optimized with the Yoast SEO plugin v27.0 - https:\/\/yoast.com\/product\/yoast-seo-wordpress\/ -->\n<title>Verit\u0117<\/title>\n<meta name=\"description\" content=\"I\u0161skirtinis leidimas su specialiu autor\u0117s kreipimusi \u012f skaitytojus ir nauju intriguojan\u010diu epilogu! Pastarieji keli m\u0117nesiai jaunai ra\u0161ytojai Luenai E\u0161li\" \/>\n<meta name=\"robots\" content=\"index, follow, max-snippet:-1, max-image-preview:large, max-video-preview:-1\" \/>\n<link rel=\"canonical\" href=\"https:\/\/skaitytaknyga.lt\/en\/produktas\/verite\/\" \/>\n<meta property=\"og:locale\" content=\"en_GB\" \/>\n<meta property=\"og:locale:alternate\" content=\"lt_LT\" \/>\n<meta property=\"og:type\" content=\"article\" \/>\n<meta property=\"og:title\" content=\"Verit\u0117\" \/>\n<meta property=\"og:description\" content=\"I\u0161skirtinis leidimas su specialiu autor\u0117s kreipimusi \u012f skaitytojus ir nauju intriguojan\u010diu epilogu! Pastarieji keli m\u0117nesiai jaunai ra\u0161ytojai Luenai E\u0161li\" \/>\n<meta property=\"og:url\" content=\"https:\/\/skaitytaknyga.lt\/en\/produktas\/verite\/\" \/>\n<meta property=\"og:site_name\" content=\"Skaitytaknyga\" \/>\n<meta property=\"article:publisher\" content=\"https:\/\/www.facebook.com\/skaitytaknyga\/\" \/>\n<meta property=\"article:modified_time\" content=\"2026-03-05T11:10:01+00:00\" \/>\n<meta property=\"og:image\" content=\"https:\/\/skaitytaknyga.lt\/wp-content\/uploads\/2025\/10\/Verite-1.webp\" \/>\n\t<meta property=\"og:image:width\" content=\"300\" \/>\n\t<meta property=\"og:image:height\" content=\"435\" \/>\n\t<meta property=\"og:image:type\" content=\"image\/webp\" \/>\n<meta name=\"twitter:card\" content=\"summary_large_image\" \/>\n<meta name=\"twitter:label1\" content=\"Estimated reading time\" \/>\n\t<meta name=\"twitter:data1\" content=\"1 minute\" \/>\n<script type=\"application\/ld+json\" class=\"yoast-schema-graph\">{\"@context\":\"https:\/\/schema.org\",\"@graph\":[{\"@type\":\"WebPage\",\"@id\":\"https:\/\/skaitytaknyga.lt\/produktas\/verite\/\",\"url\":\"https:\/\/skaitytaknyga.lt\/produktas\/verite\/\",\"name\":\"Verit\u0117\",\"isPartOf\":{\"@id\":\"https:\/\/skaitytaknyga.lt\/#website\"},\"primaryImageOfPage\":{\"@id\":\"https:\/\/skaitytaknyga.lt\/produktas\/verite\/#primaryimage\"},\"image\":{\"@id\":\"https:\/\/skaitytaknyga.lt\/produktas\/verite\/#primaryimage\"},\"thumbnailUrl\":\"https:\/\/skaitytaknyga.lt\/wp-content\/uploads\/2025\/10\/Verite-1.webp\",\"datePublished\":\"2025-10-03T05:47:55+00:00\",\"dateModified\":\"2026-03-05T11:10:01+00:00\",\"description\":\"I\u0161skirtinis leidimas su specialiu autor\u0117s kreipimusi \u012f skaitytojus ir nauju intriguojan\u010diu epilogu! Pastarieji keli m\u0117nesiai jaunai ra\u0161ytojai Luenai E\u0161li\",\"breadcrumb\":{\"@id\":\"https:\/\/skaitytaknyga.lt\/produktas\/verite\/#breadcrumb\"},\"inLanguage\":\"en-GB\",\"potentialAction\":[{\"@type\":\"ReadAction\",\"target\":[\"https:\/\/skaitytaknyga.lt\/produktas\/verite\/\"]}]},{\"@type\":\"ImageObject\",\"inLanguage\":\"en-GB\",\"@id\":\"https:\/\/skaitytaknyga.lt\/produktas\/verite\/#primaryimage\",\"url\":\"https:\/\/skaitytaknyga.lt\/wp-content\/uploads\/2025\/10\/Verite-1.webp\",\"contentUrl\":\"https:\/\/skaitytaknyga.lt\/wp-content\/uploads\/2025\/10\/Verite-1.webp\",\"width\":300,\"height\":435,\"caption\":\"Verit\u0117\"},{\"@type\":\"BreadcrumbList\",\"@id\":\"https:\/\/skaitytaknyga.lt\/produktas\/verite\/#breadcrumb\",\"itemListElement\":[{\"@type\":\"ListItem\",\"position\":1,\"name\":\"Home\",\"item\":\"https:\/\/skaitytaknyga.lt\/\"},{\"@type\":\"ListItem\",\"position\":2,\"name\":\"Parduotuv\u0117\",\"item\":\"https:\/\/skaitytaknyga.lt\/knygu-parduotuve\/\"},{\"@type\":\"ListItem\",\"position\":3,\"name\":\"Verit\u0117\"}]},{\"@type\":\"WebSite\",\"@id\":\"https:\/\/skaitytaknyga.lt\/#website\",\"url\":\"https:\/\/skaitytaknyga.lt\/\",\"name\":\"skaitytaknyga.lt\",\"description\":\"Skaitytaknyga.lt \u2013 tai ma\u017eas \u0161eimos verslas, kuris prasid\u0117jo nuo meil\u0117s knygoms ir siekio i\u0161gelb\u0117ti knygas nuo likimo prie konteinerio. Kas vienam nereikalingas daiktas \u2013 kitam lobis, o mes esame tarpininkai, kurie padeda abiems tapti laimingesniems ???? \u017dinome kaip nelengva i\u0161gyventi ma\u017eiems verslams, tad nuo \u0161iol, \u010dia rasite ir kit\u0173, ma\u017e\u0173 \u0161eim\u0173 versl\u0173, rank\u0173 darbo, dovan\u0173 sau ir artimiesiems.\",\"publisher\":{\"@id\":\"https:\/\/skaitytaknyga.lt\/#organization\"},\"potentialAction\":[{\"@type\":\"SearchAction\",\"target\":{\"@type\":\"EntryPoint\",\"urlTemplate\":\"https:\/\/skaitytaknyga.lt\/?s={search_term_string}\"},\"query-input\":{\"@type\":\"PropertyValueSpecification\",\"valueRequired\":true,\"valueName\":\"search_term_string\"}}],\"inLanguage\":\"en-GB\"},{\"@type\":\"Organization\",\"@id\":\"https:\/\/skaitytaknyga.lt\/#organization\",\"name\":\"skaitytaknyga.lt\",\"url\":\"https:\/\/skaitytaknyga.lt\/\",\"logo\":{\"@type\":\"ImageObject\",\"inLanguage\":\"en-GB\",\"@id\":\"https:\/\/skaitytaknyga.lt\/#\/schema\/logo\/image\/\",\"url\":\"https:\/\/skaitytaknyga.lt\/wp-content\/uploads\/2024\/05\/cropped-cropped-cropped-02_00843_jt3bggkj1j3HLc7SyY6rEUpg.jpeg\",\"contentUrl\":\"https:\/\/skaitytaknyga.lt\/wp-content\/uploads\/2024\/05\/cropped-cropped-cropped-02_00843_jt3bggkj1j3HLc7SyY6rEUpg.jpeg\",\"width\":1600,\"height\":1600,\"caption\":\"skaitytaknyga.lt\"},\"image\":{\"@id\":\"https:\/\/skaitytaknyga.lt\/#\/schema\/logo\/image\/\"},\"sameAs\":[\"https:\/\/www.facebook.com\/skaitytaknyga\/\"]}]}<\/script>\n<!-- \/ Yoast SEO plugin. -->","yoast_head_json":{"title":"Verit\u0117","description":"I\u0161skirtinis leidimas su specialiu autor\u0117s kreipimusi \u012f skaitytojus ir nauju intriguojan\u010diu epilogu! Pastarieji keli m\u0117nesiai jaunai ra\u0161ytojai Luenai E\u0161li","robots":{"index":"index","follow":"follow","max-snippet":"max-snippet:-1","max-image-preview":"max-image-preview:large","max-video-preview":"max-video-preview:-1"},"canonical":"https:\/\/skaitytaknyga.lt\/en\/produktas\/verite\/","og_locale":"en_GB","og_type":"article","og_title":"[:lt]Verit\u0117[:] - Skaitytaknyga","og_description":"I\u0161skirtinis leidimas su specialiu autor\u0117s kreipimusi \u012f skaitytojus ir nauju intriguojan\u010diu epilogu! Pastarieji keli m\u0117nesiai jaunai ra\u0161ytojai Luenai E\u0161li","og_url":"https:\/\/skaitytaknyga.lt\/en\/produktas\/verite\/","og_site_name":"Skaitytaknyga","article_publisher":"https:\/\/www.facebook.com\/skaitytaknyga\/","article_modified_time":"2026-03-05T11:10:01+00:00","og_image":[{"width":300,"height":435,"url":"https:\/\/skaitytaknyga.lt\/wp-content\/uploads\/2025\/10\/Verite-1.webp","type":"image\/webp"}],"twitter_card":"summary_large_image","twitter_misc":{"Estimated reading time":"1 minute"},"schema":{"@context":"https:\/\/schema.org","@graph":[{"@type":"WebPage","@id":"https:\/\/skaitytaknyga.lt\/produktas\/verite\/","url":"https:\/\/skaitytaknyga.lt\/produktas\/verite\/","name":"Verit\u0117","isPartOf":{"@id":"https:\/\/skaitytaknyga.lt\/#website"},"primaryImageOfPage":{"@id":"https:\/\/skaitytaknyga.lt\/produktas\/verite\/#primaryimage"},"image":{"@id":"https:\/\/skaitytaknyga.lt\/produktas\/verite\/#primaryimage"},"thumbnailUrl":"https:\/\/skaitytaknyga.lt\/wp-content\/uploads\/2025\/10\/Verite-1.webp","datePublished":"2025-10-03T05:47:55+00:00","dateModified":"2026-03-05T11:10:01+00:00","description":"I\u0161skirtinis leidimas su specialiu autor\u0117s kreipimusi \u012f skaitytojus ir nauju intriguojan\u010diu epilogu! Pastarieji keli m\u0117nesiai jaunai ra\u0161ytojai Luenai E\u0161li","breadcrumb":{"@id":"https:\/\/skaitytaknyga.lt\/produktas\/verite\/#breadcrumb"},"inLanguage":"en-GB","potentialAction":[{"@type":"ReadAction","target":["https:\/\/skaitytaknyga.lt\/produktas\/verite\/"]}]},{"@type":"ImageObject","inLanguage":"en-GB","@id":"https:\/\/skaitytaknyga.lt\/produktas\/verite\/#primaryimage","url":"https:\/\/skaitytaknyga.lt\/wp-content\/uploads\/2025\/10\/Verite-1.webp","contentUrl":"https:\/\/skaitytaknyga.lt\/wp-content\/uploads\/2025\/10\/Verite-1.webp","width":300,"height":435,"caption":"Verit\u0117"},{"@type":"BreadcrumbList","@id":"https:\/\/skaitytaknyga.lt\/produktas\/verite\/#breadcrumb","itemListElement":[{"@type":"ListItem","position":1,"name":"Home","item":"https:\/\/skaitytaknyga.lt\/"},{"@type":"ListItem","position":2,"name":"Parduotuv\u0117","item":"https:\/\/skaitytaknyga.lt\/knygu-parduotuve\/"},{"@type":"ListItem","position":3,"name":"Verit\u0117"}]},{"@type":"WebSite","@id":"https:\/\/skaitytaknyga.lt\/#website","url":"https:\/\/skaitytaknyga.lt\/","name":"skaitytaknyga.lt","description":"Skaitytaknyga.lt \u2013 tai ma\u017eas \u0161eimos verslas, kuris prasid\u0117jo nuo meil\u0117s knygoms ir siekio i\u0161gelb\u0117ti knygas nuo likimo prie konteinerio. Kas vienam nereikalingas daiktas \u2013 kitam lobis, o mes esame tarpininkai, kurie padeda abiems tapti laimingesniems ???? \u017dinome kaip nelengva i\u0161gyventi ma\u017eiems verslams, tad nuo \u0161iol, \u010dia rasite ir kit\u0173, ma\u017e\u0173 \u0161eim\u0173 versl\u0173, rank\u0173 darbo, dovan\u0173 sau ir artimiesiems.","publisher":{"@id":"https:\/\/skaitytaknyga.lt\/#organization"},"potentialAction":[{"@type":"SearchAction","target":{"@type":"EntryPoint","urlTemplate":"https:\/\/skaitytaknyga.lt\/?s={search_term_string}"},"query-input":{"@type":"PropertyValueSpecification","valueRequired":true,"valueName":"search_term_string"}}],"inLanguage":"en-GB"},{"@type":"Organization","@id":"https:\/\/skaitytaknyga.lt\/#organization","name":"skaitytaknyga.lt","url":"https:\/\/skaitytaknyga.lt\/","logo":{"@type":"ImageObject","inLanguage":"en-GB","@id":"https:\/\/skaitytaknyga.lt\/#\/schema\/logo\/image\/","url":"https:\/\/skaitytaknyga.lt\/wp-content\/uploads\/2024\/05\/cropped-cropped-cropped-02_00843_jt3bggkj1j3HLc7SyY6rEUpg.jpeg","contentUrl":"https:\/\/skaitytaknyga.lt\/wp-content\/uploads\/2024\/05\/cropped-cropped-cropped-02_00843_jt3bggkj1j3HLc7SyY6rEUpg.jpeg","width":1600,"height":1600,"caption":"skaitytaknyga.lt"},"image":{"@id":"https:\/\/skaitytaknyga.lt\/#\/schema\/logo\/image\/"},"sameAs":["https:\/\/www.facebook.com\/skaitytaknyga\/"]}]}},"_links":{"self":[{"href":"https:\/\/skaitytaknyga.lt\/en\/wp-json\/wp\/v2\/product\/21169","targetHints":{"allow":["GET"]}}],"collection":[{"href":"https:\/\/skaitytaknyga.lt\/en\/wp-json\/wp\/v2\/product"}],"about":[{"href":"https:\/\/skaitytaknyga.lt\/en\/wp-json\/wp\/v2\/types\/product"}],"replies":[{"embeddable":true,"href":"https:\/\/skaitytaknyga.lt\/en\/wp-json\/wp\/v2\/comments?post=21169"}],"wp:featuredmedia":[{"embeddable":true,"href":"https:\/\/skaitytaknyga.lt\/en\/wp-json\/wp\/v2\/media\/21175"}],"wp:attachment":[{"href":"https:\/\/skaitytaknyga.lt\/en\/wp-json\/wp\/v2\/media?parent=21169"}],"wp:term":[{"taxonomy":"product_brand","embeddable":true,"href":"https:\/\/skaitytaknyga.lt\/en\/wp-json\/wp\/v2\/product_brand?post=21169"},{"taxonomy":"product_cat","embeddable":true,"href":"https:\/\/skaitytaknyga.lt\/en\/wp-json\/wp\/v2\/product_cat?post=21169"},{"taxonomy":"product_tag","embeddable":true,"href":"https:\/\/skaitytaknyga.lt\/en\/wp-json\/wp\/v2\/product_tag?post=21169"}],"curies":[{"name":"wp","href":"https:\/\/api.w.org\/{rel}","templated":true}]}}