{"id":21156,"date":"2025-10-02T16:32:45","date_gmt":"2025-10-02T13:32:45","guid":{"rendered":"https:\/\/skaitytaknyga.lt\/?post_type=product&#038;p=21156"},"modified":"2025-10-06T11:09:25","modified_gmt":"2025-10-06T08:09:25","slug":"loterijos-laimetojai-is-klases-nr-13","status":"publish","type":"product","link":"https:\/\/skaitytaknyga.lt\/en\/produktas\/loterijos-laimetojai-is-klases-nr-13\/","title":{"rendered":"Loterijos laim\u0117tojai i\u0161 klas\u0117s Nr. 13"},"content":{"rendered":"<p>Jei laim\u0117tum loterij\u0105, k\u0105 darytum su milijardu doleri\u0173?<\/p>\n<p>Mokytojai Lindai am\u017einai nesiseka. Vien\u0105 dien\u0105 nusipirkusi loterijos biliet\u0105 ji neatsargiai pa\u017eada mokiniams pasidalyti pinigus, jei tik pavyks laim\u0117ti. Ir k\u0105 j\u016bs manote? Ji laimi&#8230; ir kiekvienas mokinys gauna per MILIJARD\u0104 doleri\u0173!<\/p>\n<p>Tu tikriausiai manai, kad tai nuostabu. Deja, ne&#8230; Dideli pinigai \u2013 tai ir siaubingos alergijos, siaubingi mokes\u010diai, ugnikalni\u0173 i\u0161siver\u017eimai ir kiti \u012fkyr\u016bs nemalonumai. Mokiniai i\u0161 klas\u0117s Nr. 13 netrukus su\u017einos, kad laim\u0117ti loterij\u0105 anaiptol nerei\u0161kia tapti laimingam.<\/p>\n","protected":false},"excerpt":{"rendered":"<p>Jei laim\u0117tum loterij\u0105, k\u0105 darytum su milijardu doleri\u0173? Mokytojai Lindai am\u017einai nesiseka. Vien\u0105 dien\u0105 nusipirkusi loterijos biliet\u0105 ji neatsargiai pa\u017eada mokiniams pasidalyti pinigus, jei tik pavyks laim\u0117ti. Ir k\u0105 j\u016bs manote? Ji laimi&#8230; ir kiekvienas mokinys gauna per MILIJARD\u0104 doleri\u0173! Tu tikriausiai manai, kad tai nuostabu. Deja, ne&#8230; Dideli pinigai \u2013 tai ir siaubingos alergijos, siaubingi mokes\u010diai, ugnikalni\u0173 i\u0161siver\u017eimai ir kiti \u012fkyr\u016bs nemalonumai. Mokiniai i\u0161 klas\u0117s Nr. 13 netrukus su\u017einos, kad laim\u0117ti loterij\u0105 anaiptol nerei\u0161kia tapti laimingam.<\/p>\n","protected":false},"featured_media":21168,"comment_status":"open","ping_status":"closed","template":"","meta":{"_acf_changed":false,"site-sidebar-layout":"default","site-content-layout":"","ast-site-content-layout":"default","site-content-style":"default","site-sidebar-style":"default","ast-global-header-display":"","ast-banner-title-visibility":"","ast-main-header-display":"","ast-hfb-above-header-display":"","ast-hfb-below-header-display":"","ast-hfb-mobile-header-display":"","site-post-title":"","ast-breadcrumbs-content":"","ast-featured-img":"","footer-sml-layout":"","ast-disable-related-posts":"","theme-transparent-header-meta":"","adv-header-id-meta":"","stick-header-meta":"","header-above-stick-meta":"","header-main-stick-meta":"","header-below-stick-meta":"","astra-migrate-meta-layouts":"default","ast-page-background-enabled":"default","ast-page-background-meta":{"desktop":{"background-color":"","background-image":"","background-repeat":"repeat","background-position":"center center","background-size":"auto","background-attachment":"scroll","background-type":"","background-media":"","overlay-type":"","overlay-color":"","overlay-opacity":"","overlay-gradient":""},"tablet":{"background-color":"","background-image":"","background-repeat":"repeat","background-position":"center center","background-size":"auto","background-attachment":"scroll","background-type":"","background-media":"","overlay-type":"","overlay-color":"","overlay-opacity":"","overlay-gradient":""},"mobile":{"background-color":"","background-image":"","background-repeat":"repeat","background-position":"center center","background-size":"auto","background-attachment":"scroll","background-type":"","background-media":"","overlay-type":"","overlay-color":"","overlay-opacity":"","overlay-gradient":""}},"ast-content-background-meta":{"desktop":{"background-color":"var(--ast-global-color-4)","background-image":"","background-repeat":"repeat","background-position":"center center","background-size":"auto","background-attachment":"scroll","background-type":"","background-media":"","overlay-type":"","overlay-color":"","overlay-opacity":"","overlay-gradient":""},"tablet":{"background-color":"var(--ast-global-color-4)","background-image":"","background-repeat":"repeat","background-position":"center center","background-size":"auto","background-attachment":"scroll","background-type":"","background-media":"","overlay-type":"","overlay-color":"","overlay-opacity":"","overlay-gradient":""},"mobile":{"background-color":"var(--ast-global-color-4)","background-image":"","background-repeat":"repeat","background-position":"center center","background-size":"auto","background-attachment":"scroll","background-type":"","background-media":"","overlay-type":"","overlay-color":"","overlay-opacity":"","overlay-gradient":""}}},"product_brand":[],"product_cat":[35],"product_tag":[5143,8420,1451,1785],"class_list":{"0":"post-21156","1":"product","2":"type-product","3":"status-publish","4":"has-post-thumbnail","6":"product_cat-vaikams-ir-paaugliams","7":"product_tag-fantazija","8":"product_tag-humoristika","9":"product_tag-nuotykiai","10":"product_tag-vaikams","11":"desktop-align-left","12":"tablet-align-left","13":"mobile-align-left","15":"first","16":"instock","17":"shipping-taxable","18":"purchasable","19":"product-type-simple"},"acf":[],"yoast_head":"<!-- This site is optimized with the Yoast SEO plugin v27.0 - https:\/\/yoast.com\/product\/yoast-seo-wordpress\/ -->\n<title>Loterijos laim\u0117tojai i\u0161 klas\u0117s Nr. 13<\/title>\n<meta name=\"description\" content=\"Jei laim\u0117tum loterij\u0105, k\u0105 darytum su milijardu doleri\u0173? Mokytojai Lindai am\u017einai nesiseka. Vien\u0105 dien\u0105 nusipirkusi loterijos biliet\u0105 ji neatsargiai pa\u017eada\" \/>\n<meta name=\"robots\" content=\"index, follow, max-snippet:-1, max-image-preview:large, max-video-preview:-1\" \/>\n<link rel=\"canonical\" href=\"https:\/\/skaitytaknyga.lt\/en\/produktas\/loterijos-laimetojai-is-klases-nr-13\/\" \/>\n<meta property=\"og:locale\" content=\"en_GB\" \/>\n<meta property=\"og:locale:alternate\" content=\"lt_LT\" \/>\n<meta property=\"og:type\" content=\"article\" \/>\n<meta property=\"og:title\" content=\"Loterijos laim\u0117tojai i\u0161 klas\u0117s Nr. 13\" \/>\n<meta property=\"og:description\" content=\"Jei laim\u0117tum loterij\u0105, k\u0105 darytum su milijardu doleri\u0173? Mokytojai Lindai am\u017einai nesiseka. Vien\u0105 dien\u0105 nusipirkusi loterijos biliet\u0105 ji neatsargiai pa\u017eada\" \/>\n<meta property=\"og:url\" content=\"https:\/\/skaitytaknyga.lt\/en\/produktas\/loterijos-laimetojai-is-klases-nr-13\/\" \/>\n<meta property=\"og:site_name\" content=\"Skaitytaknyga\" \/>\n<meta property=\"article:publisher\" content=\"https:\/\/www.facebook.com\/skaitytaknyga\/\" \/>\n<meta property=\"article:modified_time\" content=\"2025-10-06T08:09:25+00:00\" \/>\n<meta property=\"og:image\" content=\"https:\/\/skaitytaknyga.lt\/wp-content\/uploads\/2025\/10\/Loterijos-laimetojai-is-klases-Nr.-13-1.webp\" \/>\n\t<meta property=\"og:image:width\" content=\"300\" \/>\n\t<meta property=\"og:image:height\" content=\"474\" \/>\n\t<meta property=\"og:image:type\" content=\"image\/webp\" \/>\n<meta name=\"twitter:card\" content=\"summary_large_image\" \/>\n<script type=\"application\/ld+json\" class=\"yoast-schema-graph\">{\"@context\":\"https:\/\/schema.org\",\"@graph\":[{\"@type\":\"WebPage\",\"@id\":\"https:\/\/skaitytaknyga.lt\/produktas\/loterijos-laimetojai-is-klases-nr-13\/\",\"url\":\"https:\/\/skaitytaknyga.lt\/produktas\/loterijos-laimetojai-is-klases-nr-13\/\",\"name\":\"Loterijos laim\u0117tojai i\u0161 klas\u0117s Nr. 13\",\"isPartOf\":{\"@id\":\"https:\/\/skaitytaknyga.lt\/#website\"},\"primaryImageOfPage\":{\"@id\":\"https:\/\/skaitytaknyga.lt\/produktas\/loterijos-laimetojai-is-klases-nr-13\/#primaryimage\"},\"image\":{\"@id\":\"https:\/\/skaitytaknyga.lt\/produktas\/loterijos-laimetojai-is-klases-nr-13\/#primaryimage\"},\"thumbnailUrl\":\"https:\/\/skaitytaknyga.lt\/wp-content\/uploads\/2025\/10\/Loterijos-laimetojai-is-klases-Nr.-13-1.webp\",\"datePublished\":\"2025-10-02T13:32:45+00:00\",\"dateModified\":\"2025-10-06T08:09:25+00:00\",\"description\":\"Jei laim\u0117tum loterij\u0105, k\u0105 darytum su milijardu doleri\u0173? Mokytojai Lindai am\u017einai nesiseka. Vien\u0105 dien\u0105 nusipirkusi loterijos biliet\u0105 ji neatsargiai pa\u017eada\",\"breadcrumb\":{\"@id\":\"https:\/\/skaitytaknyga.lt\/produktas\/loterijos-laimetojai-is-klases-nr-13\/#breadcrumb\"},\"inLanguage\":\"en-GB\",\"potentialAction\":[{\"@type\":\"ReadAction\",\"target\":[\"https:\/\/skaitytaknyga.lt\/produktas\/loterijos-laimetojai-is-klases-nr-13\/\"]}]},{\"@type\":\"ImageObject\",\"inLanguage\":\"en-GB\",\"@id\":\"https:\/\/skaitytaknyga.lt\/produktas\/loterijos-laimetojai-is-klases-nr-13\/#primaryimage\",\"url\":\"https:\/\/skaitytaknyga.lt\/wp-content\/uploads\/2025\/10\/Loterijos-laimetojai-is-klases-Nr.-13-1.webp\",\"contentUrl\":\"https:\/\/skaitytaknyga.lt\/wp-content\/uploads\/2025\/10\/Loterijos-laimetojai-is-klases-Nr.-13-1.webp\",\"width\":300,\"height\":474,\"caption\":\"Loterijos laim\u0117tojai i\u0161 klas\u0117s Nr. 13\"},{\"@type\":\"BreadcrumbList\",\"@id\":\"https:\/\/skaitytaknyga.lt\/produktas\/loterijos-laimetojai-is-klases-nr-13\/#breadcrumb\",\"itemListElement\":[{\"@type\":\"ListItem\",\"position\":1,\"name\":\"Home\",\"item\":\"https:\/\/skaitytaknyga.lt\/\"},{\"@type\":\"ListItem\",\"position\":2,\"name\":\"Parduotuv\u0117\",\"item\":\"https:\/\/skaitytaknyga.lt\/knygu-parduotuve\/\"},{\"@type\":\"ListItem\",\"position\":3,\"name\":\"Loterijos laim\u0117tojai i\u0161 klas\u0117s Nr. 13\"}]},{\"@type\":\"WebSite\",\"@id\":\"https:\/\/skaitytaknyga.lt\/#website\",\"url\":\"https:\/\/skaitytaknyga.lt\/\",\"name\":\"skaitytaknyga.lt\",\"description\":\"Skaitytaknyga.lt \u2013 tai ma\u017eas \u0161eimos verslas, kuris prasid\u0117jo nuo meil\u0117s knygoms ir siekio i\u0161gelb\u0117ti knygas nuo likimo prie konteinerio. Kas vienam nereikalingas daiktas \u2013 kitam lobis, o mes esame tarpininkai, kurie padeda abiems tapti laimingesniems ???? \u017dinome kaip nelengva i\u0161gyventi ma\u017eiems verslams, tad nuo \u0161iol, \u010dia rasite ir kit\u0173, ma\u017e\u0173 \u0161eim\u0173 versl\u0173, rank\u0173 darbo, dovan\u0173 sau ir artimiesiems.\",\"publisher\":{\"@id\":\"https:\/\/skaitytaknyga.lt\/#organization\"},\"potentialAction\":[{\"@type\":\"SearchAction\",\"target\":{\"@type\":\"EntryPoint\",\"urlTemplate\":\"https:\/\/skaitytaknyga.lt\/?s={search_term_string}\"},\"query-input\":{\"@type\":\"PropertyValueSpecification\",\"valueRequired\":true,\"valueName\":\"search_term_string\"}}],\"inLanguage\":\"en-GB\"},{\"@type\":\"Organization\",\"@id\":\"https:\/\/skaitytaknyga.lt\/#organization\",\"name\":\"skaitytaknyga.lt\",\"url\":\"https:\/\/skaitytaknyga.lt\/\",\"logo\":{\"@type\":\"ImageObject\",\"inLanguage\":\"en-GB\",\"@id\":\"https:\/\/skaitytaknyga.lt\/#\/schema\/logo\/image\/\",\"url\":\"https:\/\/skaitytaknyga.lt\/wp-content\/uploads\/2024\/05\/cropped-cropped-cropped-02_00843_jt3bggkj1j3HLc7SyY6rEUpg.jpeg\",\"contentUrl\":\"https:\/\/skaitytaknyga.lt\/wp-content\/uploads\/2024\/05\/cropped-cropped-cropped-02_00843_jt3bggkj1j3HLc7SyY6rEUpg.jpeg\",\"width\":1600,\"height\":1600,\"caption\":\"skaitytaknyga.lt\"},\"image\":{\"@id\":\"https:\/\/skaitytaknyga.lt\/#\/schema\/logo\/image\/\"},\"sameAs\":[\"https:\/\/www.facebook.com\/skaitytaknyga\/\"]}]}<\/script>\n<!-- \/ Yoast SEO plugin. -->","yoast_head_json":{"title":"Loterijos laim\u0117tojai i\u0161 klas\u0117s Nr. 13","description":"Jei laim\u0117tum loterij\u0105, k\u0105 darytum su milijardu doleri\u0173? Mokytojai Lindai am\u017einai nesiseka. Vien\u0105 dien\u0105 nusipirkusi loterijos biliet\u0105 ji neatsargiai pa\u017eada","robots":{"index":"index","follow":"follow","max-snippet":"max-snippet:-1","max-image-preview":"max-image-preview:large","max-video-preview":"max-video-preview:-1"},"canonical":"https:\/\/skaitytaknyga.lt\/en\/produktas\/loterijos-laimetojai-is-klases-nr-13\/","og_locale":"en_GB","og_type":"article","og_title":"[:lt]Loterijos laim\u0117tojai i\u0161 klas\u0117s Nr. 13[:] - Skaitytaknyga","og_description":"Jei laim\u0117tum loterij\u0105, k\u0105 darytum su milijardu doleri\u0173? Mokytojai Lindai am\u017einai nesiseka. Vien\u0105 dien\u0105 nusipirkusi loterijos biliet\u0105 ji neatsargiai pa\u017eada","og_url":"https:\/\/skaitytaknyga.lt\/en\/produktas\/loterijos-laimetojai-is-klases-nr-13\/","og_site_name":"Skaitytaknyga","article_publisher":"https:\/\/www.facebook.com\/skaitytaknyga\/","article_modified_time":"2025-10-06T08:09:25+00:00","og_image":[{"width":300,"height":474,"url":"https:\/\/skaitytaknyga.lt\/wp-content\/uploads\/2025\/10\/Loterijos-laimetojai-is-klases-Nr.-13-1.webp","type":"image\/webp"}],"twitter_card":"summary_large_image","schema":{"@context":"https:\/\/schema.org","@graph":[{"@type":"WebPage","@id":"https:\/\/skaitytaknyga.lt\/produktas\/loterijos-laimetojai-is-klases-nr-13\/","url":"https:\/\/skaitytaknyga.lt\/produktas\/loterijos-laimetojai-is-klases-nr-13\/","name":"Loterijos laim\u0117tojai i\u0161 klas\u0117s Nr. 13","isPartOf":{"@id":"https:\/\/skaitytaknyga.lt\/#website"},"primaryImageOfPage":{"@id":"https:\/\/skaitytaknyga.lt\/produktas\/loterijos-laimetojai-is-klases-nr-13\/#primaryimage"},"image":{"@id":"https:\/\/skaitytaknyga.lt\/produktas\/loterijos-laimetojai-is-klases-nr-13\/#primaryimage"},"thumbnailUrl":"https:\/\/skaitytaknyga.lt\/wp-content\/uploads\/2025\/10\/Loterijos-laimetojai-is-klases-Nr.-13-1.webp","datePublished":"2025-10-02T13:32:45+00:00","dateModified":"2025-10-06T08:09:25+00:00","description":"Jei laim\u0117tum loterij\u0105, k\u0105 darytum su milijardu doleri\u0173? Mokytojai Lindai am\u017einai nesiseka. Vien\u0105 dien\u0105 nusipirkusi loterijos biliet\u0105 ji neatsargiai pa\u017eada","breadcrumb":{"@id":"https:\/\/skaitytaknyga.lt\/produktas\/loterijos-laimetojai-is-klases-nr-13\/#breadcrumb"},"inLanguage":"en-GB","potentialAction":[{"@type":"ReadAction","target":["https:\/\/skaitytaknyga.lt\/produktas\/loterijos-laimetojai-is-klases-nr-13\/"]}]},{"@type":"ImageObject","inLanguage":"en-GB","@id":"https:\/\/skaitytaknyga.lt\/produktas\/loterijos-laimetojai-is-klases-nr-13\/#primaryimage","url":"https:\/\/skaitytaknyga.lt\/wp-content\/uploads\/2025\/10\/Loterijos-laimetojai-is-klases-Nr.-13-1.webp","contentUrl":"https:\/\/skaitytaknyga.lt\/wp-content\/uploads\/2025\/10\/Loterijos-laimetojai-is-klases-Nr.-13-1.webp","width":300,"height":474,"caption":"Loterijos laim\u0117tojai i\u0161 klas\u0117s Nr. 13"},{"@type":"BreadcrumbList","@id":"https:\/\/skaitytaknyga.lt\/produktas\/loterijos-laimetojai-is-klases-nr-13\/#breadcrumb","itemListElement":[{"@type":"ListItem","position":1,"name":"Home","item":"https:\/\/skaitytaknyga.lt\/"},{"@type":"ListItem","position":2,"name":"Parduotuv\u0117","item":"https:\/\/skaitytaknyga.lt\/knygu-parduotuve\/"},{"@type":"ListItem","position":3,"name":"Loterijos laim\u0117tojai i\u0161 klas\u0117s Nr. 13"}]},{"@type":"WebSite","@id":"https:\/\/skaitytaknyga.lt\/#website","url":"https:\/\/skaitytaknyga.lt\/","name":"skaitytaknyga.lt","description":"Skaitytaknyga.lt \u2013 tai ma\u017eas \u0161eimos verslas, kuris prasid\u0117jo nuo meil\u0117s knygoms ir siekio i\u0161gelb\u0117ti knygas nuo likimo prie konteinerio. Kas vienam nereikalingas daiktas \u2013 kitam lobis, o mes esame tarpininkai, kurie padeda abiems tapti laimingesniems ???? \u017dinome kaip nelengva i\u0161gyventi ma\u017eiems verslams, tad nuo \u0161iol, \u010dia rasite ir kit\u0173, ma\u017e\u0173 \u0161eim\u0173 versl\u0173, rank\u0173 darbo, dovan\u0173 sau ir artimiesiems.","publisher":{"@id":"https:\/\/skaitytaknyga.lt\/#organization"},"potentialAction":[{"@type":"SearchAction","target":{"@type":"EntryPoint","urlTemplate":"https:\/\/skaitytaknyga.lt\/?s={search_term_string}"},"query-input":{"@type":"PropertyValueSpecification","valueRequired":true,"valueName":"search_term_string"}}],"inLanguage":"en-GB"},{"@type":"Organization","@id":"https:\/\/skaitytaknyga.lt\/#organization","name":"skaitytaknyga.lt","url":"https:\/\/skaitytaknyga.lt\/","logo":{"@type":"ImageObject","inLanguage":"en-GB","@id":"https:\/\/skaitytaknyga.lt\/#\/schema\/logo\/image\/","url":"https:\/\/skaitytaknyga.lt\/wp-content\/uploads\/2024\/05\/cropped-cropped-cropped-02_00843_jt3bggkj1j3HLc7SyY6rEUpg.jpeg","contentUrl":"https:\/\/skaitytaknyga.lt\/wp-content\/uploads\/2024\/05\/cropped-cropped-cropped-02_00843_jt3bggkj1j3HLc7SyY6rEUpg.jpeg","width":1600,"height":1600,"caption":"skaitytaknyga.lt"},"image":{"@id":"https:\/\/skaitytaknyga.lt\/#\/schema\/logo\/image\/"},"sameAs":["https:\/\/www.facebook.com\/skaitytaknyga\/"]}]}},"_links":{"self":[{"href":"https:\/\/skaitytaknyga.lt\/en\/wp-json\/wp\/v2\/product\/21156","targetHints":{"allow":["GET"]}}],"collection":[{"href":"https:\/\/skaitytaknyga.lt\/en\/wp-json\/wp\/v2\/product"}],"about":[{"href":"https:\/\/skaitytaknyga.lt\/en\/wp-json\/wp\/v2\/types\/product"}],"replies":[{"embeddable":true,"href":"https:\/\/skaitytaknyga.lt\/en\/wp-json\/wp\/v2\/comments?post=21156"}],"wp:featuredmedia":[{"embeddable":true,"href":"https:\/\/skaitytaknyga.lt\/en\/wp-json\/wp\/v2\/media\/21168"}],"wp:attachment":[{"href":"https:\/\/skaitytaknyga.lt\/en\/wp-json\/wp\/v2\/media?parent=21156"}],"wp:term":[{"taxonomy":"product_brand","embeddable":true,"href":"https:\/\/skaitytaknyga.lt\/en\/wp-json\/wp\/v2\/product_brand?post=21156"},{"taxonomy":"product_cat","embeddable":true,"href":"https:\/\/skaitytaknyga.lt\/en\/wp-json\/wp\/v2\/product_cat?post=21156"},{"taxonomy":"product_tag","embeddable":true,"href":"https:\/\/skaitytaknyga.lt\/en\/wp-json\/wp\/v2\/product_tag?post=21156"}],"curies":[{"name":"wp","href":"https:\/\/api.w.org\/{rel}","templated":true}]}}