{"id":21155,"date":"2025-10-02T16:32:44","date_gmt":"2025-10-02T13:32:44","guid":{"rendered":"https:\/\/skaitytaknyga.lt\/?post_type=product&#038;p=21155"},"modified":"2025-10-06T11:09:25","modified_gmt":"2025-10-06T08:09:25","slug":"berniukas-kuris-augino-drakonus","status":"publish","type":"product","link":"https:\/\/skaitytaknyga.lt\/en\/produktas\/berniukas-kuris-augino-drakonus\/","title":{"rendered":"Berniukas, kuris augino drakonus"},"content":{"rendered":"<p>Tomo namuose gyvena ne \u0161uo, ne \u017eiurk\u0117nas ir net ne tarantulas. Jo nam\u0173 augintiniai yra&#8230; drakonai! Keis\u010diausia, kad jis i\u0161sirito i\u0161 vaisiaus, kur\u012f Tomas parsine\u0161\u0117 i\u0161 senelio sodo. Kas gal\u0117jo pagalvoti, kad taip atsitiks? Niekas! U\u017etat dabar Tomas turi ne\u012ftik\u0117tinai nuostab\u0173 drakon\u0105, vardu Blyksnis, ir DAUGYB\u0118 r\u016bpes\u010di\u0173. Nes drakon\u0105 auginti namie \u2013 labai sud\u0117tinga! Ta\u010diau tai dar ne viskas. Tas keistas medis senelio sode tur\u0117jo ir daugiau vaisi\u0173. Ar ir i\u0161 j\u0173 i\u0161sirito drakonai?<\/p>\n<p>Nor\u0117tum su\u017einoti, kaip viskas buvo? O gal nor\u0117tum pats auginti drakon\u0105 (tik nesakyk apie tai mamai)?<\/p>\n<p>Atsiversk knyg\u0105 ir su\u017einok, kaip sek\u0117si Tomui!<\/p>\n<p>Nemeluosiu, vargo su drakonais kur kas daugiau nei su agurkais.<\/p>\n<p>Ko NEDARO agurkai:<\/p>\n<p>Neprikakoja \u012f t\u0117\u010dio ko\u0161\u0119<br \/>\nNenusvilina tau antaki\u0173<br \/>\nNepalieka ant televizijos antenos kyboti tavo kelni\u0173 (apatini\u0173)<br \/>\nNesivaiko tavo kat\u0117s<br \/>\nNem\u0117to \u012f j\u0105 kop\u016bst\u0173<br \/>\nNebando jodin\u0117ti tavo kate kaip rodeo buliumi<br \/>\nNepadega tavo dant\u0173 \u0161epet\u0117lio, KOLVALAISI JUO DANTIS<br \/>\nO drakonai kaip tik visa tai DARO!<\/p>\n","protected":false},"excerpt":{"rendered":"<p>Tomo namuose gyvena ne \u0161uo, ne \u017eiurk\u0117nas ir net ne tarantulas. Jo nam\u0173 augintiniai yra&#8230; drakonai! Keis\u010diausia, kad jis i\u0161sirito i\u0161 vaisiaus, kur\u012f Tomas parsine\u0161\u0117 i\u0161 senelio sodo. Kas gal\u0117jo pagalvoti, kad taip atsitiks? Niekas! U\u017etat dabar Tomas turi ne\u012ftik\u0117tinai nuostab\u0173 drakon\u0105, vardu Blyksnis, ir DAUGYB\u0118 r\u016bpes\u010di\u0173. Nes drakon\u0105 auginti namie \u2013 labai sud\u0117tinga! Ta\u010diau tai dar ne viskas. Tas keistas medis senelio sode tur\u0117jo ir daugiau vaisi\u0173. Ar ir i\u0161 j\u0173 i\u0161sirito drakonai? Nor\u0117tum su\u017einoti, kaip viskas buvo? O gal nor\u0117tum pats auginti drakon\u0105 (tik nesakyk apie tai mamai)? Atsiversk knyg\u0105 ir su\u017einok, kaip sek\u0117si Tomui! Nemeluosiu, vargo su drakonais kur kas daugiau nei su agurkais. Ko NEDARO agurkai: Neprikakoja \u012f t\u0117\u010dio ko\u0161\u0119 Nenusvilina tau antaki\u0173 Nepalieka ant televizijos antenos kyboti tavo kelni\u0173 (apatini\u0173) Nesivaiko tavo kat\u0117s Nem\u0117to \u012f j\u0105 kop\u016bst\u0173 Nebando jodin\u0117ti tavo kate kaip rodeo buliumi Nepadega tavo dant\u0173 \u0161epet\u0117lio, KOLVALAISI JUO DANTIS O drakonai kaip tik visa tai DARO!<\/p>\n","protected":false},"featured_media":21167,"comment_status":"open","ping_status":"closed","template":"","meta":{"_acf_changed":false,"site-sidebar-layout":"default","site-content-layout":"","ast-site-content-layout":"default","site-content-style":"default","site-sidebar-style":"default","ast-global-header-display":"","ast-banner-title-visibility":"","ast-main-header-display":"","ast-hfb-above-header-display":"","ast-hfb-below-header-display":"","ast-hfb-mobile-header-display":"","site-post-title":"","ast-breadcrumbs-content":"","ast-featured-img":"","footer-sml-layout":"","ast-disable-related-posts":"","theme-transparent-header-meta":"","adv-header-id-meta":"","stick-header-meta":"","header-above-stick-meta":"","header-main-stick-meta":"","header-below-stick-meta":"","astra-migrate-meta-layouts":"default","ast-page-background-enabled":"default","ast-page-background-meta":{"desktop":{"background-color":"","background-image":"","background-repeat":"repeat","background-position":"center center","background-size":"auto","background-attachment":"scroll","background-type":"","background-media":"","overlay-type":"","overlay-color":"","overlay-opacity":"","overlay-gradient":""},"tablet":{"background-color":"","background-image":"","background-repeat":"repeat","background-position":"center center","background-size":"auto","background-attachment":"scroll","background-type":"","background-media":"","overlay-type":"","overlay-color":"","overlay-opacity":"","overlay-gradient":""},"mobile":{"background-color":"","background-image":"","background-repeat":"repeat","background-position":"center center","background-size":"auto","background-attachment":"scroll","background-type":"","background-media":"","overlay-type":"","overlay-color":"","overlay-opacity":"","overlay-gradient":""}},"ast-content-background-meta":{"desktop":{"background-color":"var(--ast-global-color-4)","background-image":"","background-repeat":"repeat","background-position":"center center","background-size":"auto","background-attachment":"scroll","background-type":"","background-media":"","overlay-type":"","overlay-color":"","overlay-opacity":"","overlay-gradient":""},"tablet":{"background-color":"var(--ast-global-color-4)","background-image":"","background-repeat":"repeat","background-position":"center center","background-size":"auto","background-attachment":"scroll","background-type":"","background-media":"","overlay-type":"","overlay-color":"","overlay-opacity":"","overlay-gradient":""},"mobile":{"background-color":"var(--ast-global-color-4)","background-image":"","background-repeat":"repeat","background-position":"center center","background-size":"auto","background-attachment":"scroll","background-type":"","background-media":"","overlay-type":"","overlay-color":"","overlay-opacity":"","overlay-gradient":""}}},"product_brand":[],"product_cat":[35],"product_tag":[1504,2054,1451,1785],"class_list":{"0":"post-21155","1":"product","2":"type-product","3":"status-publish","4":"has-post-thumbnail","6":"product_cat-vaikams-ir-paaugliams","7":"product_tag-fantastika","8":"product_tag-gyvunai","9":"product_tag-nuotykiai","10":"product_tag-vaikams","11":"desktop-align-left","12":"tablet-align-left","13":"mobile-align-left","15":"first","16":"instock","17":"shipping-taxable","18":"purchasable","19":"product-type-simple"},"acf":[],"yoast_head":"<!-- This site is optimized with the Yoast SEO plugin v27.0 - https:\/\/yoast.com\/product\/yoast-seo-wordpress\/ -->\n<title>Berniukas, kuris augino drakonus<\/title>\n<meta name=\"description\" content=\"Tomo namuose gyvena ne \u0161uo, ne \u017eiurk\u0117nas ir net ne tarantulas. Jo nam\u0173 augintiniai yra... drakonai! Keis\u010diausia, kad jis i\u0161sirito i\u0161 vaisiaus, kur\u012f Tomas\" \/>\n<meta name=\"robots\" content=\"index, follow, max-snippet:-1, max-image-preview:large, max-video-preview:-1\" \/>\n<link rel=\"canonical\" href=\"https:\/\/skaitytaknyga.lt\/en\/produktas\/berniukas-kuris-augino-drakonus\/\" \/>\n<meta property=\"og:locale\" content=\"en_GB\" \/>\n<meta property=\"og:locale:alternate\" content=\"lt_LT\" \/>\n<meta property=\"og:type\" content=\"article\" \/>\n<meta property=\"og:title\" content=\"Berniukas, kuris augino drakonus\" \/>\n<meta property=\"og:description\" content=\"Tomo namuose gyvena ne \u0161uo, ne \u017eiurk\u0117nas ir net ne tarantulas. Jo nam\u0173 augintiniai yra... drakonai! Keis\u010diausia, kad jis i\u0161sirito i\u0161 vaisiaus, kur\u012f Tomas\" \/>\n<meta property=\"og:url\" content=\"https:\/\/skaitytaknyga.lt\/en\/produktas\/berniukas-kuris-augino-drakonus\/\" \/>\n<meta property=\"og:site_name\" content=\"Skaitytaknyga\" \/>\n<meta property=\"article:publisher\" content=\"https:\/\/www.facebook.com\/skaitytaknyga\/\" \/>\n<meta property=\"article:modified_time\" content=\"2025-10-06T08:09:25+00:00\" \/>\n<meta property=\"og:image\" content=\"https:\/\/skaitytaknyga.lt\/wp-content\/uploads\/2025\/10\/Berniukas-kuris-augino-drakonus-1.webp\" \/>\n\t<meta property=\"og:image:width\" content=\"300\" \/>\n\t<meta property=\"og:image:height\" content=\"450\" \/>\n\t<meta property=\"og:image:type\" content=\"image\/webp\" \/>\n<meta name=\"twitter:card\" content=\"summary_large_image\" \/>\n<meta name=\"twitter:label1\" content=\"Estimated reading time\" \/>\n\t<meta name=\"twitter:data1\" content=\"1 minute\" \/>\n<script type=\"application\/ld+json\" class=\"yoast-schema-graph\">{\"@context\":\"https:\/\/schema.org\",\"@graph\":[{\"@type\":\"WebPage\",\"@id\":\"https:\/\/skaitytaknyga.lt\/produktas\/berniukas-kuris-augino-drakonus\/\",\"url\":\"https:\/\/skaitytaknyga.lt\/produktas\/berniukas-kuris-augino-drakonus\/\",\"name\":\"Berniukas, kuris augino drakonus\",\"isPartOf\":{\"@id\":\"https:\/\/skaitytaknyga.lt\/#website\"},\"primaryImageOfPage\":{\"@id\":\"https:\/\/skaitytaknyga.lt\/produktas\/berniukas-kuris-augino-drakonus\/#primaryimage\"},\"image\":{\"@id\":\"https:\/\/skaitytaknyga.lt\/produktas\/berniukas-kuris-augino-drakonus\/#primaryimage\"},\"thumbnailUrl\":\"https:\/\/skaitytaknyga.lt\/wp-content\/uploads\/2025\/10\/Berniukas-kuris-augino-drakonus-1.webp\",\"datePublished\":\"2025-10-02T13:32:44+00:00\",\"dateModified\":\"2025-10-06T08:09:25+00:00\",\"description\":\"Tomo namuose gyvena ne \u0161uo, ne \u017eiurk\u0117nas ir net ne tarantulas. Jo nam\u0173 augintiniai yra... drakonai! Keis\u010diausia, kad jis i\u0161sirito i\u0161 vaisiaus, kur\u012f Tomas\",\"breadcrumb\":{\"@id\":\"https:\/\/skaitytaknyga.lt\/produktas\/berniukas-kuris-augino-drakonus\/#breadcrumb\"},\"inLanguage\":\"en-GB\",\"potentialAction\":[{\"@type\":\"ReadAction\",\"target\":[\"https:\/\/skaitytaknyga.lt\/produktas\/berniukas-kuris-augino-drakonus\/\"]}]},{\"@type\":\"ImageObject\",\"inLanguage\":\"en-GB\",\"@id\":\"https:\/\/skaitytaknyga.lt\/produktas\/berniukas-kuris-augino-drakonus\/#primaryimage\",\"url\":\"https:\/\/skaitytaknyga.lt\/wp-content\/uploads\/2025\/10\/Berniukas-kuris-augino-drakonus-1.webp\",\"contentUrl\":\"https:\/\/skaitytaknyga.lt\/wp-content\/uploads\/2025\/10\/Berniukas-kuris-augino-drakonus-1.webp\",\"width\":300,\"height\":450,\"caption\":\"Berniukas, kuris augino drakonus\"},{\"@type\":\"BreadcrumbList\",\"@id\":\"https:\/\/skaitytaknyga.lt\/produktas\/berniukas-kuris-augino-drakonus\/#breadcrumb\",\"itemListElement\":[{\"@type\":\"ListItem\",\"position\":1,\"name\":\"Home\",\"item\":\"https:\/\/skaitytaknyga.lt\/\"},{\"@type\":\"ListItem\",\"position\":2,\"name\":\"Parduotuv\u0117\",\"item\":\"https:\/\/skaitytaknyga.lt\/knygu-parduotuve\/\"},{\"@type\":\"ListItem\",\"position\":3,\"name\":\"Berniukas, kuris augino drakonus\"}]},{\"@type\":\"WebSite\",\"@id\":\"https:\/\/skaitytaknyga.lt\/#website\",\"url\":\"https:\/\/skaitytaknyga.lt\/\",\"name\":\"skaitytaknyga.lt\",\"description\":\"Skaitytaknyga.lt \u2013 tai ma\u017eas \u0161eimos verslas, kuris prasid\u0117jo nuo meil\u0117s knygoms ir siekio i\u0161gelb\u0117ti knygas nuo likimo prie konteinerio. Kas vienam nereikalingas daiktas \u2013 kitam lobis, o mes esame tarpininkai, kurie padeda abiems tapti laimingesniems ???? \u017dinome kaip nelengva i\u0161gyventi ma\u017eiems verslams, tad nuo \u0161iol, \u010dia rasite ir kit\u0173, ma\u017e\u0173 \u0161eim\u0173 versl\u0173, rank\u0173 darbo, dovan\u0173 sau ir artimiesiems.\",\"publisher\":{\"@id\":\"https:\/\/skaitytaknyga.lt\/#organization\"},\"potentialAction\":[{\"@type\":\"SearchAction\",\"target\":{\"@type\":\"EntryPoint\",\"urlTemplate\":\"https:\/\/skaitytaknyga.lt\/?s={search_term_string}\"},\"query-input\":{\"@type\":\"PropertyValueSpecification\",\"valueRequired\":true,\"valueName\":\"search_term_string\"}}],\"inLanguage\":\"en-GB\"},{\"@type\":\"Organization\",\"@id\":\"https:\/\/skaitytaknyga.lt\/#organization\",\"name\":\"skaitytaknyga.lt\",\"url\":\"https:\/\/skaitytaknyga.lt\/\",\"logo\":{\"@type\":\"ImageObject\",\"inLanguage\":\"en-GB\",\"@id\":\"https:\/\/skaitytaknyga.lt\/#\/schema\/logo\/image\/\",\"url\":\"https:\/\/skaitytaknyga.lt\/wp-content\/uploads\/2024\/05\/cropped-cropped-cropped-02_00843_jt3bggkj1j3HLc7SyY6rEUpg.jpeg\",\"contentUrl\":\"https:\/\/skaitytaknyga.lt\/wp-content\/uploads\/2024\/05\/cropped-cropped-cropped-02_00843_jt3bggkj1j3HLc7SyY6rEUpg.jpeg\",\"width\":1600,\"height\":1600,\"caption\":\"skaitytaknyga.lt\"},\"image\":{\"@id\":\"https:\/\/skaitytaknyga.lt\/#\/schema\/logo\/image\/\"},\"sameAs\":[\"https:\/\/www.facebook.com\/skaitytaknyga\/\"]}]}<\/script>\n<!-- \/ Yoast SEO plugin. -->","yoast_head_json":{"title":"Berniukas, kuris augino drakonus","description":"Tomo namuose gyvena ne \u0161uo, ne \u017eiurk\u0117nas ir net ne tarantulas. Jo nam\u0173 augintiniai yra... drakonai! Keis\u010diausia, kad jis i\u0161sirito i\u0161 vaisiaus, kur\u012f Tomas","robots":{"index":"index","follow":"follow","max-snippet":"max-snippet:-1","max-image-preview":"max-image-preview:large","max-video-preview":"max-video-preview:-1"},"canonical":"https:\/\/skaitytaknyga.lt\/en\/produktas\/berniukas-kuris-augino-drakonus\/","og_locale":"en_GB","og_type":"article","og_title":"[:lt]Berniukas, kuris augino drakonus[:] - Skaitytaknyga","og_description":"Tomo namuose gyvena ne \u0161uo, ne \u017eiurk\u0117nas ir net ne tarantulas. Jo nam\u0173 augintiniai yra... drakonai! Keis\u010diausia, kad jis i\u0161sirito i\u0161 vaisiaus, kur\u012f Tomas","og_url":"https:\/\/skaitytaknyga.lt\/en\/produktas\/berniukas-kuris-augino-drakonus\/","og_site_name":"Skaitytaknyga","article_publisher":"https:\/\/www.facebook.com\/skaitytaknyga\/","article_modified_time":"2025-10-06T08:09:25+00:00","og_image":[{"width":300,"height":450,"url":"https:\/\/skaitytaknyga.lt\/wp-content\/uploads\/2025\/10\/Berniukas-kuris-augino-drakonus-1.webp","type":"image\/webp"}],"twitter_card":"summary_large_image","twitter_misc":{"Estimated reading time":"1 minute"},"schema":{"@context":"https:\/\/schema.org","@graph":[{"@type":"WebPage","@id":"https:\/\/skaitytaknyga.lt\/produktas\/berniukas-kuris-augino-drakonus\/","url":"https:\/\/skaitytaknyga.lt\/produktas\/berniukas-kuris-augino-drakonus\/","name":"Berniukas, kuris augino drakonus","isPartOf":{"@id":"https:\/\/skaitytaknyga.lt\/#website"},"primaryImageOfPage":{"@id":"https:\/\/skaitytaknyga.lt\/produktas\/berniukas-kuris-augino-drakonus\/#primaryimage"},"image":{"@id":"https:\/\/skaitytaknyga.lt\/produktas\/berniukas-kuris-augino-drakonus\/#primaryimage"},"thumbnailUrl":"https:\/\/skaitytaknyga.lt\/wp-content\/uploads\/2025\/10\/Berniukas-kuris-augino-drakonus-1.webp","datePublished":"2025-10-02T13:32:44+00:00","dateModified":"2025-10-06T08:09:25+00:00","description":"Tomo namuose gyvena ne \u0161uo, ne \u017eiurk\u0117nas ir net ne tarantulas. Jo nam\u0173 augintiniai yra... drakonai! Keis\u010diausia, kad jis i\u0161sirito i\u0161 vaisiaus, kur\u012f Tomas","breadcrumb":{"@id":"https:\/\/skaitytaknyga.lt\/produktas\/berniukas-kuris-augino-drakonus\/#breadcrumb"},"inLanguage":"en-GB","potentialAction":[{"@type":"ReadAction","target":["https:\/\/skaitytaknyga.lt\/produktas\/berniukas-kuris-augino-drakonus\/"]}]},{"@type":"ImageObject","inLanguage":"en-GB","@id":"https:\/\/skaitytaknyga.lt\/produktas\/berniukas-kuris-augino-drakonus\/#primaryimage","url":"https:\/\/skaitytaknyga.lt\/wp-content\/uploads\/2025\/10\/Berniukas-kuris-augino-drakonus-1.webp","contentUrl":"https:\/\/skaitytaknyga.lt\/wp-content\/uploads\/2025\/10\/Berniukas-kuris-augino-drakonus-1.webp","width":300,"height":450,"caption":"Berniukas, kuris augino drakonus"},{"@type":"BreadcrumbList","@id":"https:\/\/skaitytaknyga.lt\/produktas\/berniukas-kuris-augino-drakonus\/#breadcrumb","itemListElement":[{"@type":"ListItem","position":1,"name":"Home","item":"https:\/\/skaitytaknyga.lt\/"},{"@type":"ListItem","position":2,"name":"Parduotuv\u0117","item":"https:\/\/skaitytaknyga.lt\/knygu-parduotuve\/"},{"@type":"ListItem","position":3,"name":"Berniukas, kuris augino drakonus"}]},{"@type":"WebSite","@id":"https:\/\/skaitytaknyga.lt\/#website","url":"https:\/\/skaitytaknyga.lt\/","name":"skaitytaknyga.lt","description":"Skaitytaknyga.lt \u2013 tai ma\u017eas \u0161eimos verslas, kuris prasid\u0117jo nuo meil\u0117s knygoms ir siekio i\u0161gelb\u0117ti knygas nuo likimo prie konteinerio. Kas vienam nereikalingas daiktas \u2013 kitam lobis, o mes esame tarpininkai, kurie padeda abiems tapti laimingesniems ???? \u017dinome kaip nelengva i\u0161gyventi ma\u017eiems verslams, tad nuo \u0161iol, \u010dia rasite ir kit\u0173, ma\u017e\u0173 \u0161eim\u0173 versl\u0173, rank\u0173 darbo, dovan\u0173 sau ir artimiesiems.","publisher":{"@id":"https:\/\/skaitytaknyga.lt\/#organization"},"potentialAction":[{"@type":"SearchAction","target":{"@type":"EntryPoint","urlTemplate":"https:\/\/skaitytaknyga.lt\/?s={search_term_string}"},"query-input":{"@type":"PropertyValueSpecification","valueRequired":true,"valueName":"search_term_string"}}],"inLanguage":"en-GB"},{"@type":"Organization","@id":"https:\/\/skaitytaknyga.lt\/#organization","name":"skaitytaknyga.lt","url":"https:\/\/skaitytaknyga.lt\/","logo":{"@type":"ImageObject","inLanguage":"en-GB","@id":"https:\/\/skaitytaknyga.lt\/#\/schema\/logo\/image\/","url":"https:\/\/skaitytaknyga.lt\/wp-content\/uploads\/2024\/05\/cropped-cropped-cropped-02_00843_jt3bggkj1j3HLc7SyY6rEUpg.jpeg","contentUrl":"https:\/\/skaitytaknyga.lt\/wp-content\/uploads\/2024\/05\/cropped-cropped-cropped-02_00843_jt3bggkj1j3HLc7SyY6rEUpg.jpeg","width":1600,"height":1600,"caption":"skaitytaknyga.lt"},"image":{"@id":"https:\/\/skaitytaknyga.lt\/#\/schema\/logo\/image\/"},"sameAs":["https:\/\/www.facebook.com\/skaitytaknyga\/"]}]}},"_links":{"self":[{"href":"https:\/\/skaitytaknyga.lt\/en\/wp-json\/wp\/v2\/product\/21155","targetHints":{"allow":["GET"]}}],"collection":[{"href":"https:\/\/skaitytaknyga.lt\/en\/wp-json\/wp\/v2\/product"}],"about":[{"href":"https:\/\/skaitytaknyga.lt\/en\/wp-json\/wp\/v2\/types\/product"}],"replies":[{"embeddable":true,"href":"https:\/\/skaitytaknyga.lt\/en\/wp-json\/wp\/v2\/comments?post=21155"}],"wp:featuredmedia":[{"embeddable":true,"href":"https:\/\/skaitytaknyga.lt\/en\/wp-json\/wp\/v2\/media\/21167"}],"wp:attachment":[{"href":"https:\/\/skaitytaknyga.lt\/en\/wp-json\/wp\/v2\/media?parent=21155"}],"wp:term":[{"taxonomy":"product_brand","embeddable":true,"href":"https:\/\/skaitytaknyga.lt\/en\/wp-json\/wp\/v2\/product_brand?post=21155"},{"taxonomy":"product_cat","embeddable":true,"href":"https:\/\/skaitytaknyga.lt\/en\/wp-json\/wp\/v2\/product_cat?post=21155"},{"taxonomy":"product_tag","embeddable":true,"href":"https:\/\/skaitytaknyga.lt\/en\/wp-json\/wp\/v2\/product_tag?post=21155"}],"curies":[{"name":"wp","href":"https:\/\/api.w.org\/{rel}","templated":true}]}}