{"id":21153,"date":"2025-10-02T16:32:44","date_gmt":"2025-10-02T13:32:44","guid":{"rendered":"https:\/\/skaitytaknyga.lt\/?post_type=product&#038;p=21153"},"modified":"2026-03-05T16:11:26","modified_gmt":"2026-03-05T14:11:26","slug":"pasakos-kalbanciam-tigrui","status":"publish","type":"product","link":"https:\/\/skaitytaknyga.lt\/en\/produktas\/pasakos-kalbanciam-tigrui\/","title":{"rendered":"Pasakos kalban\u010diam tigrui"},"content":{"rendered":"<p>Nebijokit \u2013 tikrai nepavojingas ir neketinantis su\u0117sti skaitytoj\u0173. Jam tik reikia \u017eod\u017ei\u0173. Pasak\u0173 ir eil\u0117ra\u0161\u010di\u0173. Ir netik\u0117\u010diausi\u0173 istorij\u0173 apie didel\u012f, negra\u017e\u0173, bet labai ger\u0105 drambl\u012f El\u012f, apie li\u016bt\u0105 Sem\u0105, kuris mok\u0117jo staugti tik tyliai, ar apie tai, kaip sena mo\u010diut\u0117 Silk\u0117 suman\u0117 j\u016br\u0105 padaryti didesn\u0119.<\/p>\n<p>Pasisotins ne tik alkanas tigras, bet ir visi iki vieno skaitytojai. Ir, svarbiausia, nuo \u0161i\u0173 pasak\u0173 neskauda pilvuko.<\/p>\n<p>\u0160ioje knygoje gyvena TIGRAS!<\/p>\n","protected":false},"excerpt":{"rendered":"<p>Nebijokit \u2013 tikrai nepavojingas ir neketinantis su\u0117sti skaitytoj\u0173. Jam tik reikia \u017eod\u017ei\u0173. Pasak\u0173 ir eil\u0117ra\u0161\u010di\u0173. Ir netik\u0117\u010diausi\u0173 istorij\u0173 apie didel\u012f, negra\u017e\u0173, bet labai ger\u0105 drambl\u012f El\u012f, apie li\u016bt\u0105 Sem\u0105, kuris mok\u0117jo staugti tik tyliai, ar apie tai, kaip sena mo\u010diut\u0117 Silk\u0117 suman\u0117 j\u016br\u0105 padaryti didesn\u0119. Pasisotins ne tik alkanas tigras, bet ir visi iki vieno skaitytojai. Ir, svarbiausia, nuo \u0161i\u0173 pasak\u0173 neskauda pilvuko. \u0160ioje knygoje gyvena TIGRAS!<\/p>\n","protected":false},"featured_media":21165,"comment_status":"open","ping_status":"closed","template":"","meta":{"_acf_changed":false,"site-sidebar-layout":"default","site-content-layout":"","ast-site-content-layout":"default","site-content-style":"default","site-sidebar-style":"default","ast-global-header-display":"","ast-banner-title-visibility":"","ast-main-header-display":"","ast-hfb-above-header-display":"","ast-hfb-below-header-display":"","ast-hfb-mobile-header-display":"","site-post-title":"","ast-breadcrumbs-content":"","ast-featured-img":"","footer-sml-layout":"","ast-disable-related-posts":"","theme-transparent-header-meta":"","adv-header-id-meta":"","stick-header-meta":"","header-above-stick-meta":"","header-main-stick-meta":"","header-below-stick-meta":"","astra-migrate-meta-layouts":"default","ast-page-background-enabled":"default","ast-page-background-meta":{"desktop":{"background-color":"","background-image":"","background-repeat":"repeat","background-position":"center center","background-size":"auto","background-attachment":"scroll","background-type":"","background-media":"","overlay-type":"","overlay-color":"","overlay-opacity":"","overlay-gradient":""},"tablet":{"background-color":"","background-image":"","background-repeat":"repeat","background-position":"center center","background-size":"auto","background-attachment":"scroll","background-type":"","background-media":"","overlay-type":"","overlay-color":"","overlay-opacity":"","overlay-gradient":""},"mobile":{"background-color":"","background-image":"","background-repeat":"repeat","background-position":"center center","background-size":"auto","background-attachment":"scroll","background-type":"","background-media":"","overlay-type":"","overlay-color":"","overlay-opacity":"","overlay-gradient":""}},"ast-content-background-meta":{"desktop":{"background-color":"var(--ast-global-color-4)","background-image":"","background-repeat":"repeat","background-position":"center center","background-size":"auto","background-attachment":"scroll","background-type":"","background-media":"","overlay-type":"","overlay-color":"","overlay-opacity":"","overlay-gradient":""},"tablet":{"background-color":"var(--ast-global-color-4)","background-image":"","background-repeat":"repeat","background-position":"center center","background-size":"auto","background-attachment":"scroll","background-type":"","background-media":"","overlay-type":"","overlay-color":"","overlay-opacity":"","overlay-gradient":""},"mobile":{"background-color":"var(--ast-global-color-4)","background-image":"","background-repeat":"repeat","background-position":"center center","background-size":"auto","background-attachment":"scroll","background-type":"","background-media":"","overlay-type":"","overlay-color":"","overlay-opacity":"","overlay-gradient":""}}},"product_brand":[],"product_cat":[9672],"product_tag":[4371,2054,1785],"class_list":{"0":"post-21153","1":"product","2":"type-product","3":"status-publish","4":"has-post-thumbnail","6":"product_cat-pasakos","7":"product_tag-eilerasciai","8":"product_tag-gyvunai","9":"product_tag-vaikams","10":"desktop-align-left","11":"tablet-align-left","12":"mobile-align-left","14":"first","15":"instock","16":"shipping-taxable","17":"purchasable","18":"product-type-simple"},"acf":[],"yoast_head":"<!-- This site is optimized with the Yoast SEO plugin v27.0 - https:\/\/yoast.com\/product\/yoast-seo-wordpress\/ -->\n<title>Pasakos kalban\u010diam tigrui<\/title>\n<meta name=\"description\" content=\"Nebijokit \u2013 tikrai nepavojingas ir neketinantis su\u0117sti skaitytoj\u0173. Jam tik reikia \u017eod\u017ei\u0173. Pasak\u0173 ir eil\u0117ra\u0161\u010di\u0173. Ir netik\u0117\u010diausi\u0173 istorij\u0173 apie didel\u012f,\" \/>\n<meta name=\"robots\" content=\"index, follow, max-snippet:-1, max-image-preview:large, max-video-preview:-1\" \/>\n<link rel=\"canonical\" href=\"https:\/\/skaitytaknyga.lt\/en\/produktas\/pasakos-kalbanciam-tigrui\/\" \/>\n<meta property=\"og:locale\" content=\"en_GB\" \/>\n<meta property=\"og:locale:alternate\" content=\"lt_LT\" \/>\n<meta property=\"og:type\" content=\"article\" \/>\n<meta property=\"og:title\" content=\"Pasakos kalban\u010diam tigrui\" \/>\n<meta property=\"og:description\" content=\"Nebijokit \u2013 tikrai nepavojingas ir neketinantis su\u0117sti skaitytoj\u0173. Jam tik reikia \u017eod\u017ei\u0173. Pasak\u0173 ir eil\u0117ra\u0161\u010di\u0173. Ir netik\u0117\u010diausi\u0173 istorij\u0173 apie didel\u012f,\" \/>\n<meta property=\"og:url\" content=\"https:\/\/skaitytaknyga.lt\/en\/produktas\/pasakos-kalbanciam-tigrui\/\" \/>\n<meta property=\"og:site_name\" content=\"Skaitytaknyga\" \/>\n<meta property=\"article:publisher\" content=\"https:\/\/www.facebook.com\/skaitytaknyga\/\" \/>\n<meta property=\"article:modified_time\" content=\"2026-03-05T14:11:26+00:00\" \/>\n<meta property=\"og:image\" content=\"https:\/\/skaitytaknyga.lt\/wp-content\/uploads\/2025\/10\/Pasakos-kalbanciam-tigrui.webp\" \/>\n\t<meta property=\"og:image:width\" content=\"260\" \/>\n\t<meta property=\"og:image:height\" content=\"356\" \/>\n\t<meta property=\"og:image:type\" content=\"image\/webp\" \/>\n<meta name=\"twitter:card\" content=\"summary_large_image\" \/>\n<script type=\"application\/ld+json\" class=\"yoast-schema-graph\">{\"@context\":\"https:\/\/schema.org\",\"@graph\":[{\"@type\":\"WebPage\",\"@id\":\"https:\/\/skaitytaknyga.lt\/produktas\/pasakos-kalbanciam-tigrui\/\",\"url\":\"https:\/\/skaitytaknyga.lt\/produktas\/pasakos-kalbanciam-tigrui\/\",\"name\":\"Pasakos kalban\u010diam tigrui\",\"isPartOf\":{\"@id\":\"https:\/\/skaitytaknyga.lt\/#website\"},\"primaryImageOfPage\":{\"@id\":\"https:\/\/skaitytaknyga.lt\/produktas\/pasakos-kalbanciam-tigrui\/#primaryimage\"},\"image\":{\"@id\":\"https:\/\/skaitytaknyga.lt\/produktas\/pasakos-kalbanciam-tigrui\/#primaryimage\"},\"thumbnailUrl\":\"https:\/\/skaitytaknyga.lt\/wp-content\/uploads\/2025\/10\/Pasakos-kalbanciam-tigrui.webp\",\"datePublished\":\"2025-10-02T13:32:44+00:00\",\"dateModified\":\"2026-03-05T14:11:26+00:00\",\"description\":\"Nebijokit \u2013 tikrai nepavojingas ir neketinantis su\u0117sti skaitytoj\u0173. Jam tik reikia \u017eod\u017ei\u0173. Pasak\u0173 ir eil\u0117ra\u0161\u010di\u0173. Ir netik\u0117\u010diausi\u0173 istorij\u0173 apie didel\u012f,\",\"breadcrumb\":{\"@id\":\"https:\/\/skaitytaknyga.lt\/produktas\/pasakos-kalbanciam-tigrui\/#breadcrumb\"},\"inLanguage\":\"en-GB\",\"potentialAction\":[{\"@type\":\"ReadAction\",\"target\":[\"https:\/\/skaitytaknyga.lt\/produktas\/pasakos-kalbanciam-tigrui\/\"]}]},{\"@type\":\"ImageObject\",\"inLanguage\":\"en-GB\",\"@id\":\"https:\/\/skaitytaknyga.lt\/produktas\/pasakos-kalbanciam-tigrui\/#primaryimage\",\"url\":\"https:\/\/skaitytaknyga.lt\/wp-content\/uploads\/2025\/10\/Pasakos-kalbanciam-tigrui.webp\",\"contentUrl\":\"https:\/\/skaitytaknyga.lt\/wp-content\/uploads\/2025\/10\/Pasakos-kalbanciam-tigrui.webp\",\"width\":260,\"height\":356,\"caption\":\"Pasakos kalban\u010diam tigrui\"},{\"@type\":\"BreadcrumbList\",\"@id\":\"https:\/\/skaitytaknyga.lt\/produktas\/pasakos-kalbanciam-tigrui\/#breadcrumb\",\"itemListElement\":[{\"@type\":\"ListItem\",\"position\":1,\"name\":\"Home\",\"item\":\"https:\/\/skaitytaknyga.lt\/\"},{\"@type\":\"ListItem\",\"position\":2,\"name\":\"Parduotuv\u0117\",\"item\":\"https:\/\/skaitytaknyga.lt\/knygu-parduotuve\/\"},{\"@type\":\"ListItem\",\"position\":3,\"name\":\"Pasakos kalban\u010diam tigrui\"}]},{\"@type\":\"WebSite\",\"@id\":\"https:\/\/skaitytaknyga.lt\/#website\",\"url\":\"https:\/\/skaitytaknyga.lt\/\",\"name\":\"skaitytaknyga.lt\",\"description\":\"Skaitytaknyga.lt \u2013 tai ma\u017eas \u0161eimos verslas, kuris prasid\u0117jo nuo meil\u0117s knygoms ir siekio i\u0161gelb\u0117ti knygas nuo likimo prie konteinerio. Kas vienam nereikalingas daiktas \u2013 kitam lobis, o mes esame tarpininkai, kurie padeda abiems tapti laimingesniems ???? \u017dinome kaip nelengva i\u0161gyventi ma\u017eiems verslams, tad nuo \u0161iol, \u010dia rasite ir kit\u0173, ma\u017e\u0173 \u0161eim\u0173 versl\u0173, rank\u0173 darbo, dovan\u0173 sau ir artimiesiems.\",\"publisher\":{\"@id\":\"https:\/\/skaitytaknyga.lt\/#organization\"},\"potentialAction\":[{\"@type\":\"SearchAction\",\"target\":{\"@type\":\"EntryPoint\",\"urlTemplate\":\"https:\/\/skaitytaknyga.lt\/?s={search_term_string}\"},\"query-input\":{\"@type\":\"PropertyValueSpecification\",\"valueRequired\":true,\"valueName\":\"search_term_string\"}}],\"inLanguage\":\"en-GB\"},{\"@type\":\"Organization\",\"@id\":\"https:\/\/skaitytaknyga.lt\/#organization\",\"name\":\"skaitytaknyga.lt\",\"url\":\"https:\/\/skaitytaknyga.lt\/\",\"logo\":{\"@type\":\"ImageObject\",\"inLanguage\":\"en-GB\",\"@id\":\"https:\/\/skaitytaknyga.lt\/#\/schema\/logo\/image\/\",\"url\":\"https:\/\/skaitytaknyga.lt\/wp-content\/uploads\/2024\/05\/cropped-cropped-cropped-02_00843_jt3bggkj1j3HLc7SyY6rEUpg.jpeg\",\"contentUrl\":\"https:\/\/skaitytaknyga.lt\/wp-content\/uploads\/2024\/05\/cropped-cropped-cropped-02_00843_jt3bggkj1j3HLc7SyY6rEUpg.jpeg\",\"width\":1600,\"height\":1600,\"caption\":\"skaitytaknyga.lt\"},\"image\":{\"@id\":\"https:\/\/skaitytaknyga.lt\/#\/schema\/logo\/image\/\"},\"sameAs\":[\"https:\/\/www.facebook.com\/skaitytaknyga\/\"]}]}<\/script>\n<!-- \/ Yoast SEO plugin. -->","yoast_head_json":{"title":"Pasakos kalban\u010diam tigrui","description":"Nebijokit \u2013 tikrai nepavojingas ir neketinantis su\u0117sti skaitytoj\u0173. Jam tik reikia \u017eod\u017ei\u0173. Pasak\u0173 ir eil\u0117ra\u0161\u010di\u0173. Ir netik\u0117\u010diausi\u0173 istorij\u0173 apie didel\u012f,","robots":{"index":"index","follow":"follow","max-snippet":"max-snippet:-1","max-image-preview":"max-image-preview:large","max-video-preview":"max-video-preview:-1"},"canonical":"https:\/\/skaitytaknyga.lt\/en\/produktas\/pasakos-kalbanciam-tigrui\/","og_locale":"en_GB","og_type":"article","og_title":"[:lt]Pasakos kalban\u010diam tigrui[:] - Skaitytaknyga","og_description":"Nebijokit \u2013 tikrai nepavojingas ir neketinantis su\u0117sti skaitytoj\u0173. Jam tik reikia \u017eod\u017ei\u0173. Pasak\u0173 ir eil\u0117ra\u0161\u010di\u0173. Ir netik\u0117\u010diausi\u0173 istorij\u0173 apie didel\u012f,","og_url":"https:\/\/skaitytaknyga.lt\/en\/produktas\/pasakos-kalbanciam-tigrui\/","og_site_name":"Skaitytaknyga","article_publisher":"https:\/\/www.facebook.com\/skaitytaknyga\/","article_modified_time":"2026-03-05T14:11:26+00:00","og_image":[{"width":260,"height":356,"url":"https:\/\/skaitytaknyga.lt\/wp-content\/uploads\/2025\/10\/Pasakos-kalbanciam-tigrui.webp","type":"image\/webp"}],"twitter_card":"summary_large_image","schema":{"@context":"https:\/\/schema.org","@graph":[{"@type":"WebPage","@id":"https:\/\/skaitytaknyga.lt\/produktas\/pasakos-kalbanciam-tigrui\/","url":"https:\/\/skaitytaknyga.lt\/produktas\/pasakos-kalbanciam-tigrui\/","name":"Pasakos kalban\u010diam tigrui","isPartOf":{"@id":"https:\/\/skaitytaknyga.lt\/#website"},"primaryImageOfPage":{"@id":"https:\/\/skaitytaknyga.lt\/produktas\/pasakos-kalbanciam-tigrui\/#primaryimage"},"image":{"@id":"https:\/\/skaitytaknyga.lt\/produktas\/pasakos-kalbanciam-tigrui\/#primaryimage"},"thumbnailUrl":"https:\/\/skaitytaknyga.lt\/wp-content\/uploads\/2025\/10\/Pasakos-kalbanciam-tigrui.webp","datePublished":"2025-10-02T13:32:44+00:00","dateModified":"2026-03-05T14:11:26+00:00","description":"Nebijokit \u2013 tikrai nepavojingas ir neketinantis su\u0117sti skaitytoj\u0173. Jam tik reikia \u017eod\u017ei\u0173. Pasak\u0173 ir eil\u0117ra\u0161\u010di\u0173. Ir netik\u0117\u010diausi\u0173 istorij\u0173 apie didel\u012f,","breadcrumb":{"@id":"https:\/\/skaitytaknyga.lt\/produktas\/pasakos-kalbanciam-tigrui\/#breadcrumb"},"inLanguage":"en-GB","potentialAction":[{"@type":"ReadAction","target":["https:\/\/skaitytaknyga.lt\/produktas\/pasakos-kalbanciam-tigrui\/"]}]},{"@type":"ImageObject","inLanguage":"en-GB","@id":"https:\/\/skaitytaknyga.lt\/produktas\/pasakos-kalbanciam-tigrui\/#primaryimage","url":"https:\/\/skaitytaknyga.lt\/wp-content\/uploads\/2025\/10\/Pasakos-kalbanciam-tigrui.webp","contentUrl":"https:\/\/skaitytaknyga.lt\/wp-content\/uploads\/2025\/10\/Pasakos-kalbanciam-tigrui.webp","width":260,"height":356,"caption":"Pasakos kalban\u010diam tigrui"},{"@type":"BreadcrumbList","@id":"https:\/\/skaitytaknyga.lt\/produktas\/pasakos-kalbanciam-tigrui\/#breadcrumb","itemListElement":[{"@type":"ListItem","position":1,"name":"Home","item":"https:\/\/skaitytaknyga.lt\/"},{"@type":"ListItem","position":2,"name":"Parduotuv\u0117","item":"https:\/\/skaitytaknyga.lt\/knygu-parduotuve\/"},{"@type":"ListItem","position":3,"name":"Pasakos kalban\u010diam tigrui"}]},{"@type":"WebSite","@id":"https:\/\/skaitytaknyga.lt\/#website","url":"https:\/\/skaitytaknyga.lt\/","name":"skaitytaknyga.lt","description":"Skaitytaknyga.lt \u2013 tai ma\u017eas \u0161eimos verslas, kuris prasid\u0117jo nuo meil\u0117s knygoms ir siekio i\u0161gelb\u0117ti knygas nuo likimo prie konteinerio. Kas vienam nereikalingas daiktas \u2013 kitam lobis, o mes esame tarpininkai, kurie padeda abiems tapti laimingesniems ???? \u017dinome kaip nelengva i\u0161gyventi ma\u017eiems verslams, tad nuo \u0161iol, \u010dia rasite ir kit\u0173, ma\u017e\u0173 \u0161eim\u0173 versl\u0173, rank\u0173 darbo, dovan\u0173 sau ir artimiesiems.","publisher":{"@id":"https:\/\/skaitytaknyga.lt\/#organization"},"potentialAction":[{"@type":"SearchAction","target":{"@type":"EntryPoint","urlTemplate":"https:\/\/skaitytaknyga.lt\/?s={search_term_string}"},"query-input":{"@type":"PropertyValueSpecification","valueRequired":true,"valueName":"search_term_string"}}],"inLanguage":"en-GB"},{"@type":"Organization","@id":"https:\/\/skaitytaknyga.lt\/#organization","name":"skaitytaknyga.lt","url":"https:\/\/skaitytaknyga.lt\/","logo":{"@type":"ImageObject","inLanguage":"en-GB","@id":"https:\/\/skaitytaknyga.lt\/#\/schema\/logo\/image\/","url":"https:\/\/skaitytaknyga.lt\/wp-content\/uploads\/2024\/05\/cropped-cropped-cropped-02_00843_jt3bggkj1j3HLc7SyY6rEUpg.jpeg","contentUrl":"https:\/\/skaitytaknyga.lt\/wp-content\/uploads\/2024\/05\/cropped-cropped-cropped-02_00843_jt3bggkj1j3HLc7SyY6rEUpg.jpeg","width":1600,"height":1600,"caption":"skaitytaknyga.lt"},"image":{"@id":"https:\/\/skaitytaknyga.lt\/#\/schema\/logo\/image\/"},"sameAs":["https:\/\/www.facebook.com\/skaitytaknyga\/"]}]}},"_links":{"self":[{"href":"https:\/\/skaitytaknyga.lt\/en\/wp-json\/wp\/v2\/product\/21153","targetHints":{"allow":["GET"]}}],"collection":[{"href":"https:\/\/skaitytaknyga.lt\/en\/wp-json\/wp\/v2\/product"}],"about":[{"href":"https:\/\/skaitytaknyga.lt\/en\/wp-json\/wp\/v2\/types\/product"}],"replies":[{"embeddable":true,"href":"https:\/\/skaitytaknyga.lt\/en\/wp-json\/wp\/v2\/comments?post=21153"}],"wp:featuredmedia":[{"embeddable":true,"href":"https:\/\/skaitytaknyga.lt\/en\/wp-json\/wp\/v2\/media\/21165"}],"wp:attachment":[{"href":"https:\/\/skaitytaknyga.lt\/en\/wp-json\/wp\/v2\/media?parent=21153"}],"wp:term":[{"taxonomy":"product_brand","embeddable":true,"href":"https:\/\/skaitytaknyga.lt\/en\/wp-json\/wp\/v2\/product_brand?post=21153"},{"taxonomy":"product_cat","embeddable":true,"href":"https:\/\/skaitytaknyga.lt\/en\/wp-json\/wp\/v2\/product_cat?post=21153"},{"taxonomy":"product_tag","embeddable":true,"href":"https:\/\/skaitytaknyga.lt\/en\/wp-json\/wp\/v2\/product_tag?post=21153"}],"curies":[{"name":"wp","href":"https:\/\/api.w.org\/{rel}","templated":true}]}}