{"id":21152,"date":"2025-10-02T16:32:44","date_gmt":"2025-10-02T13:32:44","guid":{"rendered":"https:\/\/skaitytaknyga.lt\/?post_type=product&#038;p=21152"},"modified":"2025-10-06T11:09:18","modified_gmt":"2025-10-06T08:09:18","slug":"pietinia-kronikas","status":"publish","type":"product","link":"https:\/\/skaitytaknyga.lt\/en\/produktas\/pietinia-kronikas\/","title":{"rendered":"Pietinia kronikas"},"content":{"rendered":"<p>\u0160iauliai. Vieno vaikino istorija i\u0161kart po nepriklausomyb\u0117s. Ko\u017eos ir treningai, meil\u0117 ir pinigai, laukinis kapitalizmas ir regbis. Juokas pro a\u0161aras&#8230; i viskas \u2013 originals.<\/p>\n<p>\u201ePietinia kronikas\u201c \u2013 romanas, kokio Lietuvoje dar nebuvo. Laiko ma\u0161ina, be atsikalbin\u0117jim\u0173 panardinanti \u012f netolim\u0105 istorij\u0105 \u2013 XX a. pabaig\u0105. Skaitytojas neturi kur trauktis. Atsivert\u0119s knyg\u0105, jis jau yra ano meto \u0160iauliuose, mato jaunus BIX, GIN&#8217; GAS, treningus ir kambar\u012f su \u201eRembo\u201c plakatu ant sienos, va\u017eiuoja su ta\u0161\u0117mis \u012f Latvij\u0105, \u017eaid\u017eia regb\u012f, \u012fsimyli ir nusivilia. Bet tai dar ne viskas. Jis ne tik mato, patiria, bet ir girdi. Nes \u0160iauli\u0173 \u0161neka liejasi laisvai.<\/p>\n<p>Rimantas Kmita \u2013 literat\u016bros kritikas, poetas, ra\u0161ytojas \u2013 pirmuoju savo romanu \u201ePietinia kronikas\u201c stato \u0160iauliams paminkl\u0105. Tai knyga apie \u0160iaulius, para\u0161yta \u0160iauli\u0173 \u0161neka. Apie bach\u016br\u0105 i\u0161 Pietinio rajono anais laukiniais laikais.<\/p>\n","protected":false},"excerpt":{"rendered":"<p>\u0160iauliai. Vieno vaikino istorija i\u0161kart po nepriklausomyb\u0117s. Ko\u017eos ir treningai, meil\u0117 ir pinigai, laukinis kapitalizmas ir regbis. Juokas pro a\u0161aras&#8230; i viskas \u2013 originals. \u201ePietinia kronikas\u201c \u2013 romanas, kokio Lietuvoje dar nebuvo. Laiko ma\u0161ina, be atsikalbin\u0117jim\u0173 panardinanti \u012f netolim\u0105 istorij\u0105 \u2013 XX a. pabaig\u0105. Skaitytojas neturi kur trauktis. Atsivert\u0119s knyg\u0105, jis jau yra ano meto \u0160iauliuose, mato jaunus BIX, GIN&#8217; GAS, treningus ir kambar\u012f su \u201eRembo\u201c plakatu ant sienos, va\u017eiuoja su ta\u0161\u0117mis \u012f Latvij\u0105, \u017eaid\u017eia regb\u012f, \u012fsimyli ir nusivilia. Bet tai dar ne viskas. Jis ne tik mato, patiria, bet ir girdi. Nes \u0160iauli\u0173 \u0161neka liejasi laisvai. Rimantas Kmita \u2013 literat\u016bros kritikas, poetas, ra\u0161ytojas \u2013 pirmuoju savo romanu \u201ePietinia kronikas\u201c stato \u0160iauliams paminkl\u0105. Tai knyga apie \u0160iaulius, para\u0161yta \u0160iauli\u0173 \u0161neka. Apie bach\u016br\u0105 i\u0161 Pietinio rajono anais laukiniais laikais.<\/p>\n","protected":false},"featured_media":21157,"comment_status":"open","ping_status":"closed","template":"","meta":{"_acf_changed":false,"site-sidebar-layout":"default","site-content-layout":"","ast-site-content-layout":"default","site-content-style":"default","site-sidebar-style":"default","ast-global-header-display":"","ast-banner-title-visibility":"","ast-main-header-display":"","ast-hfb-above-header-display":"","ast-hfb-below-header-display":"","ast-hfb-mobile-header-display":"","site-post-title":"","ast-breadcrumbs-content":"","ast-featured-img":"","footer-sml-layout":"","ast-disable-related-posts":"","theme-transparent-header-meta":"","adv-header-id-meta":"","stick-header-meta":"","header-above-stick-meta":"","header-main-stick-meta":"","header-below-stick-meta":"","astra-migrate-meta-layouts":"default","ast-page-background-enabled":"default","ast-page-background-meta":{"desktop":{"background-color":"","background-image":"","background-repeat":"repeat","background-position":"center center","background-size":"auto","background-attachment":"scroll","background-type":"","background-media":"","overlay-type":"","overlay-color":"","overlay-opacity":"","overlay-gradient":""},"tablet":{"background-color":"","background-image":"","background-repeat":"repeat","background-position":"center center","background-size":"auto","background-attachment":"scroll","background-type":"","background-media":"","overlay-type":"","overlay-color":"","overlay-opacity":"","overlay-gradient":""},"mobile":{"background-color":"","background-image":"","background-repeat":"repeat","background-position":"center center","background-size":"auto","background-attachment":"scroll","background-type":"","background-media":"","overlay-type":"","overlay-color":"","overlay-opacity":"","overlay-gradient":""}},"ast-content-background-meta":{"desktop":{"background-color":"var(--ast-global-color-4)","background-image":"","background-repeat":"repeat","background-position":"center center","background-size":"auto","background-attachment":"scroll","background-type":"","background-media":"","overlay-type":"","overlay-color":"","overlay-opacity":"","overlay-gradient":""},"tablet":{"background-color":"var(--ast-global-color-4)","background-image":"","background-repeat":"repeat","background-position":"center center","background-size":"auto","background-attachment":"scroll","background-type":"","background-media":"","overlay-type":"","overlay-color":"","overlay-opacity":"","overlay-gradient":""},"mobile":{"background-color":"var(--ast-global-color-4)","background-image":"","background-repeat":"repeat","background-position":"center center","background-size":"auto","background-attachment":"scroll","background-type":"","background-media":"","overlay-type":"","overlay-color":"","overlay-opacity":"","overlay-gradient":""}}},"product_brand":[],"product_cat":[31],"product_tag":[8420,2489,1744,3408],"class_list":{"0":"post-21152","1":"product","2":"type-product","3":"status-publish","4":"has-post-thumbnail","6":"product_cat-grozine-literatura","7":"product_tag-humoristika","8":"product_tag-jaunimo-literatura","9":"product_tag-lietuviu-literatura","10":"product_tag-miesto-istorija","11":"desktop-align-left","12":"tablet-align-left","13":"mobile-align-left","15":"first","16":"outofstock","17":"shipping-taxable","18":"purchasable","19":"product-type-simple"},"acf":[],"yoast_head":"<!-- This site is optimized with the Yoast SEO plugin v27.0 - https:\/\/yoast.com\/product\/yoast-seo-wordpress\/ -->\n<title>Pietinia kronikas<\/title>\n<meta name=\"description\" content=\"\u0160iauliai. Vieno vaikino istorija i\u0161kart po nepriklausomyb\u0117s. Ko\u017eos ir treningai, meil\u0117 ir pinigai, laukinis kapitalizmas ir regbis. Juokas pro a\u0161aras... i\" \/>\n<meta name=\"robots\" content=\"index, follow, max-snippet:-1, max-image-preview:large, max-video-preview:-1\" \/>\n<link rel=\"canonical\" href=\"https:\/\/skaitytaknyga.lt\/en\/produktas\/pietinia-kronikas\/\" \/>\n<meta property=\"og:locale\" content=\"en_GB\" \/>\n<meta property=\"og:locale:alternate\" content=\"lt_LT\" \/>\n<meta property=\"og:type\" content=\"article\" \/>\n<meta property=\"og:title\" content=\"Pietinia kronikas\" \/>\n<meta property=\"og:description\" content=\"\u0160iauliai. Vieno vaikino istorija i\u0161kart po nepriklausomyb\u0117s. Ko\u017eos ir treningai, meil\u0117 ir pinigai, laukinis kapitalizmas ir regbis. Juokas pro a\u0161aras... i\" \/>\n<meta property=\"og:url\" content=\"https:\/\/skaitytaknyga.lt\/en\/produktas\/pietinia-kronikas\/\" \/>\n<meta property=\"og:site_name\" content=\"Skaitytaknyga\" \/>\n<meta property=\"article:publisher\" content=\"https:\/\/www.facebook.com\/skaitytaknyga\/\" \/>\n<meta property=\"article:modified_time\" content=\"2025-10-06T08:09:18+00:00\" \/>\n<meta property=\"og:image\" content=\"https:\/\/skaitytaknyga.lt\/wp-content\/uploads\/2025\/10\/Pietinia-kronikas-1.webp\" \/>\n\t<meta property=\"og:image:width\" content=\"300\" \/>\n\t<meta property=\"og:image:height\" content=\"450\" \/>\n\t<meta property=\"og:image:type\" content=\"image\/webp\" \/>\n<meta name=\"twitter:card\" content=\"summary_large_image\" \/>\n<meta name=\"twitter:label1\" content=\"Estimated reading time\" \/>\n\t<meta name=\"twitter:data1\" content=\"1 minute\" \/>\n<script type=\"application\/ld+json\" class=\"yoast-schema-graph\">{\"@context\":\"https:\/\/schema.org\",\"@graph\":[{\"@type\":\"WebPage\",\"@id\":\"https:\/\/skaitytaknyga.lt\/produktas\/pietinia-kronikas\/\",\"url\":\"https:\/\/skaitytaknyga.lt\/produktas\/pietinia-kronikas\/\",\"name\":\"Pietinia kronikas\",\"isPartOf\":{\"@id\":\"https:\/\/skaitytaknyga.lt\/#website\"},\"primaryImageOfPage\":{\"@id\":\"https:\/\/skaitytaknyga.lt\/produktas\/pietinia-kronikas\/#primaryimage\"},\"image\":{\"@id\":\"https:\/\/skaitytaknyga.lt\/produktas\/pietinia-kronikas\/#primaryimage\"},\"thumbnailUrl\":\"https:\/\/skaitytaknyga.lt\/wp-content\/uploads\/2025\/10\/Pietinia-kronikas-1.webp\",\"datePublished\":\"2025-10-02T13:32:44+00:00\",\"dateModified\":\"2025-10-06T08:09:18+00:00\",\"description\":\"\u0160iauliai. Vieno vaikino istorija i\u0161kart po nepriklausomyb\u0117s. Ko\u017eos ir treningai, meil\u0117 ir pinigai, laukinis kapitalizmas ir regbis. Juokas pro a\u0161aras... i\",\"breadcrumb\":{\"@id\":\"https:\/\/skaitytaknyga.lt\/produktas\/pietinia-kronikas\/#breadcrumb\"},\"inLanguage\":\"en-GB\",\"potentialAction\":[{\"@type\":\"ReadAction\",\"target\":[\"https:\/\/skaitytaknyga.lt\/produktas\/pietinia-kronikas\/\"]}]},{\"@type\":\"ImageObject\",\"inLanguage\":\"en-GB\",\"@id\":\"https:\/\/skaitytaknyga.lt\/produktas\/pietinia-kronikas\/#primaryimage\",\"url\":\"https:\/\/skaitytaknyga.lt\/wp-content\/uploads\/2025\/10\/Pietinia-kronikas-1.webp\",\"contentUrl\":\"https:\/\/skaitytaknyga.lt\/wp-content\/uploads\/2025\/10\/Pietinia-kronikas-1.webp\",\"width\":300,\"height\":450,\"caption\":\"Pietinia kronikas\"},{\"@type\":\"BreadcrumbList\",\"@id\":\"https:\/\/skaitytaknyga.lt\/produktas\/pietinia-kronikas\/#breadcrumb\",\"itemListElement\":[{\"@type\":\"ListItem\",\"position\":1,\"name\":\"Home\",\"item\":\"https:\/\/skaitytaknyga.lt\/\"},{\"@type\":\"ListItem\",\"position\":2,\"name\":\"Parduotuv\u0117\",\"item\":\"https:\/\/skaitytaknyga.lt\/knygu-parduotuve\/\"},{\"@type\":\"ListItem\",\"position\":3,\"name\":\"Pietinia kronikas\"}]},{\"@type\":\"WebSite\",\"@id\":\"https:\/\/skaitytaknyga.lt\/#website\",\"url\":\"https:\/\/skaitytaknyga.lt\/\",\"name\":\"skaitytaknyga.lt\",\"description\":\"Skaitytaknyga.lt \u2013 tai ma\u017eas \u0161eimos verslas, kuris prasid\u0117jo nuo meil\u0117s knygoms ir siekio i\u0161gelb\u0117ti knygas nuo likimo prie konteinerio. Kas vienam nereikalingas daiktas \u2013 kitam lobis, o mes esame tarpininkai, kurie padeda abiems tapti laimingesniems ???? \u017dinome kaip nelengva i\u0161gyventi ma\u017eiems verslams, tad nuo \u0161iol, \u010dia rasite ir kit\u0173, ma\u017e\u0173 \u0161eim\u0173 versl\u0173, rank\u0173 darbo, dovan\u0173 sau ir artimiesiems.\",\"publisher\":{\"@id\":\"https:\/\/skaitytaknyga.lt\/#organization\"},\"potentialAction\":[{\"@type\":\"SearchAction\",\"target\":{\"@type\":\"EntryPoint\",\"urlTemplate\":\"https:\/\/skaitytaknyga.lt\/?s={search_term_string}\"},\"query-input\":{\"@type\":\"PropertyValueSpecification\",\"valueRequired\":true,\"valueName\":\"search_term_string\"}}],\"inLanguage\":\"en-GB\"},{\"@type\":\"Organization\",\"@id\":\"https:\/\/skaitytaknyga.lt\/#organization\",\"name\":\"skaitytaknyga.lt\",\"url\":\"https:\/\/skaitytaknyga.lt\/\",\"logo\":{\"@type\":\"ImageObject\",\"inLanguage\":\"en-GB\",\"@id\":\"https:\/\/skaitytaknyga.lt\/#\/schema\/logo\/image\/\",\"url\":\"https:\/\/skaitytaknyga.lt\/wp-content\/uploads\/2024\/05\/cropped-cropped-cropped-02_00843_jt3bggkj1j3HLc7SyY6rEUpg.jpeg\",\"contentUrl\":\"https:\/\/skaitytaknyga.lt\/wp-content\/uploads\/2024\/05\/cropped-cropped-cropped-02_00843_jt3bggkj1j3HLc7SyY6rEUpg.jpeg\",\"width\":1600,\"height\":1600,\"caption\":\"skaitytaknyga.lt\"},\"image\":{\"@id\":\"https:\/\/skaitytaknyga.lt\/#\/schema\/logo\/image\/\"},\"sameAs\":[\"https:\/\/www.facebook.com\/skaitytaknyga\/\"]}]}<\/script>\n<!-- \/ Yoast SEO plugin. -->","yoast_head_json":{"title":"Pietinia kronikas","description":"\u0160iauliai. Vieno vaikino istorija i\u0161kart po nepriklausomyb\u0117s. Ko\u017eos ir treningai, meil\u0117 ir pinigai, laukinis kapitalizmas ir regbis. Juokas pro a\u0161aras... i","robots":{"index":"index","follow":"follow","max-snippet":"max-snippet:-1","max-image-preview":"max-image-preview:large","max-video-preview":"max-video-preview:-1"},"canonical":"https:\/\/skaitytaknyga.lt\/en\/produktas\/pietinia-kronikas\/","og_locale":"en_GB","og_type":"article","og_title":"[:lt]Pietinia kronikas[:] - Skaitytaknyga","og_description":"\u0160iauliai. Vieno vaikino istorija i\u0161kart po nepriklausomyb\u0117s. Ko\u017eos ir treningai, meil\u0117 ir pinigai, laukinis kapitalizmas ir regbis. Juokas pro a\u0161aras... i","og_url":"https:\/\/skaitytaknyga.lt\/en\/produktas\/pietinia-kronikas\/","og_site_name":"Skaitytaknyga","article_publisher":"https:\/\/www.facebook.com\/skaitytaknyga\/","article_modified_time":"2025-10-06T08:09:18+00:00","og_image":[{"width":300,"height":450,"url":"https:\/\/skaitytaknyga.lt\/wp-content\/uploads\/2025\/10\/Pietinia-kronikas-1.webp","type":"image\/webp"}],"twitter_card":"summary_large_image","twitter_misc":{"Estimated reading time":"1 minute"},"schema":{"@context":"https:\/\/schema.org","@graph":[{"@type":"WebPage","@id":"https:\/\/skaitytaknyga.lt\/produktas\/pietinia-kronikas\/","url":"https:\/\/skaitytaknyga.lt\/produktas\/pietinia-kronikas\/","name":"Pietinia kronikas","isPartOf":{"@id":"https:\/\/skaitytaknyga.lt\/#website"},"primaryImageOfPage":{"@id":"https:\/\/skaitytaknyga.lt\/produktas\/pietinia-kronikas\/#primaryimage"},"image":{"@id":"https:\/\/skaitytaknyga.lt\/produktas\/pietinia-kronikas\/#primaryimage"},"thumbnailUrl":"https:\/\/skaitytaknyga.lt\/wp-content\/uploads\/2025\/10\/Pietinia-kronikas-1.webp","datePublished":"2025-10-02T13:32:44+00:00","dateModified":"2025-10-06T08:09:18+00:00","description":"\u0160iauliai. Vieno vaikino istorija i\u0161kart po nepriklausomyb\u0117s. Ko\u017eos ir treningai, meil\u0117 ir pinigai, laukinis kapitalizmas ir regbis. Juokas pro a\u0161aras... i","breadcrumb":{"@id":"https:\/\/skaitytaknyga.lt\/produktas\/pietinia-kronikas\/#breadcrumb"},"inLanguage":"en-GB","potentialAction":[{"@type":"ReadAction","target":["https:\/\/skaitytaknyga.lt\/produktas\/pietinia-kronikas\/"]}]},{"@type":"ImageObject","inLanguage":"en-GB","@id":"https:\/\/skaitytaknyga.lt\/produktas\/pietinia-kronikas\/#primaryimage","url":"https:\/\/skaitytaknyga.lt\/wp-content\/uploads\/2025\/10\/Pietinia-kronikas-1.webp","contentUrl":"https:\/\/skaitytaknyga.lt\/wp-content\/uploads\/2025\/10\/Pietinia-kronikas-1.webp","width":300,"height":450,"caption":"Pietinia kronikas"},{"@type":"BreadcrumbList","@id":"https:\/\/skaitytaknyga.lt\/produktas\/pietinia-kronikas\/#breadcrumb","itemListElement":[{"@type":"ListItem","position":1,"name":"Home","item":"https:\/\/skaitytaknyga.lt\/"},{"@type":"ListItem","position":2,"name":"Parduotuv\u0117","item":"https:\/\/skaitytaknyga.lt\/knygu-parduotuve\/"},{"@type":"ListItem","position":3,"name":"Pietinia kronikas"}]},{"@type":"WebSite","@id":"https:\/\/skaitytaknyga.lt\/#website","url":"https:\/\/skaitytaknyga.lt\/","name":"skaitytaknyga.lt","description":"Skaitytaknyga.lt \u2013 tai ma\u017eas \u0161eimos verslas, kuris prasid\u0117jo nuo meil\u0117s knygoms ir siekio i\u0161gelb\u0117ti knygas nuo likimo prie konteinerio. Kas vienam nereikalingas daiktas \u2013 kitam lobis, o mes esame tarpininkai, kurie padeda abiems tapti laimingesniems ???? \u017dinome kaip nelengva i\u0161gyventi ma\u017eiems verslams, tad nuo \u0161iol, \u010dia rasite ir kit\u0173, ma\u017e\u0173 \u0161eim\u0173 versl\u0173, rank\u0173 darbo, dovan\u0173 sau ir artimiesiems.","publisher":{"@id":"https:\/\/skaitytaknyga.lt\/#organization"},"potentialAction":[{"@type":"SearchAction","target":{"@type":"EntryPoint","urlTemplate":"https:\/\/skaitytaknyga.lt\/?s={search_term_string}"},"query-input":{"@type":"PropertyValueSpecification","valueRequired":true,"valueName":"search_term_string"}}],"inLanguage":"en-GB"},{"@type":"Organization","@id":"https:\/\/skaitytaknyga.lt\/#organization","name":"skaitytaknyga.lt","url":"https:\/\/skaitytaknyga.lt\/","logo":{"@type":"ImageObject","inLanguage":"en-GB","@id":"https:\/\/skaitytaknyga.lt\/#\/schema\/logo\/image\/","url":"https:\/\/skaitytaknyga.lt\/wp-content\/uploads\/2024\/05\/cropped-cropped-cropped-02_00843_jt3bggkj1j3HLc7SyY6rEUpg.jpeg","contentUrl":"https:\/\/skaitytaknyga.lt\/wp-content\/uploads\/2024\/05\/cropped-cropped-cropped-02_00843_jt3bggkj1j3HLc7SyY6rEUpg.jpeg","width":1600,"height":1600,"caption":"skaitytaknyga.lt"},"image":{"@id":"https:\/\/skaitytaknyga.lt\/#\/schema\/logo\/image\/"},"sameAs":["https:\/\/www.facebook.com\/skaitytaknyga\/"]}]}},"_links":{"self":[{"href":"https:\/\/skaitytaknyga.lt\/en\/wp-json\/wp\/v2\/product\/21152","targetHints":{"allow":["GET"]}}],"collection":[{"href":"https:\/\/skaitytaknyga.lt\/en\/wp-json\/wp\/v2\/product"}],"about":[{"href":"https:\/\/skaitytaknyga.lt\/en\/wp-json\/wp\/v2\/types\/product"}],"replies":[{"embeddable":true,"href":"https:\/\/skaitytaknyga.lt\/en\/wp-json\/wp\/v2\/comments?post=21152"}],"wp:featuredmedia":[{"embeddable":true,"href":"https:\/\/skaitytaknyga.lt\/en\/wp-json\/wp\/v2\/media\/21157"}],"wp:attachment":[{"href":"https:\/\/skaitytaknyga.lt\/en\/wp-json\/wp\/v2\/media?parent=21152"}],"wp:term":[{"taxonomy":"product_brand","embeddable":true,"href":"https:\/\/skaitytaknyga.lt\/en\/wp-json\/wp\/v2\/product_brand?post=21152"},{"taxonomy":"product_cat","embeddable":true,"href":"https:\/\/skaitytaknyga.lt\/en\/wp-json\/wp\/v2\/product_cat?post=21152"},{"taxonomy":"product_tag","embeddable":true,"href":"https:\/\/skaitytaknyga.lt\/en\/wp-json\/wp\/v2\/product_tag?post=21152"}],"curies":[{"name":"wp","href":"https:\/\/api.w.org\/{rel}","templated":true}]}}