{"id":21146,"date":"2025-10-02T16:20:18","date_gmt":"2025-10-02T13:20:18","guid":{"rendered":"https:\/\/skaitytaknyga.lt\/?post_type=product&#038;p=21146"},"modified":"2025-10-06T11:09:18","modified_gmt":"2025-10-06T08:09:18","slug":"melynas-rukas-pirma-knyga-pazeistas-kamputis","status":"publish","type":"product","link":"https:\/\/skaitytaknyga.lt\/en\/produktas\/melynas-rukas-pirma-knyga-pazeistas-kamputis\/","title":{"rendered":"M\u0117lynas r\u016bkas. Pirma knyga (pa\u017eeistas kamputis)"},"content":{"rendered":"<p>Alicia Gutje \u2013 jauna ir dr\u0105si lietuvi\u0173 autor\u0117, slepianti ne tik tapatyb\u0119, bet ir dalel\u0119 savo gyvenimo. Erotinis romanas \u201eM\u0117lynas r\u016bkas\u201c pasakoja apie \u0161i\u0173 dien\u0173 mergin\u0105 \u2013 karjeros ir did\u017eiosios gyvenimo meil\u0117s siekian\u010di\u0105 Em\u0105. Tai, k\u0105 jai tenka patirti, virsta tikr\u0173 tikriausiu jausm\u0173 pragaru&#8230; Ar nuo jo toli iki rojaus?&#8230;<\/p>\n<p>Erotinio romano \u201eM\u0117lynas r\u016bkas\u201c veiksmas vyksta Niujorke \u2013 beproti\u0161ko gyvenimo tempo mieste ir neoficialioje vieni\u0161\u0173 \u0161ird\u017ei\u0173 sostin\u0117je. Atvykusi i\u0161 Bostono, pagrindin\u0117 veik\u0117ja Ema nesuklysta: Niujorkas \u2013 tai vieta, kur i\u0161sipildo svajon\u0117s. Mergina dirba reklamos agent\u016bros generalin\u0117s direktor\u0117s pad\u0117j\u0117ja, yra gra\u017ei ir geid\u017eiama, bet audringus meil\u0117s nuotykius ji nusiteikusi palikti tolimai atei\u010diai, nes karjera merginai svarbiausia.<\/p>\n<p>Visgi, vien\u0105 vakar\u0105 ji sutinka Met\u0105, ir tai, kas pradeda vykti tarp j\u0173dviej\u0173, tampa sunku nusp\u0117ti. Vylingos akys, gundanti i\u0161vaizda ir savimi pasitikintis balsas hipnotizuoja Em\u0105, ta\u010diau pradeda ai\u0161k\u0117ti, kad vyras ka\u017ek\u0105 slepia.<\/p>\n<p>Meil\u0117. Aistra. Geismas. Neviltis. Tro\u0161kimas. Pavydas. Tai tik dalis jausm\u0173, u\u017evaldan\u010di\u0173 romano herojus.<\/p>\n<p>Kas slypi po idealaus vaikino kauke?<\/p>\n","protected":false},"excerpt":{"rendered":"<p>Alicia Gutje \u2013 jauna ir dr\u0105si lietuvi\u0173 autor\u0117, slepianti ne tik tapatyb\u0119, bet ir dalel\u0119 savo gyvenimo. Erotinis romanas \u201eM\u0117lynas r\u016bkas\u201c pasakoja apie \u0161i\u0173 dien\u0173 mergin\u0105 \u2013 karjeros ir did\u017eiosios gyvenimo meil\u0117s siekian\u010di\u0105 Em\u0105. Tai, k\u0105 jai tenka patirti, virsta tikr\u0173 tikriausiu jausm\u0173 pragaru&#8230; Ar nuo jo toli iki rojaus?&#8230; Erotinio romano \u201eM\u0117lynas r\u016bkas\u201c veiksmas vyksta Niujorke \u2013 beproti\u0161ko gyvenimo tempo mieste ir neoficialioje vieni\u0161\u0173 \u0161ird\u017ei\u0173 sostin\u0117je. Atvykusi i\u0161 Bostono, pagrindin\u0117 veik\u0117ja Ema nesuklysta: Niujorkas \u2013 tai vieta, kur i\u0161sipildo svajon\u0117s. Mergina dirba reklamos agent\u016bros generalin\u0117s direktor\u0117s pad\u0117j\u0117ja, yra gra\u017ei ir geid\u017eiama, bet audringus meil\u0117s nuotykius ji nusiteikusi palikti tolimai atei\u010diai, nes karjera merginai svarbiausia. Visgi, vien\u0105 vakar\u0105 ji sutinka Met\u0105, ir tai, kas pradeda vykti tarp j\u0173dviej\u0173, tampa sunku nusp\u0117ti. Vylingos akys, gundanti i\u0161vaizda ir savimi pasitikintis balsas hipnotizuoja Em\u0105, ta\u010diau pradeda ai\u0161k\u0117ti, kad vyras ka\u017ek\u0105 slepia. Meil\u0117. Aistra. Geismas. Neviltis. Tro\u0161kimas. Pavydas. Tai tik dalis jausm\u0173, u\u017evaldan\u010di\u0173 romano herojus. Kas slypi po idealaus vaikino kauke?<\/p>\n","protected":false},"featured_media":21150,"comment_status":"open","ping_status":"closed","template":"","meta":{"_acf_changed":false,"site-sidebar-layout":"default","site-content-layout":"","ast-site-content-layout":"default","site-content-style":"default","site-sidebar-style":"default","ast-global-header-display":"","ast-banner-title-visibility":"","ast-main-header-display":"","ast-hfb-above-header-display":"","ast-hfb-below-header-display":"","ast-hfb-mobile-header-display":"","site-post-title":"","ast-breadcrumbs-content":"","ast-featured-img":"","footer-sml-layout":"","ast-disable-related-posts":"","theme-transparent-header-meta":"","adv-header-id-meta":"","stick-header-meta":"","header-above-stick-meta":"","header-main-stick-meta":"","header-below-stick-meta":"","astra-migrate-meta-layouts":"default","ast-page-background-enabled":"default","ast-page-background-meta":{"desktop":{"background-color":"","background-image":"","background-repeat":"repeat","background-position":"center center","background-size":"auto","background-attachment":"scroll","background-type":"","background-media":"","overlay-type":"","overlay-color":"","overlay-opacity":"","overlay-gradient":""},"tablet":{"background-color":"","background-image":"","background-repeat":"repeat","background-position":"center center","background-size":"auto","background-attachment":"scroll","background-type":"","background-media":"","overlay-type":"","overlay-color":"","overlay-opacity":"","overlay-gradient":""},"mobile":{"background-color":"","background-image":"","background-repeat":"repeat","background-position":"center center","background-size":"auto","background-attachment":"scroll","background-type":"","background-media":"","overlay-type":"","overlay-color":"","overlay-opacity":"","overlay-gradient":""}},"ast-content-background-meta":{"desktop":{"background-color":"var(--ast-global-color-4)","background-image":"","background-repeat":"repeat","background-position":"center center","background-size":"auto","background-attachment":"scroll","background-type":"","background-media":"","overlay-type":"","overlay-color":"","overlay-opacity":"","overlay-gradient":""},"tablet":{"background-color":"var(--ast-global-color-4)","background-image":"","background-repeat":"repeat","background-position":"center center","background-size":"auto","background-attachment":"scroll","background-type":"","background-media":"","overlay-type":"","overlay-color":"","overlay-opacity":"","overlay-gradient":""},"mobile":{"background-color":"var(--ast-global-color-4)","background-image":"","background-repeat":"repeat","background-position":"center center","background-size":"auto","background-attachment":"scroll","background-type":"","background-media":"","overlay-type":"","overlay-color":"","overlay-opacity":"","overlay-gradient":""}}},"product_brand":[],"product_cat":[31],"product_tag":[2853,2489,1796,1392],"class_list":{"0":"post-21146","1":"product","2":"type-product","3":"status-publish","4":"has-post-thumbnail","6":"product_cat-grozine-literatura","7":"product_tag-erotika","8":"product_tag-jaunimo-literatura","9":"product_tag-meile","10":"product_tag-psichologija","11":"desktop-align-left","12":"tablet-align-left","13":"mobile-align-left","15":"first","16":"instock","17":"shipping-taxable","18":"purchasable","19":"product-type-simple"},"acf":[],"yoast_head":"<!-- This site is optimized with the Yoast SEO plugin v27.0 - https:\/\/yoast.com\/product\/yoast-seo-wordpress\/ -->\n<title>M\u0117lynas r\u016bkas. Pirma knyga (pa\u017eeistas kamputis)<\/title>\n<meta name=\"description\" content=\"Alicia Gutje \u2013 jauna ir dr\u0105si lietuvi\u0173 autor\u0117, slepianti ne tik tapatyb\u0119, bet ir dalel\u0119 savo gyvenimo. Erotinis romanas \u201eM\u0117lynas r\u016bkas\u201c pasakoja apie \u0161i\u0173\" \/>\n<meta name=\"robots\" content=\"index, follow, max-snippet:-1, max-image-preview:large, max-video-preview:-1\" \/>\n<link rel=\"canonical\" href=\"https:\/\/skaitytaknyga.lt\/en\/produktas\/melynas-rukas-pirma-knyga-pazeistas-kamputis\/\" \/>\n<meta property=\"og:locale\" content=\"en_GB\" \/>\n<meta property=\"og:locale:alternate\" content=\"lt_LT\" \/>\n<meta property=\"og:type\" content=\"article\" \/>\n<meta property=\"og:title\" content=\"M\u0117lynas r\u016bkas. Pirma knyga (pa\u017eeistas kamputis)\" \/>\n<meta property=\"og:description\" content=\"Alicia Gutje \u2013 jauna ir dr\u0105si lietuvi\u0173 autor\u0117, slepianti ne tik tapatyb\u0119, bet ir dalel\u0119 savo gyvenimo. Erotinis romanas \u201eM\u0117lynas r\u016bkas\u201c pasakoja apie \u0161i\u0173\" \/>\n<meta property=\"og:url\" content=\"https:\/\/skaitytaknyga.lt\/en\/produktas\/melynas-rukas-pirma-knyga-pazeistas-kamputis\/\" \/>\n<meta property=\"og:site_name\" content=\"Skaitytaknyga\" \/>\n<meta property=\"article:publisher\" content=\"https:\/\/www.facebook.com\/skaitytaknyga\/\" \/>\n<meta property=\"article:modified_time\" content=\"2025-10-06T08:09:18+00:00\" \/>\n<meta property=\"og:image\" content=\"https:\/\/skaitytaknyga.lt\/wp-content\/uploads\/2025\/10\/Melynas-rukas.-Pirma-knyga.webp\" \/>\n\t<meta property=\"og:image:width\" content=\"458\" \/>\n\t<meta property=\"og:image:height\" content=\"750\" \/>\n\t<meta property=\"og:image:type\" content=\"image\/webp\" \/>\n<meta name=\"twitter:card\" content=\"summary_large_image\" \/>\n<meta name=\"twitter:label1\" content=\"Estimated reading time\" \/>\n\t<meta name=\"twitter:data1\" content=\"1 minute\" \/>\n<script type=\"application\/ld+json\" class=\"yoast-schema-graph\">{\"@context\":\"https:\/\/schema.org\",\"@graph\":[{\"@type\":\"WebPage\",\"@id\":\"https:\/\/skaitytaknyga.lt\/produktas\/melynas-rukas-pirma-knyga-pazeistas-kamputis\/\",\"url\":\"https:\/\/skaitytaknyga.lt\/produktas\/melynas-rukas-pirma-knyga-pazeistas-kamputis\/\",\"name\":\"M\u0117lynas r\u016bkas. Pirma knyga (pa\u017eeistas kamputis)\",\"isPartOf\":{\"@id\":\"https:\/\/skaitytaknyga.lt\/#website\"},\"primaryImageOfPage\":{\"@id\":\"https:\/\/skaitytaknyga.lt\/produktas\/melynas-rukas-pirma-knyga-pazeistas-kamputis\/#primaryimage\"},\"image\":{\"@id\":\"https:\/\/skaitytaknyga.lt\/produktas\/melynas-rukas-pirma-knyga-pazeistas-kamputis\/#primaryimage\"},\"thumbnailUrl\":\"https:\/\/skaitytaknyga.lt\/wp-content\/uploads\/2025\/10\/Melynas-rukas.-Pirma-knyga.webp\",\"datePublished\":\"2025-10-02T13:20:18+00:00\",\"dateModified\":\"2025-10-06T08:09:18+00:00\",\"description\":\"Alicia Gutje \u2013 jauna ir dr\u0105si lietuvi\u0173 autor\u0117, slepianti ne tik tapatyb\u0119, bet ir dalel\u0119 savo gyvenimo. Erotinis romanas \u201eM\u0117lynas r\u016bkas\u201c pasakoja apie \u0161i\u0173\",\"breadcrumb\":{\"@id\":\"https:\/\/skaitytaknyga.lt\/produktas\/melynas-rukas-pirma-knyga-pazeistas-kamputis\/#breadcrumb\"},\"inLanguage\":\"en-GB\",\"potentialAction\":[{\"@type\":\"ReadAction\",\"target\":[\"https:\/\/skaitytaknyga.lt\/produktas\/melynas-rukas-pirma-knyga-pazeistas-kamputis\/\"]}]},{\"@type\":\"ImageObject\",\"inLanguage\":\"en-GB\",\"@id\":\"https:\/\/skaitytaknyga.lt\/produktas\/melynas-rukas-pirma-knyga-pazeistas-kamputis\/#primaryimage\",\"url\":\"https:\/\/skaitytaknyga.lt\/wp-content\/uploads\/2025\/10\/Melynas-rukas.-Pirma-knyga.webp\",\"contentUrl\":\"https:\/\/skaitytaknyga.lt\/wp-content\/uploads\/2025\/10\/Melynas-rukas.-Pirma-knyga.webp\",\"width\":458,\"height\":750,\"caption\":\"M\u0117lynas r\u016bkas. Pirma knyga\"},{\"@type\":\"BreadcrumbList\",\"@id\":\"https:\/\/skaitytaknyga.lt\/produktas\/melynas-rukas-pirma-knyga-pazeistas-kamputis\/#breadcrumb\",\"itemListElement\":[{\"@type\":\"ListItem\",\"position\":1,\"name\":\"Home\",\"item\":\"https:\/\/skaitytaknyga.lt\/\"},{\"@type\":\"ListItem\",\"position\":2,\"name\":\"Parduotuv\u0117\",\"item\":\"https:\/\/skaitytaknyga.lt\/knygu-parduotuve\/\"},{\"@type\":\"ListItem\",\"position\":3,\"name\":\"M\u0117lynas r\u016bkas. Pirma knyga (pa\u017eeistas kamputis)\"}]},{\"@type\":\"WebSite\",\"@id\":\"https:\/\/skaitytaknyga.lt\/#website\",\"url\":\"https:\/\/skaitytaknyga.lt\/\",\"name\":\"skaitytaknyga.lt\",\"description\":\"Skaitytaknyga.lt \u2013 tai ma\u017eas \u0161eimos verslas, kuris prasid\u0117jo nuo meil\u0117s knygoms ir siekio i\u0161gelb\u0117ti knygas nuo likimo prie konteinerio. Kas vienam nereikalingas daiktas \u2013 kitam lobis, o mes esame tarpininkai, kurie padeda abiems tapti laimingesniems ???? \u017dinome kaip nelengva i\u0161gyventi ma\u017eiems verslams, tad nuo \u0161iol, \u010dia rasite ir kit\u0173, ma\u017e\u0173 \u0161eim\u0173 versl\u0173, rank\u0173 darbo, dovan\u0173 sau ir artimiesiems.\",\"publisher\":{\"@id\":\"https:\/\/skaitytaknyga.lt\/#organization\"},\"potentialAction\":[{\"@type\":\"SearchAction\",\"target\":{\"@type\":\"EntryPoint\",\"urlTemplate\":\"https:\/\/skaitytaknyga.lt\/?s={search_term_string}\"},\"query-input\":{\"@type\":\"PropertyValueSpecification\",\"valueRequired\":true,\"valueName\":\"search_term_string\"}}],\"inLanguage\":\"en-GB\"},{\"@type\":\"Organization\",\"@id\":\"https:\/\/skaitytaknyga.lt\/#organization\",\"name\":\"skaitytaknyga.lt\",\"url\":\"https:\/\/skaitytaknyga.lt\/\",\"logo\":{\"@type\":\"ImageObject\",\"inLanguage\":\"en-GB\",\"@id\":\"https:\/\/skaitytaknyga.lt\/#\/schema\/logo\/image\/\",\"url\":\"https:\/\/skaitytaknyga.lt\/wp-content\/uploads\/2024\/05\/cropped-cropped-cropped-02_00843_jt3bggkj1j3HLc7SyY6rEUpg.jpeg\",\"contentUrl\":\"https:\/\/skaitytaknyga.lt\/wp-content\/uploads\/2024\/05\/cropped-cropped-cropped-02_00843_jt3bggkj1j3HLc7SyY6rEUpg.jpeg\",\"width\":1600,\"height\":1600,\"caption\":\"skaitytaknyga.lt\"},\"image\":{\"@id\":\"https:\/\/skaitytaknyga.lt\/#\/schema\/logo\/image\/\"},\"sameAs\":[\"https:\/\/www.facebook.com\/skaitytaknyga\/\"]}]}<\/script>\n<!-- \/ Yoast SEO plugin. -->","yoast_head_json":{"title":"M\u0117lynas r\u016bkas. Pirma knyga (pa\u017eeistas kamputis)","description":"Alicia Gutje \u2013 jauna ir dr\u0105si lietuvi\u0173 autor\u0117, slepianti ne tik tapatyb\u0119, bet ir dalel\u0119 savo gyvenimo. Erotinis romanas \u201eM\u0117lynas r\u016bkas\u201c pasakoja apie \u0161i\u0173","robots":{"index":"index","follow":"follow","max-snippet":"max-snippet:-1","max-image-preview":"max-image-preview:large","max-video-preview":"max-video-preview:-1"},"canonical":"https:\/\/skaitytaknyga.lt\/en\/produktas\/melynas-rukas-pirma-knyga-pazeistas-kamputis\/","og_locale":"en_GB","og_type":"article","og_title":"[:lt]M\u0117lynas r\u016bkas. Pirma knyga (pa\u017eeistas kamputis)[:] - Skaitytaknyga","og_description":"Alicia Gutje \u2013 jauna ir dr\u0105si lietuvi\u0173 autor\u0117, slepianti ne tik tapatyb\u0119, bet ir dalel\u0119 savo gyvenimo. Erotinis romanas \u201eM\u0117lynas r\u016bkas\u201c pasakoja apie \u0161i\u0173","og_url":"https:\/\/skaitytaknyga.lt\/en\/produktas\/melynas-rukas-pirma-knyga-pazeistas-kamputis\/","og_site_name":"Skaitytaknyga","article_publisher":"https:\/\/www.facebook.com\/skaitytaknyga\/","article_modified_time":"2025-10-06T08:09:18+00:00","og_image":[{"width":458,"height":750,"url":"https:\/\/skaitytaknyga.lt\/wp-content\/uploads\/2025\/10\/Melynas-rukas.-Pirma-knyga.webp","type":"image\/webp"}],"twitter_card":"summary_large_image","twitter_misc":{"Estimated reading time":"1 minute"},"schema":{"@context":"https:\/\/schema.org","@graph":[{"@type":"WebPage","@id":"https:\/\/skaitytaknyga.lt\/produktas\/melynas-rukas-pirma-knyga-pazeistas-kamputis\/","url":"https:\/\/skaitytaknyga.lt\/produktas\/melynas-rukas-pirma-knyga-pazeistas-kamputis\/","name":"M\u0117lynas r\u016bkas. Pirma knyga (pa\u017eeistas kamputis)","isPartOf":{"@id":"https:\/\/skaitytaknyga.lt\/#website"},"primaryImageOfPage":{"@id":"https:\/\/skaitytaknyga.lt\/produktas\/melynas-rukas-pirma-knyga-pazeistas-kamputis\/#primaryimage"},"image":{"@id":"https:\/\/skaitytaknyga.lt\/produktas\/melynas-rukas-pirma-knyga-pazeistas-kamputis\/#primaryimage"},"thumbnailUrl":"https:\/\/skaitytaknyga.lt\/wp-content\/uploads\/2025\/10\/Melynas-rukas.-Pirma-knyga.webp","datePublished":"2025-10-02T13:20:18+00:00","dateModified":"2025-10-06T08:09:18+00:00","description":"Alicia Gutje \u2013 jauna ir dr\u0105si lietuvi\u0173 autor\u0117, slepianti ne tik tapatyb\u0119, bet ir dalel\u0119 savo gyvenimo. Erotinis romanas \u201eM\u0117lynas r\u016bkas\u201c pasakoja apie \u0161i\u0173","breadcrumb":{"@id":"https:\/\/skaitytaknyga.lt\/produktas\/melynas-rukas-pirma-knyga-pazeistas-kamputis\/#breadcrumb"},"inLanguage":"en-GB","potentialAction":[{"@type":"ReadAction","target":["https:\/\/skaitytaknyga.lt\/produktas\/melynas-rukas-pirma-knyga-pazeistas-kamputis\/"]}]},{"@type":"ImageObject","inLanguage":"en-GB","@id":"https:\/\/skaitytaknyga.lt\/produktas\/melynas-rukas-pirma-knyga-pazeistas-kamputis\/#primaryimage","url":"https:\/\/skaitytaknyga.lt\/wp-content\/uploads\/2025\/10\/Melynas-rukas.-Pirma-knyga.webp","contentUrl":"https:\/\/skaitytaknyga.lt\/wp-content\/uploads\/2025\/10\/Melynas-rukas.-Pirma-knyga.webp","width":458,"height":750,"caption":"M\u0117lynas r\u016bkas. Pirma knyga"},{"@type":"BreadcrumbList","@id":"https:\/\/skaitytaknyga.lt\/produktas\/melynas-rukas-pirma-knyga-pazeistas-kamputis\/#breadcrumb","itemListElement":[{"@type":"ListItem","position":1,"name":"Home","item":"https:\/\/skaitytaknyga.lt\/"},{"@type":"ListItem","position":2,"name":"Parduotuv\u0117","item":"https:\/\/skaitytaknyga.lt\/knygu-parduotuve\/"},{"@type":"ListItem","position":3,"name":"M\u0117lynas r\u016bkas. Pirma knyga (pa\u017eeistas kamputis)"}]},{"@type":"WebSite","@id":"https:\/\/skaitytaknyga.lt\/#website","url":"https:\/\/skaitytaknyga.lt\/","name":"skaitytaknyga.lt","description":"Skaitytaknyga.lt \u2013 tai ma\u017eas \u0161eimos verslas, kuris prasid\u0117jo nuo meil\u0117s knygoms ir siekio i\u0161gelb\u0117ti knygas nuo likimo prie konteinerio. Kas vienam nereikalingas daiktas \u2013 kitam lobis, o mes esame tarpininkai, kurie padeda abiems tapti laimingesniems ???? \u017dinome kaip nelengva i\u0161gyventi ma\u017eiems verslams, tad nuo \u0161iol, \u010dia rasite ir kit\u0173, ma\u017e\u0173 \u0161eim\u0173 versl\u0173, rank\u0173 darbo, dovan\u0173 sau ir artimiesiems.","publisher":{"@id":"https:\/\/skaitytaknyga.lt\/#organization"},"potentialAction":[{"@type":"SearchAction","target":{"@type":"EntryPoint","urlTemplate":"https:\/\/skaitytaknyga.lt\/?s={search_term_string}"},"query-input":{"@type":"PropertyValueSpecification","valueRequired":true,"valueName":"search_term_string"}}],"inLanguage":"en-GB"},{"@type":"Organization","@id":"https:\/\/skaitytaknyga.lt\/#organization","name":"skaitytaknyga.lt","url":"https:\/\/skaitytaknyga.lt\/","logo":{"@type":"ImageObject","inLanguage":"en-GB","@id":"https:\/\/skaitytaknyga.lt\/#\/schema\/logo\/image\/","url":"https:\/\/skaitytaknyga.lt\/wp-content\/uploads\/2024\/05\/cropped-cropped-cropped-02_00843_jt3bggkj1j3HLc7SyY6rEUpg.jpeg","contentUrl":"https:\/\/skaitytaknyga.lt\/wp-content\/uploads\/2024\/05\/cropped-cropped-cropped-02_00843_jt3bggkj1j3HLc7SyY6rEUpg.jpeg","width":1600,"height":1600,"caption":"skaitytaknyga.lt"},"image":{"@id":"https:\/\/skaitytaknyga.lt\/#\/schema\/logo\/image\/"},"sameAs":["https:\/\/www.facebook.com\/skaitytaknyga\/"]}]}},"_links":{"self":[{"href":"https:\/\/skaitytaknyga.lt\/en\/wp-json\/wp\/v2\/product\/21146","targetHints":{"allow":["GET"]}}],"collection":[{"href":"https:\/\/skaitytaknyga.lt\/en\/wp-json\/wp\/v2\/product"}],"about":[{"href":"https:\/\/skaitytaknyga.lt\/en\/wp-json\/wp\/v2\/types\/product"}],"replies":[{"embeddable":true,"href":"https:\/\/skaitytaknyga.lt\/en\/wp-json\/wp\/v2\/comments?post=21146"}],"wp:featuredmedia":[{"embeddable":true,"href":"https:\/\/skaitytaknyga.lt\/en\/wp-json\/wp\/v2\/media\/21150"}],"wp:attachment":[{"href":"https:\/\/skaitytaknyga.lt\/en\/wp-json\/wp\/v2\/media?parent=21146"}],"wp:term":[{"taxonomy":"product_brand","embeddable":true,"href":"https:\/\/skaitytaknyga.lt\/en\/wp-json\/wp\/v2\/product_brand?post=21146"},{"taxonomy":"product_cat","embeddable":true,"href":"https:\/\/skaitytaknyga.lt\/en\/wp-json\/wp\/v2\/product_cat?post=21146"},{"taxonomy":"product_tag","embeddable":true,"href":"https:\/\/skaitytaknyga.lt\/en\/wp-json\/wp\/v2\/product_tag?post=21146"}],"curies":[{"name":"wp","href":"https:\/\/api.w.org\/{rel}","templated":true}]}}