{"id":21144,"date":"2025-10-02T16:20:18","date_gmt":"2025-10-02T13:20:18","guid":{"rendered":"https:\/\/skaitytaknyga.lt\/?post_type=product&#038;p=21144"},"modified":"2025-10-06T11:09:18","modified_gmt":"2025-10-06T08:09:18","slug":"ivadas-i-komunikacijos-studijas","status":"publish","type":"product","link":"https:\/\/skaitytaknyga.lt\/en\/produktas\/ivadas-i-komunikacijos-studijas\/","title":{"rendered":"\u012evadas \u012f komunikacijos studijas"},"content":{"rendered":"<p>Komunikacijos studijos &#8211; tai viena i\u0161 \u012fdomiausi\u0173 sri\u010di\u0173, kuri\u0105 formavo \u012fvairi\u0173 mokslo kryp\u010di\u0173 ir sri\u010di\u0173 mokslininkai, taikydami jos tyrimams skirting\u0173 moksl\u0173 metodus bei koncepcijas. \u201e\u012evadas \u012f komunikacijos studijas\u201c &#8211; viena i\u0161 pirm\u0173j\u0173 knyg\u0173 lietuvi\u0173 kalba, kurioje pristatoma komunikacijos studij\u0173 visuma, pateikiami \u012fvair\u016bs, net patys prie\u0161taringiausi po\u017ei\u016briai.<\/p>\n<p>Komunikacija persmelkia visuomen\u0117s gyvenim\u0105, tod\u0117l autorius iliustruoja sud\u0117tingas teorijas kasdienio gyvenimo pavyzd\u017eiaias, papras\u010diausia m\u016bs\u0173 buitimi. Knyga skiriama akademinei auditorijai bei visiems, besidomintiems komunikacijos problemomis.<\/p>\n","protected":false},"excerpt":{"rendered":"<p>Komunikacijos studijos &#8211; tai viena i\u0161 \u012fdomiausi\u0173 sri\u010di\u0173, kuri\u0105 formavo \u012fvairi\u0173 mokslo kryp\u010di\u0173 ir sri\u010di\u0173 mokslininkai, taikydami jos tyrimams skirting\u0173 moksl\u0173 metodus bei koncepcijas. \u201e\u012evadas \u012f komunikacijos studijas\u201c &#8211; viena i\u0161 pirm\u0173j\u0173 knyg\u0173 lietuvi\u0173 kalba, kurioje pristatoma komunikacijos studij\u0173 visuma, pateikiami \u012fvair\u016bs, net patys prie\u0161taringiausi po\u017ei\u016briai. Komunikacija persmelkia visuomen\u0117s gyvenim\u0105, tod\u0117l autorius iliustruoja sud\u0117tingas teorijas kasdienio gyvenimo pavyzd\u017eiaias, papras\u010diausia m\u016bs\u0173 buitimi. Knyga skiriama akademinei auditorijai bei visiems, besidomintiems komunikacijos problemomis.<\/p>\n","protected":false},"featured_media":21149,"comment_status":"open","ping_status":"closed","template":"","meta":{"_acf_changed":false,"site-sidebar-layout":"default","site-content-layout":"","ast-site-content-layout":"default","site-content-style":"default","site-sidebar-style":"default","ast-global-header-display":"","ast-banner-title-visibility":"","ast-main-header-display":"","ast-hfb-above-header-display":"","ast-hfb-below-header-display":"","ast-hfb-mobile-header-display":"","site-post-title":"","ast-breadcrumbs-content":"","ast-featured-img":"","footer-sml-layout":"","ast-disable-related-posts":"","theme-transparent-header-meta":"","adv-header-id-meta":"","stick-header-meta":"","header-above-stick-meta":"","header-main-stick-meta":"","header-below-stick-meta":"","astra-migrate-meta-layouts":"default","ast-page-background-enabled":"default","ast-page-background-meta":{"desktop":{"background-color":"","background-image":"","background-repeat":"repeat","background-position":"center center","background-size":"auto","background-attachment":"scroll","background-type":"","background-media":"","overlay-type":"","overlay-color":"","overlay-opacity":"","overlay-gradient":""},"tablet":{"background-color":"","background-image":"","background-repeat":"repeat","background-position":"center center","background-size":"auto","background-attachment":"scroll","background-type":"","background-media":"","overlay-type":"","overlay-color":"","overlay-opacity":"","overlay-gradient":""},"mobile":{"background-color":"","background-image":"","background-repeat":"repeat","background-position":"center center","background-size":"auto","background-attachment":"scroll","background-type":"","background-media":"","overlay-type":"","overlay-color":"","overlay-opacity":"","overlay-gradient":""}},"ast-content-background-meta":{"desktop":{"background-color":"var(--ast-global-color-4)","background-image":"","background-repeat":"repeat","background-position":"center center","background-size":"auto","background-attachment":"scroll","background-type":"","background-media":"","overlay-type":"","overlay-color":"","overlay-opacity":"","overlay-gradient":""},"tablet":{"background-color":"var(--ast-global-color-4)","background-image":"","background-repeat":"repeat","background-position":"center center","background-size":"auto","background-attachment":"scroll","background-type":"","background-media":"","overlay-type":"","overlay-color":"","overlay-opacity":"","overlay-gradient":""},"mobile":{"background-color":"var(--ast-global-color-4)","background-image":"","background-repeat":"repeat","background-position":"center center","background-size":"auto","background-attachment":"scroll","background-type":"","background-media":"","overlay-type":"","overlay-color":"","overlay-opacity":"","overlay-gradient":""}}},"product_brand":[],"product_cat":[15],"product_tag":[8314,1561,6373],"class_list":{"0":"post-21144","1":"product","2":"type-product","3":"status-publish","4":"has-post-thumbnail","6":"product_cat-uncategorized","7":"product_tag-akademine-literatura","8":"product_tag-komunikacija","9":"product_tag-studijos","10":"desktop-align-left","11":"tablet-align-left","12":"mobile-align-left","14":"first","15":"instock","16":"shipping-taxable","17":"purchasable","18":"product-type-simple"},"acf":[],"yoast_head":"<!-- This site is optimized with the Yoast SEO plugin v27.0 - https:\/\/yoast.com\/product\/yoast-seo-wordpress\/ -->\n<title>\u012evadas \u012f komunikacijos studijas<\/title>\n<meta name=\"description\" content=\"Komunikacijos studijos - tai viena i\u0161 \u012fdomiausi\u0173 sri\u010di\u0173, kuri\u0105 formavo \u012fvairi\u0173 mokslo kryp\u010di\u0173 ir sri\u010di\u0173 mokslininkai, taikydami jos tyrimams skirting\u0173\" \/>\n<meta name=\"robots\" content=\"index, follow, max-snippet:-1, max-image-preview:large, max-video-preview:-1\" \/>\n<link rel=\"canonical\" href=\"https:\/\/skaitytaknyga.lt\/en\/produktas\/ivadas-i-komunikacijos-studijas\/\" \/>\n<meta property=\"og:locale\" content=\"en_GB\" \/>\n<meta property=\"og:locale:alternate\" content=\"lt_LT\" \/>\n<meta property=\"og:type\" content=\"article\" \/>\n<meta property=\"og:title\" content=\"\u012evadas \u012f komunikacijos studijas\" \/>\n<meta property=\"og:description\" content=\"Komunikacijos studijos - tai viena i\u0161 \u012fdomiausi\u0173 sri\u010di\u0173, kuri\u0105 formavo \u012fvairi\u0173 mokslo kryp\u010di\u0173 ir sri\u010di\u0173 mokslininkai, taikydami jos tyrimams skirting\u0173\" \/>\n<meta property=\"og:url\" content=\"https:\/\/skaitytaknyga.lt\/en\/produktas\/ivadas-i-komunikacijos-studijas\/\" \/>\n<meta property=\"og:site_name\" content=\"Skaitytaknyga\" \/>\n<meta property=\"article:publisher\" content=\"https:\/\/www.facebook.com\/skaitytaknyga\/\" \/>\n<meta property=\"article:modified_time\" content=\"2025-10-06T08:09:18+00:00\" \/>\n<meta property=\"og:image\" content=\"https:\/\/skaitytaknyga.lt\/wp-content\/uploads\/2025\/10\/Ivadas-i-komunikacijos-studijas-1.webp\" \/>\n\t<meta property=\"og:image:width\" content=\"300\" \/>\n\t<meta property=\"og:image:height\" content=\"470\" \/>\n\t<meta property=\"og:image:type\" content=\"image\/webp\" \/>\n<meta name=\"twitter:card\" content=\"summary_large_image\" \/>\n<script type=\"application\/ld+json\" class=\"yoast-schema-graph\">{\"@context\":\"https:\/\/schema.org\",\"@graph\":[{\"@type\":\"WebPage\",\"@id\":\"https:\/\/skaitytaknyga.lt\/produktas\/ivadas-i-komunikacijos-studijas\/\",\"url\":\"https:\/\/skaitytaknyga.lt\/produktas\/ivadas-i-komunikacijos-studijas\/\",\"name\":\"\u012evadas \u012f komunikacijos studijas\",\"isPartOf\":{\"@id\":\"https:\/\/skaitytaknyga.lt\/#website\"},\"primaryImageOfPage\":{\"@id\":\"https:\/\/skaitytaknyga.lt\/produktas\/ivadas-i-komunikacijos-studijas\/#primaryimage\"},\"image\":{\"@id\":\"https:\/\/skaitytaknyga.lt\/produktas\/ivadas-i-komunikacijos-studijas\/#primaryimage\"},\"thumbnailUrl\":\"https:\/\/skaitytaknyga.lt\/wp-content\/uploads\/2025\/10\/Ivadas-i-komunikacijos-studijas-1.webp\",\"datePublished\":\"2025-10-02T13:20:18+00:00\",\"dateModified\":\"2025-10-06T08:09:18+00:00\",\"description\":\"Komunikacijos studijos - tai viena i\u0161 \u012fdomiausi\u0173 sri\u010di\u0173, kuri\u0105 formavo \u012fvairi\u0173 mokslo kryp\u010di\u0173 ir sri\u010di\u0173 mokslininkai, taikydami jos tyrimams skirting\u0173\",\"breadcrumb\":{\"@id\":\"https:\/\/skaitytaknyga.lt\/produktas\/ivadas-i-komunikacijos-studijas\/#breadcrumb\"},\"inLanguage\":\"en-GB\",\"potentialAction\":[{\"@type\":\"ReadAction\",\"target\":[\"https:\/\/skaitytaknyga.lt\/produktas\/ivadas-i-komunikacijos-studijas\/\"]}]},{\"@type\":\"ImageObject\",\"inLanguage\":\"en-GB\",\"@id\":\"https:\/\/skaitytaknyga.lt\/produktas\/ivadas-i-komunikacijos-studijas\/#primaryimage\",\"url\":\"https:\/\/skaitytaknyga.lt\/wp-content\/uploads\/2025\/10\/Ivadas-i-komunikacijos-studijas-1.webp\",\"contentUrl\":\"https:\/\/skaitytaknyga.lt\/wp-content\/uploads\/2025\/10\/Ivadas-i-komunikacijos-studijas-1.webp\",\"width\":300,\"height\":470,\"caption\":\"\u012evadas \u012f komunikacijos studijas\"},{\"@type\":\"BreadcrumbList\",\"@id\":\"https:\/\/skaitytaknyga.lt\/produktas\/ivadas-i-komunikacijos-studijas\/#breadcrumb\",\"itemListElement\":[{\"@type\":\"ListItem\",\"position\":1,\"name\":\"Home\",\"item\":\"https:\/\/skaitytaknyga.lt\/\"},{\"@type\":\"ListItem\",\"position\":2,\"name\":\"Parduotuv\u0117\",\"item\":\"https:\/\/skaitytaknyga.lt\/knygu-parduotuve\/\"},{\"@type\":\"ListItem\",\"position\":3,\"name\":\"\u012evadas \u012f komunikacijos studijas\"}]},{\"@type\":\"WebSite\",\"@id\":\"https:\/\/skaitytaknyga.lt\/#website\",\"url\":\"https:\/\/skaitytaknyga.lt\/\",\"name\":\"skaitytaknyga.lt\",\"description\":\"Skaitytaknyga.lt \u2013 tai ma\u017eas \u0161eimos verslas, kuris prasid\u0117jo nuo meil\u0117s knygoms ir siekio i\u0161gelb\u0117ti knygas nuo likimo prie konteinerio. Kas vienam nereikalingas daiktas \u2013 kitam lobis, o mes esame tarpininkai, kurie padeda abiems tapti laimingesniems ???? \u017dinome kaip nelengva i\u0161gyventi ma\u017eiems verslams, tad nuo \u0161iol, \u010dia rasite ir kit\u0173, ma\u017e\u0173 \u0161eim\u0173 versl\u0173, rank\u0173 darbo, dovan\u0173 sau ir artimiesiems.\",\"publisher\":{\"@id\":\"https:\/\/skaitytaknyga.lt\/#organization\"},\"potentialAction\":[{\"@type\":\"SearchAction\",\"target\":{\"@type\":\"EntryPoint\",\"urlTemplate\":\"https:\/\/skaitytaknyga.lt\/?s={search_term_string}\"},\"query-input\":{\"@type\":\"PropertyValueSpecification\",\"valueRequired\":true,\"valueName\":\"search_term_string\"}}],\"inLanguage\":\"en-GB\"},{\"@type\":\"Organization\",\"@id\":\"https:\/\/skaitytaknyga.lt\/#organization\",\"name\":\"skaitytaknyga.lt\",\"url\":\"https:\/\/skaitytaknyga.lt\/\",\"logo\":{\"@type\":\"ImageObject\",\"inLanguage\":\"en-GB\",\"@id\":\"https:\/\/skaitytaknyga.lt\/#\/schema\/logo\/image\/\",\"url\":\"https:\/\/skaitytaknyga.lt\/wp-content\/uploads\/2024\/05\/cropped-cropped-cropped-02_00843_jt3bggkj1j3HLc7SyY6rEUpg.jpeg\",\"contentUrl\":\"https:\/\/skaitytaknyga.lt\/wp-content\/uploads\/2024\/05\/cropped-cropped-cropped-02_00843_jt3bggkj1j3HLc7SyY6rEUpg.jpeg\",\"width\":1600,\"height\":1600,\"caption\":\"skaitytaknyga.lt\"},\"image\":{\"@id\":\"https:\/\/skaitytaknyga.lt\/#\/schema\/logo\/image\/\"},\"sameAs\":[\"https:\/\/www.facebook.com\/skaitytaknyga\/\"]}]}<\/script>\n<!-- \/ Yoast SEO plugin. -->","yoast_head_json":{"title":"\u012evadas \u012f komunikacijos studijas","description":"Komunikacijos studijos - tai viena i\u0161 \u012fdomiausi\u0173 sri\u010di\u0173, kuri\u0105 formavo \u012fvairi\u0173 mokslo kryp\u010di\u0173 ir sri\u010di\u0173 mokslininkai, taikydami jos tyrimams skirting\u0173","robots":{"index":"index","follow":"follow","max-snippet":"max-snippet:-1","max-image-preview":"max-image-preview:large","max-video-preview":"max-video-preview:-1"},"canonical":"https:\/\/skaitytaknyga.lt\/en\/produktas\/ivadas-i-komunikacijos-studijas\/","og_locale":"en_GB","og_type":"article","og_title":"[:lt]\u012evadas \u012f komunikacijos studijas[:] - Skaitytaknyga","og_description":"Komunikacijos studijos - tai viena i\u0161 \u012fdomiausi\u0173 sri\u010di\u0173, kuri\u0105 formavo \u012fvairi\u0173 mokslo kryp\u010di\u0173 ir sri\u010di\u0173 mokslininkai, taikydami jos tyrimams skirting\u0173","og_url":"https:\/\/skaitytaknyga.lt\/en\/produktas\/ivadas-i-komunikacijos-studijas\/","og_site_name":"Skaitytaknyga","article_publisher":"https:\/\/www.facebook.com\/skaitytaknyga\/","article_modified_time":"2025-10-06T08:09:18+00:00","og_image":[{"width":300,"height":470,"url":"https:\/\/skaitytaknyga.lt\/wp-content\/uploads\/2025\/10\/Ivadas-i-komunikacijos-studijas-1.webp","type":"image\/webp"}],"twitter_card":"summary_large_image","schema":{"@context":"https:\/\/schema.org","@graph":[{"@type":"WebPage","@id":"https:\/\/skaitytaknyga.lt\/produktas\/ivadas-i-komunikacijos-studijas\/","url":"https:\/\/skaitytaknyga.lt\/produktas\/ivadas-i-komunikacijos-studijas\/","name":"\u012evadas \u012f komunikacijos studijas","isPartOf":{"@id":"https:\/\/skaitytaknyga.lt\/#website"},"primaryImageOfPage":{"@id":"https:\/\/skaitytaknyga.lt\/produktas\/ivadas-i-komunikacijos-studijas\/#primaryimage"},"image":{"@id":"https:\/\/skaitytaknyga.lt\/produktas\/ivadas-i-komunikacijos-studijas\/#primaryimage"},"thumbnailUrl":"https:\/\/skaitytaknyga.lt\/wp-content\/uploads\/2025\/10\/Ivadas-i-komunikacijos-studijas-1.webp","datePublished":"2025-10-02T13:20:18+00:00","dateModified":"2025-10-06T08:09:18+00:00","description":"Komunikacijos studijos - tai viena i\u0161 \u012fdomiausi\u0173 sri\u010di\u0173, kuri\u0105 formavo \u012fvairi\u0173 mokslo kryp\u010di\u0173 ir sri\u010di\u0173 mokslininkai, taikydami jos tyrimams skirting\u0173","breadcrumb":{"@id":"https:\/\/skaitytaknyga.lt\/produktas\/ivadas-i-komunikacijos-studijas\/#breadcrumb"},"inLanguage":"en-GB","potentialAction":[{"@type":"ReadAction","target":["https:\/\/skaitytaknyga.lt\/produktas\/ivadas-i-komunikacijos-studijas\/"]}]},{"@type":"ImageObject","inLanguage":"en-GB","@id":"https:\/\/skaitytaknyga.lt\/produktas\/ivadas-i-komunikacijos-studijas\/#primaryimage","url":"https:\/\/skaitytaknyga.lt\/wp-content\/uploads\/2025\/10\/Ivadas-i-komunikacijos-studijas-1.webp","contentUrl":"https:\/\/skaitytaknyga.lt\/wp-content\/uploads\/2025\/10\/Ivadas-i-komunikacijos-studijas-1.webp","width":300,"height":470,"caption":"\u012evadas \u012f komunikacijos studijas"},{"@type":"BreadcrumbList","@id":"https:\/\/skaitytaknyga.lt\/produktas\/ivadas-i-komunikacijos-studijas\/#breadcrumb","itemListElement":[{"@type":"ListItem","position":1,"name":"Home","item":"https:\/\/skaitytaknyga.lt\/"},{"@type":"ListItem","position":2,"name":"Parduotuv\u0117","item":"https:\/\/skaitytaknyga.lt\/knygu-parduotuve\/"},{"@type":"ListItem","position":3,"name":"\u012evadas \u012f komunikacijos studijas"}]},{"@type":"WebSite","@id":"https:\/\/skaitytaknyga.lt\/#website","url":"https:\/\/skaitytaknyga.lt\/","name":"skaitytaknyga.lt","description":"Skaitytaknyga.lt \u2013 tai ma\u017eas \u0161eimos verslas, kuris prasid\u0117jo nuo meil\u0117s knygoms ir siekio i\u0161gelb\u0117ti knygas nuo likimo prie konteinerio. Kas vienam nereikalingas daiktas \u2013 kitam lobis, o mes esame tarpininkai, kurie padeda abiems tapti laimingesniems ???? \u017dinome kaip nelengva i\u0161gyventi ma\u017eiems verslams, tad nuo \u0161iol, \u010dia rasite ir kit\u0173, ma\u017e\u0173 \u0161eim\u0173 versl\u0173, rank\u0173 darbo, dovan\u0173 sau ir artimiesiems.","publisher":{"@id":"https:\/\/skaitytaknyga.lt\/#organization"},"potentialAction":[{"@type":"SearchAction","target":{"@type":"EntryPoint","urlTemplate":"https:\/\/skaitytaknyga.lt\/?s={search_term_string}"},"query-input":{"@type":"PropertyValueSpecification","valueRequired":true,"valueName":"search_term_string"}}],"inLanguage":"en-GB"},{"@type":"Organization","@id":"https:\/\/skaitytaknyga.lt\/#organization","name":"skaitytaknyga.lt","url":"https:\/\/skaitytaknyga.lt\/","logo":{"@type":"ImageObject","inLanguage":"en-GB","@id":"https:\/\/skaitytaknyga.lt\/#\/schema\/logo\/image\/","url":"https:\/\/skaitytaknyga.lt\/wp-content\/uploads\/2024\/05\/cropped-cropped-cropped-02_00843_jt3bggkj1j3HLc7SyY6rEUpg.jpeg","contentUrl":"https:\/\/skaitytaknyga.lt\/wp-content\/uploads\/2024\/05\/cropped-cropped-cropped-02_00843_jt3bggkj1j3HLc7SyY6rEUpg.jpeg","width":1600,"height":1600,"caption":"skaitytaknyga.lt"},"image":{"@id":"https:\/\/skaitytaknyga.lt\/#\/schema\/logo\/image\/"},"sameAs":["https:\/\/www.facebook.com\/skaitytaknyga\/"]}]}},"_links":{"self":[{"href":"https:\/\/skaitytaknyga.lt\/en\/wp-json\/wp\/v2\/product\/21144","targetHints":{"allow":["GET"]}}],"collection":[{"href":"https:\/\/skaitytaknyga.lt\/en\/wp-json\/wp\/v2\/product"}],"about":[{"href":"https:\/\/skaitytaknyga.lt\/en\/wp-json\/wp\/v2\/types\/product"}],"replies":[{"embeddable":true,"href":"https:\/\/skaitytaknyga.lt\/en\/wp-json\/wp\/v2\/comments?post=21144"}],"wp:featuredmedia":[{"embeddable":true,"href":"https:\/\/skaitytaknyga.lt\/en\/wp-json\/wp\/v2\/media\/21149"}],"wp:attachment":[{"href":"https:\/\/skaitytaknyga.lt\/en\/wp-json\/wp\/v2\/media?parent=21144"}],"wp:term":[{"taxonomy":"product_brand","embeddable":true,"href":"https:\/\/skaitytaknyga.lt\/en\/wp-json\/wp\/v2\/product_brand?post=21144"},{"taxonomy":"product_cat","embeddable":true,"href":"https:\/\/skaitytaknyga.lt\/en\/wp-json\/wp\/v2\/product_cat?post=21144"},{"taxonomy":"product_tag","embeddable":true,"href":"https:\/\/skaitytaknyga.lt\/en\/wp-json\/wp\/v2\/product_tag?post=21144"}],"curies":[{"name":"wp","href":"https:\/\/api.w.org\/{rel}","templated":true}]}}