{"id":21142,"date":"2025-10-02T16:20:17","date_gmt":"2025-10-02T13:20:17","guid":{"rendered":"https:\/\/skaitytaknyga.lt\/?post_type=product&#038;p=21142"},"modified":"2026-02-26T10:10:27","modified_gmt":"2026-02-26T08:10:27","slug":"tragedijos-gimimas-arba-helenizmas-ir-pesimizmas","status":"publish","type":"product","link":"https:\/\/skaitytaknyga.lt\/en\/produktas\/tragedijos-gimimas-arba-helenizmas-ir-pesimizmas\/","title":{"rendered":"Tragedijos gimimas, arba Helenizmas ir pesimizmas"},"content":{"rendered":"<p>Vokie\u010di\u0173 filosofo F. Nietzsche&#8217;s (1844\u20131900) knygoje \u201eTragedijos gimimas\u201c menas traktuojamas kaip apoloni\u0161kojo (racionalaus, harmoningo) ir dionisi\u0161kojo (instinktyvaus, iracionalaus, tragi\u0161ko) dvasios prad\u0173 pusiausvyra, kuri\u0105 tobulai \u012fk\u016bnija senov\u0117s graik\u0173 autori\u0173 tragedijos.<\/p>\n","protected":false},"excerpt":{"rendered":"<p>Vokie\u010di\u0173 filosofo F. Nietzsche&#8217;s (1844\u20131900) knygoje \u201eTragedijos gimimas\u201c menas traktuojamas kaip apoloni\u0161kojo (racionalaus, harmoningo) ir dionisi\u0161kojo (instinktyvaus, iracionalaus, tragi\u0161ko) dvasios prad\u0173 pusiausvyra, kuri\u0105 tobulai \u012fk\u016bnija senov\u0117s graik\u0173 autori\u0173 tragedijos.<\/p>\n","protected":false},"featured_media":21147,"comment_status":"open","ping_status":"closed","template":"","meta":{"_acf_changed":false,"site-sidebar-layout":"default","site-content-layout":"","ast-site-content-layout":"default","site-content-style":"default","site-sidebar-style":"default","ast-global-header-display":"","ast-banner-title-visibility":"","ast-main-header-display":"","ast-hfb-above-header-display":"","ast-hfb-below-header-display":"","ast-hfb-mobile-header-display":"","site-post-title":"","ast-breadcrumbs-content":"","ast-featured-img":"","footer-sml-layout":"","ast-disable-related-posts":"","theme-transparent-header-meta":"","adv-header-id-meta":"","stick-header-meta":"","header-above-stick-meta":"","header-main-stick-meta":"","header-below-stick-meta":"","astra-migrate-meta-layouts":"default","ast-page-background-enabled":"default","ast-page-background-meta":{"desktop":{"background-color":"","background-image":"","background-repeat":"repeat","background-position":"center center","background-size":"auto","background-attachment":"scroll","background-type":"","background-media":"","overlay-type":"","overlay-color":"","overlay-opacity":"","overlay-gradient":""},"tablet":{"background-color":"","background-image":"","background-repeat":"repeat","background-position":"center center","background-size":"auto","background-attachment":"scroll","background-type":"","background-media":"","overlay-type":"","overlay-color":"","overlay-opacity":"","overlay-gradient":""},"mobile":{"background-color":"","background-image":"","background-repeat":"repeat","background-position":"center center","background-size":"auto","background-attachment":"scroll","background-type":"","background-media":"","overlay-type":"","overlay-color":"","overlay-opacity":"","overlay-gradient":""}},"ast-content-background-meta":{"desktop":{"background-color":"var(--ast-global-color-4)","background-image":"","background-repeat":"repeat","background-position":"center center","background-size":"auto","background-attachment":"scroll","background-type":"","background-media":"","overlay-type":"","overlay-color":"","overlay-opacity":"","overlay-gradient":""},"tablet":{"background-color":"var(--ast-global-color-4)","background-image":"","background-repeat":"repeat","background-position":"center center","background-size":"auto","background-attachment":"scroll","background-type":"","background-media":"","overlay-type":"","overlay-color":"","overlay-opacity":"","overlay-gradient":""},"mobile":{"background-color":"var(--ast-global-color-4)","background-image":"","background-repeat":"repeat","background-position":"center center","background-size":"auto","background-attachment":"scroll","background-type":"","background-media":"","overlay-type":"","overlay-color":"","overlay-opacity":"","overlay-gradient":""}}},"product_brand":[],"product_cat":[165],"product_tag":[1467,8432,1492,3052],"class_list":{"0":"post-21142","1":"product","2":"type-product","3":"status-publish","4":"has-post-thumbnail","6":"product_cat-religija-filosofija-ir-ezoterika","7":"product_tag-filosofija","8":"product_tag-graiku-kultura","9":"product_tag-literatura","10":"product_tag-menas","11":"desktop-align-left","12":"tablet-align-left","13":"mobile-align-left","15":"first","16":"instock","17":"shipping-taxable","18":"purchasable","19":"product-type-simple"},"acf":[],"yoast_head":"<!-- This site is optimized with the Yoast SEO plugin v27.0 - https:\/\/yoast.com\/product\/yoast-seo-wordpress\/ -->\n<title>Tragedijos gimimas, arba Helenizmas ir pesimizmas<\/title>\n<meta name=\"description\" content=\"Vokie\u010di\u0173 filosofo F. Nietzsche&#039;s (1844\u20131900) knygoje \u201eTragedijos gimimas\u201c menas traktuojamas kaip apoloni\u0161kojo (racionalaus, harmoningo) ir dionisi\u0161kojo\" \/>\n<meta name=\"robots\" content=\"index, follow, max-snippet:-1, max-image-preview:large, max-video-preview:-1\" \/>\n<link rel=\"canonical\" href=\"https:\/\/skaitytaknyga.lt\/en\/produktas\/tragedijos-gimimas-arba-helenizmas-ir-pesimizmas\/\" \/>\n<meta property=\"og:locale\" content=\"en_GB\" \/>\n<meta property=\"og:locale:alternate\" content=\"lt_LT\" \/>\n<meta property=\"og:type\" content=\"article\" \/>\n<meta property=\"og:title\" content=\"Tragedijos gimimas, arba Helenizmas ir pesimizmas\" \/>\n<meta property=\"og:description\" content=\"Vokie\u010di\u0173 filosofo F. Nietzsche&#039;s (1844\u20131900) knygoje \u201eTragedijos gimimas\u201c menas traktuojamas kaip apoloni\u0161kojo (racionalaus, harmoningo) ir dionisi\u0161kojo\" \/>\n<meta property=\"og:url\" content=\"https:\/\/skaitytaknyga.lt\/en\/produktas\/tragedijos-gimimas-arba-helenizmas-ir-pesimizmas\/\" \/>\n<meta property=\"og:site_name\" content=\"Skaitytaknyga\" \/>\n<meta property=\"article:publisher\" content=\"https:\/\/www.facebook.com\/skaitytaknyga\/\" \/>\n<meta property=\"article:modified_time\" content=\"2026-02-26T08:10:27+00:00\" \/>\n<meta property=\"og:image\" content=\"https:\/\/skaitytaknyga.lt\/wp-content\/uploads\/2025\/10\/Tragedijos-gimimas-arba-Helenizmas-ir-pesimizmas-1.webp\" \/>\n\t<meta property=\"og:image:width\" content=\"372\" \/>\n\t<meta property=\"og:image:height\" content=\"582\" \/>\n\t<meta property=\"og:image:type\" content=\"image\/webp\" \/>\n<meta name=\"twitter:card\" content=\"summary_large_image\" \/>\n<script type=\"application\/ld+json\" class=\"yoast-schema-graph\">{\"@context\":\"https:\/\/schema.org\",\"@graph\":[{\"@type\":\"WebPage\",\"@id\":\"https:\/\/skaitytaknyga.lt\/produktas\/tragedijos-gimimas-arba-helenizmas-ir-pesimizmas\/\",\"url\":\"https:\/\/skaitytaknyga.lt\/produktas\/tragedijos-gimimas-arba-helenizmas-ir-pesimizmas\/\",\"name\":\"Tragedijos gimimas, arba Helenizmas ir pesimizmas\",\"isPartOf\":{\"@id\":\"https:\/\/skaitytaknyga.lt\/#website\"},\"primaryImageOfPage\":{\"@id\":\"https:\/\/skaitytaknyga.lt\/produktas\/tragedijos-gimimas-arba-helenizmas-ir-pesimizmas\/#primaryimage\"},\"image\":{\"@id\":\"https:\/\/skaitytaknyga.lt\/produktas\/tragedijos-gimimas-arba-helenizmas-ir-pesimizmas\/#primaryimage\"},\"thumbnailUrl\":\"https:\/\/skaitytaknyga.lt\/wp-content\/uploads\/2025\/10\/Tragedijos-gimimas-arba-Helenizmas-ir-pesimizmas-1.webp\",\"datePublished\":\"2025-10-02T13:20:17+00:00\",\"dateModified\":\"2026-02-26T08:10:27+00:00\",\"description\":\"Vokie\u010di\u0173 filosofo F. Nietzsche's (1844\u20131900) knygoje \u201eTragedijos gimimas\u201c menas traktuojamas kaip apoloni\u0161kojo (racionalaus, harmoningo) ir dionisi\u0161kojo\",\"breadcrumb\":{\"@id\":\"https:\/\/skaitytaknyga.lt\/produktas\/tragedijos-gimimas-arba-helenizmas-ir-pesimizmas\/#breadcrumb\"},\"inLanguage\":\"en-GB\",\"potentialAction\":[{\"@type\":\"ReadAction\",\"target\":[\"https:\/\/skaitytaknyga.lt\/produktas\/tragedijos-gimimas-arba-helenizmas-ir-pesimizmas\/\"]}]},{\"@type\":\"ImageObject\",\"inLanguage\":\"en-GB\",\"@id\":\"https:\/\/skaitytaknyga.lt\/produktas\/tragedijos-gimimas-arba-helenizmas-ir-pesimizmas\/#primaryimage\",\"url\":\"https:\/\/skaitytaknyga.lt\/wp-content\/uploads\/2025\/10\/Tragedijos-gimimas-arba-Helenizmas-ir-pesimizmas-1.webp\",\"contentUrl\":\"https:\/\/skaitytaknyga.lt\/wp-content\/uploads\/2025\/10\/Tragedijos-gimimas-arba-Helenizmas-ir-pesimizmas-1.webp\",\"width\":372,\"height\":582},{\"@type\":\"BreadcrumbList\",\"@id\":\"https:\/\/skaitytaknyga.lt\/produktas\/tragedijos-gimimas-arba-helenizmas-ir-pesimizmas\/#breadcrumb\",\"itemListElement\":[{\"@type\":\"ListItem\",\"position\":1,\"name\":\"Home\",\"item\":\"https:\/\/skaitytaknyga.lt\/\"},{\"@type\":\"ListItem\",\"position\":2,\"name\":\"Parduotuv\u0117\",\"item\":\"https:\/\/skaitytaknyga.lt\/knygu-parduotuve\/\"},{\"@type\":\"ListItem\",\"position\":3,\"name\":\"Tragedijos gimimas, arba Helenizmas ir pesimizmas\"}]},{\"@type\":\"WebSite\",\"@id\":\"https:\/\/skaitytaknyga.lt\/#website\",\"url\":\"https:\/\/skaitytaknyga.lt\/\",\"name\":\"skaitytaknyga.lt\",\"description\":\"Skaitytaknyga.lt \u2013 tai ma\u017eas \u0161eimos verslas, kuris prasid\u0117jo nuo meil\u0117s knygoms ir siekio i\u0161gelb\u0117ti knygas nuo likimo prie konteinerio. Kas vienam nereikalingas daiktas \u2013 kitam lobis, o mes esame tarpininkai, kurie padeda abiems tapti laimingesniems ???? \u017dinome kaip nelengva i\u0161gyventi ma\u017eiems verslams, tad nuo \u0161iol, \u010dia rasite ir kit\u0173, ma\u017e\u0173 \u0161eim\u0173 versl\u0173, rank\u0173 darbo, dovan\u0173 sau ir artimiesiems.\",\"publisher\":{\"@id\":\"https:\/\/skaitytaknyga.lt\/#organization\"},\"potentialAction\":[{\"@type\":\"SearchAction\",\"target\":{\"@type\":\"EntryPoint\",\"urlTemplate\":\"https:\/\/skaitytaknyga.lt\/?s={search_term_string}\"},\"query-input\":{\"@type\":\"PropertyValueSpecification\",\"valueRequired\":true,\"valueName\":\"search_term_string\"}}],\"inLanguage\":\"en-GB\"},{\"@type\":\"Organization\",\"@id\":\"https:\/\/skaitytaknyga.lt\/#organization\",\"name\":\"skaitytaknyga.lt\",\"url\":\"https:\/\/skaitytaknyga.lt\/\",\"logo\":{\"@type\":\"ImageObject\",\"inLanguage\":\"en-GB\",\"@id\":\"https:\/\/skaitytaknyga.lt\/#\/schema\/logo\/image\/\",\"url\":\"https:\/\/skaitytaknyga.lt\/wp-content\/uploads\/2024\/05\/cropped-cropped-cropped-02_00843_jt3bggkj1j3HLc7SyY6rEUpg.jpeg\",\"contentUrl\":\"https:\/\/skaitytaknyga.lt\/wp-content\/uploads\/2024\/05\/cropped-cropped-cropped-02_00843_jt3bggkj1j3HLc7SyY6rEUpg.jpeg\",\"width\":1600,\"height\":1600,\"caption\":\"skaitytaknyga.lt\"},\"image\":{\"@id\":\"https:\/\/skaitytaknyga.lt\/#\/schema\/logo\/image\/\"},\"sameAs\":[\"https:\/\/www.facebook.com\/skaitytaknyga\/\"]}]}<\/script>\n<!-- \/ Yoast SEO plugin. -->","yoast_head_json":{"title":"Tragedijos gimimas, arba Helenizmas ir pesimizmas","description":"Vokie\u010di\u0173 filosofo F. Nietzsche's (1844\u20131900) knygoje \u201eTragedijos gimimas\u201c menas traktuojamas kaip apoloni\u0161kojo (racionalaus, harmoningo) ir dionisi\u0161kojo","robots":{"index":"index","follow":"follow","max-snippet":"max-snippet:-1","max-image-preview":"max-image-preview:large","max-video-preview":"max-video-preview:-1"},"canonical":"https:\/\/skaitytaknyga.lt\/en\/produktas\/tragedijos-gimimas-arba-helenizmas-ir-pesimizmas\/","og_locale":"en_GB","og_type":"article","og_title":"[:lt]Tragedijos gimimas, arba Helenizmas ir pesimizmas[:] - Skaitytaknyga","og_description":"Vokie\u010di\u0173 filosofo F. Nietzsche's (1844\u20131900) knygoje \u201eTragedijos gimimas\u201c menas traktuojamas kaip apoloni\u0161kojo (racionalaus, harmoningo) ir dionisi\u0161kojo","og_url":"https:\/\/skaitytaknyga.lt\/en\/produktas\/tragedijos-gimimas-arba-helenizmas-ir-pesimizmas\/","og_site_name":"Skaitytaknyga","article_publisher":"https:\/\/www.facebook.com\/skaitytaknyga\/","article_modified_time":"2026-02-26T08:10:27+00:00","og_image":[{"width":372,"height":582,"url":"https:\/\/skaitytaknyga.lt\/wp-content\/uploads\/2025\/10\/Tragedijos-gimimas-arba-Helenizmas-ir-pesimizmas-1.webp","type":"image\/webp"}],"twitter_card":"summary_large_image","schema":{"@context":"https:\/\/schema.org","@graph":[{"@type":"WebPage","@id":"https:\/\/skaitytaknyga.lt\/produktas\/tragedijos-gimimas-arba-helenizmas-ir-pesimizmas\/","url":"https:\/\/skaitytaknyga.lt\/produktas\/tragedijos-gimimas-arba-helenizmas-ir-pesimizmas\/","name":"Tragedijos gimimas, arba Helenizmas ir pesimizmas","isPartOf":{"@id":"https:\/\/skaitytaknyga.lt\/#website"},"primaryImageOfPage":{"@id":"https:\/\/skaitytaknyga.lt\/produktas\/tragedijos-gimimas-arba-helenizmas-ir-pesimizmas\/#primaryimage"},"image":{"@id":"https:\/\/skaitytaknyga.lt\/produktas\/tragedijos-gimimas-arba-helenizmas-ir-pesimizmas\/#primaryimage"},"thumbnailUrl":"https:\/\/skaitytaknyga.lt\/wp-content\/uploads\/2025\/10\/Tragedijos-gimimas-arba-Helenizmas-ir-pesimizmas-1.webp","datePublished":"2025-10-02T13:20:17+00:00","dateModified":"2026-02-26T08:10:27+00:00","description":"Vokie\u010di\u0173 filosofo F. Nietzsche's (1844\u20131900) knygoje \u201eTragedijos gimimas\u201c menas traktuojamas kaip apoloni\u0161kojo (racionalaus, harmoningo) ir dionisi\u0161kojo","breadcrumb":{"@id":"https:\/\/skaitytaknyga.lt\/produktas\/tragedijos-gimimas-arba-helenizmas-ir-pesimizmas\/#breadcrumb"},"inLanguage":"en-GB","potentialAction":[{"@type":"ReadAction","target":["https:\/\/skaitytaknyga.lt\/produktas\/tragedijos-gimimas-arba-helenizmas-ir-pesimizmas\/"]}]},{"@type":"ImageObject","inLanguage":"en-GB","@id":"https:\/\/skaitytaknyga.lt\/produktas\/tragedijos-gimimas-arba-helenizmas-ir-pesimizmas\/#primaryimage","url":"https:\/\/skaitytaknyga.lt\/wp-content\/uploads\/2025\/10\/Tragedijos-gimimas-arba-Helenizmas-ir-pesimizmas-1.webp","contentUrl":"https:\/\/skaitytaknyga.lt\/wp-content\/uploads\/2025\/10\/Tragedijos-gimimas-arba-Helenizmas-ir-pesimizmas-1.webp","width":372,"height":582},{"@type":"BreadcrumbList","@id":"https:\/\/skaitytaknyga.lt\/produktas\/tragedijos-gimimas-arba-helenizmas-ir-pesimizmas\/#breadcrumb","itemListElement":[{"@type":"ListItem","position":1,"name":"Home","item":"https:\/\/skaitytaknyga.lt\/"},{"@type":"ListItem","position":2,"name":"Parduotuv\u0117","item":"https:\/\/skaitytaknyga.lt\/knygu-parduotuve\/"},{"@type":"ListItem","position":3,"name":"Tragedijos gimimas, arba Helenizmas ir pesimizmas"}]},{"@type":"WebSite","@id":"https:\/\/skaitytaknyga.lt\/#website","url":"https:\/\/skaitytaknyga.lt\/","name":"skaitytaknyga.lt","description":"Skaitytaknyga.lt \u2013 tai ma\u017eas \u0161eimos verslas, kuris prasid\u0117jo nuo meil\u0117s knygoms ir siekio i\u0161gelb\u0117ti knygas nuo likimo prie konteinerio. Kas vienam nereikalingas daiktas \u2013 kitam lobis, o mes esame tarpininkai, kurie padeda abiems tapti laimingesniems ???? \u017dinome kaip nelengva i\u0161gyventi ma\u017eiems verslams, tad nuo \u0161iol, \u010dia rasite ir kit\u0173, ma\u017e\u0173 \u0161eim\u0173 versl\u0173, rank\u0173 darbo, dovan\u0173 sau ir artimiesiems.","publisher":{"@id":"https:\/\/skaitytaknyga.lt\/#organization"},"potentialAction":[{"@type":"SearchAction","target":{"@type":"EntryPoint","urlTemplate":"https:\/\/skaitytaknyga.lt\/?s={search_term_string}"},"query-input":{"@type":"PropertyValueSpecification","valueRequired":true,"valueName":"search_term_string"}}],"inLanguage":"en-GB"},{"@type":"Organization","@id":"https:\/\/skaitytaknyga.lt\/#organization","name":"skaitytaknyga.lt","url":"https:\/\/skaitytaknyga.lt\/","logo":{"@type":"ImageObject","inLanguage":"en-GB","@id":"https:\/\/skaitytaknyga.lt\/#\/schema\/logo\/image\/","url":"https:\/\/skaitytaknyga.lt\/wp-content\/uploads\/2024\/05\/cropped-cropped-cropped-02_00843_jt3bggkj1j3HLc7SyY6rEUpg.jpeg","contentUrl":"https:\/\/skaitytaknyga.lt\/wp-content\/uploads\/2024\/05\/cropped-cropped-cropped-02_00843_jt3bggkj1j3HLc7SyY6rEUpg.jpeg","width":1600,"height":1600,"caption":"skaitytaknyga.lt"},"image":{"@id":"https:\/\/skaitytaknyga.lt\/#\/schema\/logo\/image\/"},"sameAs":["https:\/\/www.facebook.com\/skaitytaknyga\/"]}]}},"_links":{"self":[{"href":"https:\/\/skaitytaknyga.lt\/en\/wp-json\/wp\/v2\/product\/21142","targetHints":{"allow":["GET"]}}],"collection":[{"href":"https:\/\/skaitytaknyga.lt\/en\/wp-json\/wp\/v2\/product"}],"about":[{"href":"https:\/\/skaitytaknyga.lt\/en\/wp-json\/wp\/v2\/types\/product"}],"replies":[{"embeddable":true,"href":"https:\/\/skaitytaknyga.lt\/en\/wp-json\/wp\/v2\/comments?post=21142"}],"wp:featuredmedia":[{"embeddable":true,"href":"https:\/\/skaitytaknyga.lt\/en\/wp-json\/wp\/v2\/media\/21147"}],"wp:attachment":[{"href":"https:\/\/skaitytaknyga.lt\/en\/wp-json\/wp\/v2\/media?parent=21142"}],"wp:term":[{"taxonomy":"product_brand","embeddable":true,"href":"https:\/\/skaitytaknyga.lt\/en\/wp-json\/wp\/v2\/product_brand?post=21142"},{"taxonomy":"product_cat","embeddable":true,"href":"https:\/\/skaitytaknyga.lt\/en\/wp-json\/wp\/v2\/product_cat?post=21142"},{"taxonomy":"product_tag","embeddable":true,"href":"https:\/\/skaitytaknyga.lt\/en\/wp-json\/wp\/v2\/product_tag?post=21142"}],"curies":[{"name":"wp","href":"https:\/\/api.w.org\/{rel}","templated":true}]}}