{"id":21133,"date":"2025-10-02T16:04:57","date_gmt":"2025-10-02T13:04:57","guid":{"rendered":"https:\/\/skaitytaknyga.lt\/?post_type=product&#038;p=21133"},"modified":"2025-12-13T14:20:09","modified_gmt":"2025-12-13T12:20:09","slug":"robotu-pasakos","status":"publish","type":"product","link":"https:\/\/skaitytaknyga.lt\/en\/produktas\/robotu-pasakos\/","title":{"rendered":"Robot\u0173 pasakos"},"content":{"rendered":"<p>\u0160ias pasakas suk\u016br\u0117 garsus lenk\u0173 ra\u0161ytojas, mokslin\u0117s fantastin\u0117s literat\u016bros klasikas Stanis\u0142awas Hermanas Lemas, kurio gimimo \u0161imt\u0105sias metines pasaulis min\u0117s \u0161i\u0173 met\u0173 rugs\u0117j\u012f.<\/p>\n<p>\u201eRobot\u0173 pasakos&#8221; \u2013 unikalus k\u016brinys tiek lenk\u0173, tiek pasaulio literat\u016broje. Mokslin\u0117 fantastika \u010dia meistri\u0161kai jungiama su folkloro tradicija, socialine ironija ir satyra. 1964 m. i\u0161leista knyga kaip prozos vaikams k\u016brinys \u012ftraukta \u012f Lenkijos mokykl\u0173 literat\u016bros program\u0105. Ji i\u0161versta \u012f angl\u0173 ir kitas pasaulio kalbas, kaip i\u0161mintingi tekstai yra skaitomi ir suaugusi\u0173j\u0173.<\/p>\n<p>\u0160iandien \u201eRobot\u0173 pasakos&#8221; interpretuojamos kaip daugiareik\u0161miai k\u016briniai, analizuojantys dabarties visuomen\u0117s b\u016bkl\u0119, totalitarinius re\u017eimus, socialin\u0117s elgsenos stereotipus. Sykiu tai vaik\u0173 vaizduot\u0119 \u017eadinantys ir ugdantys futurologiniai pasakojimai, nusp\u0117j\u0119 daugyb\u0119 \u0161iandien paplitusi\u0173 technologini\u0173 i\u0161radim\u0173.<\/p>\n<p>Tai knyga, ne vien\u0105 vaik\u0173 kart\u0105 mokiusi svajoti ir savaranki\u0161kai m\u0105styti. Lietuvos skaitytojams Stanis\u0142awas Lemas daugiausia pa\u017e\u012fstamas kaip romano \u201eSoliaris&#8221; autorius. \u0160\u012f k\u016brin\u012f itin i\u0161populiarino Andrejaus Tarkovskio sukurtas filmas, kuriame pagrindin\u012f vaidmen\u012f atliko Donatas Banionis.<\/p>\n<p>Lietuvi\u0161kai \u201eRobot\u0173 pasakos&#8221; pasirodo pirm\u0105 kart\u0105. Jas iliustravo a\u0161tuoni lenk\u0173 dailininkai, peln\u0119 apdovanojim\u0173 daugelyje tarptautini\u0173 iliustruotoj\u0173 konkurs\u0173.<\/p>\n","protected":false},"excerpt":{"rendered":"<p>\u0160ias pasakas suk\u016br\u0117 garsus lenk\u0173 ra\u0161ytojas, mokslin\u0117s fantastin\u0117s literat\u016bros klasikas Stanis\u0142awas Hermanas Lemas, kurio gimimo \u0161imt\u0105sias metines pasaulis min\u0117s \u0161i\u0173 met\u0173 rugs\u0117j\u012f. \u201eRobot\u0173 pasakos&#8221; \u2013 unikalus k\u016brinys tiek lenk\u0173, tiek pasaulio literat\u016broje. Mokslin\u0117 fantastika \u010dia meistri\u0161kai jungiama su folkloro tradicija, socialine ironija ir satyra. 1964 m. i\u0161leista knyga kaip prozos vaikams k\u016brinys \u012ftraukta \u012f Lenkijos mokykl\u0173 literat\u016bros program\u0105. Ji i\u0161versta \u012f angl\u0173 ir kitas pasaulio kalbas, kaip i\u0161mintingi tekstai yra skaitomi ir suaugusi\u0173j\u0173. \u0160iandien \u201eRobot\u0173 pasakos&#8221; interpretuojamos kaip daugiareik\u0161miai k\u016briniai, analizuojantys dabarties visuomen\u0117s b\u016bkl\u0119, totalitarinius re\u017eimus, socialin\u0117s elgsenos stereotipus. Sykiu tai vaik\u0173 vaizduot\u0119 \u017eadinantys ir ugdantys futurologiniai pasakojimai, nusp\u0117j\u0119 daugyb\u0119 \u0161iandien paplitusi\u0173 technologini\u0173 i\u0161radim\u0173. Tai knyga, ne vien\u0105 vaik\u0173 kart\u0105 mokiusi svajoti ir savaranki\u0161kai m\u0105styti. Lietuvos skaitytojams Stanis\u0142awas Lemas daugiausia pa\u017e\u012fstamas kaip romano \u201eSoliaris&#8221; autorius. \u0160\u012f k\u016brin\u012f itin i\u0161populiarino Andrejaus Tarkovskio sukurtas filmas, kuriame pagrindin\u012f vaidmen\u012f atliko Donatas Banionis. Lietuvi\u0161kai \u201eRobot\u0173 pasakos&#8221; pasirodo pirm\u0105 kart\u0105. Jas iliustravo a\u0161tuoni lenk\u0173 dailininkai, peln\u0119 apdovanojim\u0173 daugelyje tarptautini\u0173 iliustruotoj\u0173 konkurs\u0173.<\/p>\n","protected":false},"featured_media":21138,"comment_status":"open","ping_status":"closed","template":"","meta":{"_acf_changed":false,"site-sidebar-layout":"default","site-content-layout":"","ast-site-content-layout":"default","site-content-style":"default","site-sidebar-style":"default","ast-global-header-display":"","ast-banner-title-visibility":"","ast-main-header-display":"","ast-hfb-above-header-display":"","ast-hfb-below-header-display":"","ast-hfb-mobile-header-display":"","site-post-title":"","ast-breadcrumbs-content":"","ast-featured-img":"","footer-sml-layout":"","ast-disable-related-posts":"","theme-transparent-header-meta":"","adv-header-id-meta":"","stick-header-meta":"","header-above-stick-meta":"","header-main-stick-meta":"","header-below-stick-meta":"","astra-migrate-meta-layouts":"default","ast-page-background-enabled":"default","ast-page-background-meta":{"desktop":{"background-color":"","background-image":"","background-repeat":"repeat","background-position":"center center","background-size":"auto","background-attachment":"scroll","background-type":"","background-media":"","overlay-type":"","overlay-color":"","overlay-opacity":"","overlay-gradient":""},"tablet":{"background-color":"","background-image":"","background-repeat":"repeat","background-position":"center center","background-size":"auto","background-attachment":"scroll","background-type":"","background-media":"","overlay-type":"","overlay-color":"","overlay-opacity":"","overlay-gradient":""},"mobile":{"background-color":"","background-image":"","background-repeat":"repeat","background-position":"center center","background-size":"auto","background-attachment":"scroll","background-type":"","background-media":"","overlay-type":"","overlay-color":"","overlay-opacity":"","overlay-gradient":""}},"ast-content-background-meta":{"desktop":{"background-color":"var(--ast-global-color-4)","background-image":"","background-repeat":"repeat","background-position":"center center","background-size":"auto","background-attachment":"scroll","background-type":"","background-media":"","overlay-type":"","overlay-color":"","overlay-opacity":"","overlay-gradient":""},"tablet":{"background-color":"var(--ast-global-color-4)","background-image":"","background-repeat":"repeat","background-position":"center center","background-size":"auto","background-attachment":"scroll","background-type":"","background-media":"","overlay-type":"","overlay-color":"","overlay-opacity":"","overlay-gradient":""},"mobile":{"background-color":"var(--ast-global-color-4)","background-image":"","background-repeat":"repeat","background-position":"center center","background-size":"auto","background-attachment":"scroll","background-type":"","background-media":"","overlay-type":"","overlay-color":"","overlay-opacity":"","overlay-gradient":""}}},"product_brand":[],"product_cat":[31],"product_tag":[1504,2190,8429,1785],"class_list":{"0":"post-21133","1":"product","2":"type-product","3":"status-publish","4":"has-post-thumbnail","6":"product_cat-grozine-literatura","7":"product_tag-fantastika","8":"product_tag-moksline-fantastika","9":"product_tag-satira","10":"product_tag-vaikams","11":"desktop-align-left","12":"tablet-align-left","13":"mobile-align-left","15":"first","16":"outofstock","17":"shipping-taxable","18":"purchasable","19":"product-type-simple"},"acf":[],"yoast_head":"<!-- This site is optimized with the Yoast SEO plugin v27.0 - https:\/\/yoast.com\/product\/yoast-seo-wordpress\/ -->\n<title>Robot\u0173 pasakos<\/title>\n<meta name=\"description\" content=\"\u0160ias pasakas suk\u016br\u0117 garsus lenk\u0173 ra\u0161ytojas, mokslin\u0117s fantastin\u0117s literat\u016bros klasikas Stanis\u0142awas Hermanas Lemas, kurio gimimo \u0161imt\u0105sias metines pasaulis\" \/>\n<meta name=\"robots\" content=\"index, follow, max-snippet:-1, max-image-preview:large, max-video-preview:-1\" \/>\n<link rel=\"canonical\" href=\"https:\/\/skaitytaknyga.lt\/en\/produktas\/robotu-pasakos\/\" \/>\n<meta property=\"og:locale\" content=\"en_GB\" \/>\n<meta property=\"og:locale:alternate\" content=\"lt_LT\" \/>\n<meta property=\"og:type\" content=\"article\" \/>\n<meta property=\"og:title\" content=\"Robot\u0173 pasakos\" \/>\n<meta property=\"og:description\" content=\"\u0160ias pasakas suk\u016br\u0117 garsus lenk\u0173 ra\u0161ytojas, mokslin\u0117s fantastin\u0117s literat\u016bros klasikas Stanis\u0142awas Hermanas Lemas, kurio gimimo \u0161imt\u0105sias metines pasaulis\" \/>\n<meta property=\"og:url\" content=\"https:\/\/skaitytaknyga.lt\/en\/produktas\/robotu-pasakos\/\" \/>\n<meta property=\"og:site_name\" content=\"Skaitytaknyga\" \/>\n<meta property=\"article:publisher\" content=\"https:\/\/www.facebook.com\/skaitytaknyga\/\" \/>\n<meta property=\"article:modified_time\" content=\"2025-12-13T12:20:09+00:00\" \/>\n<meta property=\"og:image\" content=\"https:\/\/skaitytaknyga.lt\/wp-content\/uploads\/2025\/10\/Robotu-pasakos-1.webp\" \/>\n\t<meta property=\"og:image:width\" content=\"300\" \/>\n\t<meta property=\"og:image:height\" content=\"424\" \/>\n\t<meta property=\"og:image:type\" content=\"image\/webp\" \/>\n<meta name=\"twitter:card\" content=\"summary_large_image\" \/>\n<meta name=\"twitter:label1\" content=\"Estimated reading time\" \/>\n\t<meta name=\"twitter:data1\" content=\"1 minute\" \/>\n<script type=\"application\/ld+json\" class=\"yoast-schema-graph\">{\"@context\":\"https:\/\/schema.org\",\"@graph\":[{\"@type\":\"WebPage\",\"@id\":\"https:\/\/skaitytaknyga.lt\/produktas\/robotu-pasakos\/\",\"url\":\"https:\/\/skaitytaknyga.lt\/produktas\/robotu-pasakos\/\",\"name\":\"Robot\u0173 pasakos\",\"isPartOf\":{\"@id\":\"https:\/\/skaitytaknyga.lt\/#website\"},\"primaryImageOfPage\":{\"@id\":\"https:\/\/skaitytaknyga.lt\/produktas\/robotu-pasakos\/#primaryimage\"},\"image\":{\"@id\":\"https:\/\/skaitytaknyga.lt\/produktas\/robotu-pasakos\/#primaryimage\"},\"thumbnailUrl\":\"https:\/\/skaitytaknyga.lt\/wp-content\/uploads\/2025\/10\/Robotu-pasakos-1.webp\",\"datePublished\":\"2025-10-02T13:04:57+00:00\",\"dateModified\":\"2025-12-13T12:20:09+00:00\",\"description\":\"\u0160ias pasakas suk\u016br\u0117 garsus lenk\u0173 ra\u0161ytojas, mokslin\u0117s fantastin\u0117s literat\u016bros klasikas Stanis\u0142awas Hermanas Lemas, kurio gimimo \u0161imt\u0105sias metines pasaulis\",\"breadcrumb\":{\"@id\":\"https:\/\/skaitytaknyga.lt\/produktas\/robotu-pasakos\/#breadcrumb\"},\"inLanguage\":\"en-GB\",\"potentialAction\":[{\"@type\":\"ReadAction\",\"target\":[\"https:\/\/skaitytaknyga.lt\/produktas\/robotu-pasakos\/\"]}]},{\"@type\":\"ImageObject\",\"inLanguage\":\"en-GB\",\"@id\":\"https:\/\/skaitytaknyga.lt\/produktas\/robotu-pasakos\/#primaryimage\",\"url\":\"https:\/\/skaitytaknyga.lt\/wp-content\/uploads\/2025\/10\/Robotu-pasakos-1.webp\",\"contentUrl\":\"https:\/\/skaitytaknyga.lt\/wp-content\/uploads\/2025\/10\/Robotu-pasakos-1.webp\",\"width\":300,\"height\":424},{\"@type\":\"BreadcrumbList\",\"@id\":\"https:\/\/skaitytaknyga.lt\/produktas\/robotu-pasakos\/#breadcrumb\",\"itemListElement\":[{\"@type\":\"ListItem\",\"position\":1,\"name\":\"Home\",\"item\":\"https:\/\/skaitytaknyga.lt\/\"},{\"@type\":\"ListItem\",\"position\":2,\"name\":\"Parduotuv\u0117\",\"item\":\"https:\/\/skaitytaknyga.lt\/knygu-parduotuve\/\"},{\"@type\":\"ListItem\",\"position\":3,\"name\":\"Robot\u0173 pasakos\"}]},{\"@type\":\"WebSite\",\"@id\":\"https:\/\/skaitytaknyga.lt\/#website\",\"url\":\"https:\/\/skaitytaknyga.lt\/\",\"name\":\"skaitytaknyga.lt\",\"description\":\"Skaitytaknyga.lt \u2013 tai ma\u017eas \u0161eimos verslas, kuris prasid\u0117jo nuo meil\u0117s knygoms ir siekio i\u0161gelb\u0117ti knygas nuo likimo prie konteinerio. Kas vienam nereikalingas daiktas \u2013 kitam lobis, o mes esame tarpininkai, kurie padeda abiems tapti laimingesniems ???? \u017dinome kaip nelengva i\u0161gyventi ma\u017eiems verslams, tad nuo \u0161iol, \u010dia rasite ir kit\u0173, ma\u017e\u0173 \u0161eim\u0173 versl\u0173, rank\u0173 darbo, dovan\u0173 sau ir artimiesiems.\",\"publisher\":{\"@id\":\"https:\/\/skaitytaknyga.lt\/#organization\"},\"potentialAction\":[{\"@type\":\"SearchAction\",\"target\":{\"@type\":\"EntryPoint\",\"urlTemplate\":\"https:\/\/skaitytaknyga.lt\/?s={search_term_string}\"},\"query-input\":{\"@type\":\"PropertyValueSpecification\",\"valueRequired\":true,\"valueName\":\"search_term_string\"}}],\"inLanguage\":\"en-GB\"},{\"@type\":\"Organization\",\"@id\":\"https:\/\/skaitytaknyga.lt\/#organization\",\"name\":\"skaitytaknyga.lt\",\"url\":\"https:\/\/skaitytaknyga.lt\/\",\"logo\":{\"@type\":\"ImageObject\",\"inLanguage\":\"en-GB\",\"@id\":\"https:\/\/skaitytaknyga.lt\/#\/schema\/logo\/image\/\",\"url\":\"https:\/\/skaitytaknyga.lt\/wp-content\/uploads\/2024\/05\/cropped-cropped-cropped-02_00843_jt3bggkj1j3HLc7SyY6rEUpg.jpeg\",\"contentUrl\":\"https:\/\/skaitytaknyga.lt\/wp-content\/uploads\/2024\/05\/cropped-cropped-cropped-02_00843_jt3bggkj1j3HLc7SyY6rEUpg.jpeg\",\"width\":1600,\"height\":1600,\"caption\":\"skaitytaknyga.lt\"},\"image\":{\"@id\":\"https:\/\/skaitytaknyga.lt\/#\/schema\/logo\/image\/\"},\"sameAs\":[\"https:\/\/www.facebook.com\/skaitytaknyga\/\"]}]}<\/script>\n<!-- \/ Yoast SEO plugin. -->","yoast_head_json":{"title":"Robot\u0173 pasakos","description":"\u0160ias pasakas suk\u016br\u0117 garsus lenk\u0173 ra\u0161ytojas, mokslin\u0117s fantastin\u0117s literat\u016bros klasikas Stanis\u0142awas Hermanas Lemas, kurio gimimo \u0161imt\u0105sias metines pasaulis","robots":{"index":"index","follow":"follow","max-snippet":"max-snippet:-1","max-image-preview":"max-image-preview:large","max-video-preview":"max-video-preview:-1"},"canonical":"https:\/\/skaitytaknyga.lt\/en\/produktas\/robotu-pasakos\/","og_locale":"en_GB","og_type":"article","og_title":"[:lt]Robot\u0173 pasakos[:] - Skaitytaknyga","og_description":"\u0160ias pasakas suk\u016br\u0117 garsus lenk\u0173 ra\u0161ytojas, mokslin\u0117s fantastin\u0117s literat\u016bros klasikas Stanis\u0142awas Hermanas Lemas, kurio gimimo \u0161imt\u0105sias metines pasaulis","og_url":"https:\/\/skaitytaknyga.lt\/en\/produktas\/robotu-pasakos\/","og_site_name":"Skaitytaknyga","article_publisher":"https:\/\/www.facebook.com\/skaitytaknyga\/","article_modified_time":"2025-12-13T12:20:09+00:00","og_image":[{"width":300,"height":424,"url":"https:\/\/skaitytaknyga.lt\/wp-content\/uploads\/2025\/10\/Robotu-pasakos-1.webp","type":"image\/webp"}],"twitter_card":"summary_large_image","twitter_misc":{"Estimated reading time":"1 minute"},"schema":{"@context":"https:\/\/schema.org","@graph":[{"@type":"WebPage","@id":"https:\/\/skaitytaknyga.lt\/produktas\/robotu-pasakos\/","url":"https:\/\/skaitytaknyga.lt\/produktas\/robotu-pasakos\/","name":"Robot\u0173 pasakos","isPartOf":{"@id":"https:\/\/skaitytaknyga.lt\/#website"},"primaryImageOfPage":{"@id":"https:\/\/skaitytaknyga.lt\/produktas\/robotu-pasakos\/#primaryimage"},"image":{"@id":"https:\/\/skaitytaknyga.lt\/produktas\/robotu-pasakos\/#primaryimage"},"thumbnailUrl":"https:\/\/skaitytaknyga.lt\/wp-content\/uploads\/2025\/10\/Robotu-pasakos-1.webp","datePublished":"2025-10-02T13:04:57+00:00","dateModified":"2025-12-13T12:20:09+00:00","description":"\u0160ias pasakas suk\u016br\u0117 garsus lenk\u0173 ra\u0161ytojas, mokslin\u0117s fantastin\u0117s literat\u016bros klasikas Stanis\u0142awas Hermanas Lemas, kurio gimimo \u0161imt\u0105sias metines pasaulis","breadcrumb":{"@id":"https:\/\/skaitytaknyga.lt\/produktas\/robotu-pasakos\/#breadcrumb"},"inLanguage":"en-GB","potentialAction":[{"@type":"ReadAction","target":["https:\/\/skaitytaknyga.lt\/produktas\/robotu-pasakos\/"]}]},{"@type":"ImageObject","inLanguage":"en-GB","@id":"https:\/\/skaitytaknyga.lt\/produktas\/robotu-pasakos\/#primaryimage","url":"https:\/\/skaitytaknyga.lt\/wp-content\/uploads\/2025\/10\/Robotu-pasakos-1.webp","contentUrl":"https:\/\/skaitytaknyga.lt\/wp-content\/uploads\/2025\/10\/Robotu-pasakos-1.webp","width":300,"height":424},{"@type":"BreadcrumbList","@id":"https:\/\/skaitytaknyga.lt\/produktas\/robotu-pasakos\/#breadcrumb","itemListElement":[{"@type":"ListItem","position":1,"name":"Home","item":"https:\/\/skaitytaknyga.lt\/"},{"@type":"ListItem","position":2,"name":"Parduotuv\u0117","item":"https:\/\/skaitytaknyga.lt\/knygu-parduotuve\/"},{"@type":"ListItem","position":3,"name":"Robot\u0173 pasakos"}]},{"@type":"WebSite","@id":"https:\/\/skaitytaknyga.lt\/#website","url":"https:\/\/skaitytaknyga.lt\/","name":"skaitytaknyga.lt","description":"Skaitytaknyga.lt \u2013 tai ma\u017eas \u0161eimos verslas, kuris prasid\u0117jo nuo meil\u0117s knygoms ir siekio i\u0161gelb\u0117ti knygas nuo likimo prie konteinerio. Kas vienam nereikalingas daiktas \u2013 kitam lobis, o mes esame tarpininkai, kurie padeda abiems tapti laimingesniems ???? \u017dinome kaip nelengva i\u0161gyventi ma\u017eiems verslams, tad nuo \u0161iol, \u010dia rasite ir kit\u0173, ma\u017e\u0173 \u0161eim\u0173 versl\u0173, rank\u0173 darbo, dovan\u0173 sau ir artimiesiems.","publisher":{"@id":"https:\/\/skaitytaknyga.lt\/#organization"},"potentialAction":[{"@type":"SearchAction","target":{"@type":"EntryPoint","urlTemplate":"https:\/\/skaitytaknyga.lt\/?s={search_term_string}"},"query-input":{"@type":"PropertyValueSpecification","valueRequired":true,"valueName":"search_term_string"}}],"inLanguage":"en-GB"},{"@type":"Organization","@id":"https:\/\/skaitytaknyga.lt\/#organization","name":"skaitytaknyga.lt","url":"https:\/\/skaitytaknyga.lt\/","logo":{"@type":"ImageObject","inLanguage":"en-GB","@id":"https:\/\/skaitytaknyga.lt\/#\/schema\/logo\/image\/","url":"https:\/\/skaitytaknyga.lt\/wp-content\/uploads\/2024\/05\/cropped-cropped-cropped-02_00843_jt3bggkj1j3HLc7SyY6rEUpg.jpeg","contentUrl":"https:\/\/skaitytaknyga.lt\/wp-content\/uploads\/2024\/05\/cropped-cropped-cropped-02_00843_jt3bggkj1j3HLc7SyY6rEUpg.jpeg","width":1600,"height":1600,"caption":"skaitytaknyga.lt"},"image":{"@id":"https:\/\/skaitytaknyga.lt\/#\/schema\/logo\/image\/"},"sameAs":["https:\/\/www.facebook.com\/skaitytaknyga\/"]}]}},"_links":{"self":[{"href":"https:\/\/skaitytaknyga.lt\/en\/wp-json\/wp\/v2\/product\/21133","targetHints":{"allow":["GET"]}}],"collection":[{"href":"https:\/\/skaitytaknyga.lt\/en\/wp-json\/wp\/v2\/product"}],"about":[{"href":"https:\/\/skaitytaknyga.lt\/en\/wp-json\/wp\/v2\/types\/product"}],"replies":[{"embeddable":true,"href":"https:\/\/skaitytaknyga.lt\/en\/wp-json\/wp\/v2\/comments?post=21133"}],"wp:featuredmedia":[{"embeddable":true,"href":"https:\/\/skaitytaknyga.lt\/en\/wp-json\/wp\/v2\/media\/21138"}],"wp:attachment":[{"href":"https:\/\/skaitytaknyga.lt\/en\/wp-json\/wp\/v2\/media?parent=21133"}],"wp:term":[{"taxonomy":"product_brand","embeddable":true,"href":"https:\/\/skaitytaknyga.lt\/en\/wp-json\/wp\/v2\/product_brand?post=21133"},{"taxonomy":"product_cat","embeddable":true,"href":"https:\/\/skaitytaknyga.lt\/en\/wp-json\/wp\/v2\/product_cat?post=21133"},{"taxonomy":"product_tag","embeddable":true,"href":"https:\/\/skaitytaknyga.lt\/en\/wp-json\/wp\/v2\/product_tag?post=21133"}],"curies":[{"name":"wp","href":"https:\/\/api.w.org\/{rel}","templated":true}]}}