{"id":21132,"date":"2025-10-02T16:04:57","date_gmt":"2025-10-02T13:04:57","guid":{"rendered":"https:\/\/skaitytaknyga.lt\/?post_type=product&#038;p=21132"},"modified":"2025-10-06T11:09:10","modified_gmt":"2025-10-06T08:09:10","slug":"galia-ir-jega-samones-anatomija-neregimieji-zmoniu-elgsenos-faktoriai","status":"publish","type":"product","link":"https:\/\/skaitytaknyga.lt\/en\/produktas\/galia-ir-jega-samones-anatomija-neregimieji-zmoniu-elgsenos-faktoriai\/","title":{"rendered":"Galia ir j\u0117ga. S\u0105mon\u0117s anatomija. Neregimieji \u017emoni\u0173 elgsenos faktoriai (pagelt\u0119 lapai)"},"content":{"rendered":"<p>\u0160ios knygos autorius \u0161iuolaikinis dvasinis mokytojas ir psichiatras Deividas R. Haukinsas (David R. Hawkins) atliko unikali\u0105 mokslo ir dvasingumo sintez\u0119. Jo darbo rezultatas yra moksli\u0161kai pagr\u012fstas tiesos radimo b\u016bdas. Taip pat \u0161iuo metodu galima \u012fvertinti bet kokio rei\u0161kinio dvasin\u012f lyg\u012f ir apibr\u0117\u017eti j\u012f kiekybiniais dyd\u017eiais. Daktaro Haukinso metodas suteikia \u017emon\u0117ms praktin\u012f dvasingumo ugdymosi instrument\u0105.<\/p>\n<p>Skyr\u0119s \u0161iam tikslui kelias de\u0161imtis met\u0173, Deividas Haukinsas suk\u016br\u0117 \u201es\u0105mon\u0117s lygio\u201c tyrimo metod\u0105, kuris leid\u017eia detaliai apra\u0161yti ir kiekybi\u0161kai \u012fvertinti atskir\u0173 \u017emoni\u0173, \u012fvairi\u0173 rei\u0161kini\u0173, visuomeni\u0173 ir visos \u017emonijos dvasin\u0119 raid\u0105 ir dabartin\u012f lyg\u012f.<\/p>\n<p>\u0160is metodas taip pat padeda atskirti ties\u0105 nuo melo, \u012fvykdomus dalykus \u2013 nuo ne\u012fvykdom\u0173, geranori\u0161kus \u2013 nuo piktybini\u0173, perspektyvius \u2013 nuo bevilti\u0161k\u0173. \u201eGalia ir j\u0117ga\u201c \u2013 praktinis instrumentas, kuris pad\u0117s mums susiorientuoti ir nepaklysti \u0161iuolaikinio pasaulio chaose ir visada rasti geriausi\u0105 sprendim\u0105. Gal\u0173 gale tai yra moksliniu pagrindu sukurtas dvasios ugdymosi instrumentas, nuostabus mokslo ir dvasingumo sintez\u0117s pavyzdys.<\/p>\n","protected":false},"excerpt":{"rendered":"<p>\u0160ios knygos autorius \u0161iuolaikinis dvasinis mokytojas ir psichiatras Deividas R. Haukinsas (David R. Hawkins) atliko unikali\u0105 mokslo ir dvasingumo sintez\u0119. Jo darbo rezultatas yra moksli\u0161kai pagr\u012fstas tiesos radimo b\u016bdas. Taip pat \u0161iuo metodu galima \u012fvertinti bet kokio rei\u0161kinio dvasin\u012f lyg\u012f ir apibr\u0117\u017eti j\u012f kiekybiniais dyd\u017eiais. Daktaro Haukinso metodas suteikia \u017emon\u0117ms praktin\u012f dvasingumo ugdymosi instrument\u0105. Skyr\u0119s \u0161iam tikslui kelias de\u0161imtis met\u0173, Deividas Haukinsas suk\u016br\u0117 \u201es\u0105mon\u0117s lygio\u201c tyrimo metod\u0105, kuris leid\u017eia detaliai apra\u0161yti ir kiekybi\u0161kai \u012fvertinti atskir\u0173 \u017emoni\u0173, \u012fvairi\u0173 rei\u0161kini\u0173, visuomeni\u0173 ir visos \u017emonijos dvasin\u0119 raid\u0105 ir dabartin\u012f lyg\u012f. \u0160is metodas taip pat padeda atskirti ties\u0105 nuo melo, \u012fvykdomus dalykus \u2013 nuo ne\u012fvykdom\u0173, geranori\u0161kus \u2013 nuo piktybini\u0173, perspektyvius \u2013 nuo bevilti\u0161k\u0173. \u201eGalia ir j\u0117ga\u201c \u2013 praktinis instrumentas, kuris pad\u0117s mums susiorientuoti ir nepaklysti \u0161iuolaikinio pasaulio chaose ir visada rasti geriausi\u0105 sprendim\u0105. Gal\u0173 gale tai yra moksliniu pagrindu sukurtas dvasios ugdymosi instrumentas, nuostabus mokslo ir dvasingumo sintez\u0117s pavyzdys.<\/p>\n","protected":false},"featured_media":21137,"comment_status":"open","ping_status":"closed","template":"","meta":{"_acf_changed":false,"site-sidebar-layout":"default","site-content-layout":"","ast-site-content-layout":"default","site-content-style":"default","site-sidebar-style":"default","ast-global-header-display":"","ast-banner-title-visibility":"","ast-main-header-display":"","ast-hfb-above-header-display":"","ast-hfb-below-header-display":"","ast-hfb-mobile-header-display":"","site-post-title":"","ast-breadcrumbs-content":"","ast-featured-img":"","footer-sml-layout":"","ast-disable-related-posts":"","theme-transparent-header-meta":"","adv-header-id-meta":"","stick-header-meta":"","header-above-stick-meta":"","header-main-stick-meta":"","header-below-stick-meta":"","astra-migrate-meta-layouts":"default","ast-page-background-enabled":"default","ast-page-background-meta":{"desktop":{"background-color":"","background-image":"","background-repeat":"repeat","background-position":"center center","background-size":"auto","background-attachment":"scroll","background-type":"","background-media":"","overlay-type":"","overlay-color":"","overlay-opacity":"","overlay-gradient":""},"tablet":{"background-color":"","background-image":"","background-repeat":"repeat","background-position":"center center","background-size":"auto","background-attachment":"scroll","background-type":"","background-media":"","overlay-type":"","overlay-color":"","overlay-opacity":"","overlay-gradient":""},"mobile":{"background-color":"","background-image":"","background-repeat":"repeat","background-position":"center center","background-size":"auto","background-attachment":"scroll","background-type":"","background-media":"","overlay-type":"","overlay-color":"","overlay-opacity":"","overlay-gradient":""}},"ast-content-background-meta":{"desktop":{"background-color":"var(--ast-global-color-4)","background-image":"","background-repeat":"repeat","background-position":"center center","background-size":"auto","background-attachment":"scroll","background-type":"","background-media":"","overlay-type":"","overlay-color":"","overlay-opacity":"","overlay-gradient":""},"tablet":{"background-color":"var(--ast-global-color-4)","background-image":"","background-repeat":"repeat","background-position":"center center","background-size":"auto","background-attachment":"scroll","background-type":"","background-media":"","overlay-type":"","overlay-color":"","overlay-opacity":"","overlay-gradient":""},"mobile":{"background-color":"var(--ast-global-color-4)","background-image":"","background-repeat":"repeat","background-position":"center center","background-size":"auto","background-attachment":"scroll","background-type":"","background-media":"","overlay-type":"","overlay-color":"","overlay-opacity":"","overlay-gradient":""}}},"product_brand":[],"product_cat":[30],"product_tag":[1399,6734,1392,8416],"class_list":{"0":"post-21132","1":"product","2":"type-product","3":"status-publish","4":"has-post-thumbnail","6":"product_cat-psichologija-ir-saviugda","7":"product_tag-asmeninis-tobulejimas","8":"product_tag-dvasine-literatura","9":"product_tag-psichologija","10":"product_tag-savianalize","11":"desktop-align-left","12":"tablet-align-left","13":"mobile-align-left","15":"first","16":"instock","17":"shipping-taxable","18":"purchasable","19":"product-type-simple"},"acf":[],"yoast_head":"<!-- This site is optimized with the Yoast SEO plugin v27.0 - https:\/\/yoast.com\/product\/yoast-seo-wordpress\/ -->\n<title>Galia ir j\u0117ga. S\u0105mon\u0117s anatomija. Neregimieji \u017emoni\u0173 elgsenos faktoriai (pagelt\u0119 lapai)<\/title>\n<meta name=\"description\" content=\"\u0160ios knygos autorius \u0161iuolaikinis dvasinis mokytojas ir psichiatras Deividas R. Haukinsas (David R. Hawkins) atliko unikali\u0105 mokslo ir dvasingumo sintez\u0119.\" \/>\n<meta name=\"robots\" content=\"index, follow, max-snippet:-1, max-image-preview:large, max-video-preview:-1\" \/>\n<link rel=\"canonical\" href=\"https:\/\/skaitytaknyga.lt\/en\/produktas\/galia-ir-jega-samones-anatomija-neregimieji-zmoniu-elgsenos-faktoriai\/\" \/>\n<meta property=\"og:locale\" content=\"en_GB\" \/>\n<meta property=\"og:locale:alternate\" content=\"lt_LT\" \/>\n<meta property=\"og:type\" content=\"article\" \/>\n<meta property=\"og:title\" content=\"Galia ir j\u0117ga. S\u0105mon\u0117s anatomija. Neregimieji \u017emoni\u0173 elgsenos faktoriai (pagelt\u0119 lapai)\" \/>\n<meta property=\"og:description\" content=\"\u0160ios knygos autorius \u0161iuolaikinis dvasinis mokytojas ir psichiatras Deividas R. Haukinsas (David R. Hawkins) atliko unikali\u0105 mokslo ir dvasingumo sintez\u0119.\" \/>\n<meta property=\"og:url\" content=\"https:\/\/skaitytaknyga.lt\/en\/produktas\/galia-ir-jega-samones-anatomija-neregimieji-zmoniu-elgsenos-faktoriai\/\" \/>\n<meta property=\"og:site_name\" content=\"Skaitytaknyga\" \/>\n<meta property=\"article:publisher\" content=\"https:\/\/www.facebook.com\/skaitytaknyga\/\" \/>\n<meta property=\"article:modified_time\" content=\"2025-10-06T08:09:10+00:00\" \/>\n<meta property=\"og:image\" content=\"https:\/\/skaitytaknyga.lt\/wp-content\/uploads\/2025\/10\/GALIA-IR-JEGA.-Samones-anatomija.-Neregimieji-zmoniu-elgsenos-faktoriai-1.webp\" \/>\n\t<meta property=\"og:image:width\" content=\"300\" \/>\n\t<meta property=\"og:image:height\" content=\"436\" \/>\n\t<meta property=\"og:image:type\" content=\"image\/webp\" \/>\n<meta name=\"twitter:card\" content=\"summary_large_image\" \/>\n<meta name=\"twitter:label1\" content=\"Estimated reading time\" \/>\n\t<meta name=\"twitter:data1\" content=\"1 minute\" \/>\n<script type=\"application\/ld+json\" class=\"yoast-schema-graph\">{\"@context\":\"https:\/\/schema.org\",\"@graph\":[{\"@type\":\"WebPage\",\"@id\":\"https:\/\/skaitytaknyga.lt\/produktas\/galia-ir-jega-samones-anatomija-neregimieji-zmoniu-elgsenos-faktoriai\/\",\"url\":\"https:\/\/skaitytaknyga.lt\/produktas\/galia-ir-jega-samones-anatomija-neregimieji-zmoniu-elgsenos-faktoriai\/\",\"name\":\"Galia ir j\u0117ga. S\u0105mon\u0117s anatomija. Neregimieji \u017emoni\u0173 elgsenos faktoriai (pagelt\u0119 lapai)\",\"isPartOf\":{\"@id\":\"https:\/\/skaitytaknyga.lt\/#website\"},\"primaryImageOfPage\":{\"@id\":\"https:\/\/skaitytaknyga.lt\/produktas\/galia-ir-jega-samones-anatomija-neregimieji-zmoniu-elgsenos-faktoriai\/#primaryimage\"},\"image\":{\"@id\":\"https:\/\/skaitytaknyga.lt\/produktas\/galia-ir-jega-samones-anatomija-neregimieji-zmoniu-elgsenos-faktoriai\/#primaryimage\"},\"thumbnailUrl\":\"https:\/\/skaitytaknyga.lt\/wp-content\/uploads\/2025\/10\/GALIA-IR-JEGA.-Samones-anatomija.-Neregimieji-zmoniu-elgsenos-faktoriai-1.webp\",\"datePublished\":\"2025-10-02T13:04:57+00:00\",\"dateModified\":\"2025-10-06T08:09:10+00:00\",\"description\":\"\u0160ios knygos autorius \u0161iuolaikinis dvasinis mokytojas ir psichiatras Deividas R. Haukinsas (David R. Hawkins) atliko unikali\u0105 mokslo ir dvasingumo sintez\u0119.\",\"breadcrumb\":{\"@id\":\"https:\/\/skaitytaknyga.lt\/produktas\/galia-ir-jega-samones-anatomija-neregimieji-zmoniu-elgsenos-faktoriai\/#breadcrumb\"},\"inLanguage\":\"en-GB\",\"potentialAction\":[{\"@type\":\"ReadAction\",\"target\":[\"https:\/\/skaitytaknyga.lt\/produktas\/galia-ir-jega-samones-anatomija-neregimieji-zmoniu-elgsenos-faktoriai\/\"]}]},{\"@type\":\"ImageObject\",\"inLanguage\":\"en-GB\",\"@id\":\"https:\/\/skaitytaknyga.lt\/produktas\/galia-ir-jega-samones-anatomija-neregimieji-zmoniu-elgsenos-faktoriai\/#primaryimage\",\"url\":\"https:\/\/skaitytaknyga.lt\/wp-content\/uploads\/2025\/10\/GALIA-IR-JEGA.-Samones-anatomija.-Neregimieji-zmoniu-elgsenos-faktoriai-1.webp\",\"contentUrl\":\"https:\/\/skaitytaknyga.lt\/wp-content\/uploads\/2025\/10\/GALIA-IR-JEGA.-Samones-anatomija.-Neregimieji-zmoniu-elgsenos-faktoriai-1.webp\",\"width\":300,\"height\":436,\"caption\":\"GALIA IR J\u0116GA. S\u0105mon\u0117s anatomija. Neregimieji \u017emoni\u0173 elgsenos faktoriai\"},{\"@type\":\"BreadcrumbList\",\"@id\":\"https:\/\/skaitytaknyga.lt\/produktas\/galia-ir-jega-samones-anatomija-neregimieji-zmoniu-elgsenos-faktoriai\/#breadcrumb\",\"itemListElement\":[{\"@type\":\"ListItem\",\"position\":1,\"name\":\"Home\",\"item\":\"https:\/\/skaitytaknyga.lt\/\"},{\"@type\":\"ListItem\",\"position\":2,\"name\":\"Parduotuv\u0117\",\"item\":\"https:\/\/skaitytaknyga.lt\/knygu-parduotuve\/\"},{\"@type\":\"ListItem\",\"position\":3,\"name\":\"Galia ir j\u0117ga. S\u0105mon\u0117s anatomija. Neregimieji \u017emoni\u0173 elgsenos faktoriai (pagelt\u0119 lapai)\"}]},{\"@type\":\"WebSite\",\"@id\":\"https:\/\/skaitytaknyga.lt\/#website\",\"url\":\"https:\/\/skaitytaknyga.lt\/\",\"name\":\"skaitytaknyga.lt\",\"description\":\"Skaitytaknyga.lt \u2013 tai ma\u017eas \u0161eimos verslas, kuris prasid\u0117jo nuo meil\u0117s knygoms ir siekio i\u0161gelb\u0117ti knygas nuo likimo prie konteinerio. Kas vienam nereikalingas daiktas \u2013 kitam lobis, o mes esame tarpininkai, kurie padeda abiems tapti laimingesniems ???? \u017dinome kaip nelengva i\u0161gyventi ma\u017eiems verslams, tad nuo \u0161iol, \u010dia rasite ir kit\u0173, ma\u017e\u0173 \u0161eim\u0173 versl\u0173, rank\u0173 darbo, dovan\u0173 sau ir artimiesiems.\",\"publisher\":{\"@id\":\"https:\/\/skaitytaknyga.lt\/#organization\"},\"potentialAction\":[{\"@type\":\"SearchAction\",\"target\":{\"@type\":\"EntryPoint\",\"urlTemplate\":\"https:\/\/skaitytaknyga.lt\/?s={search_term_string}\"},\"query-input\":{\"@type\":\"PropertyValueSpecification\",\"valueRequired\":true,\"valueName\":\"search_term_string\"}}],\"inLanguage\":\"en-GB\"},{\"@type\":\"Organization\",\"@id\":\"https:\/\/skaitytaknyga.lt\/#organization\",\"name\":\"skaitytaknyga.lt\",\"url\":\"https:\/\/skaitytaknyga.lt\/\",\"logo\":{\"@type\":\"ImageObject\",\"inLanguage\":\"en-GB\",\"@id\":\"https:\/\/skaitytaknyga.lt\/#\/schema\/logo\/image\/\",\"url\":\"https:\/\/skaitytaknyga.lt\/wp-content\/uploads\/2024\/05\/cropped-cropped-cropped-02_00843_jt3bggkj1j3HLc7SyY6rEUpg.jpeg\",\"contentUrl\":\"https:\/\/skaitytaknyga.lt\/wp-content\/uploads\/2024\/05\/cropped-cropped-cropped-02_00843_jt3bggkj1j3HLc7SyY6rEUpg.jpeg\",\"width\":1600,\"height\":1600,\"caption\":\"skaitytaknyga.lt\"},\"image\":{\"@id\":\"https:\/\/skaitytaknyga.lt\/#\/schema\/logo\/image\/\"},\"sameAs\":[\"https:\/\/www.facebook.com\/skaitytaknyga\/\"]}]}<\/script>\n<!-- \/ Yoast SEO plugin. -->","yoast_head_json":{"title":"Galia ir j\u0117ga. S\u0105mon\u0117s anatomija. Neregimieji \u017emoni\u0173 elgsenos faktoriai (pagelt\u0119 lapai)","description":"\u0160ios knygos autorius \u0161iuolaikinis dvasinis mokytojas ir psichiatras Deividas R. Haukinsas (David R. Hawkins) atliko unikali\u0105 mokslo ir dvasingumo sintez\u0119.","robots":{"index":"index","follow":"follow","max-snippet":"max-snippet:-1","max-image-preview":"max-image-preview:large","max-video-preview":"max-video-preview:-1"},"canonical":"https:\/\/skaitytaknyga.lt\/en\/produktas\/galia-ir-jega-samones-anatomija-neregimieji-zmoniu-elgsenos-faktoriai\/","og_locale":"en_GB","og_type":"article","og_title":"[:lt]Galia ir j\u0117ga. S\u0105mon\u0117s anatomija. Neregimieji \u017emoni\u0173 elgsenos faktoriai (pagelt\u0119 lapai)[:] - Skaitytaknyga","og_description":"\u0160ios knygos autorius \u0161iuolaikinis dvasinis mokytojas ir psichiatras Deividas R. Haukinsas (David R. Hawkins) atliko unikali\u0105 mokslo ir dvasingumo sintez\u0119.","og_url":"https:\/\/skaitytaknyga.lt\/en\/produktas\/galia-ir-jega-samones-anatomija-neregimieji-zmoniu-elgsenos-faktoriai\/","og_site_name":"Skaitytaknyga","article_publisher":"https:\/\/www.facebook.com\/skaitytaknyga\/","article_modified_time":"2025-10-06T08:09:10+00:00","og_image":[{"width":300,"height":436,"url":"https:\/\/skaitytaknyga.lt\/wp-content\/uploads\/2025\/10\/GALIA-IR-JEGA.-Samones-anatomija.-Neregimieji-zmoniu-elgsenos-faktoriai-1.webp","type":"image\/webp"}],"twitter_card":"summary_large_image","twitter_misc":{"Estimated reading time":"1 minute"},"schema":{"@context":"https:\/\/schema.org","@graph":[{"@type":"WebPage","@id":"https:\/\/skaitytaknyga.lt\/produktas\/galia-ir-jega-samones-anatomija-neregimieji-zmoniu-elgsenos-faktoriai\/","url":"https:\/\/skaitytaknyga.lt\/produktas\/galia-ir-jega-samones-anatomija-neregimieji-zmoniu-elgsenos-faktoriai\/","name":"Galia ir j\u0117ga. S\u0105mon\u0117s anatomija. Neregimieji \u017emoni\u0173 elgsenos faktoriai (pagelt\u0119 lapai)","isPartOf":{"@id":"https:\/\/skaitytaknyga.lt\/#website"},"primaryImageOfPage":{"@id":"https:\/\/skaitytaknyga.lt\/produktas\/galia-ir-jega-samones-anatomija-neregimieji-zmoniu-elgsenos-faktoriai\/#primaryimage"},"image":{"@id":"https:\/\/skaitytaknyga.lt\/produktas\/galia-ir-jega-samones-anatomija-neregimieji-zmoniu-elgsenos-faktoriai\/#primaryimage"},"thumbnailUrl":"https:\/\/skaitytaknyga.lt\/wp-content\/uploads\/2025\/10\/GALIA-IR-JEGA.-Samones-anatomija.-Neregimieji-zmoniu-elgsenos-faktoriai-1.webp","datePublished":"2025-10-02T13:04:57+00:00","dateModified":"2025-10-06T08:09:10+00:00","description":"\u0160ios knygos autorius \u0161iuolaikinis dvasinis mokytojas ir psichiatras Deividas R. Haukinsas (David R. Hawkins) atliko unikali\u0105 mokslo ir dvasingumo sintez\u0119.","breadcrumb":{"@id":"https:\/\/skaitytaknyga.lt\/produktas\/galia-ir-jega-samones-anatomija-neregimieji-zmoniu-elgsenos-faktoriai\/#breadcrumb"},"inLanguage":"en-GB","potentialAction":[{"@type":"ReadAction","target":["https:\/\/skaitytaknyga.lt\/produktas\/galia-ir-jega-samones-anatomija-neregimieji-zmoniu-elgsenos-faktoriai\/"]}]},{"@type":"ImageObject","inLanguage":"en-GB","@id":"https:\/\/skaitytaknyga.lt\/produktas\/galia-ir-jega-samones-anatomija-neregimieji-zmoniu-elgsenos-faktoriai\/#primaryimage","url":"https:\/\/skaitytaknyga.lt\/wp-content\/uploads\/2025\/10\/GALIA-IR-JEGA.-Samones-anatomija.-Neregimieji-zmoniu-elgsenos-faktoriai-1.webp","contentUrl":"https:\/\/skaitytaknyga.lt\/wp-content\/uploads\/2025\/10\/GALIA-IR-JEGA.-Samones-anatomija.-Neregimieji-zmoniu-elgsenos-faktoriai-1.webp","width":300,"height":436,"caption":"GALIA IR J\u0116GA. S\u0105mon\u0117s anatomija. Neregimieji \u017emoni\u0173 elgsenos faktoriai"},{"@type":"BreadcrumbList","@id":"https:\/\/skaitytaknyga.lt\/produktas\/galia-ir-jega-samones-anatomija-neregimieji-zmoniu-elgsenos-faktoriai\/#breadcrumb","itemListElement":[{"@type":"ListItem","position":1,"name":"Home","item":"https:\/\/skaitytaknyga.lt\/"},{"@type":"ListItem","position":2,"name":"Parduotuv\u0117","item":"https:\/\/skaitytaknyga.lt\/knygu-parduotuve\/"},{"@type":"ListItem","position":3,"name":"Galia ir j\u0117ga. S\u0105mon\u0117s anatomija. Neregimieji \u017emoni\u0173 elgsenos faktoriai (pagelt\u0119 lapai)"}]},{"@type":"WebSite","@id":"https:\/\/skaitytaknyga.lt\/#website","url":"https:\/\/skaitytaknyga.lt\/","name":"skaitytaknyga.lt","description":"Skaitytaknyga.lt \u2013 tai ma\u017eas \u0161eimos verslas, kuris prasid\u0117jo nuo meil\u0117s knygoms ir siekio i\u0161gelb\u0117ti knygas nuo likimo prie konteinerio. Kas vienam nereikalingas daiktas \u2013 kitam lobis, o mes esame tarpininkai, kurie padeda abiems tapti laimingesniems ???? \u017dinome kaip nelengva i\u0161gyventi ma\u017eiems verslams, tad nuo \u0161iol, \u010dia rasite ir kit\u0173, ma\u017e\u0173 \u0161eim\u0173 versl\u0173, rank\u0173 darbo, dovan\u0173 sau ir artimiesiems.","publisher":{"@id":"https:\/\/skaitytaknyga.lt\/#organization"},"potentialAction":[{"@type":"SearchAction","target":{"@type":"EntryPoint","urlTemplate":"https:\/\/skaitytaknyga.lt\/?s={search_term_string}"},"query-input":{"@type":"PropertyValueSpecification","valueRequired":true,"valueName":"search_term_string"}}],"inLanguage":"en-GB"},{"@type":"Organization","@id":"https:\/\/skaitytaknyga.lt\/#organization","name":"skaitytaknyga.lt","url":"https:\/\/skaitytaknyga.lt\/","logo":{"@type":"ImageObject","inLanguage":"en-GB","@id":"https:\/\/skaitytaknyga.lt\/#\/schema\/logo\/image\/","url":"https:\/\/skaitytaknyga.lt\/wp-content\/uploads\/2024\/05\/cropped-cropped-cropped-02_00843_jt3bggkj1j3HLc7SyY6rEUpg.jpeg","contentUrl":"https:\/\/skaitytaknyga.lt\/wp-content\/uploads\/2024\/05\/cropped-cropped-cropped-02_00843_jt3bggkj1j3HLc7SyY6rEUpg.jpeg","width":1600,"height":1600,"caption":"skaitytaknyga.lt"},"image":{"@id":"https:\/\/skaitytaknyga.lt\/#\/schema\/logo\/image\/"},"sameAs":["https:\/\/www.facebook.com\/skaitytaknyga\/"]}]}},"_links":{"self":[{"href":"https:\/\/skaitytaknyga.lt\/en\/wp-json\/wp\/v2\/product\/21132","targetHints":{"allow":["GET"]}}],"collection":[{"href":"https:\/\/skaitytaknyga.lt\/en\/wp-json\/wp\/v2\/product"}],"about":[{"href":"https:\/\/skaitytaknyga.lt\/en\/wp-json\/wp\/v2\/types\/product"}],"replies":[{"embeddable":true,"href":"https:\/\/skaitytaknyga.lt\/en\/wp-json\/wp\/v2\/comments?post=21132"}],"wp:featuredmedia":[{"embeddable":true,"href":"https:\/\/skaitytaknyga.lt\/en\/wp-json\/wp\/v2\/media\/21137"}],"wp:attachment":[{"href":"https:\/\/skaitytaknyga.lt\/en\/wp-json\/wp\/v2\/media?parent=21132"}],"wp:term":[{"taxonomy":"product_brand","embeddable":true,"href":"https:\/\/skaitytaknyga.lt\/en\/wp-json\/wp\/v2\/product_brand?post=21132"},{"taxonomy":"product_cat","embeddable":true,"href":"https:\/\/skaitytaknyga.lt\/en\/wp-json\/wp\/v2\/product_cat?post=21132"},{"taxonomy":"product_tag","embeddable":true,"href":"https:\/\/skaitytaknyga.lt\/en\/wp-json\/wp\/v2\/product_tag?post=21132"}],"curies":[{"name":"wp","href":"https:\/\/api.w.org\/{rel}","templated":true}]}}