{"id":21110,"date":"2025-10-02T10:09:36","date_gmt":"2025-10-02T07:09:36","guid":{"rendered":"https:\/\/skaitytaknyga.lt\/?post_type=product&#038;p=21110"},"modified":"2025-10-06T11:09:10","modified_gmt":"2025-10-06T08:09:10","slug":"reksiuko-istorijos","status":"publish","type":"product","link":"https:\/\/skaitytaknyga.lt\/en\/produktas\/reksiuko-istorijos\/","title":{"rendered":"Reksiuko istorijos"},"content":{"rendered":"<p>\u0160unelis Reksiukas turi daugyb\u0119 \u0161auni\u0173 draug\u0173 \u2013 mi\u0161ko gyventoj\u0173, namini\u0173 gyv\u016bn\u0117li\u0173 ir netgi pap\u016bg\u0105! Ir visai nesvarbu, ar turi kailiuk\u0105, o gal spygli\u0173, \u2013 tai b\u016bti \u0161auniu draugu visai netrukdo. Tad jei vien\u0105 gra\u017e\u0173 ryt\u0105 Reksiukas pakil\u0119s i\u0161 mieg\u0173 netik\u0117tai nusprend\u017eia leistis \u012f smag\u0173 \u017eyg\u012f ar surengti kiemo olimpiad\u0105, jis visada randa, kas drauge leisis ie\u0161koti nuotyki\u0173. O jei kartais smagius nuotykius sudrums\u010dia netik\u0117ta b\u0117da, visada kas nors i\u0161ties pagalbos leten\u0117l\u0119 ar&#8230; plunksn\u0105.<\/p>\n","protected":false},"excerpt":{"rendered":"<p>\u0160unelis Reksiukas turi daugyb\u0119 \u0161auni\u0173 draug\u0173 \u2013 mi\u0161ko gyventoj\u0173, namini\u0173 gyv\u016bn\u0117li\u0173 ir netgi pap\u016bg\u0105! Ir visai nesvarbu, ar turi kailiuk\u0105, o gal spygli\u0173, \u2013 tai b\u016bti \u0161auniu draugu visai netrukdo. Tad jei vien\u0105 gra\u017e\u0173 ryt\u0105 Reksiukas pakil\u0119s i\u0161 mieg\u0173 netik\u0117tai nusprend\u017eia leistis \u012f smag\u0173 \u017eyg\u012f ar surengti kiemo olimpiad\u0105, jis visada randa, kas drauge leisis ie\u0161koti nuotyki\u0173. O jei kartais smagius nuotykius sudrums\u010dia netik\u0117ta b\u0117da, visada kas nors i\u0161ties pagalbos leten\u0117l\u0119 ar&#8230; plunksn\u0105.<\/p>\n","protected":false},"featured_media":21115,"comment_status":"open","ping_status":"closed","template":"","meta":{"_acf_changed":false,"site-sidebar-layout":"default","site-content-layout":"","ast-site-content-layout":"default","site-content-style":"default","site-sidebar-style":"default","ast-global-header-display":"","ast-banner-title-visibility":"","ast-main-header-display":"","ast-hfb-above-header-display":"","ast-hfb-below-header-display":"","ast-hfb-mobile-header-display":"","site-post-title":"","ast-breadcrumbs-content":"","ast-featured-img":"","footer-sml-layout":"","ast-disable-related-posts":"","theme-transparent-header-meta":"","adv-header-id-meta":"","stick-header-meta":"","header-above-stick-meta":"","header-main-stick-meta":"","header-below-stick-meta":"","astra-migrate-meta-layouts":"default","ast-page-background-enabled":"default","ast-page-background-meta":{"desktop":{"background-color":"","background-image":"","background-repeat":"repeat","background-position":"center center","background-size":"auto","background-attachment":"scroll","background-type":"","background-media":"","overlay-type":"","overlay-color":"","overlay-opacity":"","overlay-gradient":""},"tablet":{"background-color":"","background-image":"","background-repeat":"repeat","background-position":"center center","background-size":"auto","background-attachment":"scroll","background-type":"","background-media":"","overlay-type":"","overlay-color":"","overlay-opacity":"","overlay-gradient":""},"mobile":{"background-color":"","background-image":"","background-repeat":"repeat","background-position":"center center","background-size":"auto","background-attachment":"scroll","background-type":"","background-media":"","overlay-type":"","overlay-color":"","overlay-opacity":"","overlay-gradient":""}},"ast-content-background-meta":{"desktop":{"background-color":"var(--ast-global-color-4)","background-image":"","background-repeat":"repeat","background-position":"center center","background-size":"auto","background-attachment":"scroll","background-type":"","background-media":"","overlay-type":"","overlay-color":"","overlay-opacity":"","overlay-gradient":""},"tablet":{"background-color":"var(--ast-global-color-4)","background-image":"","background-repeat":"repeat","background-position":"center center","background-size":"auto","background-attachment":"scroll","background-type":"","background-media":"","overlay-type":"","overlay-color":"","overlay-opacity":"","overlay-gradient":""},"mobile":{"background-color":"var(--ast-global-color-4)","background-image":"","background-repeat":"repeat","background-position":"center center","background-size":"auto","background-attachment":"scroll","background-type":"","background-media":"","overlay-type":"","overlay-color":"","overlay-opacity":"","overlay-gradient":""}}},"product_brand":[],"product_cat":[35],"product_tag":[1647,2054,1451,1785],"class_list":{"0":"post-21110","1":"product","2":"type-product","3":"status-publish","4":"has-post-thumbnail","6":"product_cat-vaikams-ir-paaugliams","7":"product_tag-draugyste","8":"product_tag-gyvunai","9":"product_tag-nuotykiai","10":"product_tag-vaikams","11":"desktop-align-left","12":"tablet-align-left","13":"mobile-align-left","15":"first","16":"instock","17":"shipping-taxable","18":"purchasable","19":"product-type-simple"},"acf":[],"yoast_head":"<!-- This site is optimized with the Yoast SEO plugin v27.0 - https:\/\/yoast.com\/product\/yoast-seo-wordpress\/ -->\n<title>Reksiuko istorijos<\/title>\n<meta name=\"description\" content=\"\u0160unelis Reksiukas turi daugyb\u0119 \u0161auni\u0173 draug\u0173 \u2013 mi\u0161ko gyventoj\u0173, namini\u0173 gyv\u016bn\u0117li\u0173 ir netgi pap\u016bg\u0105! Ir visai nesvarbu, ar turi kailiuk\u0105, o gal spygli\u0173, \u2013\" \/>\n<meta name=\"robots\" content=\"index, follow, max-snippet:-1, max-image-preview:large, max-video-preview:-1\" \/>\n<link rel=\"canonical\" href=\"https:\/\/skaitytaknyga.lt\/en\/produktas\/reksiuko-istorijos\/\" \/>\n<meta property=\"og:locale\" content=\"en_GB\" \/>\n<meta property=\"og:locale:alternate\" content=\"lt_LT\" \/>\n<meta property=\"og:type\" content=\"article\" \/>\n<meta property=\"og:title\" content=\"Reksiuko istorijos\" \/>\n<meta property=\"og:description\" content=\"\u0160unelis Reksiukas turi daugyb\u0119 \u0161auni\u0173 draug\u0173 \u2013 mi\u0161ko gyventoj\u0173, namini\u0173 gyv\u016bn\u0117li\u0173 ir netgi pap\u016bg\u0105! Ir visai nesvarbu, ar turi kailiuk\u0105, o gal spygli\u0173, \u2013\" \/>\n<meta property=\"og:url\" content=\"https:\/\/skaitytaknyga.lt\/en\/produktas\/reksiuko-istorijos\/\" \/>\n<meta property=\"og:site_name\" content=\"Skaitytaknyga\" \/>\n<meta property=\"article:publisher\" content=\"https:\/\/www.facebook.com\/skaitytaknyga\/\" \/>\n<meta property=\"article:modified_time\" content=\"2025-10-06T08:09:10+00:00\" \/>\n<meta property=\"og:image\" content=\"https:\/\/skaitytaknyga.lt\/wp-content\/uploads\/2025\/10\/Reksiuko-istorijos-1.webp\" \/>\n\t<meta property=\"og:image:width\" content=\"291\" \/>\n\t<meta property=\"og:image:height\" content=\"400\" \/>\n\t<meta property=\"og:image:type\" content=\"image\/webp\" \/>\n<meta name=\"twitter:card\" content=\"summary_large_image\" \/>\n<script type=\"application\/ld+json\" class=\"yoast-schema-graph\">{\"@context\":\"https:\/\/schema.org\",\"@graph\":[{\"@type\":\"WebPage\",\"@id\":\"https:\/\/skaitytaknyga.lt\/produktas\/reksiuko-istorijos\/\",\"url\":\"https:\/\/skaitytaknyga.lt\/produktas\/reksiuko-istorijos\/\",\"name\":\"Reksiuko istorijos\",\"isPartOf\":{\"@id\":\"https:\/\/skaitytaknyga.lt\/#website\"},\"primaryImageOfPage\":{\"@id\":\"https:\/\/skaitytaknyga.lt\/produktas\/reksiuko-istorijos\/#primaryimage\"},\"image\":{\"@id\":\"https:\/\/skaitytaknyga.lt\/produktas\/reksiuko-istorijos\/#primaryimage\"},\"thumbnailUrl\":\"https:\/\/skaitytaknyga.lt\/wp-content\/uploads\/2025\/10\/Reksiuko-istorijos-1.webp\",\"datePublished\":\"2025-10-02T07:09:36+00:00\",\"dateModified\":\"2025-10-06T08:09:10+00:00\",\"description\":\"\u0160unelis Reksiukas turi daugyb\u0119 \u0161auni\u0173 draug\u0173 \u2013 mi\u0161ko gyventoj\u0173, namini\u0173 gyv\u016bn\u0117li\u0173 ir netgi pap\u016bg\u0105! Ir visai nesvarbu, ar turi kailiuk\u0105, o gal spygli\u0173, \u2013\",\"breadcrumb\":{\"@id\":\"https:\/\/skaitytaknyga.lt\/produktas\/reksiuko-istorijos\/#breadcrumb\"},\"inLanguage\":\"en-GB\",\"potentialAction\":[{\"@type\":\"ReadAction\",\"target\":[\"https:\/\/skaitytaknyga.lt\/produktas\/reksiuko-istorijos\/\"]}]},{\"@type\":\"ImageObject\",\"inLanguage\":\"en-GB\",\"@id\":\"https:\/\/skaitytaknyga.lt\/produktas\/reksiuko-istorijos\/#primaryimage\",\"url\":\"https:\/\/skaitytaknyga.lt\/wp-content\/uploads\/2025\/10\/Reksiuko-istorijos-1.webp\",\"contentUrl\":\"https:\/\/skaitytaknyga.lt\/wp-content\/uploads\/2025\/10\/Reksiuko-istorijos-1.webp\",\"width\":291,\"height\":400,\"caption\":\"Reksiuko istorijos\"},{\"@type\":\"BreadcrumbList\",\"@id\":\"https:\/\/skaitytaknyga.lt\/produktas\/reksiuko-istorijos\/#breadcrumb\",\"itemListElement\":[{\"@type\":\"ListItem\",\"position\":1,\"name\":\"Home\",\"item\":\"https:\/\/skaitytaknyga.lt\/\"},{\"@type\":\"ListItem\",\"position\":2,\"name\":\"Parduotuv\u0117\",\"item\":\"https:\/\/skaitytaknyga.lt\/knygu-parduotuve\/\"},{\"@type\":\"ListItem\",\"position\":3,\"name\":\"Reksiuko istorijos\"}]},{\"@type\":\"WebSite\",\"@id\":\"https:\/\/skaitytaknyga.lt\/#website\",\"url\":\"https:\/\/skaitytaknyga.lt\/\",\"name\":\"skaitytaknyga.lt\",\"description\":\"Skaitytaknyga.lt \u2013 tai ma\u017eas \u0161eimos verslas, kuris prasid\u0117jo nuo meil\u0117s knygoms ir siekio i\u0161gelb\u0117ti knygas nuo likimo prie konteinerio. Kas vienam nereikalingas daiktas \u2013 kitam lobis, o mes esame tarpininkai, kurie padeda abiems tapti laimingesniems ???? \u017dinome kaip nelengva i\u0161gyventi ma\u017eiems verslams, tad nuo \u0161iol, \u010dia rasite ir kit\u0173, ma\u017e\u0173 \u0161eim\u0173 versl\u0173, rank\u0173 darbo, dovan\u0173 sau ir artimiesiems.\",\"publisher\":{\"@id\":\"https:\/\/skaitytaknyga.lt\/#organization\"},\"potentialAction\":[{\"@type\":\"SearchAction\",\"target\":{\"@type\":\"EntryPoint\",\"urlTemplate\":\"https:\/\/skaitytaknyga.lt\/?s={search_term_string}\"},\"query-input\":{\"@type\":\"PropertyValueSpecification\",\"valueRequired\":true,\"valueName\":\"search_term_string\"}}],\"inLanguage\":\"en-GB\"},{\"@type\":\"Organization\",\"@id\":\"https:\/\/skaitytaknyga.lt\/#organization\",\"name\":\"skaitytaknyga.lt\",\"url\":\"https:\/\/skaitytaknyga.lt\/\",\"logo\":{\"@type\":\"ImageObject\",\"inLanguage\":\"en-GB\",\"@id\":\"https:\/\/skaitytaknyga.lt\/#\/schema\/logo\/image\/\",\"url\":\"https:\/\/skaitytaknyga.lt\/wp-content\/uploads\/2024\/05\/cropped-cropped-cropped-02_00843_jt3bggkj1j3HLc7SyY6rEUpg.jpeg\",\"contentUrl\":\"https:\/\/skaitytaknyga.lt\/wp-content\/uploads\/2024\/05\/cropped-cropped-cropped-02_00843_jt3bggkj1j3HLc7SyY6rEUpg.jpeg\",\"width\":1600,\"height\":1600,\"caption\":\"skaitytaknyga.lt\"},\"image\":{\"@id\":\"https:\/\/skaitytaknyga.lt\/#\/schema\/logo\/image\/\"},\"sameAs\":[\"https:\/\/www.facebook.com\/skaitytaknyga\/\"]}]}<\/script>\n<!-- \/ Yoast SEO plugin. -->","yoast_head_json":{"title":"Reksiuko istorijos","description":"\u0160unelis Reksiukas turi daugyb\u0119 \u0161auni\u0173 draug\u0173 \u2013 mi\u0161ko gyventoj\u0173, namini\u0173 gyv\u016bn\u0117li\u0173 ir netgi pap\u016bg\u0105! Ir visai nesvarbu, ar turi kailiuk\u0105, o gal spygli\u0173, \u2013","robots":{"index":"index","follow":"follow","max-snippet":"max-snippet:-1","max-image-preview":"max-image-preview:large","max-video-preview":"max-video-preview:-1"},"canonical":"https:\/\/skaitytaknyga.lt\/en\/produktas\/reksiuko-istorijos\/","og_locale":"en_GB","og_type":"article","og_title":"[:lt]Reksiuko istorijos[:] - Skaitytaknyga","og_description":"\u0160unelis Reksiukas turi daugyb\u0119 \u0161auni\u0173 draug\u0173 \u2013 mi\u0161ko gyventoj\u0173, namini\u0173 gyv\u016bn\u0117li\u0173 ir netgi pap\u016bg\u0105! Ir visai nesvarbu, ar turi kailiuk\u0105, o gal spygli\u0173, \u2013","og_url":"https:\/\/skaitytaknyga.lt\/en\/produktas\/reksiuko-istorijos\/","og_site_name":"Skaitytaknyga","article_publisher":"https:\/\/www.facebook.com\/skaitytaknyga\/","article_modified_time":"2025-10-06T08:09:10+00:00","og_image":[{"width":291,"height":400,"url":"https:\/\/skaitytaknyga.lt\/wp-content\/uploads\/2025\/10\/Reksiuko-istorijos-1.webp","type":"image\/webp"}],"twitter_card":"summary_large_image","schema":{"@context":"https:\/\/schema.org","@graph":[{"@type":"WebPage","@id":"https:\/\/skaitytaknyga.lt\/produktas\/reksiuko-istorijos\/","url":"https:\/\/skaitytaknyga.lt\/produktas\/reksiuko-istorijos\/","name":"Reksiuko istorijos","isPartOf":{"@id":"https:\/\/skaitytaknyga.lt\/#website"},"primaryImageOfPage":{"@id":"https:\/\/skaitytaknyga.lt\/produktas\/reksiuko-istorijos\/#primaryimage"},"image":{"@id":"https:\/\/skaitytaknyga.lt\/produktas\/reksiuko-istorijos\/#primaryimage"},"thumbnailUrl":"https:\/\/skaitytaknyga.lt\/wp-content\/uploads\/2025\/10\/Reksiuko-istorijos-1.webp","datePublished":"2025-10-02T07:09:36+00:00","dateModified":"2025-10-06T08:09:10+00:00","description":"\u0160unelis Reksiukas turi daugyb\u0119 \u0161auni\u0173 draug\u0173 \u2013 mi\u0161ko gyventoj\u0173, namini\u0173 gyv\u016bn\u0117li\u0173 ir netgi pap\u016bg\u0105! Ir visai nesvarbu, ar turi kailiuk\u0105, o gal spygli\u0173, \u2013","breadcrumb":{"@id":"https:\/\/skaitytaknyga.lt\/produktas\/reksiuko-istorijos\/#breadcrumb"},"inLanguage":"en-GB","potentialAction":[{"@type":"ReadAction","target":["https:\/\/skaitytaknyga.lt\/produktas\/reksiuko-istorijos\/"]}]},{"@type":"ImageObject","inLanguage":"en-GB","@id":"https:\/\/skaitytaknyga.lt\/produktas\/reksiuko-istorijos\/#primaryimage","url":"https:\/\/skaitytaknyga.lt\/wp-content\/uploads\/2025\/10\/Reksiuko-istorijos-1.webp","contentUrl":"https:\/\/skaitytaknyga.lt\/wp-content\/uploads\/2025\/10\/Reksiuko-istorijos-1.webp","width":291,"height":400,"caption":"Reksiuko istorijos"},{"@type":"BreadcrumbList","@id":"https:\/\/skaitytaknyga.lt\/produktas\/reksiuko-istorijos\/#breadcrumb","itemListElement":[{"@type":"ListItem","position":1,"name":"Home","item":"https:\/\/skaitytaknyga.lt\/"},{"@type":"ListItem","position":2,"name":"Parduotuv\u0117","item":"https:\/\/skaitytaknyga.lt\/knygu-parduotuve\/"},{"@type":"ListItem","position":3,"name":"Reksiuko istorijos"}]},{"@type":"WebSite","@id":"https:\/\/skaitytaknyga.lt\/#website","url":"https:\/\/skaitytaknyga.lt\/","name":"skaitytaknyga.lt","description":"Skaitytaknyga.lt \u2013 tai ma\u017eas \u0161eimos verslas, kuris prasid\u0117jo nuo meil\u0117s knygoms ir siekio i\u0161gelb\u0117ti knygas nuo likimo prie konteinerio. Kas vienam nereikalingas daiktas \u2013 kitam lobis, o mes esame tarpininkai, kurie padeda abiems tapti laimingesniems ???? \u017dinome kaip nelengva i\u0161gyventi ma\u017eiems verslams, tad nuo \u0161iol, \u010dia rasite ir kit\u0173, ma\u017e\u0173 \u0161eim\u0173 versl\u0173, rank\u0173 darbo, dovan\u0173 sau ir artimiesiems.","publisher":{"@id":"https:\/\/skaitytaknyga.lt\/#organization"},"potentialAction":[{"@type":"SearchAction","target":{"@type":"EntryPoint","urlTemplate":"https:\/\/skaitytaknyga.lt\/?s={search_term_string}"},"query-input":{"@type":"PropertyValueSpecification","valueRequired":true,"valueName":"search_term_string"}}],"inLanguage":"en-GB"},{"@type":"Organization","@id":"https:\/\/skaitytaknyga.lt\/#organization","name":"skaitytaknyga.lt","url":"https:\/\/skaitytaknyga.lt\/","logo":{"@type":"ImageObject","inLanguage":"en-GB","@id":"https:\/\/skaitytaknyga.lt\/#\/schema\/logo\/image\/","url":"https:\/\/skaitytaknyga.lt\/wp-content\/uploads\/2024\/05\/cropped-cropped-cropped-02_00843_jt3bggkj1j3HLc7SyY6rEUpg.jpeg","contentUrl":"https:\/\/skaitytaknyga.lt\/wp-content\/uploads\/2024\/05\/cropped-cropped-cropped-02_00843_jt3bggkj1j3HLc7SyY6rEUpg.jpeg","width":1600,"height":1600,"caption":"skaitytaknyga.lt"},"image":{"@id":"https:\/\/skaitytaknyga.lt\/#\/schema\/logo\/image\/"},"sameAs":["https:\/\/www.facebook.com\/skaitytaknyga\/"]}]}},"_links":{"self":[{"href":"https:\/\/skaitytaknyga.lt\/en\/wp-json\/wp\/v2\/product\/21110","targetHints":{"allow":["GET"]}}],"collection":[{"href":"https:\/\/skaitytaknyga.lt\/en\/wp-json\/wp\/v2\/product"}],"about":[{"href":"https:\/\/skaitytaknyga.lt\/en\/wp-json\/wp\/v2\/types\/product"}],"replies":[{"embeddable":true,"href":"https:\/\/skaitytaknyga.lt\/en\/wp-json\/wp\/v2\/comments?post=21110"}],"wp:featuredmedia":[{"embeddable":true,"href":"https:\/\/skaitytaknyga.lt\/en\/wp-json\/wp\/v2\/media\/21115"}],"wp:attachment":[{"href":"https:\/\/skaitytaknyga.lt\/en\/wp-json\/wp\/v2\/media?parent=21110"}],"wp:term":[{"taxonomy":"product_brand","embeddable":true,"href":"https:\/\/skaitytaknyga.lt\/en\/wp-json\/wp\/v2\/product_brand?post=21110"},{"taxonomy":"product_cat","embeddable":true,"href":"https:\/\/skaitytaknyga.lt\/en\/wp-json\/wp\/v2\/product_cat?post=21110"},{"taxonomy":"product_tag","embeddable":true,"href":"https:\/\/skaitytaknyga.lt\/en\/wp-json\/wp\/v2\/product_tag?post=21110"}],"curies":[{"name":"wp","href":"https:\/\/api.w.org\/{rel}","templated":true}]}}