{"id":21109,"date":"2025-10-02T10:09:35","date_gmt":"2025-10-02T07:09:35","guid":{"rendered":"https:\/\/skaitytaknyga.lt\/?post_type=product&#038;p=21109"},"modified":"2025-10-06T11:09:10","modified_gmt":"2025-10-06T08:09:10","slug":"plastikiniai-chuliganai","status":"publish","type":"product","link":"https:\/\/skaitytaknyga.lt\/en\/produktas\/plastikiniai-chuliganai\/","title":{"rendered":"Plastikiniai chuliganai"},"content":{"rendered":"<p>PLASTIKINIAI CHULIGANAI \u2013 tai \u0161maik\u0161ti, smagiai para\u0161yta istorija apie dviej\u0173 berniuk\u0173 kov\u0105 su parduotuv\u0117se randamais plastikiniais mai\u0161eliais \u2013 plastikiniais chuliganais.<\/p>\n<p>Knygoje vaikams suprantama kalba pristatomos ekologijos, aplinkosaugos temos, mokomasi:<\/p>\n<p>R\u016b\u0161iuoti atliekas<br \/>\nSuvokti realius plastiko tar\u0161os mastus<br \/>\nMa\u017einti perteklin\u012f vartojim\u0105<br \/>\nTausoti gamtos i\u0161teklius<br \/>\nUgdyti s\u0105moningum\u0105<br \/>\nIe\u0161koti k\u016brybini\u0173 sprendim\u0173 ma\u017einti tar\u0161ai!<br \/>\nKvie\u010diame skaityti knyg\u0105 ir kartu su \u010ciekurkalno berniukais, broliais Klavu ir Intaru rasti pat\u012f geriausi\u0105 b\u016bd\u0105 sutramdyti plastikinius chuliganus! Pagrindiniai knygos herojai nety\u010dia sutinka plastikin\u012f mai\u0161el\u012f Piktmai\u0161\u012f, kuris ne tik gyvas ir \u0161nekus, bet dar ir labai labai piktas. Piktmai\u0161is buvo i\u0161mestas \u012f \u0161iuk\u0161lyn\u0105 ir dabar, visai kaip kiti nesuskai\u010diuojami mai\u0161eliai, be darbo klaid\u017eioja gatv\u0117mis, \u012fstringa med\u017ei\u0173 \u0161akose ir mata\u0161kuoja balose&#8230;<\/p>\n<p>Kaip i\u0161gelb\u0117ti pasaul\u012f nuo \u0161i\u0173 plastikini\u0173 chuligan\u0173?<br \/>\nLaimei, Klavas su Intaru turi puik\u0173 plan\u0105!<\/p>\n<p>Neabejojame, jog PLASTIKINIAI CHULIGANAI skatina pozityvius poky\u010dius visuomen\u0117je, ugdydami jaun\u0173j\u0173 vartotoj\u0173 s\u0105moningum\u0105 ankstyvajame am\u017eiuje. Pasaulio gamintojai ir pirk\u0117jai vis labiau susir\u016bpina plastiko keliama tar\u0161a. Pasaulis pama\u017eu atsisako vis daugiau vienkartinio plastiko \u2013 pradedant vienkartiniais plastikiniais indais, baigiant vienkartiniais plastikiniais mai\u0161eliais, kurie nemokamai dalinami prekybos centruose.<br \/>\nKvie\u010diame Jus tapti pozityvi\u0173 visuomen\u0117s poky\u010di\u0173 dalimi: \u012fsigykite knyg\u0105 ir kovokite su plastikiniais chuliganais drauge su mumis!<br \/>\nNorime, jog knyga PLASTIKINIAI CHULIGANAI nukeliaut\u0173 savo unikal\u0173 keli\u0105 reik\u0161ming\u0173 ekologini\u0173 poky\u010di\u0173 link, pasiekdama kuo daugiau Lietuvos vaik\u0173 ir paaugli\u0173. Juk kiekviena ilga ir svarbi kelion\u0117 prasideda nuo nedidelio pirmojo \u017eingsnio, tiesa?<\/p>\n","protected":false},"excerpt":{"rendered":"<p>PLASTIKINIAI CHULIGANAI \u2013 tai \u0161maik\u0161ti, smagiai para\u0161yta istorija apie dviej\u0173 berniuk\u0173 kov\u0105 su parduotuv\u0117se randamais plastikiniais mai\u0161eliais \u2013 plastikiniais chuliganais. Knygoje vaikams suprantama kalba pristatomos ekologijos, aplinkosaugos temos, mokomasi: R\u016b\u0161iuoti atliekas Suvokti realius plastiko tar\u0161os mastus Ma\u017einti perteklin\u012f vartojim\u0105 Tausoti gamtos i\u0161teklius Ugdyti s\u0105moningum\u0105 Ie\u0161koti k\u016brybini\u0173 sprendim\u0173 ma\u017einti tar\u0161ai! Kvie\u010diame skaityti knyg\u0105 ir kartu su \u010ciekurkalno berniukais, broliais Klavu ir Intaru rasti pat\u012f geriausi\u0105 b\u016bd\u0105 sutramdyti plastikinius chuliganus! Pagrindiniai knygos herojai nety\u010dia sutinka plastikin\u012f mai\u0161el\u012f Piktmai\u0161\u012f, kuris ne tik gyvas ir \u0161nekus, bet dar ir labai labai piktas. Piktmai\u0161is buvo i\u0161mestas \u012f \u0161iuk\u0161lyn\u0105 ir dabar, visai kaip kiti nesuskai\u010diuojami mai\u0161eliai, be darbo klaid\u017eioja gatv\u0117mis, \u012fstringa med\u017ei\u0173 \u0161akose ir mata\u0161kuoja balose&#8230; Kaip i\u0161gelb\u0117ti pasaul\u012f nuo \u0161i\u0173 plastikini\u0173 chuligan\u0173? Laimei, Klavas su Intaru turi puik\u0173 plan\u0105! Neabejojame, jog PLASTIKINIAI CHULIGANAI skatina pozityvius poky\u010dius visuomen\u0117je, ugdydami jaun\u0173j\u0173 vartotoj\u0173 s\u0105moningum\u0105 ankstyvajame am\u017eiuje. Pasaulio gamintojai ir pirk\u0117jai vis labiau susir\u016bpina plastiko keliama tar\u0161a. Pasaulis pama\u017eu atsisako vis daugiau vienkartinio plastiko \u2013 pradedant vienkartiniais plastikiniais indais, baigiant vienkartiniais plastikiniais mai\u0161eliais, kurie nemokamai dalinami prekybos centruose. Kvie\u010diame Jus tapti pozityvi\u0173 visuomen\u0117s poky\u010di\u0173 dalimi: \u012fsigykite knyg\u0105 ir kovokite su plastikiniais chuliganais drauge su mumis! Norime, jog knyga PLASTIKINIAI CHULIGANAI nukeliaut\u0173 savo unikal\u0173 keli\u0105 reik\u0161ming\u0173 ekologini\u0173 poky\u010di\u0173 link, pasiekdama kuo daugiau Lietuvos vaik\u0173 ir paaugli\u0173. Juk kiekviena ilga ir svarbi kelion\u0117 prasideda nuo nedidelio pirmojo \u017eingsnio, tiesa?<\/p>\n","protected":false},"featured_media":21114,"comment_status":"open","ping_status":"closed","template":"","meta":{"_acf_changed":false,"site-sidebar-layout":"default","site-content-layout":"","ast-site-content-layout":"default","site-content-style":"default","site-sidebar-style":"default","ast-global-header-display":"","ast-banner-title-visibility":"","ast-main-header-display":"","ast-hfb-above-header-display":"","ast-hfb-below-header-display":"","ast-hfb-mobile-header-display":"","site-post-title":"","ast-breadcrumbs-content":"","ast-featured-img":"","footer-sml-layout":"","ast-disable-related-posts":"","theme-transparent-header-meta":"","adv-header-id-meta":"","stick-header-meta":"","header-above-stick-meta":"","header-main-stick-meta":"","header-below-stick-meta":"","astra-migrate-meta-layouts":"default","ast-page-background-enabled":"default","ast-page-background-meta":{"desktop":{"background-color":"","background-image":"","background-repeat":"repeat","background-position":"center center","background-size":"auto","background-attachment":"scroll","background-type":"","background-media":"","overlay-type":"","overlay-color":"","overlay-opacity":"","overlay-gradient":""},"tablet":{"background-color":"","background-image":"","background-repeat":"repeat","background-position":"center center","background-size":"auto","background-attachment":"scroll","background-type":"","background-media":"","overlay-type":"","overlay-color":"","overlay-opacity":"","overlay-gradient":""},"mobile":{"background-color":"","background-image":"","background-repeat":"repeat","background-position":"center center","background-size":"auto","background-attachment":"scroll","background-type":"","background-media":"","overlay-type":"","overlay-color":"","overlay-opacity":"","overlay-gradient":""}},"ast-content-background-meta":{"desktop":{"background-color":"var(--ast-global-color-4)","background-image":"","background-repeat":"repeat","background-position":"center center","background-size":"auto","background-attachment":"scroll","background-type":"","background-media":"","overlay-type":"","overlay-color":"","overlay-opacity":"","overlay-gradient":""},"tablet":{"background-color":"var(--ast-global-color-4)","background-image":"","background-repeat":"repeat","background-position":"center center","background-size":"auto","background-attachment":"scroll","background-type":"","background-media":"","overlay-type":"","overlay-color":"","overlay-opacity":"","overlay-gradient":""},"mobile":{"background-color":"var(--ast-global-color-4)","background-image":"","background-repeat":"repeat","background-position":"center center","background-size":"auto","background-attachment":"scroll","background-type":"","background-media":"","overlay-type":"","overlay-color":"","overlay-opacity":"","overlay-gradient":""}}},"product_brand":[],"product_cat":[35],"product_tag":[6804,3803,1560,1968,1532,1785],"class_list":{"0":"post-21109","1":"product","2":"type-product","3":"status-publish","4":"has-post-thumbnail","6":"product_cat-vaikams-ir-paaugliams","7":"product_tag-aplinkosauga","8":"product_tag-ekologija","9":"product_tag-kurybiskumas","10":"product_tag-samoningumas","11":"product_tag-svietimas","12":"product_tag-vaikams","13":"desktop-align-left","14":"tablet-align-left","15":"mobile-align-left","17":"first","18":"instock","19":"shipping-taxable","20":"purchasable","21":"product-type-simple"},"acf":[],"yoast_head":"<!-- This site is optimized with the Yoast SEO plugin v27.0 - https:\/\/yoast.com\/product\/yoast-seo-wordpress\/ -->\n<title>Plastikiniai chuliganai<\/title>\n<meta name=\"description\" content=\"PLASTIKINIAI CHULIGANAI \u2013 tai \u0161maik\u0161ti, smagiai para\u0161yta istorija apie dviej\u0173 berniuk\u0173 kov\u0105 su parduotuv\u0117se randamais plastikiniais mai\u0161eliais \u2013\" \/>\n<meta name=\"robots\" content=\"index, follow, max-snippet:-1, max-image-preview:large, max-video-preview:-1\" \/>\n<link rel=\"canonical\" href=\"https:\/\/skaitytaknyga.lt\/en\/produktas\/plastikiniai-chuliganai\/\" \/>\n<meta property=\"og:locale\" content=\"en_GB\" \/>\n<meta property=\"og:locale:alternate\" content=\"lt_LT\" \/>\n<meta property=\"og:type\" content=\"article\" \/>\n<meta property=\"og:title\" content=\"Plastikiniai chuliganai\" \/>\n<meta property=\"og:description\" content=\"PLASTIKINIAI CHULIGANAI \u2013 tai \u0161maik\u0161ti, smagiai para\u0161yta istorija apie dviej\u0173 berniuk\u0173 kov\u0105 su parduotuv\u0117se randamais plastikiniais mai\u0161eliais \u2013\" \/>\n<meta property=\"og:url\" content=\"https:\/\/skaitytaknyga.lt\/en\/produktas\/plastikiniai-chuliganai\/\" \/>\n<meta property=\"og:site_name\" content=\"Skaitytaknyga\" \/>\n<meta property=\"article:publisher\" content=\"https:\/\/www.facebook.com\/skaitytaknyga\/\" \/>\n<meta property=\"article:modified_time\" content=\"2025-10-06T08:09:10+00:00\" \/>\n<meta property=\"og:image\" content=\"https:\/\/skaitytaknyga.lt\/wp-content\/uploads\/2025\/10\/Plastikiniai-chuliganai-1.webp\" \/>\n\t<meta property=\"og:image:width\" content=\"300\" \/>\n\t<meta property=\"og:image:height\" content=\"520\" \/>\n\t<meta property=\"og:image:type\" content=\"image\/webp\" \/>\n<meta name=\"twitter:card\" content=\"summary_large_image\" \/>\n<meta name=\"twitter:label1\" content=\"Estimated reading time\" \/>\n\t<meta name=\"twitter:data1\" content=\"1 minute\" \/>\n<script type=\"application\/ld+json\" class=\"yoast-schema-graph\">{\"@context\":\"https:\/\/schema.org\",\"@graph\":[{\"@type\":\"WebPage\",\"@id\":\"https:\/\/skaitytaknyga.lt\/produktas\/plastikiniai-chuliganai\/\",\"url\":\"https:\/\/skaitytaknyga.lt\/produktas\/plastikiniai-chuliganai\/\",\"name\":\"Plastikiniai chuliganai\",\"isPartOf\":{\"@id\":\"https:\/\/skaitytaknyga.lt\/#website\"},\"primaryImageOfPage\":{\"@id\":\"https:\/\/skaitytaknyga.lt\/produktas\/plastikiniai-chuliganai\/#primaryimage\"},\"image\":{\"@id\":\"https:\/\/skaitytaknyga.lt\/produktas\/plastikiniai-chuliganai\/#primaryimage\"},\"thumbnailUrl\":\"https:\/\/skaitytaknyga.lt\/wp-content\/uploads\/2025\/10\/Plastikiniai-chuliganai-1.webp\",\"datePublished\":\"2025-10-02T07:09:35+00:00\",\"dateModified\":\"2025-10-06T08:09:10+00:00\",\"description\":\"PLASTIKINIAI CHULIGANAI \u2013 tai \u0161maik\u0161ti, smagiai para\u0161yta istorija apie dviej\u0173 berniuk\u0173 kov\u0105 su parduotuv\u0117se randamais plastikiniais mai\u0161eliais \u2013\",\"breadcrumb\":{\"@id\":\"https:\/\/skaitytaknyga.lt\/produktas\/plastikiniai-chuliganai\/#breadcrumb\"},\"inLanguage\":\"en-GB\",\"potentialAction\":[{\"@type\":\"ReadAction\",\"target\":[\"https:\/\/skaitytaknyga.lt\/produktas\/plastikiniai-chuliganai\/\"]}]},{\"@type\":\"ImageObject\",\"inLanguage\":\"en-GB\",\"@id\":\"https:\/\/skaitytaknyga.lt\/produktas\/plastikiniai-chuliganai\/#primaryimage\",\"url\":\"https:\/\/skaitytaknyga.lt\/wp-content\/uploads\/2025\/10\/Plastikiniai-chuliganai-1.webp\",\"contentUrl\":\"https:\/\/skaitytaknyga.lt\/wp-content\/uploads\/2025\/10\/Plastikiniai-chuliganai-1.webp\",\"width\":300,\"height\":520,\"caption\":\"Plastikiniai chuliganai\"},{\"@type\":\"BreadcrumbList\",\"@id\":\"https:\/\/skaitytaknyga.lt\/produktas\/plastikiniai-chuliganai\/#breadcrumb\",\"itemListElement\":[{\"@type\":\"ListItem\",\"position\":1,\"name\":\"Home\",\"item\":\"https:\/\/skaitytaknyga.lt\/\"},{\"@type\":\"ListItem\",\"position\":2,\"name\":\"Parduotuv\u0117\",\"item\":\"https:\/\/skaitytaknyga.lt\/knygu-parduotuve\/\"},{\"@type\":\"ListItem\",\"position\":3,\"name\":\"Plastikiniai chuliganai\"}]},{\"@type\":\"WebSite\",\"@id\":\"https:\/\/skaitytaknyga.lt\/#website\",\"url\":\"https:\/\/skaitytaknyga.lt\/\",\"name\":\"skaitytaknyga.lt\",\"description\":\"Skaitytaknyga.lt \u2013 tai ma\u017eas \u0161eimos verslas, kuris prasid\u0117jo nuo meil\u0117s knygoms ir siekio i\u0161gelb\u0117ti knygas nuo likimo prie konteinerio. Kas vienam nereikalingas daiktas \u2013 kitam lobis, o mes esame tarpininkai, kurie padeda abiems tapti laimingesniems ???? \u017dinome kaip nelengva i\u0161gyventi ma\u017eiems verslams, tad nuo \u0161iol, \u010dia rasite ir kit\u0173, ma\u017e\u0173 \u0161eim\u0173 versl\u0173, rank\u0173 darbo, dovan\u0173 sau ir artimiesiems.\",\"publisher\":{\"@id\":\"https:\/\/skaitytaknyga.lt\/#organization\"},\"potentialAction\":[{\"@type\":\"SearchAction\",\"target\":{\"@type\":\"EntryPoint\",\"urlTemplate\":\"https:\/\/skaitytaknyga.lt\/?s={search_term_string}\"},\"query-input\":{\"@type\":\"PropertyValueSpecification\",\"valueRequired\":true,\"valueName\":\"search_term_string\"}}],\"inLanguage\":\"en-GB\"},{\"@type\":\"Organization\",\"@id\":\"https:\/\/skaitytaknyga.lt\/#organization\",\"name\":\"skaitytaknyga.lt\",\"url\":\"https:\/\/skaitytaknyga.lt\/\",\"logo\":{\"@type\":\"ImageObject\",\"inLanguage\":\"en-GB\",\"@id\":\"https:\/\/skaitytaknyga.lt\/#\/schema\/logo\/image\/\",\"url\":\"https:\/\/skaitytaknyga.lt\/wp-content\/uploads\/2024\/05\/cropped-cropped-cropped-02_00843_jt3bggkj1j3HLc7SyY6rEUpg.jpeg\",\"contentUrl\":\"https:\/\/skaitytaknyga.lt\/wp-content\/uploads\/2024\/05\/cropped-cropped-cropped-02_00843_jt3bggkj1j3HLc7SyY6rEUpg.jpeg\",\"width\":1600,\"height\":1600,\"caption\":\"skaitytaknyga.lt\"},\"image\":{\"@id\":\"https:\/\/skaitytaknyga.lt\/#\/schema\/logo\/image\/\"},\"sameAs\":[\"https:\/\/www.facebook.com\/skaitytaknyga\/\"]}]}<\/script>\n<!-- \/ Yoast SEO plugin. -->","yoast_head_json":{"title":"Plastikiniai chuliganai","description":"PLASTIKINIAI CHULIGANAI \u2013 tai \u0161maik\u0161ti, smagiai para\u0161yta istorija apie dviej\u0173 berniuk\u0173 kov\u0105 su parduotuv\u0117se randamais plastikiniais mai\u0161eliais \u2013","robots":{"index":"index","follow":"follow","max-snippet":"max-snippet:-1","max-image-preview":"max-image-preview:large","max-video-preview":"max-video-preview:-1"},"canonical":"https:\/\/skaitytaknyga.lt\/en\/produktas\/plastikiniai-chuliganai\/","og_locale":"en_GB","og_type":"article","og_title":"[:lt]Plastikiniai chuliganai[:] - Skaitytaknyga","og_description":"PLASTIKINIAI CHULIGANAI \u2013 tai \u0161maik\u0161ti, smagiai para\u0161yta istorija apie dviej\u0173 berniuk\u0173 kov\u0105 su parduotuv\u0117se randamais plastikiniais mai\u0161eliais \u2013","og_url":"https:\/\/skaitytaknyga.lt\/en\/produktas\/plastikiniai-chuliganai\/","og_site_name":"Skaitytaknyga","article_publisher":"https:\/\/www.facebook.com\/skaitytaknyga\/","article_modified_time":"2025-10-06T08:09:10+00:00","og_image":[{"width":300,"height":520,"url":"https:\/\/skaitytaknyga.lt\/wp-content\/uploads\/2025\/10\/Plastikiniai-chuliganai-1.webp","type":"image\/webp"}],"twitter_card":"summary_large_image","twitter_misc":{"Estimated reading time":"1 minute"},"schema":{"@context":"https:\/\/schema.org","@graph":[{"@type":"WebPage","@id":"https:\/\/skaitytaknyga.lt\/produktas\/plastikiniai-chuliganai\/","url":"https:\/\/skaitytaknyga.lt\/produktas\/plastikiniai-chuliganai\/","name":"Plastikiniai chuliganai","isPartOf":{"@id":"https:\/\/skaitytaknyga.lt\/#website"},"primaryImageOfPage":{"@id":"https:\/\/skaitytaknyga.lt\/produktas\/plastikiniai-chuliganai\/#primaryimage"},"image":{"@id":"https:\/\/skaitytaknyga.lt\/produktas\/plastikiniai-chuliganai\/#primaryimage"},"thumbnailUrl":"https:\/\/skaitytaknyga.lt\/wp-content\/uploads\/2025\/10\/Plastikiniai-chuliganai-1.webp","datePublished":"2025-10-02T07:09:35+00:00","dateModified":"2025-10-06T08:09:10+00:00","description":"PLASTIKINIAI CHULIGANAI \u2013 tai \u0161maik\u0161ti, smagiai para\u0161yta istorija apie dviej\u0173 berniuk\u0173 kov\u0105 su parduotuv\u0117se randamais plastikiniais mai\u0161eliais \u2013","breadcrumb":{"@id":"https:\/\/skaitytaknyga.lt\/produktas\/plastikiniai-chuliganai\/#breadcrumb"},"inLanguage":"en-GB","potentialAction":[{"@type":"ReadAction","target":["https:\/\/skaitytaknyga.lt\/produktas\/plastikiniai-chuliganai\/"]}]},{"@type":"ImageObject","inLanguage":"en-GB","@id":"https:\/\/skaitytaknyga.lt\/produktas\/plastikiniai-chuliganai\/#primaryimage","url":"https:\/\/skaitytaknyga.lt\/wp-content\/uploads\/2025\/10\/Plastikiniai-chuliganai-1.webp","contentUrl":"https:\/\/skaitytaknyga.lt\/wp-content\/uploads\/2025\/10\/Plastikiniai-chuliganai-1.webp","width":300,"height":520,"caption":"Plastikiniai chuliganai"},{"@type":"BreadcrumbList","@id":"https:\/\/skaitytaknyga.lt\/produktas\/plastikiniai-chuliganai\/#breadcrumb","itemListElement":[{"@type":"ListItem","position":1,"name":"Home","item":"https:\/\/skaitytaknyga.lt\/"},{"@type":"ListItem","position":2,"name":"Parduotuv\u0117","item":"https:\/\/skaitytaknyga.lt\/knygu-parduotuve\/"},{"@type":"ListItem","position":3,"name":"Plastikiniai chuliganai"}]},{"@type":"WebSite","@id":"https:\/\/skaitytaknyga.lt\/#website","url":"https:\/\/skaitytaknyga.lt\/","name":"skaitytaknyga.lt","description":"Skaitytaknyga.lt \u2013 tai ma\u017eas \u0161eimos verslas, kuris prasid\u0117jo nuo meil\u0117s knygoms ir siekio i\u0161gelb\u0117ti knygas nuo likimo prie konteinerio. Kas vienam nereikalingas daiktas \u2013 kitam lobis, o mes esame tarpininkai, kurie padeda abiems tapti laimingesniems ???? \u017dinome kaip nelengva i\u0161gyventi ma\u017eiems verslams, tad nuo \u0161iol, \u010dia rasite ir kit\u0173, ma\u017e\u0173 \u0161eim\u0173 versl\u0173, rank\u0173 darbo, dovan\u0173 sau ir artimiesiems.","publisher":{"@id":"https:\/\/skaitytaknyga.lt\/#organization"},"potentialAction":[{"@type":"SearchAction","target":{"@type":"EntryPoint","urlTemplate":"https:\/\/skaitytaknyga.lt\/?s={search_term_string}"},"query-input":{"@type":"PropertyValueSpecification","valueRequired":true,"valueName":"search_term_string"}}],"inLanguage":"en-GB"},{"@type":"Organization","@id":"https:\/\/skaitytaknyga.lt\/#organization","name":"skaitytaknyga.lt","url":"https:\/\/skaitytaknyga.lt\/","logo":{"@type":"ImageObject","inLanguage":"en-GB","@id":"https:\/\/skaitytaknyga.lt\/#\/schema\/logo\/image\/","url":"https:\/\/skaitytaknyga.lt\/wp-content\/uploads\/2024\/05\/cropped-cropped-cropped-02_00843_jt3bggkj1j3HLc7SyY6rEUpg.jpeg","contentUrl":"https:\/\/skaitytaknyga.lt\/wp-content\/uploads\/2024\/05\/cropped-cropped-cropped-02_00843_jt3bggkj1j3HLc7SyY6rEUpg.jpeg","width":1600,"height":1600,"caption":"skaitytaknyga.lt"},"image":{"@id":"https:\/\/skaitytaknyga.lt\/#\/schema\/logo\/image\/"},"sameAs":["https:\/\/www.facebook.com\/skaitytaknyga\/"]}]}},"_links":{"self":[{"href":"https:\/\/skaitytaknyga.lt\/en\/wp-json\/wp\/v2\/product\/21109","targetHints":{"allow":["GET"]}}],"collection":[{"href":"https:\/\/skaitytaknyga.lt\/en\/wp-json\/wp\/v2\/product"}],"about":[{"href":"https:\/\/skaitytaknyga.lt\/en\/wp-json\/wp\/v2\/types\/product"}],"replies":[{"embeddable":true,"href":"https:\/\/skaitytaknyga.lt\/en\/wp-json\/wp\/v2\/comments?post=21109"}],"wp:featuredmedia":[{"embeddable":true,"href":"https:\/\/skaitytaknyga.lt\/en\/wp-json\/wp\/v2\/media\/21114"}],"wp:attachment":[{"href":"https:\/\/skaitytaknyga.lt\/en\/wp-json\/wp\/v2\/media?parent=21109"}],"wp:term":[{"taxonomy":"product_brand","embeddable":true,"href":"https:\/\/skaitytaknyga.lt\/en\/wp-json\/wp\/v2\/product_brand?post=21109"},{"taxonomy":"product_cat","embeddable":true,"href":"https:\/\/skaitytaknyga.lt\/en\/wp-json\/wp\/v2\/product_cat?post=21109"},{"taxonomy":"product_tag","embeddable":true,"href":"https:\/\/skaitytaknyga.lt\/en\/wp-json\/wp\/v2\/product_tag?post=21109"}],"curies":[{"name":"wp","href":"https:\/\/api.w.org\/{rel}","templated":true}]}}