{"id":21107,"date":"2025-10-02T10:09:35","date_gmt":"2025-10-02T07:09:35","guid":{"rendered":"https:\/\/skaitytaknyga.lt\/?post_type=product&#038;p=21107"},"modified":"2025-10-06T13:27:30","modified_gmt":"2025-10-06T10:27:30","slug":"atlyginima-renkames-patys-kaip-uzdirbti-daugiau","status":"publish","type":"product","link":"https:\/\/skaitytaknyga.lt\/en\/produktas\/atlyginima-renkames-patys-kaip-uzdirbti-daugiau\/","title":{"rendered":"Atlyginim\u0105 renkam\u0117s patys. Kaip u\u017edirbti daugiau"},"content":{"rendered":"<p>Kiekvienam, kuris siekia s\u0117km\u0117s darbe ir didesnio u\u017edarbio, b\u016btina suprasti, kad \u0161iuos du tikslus \u012fmanoma \u012fgyvendinti tik mielame darbe. Pirmiausia paklauskite sav\u0119s: ko a\u0161 noriu. Ne ko a\u0161 siekiu ar kur galima daugiau u\u017edirbti, bet &#8211; k\u0105 a\u0161 noriu daryti.<\/p>\n<p>Nors universalios formul\u0117s, kaip apskai\u010diuoti savo atlyginim\u0105, n\u0117ra, bandyti verta. Nesvarbu, kad neb\u016bsite pakviesti \u012f matematik\u0173 olimpiad\u0105. Bent jau tur\u0117site \u0161ie tiek ai\u0161kumo ir i\u0161vengsite esmini\u0173 klaid\u0173: nusipiginti arba u\u017esipra\u0161yti per daug.<\/p>\n<p>Visada daug daugiau naudos duoda ai\u0161kios taisykl\u0117s, nuo ko priklauso darbuotojo atlyginimas, tiksli informacija, k\u0105 darbuotojas turi padaryti, kad u\u017edirbt\u0173 daugiau, kada konkre\u010diai per\u017ei\u016brimi atlyginimai ir kada vyks pokalbis su vadovu.<\/p>\n<p>Ai\u0161kumas ir dar kart\u0105 ai\u0161kumas. Kai bendrov\u0117je naudojama pareig\u0173 svorio nustatymo sistema, i\u0161lo\u0161ia visi.<\/p>\n","protected":false},"excerpt":{"rendered":"<p>Kiekvienam, kuris siekia s\u0117km\u0117s darbe ir didesnio u\u017edarbio, b\u016btina suprasti, kad \u0161iuos du tikslus \u012fmanoma \u012fgyvendinti tik mielame darbe. Pirmiausia paklauskite sav\u0119s: ko a\u0161 noriu. Ne ko a\u0161 siekiu ar kur galima daugiau u\u017edirbti, bet &#8211; k\u0105 a\u0161 noriu daryti. Nors universalios formul\u0117s, kaip apskai\u010diuoti savo atlyginim\u0105, n\u0117ra, bandyti verta. Nesvarbu, kad neb\u016bsite pakviesti \u012f matematik\u0173 olimpiad\u0105. Bent jau tur\u0117site \u0161ie tiek ai\u0161kumo ir i\u0161vengsite esmini\u0173 klaid\u0173: nusipiginti arba u\u017esipra\u0161yti per daug. Visada daug daugiau naudos duoda ai\u0161kios taisykl\u0117s, nuo ko priklauso darbuotojo atlyginimas, tiksli informacija, k\u0105 darbuotojas turi padaryti, kad u\u017edirbt\u0173 daugiau, kada konkre\u010diai per\u017ei\u016brimi atlyginimai ir kada vyks pokalbis su vadovu. Ai\u0161kumas ir dar kart\u0105 ai\u0161kumas. Kai bendrov\u0117je naudojama pareig\u0173 svorio nustatymo sistema, i\u0161lo\u0161ia visi.<\/p>\n","protected":false},"featured_media":21112,"comment_status":"open","ping_status":"closed","template":"","meta":{"_acf_changed":false,"site-sidebar-layout":"default","site-content-layout":"","ast-site-content-layout":"default","site-content-style":"default","site-sidebar-style":"default","ast-global-header-display":"","ast-banner-title-visibility":"","ast-main-header-display":"","ast-hfb-above-header-display":"","ast-hfb-below-header-display":"","ast-hfb-mobile-header-display":"","site-post-title":"","ast-breadcrumbs-content":"","ast-featured-img":"","footer-sml-layout":"","ast-disable-related-posts":"","theme-transparent-header-meta":"","adv-header-id-meta":"","stick-header-meta":"","header-above-stick-meta":"","header-main-stick-meta":"","header-below-stick-meta":"","astra-migrate-meta-layouts":"default","ast-page-background-enabled":"default","ast-page-background-meta":{"desktop":{"background-color":"","background-image":"","background-repeat":"repeat","background-position":"center center","background-size":"auto","background-attachment":"scroll","background-type":"","background-media":"","overlay-type":"","overlay-color":"","overlay-opacity":"","overlay-gradient":""},"tablet":{"background-color":"","background-image":"","background-repeat":"repeat","background-position":"center center","background-size":"auto","background-attachment":"scroll","background-type":"","background-media":"","overlay-type":"","overlay-color":"","overlay-opacity":"","overlay-gradient":""},"mobile":{"background-color":"","background-image":"","background-repeat":"repeat","background-position":"center center","background-size":"auto","background-attachment":"scroll","background-type":"","background-media":"","overlay-type":"","overlay-color":"","overlay-opacity":"","overlay-gradient":""}},"ast-content-background-meta":{"desktop":{"background-color":"var(--ast-global-color-4)","background-image":"","background-repeat":"repeat","background-position":"center center","background-size":"auto","background-attachment":"scroll","background-type":"","background-media":"","overlay-type":"","overlay-color":"","overlay-opacity":"","overlay-gradient":""},"tablet":{"background-color":"var(--ast-global-color-4)","background-image":"","background-repeat":"repeat","background-position":"center center","background-size":"auto","background-attachment":"scroll","background-type":"","background-media":"","overlay-type":"","overlay-color":"","overlay-opacity":"","overlay-gradient":""},"mobile":{"background-color":"var(--ast-global-color-4)","background-image":"","background-repeat":"repeat","background-position":"center center","background-size":"auto","background-attachment":"scroll","background-type":"","background-media":"","overlay-type":"","overlay-color":"","overlay-opacity":"","overlay-gradient":""}}},"product_brand":[],"product_cat":[26],"product_tag":[8427,2301,2160,8428,8416,8426,2356],"class_list":{"0":"post-21107","1":"product","2":"type-product","3":"status-publish","4":"has-post-thumbnail","6":"product_cat-verslas-vadyba-ir-finansai","7":"product_tag-ltagne-ranonyte","8":"product_tag-finansai","9":"product_tag-karjera","10":"product_tag-ltrasa-dzeveckyte","11":"product_tag-savianalize","12":"product_tag-uzimtumas","13":"product_tag-verslas","14":"desktop-align-left","15":"tablet-align-left","16":"mobile-align-left","18":"first","19":"instock","20":"shipping-taxable","21":"purchasable","22":"product-type-simple"},"acf":[],"yoast_head":"<!-- This site is optimized with the Yoast SEO plugin v27.4 - https:\/\/yoast.com\/product\/yoast-seo-wordpress\/ -->\n<title>Atlyginim\u0105 renkam\u0117s patys. Kaip u\u017edirbti daugiau<\/title>\n<meta name=\"description\" content=\"Kiekvienam, kuris siekia s\u0117km\u0117s darbe ir didesnio u\u017edarbio, b\u016btina suprasti, kad \u0161iuos du tikslus \u012fmanoma \u012fgyvendinti tik mielame darbe. Pirmiausia\" \/>\n<meta name=\"robots\" content=\"index, follow, max-snippet:-1, max-image-preview:large, max-video-preview:-1\" \/>\n<link rel=\"canonical\" href=\"https:\/\/skaitytaknyga.lt\/en\/produktas\/atlyginima-renkames-patys-kaip-uzdirbti-daugiau\/\" \/>\n<meta property=\"og:locale\" content=\"en_GB\" \/>\n<meta property=\"og:locale:alternate\" content=\"lt_LT\" \/>\n<meta property=\"og:type\" content=\"article\" \/>\n<meta property=\"og:title\" content=\"Atlyginim\u0105 renkam\u0117s patys. Kaip u\u017edirbti daugiau\" \/>\n<meta property=\"og:description\" content=\"Kiekvienam, kuris siekia s\u0117km\u0117s darbe ir didesnio u\u017edarbio, b\u016btina suprasti, kad \u0161iuos du tikslus \u012fmanoma \u012fgyvendinti tik mielame darbe. Pirmiausia\" \/>\n<meta property=\"og:url\" content=\"https:\/\/skaitytaknyga.lt\/en\/produktas\/atlyginima-renkames-patys-kaip-uzdirbti-daugiau\/\" \/>\n<meta property=\"og:site_name\" content=\"Skaitytaknyga\" \/>\n<meta property=\"article:publisher\" content=\"https:\/\/www.facebook.com\/skaitytaknyga\/\" \/>\n<meta property=\"article:modified_time\" content=\"2025-10-06T10:27:30+00:00\" \/>\n<meta property=\"og:image\" content=\"https:\/\/skaitytaknyga.lt\/wp-content\/uploads\/2025\/10\/Atlyginima-renkames-patys.-Kaip-uzdirbti-daugiau-1.webp\" \/>\n\t<meta property=\"og:image:width\" content=\"300\" \/>\n\t<meta property=\"og:image:height\" content=\"483\" \/>\n\t<meta property=\"og:image:type\" content=\"image\/webp\" \/>\n<meta name=\"twitter:card\" content=\"summary_large_image\" \/>\n<meta name=\"twitter:label1\" content=\"Estimated reading time\" \/>\n\t<meta name=\"twitter:data1\" content=\"1 minute\" \/>\n<script type=\"application\/ld+json\" class=\"yoast-schema-graph\">{\"@context\":\"https:\\\/\\\/schema.org\",\"@graph\":[{\"@type\":\"WebPage\",\"@id\":\"https:\\\/\\\/skaitytaknyga.lt\\\/produktas\\\/atlyginima-renkames-patys-kaip-uzdirbti-daugiau\\\/\",\"url\":\"https:\\\/\\\/skaitytaknyga.lt\\\/produktas\\\/atlyginima-renkames-patys-kaip-uzdirbti-daugiau\\\/\",\"name\":\"Atlyginim\u0105 renkam\u0117s patys. Kaip u\u017edirbti daugiau\",\"isPartOf\":{\"@id\":\"https:\\\/\\\/skaitytaknyga.lt\\\/#website\"},\"primaryImageOfPage\":{\"@id\":\"https:\\\/\\\/skaitytaknyga.lt\\\/produktas\\\/atlyginima-renkames-patys-kaip-uzdirbti-daugiau\\\/#primaryimage\"},\"image\":{\"@id\":\"https:\\\/\\\/skaitytaknyga.lt\\\/produktas\\\/atlyginima-renkames-patys-kaip-uzdirbti-daugiau\\\/#primaryimage\"},\"thumbnailUrl\":\"https:\\\/\\\/skaitytaknyga.lt\\\/wp-content\\\/uploads\\\/2025\\\/10\\\/Atlyginima-renkames-patys.-Kaip-uzdirbti-daugiau-1.webp\",\"datePublished\":\"2025-10-02T07:09:35+00:00\",\"dateModified\":\"2025-10-06T10:27:30+00:00\",\"description\":\"Kiekvienam, kuris siekia s\u0117km\u0117s darbe ir didesnio u\u017edarbio, b\u016btina suprasti, kad \u0161iuos du tikslus \u012fmanoma \u012fgyvendinti tik mielame darbe. Pirmiausia\",\"breadcrumb\":{\"@id\":\"https:\\\/\\\/skaitytaknyga.lt\\\/produktas\\\/atlyginima-renkames-patys-kaip-uzdirbti-daugiau\\\/#breadcrumb\"},\"inLanguage\":\"en-GB\",\"potentialAction\":[{\"@type\":\"ReadAction\",\"target\":[\"https:\\\/\\\/skaitytaknyga.lt\\\/produktas\\\/atlyginima-renkames-patys-kaip-uzdirbti-daugiau\\\/\"]}]},{\"@type\":\"ImageObject\",\"inLanguage\":\"en-GB\",\"@id\":\"https:\\\/\\\/skaitytaknyga.lt\\\/produktas\\\/atlyginima-renkames-patys-kaip-uzdirbti-daugiau\\\/#primaryimage\",\"url\":\"https:\\\/\\\/skaitytaknyga.lt\\\/wp-content\\\/uploads\\\/2025\\\/10\\\/Atlyginima-renkames-patys.-Kaip-uzdirbti-daugiau-1.webp\",\"contentUrl\":\"https:\\\/\\\/skaitytaknyga.lt\\\/wp-content\\\/uploads\\\/2025\\\/10\\\/Atlyginima-renkames-patys.-Kaip-uzdirbti-daugiau-1.webp\",\"width\":300,\"height\":483,\"caption\":\"Atlyginim\u0105 renkam\u0117s patys. Kaip u\u017edirbti daugiau\"},{\"@type\":\"BreadcrumbList\",\"@id\":\"https:\\\/\\\/skaitytaknyga.lt\\\/produktas\\\/atlyginima-renkames-patys-kaip-uzdirbti-daugiau\\\/#breadcrumb\",\"itemListElement\":[{\"@type\":\"ListItem\",\"position\":1,\"name\":\"Home\",\"item\":\"https:\\\/\\\/skaitytaknyga.lt\\\/\"},{\"@type\":\"ListItem\",\"position\":2,\"name\":\"Parduotuv\u0117\",\"item\":\"https:\\\/\\\/skaitytaknyga.lt\\\/knygu-parduotuve\\\/\"},{\"@type\":\"ListItem\",\"position\":3,\"name\":\"Atlyginim\u0105 renkam\u0117s patys. Kaip u\u017edirbti daugiau\"}]},{\"@type\":\"WebSite\",\"@id\":\"https:\\\/\\\/skaitytaknyga.lt\\\/#website\",\"url\":\"https:\\\/\\\/skaitytaknyga.lt\\\/\",\"name\":\"skaitytaknyga.lt\",\"description\":\"Skaitytaknyga.lt \u2013 tai ma\u017eas \u0161eimos verslas, kuris prasid\u0117jo nuo meil\u0117s knygoms ir siekio i\u0161gelb\u0117ti knygas nuo likimo prie konteinerio. Kas vienam nereikalingas daiktas \u2013 kitam lobis, o mes esame tarpininkai, kurie padeda abiems tapti laimingesniems ???? \u017dinome kaip nelengva i\u0161gyventi ma\u017eiems verslams, tad nuo \u0161iol, \u010dia rasite ir kit\u0173, ma\u017e\u0173 \u0161eim\u0173 versl\u0173, rank\u0173 darbo, dovan\u0173 sau ir artimiesiems.\",\"publisher\":{\"@id\":\"https:\\\/\\\/skaitytaknyga.lt\\\/#organization\"},\"potentialAction\":[{\"@type\":\"SearchAction\",\"target\":{\"@type\":\"EntryPoint\",\"urlTemplate\":\"https:\\\/\\\/skaitytaknyga.lt\\\/?s={search_term_string}\"},\"query-input\":{\"@type\":\"PropertyValueSpecification\",\"valueRequired\":true,\"valueName\":\"search_term_string\"}}],\"inLanguage\":\"en-GB\"},{\"@type\":\"Organization\",\"@id\":\"https:\\\/\\\/skaitytaknyga.lt\\\/#organization\",\"name\":\"skaitytaknyga.lt\",\"url\":\"https:\\\/\\\/skaitytaknyga.lt\\\/\",\"logo\":{\"@type\":\"ImageObject\",\"inLanguage\":\"en-GB\",\"@id\":\"https:\\\/\\\/skaitytaknyga.lt\\\/#\\\/schema\\\/logo\\\/image\\\/\",\"url\":\"https:\\\/\\\/skaitytaknyga.lt\\\/wp-content\\\/uploads\\\/2024\\\/05\\\/cropped-cropped-cropped-02_00843_jt3bggkj1j3HLc7SyY6rEUpg.jpeg\",\"contentUrl\":\"https:\\\/\\\/skaitytaknyga.lt\\\/wp-content\\\/uploads\\\/2024\\\/05\\\/cropped-cropped-cropped-02_00843_jt3bggkj1j3HLc7SyY6rEUpg.jpeg\",\"width\":1600,\"height\":1600,\"caption\":\"skaitytaknyga.lt\"},\"image\":{\"@id\":\"https:\\\/\\\/skaitytaknyga.lt\\\/#\\\/schema\\\/logo\\\/image\\\/\"},\"sameAs\":[\"https:\\\/\\\/www.facebook.com\\\/skaitytaknyga\\\/\"]}]}<\/script>\n<!-- \/ Yoast SEO plugin. -->","yoast_head_json":{"title":"Atlyginim\u0105 renkam\u0117s patys. Kaip u\u017edirbti daugiau","description":"Kiekvienam, kuris siekia s\u0117km\u0117s darbe ir didesnio u\u017edarbio, b\u016btina suprasti, kad \u0161iuos du tikslus \u012fmanoma \u012fgyvendinti tik mielame darbe. Pirmiausia","robots":{"index":"index","follow":"follow","max-snippet":"max-snippet:-1","max-image-preview":"max-image-preview:large","max-video-preview":"max-video-preview:-1"},"canonical":"https:\/\/skaitytaknyga.lt\/en\/produktas\/atlyginima-renkames-patys-kaip-uzdirbti-daugiau\/","og_locale":"en_GB","og_type":"article","og_title":"[:lt]Atlyginim\u0105 renkam\u0117s patys. Kaip u\u017edirbti daugiau[:] - Skaitytaknyga","og_description":"Kiekvienam, kuris siekia s\u0117km\u0117s darbe ir didesnio u\u017edarbio, b\u016btina suprasti, kad \u0161iuos du tikslus \u012fmanoma \u012fgyvendinti tik mielame darbe. Pirmiausia","og_url":"https:\/\/skaitytaknyga.lt\/en\/produktas\/atlyginima-renkames-patys-kaip-uzdirbti-daugiau\/","og_site_name":"Skaitytaknyga","article_publisher":"https:\/\/www.facebook.com\/skaitytaknyga\/","article_modified_time":"2025-10-06T10:27:30+00:00","og_image":[{"width":300,"height":483,"url":"https:\/\/skaitytaknyga.lt\/wp-content\/uploads\/2025\/10\/Atlyginima-renkames-patys.-Kaip-uzdirbti-daugiau-1.webp","type":"image\/webp"}],"twitter_card":"summary_large_image","twitter_misc":{"Estimated reading time":"1 minute"},"schema":{"@context":"https:\/\/schema.org","@graph":[{"@type":"WebPage","@id":"https:\/\/skaitytaknyga.lt\/produktas\/atlyginima-renkames-patys-kaip-uzdirbti-daugiau\/","url":"https:\/\/skaitytaknyga.lt\/produktas\/atlyginima-renkames-patys-kaip-uzdirbti-daugiau\/","name":"Atlyginim\u0105 renkam\u0117s patys. Kaip u\u017edirbti daugiau","isPartOf":{"@id":"https:\/\/skaitytaknyga.lt\/#website"},"primaryImageOfPage":{"@id":"https:\/\/skaitytaknyga.lt\/produktas\/atlyginima-renkames-patys-kaip-uzdirbti-daugiau\/#primaryimage"},"image":{"@id":"https:\/\/skaitytaknyga.lt\/produktas\/atlyginima-renkames-patys-kaip-uzdirbti-daugiau\/#primaryimage"},"thumbnailUrl":"https:\/\/skaitytaknyga.lt\/wp-content\/uploads\/2025\/10\/Atlyginima-renkames-patys.-Kaip-uzdirbti-daugiau-1.webp","datePublished":"2025-10-02T07:09:35+00:00","dateModified":"2025-10-06T10:27:30+00:00","description":"Kiekvienam, kuris siekia s\u0117km\u0117s darbe ir didesnio u\u017edarbio, b\u016btina suprasti, kad \u0161iuos du tikslus \u012fmanoma \u012fgyvendinti tik mielame darbe. Pirmiausia","breadcrumb":{"@id":"https:\/\/skaitytaknyga.lt\/produktas\/atlyginima-renkames-patys-kaip-uzdirbti-daugiau\/#breadcrumb"},"inLanguage":"en-GB","potentialAction":[{"@type":"ReadAction","target":["https:\/\/skaitytaknyga.lt\/produktas\/atlyginima-renkames-patys-kaip-uzdirbti-daugiau\/"]}]},{"@type":"ImageObject","inLanguage":"en-GB","@id":"https:\/\/skaitytaknyga.lt\/produktas\/atlyginima-renkames-patys-kaip-uzdirbti-daugiau\/#primaryimage","url":"https:\/\/skaitytaknyga.lt\/wp-content\/uploads\/2025\/10\/Atlyginima-renkames-patys.-Kaip-uzdirbti-daugiau-1.webp","contentUrl":"https:\/\/skaitytaknyga.lt\/wp-content\/uploads\/2025\/10\/Atlyginima-renkames-patys.-Kaip-uzdirbti-daugiau-1.webp","width":300,"height":483,"caption":"Atlyginim\u0105 renkam\u0117s patys. Kaip u\u017edirbti daugiau"},{"@type":"BreadcrumbList","@id":"https:\/\/skaitytaknyga.lt\/produktas\/atlyginima-renkames-patys-kaip-uzdirbti-daugiau\/#breadcrumb","itemListElement":[{"@type":"ListItem","position":1,"name":"Home","item":"https:\/\/skaitytaknyga.lt\/"},{"@type":"ListItem","position":2,"name":"Parduotuv\u0117","item":"https:\/\/skaitytaknyga.lt\/knygu-parduotuve\/"},{"@type":"ListItem","position":3,"name":"Atlyginim\u0105 renkam\u0117s patys. Kaip u\u017edirbti daugiau"}]},{"@type":"WebSite","@id":"https:\/\/skaitytaknyga.lt\/#website","url":"https:\/\/skaitytaknyga.lt\/","name":"skaitytaknyga.lt","description":"Skaitytaknyga.lt \u2013 tai ma\u017eas \u0161eimos verslas, kuris prasid\u0117jo nuo meil\u0117s knygoms ir siekio i\u0161gelb\u0117ti knygas nuo likimo prie konteinerio. Kas vienam nereikalingas daiktas \u2013 kitam lobis, o mes esame tarpininkai, kurie padeda abiems tapti laimingesniems ???? \u017dinome kaip nelengva i\u0161gyventi ma\u017eiems verslams, tad nuo \u0161iol, \u010dia rasite ir kit\u0173, ma\u017e\u0173 \u0161eim\u0173 versl\u0173, rank\u0173 darbo, dovan\u0173 sau ir artimiesiems.","publisher":{"@id":"https:\/\/skaitytaknyga.lt\/#organization"},"potentialAction":[{"@type":"SearchAction","target":{"@type":"EntryPoint","urlTemplate":"https:\/\/skaitytaknyga.lt\/?s={search_term_string}"},"query-input":{"@type":"PropertyValueSpecification","valueRequired":true,"valueName":"search_term_string"}}],"inLanguage":"en-GB"},{"@type":"Organization","@id":"https:\/\/skaitytaknyga.lt\/#organization","name":"skaitytaknyga.lt","url":"https:\/\/skaitytaknyga.lt\/","logo":{"@type":"ImageObject","inLanguage":"en-GB","@id":"https:\/\/skaitytaknyga.lt\/#\/schema\/logo\/image\/","url":"https:\/\/skaitytaknyga.lt\/wp-content\/uploads\/2024\/05\/cropped-cropped-cropped-02_00843_jt3bggkj1j3HLc7SyY6rEUpg.jpeg","contentUrl":"https:\/\/skaitytaknyga.lt\/wp-content\/uploads\/2024\/05\/cropped-cropped-cropped-02_00843_jt3bggkj1j3HLc7SyY6rEUpg.jpeg","width":1600,"height":1600,"caption":"skaitytaknyga.lt"},"image":{"@id":"https:\/\/skaitytaknyga.lt\/#\/schema\/logo\/image\/"},"sameAs":["https:\/\/www.facebook.com\/skaitytaknyga\/"]}]}},"_links":{"self":[{"href":"https:\/\/skaitytaknyga.lt\/en\/wp-json\/wp\/v2\/product\/21107","targetHints":{"allow":["GET"]}}],"collection":[{"href":"https:\/\/skaitytaknyga.lt\/en\/wp-json\/wp\/v2\/product"}],"about":[{"href":"https:\/\/skaitytaknyga.lt\/en\/wp-json\/wp\/v2\/types\/product"}],"replies":[{"embeddable":true,"href":"https:\/\/skaitytaknyga.lt\/en\/wp-json\/wp\/v2\/comments?post=21107"}],"wp:featuredmedia":[{"embeddable":true,"href":"https:\/\/skaitytaknyga.lt\/en\/wp-json\/wp\/v2\/media\/21112"}],"wp:attachment":[{"href":"https:\/\/skaitytaknyga.lt\/en\/wp-json\/wp\/v2\/media?parent=21107"}],"wp:term":[{"taxonomy":"product_brand","embeddable":true,"href":"https:\/\/skaitytaknyga.lt\/en\/wp-json\/wp\/v2\/product_brand?post=21107"},{"taxonomy":"product_cat","embeddable":true,"href":"https:\/\/skaitytaknyga.lt\/en\/wp-json\/wp\/v2\/product_cat?post=21107"},{"taxonomy":"product_tag","embeddable":true,"href":"https:\/\/skaitytaknyga.lt\/en\/wp-json\/wp\/v2\/product_tag?post=21107"}],"curies":[{"name":"wp","href":"https:\/\/api.w.org\/{rel}","templated":true}]}}