{"id":21106,"date":"2025-10-02T10:09:35","date_gmt":"2025-10-02T07:09:35","guid":{"rendered":"https:\/\/skaitytaknyga.lt\/?post_type=product&#038;p=21106"},"modified":"2025-10-06T13:25:33","modified_gmt":"2025-10-06T10:25:33","slug":"manau-kad-pokalbiai-su-tomu-venclova","status":"publish","type":"product","link":"https:\/\/skaitytaknyga.lt\/en\/produktas\/manau-kad-pokalbiai-su-tomu-venclova\/","title":{"rendered":"Manau, kad&#8230; Pokalbiai su Tomu Venclova"},"content":{"rendered":"<p>Tomas Venclova \u2013 Jeilio universiteto (JAV) profesorius, vienas \u017eymiausi\u0173 lietuvi\u0173 poet\u0173, vert\u0117j\u0173, literat\u016bros kritik\u0173 ir publicist\u0173. Pokalbi\u0173 knygoje \u201eManau, kad\u2026\u201c surinkti 1977-1999 metais lietuvi\u0173, lenk\u0173, rus\u0173, angl\u0173 kalbomis spaudoje pasirod\u0119 intervi\u0173, skirti literat\u016bros, kult\u016bros ir politikos klausimams.<\/p>\n<p>Bendr\u0105 k\u016br\u0117jo palikim\u0105 papildanti ir tam tikra prasme u\u017ebaigianti T. Venclovos \u201eTremties Odis\u0117ja\u201c, galutinai j\u012f \u012f Lietuv\u0105 gra\u017einanti knyga. T. Venclova \u2013 puikus kalb\u0117tojas, toks puikus ir \u012ftaigus, kad kai kuriems \u0161i\u0105 knyg\u0105 perskai\u010diusiems ra\u0161to \u017emon\u0117ms dingo noras vadinti save poetais, ra\u0161ytojais ar apskritai literatais.(\u2026) T. Venclovos asmenyb\u0117s \u201er\u016bstusis peiza\u017eas\u201c i\u0161 ties\u0173 atrodo \u012fsp\u016bdingai: ir poetine, ir intelektualine moksline, ir geografine prasme (emigracija, kelion\u0117s po vis\u0105 pasaul\u012f etc.).<\/p>\n<p>Tai galb\u016bt pirmasis lietuvi\u0173 intelektualas, taip s\u0105moningai, kryptingai ir efektyviai susik\u016br\u0119s savo biografij\u0105 (\u201eSpecialiai tuo r\u016bpinausi bandydamas \u0161itaip sukurti paradigmin\u0119 poeto i\u0161eivio lemt\u012f\u201c, \u2013 i\u0161 pokalbio \u201eNeviltis yra vilties forma\u201c), ir dar su tokiu matematiniu tikslumu, smulkmeni\u0161ku kruop\u0161tumu, tiesiog pavyd\u0117tinu nuoseklumu.<\/p>\n","protected":false},"excerpt":{"rendered":"<p>Tomas Venclova \u2013 Jeilio universiteto (JAV) profesorius, vienas \u017eymiausi\u0173 lietuvi\u0173 poet\u0173, vert\u0117j\u0173, literat\u016bros kritik\u0173 ir publicist\u0173. Pokalbi\u0173 knygoje \u201eManau, kad\u2026\u201c surinkti 1977-1999 metais lietuvi\u0173, lenk\u0173, rus\u0173, angl\u0173 kalbomis spaudoje pasirod\u0119 intervi\u0173, skirti literat\u016bros, kult\u016bros ir politikos klausimams. Bendr\u0105 k\u016br\u0117jo palikim\u0105 papildanti ir tam tikra prasme u\u017ebaigianti T. Venclovos \u201eTremties Odis\u0117ja\u201c, galutinai j\u012f \u012f Lietuv\u0105 gra\u017einanti knyga. T. Venclova \u2013 puikus kalb\u0117tojas, toks puikus ir \u012ftaigus, kad kai kuriems \u0161i\u0105 knyg\u0105 perskai\u010diusiems ra\u0161to \u017emon\u0117ms dingo noras vadinti save poetais, ra\u0161ytojais ar apskritai literatais.(\u2026) T. Venclovos asmenyb\u0117s \u201er\u016bstusis peiza\u017eas\u201c i\u0161 ties\u0173 atrodo \u012fsp\u016bdingai: ir poetine, ir intelektualine moksline, ir geografine prasme (emigracija, kelion\u0117s po vis\u0105 pasaul\u012f etc.). Tai galb\u016bt pirmasis lietuvi\u0173 intelektualas, taip s\u0105moningai, kryptingai ir efektyviai susik\u016br\u0119s savo biografij\u0105 (\u201eSpecialiai tuo r\u016bpinausi bandydamas \u0161itaip sukurti paradigmin\u0119 poeto i\u0161eivio lemt\u012f\u201c, \u2013 i\u0161 pokalbio \u201eNeviltis yra vilties forma\u201c), ir dar su tokiu matematiniu tikslumu, smulkmeni\u0161ku kruop\u0161tumu, tiesiog pavyd\u0117tinu nuoseklumu.<\/p>\n","protected":false},"featured_media":21111,"comment_status":"open","ping_status":"closed","template":"","meta":{"_acf_changed":false,"site-sidebar-layout":"default","site-content-layout":"","ast-site-content-layout":"default","site-content-style":"default","site-sidebar-style":"default","ast-global-header-display":"","ast-banner-title-visibility":"","ast-main-header-display":"","ast-hfb-above-header-display":"","ast-hfb-below-header-display":"","ast-hfb-mobile-header-display":"","site-post-title":"","ast-breadcrumbs-content":"","ast-featured-img":"","footer-sml-layout":"","ast-disable-related-posts":"","theme-transparent-header-meta":"","adv-header-id-meta":"","stick-header-meta":"","header-above-stick-meta":"","header-main-stick-meta":"","header-below-stick-meta":"","astra-migrate-meta-layouts":"default","ast-page-background-enabled":"default","ast-page-background-meta":{"desktop":{"background-color":"","background-image":"","background-repeat":"repeat","background-position":"center center","background-size":"auto","background-attachment":"scroll","background-type":"","background-media":"","overlay-type":"","overlay-color":"","overlay-opacity":"","overlay-gradient":""},"tablet":{"background-color":"","background-image":"","background-repeat":"repeat","background-position":"center center","background-size":"auto","background-attachment":"scroll","background-type":"","background-media":"","overlay-type":"","overlay-color":"","overlay-opacity":"","overlay-gradient":""},"mobile":{"background-color":"","background-image":"","background-repeat":"repeat","background-position":"center center","background-size":"auto","background-attachment":"scroll","background-type":"","background-media":"","overlay-type":"","overlay-color":"","overlay-opacity":"","overlay-gradient":""}},"ast-content-background-meta":{"desktop":{"background-color":"var(--ast-global-color-4)","background-image":"","background-repeat":"repeat","background-position":"center center","background-size":"auto","background-attachment":"scroll","background-type":"","background-media":"","overlay-type":"","overlay-color":"","overlay-opacity":"","overlay-gradient":""},"tablet":{"background-color":"var(--ast-global-color-4)","background-image":"","background-repeat":"repeat","background-position":"center center","background-size":"auto","background-attachment":"scroll","background-type":"","background-media":"","overlay-type":"","overlay-color":"","overlay-opacity":"","overlay-gradient":""},"mobile":{"background-color":"var(--ast-global-color-4)","background-image":"","background-repeat":"repeat","background-position":"center center","background-size":"auto","background-attachment":"scroll","background-type":"","background-media":"","overlay-type":"","overlay-color":"","overlay-opacity":"","overlay-gradient":""}}},"product_brand":[],"product_cat":[33],"product_tag":[8424,2376,8425,1492,2395],"class_list":{"0":"post-21106","1":"product","2":"type-product","3":"status-publish","4":"has-post-thumbnail","6":"product_cat-biografijos","7":"product_tag-interviu","8":"product_tag-kultura","9":"product_tag-lietuvos-rasytojai","10":"product_tag-literatura","11":"product_tag-politika","12":"desktop-align-left","13":"tablet-align-left","14":"mobile-align-left","16":"first","17":"instock","18":"shipping-taxable","19":"purchasable","20":"product-type-simple"},"acf":[],"yoast_head":"<!-- This site is optimized with the Yoast SEO plugin v27.0 - https:\/\/yoast.com\/product\/yoast-seo-wordpress\/ -->\n<title>Manau, kad... Pokalbiai su Tomu Venclova<\/title>\n<meta name=\"description\" content=\"Tomas Venclova \u2013 Jeilio universiteto (JAV) profesorius, vienas \u017eymiausi\u0173 lietuvi\u0173 poet\u0173, vert\u0117j\u0173, literat\u016bros kritik\u0173 ir publicist\u0173. Pokalbi\u0173 knygoje\" \/>\n<meta name=\"robots\" content=\"index, follow, max-snippet:-1, max-image-preview:large, max-video-preview:-1\" \/>\n<link rel=\"canonical\" href=\"https:\/\/skaitytaknyga.lt\/en\/produktas\/manau-kad-pokalbiai-su-tomu-venclova\/\" \/>\n<meta property=\"og:locale\" content=\"en_GB\" \/>\n<meta property=\"og:locale:alternate\" content=\"lt_LT\" \/>\n<meta property=\"og:type\" content=\"article\" \/>\n<meta property=\"og:title\" content=\"Manau, kad... Pokalbiai su Tomu Venclova\" \/>\n<meta property=\"og:description\" content=\"Tomas Venclova \u2013 Jeilio universiteto (JAV) profesorius, vienas \u017eymiausi\u0173 lietuvi\u0173 poet\u0173, vert\u0117j\u0173, literat\u016bros kritik\u0173 ir publicist\u0173. Pokalbi\u0173 knygoje\" \/>\n<meta property=\"og:url\" content=\"https:\/\/skaitytaknyga.lt\/en\/produktas\/manau-kad-pokalbiai-su-tomu-venclova\/\" \/>\n<meta property=\"og:site_name\" content=\"Skaitytaknyga\" \/>\n<meta property=\"article:publisher\" content=\"https:\/\/www.facebook.com\/skaitytaknyga\/\" \/>\n<meta property=\"article:modified_time\" content=\"2025-10-06T10:25:33+00:00\" \/>\n<meta property=\"og:image\" content=\"https:\/\/skaitytaknyga.lt\/wp-content\/uploads\/2025\/10\/Manau-kad.-Pokalbiai-su-Tomu-Venclova-1.webp\" \/>\n\t<meta property=\"og:image:width\" content=\"300\" \/>\n\t<meta property=\"og:image:height\" content=\"428\" \/>\n\t<meta property=\"og:image:type\" content=\"image\/webp\" \/>\n<meta name=\"twitter:card\" content=\"summary_large_image\" \/>\n<meta name=\"twitter:label1\" content=\"Estimated reading time\" \/>\n\t<meta name=\"twitter:data1\" content=\"1 minute\" \/>\n<script type=\"application\/ld+json\" class=\"yoast-schema-graph\">{\"@context\":\"https:\/\/schema.org\",\"@graph\":[{\"@type\":\"WebPage\",\"@id\":\"https:\/\/skaitytaknyga.lt\/produktas\/manau-kad-pokalbiai-su-tomu-venclova\/\",\"url\":\"https:\/\/skaitytaknyga.lt\/produktas\/manau-kad-pokalbiai-su-tomu-venclova\/\",\"name\":\"Manau, kad... Pokalbiai su Tomu Venclova\",\"isPartOf\":{\"@id\":\"https:\/\/skaitytaknyga.lt\/#website\"},\"primaryImageOfPage\":{\"@id\":\"https:\/\/skaitytaknyga.lt\/produktas\/manau-kad-pokalbiai-su-tomu-venclova\/#primaryimage\"},\"image\":{\"@id\":\"https:\/\/skaitytaknyga.lt\/produktas\/manau-kad-pokalbiai-su-tomu-venclova\/#primaryimage\"},\"thumbnailUrl\":\"https:\/\/skaitytaknyga.lt\/wp-content\/uploads\/2025\/10\/Manau-kad.-Pokalbiai-su-Tomu-Venclova-1.webp\",\"datePublished\":\"2025-10-02T07:09:35+00:00\",\"dateModified\":\"2025-10-06T10:25:33+00:00\",\"description\":\"Tomas Venclova \u2013 Jeilio universiteto (JAV) profesorius, vienas \u017eymiausi\u0173 lietuvi\u0173 poet\u0173, vert\u0117j\u0173, literat\u016bros kritik\u0173 ir publicist\u0173. Pokalbi\u0173 knygoje\",\"breadcrumb\":{\"@id\":\"https:\/\/skaitytaknyga.lt\/produktas\/manau-kad-pokalbiai-su-tomu-venclova\/#breadcrumb\"},\"inLanguage\":\"en-GB\",\"potentialAction\":[{\"@type\":\"ReadAction\",\"target\":[\"https:\/\/skaitytaknyga.lt\/produktas\/manau-kad-pokalbiai-su-tomu-venclova\/\"]}]},{\"@type\":\"ImageObject\",\"inLanguage\":\"en-GB\",\"@id\":\"https:\/\/skaitytaknyga.lt\/produktas\/manau-kad-pokalbiai-su-tomu-venclova\/#primaryimage\",\"url\":\"https:\/\/skaitytaknyga.lt\/wp-content\/uploads\/2025\/10\/Manau-kad.-Pokalbiai-su-Tomu-Venclova-1.webp\",\"contentUrl\":\"https:\/\/skaitytaknyga.lt\/wp-content\/uploads\/2025\/10\/Manau-kad.-Pokalbiai-su-Tomu-Venclova-1.webp\",\"width\":300,\"height\":428,\"caption\":\"Manau, kad... Pokalbiai su Tomu Venclova (1)\"},{\"@type\":\"BreadcrumbList\",\"@id\":\"https:\/\/skaitytaknyga.lt\/produktas\/manau-kad-pokalbiai-su-tomu-venclova\/#breadcrumb\",\"itemListElement\":[{\"@type\":\"ListItem\",\"position\":1,\"name\":\"Home\",\"item\":\"https:\/\/skaitytaknyga.lt\/\"},{\"@type\":\"ListItem\",\"position\":2,\"name\":\"Parduotuv\u0117\",\"item\":\"https:\/\/skaitytaknyga.lt\/knygu-parduotuve\/\"},{\"@type\":\"ListItem\",\"position\":3,\"name\":\"Manau, kad&#8230; Pokalbiai su Tomu Venclova\"}]},{\"@type\":\"WebSite\",\"@id\":\"https:\/\/skaitytaknyga.lt\/#website\",\"url\":\"https:\/\/skaitytaknyga.lt\/\",\"name\":\"skaitytaknyga.lt\",\"description\":\"Skaitytaknyga.lt \u2013 tai ma\u017eas \u0161eimos verslas, kuris prasid\u0117jo nuo meil\u0117s knygoms ir siekio i\u0161gelb\u0117ti knygas nuo likimo prie konteinerio. Kas vienam nereikalingas daiktas \u2013 kitam lobis, o mes esame tarpininkai, kurie padeda abiems tapti laimingesniems ???? \u017dinome kaip nelengva i\u0161gyventi ma\u017eiems verslams, tad nuo \u0161iol, \u010dia rasite ir kit\u0173, ma\u017e\u0173 \u0161eim\u0173 versl\u0173, rank\u0173 darbo, dovan\u0173 sau ir artimiesiems.\",\"publisher\":{\"@id\":\"https:\/\/skaitytaknyga.lt\/#organization\"},\"potentialAction\":[{\"@type\":\"SearchAction\",\"target\":{\"@type\":\"EntryPoint\",\"urlTemplate\":\"https:\/\/skaitytaknyga.lt\/?s={search_term_string}\"},\"query-input\":{\"@type\":\"PropertyValueSpecification\",\"valueRequired\":true,\"valueName\":\"search_term_string\"}}],\"inLanguage\":\"en-GB\"},{\"@type\":\"Organization\",\"@id\":\"https:\/\/skaitytaknyga.lt\/#organization\",\"name\":\"skaitytaknyga.lt\",\"url\":\"https:\/\/skaitytaknyga.lt\/\",\"logo\":{\"@type\":\"ImageObject\",\"inLanguage\":\"en-GB\",\"@id\":\"https:\/\/skaitytaknyga.lt\/#\/schema\/logo\/image\/\",\"url\":\"https:\/\/skaitytaknyga.lt\/wp-content\/uploads\/2024\/05\/cropped-cropped-cropped-02_00843_jt3bggkj1j3HLc7SyY6rEUpg.jpeg\",\"contentUrl\":\"https:\/\/skaitytaknyga.lt\/wp-content\/uploads\/2024\/05\/cropped-cropped-cropped-02_00843_jt3bggkj1j3HLc7SyY6rEUpg.jpeg\",\"width\":1600,\"height\":1600,\"caption\":\"skaitytaknyga.lt\"},\"image\":{\"@id\":\"https:\/\/skaitytaknyga.lt\/#\/schema\/logo\/image\/\"},\"sameAs\":[\"https:\/\/www.facebook.com\/skaitytaknyga\/\"]}]}<\/script>\n<!-- \/ Yoast SEO plugin. -->","yoast_head_json":{"title":"Manau, kad... Pokalbiai su Tomu Venclova","description":"Tomas Venclova \u2013 Jeilio universiteto (JAV) profesorius, vienas \u017eymiausi\u0173 lietuvi\u0173 poet\u0173, vert\u0117j\u0173, literat\u016bros kritik\u0173 ir publicist\u0173. Pokalbi\u0173 knygoje","robots":{"index":"index","follow":"follow","max-snippet":"max-snippet:-1","max-image-preview":"max-image-preview:large","max-video-preview":"max-video-preview:-1"},"canonical":"https:\/\/skaitytaknyga.lt\/en\/produktas\/manau-kad-pokalbiai-su-tomu-venclova\/","og_locale":"en_GB","og_type":"article","og_title":"[:lt]Manau, kad... Pokalbiai su Tomu Venclova[:] - Skaitytaknyga","og_description":"Tomas Venclova \u2013 Jeilio universiteto (JAV) profesorius, vienas \u017eymiausi\u0173 lietuvi\u0173 poet\u0173, vert\u0117j\u0173, literat\u016bros kritik\u0173 ir publicist\u0173. Pokalbi\u0173 knygoje","og_url":"https:\/\/skaitytaknyga.lt\/en\/produktas\/manau-kad-pokalbiai-su-tomu-venclova\/","og_site_name":"Skaitytaknyga","article_publisher":"https:\/\/www.facebook.com\/skaitytaknyga\/","article_modified_time":"2025-10-06T10:25:33+00:00","og_image":[{"width":300,"height":428,"url":"https:\/\/skaitytaknyga.lt\/wp-content\/uploads\/2025\/10\/Manau-kad.-Pokalbiai-su-Tomu-Venclova-1.webp","type":"image\/webp"}],"twitter_card":"summary_large_image","twitter_misc":{"Estimated reading time":"1 minute"},"schema":{"@context":"https:\/\/schema.org","@graph":[{"@type":"WebPage","@id":"https:\/\/skaitytaknyga.lt\/produktas\/manau-kad-pokalbiai-su-tomu-venclova\/","url":"https:\/\/skaitytaknyga.lt\/produktas\/manau-kad-pokalbiai-su-tomu-venclova\/","name":"Manau, kad... Pokalbiai su Tomu Venclova","isPartOf":{"@id":"https:\/\/skaitytaknyga.lt\/#website"},"primaryImageOfPage":{"@id":"https:\/\/skaitytaknyga.lt\/produktas\/manau-kad-pokalbiai-su-tomu-venclova\/#primaryimage"},"image":{"@id":"https:\/\/skaitytaknyga.lt\/produktas\/manau-kad-pokalbiai-su-tomu-venclova\/#primaryimage"},"thumbnailUrl":"https:\/\/skaitytaknyga.lt\/wp-content\/uploads\/2025\/10\/Manau-kad.-Pokalbiai-su-Tomu-Venclova-1.webp","datePublished":"2025-10-02T07:09:35+00:00","dateModified":"2025-10-06T10:25:33+00:00","description":"Tomas Venclova \u2013 Jeilio universiteto (JAV) profesorius, vienas \u017eymiausi\u0173 lietuvi\u0173 poet\u0173, vert\u0117j\u0173, literat\u016bros kritik\u0173 ir publicist\u0173. Pokalbi\u0173 knygoje","breadcrumb":{"@id":"https:\/\/skaitytaknyga.lt\/produktas\/manau-kad-pokalbiai-su-tomu-venclova\/#breadcrumb"},"inLanguage":"en-GB","potentialAction":[{"@type":"ReadAction","target":["https:\/\/skaitytaknyga.lt\/produktas\/manau-kad-pokalbiai-su-tomu-venclova\/"]}]},{"@type":"ImageObject","inLanguage":"en-GB","@id":"https:\/\/skaitytaknyga.lt\/produktas\/manau-kad-pokalbiai-su-tomu-venclova\/#primaryimage","url":"https:\/\/skaitytaknyga.lt\/wp-content\/uploads\/2025\/10\/Manau-kad.-Pokalbiai-su-Tomu-Venclova-1.webp","contentUrl":"https:\/\/skaitytaknyga.lt\/wp-content\/uploads\/2025\/10\/Manau-kad.-Pokalbiai-su-Tomu-Venclova-1.webp","width":300,"height":428,"caption":"Manau, kad... Pokalbiai su Tomu Venclova (1)"},{"@type":"BreadcrumbList","@id":"https:\/\/skaitytaknyga.lt\/produktas\/manau-kad-pokalbiai-su-tomu-venclova\/#breadcrumb","itemListElement":[{"@type":"ListItem","position":1,"name":"Home","item":"https:\/\/skaitytaknyga.lt\/"},{"@type":"ListItem","position":2,"name":"Parduotuv\u0117","item":"https:\/\/skaitytaknyga.lt\/knygu-parduotuve\/"},{"@type":"ListItem","position":3,"name":"Manau, kad&#8230; Pokalbiai su Tomu Venclova"}]},{"@type":"WebSite","@id":"https:\/\/skaitytaknyga.lt\/#website","url":"https:\/\/skaitytaknyga.lt\/","name":"skaitytaknyga.lt","description":"Skaitytaknyga.lt \u2013 tai ma\u017eas \u0161eimos verslas, kuris prasid\u0117jo nuo meil\u0117s knygoms ir siekio i\u0161gelb\u0117ti knygas nuo likimo prie konteinerio. Kas vienam nereikalingas daiktas \u2013 kitam lobis, o mes esame tarpininkai, kurie padeda abiems tapti laimingesniems ???? \u017dinome kaip nelengva i\u0161gyventi ma\u017eiems verslams, tad nuo \u0161iol, \u010dia rasite ir kit\u0173, ma\u017e\u0173 \u0161eim\u0173 versl\u0173, rank\u0173 darbo, dovan\u0173 sau ir artimiesiems.","publisher":{"@id":"https:\/\/skaitytaknyga.lt\/#organization"},"potentialAction":[{"@type":"SearchAction","target":{"@type":"EntryPoint","urlTemplate":"https:\/\/skaitytaknyga.lt\/?s={search_term_string}"},"query-input":{"@type":"PropertyValueSpecification","valueRequired":true,"valueName":"search_term_string"}}],"inLanguage":"en-GB"},{"@type":"Organization","@id":"https:\/\/skaitytaknyga.lt\/#organization","name":"skaitytaknyga.lt","url":"https:\/\/skaitytaknyga.lt\/","logo":{"@type":"ImageObject","inLanguage":"en-GB","@id":"https:\/\/skaitytaknyga.lt\/#\/schema\/logo\/image\/","url":"https:\/\/skaitytaknyga.lt\/wp-content\/uploads\/2024\/05\/cropped-cropped-cropped-02_00843_jt3bggkj1j3HLc7SyY6rEUpg.jpeg","contentUrl":"https:\/\/skaitytaknyga.lt\/wp-content\/uploads\/2024\/05\/cropped-cropped-cropped-02_00843_jt3bggkj1j3HLc7SyY6rEUpg.jpeg","width":1600,"height":1600,"caption":"skaitytaknyga.lt"},"image":{"@id":"https:\/\/skaitytaknyga.lt\/#\/schema\/logo\/image\/"},"sameAs":["https:\/\/www.facebook.com\/skaitytaknyga\/"]}]}},"_links":{"self":[{"href":"https:\/\/skaitytaknyga.lt\/en\/wp-json\/wp\/v2\/product\/21106","targetHints":{"allow":["GET"]}}],"collection":[{"href":"https:\/\/skaitytaknyga.lt\/en\/wp-json\/wp\/v2\/product"}],"about":[{"href":"https:\/\/skaitytaknyga.lt\/en\/wp-json\/wp\/v2\/types\/product"}],"replies":[{"embeddable":true,"href":"https:\/\/skaitytaknyga.lt\/en\/wp-json\/wp\/v2\/comments?post=21106"}],"wp:featuredmedia":[{"embeddable":true,"href":"https:\/\/skaitytaknyga.lt\/en\/wp-json\/wp\/v2\/media\/21111"}],"wp:attachment":[{"href":"https:\/\/skaitytaknyga.lt\/en\/wp-json\/wp\/v2\/media?parent=21106"}],"wp:term":[{"taxonomy":"product_brand","embeddable":true,"href":"https:\/\/skaitytaknyga.lt\/en\/wp-json\/wp\/v2\/product_brand?post=21106"},{"taxonomy":"product_cat","embeddable":true,"href":"https:\/\/skaitytaknyga.lt\/en\/wp-json\/wp\/v2\/product_cat?post=21106"},{"taxonomy":"product_tag","embeddable":true,"href":"https:\/\/skaitytaknyga.lt\/en\/wp-json\/wp\/v2\/product_tag?post=21106"}],"curies":[{"name":"wp","href":"https:\/\/api.w.org\/{rel}","templated":true}]}}