{"id":21089,"date":"2025-10-01T15:12:26","date_gmt":"2025-10-01T12:12:26","guid":{"rendered":"https:\/\/skaitytaknyga.lt\/?post_type=product&#038;p=21089"},"modified":"2025-10-06T13:25:33","modified_gmt":"2025-10-06T10:25:33","slug":"sigita-justo-dukte-laimono-zmona","status":"publish","type":"product","link":"https:\/\/skaitytaknyga.lt\/en\/produktas\/sigita-justo-dukte-laimono-zmona\/","title":{"rendered":"Sigita &#8211; Justo dukt\u0117, Laimono \u017emona"},"content":{"rendered":"<p>Prisiminimai apie istorik\u0119 S. Noreikien\u0119, kuriuose i\u0161kyla ir jos \u0161eimos nari\u0173 portretai &#8211; t\u0117vo Justo Paleckio, anksti \u017euvusio brolio Vilniaus Paleckio, vyro Laimono Noreikos ir kit\u0173. Atsiminim\u0173 autoriai &#8211; jos kolegos \u017eym\u016bs istorikai, jaunyst\u0117s draugai, artimieji. \u012edom\u016bs Sigitos ir Vilniaus lai\u0161kai. Knyga gausiai iliustruota archyvin\u0117mis fotonuotraukomis.<\/p>\n","protected":false},"excerpt":{"rendered":"<p>Prisiminimai apie istorik\u0119 S. Noreikien\u0119, kuriuose i\u0161kyla ir jos \u0161eimos nari\u0173 portretai &#8211; t\u0117vo Justo Paleckio, anksti \u017euvusio brolio Vilniaus Paleckio, vyro Laimono Noreikos ir kit\u0173. Atsiminim\u0173 autoriai &#8211; jos kolegos \u017eym\u016bs istorikai, jaunyst\u0117s draugai, artimieji. \u012edom\u016bs Sigitos ir Vilniaus lai\u0161kai. Knyga gausiai iliustruota archyvin\u0117mis fotonuotraukomis.<\/p>\n","protected":false},"featured_media":21208,"comment_status":"open","ping_status":"closed","template":"","meta":{"_acf_changed":false,"site-sidebar-layout":"default","site-content-layout":"","ast-site-content-layout":"default","site-content-style":"default","site-sidebar-style":"default","ast-global-header-display":"","ast-banner-title-visibility":"","ast-main-header-display":"","ast-hfb-above-header-display":"","ast-hfb-below-header-display":"","ast-hfb-mobile-header-display":"","site-post-title":"","ast-breadcrumbs-content":"","ast-featured-img":"","footer-sml-layout":"","ast-disable-related-posts":"","theme-transparent-header-meta":"","adv-header-id-meta":"","stick-header-meta":"","header-above-stick-meta":"","header-main-stick-meta":"","header-below-stick-meta":"","astra-migrate-meta-layouts":"default","ast-page-background-enabled":"default","ast-page-background-meta":{"desktop":{"background-color":"","background-image":"","background-repeat":"repeat","background-position":"center center","background-size":"auto","background-attachment":"scroll","background-type":"","background-media":"","overlay-type":"","overlay-color":"","overlay-opacity":"","overlay-gradient":""},"tablet":{"background-color":"","background-image":"","background-repeat":"repeat","background-position":"center center","background-size":"auto","background-attachment":"scroll","background-type":"","background-media":"","overlay-type":"","overlay-color":"","overlay-opacity":"","overlay-gradient":""},"mobile":{"background-color":"","background-image":"","background-repeat":"repeat","background-position":"center center","background-size":"auto","background-attachment":"scroll","background-type":"","background-media":"","overlay-type":"","overlay-color":"","overlay-opacity":"","overlay-gradient":""}},"ast-content-background-meta":{"desktop":{"background-color":"var(--ast-global-color-4)","background-image":"","background-repeat":"repeat","background-position":"center center","background-size":"auto","background-attachment":"scroll","background-type":"","background-media":"","overlay-type":"","overlay-color":"","overlay-opacity":"","overlay-gradient":""},"tablet":{"background-color":"var(--ast-global-color-4)","background-image":"","background-repeat":"repeat","background-position":"center center","background-size":"auto","background-attachment":"scroll","background-type":"","background-media":"","overlay-type":"","overlay-color":"","overlay-opacity":"","overlay-gradient":""},"mobile":{"background-color":"var(--ast-global-color-4)","background-image":"","background-repeat":"repeat","background-position":"center center","background-size":"auto","background-attachment":"scroll","background-type":"","background-media":"","overlay-type":"","overlay-color":"","overlay-opacity":"","overlay-gradient":""}}},"product_brand":[],"product_cat":[33],"product_tag":[8418,2045,2224,2625],"class_list":{"0":"post-21089","1":"product","2":"type-product","3":"status-publish","4":"has-post-thumbnail","6":"product_cat-biografijos","7":"product_tag-archyvines-nuotraukos","8":"product_tag-biografija","9":"product_tag-istorija","10":"product_tag-lietuva","11":"desktop-align-left","12":"tablet-align-left","13":"mobile-align-left","15":"first","16":"instock","17":"shipping-taxable","18":"purchasable","19":"product-type-simple"},"acf":[],"yoast_head":"<!-- This site is optimized with the Yoast SEO plugin v27.0 - https:\/\/yoast.com\/product\/yoast-seo-wordpress\/ -->\n<title>Sigita - Justo dukt\u0117, Laimono \u017emona<\/title>\n<meta name=\"description\" content=\"Prisiminimai apie istorik\u0119 S. Noreikien\u0119, kuriuose i\u0161kyla ir jos \u0161eimos nari\u0173 portretai - t\u0117vo Justo Paleckio, anksti \u017euvusio brolio Vilniaus Paleckio,\" \/>\n<meta name=\"robots\" content=\"index, follow, max-snippet:-1, max-image-preview:large, max-video-preview:-1\" \/>\n<link rel=\"canonical\" href=\"https:\/\/skaitytaknyga.lt\/en\/produktas\/sigita-justo-dukte-laimono-zmona\/\" \/>\n<meta property=\"og:locale\" content=\"en_GB\" \/>\n<meta property=\"og:locale:alternate\" content=\"lt_LT\" \/>\n<meta property=\"og:type\" content=\"article\" \/>\n<meta property=\"og:title\" content=\"Sigita - Justo dukt\u0117, Laimono \u017emona\" \/>\n<meta property=\"og:description\" content=\"Prisiminimai apie istorik\u0119 S. Noreikien\u0119, kuriuose i\u0161kyla ir jos \u0161eimos nari\u0173 portretai - t\u0117vo Justo Paleckio, anksti \u017euvusio brolio Vilniaus Paleckio,\" \/>\n<meta property=\"og:url\" content=\"https:\/\/skaitytaknyga.lt\/en\/produktas\/sigita-justo-dukte-laimono-zmona\/\" \/>\n<meta property=\"og:site_name\" content=\"Skaitytaknyga\" \/>\n<meta property=\"article:publisher\" content=\"https:\/\/www.facebook.com\/skaitytaknyga\/\" \/>\n<meta property=\"article:modified_time\" content=\"2025-10-06T10:25:33+00:00\" \/>\n<meta property=\"og:image\" content=\"https:\/\/skaitytaknyga.lt\/wp-content\/uploads\/2025\/10\/Sigita-Justo-dukte-Laimono-zmona-e1759593876905.webp\" \/>\n\t<meta property=\"og:image:width\" content=\"249\" \/>\n\t<meta property=\"og:image:height\" content=\"363\" \/>\n\t<meta property=\"og:image:type\" content=\"image\/webp\" \/>\n<meta name=\"twitter:card\" content=\"summary_large_image\" \/>\n<script type=\"application\/ld+json\" class=\"yoast-schema-graph\">{\"@context\":\"https:\/\/schema.org\",\"@graph\":[{\"@type\":\"WebPage\",\"@id\":\"https:\/\/skaitytaknyga.lt\/produktas\/sigita-justo-dukte-laimono-zmona\/\",\"url\":\"https:\/\/skaitytaknyga.lt\/produktas\/sigita-justo-dukte-laimono-zmona\/\",\"name\":\"Sigita - Justo dukt\u0117, Laimono \u017emona\",\"isPartOf\":{\"@id\":\"https:\/\/skaitytaknyga.lt\/#website\"},\"primaryImageOfPage\":{\"@id\":\"https:\/\/skaitytaknyga.lt\/produktas\/sigita-justo-dukte-laimono-zmona\/#primaryimage\"},\"image\":{\"@id\":\"https:\/\/skaitytaknyga.lt\/produktas\/sigita-justo-dukte-laimono-zmona\/#primaryimage\"},\"thumbnailUrl\":\"https:\/\/skaitytaknyga.lt\/wp-content\/uploads\/2025\/10\/Sigita-Justo-dukte-Laimono-zmona-e1759593876905.webp\",\"datePublished\":\"2025-10-01T12:12:26+00:00\",\"dateModified\":\"2025-10-06T10:25:33+00:00\",\"description\":\"Prisiminimai apie istorik\u0119 S. Noreikien\u0119, kuriuose i\u0161kyla ir jos \u0161eimos nari\u0173 portretai - t\u0117vo Justo Paleckio, anksti \u017euvusio brolio Vilniaus Paleckio,\",\"breadcrumb\":{\"@id\":\"https:\/\/skaitytaknyga.lt\/produktas\/sigita-justo-dukte-laimono-zmona\/#breadcrumb\"},\"inLanguage\":\"en-GB\",\"potentialAction\":[{\"@type\":\"ReadAction\",\"target\":[\"https:\/\/skaitytaknyga.lt\/produktas\/sigita-justo-dukte-laimono-zmona\/\"]}]},{\"@type\":\"ImageObject\",\"inLanguage\":\"en-GB\",\"@id\":\"https:\/\/skaitytaknyga.lt\/produktas\/sigita-justo-dukte-laimono-zmona\/#primaryimage\",\"url\":\"https:\/\/skaitytaknyga.lt\/wp-content\/uploads\/2025\/10\/Sigita-Justo-dukte-Laimono-zmona-e1759593876905.webp\",\"contentUrl\":\"https:\/\/skaitytaknyga.lt\/wp-content\/uploads\/2025\/10\/Sigita-Justo-dukte-Laimono-zmona-e1759593876905.webp\",\"width\":249,\"height\":363,\"caption\":\"Sigita - Justo dukt\u0117, Laimono \u017emona\"},{\"@type\":\"BreadcrumbList\",\"@id\":\"https:\/\/skaitytaknyga.lt\/produktas\/sigita-justo-dukte-laimono-zmona\/#breadcrumb\",\"itemListElement\":[{\"@type\":\"ListItem\",\"position\":1,\"name\":\"Home\",\"item\":\"https:\/\/skaitytaknyga.lt\/\"},{\"@type\":\"ListItem\",\"position\":2,\"name\":\"Parduotuv\u0117\",\"item\":\"https:\/\/skaitytaknyga.lt\/knygu-parduotuve\/\"},{\"@type\":\"ListItem\",\"position\":3,\"name\":\"Sigita &#8211; Justo dukt\u0117, Laimono \u017emona\"}]},{\"@type\":\"WebSite\",\"@id\":\"https:\/\/skaitytaknyga.lt\/#website\",\"url\":\"https:\/\/skaitytaknyga.lt\/\",\"name\":\"skaitytaknyga.lt\",\"description\":\"Skaitytaknyga.lt \u2013 tai ma\u017eas \u0161eimos verslas, kuris prasid\u0117jo nuo meil\u0117s knygoms ir siekio i\u0161gelb\u0117ti knygas nuo likimo prie konteinerio. Kas vienam nereikalingas daiktas \u2013 kitam lobis, o mes esame tarpininkai, kurie padeda abiems tapti laimingesniems ???? \u017dinome kaip nelengva i\u0161gyventi ma\u017eiems verslams, tad nuo \u0161iol, \u010dia rasite ir kit\u0173, ma\u017e\u0173 \u0161eim\u0173 versl\u0173, rank\u0173 darbo, dovan\u0173 sau ir artimiesiems.\",\"publisher\":{\"@id\":\"https:\/\/skaitytaknyga.lt\/#organization\"},\"potentialAction\":[{\"@type\":\"SearchAction\",\"target\":{\"@type\":\"EntryPoint\",\"urlTemplate\":\"https:\/\/skaitytaknyga.lt\/?s={search_term_string}\"},\"query-input\":{\"@type\":\"PropertyValueSpecification\",\"valueRequired\":true,\"valueName\":\"search_term_string\"}}],\"inLanguage\":\"en-GB\"},{\"@type\":\"Organization\",\"@id\":\"https:\/\/skaitytaknyga.lt\/#organization\",\"name\":\"skaitytaknyga.lt\",\"url\":\"https:\/\/skaitytaknyga.lt\/\",\"logo\":{\"@type\":\"ImageObject\",\"inLanguage\":\"en-GB\",\"@id\":\"https:\/\/skaitytaknyga.lt\/#\/schema\/logo\/image\/\",\"url\":\"https:\/\/skaitytaknyga.lt\/wp-content\/uploads\/2024\/05\/cropped-cropped-cropped-02_00843_jt3bggkj1j3HLc7SyY6rEUpg.jpeg\",\"contentUrl\":\"https:\/\/skaitytaknyga.lt\/wp-content\/uploads\/2024\/05\/cropped-cropped-cropped-02_00843_jt3bggkj1j3HLc7SyY6rEUpg.jpeg\",\"width\":1600,\"height\":1600,\"caption\":\"skaitytaknyga.lt\"},\"image\":{\"@id\":\"https:\/\/skaitytaknyga.lt\/#\/schema\/logo\/image\/\"},\"sameAs\":[\"https:\/\/www.facebook.com\/skaitytaknyga\/\"]}]}<\/script>\n<!-- \/ Yoast SEO plugin. -->","yoast_head_json":{"title":"Sigita - Justo dukt\u0117, Laimono \u017emona","description":"Prisiminimai apie istorik\u0119 S. Noreikien\u0119, kuriuose i\u0161kyla ir jos \u0161eimos nari\u0173 portretai - t\u0117vo Justo Paleckio, anksti \u017euvusio brolio Vilniaus Paleckio,","robots":{"index":"index","follow":"follow","max-snippet":"max-snippet:-1","max-image-preview":"max-image-preview:large","max-video-preview":"max-video-preview:-1"},"canonical":"https:\/\/skaitytaknyga.lt\/en\/produktas\/sigita-justo-dukte-laimono-zmona\/","og_locale":"en_GB","og_type":"article","og_title":"[:lt]Sigita - Justo dukt\u0117, Laimono \u017emona[:] - Skaitytaknyga","og_description":"Prisiminimai apie istorik\u0119 S. Noreikien\u0119, kuriuose i\u0161kyla ir jos \u0161eimos nari\u0173 portretai - t\u0117vo Justo Paleckio, anksti \u017euvusio brolio Vilniaus Paleckio,","og_url":"https:\/\/skaitytaknyga.lt\/en\/produktas\/sigita-justo-dukte-laimono-zmona\/","og_site_name":"Skaitytaknyga","article_publisher":"https:\/\/www.facebook.com\/skaitytaknyga\/","article_modified_time":"2025-10-06T10:25:33+00:00","og_image":[{"width":249,"height":363,"url":"https:\/\/skaitytaknyga.lt\/wp-content\/uploads\/2025\/10\/Sigita-Justo-dukte-Laimono-zmona-e1759593876905.webp","type":"image\/webp"}],"twitter_card":"summary_large_image","schema":{"@context":"https:\/\/schema.org","@graph":[{"@type":"WebPage","@id":"https:\/\/skaitytaknyga.lt\/produktas\/sigita-justo-dukte-laimono-zmona\/","url":"https:\/\/skaitytaknyga.lt\/produktas\/sigita-justo-dukte-laimono-zmona\/","name":"Sigita - Justo dukt\u0117, Laimono \u017emona","isPartOf":{"@id":"https:\/\/skaitytaknyga.lt\/#website"},"primaryImageOfPage":{"@id":"https:\/\/skaitytaknyga.lt\/produktas\/sigita-justo-dukte-laimono-zmona\/#primaryimage"},"image":{"@id":"https:\/\/skaitytaknyga.lt\/produktas\/sigita-justo-dukte-laimono-zmona\/#primaryimage"},"thumbnailUrl":"https:\/\/skaitytaknyga.lt\/wp-content\/uploads\/2025\/10\/Sigita-Justo-dukte-Laimono-zmona-e1759593876905.webp","datePublished":"2025-10-01T12:12:26+00:00","dateModified":"2025-10-06T10:25:33+00:00","description":"Prisiminimai apie istorik\u0119 S. Noreikien\u0119, kuriuose i\u0161kyla ir jos \u0161eimos nari\u0173 portretai - t\u0117vo Justo Paleckio, anksti \u017euvusio brolio Vilniaus Paleckio,","breadcrumb":{"@id":"https:\/\/skaitytaknyga.lt\/produktas\/sigita-justo-dukte-laimono-zmona\/#breadcrumb"},"inLanguage":"en-GB","potentialAction":[{"@type":"ReadAction","target":["https:\/\/skaitytaknyga.lt\/produktas\/sigita-justo-dukte-laimono-zmona\/"]}]},{"@type":"ImageObject","inLanguage":"en-GB","@id":"https:\/\/skaitytaknyga.lt\/produktas\/sigita-justo-dukte-laimono-zmona\/#primaryimage","url":"https:\/\/skaitytaknyga.lt\/wp-content\/uploads\/2025\/10\/Sigita-Justo-dukte-Laimono-zmona-e1759593876905.webp","contentUrl":"https:\/\/skaitytaknyga.lt\/wp-content\/uploads\/2025\/10\/Sigita-Justo-dukte-Laimono-zmona-e1759593876905.webp","width":249,"height":363,"caption":"Sigita - Justo dukt\u0117, Laimono \u017emona"},{"@type":"BreadcrumbList","@id":"https:\/\/skaitytaknyga.lt\/produktas\/sigita-justo-dukte-laimono-zmona\/#breadcrumb","itemListElement":[{"@type":"ListItem","position":1,"name":"Home","item":"https:\/\/skaitytaknyga.lt\/"},{"@type":"ListItem","position":2,"name":"Parduotuv\u0117","item":"https:\/\/skaitytaknyga.lt\/knygu-parduotuve\/"},{"@type":"ListItem","position":3,"name":"Sigita &#8211; Justo dukt\u0117, Laimono \u017emona"}]},{"@type":"WebSite","@id":"https:\/\/skaitytaknyga.lt\/#website","url":"https:\/\/skaitytaknyga.lt\/","name":"skaitytaknyga.lt","description":"Skaitytaknyga.lt \u2013 tai ma\u017eas \u0161eimos verslas, kuris prasid\u0117jo nuo meil\u0117s knygoms ir siekio i\u0161gelb\u0117ti knygas nuo likimo prie konteinerio. Kas vienam nereikalingas daiktas \u2013 kitam lobis, o mes esame tarpininkai, kurie padeda abiems tapti laimingesniems ???? \u017dinome kaip nelengva i\u0161gyventi ma\u017eiems verslams, tad nuo \u0161iol, \u010dia rasite ir kit\u0173, ma\u017e\u0173 \u0161eim\u0173 versl\u0173, rank\u0173 darbo, dovan\u0173 sau ir artimiesiems.","publisher":{"@id":"https:\/\/skaitytaknyga.lt\/#organization"},"potentialAction":[{"@type":"SearchAction","target":{"@type":"EntryPoint","urlTemplate":"https:\/\/skaitytaknyga.lt\/?s={search_term_string}"},"query-input":{"@type":"PropertyValueSpecification","valueRequired":true,"valueName":"search_term_string"}}],"inLanguage":"en-GB"},{"@type":"Organization","@id":"https:\/\/skaitytaknyga.lt\/#organization","name":"skaitytaknyga.lt","url":"https:\/\/skaitytaknyga.lt\/","logo":{"@type":"ImageObject","inLanguage":"en-GB","@id":"https:\/\/skaitytaknyga.lt\/#\/schema\/logo\/image\/","url":"https:\/\/skaitytaknyga.lt\/wp-content\/uploads\/2024\/05\/cropped-cropped-cropped-02_00843_jt3bggkj1j3HLc7SyY6rEUpg.jpeg","contentUrl":"https:\/\/skaitytaknyga.lt\/wp-content\/uploads\/2024\/05\/cropped-cropped-cropped-02_00843_jt3bggkj1j3HLc7SyY6rEUpg.jpeg","width":1600,"height":1600,"caption":"skaitytaknyga.lt"},"image":{"@id":"https:\/\/skaitytaknyga.lt\/#\/schema\/logo\/image\/"},"sameAs":["https:\/\/www.facebook.com\/skaitytaknyga\/"]}]}},"_links":{"self":[{"href":"https:\/\/skaitytaknyga.lt\/en\/wp-json\/wp\/v2\/product\/21089","targetHints":{"allow":["GET"]}}],"collection":[{"href":"https:\/\/skaitytaknyga.lt\/en\/wp-json\/wp\/v2\/product"}],"about":[{"href":"https:\/\/skaitytaknyga.lt\/en\/wp-json\/wp\/v2\/types\/product"}],"replies":[{"embeddable":true,"href":"https:\/\/skaitytaknyga.lt\/en\/wp-json\/wp\/v2\/comments?post=21089"}],"wp:featuredmedia":[{"embeddable":true,"href":"https:\/\/skaitytaknyga.lt\/en\/wp-json\/wp\/v2\/media\/21208"}],"wp:attachment":[{"href":"https:\/\/skaitytaknyga.lt\/en\/wp-json\/wp\/v2\/media?parent=21089"}],"wp:term":[{"taxonomy":"product_brand","embeddable":true,"href":"https:\/\/skaitytaknyga.lt\/en\/wp-json\/wp\/v2\/product_brand?post=21089"},{"taxonomy":"product_cat","embeddable":true,"href":"https:\/\/skaitytaknyga.lt\/en\/wp-json\/wp\/v2\/product_cat?post=21089"},{"taxonomy":"product_tag","embeddable":true,"href":"https:\/\/skaitytaknyga.lt\/en\/wp-json\/wp\/v2\/product_tag?post=21089"}],"curies":[{"name":"wp","href":"https:\/\/api.w.org\/{rel}","templated":true}]}}