{"id":21087,"date":"2025-10-01T15:12:25","date_gmt":"2025-10-01T12:12:25","guid":{"rendered":"https:\/\/skaitytaknyga.lt\/?post_type=product&#038;p=21087"},"modified":"2025-10-06T11:08:52","modified_gmt":"2025-10-06T08:08:52","slug":"broliai-kaledos-kaledine-istorija","status":"publish","type":"product","link":"https:\/\/skaitytaknyga.lt\/en\/produktas\/broliai-kaledos-kaledine-istorija\/","title":{"rendered":"Broliai Kal\u0117dos. Kal\u0117din\u0117 istorija"},"content":{"rendered":"<p>Laik\u0105 sul\u0117tinti galima, jei tik labai u\u017esinori \u2013 juk geriems darbams jo pakaks visada.<\/p>\n<p>K\u016b\u010di\u0173 nakt\u012f nutinka kai kas netik\u0117ta: senasis Niklas Kal\u0117da, visiems \u017einomas kaip Kal\u0117d\u0173 Senelis, smarkiai suserga ir negali i\u0161dalyti vaikams dovan\u0173. Skaudama \u0161irdimi Niklas priverstas perduoti \u0161\u012f darb\u0105 jaun\u0117liui broliui Lu\u010dianui, Kal\u0117das \u012fsivaizduojan\u010diam visai kitaip.<\/p>\n<p>Ironi\u0161ka, jautri, nenusp\u0117jama istorija nukels \u012f magi\u0161k\u0105 kauk\u0173, troli\u0173, nyk\u0161tuk\u0173, valkirij\u0173 ir pasak\u0173 veik\u0117j\u0173 pasaul\u012f. Pasaul\u012f, stulbinamai pana\u0161\u0173 \u012f m\u016bsi\u0161k\u012f \u2013 su visais netobulumais, nesutarimais ir silpnyb\u0117mis. Tai \u0161iuolaiki\u0161kas pasakojimas apie m\u016bs\u0173 vartotoji\u0161k\u0105, susvetim\u0117jusi\u0105 visuomen\u0119, socialin\u0119 nelygyb\u0119, o kartu \u2013 apie nuo\u0161irdum\u0105, gerum\u0105, draugyst\u0119 ir i\u0161tikimyb\u0119.<\/p>\n<p>\u2013 Kaip manot, kod\u0117l mes tiek daug perkame? Jis nesuprato, kas ta daikt\u0173 galia, traukianti \u017emones \u012f save kaip magnetas.<\/p>\n<p>\u2013 Gal tod\u0117l, kad pirkdami pasijuntame lyg\u016bs, o rinkdamiesi \u2013 ypatingi&#8230;<\/p>\n<p>Skirta kiekvienam, kuris laukia Kal\u0117d\u0173 ir \u0161irdyje teb\u0117ra nors truput\u012f vaikas.<\/p>\n","protected":false},"excerpt":{"rendered":"<p>Laik\u0105 sul\u0117tinti galima, jei tik labai u\u017esinori \u2013 juk geriems darbams jo pakaks visada. K\u016b\u010di\u0173 nakt\u012f nutinka kai kas netik\u0117ta: senasis Niklas Kal\u0117da, visiems \u017einomas kaip Kal\u0117d\u0173 Senelis, smarkiai suserga ir negali i\u0161dalyti vaikams dovan\u0173. Skaudama \u0161irdimi Niklas priverstas perduoti \u0161\u012f darb\u0105 jaun\u0117liui broliui Lu\u010dianui, Kal\u0117das \u012fsivaizduojan\u010diam visai kitaip. Ironi\u0161ka, jautri, nenusp\u0117jama istorija nukels \u012f magi\u0161k\u0105 kauk\u0173, troli\u0173, nyk\u0161tuk\u0173, valkirij\u0173 ir pasak\u0173 veik\u0117j\u0173 pasaul\u012f. Pasaul\u012f, stulbinamai pana\u0161\u0173 \u012f m\u016bsi\u0161k\u012f \u2013 su visais netobulumais, nesutarimais ir silpnyb\u0117mis. Tai \u0161iuolaiki\u0161kas pasakojimas apie m\u016bs\u0173 vartotoji\u0161k\u0105, susvetim\u0117jusi\u0105 visuomen\u0119, socialin\u0119 nelygyb\u0119, o kartu \u2013 apie nuo\u0161irdum\u0105, gerum\u0105, draugyst\u0119 ir i\u0161tikimyb\u0119. \u2013 Kaip manot, kod\u0117l mes tiek daug perkame? Jis nesuprato, kas ta daikt\u0173 galia, traukianti \u017emones \u012f save kaip magnetas. \u2013 Gal tod\u0117l, kad pirkdami pasijuntame lyg\u016bs, o rinkdamiesi \u2013 ypatingi&#8230; Skirta kiekvienam, kuris laukia Kal\u0117d\u0173 ir \u0161irdyje teb\u0117ra nors truput\u012f vaikas.<\/p>\n","protected":false},"featured_media":21092,"comment_status":"open","ping_status":"closed","template":"","meta":{"_acf_changed":false,"site-sidebar-layout":"default","site-content-layout":"","ast-site-content-layout":"default","site-content-style":"default","site-sidebar-style":"default","ast-global-header-display":"","ast-banner-title-visibility":"","ast-main-header-display":"","ast-hfb-above-header-display":"","ast-hfb-below-header-display":"","ast-hfb-mobile-header-display":"","site-post-title":"","ast-breadcrumbs-content":"","ast-featured-img":"","footer-sml-layout":"","ast-disable-related-posts":"","theme-transparent-header-meta":"","adv-header-id-meta":"","stick-header-meta":"","header-above-stick-meta":"","header-main-stick-meta":"","header-below-stick-meta":"","astra-migrate-meta-layouts":"default","ast-page-background-enabled":"default","ast-page-background-meta":{"desktop":{"background-color":"","background-image":"","background-repeat":"repeat","background-position":"center center","background-size":"auto","background-attachment":"scroll","background-type":"","background-media":"","overlay-type":"","overlay-color":"","overlay-opacity":"","overlay-gradient":""},"tablet":{"background-color":"","background-image":"","background-repeat":"repeat","background-position":"center center","background-size":"auto","background-attachment":"scroll","background-type":"","background-media":"","overlay-type":"","overlay-color":"","overlay-opacity":"","overlay-gradient":""},"mobile":{"background-color":"","background-image":"","background-repeat":"repeat","background-position":"center center","background-size":"auto","background-attachment":"scroll","background-type":"","background-media":"","overlay-type":"","overlay-color":"","overlay-opacity":"","overlay-gradient":""}},"ast-content-background-meta":{"desktop":{"background-color":"var(--ast-global-color-4)","background-image":"","background-repeat":"repeat","background-position":"center center","background-size":"auto","background-attachment":"scroll","background-type":"","background-media":"","overlay-type":"","overlay-color":"","overlay-opacity":"","overlay-gradient":""},"tablet":{"background-color":"var(--ast-global-color-4)","background-image":"","background-repeat":"repeat","background-position":"center center","background-size":"auto","background-attachment":"scroll","background-type":"","background-media":"","overlay-type":"","overlay-color":"","overlay-opacity":"","overlay-gradient":""},"mobile":{"background-color":"var(--ast-global-color-4)","background-image":"","background-repeat":"repeat","background-position":"center center","background-size":"auto","background-attachment":"scroll","background-type":"","background-media":"","overlay-type":"","overlay-color":"","overlay-opacity":"","overlay-gradient":""}}},"product_brand":[],"product_cat":[31],"product_tag":[1647,2939,1755,2941,1785],"class_list":{"0":"post-21087","1":"product","2":"type-product","3":"status-publish","4":"has-post-thumbnail","6":"product_cat-grozine-literatura","7":"product_tag-draugyste","8":"product_tag-kaledos","9":"product_tag-magija","10":"product_tag-sventes","11":"product_tag-vaikams","12":"desktop-align-left","13":"tablet-align-left","14":"mobile-align-left","16":"first","17":"instock","18":"shipping-taxable","19":"purchasable","20":"product-type-simple"},"acf":[],"yoast_head":"<!-- This site is optimized with the Yoast SEO plugin v27.4 - https:\/\/yoast.com\/product\/yoast-seo-wordpress\/ -->\n<title>Broliai Kal\u0117dos. Kal\u0117din\u0117 istorija<\/title>\n<meta name=\"description\" content=\"Laik\u0105 sul\u0117tinti galima, jei tik labai u\u017esinori \u2013 juk geriems darbams jo pakaks visada. K\u016b\u010di\u0173 nakt\u012f nutinka kai kas netik\u0117ta: senasis Niklas Kal\u0117da,\" \/>\n<meta name=\"robots\" content=\"index, follow, max-snippet:-1, max-image-preview:large, max-video-preview:-1\" \/>\n<link rel=\"canonical\" href=\"https:\/\/skaitytaknyga.lt\/en\/produktas\/broliai-kaledos-kaledine-istorija\/\" \/>\n<meta property=\"og:locale\" content=\"en_GB\" \/>\n<meta property=\"og:locale:alternate\" content=\"lt_LT\" \/>\n<meta property=\"og:type\" content=\"article\" \/>\n<meta property=\"og:title\" content=\"Broliai Kal\u0117dos. Kal\u0117din\u0117 istorija\" \/>\n<meta property=\"og:description\" content=\"Laik\u0105 sul\u0117tinti galima, jei tik labai u\u017esinori \u2013 juk geriems darbams jo pakaks visada. K\u016b\u010di\u0173 nakt\u012f nutinka kai kas netik\u0117ta: senasis Niklas Kal\u0117da,\" \/>\n<meta property=\"og:url\" content=\"https:\/\/skaitytaknyga.lt\/en\/produktas\/broliai-kaledos-kaledine-istorija\/\" \/>\n<meta property=\"og:site_name\" content=\"Skaitytaknyga\" \/>\n<meta property=\"article:publisher\" content=\"https:\/\/www.facebook.com\/skaitytaknyga\/\" \/>\n<meta property=\"article:modified_time\" content=\"2025-10-06T08:08:52+00:00\" \/>\n<meta property=\"og:image\" content=\"https:\/\/skaitytaknyga.lt\/wp-content\/uploads\/2025\/10\/Broliai-Kaledos.-Kaledine-istorija-1.webp\" \/>\n\t<meta property=\"og:image:width\" content=\"300\" \/>\n\t<meta property=\"og:image:height\" content=\"447\" \/>\n\t<meta property=\"og:image:type\" content=\"image\/webp\" \/>\n<meta name=\"twitter:card\" content=\"summary_large_image\" \/>\n<meta name=\"twitter:label1\" content=\"Estimated reading time\" \/>\n\t<meta name=\"twitter:data1\" content=\"1 minute\" \/>\n<script type=\"application\/ld+json\" class=\"yoast-schema-graph\">{\"@context\":\"https:\\\/\\\/schema.org\",\"@graph\":[{\"@type\":\"WebPage\",\"@id\":\"https:\\\/\\\/skaitytaknyga.lt\\\/produktas\\\/broliai-kaledos-kaledine-istorija\\\/\",\"url\":\"https:\\\/\\\/skaitytaknyga.lt\\\/produktas\\\/broliai-kaledos-kaledine-istorija\\\/\",\"name\":\"Broliai Kal\u0117dos. Kal\u0117din\u0117 istorija\",\"isPartOf\":{\"@id\":\"https:\\\/\\\/skaitytaknyga.lt\\\/#website\"},\"primaryImageOfPage\":{\"@id\":\"https:\\\/\\\/skaitytaknyga.lt\\\/produktas\\\/broliai-kaledos-kaledine-istorija\\\/#primaryimage\"},\"image\":{\"@id\":\"https:\\\/\\\/skaitytaknyga.lt\\\/produktas\\\/broliai-kaledos-kaledine-istorija\\\/#primaryimage\"},\"thumbnailUrl\":\"https:\\\/\\\/skaitytaknyga.lt\\\/wp-content\\\/uploads\\\/2025\\\/10\\\/Broliai-Kaledos.-Kaledine-istorija-1.webp\",\"datePublished\":\"2025-10-01T12:12:25+00:00\",\"dateModified\":\"2025-10-06T08:08:52+00:00\",\"description\":\"Laik\u0105 sul\u0117tinti galima, jei tik labai u\u017esinori \u2013 juk geriems darbams jo pakaks visada. K\u016b\u010di\u0173 nakt\u012f nutinka kai kas netik\u0117ta: senasis Niklas Kal\u0117da,\",\"breadcrumb\":{\"@id\":\"https:\\\/\\\/skaitytaknyga.lt\\\/produktas\\\/broliai-kaledos-kaledine-istorija\\\/#breadcrumb\"},\"inLanguage\":\"en-GB\",\"potentialAction\":[{\"@type\":\"ReadAction\",\"target\":[\"https:\\\/\\\/skaitytaknyga.lt\\\/produktas\\\/broliai-kaledos-kaledine-istorija\\\/\"]}]},{\"@type\":\"ImageObject\",\"inLanguage\":\"en-GB\",\"@id\":\"https:\\\/\\\/skaitytaknyga.lt\\\/produktas\\\/broliai-kaledos-kaledine-istorija\\\/#primaryimage\",\"url\":\"https:\\\/\\\/skaitytaknyga.lt\\\/wp-content\\\/uploads\\\/2025\\\/10\\\/Broliai-Kaledos.-Kaledine-istorija-1.webp\",\"contentUrl\":\"https:\\\/\\\/skaitytaknyga.lt\\\/wp-content\\\/uploads\\\/2025\\\/10\\\/Broliai-Kaledos.-Kaledine-istorija-1.webp\",\"width\":300,\"height\":447},{\"@type\":\"BreadcrumbList\",\"@id\":\"https:\\\/\\\/skaitytaknyga.lt\\\/produktas\\\/broliai-kaledos-kaledine-istorija\\\/#breadcrumb\",\"itemListElement\":[{\"@type\":\"ListItem\",\"position\":1,\"name\":\"Home\",\"item\":\"https:\\\/\\\/skaitytaknyga.lt\\\/\"},{\"@type\":\"ListItem\",\"position\":2,\"name\":\"Parduotuv\u0117\",\"item\":\"https:\\\/\\\/skaitytaknyga.lt\\\/knygu-parduotuve\\\/\"},{\"@type\":\"ListItem\",\"position\":3,\"name\":\"Broliai Kal\u0117dos. Kal\u0117din\u0117 istorija\"}]},{\"@type\":\"WebSite\",\"@id\":\"https:\\\/\\\/skaitytaknyga.lt\\\/#website\",\"url\":\"https:\\\/\\\/skaitytaknyga.lt\\\/\",\"name\":\"skaitytaknyga.lt\",\"description\":\"Skaitytaknyga.lt \u2013 tai ma\u017eas \u0161eimos verslas, kuris prasid\u0117jo nuo meil\u0117s knygoms ir siekio i\u0161gelb\u0117ti knygas nuo likimo prie konteinerio. Kas vienam nereikalingas daiktas \u2013 kitam lobis, o mes esame tarpininkai, kurie padeda abiems tapti laimingesniems ???? \u017dinome kaip nelengva i\u0161gyventi ma\u017eiems verslams, tad nuo \u0161iol, \u010dia rasite ir kit\u0173, ma\u017e\u0173 \u0161eim\u0173 versl\u0173, rank\u0173 darbo, dovan\u0173 sau ir artimiesiems.\",\"publisher\":{\"@id\":\"https:\\\/\\\/skaitytaknyga.lt\\\/#organization\"},\"potentialAction\":[{\"@type\":\"SearchAction\",\"target\":{\"@type\":\"EntryPoint\",\"urlTemplate\":\"https:\\\/\\\/skaitytaknyga.lt\\\/?s={search_term_string}\"},\"query-input\":{\"@type\":\"PropertyValueSpecification\",\"valueRequired\":true,\"valueName\":\"search_term_string\"}}],\"inLanguage\":\"en-GB\"},{\"@type\":\"Organization\",\"@id\":\"https:\\\/\\\/skaitytaknyga.lt\\\/#organization\",\"name\":\"skaitytaknyga.lt\",\"url\":\"https:\\\/\\\/skaitytaknyga.lt\\\/\",\"logo\":{\"@type\":\"ImageObject\",\"inLanguage\":\"en-GB\",\"@id\":\"https:\\\/\\\/skaitytaknyga.lt\\\/#\\\/schema\\\/logo\\\/image\\\/\",\"url\":\"https:\\\/\\\/skaitytaknyga.lt\\\/wp-content\\\/uploads\\\/2024\\\/05\\\/cropped-cropped-cropped-02_00843_jt3bggkj1j3HLc7SyY6rEUpg.jpeg\",\"contentUrl\":\"https:\\\/\\\/skaitytaknyga.lt\\\/wp-content\\\/uploads\\\/2024\\\/05\\\/cropped-cropped-cropped-02_00843_jt3bggkj1j3HLc7SyY6rEUpg.jpeg\",\"width\":1600,\"height\":1600,\"caption\":\"skaitytaknyga.lt\"},\"image\":{\"@id\":\"https:\\\/\\\/skaitytaknyga.lt\\\/#\\\/schema\\\/logo\\\/image\\\/\"},\"sameAs\":[\"https:\\\/\\\/www.facebook.com\\\/skaitytaknyga\\\/\"]}]}<\/script>\n<!-- \/ Yoast SEO plugin. -->","yoast_head_json":{"title":"Broliai Kal\u0117dos. Kal\u0117din\u0117 istorija","description":"Laik\u0105 sul\u0117tinti galima, jei tik labai u\u017esinori \u2013 juk geriems darbams jo pakaks visada. K\u016b\u010di\u0173 nakt\u012f nutinka kai kas netik\u0117ta: senasis Niklas Kal\u0117da,","robots":{"index":"index","follow":"follow","max-snippet":"max-snippet:-1","max-image-preview":"max-image-preview:large","max-video-preview":"max-video-preview:-1"},"canonical":"https:\/\/skaitytaknyga.lt\/en\/produktas\/broliai-kaledos-kaledine-istorija\/","og_locale":"en_GB","og_type":"article","og_title":"[:lt]Broliai Kal\u0117dos. Kal\u0117din\u0117 istorija[:] - Skaitytaknyga","og_description":"Laik\u0105 sul\u0117tinti galima, jei tik labai u\u017esinori \u2013 juk geriems darbams jo pakaks visada. K\u016b\u010di\u0173 nakt\u012f nutinka kai kas netik\u0117ta: senasis Niklas Kal\u0117da,","og_url":"https:\/\/skaitytaknyga.lt\/en\/produktas\/broliai-kaledos-kaledine-istorija\/","og_site_name":"Skaitytaknyga","article_publisher":"https:\/\/www.facebook.com\/skaitytaknyga\/","article_modified_time":"2025-10-06T08:08:52+00:00","og_image":[{"width":300,"height":447,"url":"https:\/\/skaitytaknyga.lt\/wp-content\/uploads\/2025\/10\/Broliai-Kaledos.-Kaledine-istorija-1.webp","type":"image\/webp"}],"twitter_card":"summary_large_image","twitter_misc":{"Estimated reading time":"1 minute"},"schema":{"@context":"https:\/\/schema.org","@graph":[{"@type":"WebPage","@id":"https:\/\/skaitytaknyga.lt\/produktas\/broliai-kaledos-kaledine-istorija\/","url":"https:\/\/skaitytaknyga.lt\/produktas\/broliai-kaledos-kaledine-istorija\/","name":"Broliai Kal\u0117dos. Kal\u0117din\u0117 istorija","isPartOf":{"@id":"https:\/\/skaitytaknyga.lt\/#website"},"primaryImageOfPage":{"@id":"https:\/\/skaitytaknyga.lt\/produktas\/broliai-kaledos-kaledine-istorija\/#primaryimage"},"image":{"@id":"https:\/\/skaitytaknyga.lt\/produktas\/broliai-kaledos-kaledine-istorija\/#primaryimage"},"thumbnailUrl":"https:\/\/skaitytaknyga.lt\/wp-content\/uploads\/2025\/10\/Broliai-Kaledos.-Kaledine-istorija-1.webp","datePublished":"2025-10-01T12:12:25+00:00","dateModified":"2025-10-06T08:08:52+00:00","description":"Laik\u0105 sul\u0117tinti galima, jei tik labai u\u017esinori \u2013 juk geriems darbams jo pakaks visada. K\u016b\u010di\u0173 nakt\u012f nutinka kai kas netik\u0117ta: senasis Niklas Kal\u0117da,","breadcrumb":{"@id":"https:\/\/skaitytaknyga.lt\/produktas\/broliai-kaledos-kaledine-istorija\/#breadcrumb"},"inLanguage":"en-GB","potentialAction":[{"@type":"ReadAction","target":["https:\/\/skaitytaknyga.lt\/produktas\/broliai-kaledos-kaledine-istorija\/"]}]},{"@type":"ImageObject","inLanguage":"en-GB","@id":"https:\/\/skaitytaknyga.lt\/produktas\/broliai-kaledos-kaledine-istorija\/#primaryimage","url":"https:\/\/skaitytaknyga.lt\/wp-content\/uploads\/2025\/10\/Broliai-Kaledos.-Kaledine-istorija-1.webp","contentUrl":"https:\/\/skaitytaknyga.lt\/wp-content\/uploads\/2025\/10\/Broliai-Kaledos.-Kaledine-istorija-1.webp","width":300,"height":447},{"@type":"BreadcrumbList","@id":"https:\/\/skaitytaknyga.lt\/produktas\/broliai-kaledos-kaledine-istorija\/#breadcrumb","itemListElement":[{"@type":"ListItem","position":1,"name":"Home","item":"https:\/\/skaitytaknyga.lt\/"},{"@type":"ListItem","position":2,"name":"Parduotuv\u0117","item":"https:\/\/skaitytaknyga.lt\/knygu-parduotuve\/"},{"@type":"ListItem","position":3,"name":"Broliai Kal\u0117dos. Kal\u0117din\u0117 istorija"}]},{"@type":"WebSite","@id":"https:\/\/skaitytaknyga.lt\/#website","url":"https:\/\/skaitytaknyga.lt\/","name":"skaitytaknyga.lt","description":"Skaitytaknyga.lt \u2013 tai ma\u017eas \u0161eimos verslas, kuris prasid\u0117jo nuo meil\u0117s knygoms ir siekio i\u0161gelb\u0117ti knygas nuo likimo prie konteinerio. Kas vienam nereikalingas daiktas \u2013 kitam lobis, o mes esame tarpininkai, kurie padeda abiems tapti laimingesniems ???? \u017dinome kaip nelengva i\u0161gyventi ma\u017eiems verslams, tad nuo \u0161iol, \u010dia rasite ir kit\u0173, ma\u017e\u0173 \u0161eim\u0173 versl\u0173, rank\u0173 darbo, dovan\u0173 sau ir artimiesiems.","publisher":{"@id":"https:\/\/skaitytaknyga.lt\/#organization"},"potentialAction":[{"@type":"SearchAction","target":{"@type":"EntryPoint","urlTemplate":"https:\/\/skaitytaknyga.lt\/?s={search_term_string}"},"query-input":{"@type":"PropertyValueSpecification","valueRequired":true,"valueName":"search_term_string"}}],"inLanguage":"en-GB"},{"@type":"Organization","@id":"https:\/\/skaitytaknyga.lt\/#organization","name":"skaitytaknyga.lt","url":"https:\/\/skaitytaknyga.lt\/","logo":{"@type":"ImageObject","inLanguage":"en-GB","@id":"https:\/\/skaitytaknyga.lt\/#\/schema\/logo\/image\/","url":"https:\/\/skaitytaknyga.lt\/wp-content\/uploads\/2024\/05\/cropped-cropped-cropped-02_00843_jt3bggkj1j3HLc7SyY6rEUpg.jpeg","contentUrl":"https:\/\/skaitytaknyga.lt\/wp-content\/uploads\/2024\/05\/cropped-cropped-cropped-02_00843_jt3bggkj1j3HLc7SyY6rEUpg.jpeg","width":1600,"height":1600,"caption":"skaitytaknyga.lt"},"image":{"@id":"https:\/\/skaitytaknyga.lt\/#\/schema\/logo\/image\/"},"sameAs":["https:\/\/www.facebook.com\/skaitytaknyga\/"]}]}},"_links":{"self":[{"href":"https:\/\/skaitytaknyga.lt\/en\/wp-json\/wp\/v2\/product\/21087","targetHints":{"allow":["GET"]}}],"collection":[{"href":"https:\/\/skaitytaknyga.lt\/en\/wp-json\/wp\/v2\/product"}],"about":[{"href":"https:\/\/skaitytaknyga.lt\/en\/wp-json\/wp\/v2\/types\/product"}],"replies":[{"embeddable":true,"href":"https:\/\/skaitytaknyga.lt\/en\/wp-json\/wp\/v2\/comments?post=21087"}],"wp:featuredmedia":[{"embeddable":true,"href":"https:\/\/skaitytaknyga.lt\/en\/wp-json\/wp\/v2\/media\/21092"}],"wp:attachment":[{"href":"https:\/\/skaitytaknyga.lt\/en\/wp-json\/wp\/v2\/media?parent=21087"}],"wp:term":[{"taxonomy":"product_brand","embeddable":true,"href":"https:\/\/skaitytaknyga.lt\/en\/wp-json\/wp\/v2\/product_brand?post=21087"},{"taxonomy":"product_cat","embeddable":true,"href":"https:\/\/skaitytaknyga.lt\/en\/wp-json\/wp\/v2\/product_cat?post=21087"},{"taxonomy":"product_tag","embeddable":true,"href":"https:\/\/skaitytaknyga.lt\/en\/wp-json\/wp\/v2\/product_tag?post=21087"}],"curies":[{"name":"wp","href":"https:\/\/api.w.org\/{rel}","templated":true}]}}