{"id":21079,"date":"2025-10-01T14:58:39","date_gmt":"2025-10-01T11:58:39","guid":{"rendered":"https:\/\/skaitytaknyga.lt\/?post_type=product&#038;p=21079"},"modified":"2026-01-23T09:57:15","modified_gmt":"2026-01-23T07:57:15","slug":"kaip-kalbeti-su-vaikais-kad-jie-klausytu-ir-kaip-klausyti-kad-vaikai-kalbetu","status":"publish","type":"product","link":"https:\/\/skaitytaknyga.lt\/en\/produktas\/kaip-kalbeti-su-vaikais-kad-jie-klausytu-ir-kaip-klausyti-kad-vaikai-kalbetu\/","title":{"rendered":"Kaip kalb\u0117ti su vaikais, kad jie klausyt\u0173, ir kaip klausyti, kad vaikai kalb\u0117t\u0173"},"content":{"rendered":"<p>Tai prakti\u0161kas ir ai\u0161kus gidas t\u0117vams, norintiems efektyviai bendrauti su savo vaikais. Gausyb\u0117 apra\u0161ym\u0173, pavyzd\u017ei\u0173 ir iliustracij\u0173 pateikia paprastos informacijos ir \u017eini\u0173, kuriomis t\u0117vai gali nedelsiant pasinaudoti prakti\u0161kai \u2013 mokytis kalb\u0117tis bei spr\u0119sti problemas. Tai knyga, kuria galima naudotis individualiai arba grup\u0117se, o joje apra\u0161omi b\u016bdai yra tinkami visiems vaikams nepriklausomai nuo j\u0173 am\u017eiaus. Jau klasika tap\u0119s k\u016brinys \u0161iuo metu yra toks pats aktualus ir naudingas kaip ir tuomet, kada pirm\u0105 kart\u0105 pasirod\u0117 prie\u0161 trisde\u0161imt met\u0173.<\/p>\n","protected":false},"excerpt":{"rendered":"<p>Tai prakti\u0161kas ir ai\u0161kus gidas t\u0117vams, norintiems efektyviai bendrauti su savo vaikais. Gausyb\u0117 apra\u0161ym\u0173, pavyzd\u017ei\u0173 ir iliustracij\u0173 pateikia paprastos informacijos ir \u017eini\u0173, kuriomis t\u0117vai gali nedelsiant pasinaudoti prakti\u0161kai \u2013 mokytis kalb\u0117tis bei spr\u0119sti problemas. Tai knyga, kuria galima naudotis individualiai arba grup\u0117se, o joje apra\u0161omi b\u016bdai yra tinkami visiems vaikams nepriklausomai nuo j\u0173 am\u017eiaus. Jau klasika tap\u0119s k\u016brinys \u0161iuo metu yra toks pats aktualus ir naudingas kaip ir tuomet, kada pirm\u0105 kart\u0105 pasirod\u0117 prie\u0161 trisde\u0161imt met\u0173.<\/p>\n","protected":false},"featured_media":21084,"comment_status":"open","ping_status":"closed","template":"","meta":{"_acf_changed":false,"site-sidebar-layout":"default","site-content-layout":"","ast-site-content-layout":"default","site-content-style":"default","site-sidebar-style":"default","ast-global-header-display":"","ast-banner-title-visibility":"","ast-main-header-display":"","ast-hfb-above-header-display":"","ast-hfb-below-header-display":"","ast-hfb-mobile-header-display":"","site-post-title":"","ast-breadcrumbs-content":"","ast-featured-img":"","footer-sml-layout":"","ast-disable-related-posts":"","theme-transparent-header-meta":"","adv-header-id-meta":"","stick-header-meta":"","header-above-stick-meta":"","header-main-stick-meta":"","header-below-stick-meta":"","astra-migrate-meta-layouts":"default","ast-page-background-enabled":"default","ast-page-background-meta":{"desktop":{"background-color":"","background-image":"","background-repeat":"repeat","background-position":"center center","background-size":"auto","background-attachment":"scroll","background-type":"","background-media":"","overlay-type":"","overlay-color":"","overlay-opacity":"","overlay-gradient":""},"tablet":{"background-color":"","background-image":"","background-repeat":"repeat","background-position":"center center","background-size":"auto","background-attachment":"scroll","background-type":"","background-media":"","overlay-type":"","overlay-color":"","overlay-opacity":"","overlay-gradient":""},"mobile":{"background-color":"","background-image":"","background-repeat":"repeat","background-position":"center center","background-size":"auto","background-attachment":"scroll","background-type":"","background-media":"","overlay-type":"","overlay-color":"","overlay-opacity":"","overlay-gradient":""}},"ast-content-background-meta":{"desktop":{"background-color":"var(--ast-global-color-4)","background-image":"","background-repeat":"repeat","background-position":"center center","background-size":"auto","background-attachment":"scroll","background-type":"","background-media":"","overlay-type":"","overlay-color":"","overlay-opacity":"","overlay-gradient":""},"tablet":{"background-color":"var(--ast-global-color-4)","background-image":"","background-repeat":"repeat","background-position":"center center","background-size":"auto","background-attachment":"scroll","background-type":"","background-media":"","overlay-type":"","overlay-color":"","overlay-opacity":"","overlay-gradient":""},"mobile":{"background-color":"var(--ast-global-color-4)","background-image":"","background-repeat":"repeat","background-position":"center center","background-size":"auto","background-attachment":"scroll","background-type":"","background-media":"","overlay-type":"","overlay-color":"","overlay-opacity":"","overlay-gradient":""}}},"product_brand":[],"product_cat":[15],"product_tag":[1403,7760,1392,2206,3071],"class_list":{"0":"post-21079","1":"product","2":"type-product","3":"status-publish","4":"has-post-thumbnail","6":"product_cat-uncategorized","7":"product_tag-bendravimas","8":"product_tag-praktiniai-patarimai","9":"product_tag-psichologija","10":"product_tag-tevyste","11":"product_tag-vaikai","12":"desktop-align-left","13":"tablet-align-left","14":"mobile-align-left","16":"first","17":"outofstock","18":"shipping-taxable","19":"purchasable","20":"product-type-simple"},"acf":[],"yoast_head":"<!-- This site is optimized with the Yoast SEO plugin v27.0 - https:\/\/yoast.com\/product\/yoast-seo-wordpress\/ -->\n<title>Kaip kalb\u0117ti su vaikais, kad jie klausyt\u0173, ir kaip klausyti, kad vaikai kalb\u0117t\u0173<\/title>\n<meta name=\"description\" content=\"Tai prakti\u0161kas ir ai\u0161kus gidas t\u0117vams, norintiems efektyviai bendrauti su savo vaikais. Gausyb\u0117 apra\u0161ym\u0173, pavyzd\u017ei\u0173 ir iliustracij\u0173 pateikia paprastos\" \/>\n<meta name=\"robots\" content=\"index, follow, max-snippet:-1, max-image-preview:large, max-video-preview:-1\" \/>\n<link rel=\"canonical\" href=\"https:\/\/skaitytaknyga.lt\/en\/produktas\/kaip-kalbeti-su-vaikais-kad-jie-klausytu-ir-kaip-klausyti-kad-vaikai-kalbetu\/\" \/>\n<meta property=\"og:locale\" content=\"en_GB\" \/>\n<meta property=\"og:locale:alternate\" content=\"lt_LT\" \/>\n<meta property=\"og:type\" content=\"article\" \/>\n<meta property=\"og:title\" content=\"Kaip kalb\u0117ti su vaikais, kad jie klausyt\u0173, ir kaip klausyti, kad vaikai kalb\u0117t\u0173\" \/>\n<meta property=\"og:description\" content=\"Tai prakti\u0161kas ir ai\u0161kus gidas t\u0117vams, norintiems efektyviai bendrauti su savo vaikais. Gausyb\u0117 apra\u0161ym\u0173, pavyzd\u017ei\u0173 ir iliustracij\u0173 pateikia paprastos\" \/>\n<meta property=\"og:url\" content=\"https:\/\/skaitytaknyga.lt\/en\/produktas\/kaip-kalbeti-su-vaikais-kad-jie-klausytu-ir-kaip-klausyti-kad-vaikai-kalbetu\/\" \/>\n<meta property=\"og:site_name\" content=\"Skaitytaknyga\" \/>\n<meta property=\"article:publisher\" content=\"https:\/\/www.facebook.com\/skaitytaknyga\/\" \/>\n<meta property=\"article:modified_time\" content=\"2026-01-23T07:57:15+00:00\" \/>\n<meta property=\"og:image\" content=\"https:\/\/skaitytaknyga.lt\/wp-content\/uploads\/2025\/10\/Kaip-kalbeti-su-vaikais-kad-jie-klausytu-ir-kaip-klausyti-kad-vaikai-kalbetu-1.webp\" \/>\n\t<meta property=\"og:image:width\" content=\"300\" \/>\n\t<meta property=\"og:image:height\" content=\"425\" \/>\n\t<meta property=\"og:image:type\" content=\"image\/webp\" \/>\n<meta name=\"twitter:card\" content=\"summary_large_image\" \/>\n<script type=\"application\/ld+json\" class=\"yoast-schema-graph\">{\"@context\":\"https:\/\/schema.org\",\"@graph\":[{\"@type\":\"WebPage\",\"@id\":\"https:\/\/skaitytaknyga.lt\/produktas\/kaip-kalbeti-su-vaikais-kad-jie-klausytu-ir-kaip-klausyti-kad-vaikai-kalbetu\/\",\"url\":\"https:\/\/skaitytaknyga.lt\/produktas\/kaip-kalbeti-su-vaikais-kad-jie-klausytu-ir-kaip-klausyti-kad-vaikai-kalbetu\/\",\"name\":\"Kaip kalb\u0117ti su vaikais, kad jie klausyt\u0173, ir kaip klausyti, kad vaikai kalb\u0117t\u0173\",\"isPartOf\":{\"@id\":\"https:\/\/skaitytaknyga.lt\/#website\"},\"primaryImageOfPage\":{\"@id\":\"https:\/\/skaitytaknyga.lt\/produktas\/kaip-kalbeti-su-vaikais-kad-jie-klausytu-ir-kaip-klausyti-kad-vaikai-kalbetu\/#primaryimage\"},\"image\":{\"@id\":\"https:\/\/skaitytaknyga.lt\/produktas\/kaip-kalbeti-su-vaikais-kad-jie-klausytu-ir-kaip-klausyti-kad-vaikai-kalbetu\/#primaryimage\"},\"thumbnailUrl\":\"https:\/\/skaitytaknyga.lt\/wp-content\/uploads\/2025\/10\/Kaip-kalbeti-su-vaikais-kad-jie-klausytu-ir-kaip-klausyti-kad-vaikai-kalbetu-1.webp\",\"datePublished\":\"2025-10-01T11:58:39+00:00\",\"dateModified\":\"2026-01-23T07:57:15+00:00\",\"description\":\"Tai prakti\u0161kas ir ai\u0161kus gidas t\u0117vams, norintiems efektyviai bendrauti su savo vaikais. Gausyb\u0117 apra\u0161ym\u0173, pavyzd\u017ei\u0173 ir iliustracij\u0173 pateikia paprastos\",\"breadcrumb\":{\"@id\":\"https:\/\/skaitytaknyga.lt\/produktas\/kaip-kalbeti-su-vaikais-kad-jie-klausytu-ir-kaip-klausyti-kad-vaikai-kalbetu\/#breadcrumb\"},\"inLanguage\":\"en-GB\",\"potentialAction\":[{\"@type\":\"ReadAction\",\"target\":[\"https:\/\/skaitytaknyga.lt\/produktas\/kaip-kalbeti-su-vaikais-kad-jie-klausytu-ir-kaip-klausyti-kad-vaikai-kalbetu\/\"]}]},{\"@type\":\"ImageObject\",\"inLanguage\":\"en-GB\",\"@id\":\"https:\/\/skaitytaknyga.lt\/produktas\/kaip-kalbeti-su-vaikais-kad-jie-klausytu-ir-kaip-klausyti-kad-vaikai-kalbetu\/#primaryimage\",\"url\":\"https:\/\/skaitytaknyga.lt\/wp-content\/uploads\/2025\/10\/Kaip-kalbeti-su-vaikais-kad-jie-klausytu-ir-kaip-klausyti-kad-vaikai-kalbetu-1.webp\",\"contentUrl\":\"https:\/\/skaitytaknyga.lt\/wp-content\/uploads\/2025\/10\/Kaip-kalbeti-su-vaikais-kad-jie-klausytu-ir-kaip-klausyti-kad-vaikai-kalbetu-1.webp\",\"width\":300,\"height\":425,\"caption\":\"Kaip kalb\u0117ti su vaikais, kad jie klausyt\u0173, ir kaip klausyti, kad vaikai kalb\u0117t\u0173\"},{\"@type\":\"BreadcrumbList\",\"@id\":\"https:\/\/skaitytaknyga.lt\/produktas\/kaip-kalbeti-su-vaikais-kad-jie-klausytu-ir-kaip-klausyti-kad-vaikai-kalbetu\/#breadcrumb\",\"itemListElement\":[{\"@type\":\"ListItem\",\"position\":1,\"name\":\"Home\",\"item\":\"https:\/\/skaitytaknyga.lt\/\"},{\"@type\":\"ListItem\",\"position\":2,\"name\":\"Parduotuv\u0117\",\"item\":\"https:\/\/skaitytaknyga.lt\/knygu-parduotuve\/\"},{\"@type\":\"ListItem\",\"position\":3,\"name\":\"Kaip kalb\u0117ti su vaikais, kad jie klausyt\u0173, ir kaip klausyti, kad vaikai kalb\u0117t\u0173\"}]},{\"@type\":\"WebSite\",\"@id\":\"https:\/\/skaitytaknyga.lt\/#website\",\"url\":\"https:\/\/skaitytaknyga.lt\/\",\"name\":\"skaitytaknyga.lt\",\"description\":\"Skaitytaknyga.lt \u2013 tai ma\u017eas \u0161eimos verslas, kuris prasid\u0117jo nuo meil\u0117s knygoms ir siekio i\u0161gelb\u0117ti knygas nuo likimo prie konteinerio. Kas vienam nereikalingas daiktas \u2013 kitam lobis, o mes esame tarpininkai, kurie padeda abiems tapti laimingesniems ???? \u017dinome kaip nelengva i\u0161gyventi ma\u017eiems verslams, tad nuo \u0161iol, \u010dia rasite ir kit\u0173, ma\u017e\u0173 \u0161eim\u0173 versl\u0173, rank\u0173 darbo, dovan\u0173 sau ir artimiesiems.\",\"publisher\":{\"@id\":\"https:\/\/skaitytaknyga.lt\/#organization\"},\"potentialAction\":[{\"@type\":\"SearchAction\",\"target\":{\"@type\":\"EntryPoint\",\"urlTemplate\":\"https:\/\/skaitytaknyga.lt\/?s={search_term_string}\"},\"query-input\":{\"@type\":\"PropertyValueSpecification\",\"valueRequired\":true,\"valueName\":\"search_term_string\"}}],\"inLanguage\":\"en-GB\"},{\"@type\":\"Organization\",\"@id\":\"https:\/\/skaitytaknyga.lt\/#organization\",\"name\":\"skaitytaknyga.lt\",\"url\":\"https:\/\/skaitytaknyga.lt\/\",\"logo\":{\"@type\":\"ImageObject\",\"inLanguage\":\"en-GB\",\"@id\":\"https:\/\/skaitytaknyga.lt\/#\/schema\/logo\/image\/\",\"url\":\"https:\/\/skaitytaknyga.lt\/wp-content\/uploads\/2024\/05\/cropped-cropped-cropped-02_00843_jt3bggkj1j3HLc7SyY6rEUpg.jpeg\",\"contentUrl\":\"https:\/\/skaitytaknyga.lt\/wp-content\/uploads\/2024\/05\/cropped-cropped-cropped-02_00843_jt3bggkj1j3HLc7SyY6rEUpg.jpeg\",\"width\":1600,\"height\":1600,\"caption\":\"skaitytaknyga.lt\"},\"image\":{\"@id\":\"https:\/\/skaitytaknyga.lt\/#\/schema\/logo\/image\/\"},\"sameAs\":[\"https:\/\/www.facebook.com\/skaitytaknyga\/\"]}]}<\/script>\n<!-- \/ Yoast SEO plugin. -->","yoast_head_json":{"title":"Kaip kalb\u0117ti su vaikais, kad jie klausyt\u0173, ir kaip klausyti, kad vaikai kalb\u0117t\u0173","description":"Tai prakti\u0161kas ir ai\u0161kus gidas t\u0117vams, norintiems efektyviai bendrauti su savo vaikais. Gausyb\u0117 apra\u0161ym\u0173, pavyzd\u017ei\u0173 ir iliustracij\u0173 pateikia paprastos","robots":{"index":"index","follow":"follow","max-snippet":"max-snippet:-1","max-image-preview":"max-image-preview:large","max-video-preview":"max-video-preview:-1"},"canonical":"https:\/\/skaitytaknyga.lt\/en\/produktas\/kaip-kalbeti-su-vaikais-kad-jie-klausytu-ir-kaip-klausyti-kad-vaikai-kalbetu\/","og_locale":"en_GB","og_type":"article","og_title":"[:lt]Kaip kalb\u0117ti su vaikais, kad jie klausyt\u0173, ir kaip klausyti, kad vaikai kalb\u0117t\u0173[:] - Skaitytaknyga","og_description":"Tai prakti\u0161kas ir ai\u0161kus gidas t\u0117vams, norintiems efektyviai bendrauti su savo vaikais. Gausyb\u0117 apra\u0161ym\u0173, pavyzd\u017ei\u0173 ir iliustracij\u0173 pateikia paprastos","og_url":"https:\/\/skaitytaknyga.lt\/en\/produktas\/kaip-kalbeti-su-vaikais-kad-jie-klausytu-ir-kaip-klausyti-kad-vaikai-kalbetu\/","og_site_name":"Skaitytaknyga","article_publisher":"https:\/\/www.facebook.com\/skaitytaknyga\/","article_modified_time":"2026-01-23T07:57:15+00:00","og_image":[{"width":300,"height":425,"url":"https:\/\/skaitytaknyga.lt\/wp-content\/uploads\/2025\/10\/Kaip-kalbeti-su-vaikais-kad-jie-klausytu-ir-kaip-klausyti-kad-vaikai-kalbetu-1.webp","type":"image\/webp"}],"twitter_card":"summary_large_image","schema":{"@context":"https:\/\/schema.org","@graph":[{"@type":"WebPage","@id":"https:\/\/skaitytaknyga.lt\/produktas\/kaip-kalbeti-su-vaikais-kad-jie-klausytu-ir-kaip-klausyti-kad-vaikai-kalbetu\/","url":"https:\/\/skaitytaknyga.lt\/produktas\/kaip-kalbeti-su-vaikais-kad-jie-klausytu-ir-kaip-klausyti-kad-vaikai-kalbetu\/","name":"Kaip kalb\u0117ti su vaikais, kad jie klausyt\u0173, ir kaip klausyti, kad vaikai kalb\u0117t\u0173","isPartOf":{"@id":"https:\/\/skaitytaknyga.lt\/#website"},"primaryImageOfPage":{"@id":"https:\/\/skaitytaknyga.lt\/produktas\/kaip-kalbeti-su-vaikais-kad-jie-klausytu-ir-kaip-klausyti-kad-vaikai-kalbetu\/#primaryimage"},"image":{"@id":"https:\/\/skaitytaknyga.lt\/produktas\/kaip-kalbeti-su-vaikais-kad-jie-klausytu-ir-kaip-klausyti-kad-vaikai-kalbetu\/#primaryimage"},"thumbnailUrl":"https:\/\/skaitytaknyga.lt\/wp-content\/uploads\/2025\/10\/Kaip-kalbeti-su-vaikais-kad-jie-klausytu-ir-kaip-klausyti-kad-vaikai-kalbetu-1.webp","datePublished":"2025-10-01T11:58:39+00:00","dateModified":"2026-01-23T07:57:15+00:00","description":"Tai prakti\u0161kas ir ai\u0161kus gidas t\u0117vams, norintiems efektyviai bendrauti su savo vaikais. Gausyb\u0117 apra\u0161ym\u0173, pavyzd\u017ei\u0173 ir iliustracij\u0173 pateikia paprastos","breadcrumb":{"@id":"https:\/\/skaitytaknyga.lt\/produktas\/kaip-kalbeti-su-vaikais-kad-jie-klausytu-ir-kaip-klausyti-kad-vaikai-kalbetu\/#breadcrumb"},"inLanguage":"en-GB","potentialAction":[{"@type":"ReadAction","target":["https:\/\/skaitytaknyga.lt\/produktas\/kaip-kalbeti-su-vaikais-kad-jie-klausytu-ir-kaip-klausyti-kad-vaikai-kalbetu\/"]}]},{"@type":"ImageObject","inLanguage":"en-GB","@id":"https:\/\/skaitytaknyga.lt\/produktas\/kaip-kalbeti-su-vaikais-kad-jie-klausytu-ir-kaip-klausyti-kad-vaikai-kalbetu\/#primaryimage","url":"https:\/\/skaitytaknyga.lt\/wp-content\/uploads\/2025\/10\/Kaip-kalbeti-su-vaikais-kad-jie-klausytu-ir-kaip-klausyti-kad-vaikai-kalbetu-1.webp","contentUrl":"https:\/\/skaitytaknyga.lt\/wp-content\/uploads\/2025\/10\/Kaip-kalbeti-su-vaikais-kad-jie-klausytu-ir-kaip-klausyti-kad-vaikai-kalbetu-1.webp","width":300,"height":425,"caption":"Kaip kalb\u0117ti su vaikais, kad jie klausyt\u0173, ir kaip klausyti, kad vaikai kalb\u0117t\u0173"},{"@type":"BreadcrumbList","@id":"https:\/\/skaitytaknyga.lt\/produktas\/kaip-kalbeti-su-vaikais-kad-jie-klausytu-ir-kaip-klausyti-kad-vaikai-kalbetu\/#breadcrumb","itemListElement":[{"@type":"ListItem","position":1,"name":"Home","item":"https:\/\/skaitytaknyga.lt\/"},{"@type":"ListItem","position":2,"name":"Parduotuv\u0117","item":"https:\/\/skaitytaknyga.lt\/knygu-parduotuve\/"},{"@type":"ListItem","position":3,"name":"Kaip kalb\u0117ti su vaikais, kad jie klausyt\u0173, ir kaip klausyti, kad vaikai kalb\u0117t\u0173"}]},{"@type":"WebSite","@id":"https:\/\/skaitytaknyga.lt\/#website","url":"https:\/\/skaitytaknyga.lt\/","name":"skaitytaknyga.lt","description":"Skaitytaknyga.lt \u2013 tai ma\u017eas \u0161eimos verslas, kuris prasid\u0117jo nuo meil\u0117s knygoms ir siekio i\u0161gelb\u0117ti knygas nuo likimo prie konteinerio. Kas vienam nereikalingas daiktas \u2013 kitam lobis, o mes esame tarpininkai, kurie padeda abiems tapti laimingesniems ???? \u017dinome kaip nelengva i\u0161gyventi ma\u017eiems verslams, tad nuo \u0161iol, \u010dia rasite ir kit\u0173, ma\u017e\u0173 \u0161eim\u0173 versl\u0173, rank\u0173 darbo, dovan\u0173 sau ir artimiesiems.","publisher":{"@id":"https:\/\/skaitytaknyga.lt\/#organization"},"potentialAction":[{"@type":"SearchAction","target":{"@type":"EntryPoint","urlTemplate":"https:\/\/skaitytaknyga.lt\/?s={search_term_string}"},"query-input":{"@type":"PropertyValueSpecification","valueRequired":true,"valueName":"search_term_string"}}],"inLanguage":"en-GB"},{"@type":"Organization","@id":"https:\/\/skaitytaknyga.lt\/#organization","name":"skaitytaknyga.lt","url":"https:\/\/skaitytaknyga.lt\/","logo":{"@type":"ImageObject","inLanguage":"en-GB","@id":"https:\/\/skaitytaknyga.lt\/#\/schema\/logo\/image\/","url":"https:\/\/skaitytaknyga.lt\/wp-content\/uploads\/2024\/05\/cropped-cropped-cropped-02_00843_jt3bggkj1j3HLc7SyY6rEUpg.jpeg","contentUrl":"https:\/\/skaitytaknyga.lt\/wp-content\/uploads\/2024\/05\/cropped-cropped-cropped-02_00843_jt3bggkj1j3HLc7SyY6rEUpg.jpeg","width":1600,"height":1600,"caption":"skaitytaknyga.lt"},"image":{"@id":"https:\/\/skaitytaknyga.lt\/#\/schema\/logo\/image\/"},"sameAs":["https:\/\/www.facebook.com\/skaitytaknyga\/"]}]}},"_links":{"self":[{"href":"https:\/\/skaitytaknyga.lt\/en\/wp-json\/wp\/v2\/product\/21079","targetHints":{"allow":["GET"]}}],"collection":[{"href":"https:\/\/skaitytaknyga.lt\/en\/wp-json\/wp\/v2\/product"}],"about":[{"href":"https:\/\/skaitytaknyga.lt\/en\/wp-json\/wp\/v2\/types\/product"}],"replies":[{"embeddable":true,"href":"https:\/\/skaitytaknyga.lt\/en\/wp-json\/wp\/v2\/comments?post=21079"}],"wp:featuredmedia":[{"embeddable":true,"href":"https:\/\/skaitytaknyga.lt\/en\/wp-json\/wp\/v2\/media\/21084"}],"wp:attachment":[{"href":"https:\/\/skaitytaknyga.lt\/en\/wp-json\/wp\/v2\/media?parent=21079"}],"wp:term":[{"taxonomy":"product_brand","embeddable":true,"href":"https:\/\/skaitytaknyga.lt\/en\/wp-json\/wp\/v2\/product_brand?post=21079"},{"taxonomy":"product_cat","embeddable":true,"href":"https:\/\/skaitytaknyga.lt\/en\/wp-json\/wp\/v2\/product_cat?post=21079"},{"taxonomy":"product_tag","embeddable":true,"href":"https:\/\/skaitytaknyga.lt\/en\/wp-json\/wp\/v2\/product_tag?post=21079"}],"curies":[{"name":"wp","href":"https:\/\/api.w.org\/{rel}","templated":true}]}}