{"id":21078,"date":"2025-10-01T14:58:39","date_gmt":"2025-10-01T11:58:39","guid":{"rendered":"https:\/\/skaitytaknyga.lt\/?post_type=product&#038;p=21078"},"modified":"2025-10-06T11:08:52","modified_gmt":"2025-10-06T08:08:52","slug":"as-dainuoju-o-kalnas-soka","status":"publish","type":"product","link":"https:\/\/skaitytaknyga.lt\/en\/produktas\/as-dainuoju-o-kalnas-soka\/","title":{"rendered":"A\u0161 dainuoju, o kalnas \u0161oka"},"content":{"rendered":"<p>Dainuoju \u0161lait\u0105, vir\u0161ukaln\u0119, piev\u0105,<br \/>\ndilg\u0117les, er\u0161k\u0117tro\u017ees, gervuoges.<br \/>\nDainuoju, lyg sodinu dar\u017e\u0105,<br \/>\nlyg meistrauju stal\u0105,<br \/>\nlyg statau nam\u0105,<br \/>\nlyg kopiu \u012f kalv\u0105,<br \/>\nlyg kremtu rie\u0161ut\u0105,<br \/>\nlyg pu\u010diu ugn\u012f.<br \/>\nKaip Dievas, kuriantis gyv\u016bnus ir augalus.<br \/>\nA\u0161 dainuoju, o kalnas \u0161oka. <\/p>\n<p>Apdainuoti ir legendomis apipinti Pir\u0117nai \u2013 jie knib\u017eda, kruta, gyvena savo kasdien\u0105. Gyvast\u012f \u010dia kei\u010dia mirtis, o \u0161i\u0105j\u0105 nauja gyvyb\u0117, ir sukasi taip viskas am\u017einu ratu. Grybai, stirna, lokys, debesys, viduram\u017ei\u0173 raganos ir vanden\u0117s \u2013 visa kaln\u0173 gyvyb\u0117 \u0161ioje knygoje turi bals\u0105. Pasakoja apie savo gyvenim\u0105 ir dali\u0105. \u017dmon\u0117s taip pat. <\/p>\n<p>XX a. septintasis de\u0161imtmetis, valstietis poetas Domenekas su \u017emona Zijone, gra\u017eia, ry\u017etinga miestiete, yra \u012fsik\u016br\u0119 Matavakese, Domenekui priklausan\u010dioje auk\u0161tikalni\u0173 kaimo sodyboje netoli sienos su Pranc\u016bzija. Susilaukia jie dviej\u0173 at\u017eal\u0173, Mijos ir Ilario, ir gyvena ramias savo dienas nedidel\u0117je kalnie\u010di\u0173 bendruomen\u0117je. Tik am\u017eina gyvenimo ir mirties kaita neaplenkia ir \u017emoni\u0173. Neaplenkia j\u0173 ir pats gyvenimas \u2013 meil\u0117, draugyst\u0117 ir netekties skausmas. <\/p>\n<p>Karta kei\u010dia kart\u0105, o kalnai stovi, alsuoja, nepaleid\u017eia \u010dia u\u017eaugusi\u0173j\u0173, traukia atgal pas save pab\u0117gusiuosius ir atima \u017ead\u0105 retkar\u010diais u\u017esukantiems.<\/p>\n","protected":false},"excerpt":{"rendered":"<p>Dainuoju \u0161lait\u0105, vir\u0161ukaln\u0119, piev\u0105, dilg\u0117les, er\u0161k\u0117tro\u017ees, gervuoges. Dainuoju, lyg sodinu dar\u017e\u0105, lyg meistrauju stal\u0105, lyg statau nam\u0105, lyg kopiu \u012f kalv\u0105, lyg kremtu rie\u0161ut\u0105, lyg pu\u010diu ugn\u012f. Kaip Dievas, kuriantis gyv\u016bnus ir augalus. A\u0161 dainuoju, o kalnas \u0161oka. Apdainuoti ir legendomis apipinti Pir\u0117nai \u2013 jie knib\u017eda, kruta, gyvena savo kasdien\u0105. Gyvast\u012f \u010dia kei\u010dia mirtis, o \u0161i\u0105j\u0105 nauja gyvyb\u0117, ir sukasi taip viskas am\u017einu ratu. Grybai, stirna, lokys, debesys, viduram\u017ei\u0173 raganos ir vanden\u0117s \u2013 visa kaln\u0173 gyvyb\u0117 \u0161ioje knygoje turi bals\u0105. Pasakoja apie savo gyvenim\u0105 ir dali\u0105. \u017dmon\u0117s taip pat. XX a. septintasis de\u0161imtmetis, valstietis poetas Domenekas su \u017emona Zijone, gra\u017eia, ry\u017etinga miestiete, yra \u012fsik\u016br\u0119 Matavakese, Domenekui priklausan\u010dioje auk\u0161tikalni\u0173 kaimo sodyboje netoli sienos su Pranc\u016bzija. Susilaukia jie dviej\u0173 at\u017eal\u0173, Mijos ir Ilario, ir gyvena ramias savo dienas nedidel\u0117je kalnie\u010di\u0173 bendruomen\u0117je. Tik am\u017eina gyvenimo ir mirties kaita neaplenkia ir \u017emoni\u0173. Neaplenkia j\u0173 ir pats gyvenimas \u2013 meil\u0117, draugyst\u0117 ir netekties skausmas. Karta kei\u010dia kart\u0105, o kalnai stovi, alsuoja, nepaleid\u017eia \u010dia u\u017eaugusi\u0173j\u0173, traukia atgal pas save pab\u0117gusiuosius ir atima \u017ead\u0105 retkar\u010diais u\u017esukantiems.<\/p>\n","protected":false},"featured_media":21083,"comment_status":"open","ping_status":"closed","template":"","meta":{"_acf_changed":false,"site-sidebar-layout":"default","site-content-layout":"","ast-site-content-layout":"default","site-content-style":"default","site-sidebar-style":"default","ast-global-header-display":"","ast-banner-title-visibility":"","ast-main-header-display":"","ast-hfb-above-header-display":"","ast-hfb-below-header-display":"","ast-hfb-mobile-header-display":"","site-post-title":"","ast-breadcrumbs-content":"","ast-featured-img":"","footer-sml-layout":"","ast-disable-related-posts":"","theme-transparent-header-meta":"","adv-header-id-meta":"","stick-header-meta":"","header-above-stick-meta":"","header-main-stick-meta":"","header-below-stick-meta":"","astra-migrate-meta-layouts":"default","ast-page-background-enabled":"default","ast-page-background-meta":{"desktop":{"background-color":"","background-image":"","background-repeat":"repeat","background-position":"center center","background-size":"auto","background-attachment":"scroll","background-type":"","background-media":"","overlay-type":"","overlay-color":"","overlay-opacity":"","overlay-gradient":""},"tablet":{"background-color":"","background-image":"","background-repeat":"repeat","background-position":"center center","background-size":"auto","background-attachment":"scroll","background-type":"","background-media":"","overlay-type":"","overlay-color":"","overlay-opacity":"","overlay-gradient":""},"mobile":{"background-color":"","background-image":"","background-repeat":"repeat","background-position":"center center","background-size":"auto","background-attachment":"scroll","background-type":"","background-media":"","overlay-type":"","overlay-color":"","overlay-opacity":"","overlay-gradient":""}},"ast-content-background-meta":{"desktop":{"background-color":"var(--ast-global-color-4)","background-image":"","background-repeat":"repeat","background-position":"center center","background-size":"auto","background-attachment":"scroll","background-type":"","background-media":"","overlay-type":"","overlay-color":"","overlay-opacity":"","overlay-gradient":""},"tablet":{"background-color":"var(--ast-global-color-4)","background-image":"","background-repeat":"repeat","background-position":"center center","background-size":"auto","background-attachment":"scroll","background-type":"","background-media":"","overlay-type":"","overlay-color":"","overlay-opacity":"","overlay-gradient":""},"mobile":{"background-color":"var(--ast-global-color-4)","background-image":"","background-repeat":"repeat","background-position":"center center","background-size":"auto","background-attachment":"scroll","background-type":"","background-media":"","overlay-type":"","overlay-color":"","overlay-opacity":"","overlay-gradient":""}}},"product_brand":[],"product_cat":[31],"product_tag":[1802,8413,5810,1492,1796,2736,8412],"class_list":{"0":"post-21078","1":"product","2":"type-product","3":"status-publish","4":"has-post-thumbnail","6":"product_cat-grozine-literatura","7":"product_tag-gamta","8":"product_tag-gyvybe","9":"product_tag-kalnai","10":"product_tag-literatura","11":"product_tag-meile","12":"product_tag-netektis","13":"product_tag-pirenai","14":"desktop-align-left","15":"tablet-align-left","16":"mobile-align-left","18":"first","19":"instock","20":"shipping-taxable","21":"purchasable","22":"product-type-simple"},"acf":[],"yoast_head":"<!-- This site is optimized with the Yoast SEO plugin v27.0 - https:\/\/yoast.com\/product\/yoast-seo-wordpress\/ -->\n<title>A\u0161 dainuoju, o kalnas \u0161oka<\/title>\n<meta name=\"description\" content=\"Dainuoju \u0161lait\u0105, vir\u0161ukaln\u0119, piev\u0105, dilg\u0117les, er\u0161k\u0117tro\u017ees, gervuoges. Dainuoju, lyg sodinu dar\u017e\u0105, lyg meistrauju stal\u0105, lyg statau nam\u0105, lyg kopiu \u012f\" \/>\n<meta name=\"robots\" content=\"index, follow, max-snippet:-1, max-image-preview:large, max-video-preview:-1\" \/>\n<link rel=\"canonical\" href=\"https:\/\/skaitytaknyga.lt\/en\/produktas\/as-dainuoju-o-kalnas-soka\/\" \/>\n<meta property=\"og:locale\" content=\"en_GB\" \/>\n<meta property=\"og:locale:alternate\" content=\"lt_LT\" \/>\n<meta property=\"og:type\" content=\"article\" \/>\n<meta property=\"og:title\" content=\"A\u0161 dainuoju, o kalnas \u0161oka\" \/>\n<meta property=\"og:description\" content=\"Dainuoju \u0161lait\u0105, vir\u0161ukaln\u0119, piev\u0105, dilg\u0117les, er\u0161k\u0117tro\u017ees, gervuoges. Dainuoju, lyg sodinu dar\u017e\u0105, lyg meistrauju stal\u0105, lyg statau nam\u0105, lyg kopiu \u012f\" \/>\n<meta property=\"og:url\" content=\"https:\/\/skaitytaknyga.lt\/en\/produktas\/as-dainuoju-o-kalnas-soka\/\" \/>\n<meta property=\"og:site_name\" content=\"Skaitytaknyga\" \/>\n<meta property=\"article:publisher\" content=\"https:\/\/www.facebook.com\/skaitytaknyga\/\" \/>\n<meta property=\"article:modified_time\" content=\"2025-10-06T08:08:52+00:00\" \/>\n<meta property=\"og:image\" content=\"https:\/\/skaitytaknyga.lt\/wp-content\/uploads\/2025\/10\/As-dainuoju-o-kalnas-soka-1.webp\" \/>\n\t<meta property=\"og:image:width\" content=\"300\" \/>\n\t<meta property=\"og:image:height\" content=\"448\" \/>\n\t<meta property=\"og:image:type\" content=\"image\/webp\" \/>\n<meta name=\"twitter:card\" content=\"summary_large_image\" \/>\n<meta name=\"twitter:label1\" content=\"Estimated reading time\" \/>\n\t<meta name=\"twitter:data1\" content=\"1 minute\" \/>\n<script type=\"application\/ld+json\" class=\"yoast-schema-graph\">{\"@context\":\"https:\/\/schema.org\",\"@graph\":[{\"@type\":\"WebPage\",\"@id\":\"https:\/\/skaitytaknyga.lt\/produktas\/as-dainuoju-o-kalnas-soka\/\",\"url\":\"https:\/\/skaitytaknyga.lt\/produktas\/as-dainuoju-o-kalnas-soka\/\",\"name\":\"A\u0161 dainuoju, o kalnas \u0161oka\",\"isPartOf\":{\"@id\":\"https:\/\/skaitytaknyga.lt\/#website\"},\"primaryImageOfPage\":{\"@id\":\"https:\/\/skaitytaknyga.lt\/produktas\/as-dainuoju-o-kalnas-soka\/#primaryimage\"},\"image\":{\"@id\":\"https:\/\/skaitytaknyga.lt\/produktas\/as-dainuoju-o-kalnas-soka\/#primaryimage\"},\"thumbnailUrl\":\"https:\/\/skaitytaknyga.lt\/wp-content\/uploads\/2025\/10\/As-dainuoju-o-kalnas-soka-1.webp\",\"datePublished\":\"2025-10-01T11:58:39+00:00\",\"dateModified\":\"2025-10-06T08:08:52+00:00\",\"description\":\"Dainuoju \u0161lait\u0105, vir\u0161ukaln\u0119, piev\u0105, dilg\u0117les, er\u0161k\u0117tro\u017ees, gervuoges. Dainuoju, lyg sodinu dar\u017e\u0105, lyg meistrauju stal\u0105, lyg statau nam\u0105, lyg kopiu \u012f\",\"breadcrumb\":{\"@id\":\"https:\/\/skaitytaknyga.lt\/produktas\/as-dainuoju-o-kalnas-soka\/#breadcrumb\"},\"inLanguage\":\"en-GB\",\"potentialAction\":[{\"@type\":\"ReadAction\",\"target\":[\"https:\/\/skaitytaknyga.lt\/produktas\/as-dainuoju-o-kalnas-soka\/\"]}]},{\"@type\":\"ImageObject\",\"inLanguage\":\"en-GB\",\"@id\":\"https:\/\/skaitytaknyga.lt\/produktas\/as-dainuoju-o-kalnas-soka\/#primaryimage\",\"url\":\"https:\/\/skaitytaknyga.lt\/wp-content\/uploads\/2025\/10\/As-dainuoju-o-kalnas-soka-1.webp\",\"contentUrl\":\"https:\/\/skaitytaknyga.lt\/wp-content\/uploads\/2025\/10\/As-dainuoju-o-kalnas-soka-1.webp\",\"width\":300,\"height\":448,\"caption\":\"A\u0161 dainuoju, o kalnas \u0161oka\"},{\"@type\":\"BreadcrumbList\",\"@id\":\"https:\/\/skaitytaknyga.lt\/produktas\/as-dainuoju-o-kalnas-soka\/#breadcrumb\",\"itemListElement\":[{\"@type\":\"ListItem\",\"position\":1,\"name\":\"Home\",\"item\":\"https:\/\/skaitytaknyga.lt\/\"},{\"@type\":\"ListItem\",\"position\":2,\"name\":\"Parduotuv\u0117\",\"item\":\"https:\/\/skaitytaknyga.lt\/knygu-parduotuve\/\"},{\"@type\":\"ListItem\",\"position\":3,\"name\":\"A\u0161 dainuoju, o kalnas \u0161oka\"}]},{\"@type\":\"WebSite\",\"@id\":\"https:\/\/skaitytaknyga.lt\/#website\",\"url\":\"https:\/\/skaitytaknyga.lt\/\",\"name\":\"skaitytaknyga.lt\",\"description\":\"Skaitytaknyga.lt \u2013 tai ma\u017eas \u0161eimos verslas, kuris prasid\u0117jo nuo meil\u0117s knygoms ir siekio i\u0161gelb\u0117ti knygas nuo likimo prie konteinerio. Kas vienam nereikalingas daiktas \u2013 kitam lobis, o mes esame tarpininkai, kurie padeda abiems tapti laimingesniems ???? \u017dinome kaip nelengva i\u0161gyventi ma\u017eiems verslams, tad nuo \u0161iol, \u010dia rasite ir kit\u0173, ma\u017e\u0173 \u0161eim\u0173 versl\u0173, rank\u0173 darbo, dovan\u0173 sau ir artimiesiems.\",\"publisher\":{\"@id\":\"https:\/\/skaitytaknyga.lt\/#organization\"},\"potentialAction\":[{\"@type\":\"SearchAction\",\"target\":{\"@type\":\"EntryPoint\",\"urlTemplate\":\"https:\/\/skaitytaknyga.lt\/?s={search_term_string}\"},\"query-input\":{\"@type\":\"PropertyValueSpecification\",\"valueRequired\":true,\"valueName\":\"search_term_string\"}}],\"inLanguage\":\"en-GB\"},{\"@type\":\"Organization\",\"@id\":\"https:\/\/skaitytaknyga.lt\/#organization\",\"name\":\"skaitytaknyga.lt\",\"url\":\"https:\/\/skaitytaknyga.lt\/\",\"logo\":{\"@type\":\"ImageObject\",\"inLanguage\":\"en-GB\",\"@id\":\"https:\/\/skaitytaknyga.lt\/#\/schema\/logo\/image\/\",\"url\":\"https:\/\/skaitytaknyga.lt\/wp-content\/uploads\/2024\/05\/cropped-cropped-cropped-02_00843_jt3bggkj1j3HLc7SyY6rEUpg.jpeg\",\"contentUrl\":\"https:\/\/skaitytaknyga.lt\/wp-content\/uploads\/2024\/05\/cropped-cropped-cropped-02_00843_jt3bggkj1j3HLc7SyY6rEUpg.jpeg\",\"width\":1600,\"height\":1600,\"caption\":\"skaitytaknyga.lt\"},\"image\":{\"@id\":\"https:\/\/skaitytaknyga.lt\/#\/schema\/logo\/image\/\"},\"sameAs\":[\"https:\/\/www.facebook.com\/skaitytaknyga\/\"]}]}<\/script>\n<!-- \/ Yoast SEO plugin. -->","yoast_head_json":{"title":"A\u0161 dainuoju, o kalnas \u0161oka","description":"Dainuoju \u0161lait\u0105, vir\u0161ukaln\u0119, piev\u0105, dilg\u0117les, er\u0161k\u0117tro\u017ees, gervuoges. Dainuoju, lyg sodinu dar\u017e\u0105, lyg meistrauju stal\u0105, lyg statau nam\u0105, lyg kopiu \u012f","robots":{"index":"index","follow":"follow","max-snippet":"max-snippet:-1","max-image-preview":"max-image-preview:large","max-video-preview":"max-video-preview:-1"},"canonical":"https:\/\/skaitytaknyga.lt\/en\/produktas\/as-dainuoju-o-kalnas-soka\/","og_locale":"en_GB","og_type":"article","og_title":"[:lt]A\u0161 dainuoju, o kalnas \u0161oka[:] - Skaitytaknyga","og_description":"Dainuoju \u0161lait\u0105, vir\u0161ukaln\u0119, piev\u0105, dilg\u0117les, er\u0161k\u0117tro\u017ees, gervuoges. Dainuoju, lyg sodinu dar\u017e\u0105, lyg meistrauju stal\u0105, lyg statau nam\u0105, lyg kopiu \u012f","og_url":"https:\/\/skaitytaknyga.lt\/en\/produktas\/as-dainuoju-o-kalnas-soka\/","og_site_name":"Skaitytaknyga","article_publisher":"https:\/\/www.facebook.com\/skaitytaknyga\/","article_modified_time":"2025-10-06T08:08:52+00:00","og_image":[{"width":300,"height":448,"url":"https:\/\/skaitytaknyga.lt\/wp-content\/uploads\/2025\/10\/As-dainuoju-o-kalnas-soka-1.webp","type":"image\/webp"}],"twitter_card":"summary_large_image","twitter_misc":{"Estimated reading time":"1 minute"},"schema":{"@context":"https:\/\/schema.org","@graph":[{"@type":"WebPage","@id":"https:\/\/skaitytaknyga.lt\/produktas\/as-dainuoju-o-kalnas-soka\/","url":"https:\/\/skaitytaknyga.lt\/produktas\/as-dainuoju-o-kalnas-soka\/","name":"A\u0161 dainuoju, o kalnas \u0161oka","isPartOf":{"@id":"https:\/\/skaitytaknyga.lt\/#website"},"primaryImageOfPage":{"@id":"https:\/\/skaitytaknyga.lt\/produktas\/as-dainuoju-o-kalnas-soka\/#primaryimage"},"image":{"@id":"https:\/\/skaitytaknyga.lt\/produktas\/as-dainuoju-o-kalnas-soka\/#primaryimage"},"thumbnailUrl":"https:\/\/skaitytaknyga.lt\/wp-content\/uploads\/2025\/10\/As-dainuoju-o-kalnas-soka-1.webp","datePublished":"2025-10-01T11:58:39+00:00","dateModified":"2025-10-06T08:08:52+00:00","description":"Dainuoju \u0161lait\u0105, vir\u0161ukaln\u0119, piev\u0105, dilg\u0117les, er\u0161k\u0117tro\u017ees, gervuoges. Dainuoju, lyg sodinu dar\u017e\u0105, lyg meistrauju stal\u0105, lyg statau nam\u0105, lyg kopiu \u012f","breadcrumb":{"@id":"https:\/\/skaitytaknyga.lt\/produktas\/as-dainuoju-o-kalnas-soka\/#breadcrumb"},"inLanguage":"en-GB","potentialAction":[{"@type":"ReadAction","target":["https:\/\/skaitytaknyga.lt\/produktas\/as-dainuoju-o-kalnas-soka\/"]}]},{"@type":"ImageObject","inLanguage":"en-GB","@id":"https:\/\/skaitytaknyga.lt\/produktas\/as-dainuoju-o-kalnas-soka\/#primaryimage","url":"https:\/\/skaitytaknyga.lt\/wp-content\/uploads\/2025\/10\/As-dainuoju-o-kalnas-soka-1.webp","contentUrl":"https:\/\/skaitytaknyga.lt\/wp-content\/uploads\/2025\/10\/As-dainuoju-o-kalnas-soka-1.webp","width":300,"height":448,"caption":"A\u0161 dainuoju, o kalnas \u0161oka"},{"@type":"BreadcrumbList","@id":"https:\/\/skaitytaknyga.lt\/produktas\/as-dainuoju-o-kalnas-soka\/#breadcrumb","itemListElement":[{"@type":"ListItem","position":1,"name":"Home","item":"https:\/\/skaitytaknyga.lt\/"},{"@type":"ListItem","position":2,"name":"Parduotuv\u0117","item":"https:\/\/skaitytaknyga.lt\/knygu-parduotuve\/"},{"@type":"ListItem","position":3,"name":"A\u0161 dainuoju, o kalnas \u0161oka"}]},{"@type":"WebSite","@id":"https:\/\/skaitytaknyga.lt\/#website","url":"https:\/\/skaitytaknyga.lt\/","name":"skaitytaknyga.lt","description":"Skaitytaknyga.lt \u2013 tai ma\u017eas \u0161eimos verslas, kuris prasid\u0117jo nuo meil\u0117s knygoms ir siekio i\u0161gelb\u0117ti knygas nuo likimo prie konteinerio. Kas vienam nereikalingas daiktas \u2013 kitam lobis, o mes esame tarpininkai, kurie padeda abiems tapti laimingesniems ???? \u017dinome kaip nelengva i\u0161gyventi ma\u017eiems verslams, tad nuo \u0161iol, \u010dia rasite ir kit\u0173, ma\u017e\u0173 \u0161eim\u0173 versl\u0173, rank\u0173 darbo, dovan\u0173 sau ir artimiesiems.","publisher":{"@id":"https:\/\/skaitytaknyga.lt\/#organization"},"potentialAction":[{"@type":"SearchAction","target":{"@type":"EntryPoint","urlTemplate":"https:\/\/skaitytaknyga.lt\/?s={search_term_string}"},"query-input":{"@type":"PropertyValueSpecification","valueRequired":true,"valueName":"search_term_string"}}],"inLanguage":"en-GB"},{"@type":"Organization","@id":"https:\/\/skaitytaknyga.lt\/#organization","name":"skaitytaknyga.lt","url":"https:\/\/skaitytaknyga.lt\/","logo":{"@type":"ImageObject","inLanguage":"en-GB","@id":"https:\/\/skaitytaknyga.lt\/#\/schema\/logo\/image\/","url":"https:\/\/skaitytaknyga.lt\/wp-content\/uploads\/2024\/05\/cropped-cropped-cropped-02_00843_jt3bggkj1j3HLc7SyY6rEUpg.jpeg","contentUrl":"https:\/\/skaitytaknyga.lt\/wp-content\/uploads\/2024\/05\/cropped-cropped-cropped-02_00843_jt3bggkj1j3HLc7SyY6rEUpg.jpeg","width":1600,"height":1600,"caption":"skaitytaknyga.lt"},"image":{"@id":"https:\/\/skaitytaknyga.lt\/#\/schema\/logo\/image\/"},"sameAs":["https:\/\/www.facebook.com\/skaitytaknyga\/"]}]}},"_links":{"self":[{"href":"https:\/\/skaitytaknyga.lt\/en\/wp-json\/wp\/v2\/product\/21078","targetHints":{"allow":["GET"]}}],"collection":[{"href":"https:\/\/skaitytaknyga.lt\/en\/wp-json\/wp\/v2\/product"}],"about":[{"href":"https:\/\/skaitytaknyga.lt\/en\/wp-json\/wp\/v2\/types\/product"}],"replies":[{"embeddable":true,"href":"https:\/\/skaitytaknyga.lt\/en\/wp-json\/wp\/v2\/comments?post=21078"}],"wp:featuredmedia":[{"embeddable":true,"href":"https:\/\/skaitytaknyga.lt\/en\/wp-json\/wp\/v2\/media\/21083"}],"wp:attachment":[{"href":"https:\/\/skaitytaknyga.lt\/en\/wp-json\/wp\/v2\/media?parent=21078"}],"wp:term":[{"taxonomy":"product_brand","embeddable":true,"href":"https:\/\/skaitytaknyga.lt\/en\/wp-json\/wp\/v2\/product_brand?post=21078"},{"taxonomy":"product_cat","embeddable":true,"href":"https:\/\/skaitytaknyga.lt\/en\/wp-json\/wp\/v2\/product_cat?post=21078"},{"taxonomy":"product_tag","embeddable":true,"href":"https:\/\/skaitytaknyga.lt\/en\/wp-json\/wp\/v2\/product_tag?post=21078"}],"curies":[{"name":"wp","href":"https:\/\/api.w.org\/{rel}","templated":true}]}}