{"id":21077,"date":"2025-10-01T14:58:39","date_gmt":"2025-10-01T11:58:39","guid":{"rendered":"https:\/\/skaitytaknyga.lt\/?post_type=product&#038;p=21077"},"modified":"2025-10-06T11:08:52","modified_gmt":"2025-10-06T08:08:52","slug":"pinigu-demonai","status":"publish","type":"product","link":"https:\/\/skaitytaknyga.lt\/en\/produktas\/pinigu-demonai\/","title":{"rendered":"Pinig\u0173 demonai"},"content":{"rendered":"<p>Ar turite savyje pinig\u0173 demon\u0173?<\/p>\n<p>Ar \u0161vaistote pinigus, kai esate prisl\u0117gti ar pikti?<br \/>\nAr baiminat\u0117s tur\u0117ti bendr\u0105 s\u0105skait\u0105 su partneriu?<br \/>\nAr jau\u010diat\u0117s kalti, kai leid\u017eiate pinigus d\u0117l sav\u0119s?<br \/>\nAr kada nors teko meluoti partneriui d\u0117l i\u0161laid\u0173?<br \/>\nAr nuolat visus vai\u0161inate, skolinate pinig\u0173, perkate brangias dovanas, tik\u0117damiesi, kad \u017emon\u0117s jumis \u017eav\u0117sis ir myl\u0117s?<br \/>\nAr skolinimasis tapo \u012fpro\u010diu, kurio negalite atsikratyti?<br \/>\nAr nuolat gelb\u0117jate finansi\u0161kai neatsaking\u0105 savo partner\u012f?<br \/>\nAr artimieji naudojasi pinigais, kad jus kontroliuot\u0173?<br \/>\nAr baiminat\u0117s prarasti visk\u0105, nors ir turite pastov\u0173 pajam\u0173 \u0161altin\u012f?<br \/>\nAr trok\u0161tate, kad kiti jus i\u0161gelb\u0117t\u0173 nuo finansini\u0173 problem\u0173?<\/p>\n<p>Daugumos su pinigais susijusi\u0173 konflikt\u0173 \u0161aknys byloja apie psichologines problemas, kurios ilgainiui ima stipriai kenkti \u017emoni\u0173 tarpusavio santykiams ir gyvenimo kokybei. Visame pasaulyje garsi psichologijos moksl\u0173 daktar\u0117 Susan Forward su kolega Craigu Bucku knygoje \u201ePinig\u0173 demonai&#8221; ai\u0161kinasi, kaip vaikai ir t\u0117vai, sutuoktiniai ar partneriai, kartais net nes\u0105moningai, naudoja pinigus kaip b\u016bd\u0105 kontroliuoti, bausti, bauginti, manipuliuoti ar dangstyti giliai slypin\u010dius emocinius randus. Remdamasi ilgamete psichologinio darbo su pacientais patirtimi, knygos autor\u0117 pristato skirtingo tipo pinig\u0173 demonus, moko juos atpa\u017einti, pateikia prakti\u0161k\u0173 savigynos ir efektyvios pagalbos sau bei artimiesiems strategij\u0173.<\/p>\n","protected":false},"excerpt":{"rendered":"<p>Ar turite savyje pinig\u0173 demon\u0173? Ar \u0161vaistote pinigus, kai esate prisl\u0117gti ar pikti? Ar baiminat\u0117s tur\u0117ti bendr\u0105 s\u0105skait\u0105 su partneriu? Ar jau\u010diat\u0117s kalti, kai leid\u017eiate pinigus d\u0117l sav\u0119s? Ar kada nors teko meluoti partneriui d\u0117l i\u0161laid\u0173? Ar nuolat visus vai\u0161inate, skolinate pinig\u0173, perkate brangias dovanas, tik\u0117damiesi, kad \u017emon\u0117s jumis \u017eav\u0117sis ir myl\u0117s? Ar skolinimasis tapo \u012fpro\u010diu, kurio negalite atsikratyti? Ar nuolat gelb\u0117jate finansi\u0161kai neatsaking\u0105 savo partner\u012f? Ar artimieji naudojasi pinigais, kad jus kontroliuot\u0173? Ar baiminat\u0117s prarasti visk\u0105, nors ir turite pastov\u0173 pajam\u0173 \u0161altin\u012f? Ar trok\u0161tate, kad kiti jus i\u0161gelb\u0117t\u0173 nuo finansini\u0173 problem\u0173? Daugumos su pinigais susijusi\u0173 konflikt\u0173 \u0161aknys byloja apie psichologines problemas, kurios ilgainiui ima stipriai kenkti \u017emoni\u0173 tarpusavio santykiams ir gyvenimo kokybei. Visame pasaulyje garsi psichologijos moksl\u0173 daktar\u0117 Susan Forward su kolega Craigu Bucku knygoje \u201ePinig\u0173 demonai&#8221; ai\u0161kinasi, kaip vaikai ir t\u0117vai, sutuoktiniai ar partneriai, kartais net nes\u0105moningai, naudoja pinigus kaip b\u016bd\u0105 kontroliuoti, bausti, bauginti, manipuliuoti ar dangstyti giliai slypin\u010dius emocinius randus. Remdamasi ilgamete psichologinio darbo su pacientais patirtimi, knygos autor\u0117 pristato skirtingo tipo pinig\u0173 demonus, moko juos atpa\u017einti, pateikia prakti\u0161k\u0173 savigynos ir efektyvios pagalbos sau bei artimiesiems strategij\u0173.<\/p>\n","protected":false},"featured_media":21082,"comment_status":"open","ping_status":"closed","template":"","meta":{"_acf_changed":false,"site-sidebar-layout":"default","site-content-layout":"","ast-site-content-layout":"default","site-content-style":"default","site-sidebar-style":"default","ast-global-header-display":"","ast-banner-title-visibility":"","ast-main-header-display":"","ast-hfb-above-header-display":"","ast-hfb-below-header-display":"","ast-hfb-mobile-header-display":"","site-post-title":"","ast-breadcrumbs-content":"","ast-featured-img":"","footer-sml-layout":"","ast-disable-related-posts":"","theme-transparent-header-meta":"","adv-header-id-meta":"","stick-header-meta":"","header-above-stick-meta":"","header-main-stick-meta":"","header-below-stick-meta":"","astra-migrate-meta-layouts":"default","ast-page-background-enabled":"default","ast-page-background-meta":{"desktop":{"background-color":"","background-image":"","background-repeat":"repeat","background-position":"center center","background-size":"auto","background-attachment":"scroll","background-type":"","background-media":"","overlay-type":"","overlay-color":"","overlay-opacity":"","overlay-gradient":""},"tablet":{"background-color":"","background-image":"","background-repeat":"repeat","background-position":"center center","background-size":"auto","background-attachment":"scroll","background-type":"","background-media":"","overlay-type":"","overlay-color":"","overlay-opacity":"","overlay-gradient":""},"mobile":{"background-color":"","background-image":"","background-repeat":"repeat","background-position":"center center","background-size":"auto","background-attachment":"scroll","background-type":"","background-media":"","overlay-type":"","overlay-color":"","overlay-opacity":"","overlay-gradient":""}},"ast-content-background-meta":{"desktop":{"background-color":"var(--ast-global-color-4)","background-image":"","background-repeat":"repeat","background-position":"center center","background-size":"auto","background-attachment":"scroll","background-type":"","background-media":"","overlay-type":"","overlay-color":"","overlay-opacity":"","overlay-gradient":""},"tablet":{"background-color":"var(--ast-global-color-4)","background-image":"","background-repeat":"repeat","background-position":"center center","background-size":"auto","background-attachment":"scroll","background-type":"","background-media":"","overlay-type":"","overlay-color":"","overlay-opacity":"","overlay-gradient":""},"mobile":{"background-color":"var(--ast-global-color-4)","background-image":"","background-repeat":"repeat","background-position":"center center","background-size":"auto","background-attachment":"scroll","background-type":"","background-media":"","overlay-type":"","overlay-color":"","overlay-opacity":"","overlay-gradient":""}}},"product_brand":[],"product_cat":[30],"product_tag":[2301,7696,3503,1392,1417],"class_list":{"0":"post-21077","1":"product","2":"type-product","3":"status-publish","4":"has-post-thumbnail","6":"product_cat-psichologija-ir-saviugda","7":"product_tag-finansai","8":"product_tag-kontrole","9":"product_tag-manipuliacija","10":"product_tag-psichologija","11":"product_tag-santykiai","12":"desktop-align-left","13":"tablet-align-left","14":"mobile-align-left","16":"first","17":"instock","18":"shipping-taxable","19":"purchasable","20":"product-type-simple"},"acf":[],"yoast_head":"<!-- This site is optimized with the Yoast SEO plugin v27.0 - https:\/\/yoast.com\/product\/yoast-seo-wordpress\/ -->\n<title>Pinig\u0173 demonai<\/title>\n<meta name=\"description\" content=\"Ar turite savyje pinig\u0173 demon\u0173? Ar \u0161vaistote pinigus, kai esate prisl\u0117gti ar pikti? Ar baiminat\u0117s tur\u0117ti bendr\u0105 s\u0105skait\u0105 su partneriu? Ar jau\u010diat\u0117s kalti,\" \/>\n<meta name=\"robots\" content=\"index, follow, max-snippet:-1, max-image-preview:large, max-video-preview:-1\" \/>\n<link rel=\"canonical\" href=\"https:\/\/skaitytaknyga.lt\/en\/produktas\/pinigu-demonai\/\" \/>\n<meta property=\"og:locale\" content=\"en_GB\" \/>\n<meta property=\"og:locale:alternate\" content=\"lt_LT\" \/>\n<meta property=\"og:type\" content=\"article\" \/>\n<meta property=\"og:title\" content=\"Pinig\u0173 demonai\" \/>\n<meta property=\"og:description\" content=\"Ar turite savyje pinig\u0173 demon\u0173? Ar \u0161vaistote pinigus, kai esate prisl\u0117gti ar pikti? Ar baiminat\u0117s tur\u0117ti bendr\u0105 s\u0105skait\u0105 su partneriu? Ar jau\u010diat\u0117s kalti,\" \/>\n<meta property=\"og:url\" content=\"https:\/\/skaitytaknyga.lt\/en\/produktas\/pinigu-demonai\/\" \/>\n<meta property=\"og:site_name\" content=\"Skaitytaknyga\" \/>\n<meta property=\"article:publisher\" content=\"https:\/\/www.facebook.com\/skaitytaknyga\/\" \/>\n<meta property=\"article:modified_time\" content=\"2025-10-06T08:08:52+00:00\" \/>\n<meta property=\"og:image\" content=\"https:\/\/skaitytaknyga.lt\/wp-content\/uploads\/2025\/10\/Pinigu-demonai-1.webp\" \/>\n\t<meta property=\"og:image:width\" content=\"300\" \/>\n\t<meta property=\"og:image:height\" content=\"433\" \/>\n\t<meta property=\"og:image:type\" content=\"image\/webp\" \/>\n<meta name=\"twitter:card\" content=\"summary_large_image\" \/>\n<meta name=\"twitter:label1\" content=\"Estimated reading time\" \/>\n\t<meta name=\"twitter:data1\" content=\"1 minute\" \/>\n<script type=\"application\/ld+json\" class=\"yoast-schema-graph\">{\"@context\":\"https:\/\/schema.org\",\"@graph\":[{\"@type\":\"WebPage\",\"@id\":\"https:\/\/skaitytaknyga.lt\/produktas\/pinigu-demonai\/\",\"url\":\"https:\/\/skaitytaknyga.lt\/produktas\/pinigu-demonai\/\",\"name\":\"Pinig\u0173 demonai\",\"isPartOf\":{\"@id\":\"https:\/\/skaitytaknyga.lt\/#website\"},\"primaryImageOfPage\":{\"@id\":\"https:\/\/skaitytaknyga.lt\/produktas\/pinigu-demonai\/#primaryimage\"},\"image\":{\"@id\":\"https:\/\/skaitytaknyga.lt\/produktas\/pinigu-demonai\/#primaryimage\"},\"thumbnailUrl\":\"https:\/\/skaitytaknyga.lt\/wp-content\/uploads\/2025\/10\/Pinigu-demonai-1.webp\",\"datePublished\":\"2025-10-01T11:58:39+00:00\",\"dateModified\":\"2025-10-06T08:08:52+00:00\",\"description\":\"Ar turite savyje pinig\u0173 demon\u0173? Ar \u0161vaistote pinigus, kai esate prisl\u0117gti ar pikti? Ar baiminat\u0117s tur\u0117ti bendr\u0105 s\u0105skait\u0105 su partneriu? Ar jau\u010diat\u0117s kalti,\",\"breadcrumb\":{\"@id\":\"https:\/\/skaitytaknyga.lt\/produktas\/pinigu-demonai\/#breadcrumb\"},\"inLanguage\":\"en-GB\",\"potentialAction\":[{\"@type\":\"ReadAction\",\"target\":[\"https:\/\/skaitytaknyga.lt\/produktas\/pinigu-demonai\/\"]}]},{\"@type\":\"ImageObject\",\"inLanguage\":\"en-GB\",\"@id\":\"https:\/\/skaitytaknyga.lt\/produktas\/pinigu-demonai\/#primaryimage\",\"url\":\"https:\/\/skaitytaknyga.lt\/wp-content\/uploads\/2025\/10\/Pinigu-demonai-1.webp\",\"contentUrl\":\"https:\/\/skaitytaknyga.lt\/wp-content\/uploads\/2025\/10\/Pinigu-demonai-1.webp\",\"width\":300,\"height\":433,\"caption\":\"Pinig\u0173 demonai\"},{\"@type\":\"BreadcrumbList\",\"@id\":\"https:\/\/skaitytaknyga.lt\/produktas\/pinigu-demonai\/#breadcrumb\",\"itemListElement\":[{\"@type\":\"ListItem\",\"position\":1,\"name\":\"Home\",\"item\":\"https:\/\/skaitytaknyga.lt\/\"},{\"@type\":\"ListItem\",\"position\":2,\"name\":\"Parduotuv\u0117\",\"item\":\"https:\/\/skaitytaknyga.lt\/knygu-parduotuve\/\"},{\"@type\":\"ListItem\",\"position\":3,\"name\":\"Pinig\u0173 demonai\"}]},{\"@type\":\"WebSite\",\"@id\":\"https:\/\/skaitytaknyga.lt\/#website\",\"url\":\"https:\/\/skaitytaknyga.lt\/\",\"name\":\"skaitytaknyga.lt\",\"description\":\"Skaitytaknyga.lt \u2013 tai ma\u017eas \u0161eimos verslas, kuris prasid\u0117jo nuo meil\u0117s knygoms ir siekio i\u0161gelb\u0117ti knygas nuo likimo prie konteinerio. Kas vienam nereikalingas daiktas \u2013 kitam lobis, o mes esame tarpininkai, kurie padeda abiems tapti laimingesniems ???? \u017dinome kaip nelengva i\u0161gyventi ma\u017eiems verslams, tad nuo \u0161iol, \u010dia rasite ir kit\u0173, ma\u017e\u0173 \u0161eim\u0173 versl\u0173, rank\u0173 darbo, dovan\u0173 sau ir artimiesiems.\",\"publisher\":{\"@id\":\"https:\/\/skaitytaknyga.lt\/#organization\"},\"potentialAction\":[{\"@type\":\"SearchAction\",\"target\":{\"@type\":\"EntryPoint\",\"urlTemplate\":\"https:\/\/skaitytaknyga.lt\/?s={search_term_string}\"},\"query-input\":{\"@type\":\"PropertyValueSpecification\",\"valueRequired\":true,\"valueName\":\"search_term_string\"}}],\"inLanguage\":\"en-GB\"},{\"@type\":\"Organization\",\"@id\":\"https:\/\/skaitytaknyga.lt\/#organization\",\"name\":\"skaitytaknyga.lt\",\"url\":\"https:\/\/skaitytaknyga.lt\/\",\"logo\":{\"@type\":\"ImageObject\",\"inLanguage\":\"en-GB\",\"@id\":\"https:\/\/skaitytaknyga.lt\/#\/schema\/logo\/image\/\",\"url\":\"https:\/\/skaitytaknyga.lt\/wp-content\/uploads\/2024\/05\/cropped-cropped-cropped-02_00843_jt3bggkj1j3HLc7SyY6rEUpg.jpeg\",\"contentUrl\":\"https:\/\/skaitytaknyga.lt\/wp-content\/uploads\/2024\/05\/cropped-cropped-cropped-02_00843_jt3bggkj1j3HLc7SyY6rEUpg.jpeg\",\"width\":1600,\"height\":1600,\"caption\":\"skaitytaknyga.lt\"},\"image\":{\"@id\":\"https:\/\/skaitytaknyga.lt\/#\/schema\/logo\/image\/\"},\"sameAs\":[\"https:\/\/www.facebook.com\/skaitytaknyga\/\"]}]}<\/script>\n<!-- \/ Yoast SEO plugin. -->","yoast_head_json":{"title":"Pinig\u0173 demonai","description":"Ar turite savyje pinig\u0173 demon\u0173? Ar \u0161vaistote pinigus, kai esate prisl\u0117gti ar pikti? Ar baiminat\u0117s tur\u0117ti bendr\u0105 s\u0105skait\u0105 su partneriu? Ar jau\u010diat\u0117s kalti,","robots":{"index":"index","follow":"follow","max-snippet":"max-snippet:-1","max-image-preview":"max-image-preview:large","max-video-preview":"max-video-preview:-1"},"canonical":"https:\/\/skaitytaknyga.lt\/en\/produktas\/pinigu-demonai\/","og_locale":"en_GB","og_type":"article","og_title":"[:lt]Pinig\u0173 demonai[:] - Skaitytaknyga","og_description":"Ar turite savyje pinig\u0173 demon\u0173? Ar \u0161vaistote pinigus, kai esate prisl\u0117gti ar pikti? Ar baiminat\u0117s tur\u0117ti bendr\u0105 s\u0105skait\u0105 su partneriu? Ar jau\u010diat\u0117s kalti,","og_url":"https:\/\/skaitytaknyga.lt\/en\/produktas\/pinigu-demonai\/","og_site_name":"Skaitytaknyga","article_publisher":"https:\/\/www.facebook.com\/skaitytaknyga\/","article_modified_time":"2025-10-06T08:08:52+00:00","og_image":[{"width":300,"height":433,"url":"https:\/\/skaitytaknyga.lt\/wp-content\/uploads\/2025\/10\/Pinigu-demonai-1.webp","type":"image\/webp"}],"twitter_card":"summary_large_image","twitter_misc":{"Estimated reading time":"1 minute"},"schema":{"@context":"https:\/\/schema.org","@graph":[{"@type":"WebPage","@id":"https:\/\/skaitytaknyga.lt\/produktas\/pinigu-demonai\/","url":"https:\/\/skaitytaknyga.lt\/produktas\/pinigu-demonai\/","name":"Pinig\u0173 demonai","isPartOf":{"@id":"https:\/\/skaitytaknyga.lt\/#website"},"primaryImageOfPage":{"@id":"https:\/\/skaitytaknyga.lt\/produktas\/pinigu-demonai\/#primaryimage"},"image":{"@id":"https:\/\/skaitytaknyga.lt\/produktas\/pinigu-demonai\/#primaryimage"},"thumbnailUrl":"https:\/\/skaitytaknyga.lt\/wp-content\/uploads\/2025\/10\/Pinigu-demonai-1.webp","datePublished":"2025-10-01T11:58:39+00:00","dateModified":"2025-10-06T08:08:52+00:00","description":"Ar turite savyje pinig\u0173 demon\u0173? Ar \u0161vaistote pinigus, kai esate prisl\u0117gti ar pikti? Ar baiminat\u0117s tur\u0117ti bendr\u0105 s\u0105skait\u0105 su partneriu? Ar jau\u010diat\u0117s kalti,","breadcrumb":{"@id":"https:\/\/skaitytaknyga.lt\/produktas\/pinigu-demonai\/#breadcrumb"},"inLanguage":"en-GB","potentialAction":[{"@type":"ReadAction","target":["https:\/\/skaitytaknyga.lt\/produktas\/pinigu-demonai\/"]}]},{"@type":"ImageObject","inLanguage":"en-GB","@id":"https:\/\/skaitytaknyga.lt\/produktas\/pinigu-demonai\/#primaryimage","url":"https:\/\/skaitytaknyga.lt\/wp-content\/uploads\/2025\/10\/Pinigu-demonai-1.webp","contentUrl":"https:\/\/skaitytaknyga.lt\/wp-content\/uploads\/2025\/10\/Pinigu-demonai-1.webp","width":300,"height":433,"caption":"Pinig\u0173 demonai"},{"@type":"BreadcrumbList","@id":"https:\/\/skaitytaknyga.lt\/produktas\/pinigu-demonai\/#breadcrumb","itemListElement":[{"@type":"ListItem","position":1,"name":"Home","item":"https:\/\/skaitytaknyga.lt\/"},{"@type":"ListItem","position":2,"name":"Parduotuv\u0117","item":"https:\/\/skaitytaknyga.lt\/knygu-parduotuve\/"},{"@type":"ListItem","position":3,"name":"Pinig\u0173 demonai"}]},{"@type":"WebSite","@id":"https:\/\/skaitytaknyga.lt\/#website","url":"https:\/\/skaitytaknyga.lt\/","name":"skaitytaknyga.lt","description":"Skaitytaknyga.lt \u2013 tai ma\u017eas \u0161eimos verslas, kuris prasid\u0117jo nuo meil\u0117s knygoms ir siekio i\u0161gelb\u0117ti knygas nuo likimo prie konteinerio. Kas vienam nereikalingas daiktas \u2013 kitam lobis, o mes esame tarpininkai, kurie padeda abiems tapti laimingesniems ???? \u017dinome kaip nelengva i\u0161gyventi ma\u017eiems verslams, tad nuo \u0161iol, \u010dia rasite ir kit\u0173, ma\u017e\u0173 \u0161eim\u0173 versl\u0173, rank\u0173 darbo, dovan\u0173 sau ir artimiesiems.","publisher":{"@id":"https:\/\/skaitytaknyga.lt\/#organization"},"potentialAction":[{"@type":"SearchAction","target":{"@type":"EntryPoint","urlTemplate":"https:\/\/skaitytaknyga.lt\/?s={search_term_string}"},"query-input":{"@type":"PropertyValueSpecification","valueRequired":true,"valueName":"search_term_string"}}],"inLanguage":"en-GB"},{"@type":"Organization","@id":"https:\/\/skaitytaknyga.lt\/#organization","name":"skaitytaknyga.lt","url":"https:\/\/skaitytaknyga.lt\/","logo":{"@type":"ImageObject","inLanguage":"en-GB","@id":"https:\/\/skaitytaknyga.lt\/#\/schema\/logo\/image\/","url":"https:\/\/skaitytaknyga.lt\/wp-content\/uploads\/2024\/05\/cropped-cropped-cropped-02_00843_jt3bggkj1j3HLc7SyY6rEUpg.jpeg","contentUrl":"https:\/\/skaitytaknyga.lt\/wp-content\/uploads\/2024\/05\/cropped-cropped-cropped-02_00843_jt3bggkj1j3HLc7SyY6rEUpg.jpeg","width":1600,"height":1600,"caption":"skaitytaknyga.lt"},"image":{"@id":"https:\/\/skaitytaknyga.lt\/#\/schema\/logo\/image\/"},"sameAs":["https:\/\/www.facebook.com\/skaitytaknyga\/"]}]}},"_links":{"self":[{"href":"https:\/\/skaitytaknyga.lt\/en\/wp-json\/wp\/v2\/product\/21077","targetHints":{"allow":["GET"]}}],"collection":[{"href":"https:\/\/skaitytaknyga.lt\/en\/wp-json\/wp\/v2\/product"}],"about":[{"href":"https:\/\/skaitytaknyga.lt\/en\/wp-json\/wp\/v2\/types\/product"}],"replies":[{"embeddable":true,"href":"https:\/\/skaitytaknyga.lt\/en\/wp-json\/wp\/v2\/comments?post=21077"}],"wp:featuredmedia":[{"embeddable":true,"href":"https:\/\/skaitytaknyga.lt\/en\/wp-json\/wp\/v2\/media\/21082"}],"wp:attachment":[{"href":"https:\/\/skaitytaknyga.lt\/en\/wp-json\/wp\/v2\/media?parent=21077"}],"wp:term":[{"taxonomy":"product_brand","embeddable":true,"href":"https:\/\/skaitytaknyga.lt\/en\/wp-json\/wp\/v2\/product_brand?post=21077"},{"taxonomy":"product_cat","embeddable":true,"href":"https:\/\/skaitytaknyga.lt\/en\/wp-json\/wp\/v2\/product_cat?post=21077"},{"taxonomy":"product_tag","embeddable":true,"href":"https:\/\/skaitytaknyga.lt\/en\/wp-json\/wp\/v2\/product_tag?post=21077"}],"curies":[{"name":"wp","href":"https:\/\/api.w.org\/{rel}","templated":true}]}}