{"id":21076,"date":"2025-10-01T14:58:38","date_gmt":"2025-10-01T11:58:38","guid":{"rendered":"https:\/\/skaitytaknyga.lt\/?post_type=product&#038;p=21076"},"modified":"2026-03-18T14:59:42","modified_gmt":"2026-03-18T12:59:42","slug":"knygu-gelbetojai-vilniaus-gete","status":"publish","type":"product","link":"https:\/\/skaitytaknyga.lt\/en\/produktas\/knygu-gelbetojai-vilniaus-gete\/","title":{"rendered":"Knyg\u0173 gelb\u0117tojai Vilniaus gete"},"content":{"rendered":"<p>Populiariu stiliumi para\u0161yta istorin\u0117 studija pasakoja apie Vilniaus gete veikusi\u0105 \u201ePopieriaus brigad\u0105&#8221; \u2013 grupel\u0119 \u017emoni\u0173, kurie, naci\u0173 priversti atrinkin\u0117ti \u012f Vokietij\u0105 grobiamus \u017eyd\u0173 kult\u016bros dokumentus (knygas, paveikslus, religinius reikmenis), steng\u0117si bent dalel\u0119 j\u0173 pasl\u0117pti ir i\u0161saugoti. Dalis i\u0161gelb\u0117t\u0173 lobi\u0173 pergyveno ir Vilniaus get\u0105, ir po jo at\u0117jus\u012f sovietmet\u012f. \u0160iandien tai \u2013 vertingi \u017dyd\u0173 mokslinio instituto YIVO Niujorke, Jeruzal\u0117s hebraj\u0173 universiteto, Lietuvos nacionalin\u0117s Martyno Ma\u017evydo bibliotekos ir kit\u0173 institucij\u0173 eksponatai bei kolekcij\u0173 perlai, liudijantys tragi\u0161k\u0105 Lietuvos istorijos tarpsn\u012f \u2013 Vilniaus, kadaise visoje Europoje garsaus \u017eyd\u0173 kult\u016bros centro, vadinto Lietuvos Jeruzale, \u017e\u016bt\u012f.<\/p>\n<p>Istorikas Davidas Fishmanas, septynerius metus rink\u0119s med\u017eiag\u0105 \u0161e\u0161i\u0173 \u0161ali\u0173 archyvuose, pristato skirtingo likimo herojus: poet\u0105 \u0160merk\u0119 Ka\u010derginsk\u012f, mokslinink\u0105 Zelig\u0105 Kalmanovi\u010di\u0173, mokytoj\u0105 Rachel\u0119 Krinski, bibliotekinink\u0105 Herman\u0105 Kruk\u0105 ir poet\u0105 Abraom\u0105 Suckever\u012f. Visi jie deg\u0117 ne\u012ftik\u0117tina pagarba ra\u0161tui, kult\u016brai bei \u0161vietimui, kuri ir skatino kasdien rizikuoti gyvybe viliantis, kad i\u0161gelb\u0117tos knygos prat\u0119s \u017eydi\u0161kojo Vilniaus gyvenim\u0105.<\/p>\n<p>\u0160ios knygos vertimas \u012f lietuvi\u0173 kalb\u0105 \u2013 tai to gyvenimo sugr\u0105\u017einimas \u012f Lietuvos kult\u016br\u0105. Kartu su \u017eydi\u0161kojo Vilniaus istorija \u010dia atsiskleid\u017eia sunk\u016bs karo ir pokario metai, totalitarini\u0173 re\u017eim\u0173 kaita bei kasdienyb\u0117s pasakojimai: nu\u017emoginantis gyvenimas ir mirtis gete, sovietme\u010dio pa\u017eadai bei nusivylimas jais, bandymas i\u0161gyventi naujame pasaulyje ir rasti viet\u0105 i\u0161gelb\u0117tiems sunaikintos kult\u016bros liku\u010diams. \u0160iuos pasakojimus praturtina geto poet\u0173 (\u0160merk\u0117s Ka\u010derginskio, Abraomo Suckeverio) k\u016brybos vertimai bei \u201ei\u0161gelb\u0117ti perlai&#8221; \u2013 i\u0161saugot\u0173 kult\u016bros dokument\u0173 apra\u0161ymai.<\/p>\n","protected":false},"excerpt":{"rendered":"<p>Populiariu stiliumi para\u0161yta istorin\u0117 studija pasakoja apie Vilniaus gete veikusi\u0105 \u201ePopieriaus brigad\u0105&#8221; \u2013 grupel\u0119 \u017emoni\u0173, kurie, naci\u0173 priversti atrinkin\u0117ti \u012f Vokietij\u0105 grobiamus \u017eyd\u0173 kult\u016bros dokumentus (knygas, paveikslus, religinius reikmenis), steng\u0117si bent dalel\u0119 j\u0173 pasl\u0117pti ir i\u0161saugoti. Dalis i\u0161gelb\u0117t\u0173 lobi\u0173 pergyveno ir Vilniaus get\u0105, ir po jo at\u0117jus\u012f sovietmet\u012f. \u0160iandien tai \u2013 vertingi \u017dyd\u0173 mokslinio instituto YIVO Niujorke, Jeruzal\u0117s hebraj\u0173 universiteto, Lietuvos nacionalin\u0117s Martyno Ma\u017evydo bibliotekos ir kit\u0173 institucij\u0173 eksponatai bei kolekcij\u0173 perlai, liudijantys tragi\u0161k\u0105 Lietuvos istorijos tarpsn\u012f \u2013 Vilniaus, kadaise visoje Europoje garsaus \u017eyd\u0173 kult\u016bros centro, vadinto Lietuvos Jeruzale, \u017e\u016bt\u012f. Istorikas Davidas Fishmanas, septynerius metus rink\u0119s med\u017eiag\u0105 \u0161e\u0161i\u0173 \u0161ali\u0173 archyvuose, pristato skirtingo likimo herojus: poet\u0105 \u0160merk\u0119 Ka\u010derginsk\u012f, mokslinink\u0105 Zelig\u0105 Kalmanovi\u010di\u0173, mokytoj\u0105 Rachel\u0119 Krinski, bibliotekinink\u0105 Herman\u0105 Kruk\u0105 ir poet\u0105 Abraom\u0105 Suckever\u012f. Visi jie deg\u0117 ne\u012ftik\u0117tina pagarba ra\u0161tui, kult\u016brai bei \u0161vietimui, kuri ir skatino kasdien rizikuoti gyvybe viliantis, kad i\u0161gelb\u0117tos knygos prat\u0119s \u017eydi\u0161kojo Vilniaus gyvenim\u0105. \u0160ios knygos vertimas \u012f lietuvi\u0173 kalb\u0105 \u2013 tai to gyvenimo sugr\u0105\u017einimas \u012f Lietuvos kult\u016br\u0105. Kartu su \u017eydi\u0161kojo Vilniaus istorija \u010dia atsiskleid\u017eia sunk\u016bs karo ir pokario metai, totalitarini\u0173 re\u017eim\u0173 kaita bei kasdienyb\u0117s pasakojimai: nu\u017emoginantis gyvenimas ir mirtis gete, sovietme\u010dio pa\u017eadai bei nusivylimas jais, bandymas i\u0161gyventi naujame pasaulyje ir rasti viet\u0105 i\u0161gelb\u0117tiems sunaikintos kult\u016bros liku\u010diams. \u0160iuos pasakojimus praturtina geto poet\u0173 (\u0160merk\u0117s Ka\u010derginskio, Abraomo Suckeverio) k\u016brybos vertimai bei \u201ei\u0161gelb\u0117ti perlai&#8221; \u2013 i\u0161saugot\u0173 kult\u016bros dokument\u0173 apra\u0161ymai.<\/p>\n","protected":false},"featured_media":21081,"comment_status":"open","ping_status":"closed","template":"","meta":{"_acf_changed":false,"site-sidebar-layout":"default","site-content-layout":"","ast-site-content-layout":"default","site-content-style":"default","site-sidebar-style":"default","ast-global-header-display":"","ast-banner-title-visibility":"","ast-main-header-display":"","ast-hfb-above-header-display":"","ast-hfb-below-header-display":"","ast-hfb-mobile-header-display":"","site-post-title":"","ast-breadcrumbs-content":"","ast-featured-img":"","footer-sml-layout":"","ast-disable-related-posts":"","theme-transparent-header-meta":"","adv-header-id-meta":"","stick-header-meta":"","header-above-stick-meta":"","header-main-stick-meta":"","header-below-stick-meta":"","astra-migrate-meta-layouts":"default","ast-page-background-enabled":"default","ast-page-background-meta":{"desktop":{"background-color":"","background-image":"","background-repeat":"repeat","background-position":"center center","background-size":"auto","background-attachment":"scroll","background-type":"","background-media":"","overlay-type":"","overlay-color":"","overlay-opacity":"","overlay-gradient":""},"tablet":{"background-color":"","background-image":"","background-repeat":"repeat","background-position":"center center","background-size":"auto","background-attachment":"scroll","background-type":"","background-media":"","overlay-type":"","overlay-color":"","overlay-opacity":"","overlay-gradient":""},"mobile":{"background-color":"","background-image":"","background-repeat":"repeat","background-position":"center center","background-size":"auto","background-attachment":"scroll","background-type":"","background-media":"","overlay-type":"","overlay-color":"","overlay-opacity":"","overlay-gradient":""}},"ast-content-background-meta":{"desktop":{"background-color":"var(--ast-global-color-4)","background-image":"","background-repeat":"repeat","background-position":"center center","background-size":"auto","background-attachment":"scroll","background-type":"","background-media":"","overlay-type":"","overlay-color":"","overlay-opacity":"","overlay-gradient":""},"tablet":{"background-color":"var(--ast-global-color-4)","background-image":"","background-repeat":"repeat","background-position":"center center","background-size":"auto","background-attachment":"scroll","background-type":"","background-media":"","overlay-type":"","overlay-color":"","overlay-opacity":"","overlay-gradient":""},"mobile":{"background-color":"var(--ast-global-color-4)","background-image":"","background-repeat":"repeat","background-position":"center center","background-size":"auto","background-attachment":"scroll","background-type":"","background-media":"","overlay-type":"","overlay-color":"","overlay-opacity":"","overlay-gradient":""}}},"product_brand":[],"product_cat":[9862,174],"product_tag":[2491,5815,8452,3705,2224,2601,6916],"class_list":{"0":"post-21076","1":"product","2":"type-product","3":"status-publish","4":"has-post-thumbnail","6":"product_cat-lietuvos-istorija","7":"product_cat-istorija-ir-politologija","8":"product_tag-antrojo-pasaulinio-karo-istorija","9":"product_tag-archyvai","10":"product_tag-david-e-fishman","11":"product_tag-holokaustas","12":"product_tag-istorija","13":"product_tag-vilnius","14":"product_tag-zydu-kultura","15":"desktop-align-left","16":"tablet-align-left","17":"mobile-align-left","19":"first","20":"instock","21":"shipping-taxable","22":"purchasable","23":"product-type-simple"},"acf":[],"yoast_head":"<!-- This site is optimized with the Yoast SEO plugin v27.0 - https:\/\/yoast.com\/product\/yoast-seo-wordpress\/ -->\n<title>Knyg\u0173 gelb\u0117tojai Vilniaus gete<\/title>\n<meta name=\"description\" content=\"Populiariu stiliumi para\u0161yta istorin\u0117 studija pasakoja apie Vilniaus gete veikusi\u0105 \u201ePopieriaus brigad\u0105&quot; \u2013 grupel\u0119 \u017emoni\u0173, kurie, naci\u0173 priversti\" \/>\n<meta name=\"robots\" content=\"index, follow, max-snippet:-1, max-image-preview:large, max-video-preview:-1\" \/>\n<link rel=\"canonical\" href=\"https:\/\/skaitytaknyga.lt\/en\/produktas\/knygu-gelbetojai-vilniaus-gete\/\" \/>\n<meta property=\"og:locale\" content=\"en_GB\" \/>\n<meta property=\"og:locale:alternate\" content=\"lt_LT\" \/>\n<meta property=\"og:type\" content=\"article\" \/>\n<meta property=\"og:title\" content=\"Knyg\u0173 gelb\u0117tojai Vilniaus gete\" \/>\n<meta property=\"og:description\" content=\"Populiariu stiliumi para\u0161yta istorin\u0117 studija pasakoja apie Vilniaus gete veikusi\u0105 \u201ePopieriaus brigad\u0105&quot; \u2013 grupel\u0119 \u017emoni\u0173, kurie, naci\u0173 priversti\" \/>\n<meta property=\"og:url\" content=\"https:\/\/skaitytaknyga.lt\/en\/produktas\/knygu-gelbetojai-vilniaus-gete\/\" \/>\n<meta property=\"og:site_name\" content=\"Skaitytaknyga\" \/>\n<meta property=\"article:publisher\" content=\"https:\/\/www.facebook.com\/skaitytaknyga\/\" \/>\n<meta property=\"article:modified_time\" content=\"2026-03-18T12:59:42+00:00\" \/>\n<meta property=\"og:image\" content=\"https:\/\/skaitytaknyga.lt\/wp-content\/uploads\/2025\/10\/Knygu-gelbetojai-Vilniaus-gete-1.webp\" \/>\n\t<meta property=\"og:image:width\" content=\"300\" \/>\n\t<meta property=\"og:image:height\" content=\"435\" \/>\n\t<meta property=\"og:image:type\" content=\"image\/webp\" \/>\n<meta name=\"twitter:card\" content=\"summary_large_image\" \/>\n<meta name=\"twitter:label1\" content=\"Estimated reading time\" \/>\n\t<meta name=\"twitter:data1\" content=\"1 minute\" \/>\n<script type=\"application\/ld+json\" class=\"yoast-schema-graph\">{\"@context\":\"https:\/\/schema.org\",\"@graph\":[{\"@type\":\"WebPage\",\"@id\":\"https:\/\/skaitytaknyga.lt\/produktas\/knygu-gelbetojai-vilniaus-gete\/\",\"url\":\"https:\/\/skaitytaknyga.lt\/produktas\/knygu-gelbetojai-vilniaus-gete\/\",\"name\":\"Knyg\u0173 gelb\u0117tojai Vilniaus gete\",\"isPartOf\":{\"@id\":\"https:\/\/skaitytaknyga.lt\/#website\"},\"primaryImageOfPage\":{\"@id\":\"https:\/\/skaitytaknyga.lt\/produktas\/knygu-gelbetojai-vilniaus-gete\/#primaryimage\"},\"image\":{\"@id\":\"https:\/\/skaitytaknyga.lt\/produktas\/knygu-gelbetojai-vilniaus-gete\/#primaryimage\"},\"thumbnailUrl\":\"https:\/\/skaitytaknyga.lt\/wp-content\/uploads\/2025\/10\/Knygu-gelbetojai-Vilniaus-gete-1.webp\",\"datePublished\":\"2025-10-01T11:58:38+00:00\",\"dateModified\":\"2026-03-18T12:59:42+00:00\",\"description\":\"Populiariu stiliumi para\u0161yta istorin\u0117 studija pasakoja apie Vilniaus gete veikusi\u0105 \u201ePopieriaus brigad\u0105\\\" \u2013 grupel\u0119 \u017emoni\u0173, kurie, naci\u0173 priversti\",\"breadcrumb\":{\"@id\":\"https:\/\/skaitytaknyga.lt\/produktas\/knygu-gelbetojai-vilniaus-gete\/#breadcrumb\"},\"inLanguage\":\"en-GB\",\"potentialAction\":[{\"@type\":\"ReadAction\",\"target\":[\"https:\/\/skaitytaknyga.lt\/produktas\/knygu-gelbetojai-vilniaus-gete\/\"]}]},{\"@type\":\"ImageObject\",\"inLanguage\":\"en-GB\",\"@id\":\"https:\/\/skaitytaknyga.lt\/produktas\/knygu-gelbetojai-vilniaus-gete\/#primaryimage\",\"url\":\"https:\/\/skaitytaknyga.lt\/wp-content\/uploads\/2025\/10\/Knygu-gelbetojai-Vilniaus-gete-1.webp\",\"contentUrl\":\"https:\/\/skaitytaknyga.lt\/wp-content\/uploads\/2025\/10\/Knygu-gelbetojai-Vilniaus-gete-1.webp\",\"width\":300,\"height\":435,\"caption\":\"Knyg\u0173 gelb\u0117tojai Vilniaus gete\"},{\"@type\":\"BreadcrumbList\",\"@id\":\"https:\/\/skaitytaknyga.lt\/produktas\/knygu-gelbetojai-vilniaus-gete\/#breadcrumb\",\"itemListElement\":[{\"@type\":\"ListItem\",\"position\":1,\"name\":\"Home\",\"item\":\"https:\/\/skaitytaknyga.lt\/\"},{\"@type\":\"ListItem\",\"position\":2,\"name\":\"Parduotuv\u0117\",\"item\":\"https:\/\/skaitytaknyga.lt\/knygu-parduotuve\/\"},{\"@type\":\"ListItem\",\"position\":3,\"name\":\"Knyg\u0173 gelb\u0117tojai Vilniaus gete\"}]},{\"@type\":\"WebSite\",\"@id\":\"https:\/\/skaitytaknyga.lt\/#website\",\"url\":\"https:\/\/skaitytaknyga.lt\/\",\"name\":\"skaitytaknyga.lt\",\"description\":\"Skaitytaknyga.lt \u2013 tai ma\u017eas \u0161eimos verslas, kuris prasid\u0117jo nuo meil\u0117s knygoms ir siekio i\u0161gelb\u0117ti knygas nuo likimo prie konteinerio. Kas vienam nereikalingas daiktas \u2013 kitam lobis, o mes esame tarpininkai, kurie padeda abiems tapti laimingesniems ???? \u017dinome kaip nelengva i\u0161gyventi ma\u017eiems verslams, tad nuo \u0161iol, \u010dia rasite ir kit\u0173, ma\u017e\u0173 \u0161eim\u0173 versl\u0173, rank\u0173 darbo, dovan\u0173 sau ir artimiesiems.\",\"publisher\":{\"@id\":\"https:\/\/skaitytaknyga.lt\/#organization\"},\"potentialAction\":[{\"@type\":\"SearchAction\",\"target\":{\"@type\":\"EntryPoint\",\"urlTemplate\":\"https:\/\/skaitytaknyga.lt\/?s={search_term_string}\"},\"query-input\":{\"@type\":\"PropertyValueSpecification\",\"valueRequired\":true,\"valueName\":\"search_term_string\"}}],\"inLanguage\":\"en-GB\"},{\"@type\":\"Organization\",\"@id\":\"https:\/\/skaitytaknyga.lt\/#organization\",\"name\":\"skaitytaknyga.lt\",\"url\":\"https:\/\/skaitytaknyga.lt\/\",\"logo\":{\"@type\":\"ImageObject\",\"inLanguage\":\"en-GB\",\"@id\":\"https:\/\/skaitytaknyga.lt\/#\/schema\/logo\/image\/\",\"url\":\"https:\/\/skaitytaknyga.lt\/wp-content\/uploads\/2024\/05\/cropped-cropped-cropped-02_00843_jt3bggkj1j3HLc7SyY6rEUpg.jpeg\",\"contentUrl\":\"https:\/\/skaitytaknyga.lt\/wp-content\/uploads\/2024\/05\/cropped-cropped-cropped-02_00843_jt3bggkj1j3HLc7SyY6rEUpg.jpeg\",\"width\":1600,\"height\":1600,\"caption\":\"skaitytaknyga.lt\"},\"image\":{\"@id\":\"https:\/\/skaitytaknyga.lt\/#\/schema\/logo\/image\/\"},\"sameAs\":[\"https:\/\/www.facebook.com\/skaitytaknyga\/\"]}]}<\/script>\n<!-- \/ Yoast SEO plugin. -->","yoast_head_json":{"title":"Knyg\u0173 gelb\u0117tojai Vilniaus gete","description":"Populiariu stiliumi para\u0161yta istorin\u0117 studija pasakoja apie Vilniaus gete veikusi\u0105 \u201ePopieriaus brigad\u0105\" \u2013 grupel\u0119 \u017emoni\u0173, kurie, naci\u0173 priversti","robots":{"index":"index","follow":"follow","max-snippet":"max-snippet:-1","max-image-preview":"max-image-preview:large","max-video-preview":"max-video-preview:-1"},"canonical":"https:\/\/skaitytaknyga.lt\/en\/produktas\/knygu-gelbetojai-vilniaus-gete\/","og_locale":"en_GB","og_type":"article","og_title":"[:lt]Knyg\u0173 gelb\u0117tojai Vilniaus gete[:] - Skaitytaknyga","og_description":"Populiariu stiliumi para\u0161yta istorin\u0117 studija pasakoja apie Vilniaus gete veikusi\u0105 \u201ePopieriaus brigad\u0105\" \u2013 grupel\u0119 \u017emoni\u0173, kurie, naci\u0173 priversti","og_url":"https:\/\/skaitytaknyga.lt\/en\/produktas\/knygu-gelbetojai-vilniaus-gete\/","og_site_name":"Skaitytaknyga","article_publisher":"https:\/\/www.facebook.com\/skaitytaknyga\/","article_modified_time":"2026-03-18T12:59:42+00:00","og_image":[{"width":300,"height":435,"url":"https:\/\/skaitytaknyga.lt\/wp-content\/uploads\/2025\/10\/Knygu-gelbetojai-Vilniaus-gete-1.webp","type":"image\/webp"}],"twitter_card":"summary_large_image","twitter_misc":{"Estimated reading time":"1 minute"},"schema":{"@context":"https:\/\/schema.org","@graph":[{"@type":"WebPage","@id":"https:\/\/skaitytaknyga.lt\/produktas\/knygu-gelbetojai-vilniaus-gete\/","url":"https:\/\/skaitytaknyga.lt\/produktas\/knygu-gelbetojai-vilniaus-gete\/","name":"Knyg\u0173 gelb\u0117tojai Vilniaus gete","isPartOf":{"@id":"https:\/\/skaitytaknyga.lt\/#website"},"primaryImageOfPage":{"@id":"https:\/\/skaitytaknyga.lt\/produktas\/knygu-gelbetojai-vilniaus-gete\/#primaryimage"},"image":{"@id":"https:\/\/skaitytaknyga.lt\/produktas\/knygu-gelbetojai-vilniaus-gete\/#primaryimage"},"thumbnailUrl":"https:\/\/skaitytaknyga.lt\/wp-content\/uploads\/2025\/10\/Knygu-gelbetojai-Vilniaus-gete-1.webp","datePublished":"2025-10-01T11:58:38+00:00","dateModified":"2026-03-18T12:59:42+00:00","description":"Populiariu stiliumi para\u0161yta istorin\u0117 studija pasakoja apie Vilniaus gete veikusi\u0105 \u201ePopieriaus brigad\u0105\" \u2013 grupel\u0119 \u017emoni\u0173, kurie, naci\u0173 priversti","breadcrumb":{"@id":"https:\/\/skaitytaknyga.lt\/produktas\/knygu-gelbetojai-vilniaus-gete\/#breadcrumb"},"inLanguage":"en-GB","potentialAction":[{"@type":"ReadAction","target":["https:\/\/skaitytaknyga.lt\/produktas\/knygu-gelbetojai-vilniaus-gete\/"]}]},{"@type":"ImageObject","inLanguage":"en-GB","@id":"https:\/\/skaitytaknyga.lt\/produktas\/knygu-gelbetojai-vilniaus-gete\/#primaryimage","url":"https:\/\/skaitytaknyga.lt\/wp-content\/uploads\/2025\/10\/Knygu-gelbetojai-Vilniaus-gete-1.webp","contentUrl":"https:\/\/skaitytaknyga.lt\/wp-content\/uploads\/2025\/10\/Knygu-gelbetojai-Vilniaus-gete-1.webp","width":300,"height":435,"caption":"Knyg\u0173 gelb\u0117tojai Vilniaus gete"},{"@type":"BreadcrumbList","@id":"https:\/\/skaitytaknyga.lt\/produktas\/knygu-gelbetojai-vilniaus-gete\/#breadcrumb","itemListElement":[{"@type":"ListItem","position":1,"name":"Home","item":"https:\/\/skaitytaknyga.lt\/"},{"@type":"ListItem","position":2,"name":"Parduotuv\u0117","item":"https:\/\/skaitytaknyga.lt\/knygu-parduotuve\/"},{"@type":"ListItem","position":3,"name":"Knyg\u0173 gelb\u0117tojai Vilniaus gete"}]},{"@type":"WebSite","@id":"https:\/\/skaitytaknyga.lt\/#website","url":"https:\/\/skaitytaknyga.lt\/","name":"skaitytaknyga.lt","description":"Skaitytaknyga.lt \u2013 tai ma\u017eas \u0161eimos verslas, kuris prasid\u0117jo nuo meil\u0117s knygoms ir siekio i\u0161gelb\u0117ti knygas nuo likimo prie konteinerio. Kas vienam nereikalingas daiktas \u2013 kitam lobis, o mes esame tarpininkai, kurie padeda abiems tapti laimingesniems ???? \u017dinome kaip nelengva i\u0161gyventi ma\u017eiems verslams, tad nuo \u0161iol, \u010dia rasite ir kit\u0173, ma\u017e\u0173 \u0161eim\u0173 versl\u0173, rank\u0173 darbo, dovan\u0173 sau ir artimiesiems.","publisher":{"@id":"https:\/\/skaitytaknyga.lt\/#organization"},"potentialAction":[{"@type":"SearchAction","target":{"@type":"EntryPoint","urlTemplate":"https:\/\/skaitytaknyga.lt\/?s={search_term_string}"},"query-input":{"@type":"PropertyValueSpecification","valueRequired":true,"valueName":"search_term_string"}}],"inLanguage":"en-GB"},{"@type":"Organization","@id":"https:\/\/skaitytaknyga.lt\/#organization","name":"skaitytaknyga.lt","url":"https:\/\/skaitytaknyga.lt\/","logo":{"@type":"ImageObject","inLanguage":"en-GB","@id":"https:\/\/skaitytaknyga.lt\/#\/schema\/logo\/image\/","url":"https:\/\/skaitytaknyga.lt\/wp-content\/uploads\/2024\/05\/cropped-cropped-cropped-02_00843_jt3bggkj1j3HLc7SyY6rEUpg.jpeg","contentUrl":"https:\/\/skaitytaknyga.lt\/wp-content\/uploads\/2024\/05\/cropped-cropped-cropped-02_00843_jt3bggkj1j3HLc7SyY6rEUpg.jpeg","width":1600,"height":1600,"caption":"skaitytaknyga.lt"},"image":{"@id":"https:\/\/skaitytaknyga.lt\/#\/schema\/logo\/image\/"},"sameAs":["https:\/\/www.facebook.com\/skaitytaknyga\/"]}]}},"_links":{"self":[{"href":"https:\/\/skaitytaknyga.lt\/en\/wp-json\/wp\/v2\/product\/21076","targetHints":{"allow":["GET"]}}],"collection":[{"href":"https:\/\/skaitytaknyga.lt\/en\/wp-json\/wp\/v2\/product"}],"about":[{"href":"https:\/\/skaitytaknyga.lt\/en\/wp-json\/wp\/v2\/types\/product"}],"replies":[{"embeddable":true,"href":"https:\/\/skaitytaknyga.lt\/en\/wp-json\/wp\/v2\/comments?post=21076"}],"wp:featuredmedia":[{"embeddable":true,"href":"https:\/\/skaitytaknyga.lt\/en\/wp-json\/wp\/v2\/media\/21081"}],"wp:attachment":[{"href":"https:\/\/skaitytaknyga.lt\/en\/wp-json\/wp\/v2\/media?parent=21076"}],"wp:term":[{"taxonomy":"product_brand","embeddable":true,"href":"https:\/\/skaitytaknyga.lt\/en\/wp-json\/wp\/v2\/product_brand?post=21076"},{"taxonomy":"product_cat","embeddable":true,"href":"https:\/\/skaitytaknyga.lt\/en\/wp-json\/wp\/v2\/product_cat?post=21076"},{"taxonomy":"product_tag","embeddable":true,"href":"https:\/\/skaitytaknyga.lt\/en\/wp-json\/wp\/v2\/product_tag?post=21076"}],"curies":[{"name":"wp","href":"https:\/\/api.w.org\/{rel}","templated":true}]}}