{"id":21060,"date":"2025-09-28T11:52:52","date_gmt":"2025-09-28T08:52:52","guid":{"rendered":"https:\/\/skaitytaknyga.lt\/?post_type=product&#038;p=21060"},"modified":"2026-03-10T19:44:15","modified_gmt":"2026-03-10T17:44:15","slug":"is-meiles","status":"publish","type":"product","link":"https:\/\/skaitytaknyga.lt\/en\/produktas\/is-meiles\/","title":{"rendered":"I\u0161 meil\u0117s"},"content":{"rendered":"<p>Kristin Hannah romanas \u201eI\u0161 meil\u0117s&#8221; \u2014 skaudi gyvenimi\u0161ka istorija, kurioje \u0161ven\u010diamas motinyst\u0117s stebuklas, sugr\u012f\u017eimo namo d\u017eiaugsmai ir kaina, kuri\u0105 taip noriai mokame u\u017e meil\u0119.<\/p>\n<p>Jauniausia i\u0161 trij\u0173 dukter\u0173 And\u017eela DeSaria Malon\u0117 visada buvo \u0161eimos \u201eprinces\u0117&#8221;. Mergait\u0117 man\u0117 \u017einanti, kaip klostysis jos gyvenimas. Vidurin\u0117 mokykla. Koled\u017eas. Santuoka. Motinyst\u0117. Kaip atsitiko jos seserims, pusbroliams, draugams. Bet And\u017eelai taip nepasisek\u0117. Ji ir jos vyras desperati\u0161kai band\u0117 susilaukti vaiko, ta\u010diau metai i\u0161 met\u0173 j\u0173 tobulas lizdelis liko tu\u0161\u010dias. Galiausiai santuoka \u017elugo d\u0117l nei\u0161sipild\u017eiusi\u0173 svajoni\u0173.<\/p>\n<p>Po skausming\u0173 skyryb\u0173 ji gr\u012f\u017eta \u012f savo gimt\u0105j\u012f miest\u0105, \u012f triuk\u0161ming\u0105 ir mylin\u010di\u0105 \u0161eim\u0105. \u010cia jos \u0161irdis v\u0117l atsiveria meilei, o sutikta nelaiminga mergait\u0117 visi\u0161kai pakei\u010dia And\u017eelos gyvenim\u0105.<\/p>\n<p>Lorena Ribido gyvena apleistame bute su mama, kuriai labiau r\u016bpi i\u0161gerti dar vien\u0105 taurel\u0119 nei dukra. Septyniolikmet\u0117 Lorena \u017eino, kad jos svajon\u0117s gali niekada nei\u0161sipildyti.<\/p>\n<p>Nuo tada, kai And\u017eela ir Lorena susitiko, gyvenimas pasikei\u010dia. Moteris, kuri bevilti\u0161kai tro\u0161ko dukters, ir mergait\u0117, kuri niekada nepa\u017eino motinos meil\u0117s, greitai u\u017emezga ry\u0161\u012f. Kai Loren\u0105 palieka mama, And\u017eela nedvejodama pasi\u016blo jai nakvyn\u0119.<\/p>\n<p>Ta\u010diau dramati\u0161ki \u012fvykiai lemia netik\u0117tus i\u0161bandymus. Skaitytojo laukia jaudinanti ir nepaprastai emocinga kelion\u0117, kuri papasakos, k\u0105 i\u0161 ties\u0173 rei\u0161kia b\u016bti \u0161eima.<\/p>\n","protected":false},"excerpt":{"rendered":"<p>Kristin Hannah romanas \u201eI\u0161 meil\u0117s&#8221; \u2014 skaudi gyvenimi\u0161ka istorija, kurioje \u0161ven\u010diamas motinyst\u0117s stebuklas, sugr\u012f\u017eimo namo d\u017eiaugsmai ir kaina, kuri\u0105 taip noriai mokame u\u017e meil\u0119. Jauniausia i\u0161 trij\u0173 dukter\u0173 And\u017eela DeSaria Malon\u0117 visada buvo \u0161eimos \u201eprinces\u0117&#8221;. Mergait\u0117 man\u0117 \u017einanti, kaip klostysis jos gyvenimas. Vidurin\u0117 mokykla. Koled\u017eas. Santuoka. Motinyst\u0117. Kaip atsitiko jos seserims, pusbroliams, draugams. Bet And\u017eelai taip nepasisek\u0117. Ji ir jos vyras desperati\u0161kai band\u0117 susilaukti vaiko, ta\u010diau metai i\u0161 met\u0173 j\u0173 tobulas lizdelis liko tu\u0161\u010dias. Galiausiai santuoka \u017elugo d\u0117l nei\u0161sipild\u017eiusi\u0173 svajoni\u0173. Po skausming\u0173 skyryb\u0173 ji gr\u012f\u017eta \u012f savo gimt\u0105j\u012f miest\u0105, \u012f triuk\u0161ming\u0105 ir mylin\u010di\u0105 \u0161eim\u0105. \u010cia jos \u0161irdis v\u0117l atsiveria meilei, o sutikta nelaiminga mergait\u0117 visi\u0161kai pakei\u010dia And\u017eelos gyvenim\u0105. Lorena Ribido gyvena apleistame bute su mama, kuriai labiau r\u016bpi i\u0161gerti dar vien\u0105 taurel\u0119 nei dukra. Septyniolikmet\u0117 Lorena \u017eino, kad jos svajon\u0117s gali niekada nei\u0161sipildyti. Nuo tada, kai And\u017eela ir Lorena susitiko, gyvenimas pasikei\u010dia. Moteris, kuri bevilti\u0161kai tro\u0161ko dukters, ir mergait\u0117, kuri niekada nepa\u017eino motinos meil\u0117s, greitai u\u017emezga ry\u0161\u012f. Kai Loren\u0105 palieka mama, And\u017eela nedvejodama pasi\u016blo jai nakvyn\u0119. Ta\u010diau dramati\u0161ki \u012fvykiai lemia netik\u0117tus i\u0161bandymus. Skaitytojo laukia jaudinanti ir nepaprastai emocinga kelion\u0117, kuri papasakos, k\u0105 i\u0161 ties\u0173 rei\u0161kia b\u016bti \u0161eima.<\/p>\n","protected":false},"featured_media":21074,"comment_status":"open","ping_status":"closed","template":"","meta":{"_acf_changed":false,"site-sidebar-layout":"default","site-content-layout":"","ast-site-content-layout":"default","site-content-style":"default","site-sidebar-style":"default","ast-global-header-display":"","ast-banner-title-visibility":"","ast-main-header-display":"","ast-hfb-above-header-display":"","ast-hfb-below-header-display":"","ast-hfb-mobile-header-display":"","site-post-title":"","ast-breadcrumbs-content":"","ast-featured-img":"","footer-sml-layout":"","ast-disable-related-posts":"","theme-transparent-header-meta":"","adv-header-id-meta":"","stick-header-meta":"","header-above-stick-meta":"","header-main-stick-meta":"","header-below-stick-meta":"","astra-migrate-meta-layouts":"default","ast-page-background-enabled":"default","ast-page-background-meta":{"desktop":{"background-color":"","background-image":"","background-repeat":"repeat","background-position":"center center","background-size":"auto","background-attachment":"scroll","background-type":"","background-media":"","overlay-type":"","overlay-color":"","overlay-opacity":"","overlay-gradient":""},"tablet":{"background-color":"","background-image":"","background-repeat":"repeat","background-position":"center center","background-size":"auto","background-attachment":"scroll","background-type":"","background-media":"","overlay-type":"","overlay-color":"","overlay-opacity":"","overlay-gradient":""},"mobile":{"background-color":"","background-image":"","background-repeat":"repeat","background-position":"center center","background-size":"auto","background-attachment":"scroll","background-type":"","background-media":"","overlay-type":"","overlay-color":"","overlay-opacity":"","overlay-gradient":""}},"ast-content-background-meta":{"desktop":{"background-color":"var(--ast-global-color-4)","background-image":"","background-repeat":"repeat","background-position":"center center","background-size":"auto","background-attachment":"scroll","background-type":"","background-media":"","overlay-type":"","overlay-color":"","overlay-opacity":"","overlay-gradient":""},"tablet":{"background-color":"var(--ast-global-color-4)","background-image":"","background-repeat":"repeat","background-position":"center center","background-size":"auto","background-attachment":"scroll","background-type":"","background-media":"","overlay-type":"","overlay-color":"","overlay-opacity":"","overlay-gradient":""},"mobile":{"background-color":"var(--ast-global-color-4)","background-image":"","background-repeat":"repeat","background-position":"center center","background-size":"auto","background-attachment":"scroll","background-type":"","background-media":"","overlay-type":"","overlay-color":"","overlay-opacity":"","overlay-gradient":""}}},"product_brand":[],"product_cat":[9734],"product_tag":[3779,6580,1796,1818,1745,1646],"class_list":{"0":"post-21060","1":"product","2":"type-product","3":"status-publish","4":"has-post-thumbnail","6":"product_cat-romanai","7":"product_tag-gyvenimo-istorija","8":"product_tag-kristin-hannah","9":"product_tag-meile","10":"product_tag-motinyste","11":"product_tag-romanas","12":"product_tag-seima","13":"desktop-align-left","14":"tablet-align-left","15":"mobile-align-left","17":"first","18":"instock","19":"shipping-taxable","20":"purchasable","21":"product-type-simple"},"acf":[],"yoast_head":"<!-- This site is optimized with the Yoast SEO plugin v27.0 - https:\/\/yoast.com\/product\/yoast-seo-wordpress\/ -->\n<title>I\u0161 meil\u0117s<\/title>\n<meta name=\"description\" content=\"Kristin Hannah romanas \u201eI\u0161 meil\u0117s&quot; \u2014 skaudi gyvenimi\u0161ka istorija, kurioje \u0161ven\u010diamas motinyst\u0117s stebuklas, sugr\u012f\u017eimo namo d\u017eiaugsmai ir kaina, kuri\u0105 taip\" \/>\n<meta name=\"robots\" content=\"index, follow, max-snippet:-1, max-image-preview:large, max-video-preview:-1\" \/>\n<link rel=\"canonical\" href=\"https:\/\/skaitytaknyga.lt\/en\/produktas\/is-meiles\/\" \/>\n<meta property=\"og:locale\" content=\"en_GB\" \/>\n<meta property=\"og:locale:alternate\" content=\"lt_LT\" \/>\n<meta property=\"og:type\" content=\"article\" \/>\n<meta property=\"og:title\" content=\"I\u0161 meil\u0117s\" \/>\n<meta property=\"og:description\" content=\"Kristin Hannah romanas \u201eI\u0161 meil\u0117s&quot; \u2014 skaudi gyvenimi\u0161ka istorija, kurioje \u0161ven\u010diamas motinyst\u0117s stebuklas, sugr\u012f\u017eimo namo d\u017eiaugsmai ir kaina, kuri\u0105 taip\" \/>\n<meta property=\"og:url\" content=\"https:\/\/skaitytaknyga.lt\/en\/produktas\/is-meiles\/\" \/>\n<meta property=\"og:site_name\" content=\"Skaitytaknyga\" \/>\n<meta property=\"article:publisher\" content=\"https:\/\/www.facebook.com\/skaitytaknyga\/\" \/>\n<meta property=\"article:modified_time\" content=\"2026-03-10T17:44:15+00:00\" \/>\n<meta property=\"og:image\" content=\"https:\/\/skaitytaknyga.lt\/wp-content\/uploads\/2025\/10\/Is-meiles-1.webp\" \/>\n\t<meta property=\"og:image:width\" content=\"300\" \/>\n\t<meta property=\"og:image:height\" content=\"456\" \/>\n\t<meta property=\"og:image:type\" content=\"image\/webp\" \/>\n<meta name=\"twitter:card\" content=\"summary_large_image\" \/>\n<meta name=\"twitter:label1\" content=\"Estimated reading time\" \/>\n\t<meta name=\"twitter:data1\" content=\"1 minute\" \/>\n<script type=\"application\/ld+json\" class=\"yoast-schema-graph\">{\"@context\":\"https:\/\/schema.org\",\"@graph\":[{\"@type\":\"WebPage\",\"@id\":\"https:\/\/skaitytaknyga.lt\/produktas\/is-meiles\/\",\"url\":\"https:\/\/skaitytaknyga.lt\/produktas\/is-meiles\/\",\"name\":\"I\u0161 meil\u0117s\",\"isPartOf\":{\"@id\":\"https:\/\/skaitytaknyga.lt\/#website\"},\"primaryImageOfPage\":{\"@id\":\"https:\/\/skaitytaknyga.lt\/produktas\/is-meiles\/#primaryimage\"},\"image\":{\"@id\":\"https:\/\/skaitytaknyga.lt\/produktas\/is-meiles\/#primaryimage\"},\"thumbnailUrl\":\"https:\/\/skaitytaknyga.lt\/wp-content\/uploads\/2025\/10\/Is-meiles-1.webp\",\"datePublished\":\"2025-09-28T08:52:52+00:00\",\"dateModified\":\"2026-03-10T17:44:15+00:00\",\"description\":\"Kristin Hannah romanas \u201eI\u0161 meil\u0117s\\\" \u2014 skaudi gyvenimi\u0161ka istorija, kurioje \u0161ven\u010diamas motinyst\u0117s stebuklas, sugr\u012f\u017eimo namo d\u017eiaugsmai ir kaina, kuri\u0105 taip\",\"breadcrumb\":{\"@id\":\"https:\/\/skaitytaknyga.lt\/produktas\/is-meiles\/#breadcrumb\"},\"inLanguage\":\"en-GB\",\"potentialAction\":[{\"@type\":\"ReadAction\",\"target\":[\"https:\/\/skaitytaknyga.lt\/produktas\/is-meiles\/\"]}]},{\"@type\":\"ImageObject\",\"inLanguage\":\"en-GB\",\"@id\":\"https:\/\/skaitytaknyga.lt\/produktas\/is-meiles\/#primaryimage\",\"url\":\"https:\/\/skaitytaknyga.lt\/wp-content\/uploads\/2025\/10\/Is-meiles-1.webp\",\"contentUrl\":\"https:\/\/skaitytaknyga.lt\/wp-content\/uploads\/2025\/10\/Is-meiles-1.webp\",\"width\":300,\"height\":456,\"caption\":\"I\u0161 meil\u0117s\"},{\"@type\":\"BreadcrumbList\",\"@id\":\"https:\/\/skaitytaknyga.lt\/produktas\/is-meiles\/#breadcrumb\",\"itemListElement\":[{\"@type\":\"ListItem\",\"position\":1,\"name\":\"Home\",\"item\":\"https:\/\/skaitytaknyga.lt\/\"},{\"@type\":\"ListItem\",\"position\":2,\"name\":\"Parduotuv\u0117\",\"item\":\"https:\/\/skaitytaknyga.lt\/knygu-parduotuve\/\"},{\"@type\":\"ListItem\",\"position\":3,\"name\":\"I\u0161 meil\u0117s\"}]},{\"@type\":\"WebSite\",\"@id\":\"https:\/\/skaitytaknyga.lt\/#website\",\"url\":\"https:\/\/skaitytaknyga.lt\/\",\"name\":\"skaitytaknyga.lt\",\"description\":\"Skaitytaknyga.lt \u2013 tai ma\u017eas \u0161eimos verslas, kuris prasid\u0117jo nuo meil\u0117s knygoms ir siekio i\u0161gelb\u0117ti knygas nuo likimo prie konteinerio. Kas vienam nereikalingas daiktas \u2013 kitam lobis, o mes esame tarpininkai, kurie padeda abiems tapti laimingesniems ???? \u017dinome kaip nelengva i\u0161gyventi ma\u017eiems verslams, tad nuo \u0161iol, \u010dia rasite ir kit\u0173, ma\u017e\u0173 \u0161eim\u0173 versl\u0173, rank\u0173 darbo, dovan\u0173 sau ir artimiesiems.\",\"publisher\":{\"@id\":\"https:\/\/skaitytaknyga.lt\/#organization\"},\"potentialAction\":[{\"@type\":\"SearchAction\",\"target\":{\"@type\":\"EntryPoint\",\"urlTemplate\":\"https:\/\/skaitytaknyga.lt\/?s={search_term_string}\"},\"query-input\":{\"@type\":\"PropertyValueSpecification\",\"valueRequired\":true,\"valueName\":\"search_term_string\"}}],\"inLanguage\":\"en-GB\"},{\"@type\":\"Organization\",\"@id\":\"https:\/\/skaitytaknyga.lt\/#organization\",\"name\":\"skaitytaknyga.lt\",\"url\":\"https:\/\/skaitytaknyga.lt\/\",\"logo\":{\"@type\":\"ImageObject\",\"inLanguage\":\"en-GB\",\"@id\":\"https:\/\/skaitytaknyga.lt\/#\/schema\/logo\/image\/\",\"url\":\"https:\/\/skaitytaknyga.lt\/wp-content\/uploads\/2024\/05\/cropped-cropped-cropped-02_00843_jt3bggkj1j3HLc7SyY6rEUpg.jpeg\",\"contentUrl\":\"https:\/\/skaitytaknyga.lt\/wp-content\/uploads\/2024\/05\/cropped-cropped-cropped-02_00843_jt3bggkj1j3HLc7SyY6rEUpg.jpeg\",\"width\":1600,\"height\":1600,\"caption\":\"skaitytaknyga.lt\"},\"image\":{\"@id\":\"https:\/\/skaitytaknyga.lt\/#\/schema\/logo\/image\/\"},\"sameAs\":[\"https:\/\/www.facebook.com\/skaitytaknyga\/\"]}]}<\/script>\n<!-- \/ Yoast SEO plugin. -->","yoast_head_json":{"title":"I\u0161 meil\u0117s","description":"Kristin Hannah romanas \u201eI\u0161 meil\u0117s\" \u2014 skaudi gyvenimi\u0161ka istorija, kurioje \u0161ven\u010diamas motinyst\u0117s stebuklas, sugr\u012f\u017eimo namo d\u017eiaugsmai ir kaina, kuri\u0105 taip","robots":{"index":"index","follow":"follow","max-snippet":"max-snippet:-1","max-image-preview":"max-image-preview:large","max-video-preview":"max-video-preview:-1"},"canonical":"https:\/\/skaitytaknyga.lt\/en\/produktas\/is-meiles\/","og_locale":"en_GB","og_type":"article","og_title":"[:lt]I\u0161 meil\u0117s[:] - Skaitytaknyga","og_description":"Kristin Hannah romanas \u201eI\u0161 meil\u0117s\" \u2014 skaudi gyvenimi\u0161ka istorija, kurioje \u0161ven\u010diamas motinyst\u0117s stebuklas, sugr\u012f\u017eimo namo d\u017eiaugsmai ir kaina, kuri\u0105 taip","og_url":"https:\/\/skaitytaknyga.lt\/en\/produktas\/is-meiles\/","og_site_name":"Skaitytaknyga","article_publisher":"https:\/\/www.facebook.com\/skaitytaknyga\/","article_modified_time":"2026-03-10T17:44:15+00:00","og_image":[{"width":300,"height":456,"url":"https:\/\/skaitytaknyga.lt\/wp-content\/uploads\/2025\/10\/Is-meiles-1.webp","type":"image\/webp"}],"twitter_card":"summary_large_image","twitter_misc":{"Estimated reading time":"1 minute"},"schema":{"@context":"https:\/\/schema.org","@graph":[{"@type":"WebPage","@id":"https:\/\/skaitytaknyga.lt\/produktas\/is-meiles\/","url":"https:\/\/skaitytaknyga.lt\/produktas\/is-meiles\/","name":"I\u0161 meil\u0117s","isPartOf":{"@id":"https:\/\/skaitytaknyga.lt\/#website"},"primaryImageOfPage":{"@id":"https:\/\/skaitytaknyga.lt\/produktas\/is-meiles\/#primaryimage"},"image":{"@id":"https:\/\/skaitytaknyga.lt\/produktas\/is-meiles\/#primaryimage"},"thumbnailUrl":"https:\/\/skaitytaknyga.lt\/wp-content\/uploads\/2025\/10\/Is-meiles-1.webp","datePublished":"2025-09-28T08:52:52+00:00","dateModified":"2026-03-10T17:44:15+00:00","description":"Kristin Hannah romanas \u201eI\u0161 meil\u0117s\" \u2014 skaudi gyvenimi\u0161ka istorija, kurioje \u0161ven\u010diamas motinyst\u0117s stebuklas, sugr\u012f\u017eimo namo d\u017eiaugsmai ir kaina, kuri\u0105 taip","breadcrumb":{"@id":"https:\/\/skaitytaknyga.lt\/produktas\/is-meiles\/#breadcrumb"},"inLanguage":"en-GB","potentialAction":[{"@type":"ReadAction","target":["https:\/\/skaitytaknyga.lt\/produktas\/is-meiles\/"]}]},{"@type":"ImageObject","inLanguage":"en-GB","@id":"https:\/\/skaitytaknyga.lt\/produktas\/is-meiles\/#primaryimage","url":"https:\/\/skaitytaknyga.lt\/wp-content\/uploads\/2025\/10\/Is-meiles-1.webp","contentUrl":"https:\/\/skaitytaknyga.lt\/wp-content\/uploads\/2025\/10\/Is-meiles-1.webp","width":300,"height":456,"caption":"I\u0161 meil\u0117s"},{"@type":"BreadcrumbList","@id":"https:\/\/skaitytaknyga.lt\/produktas\/is-meiles\/#breadcrumb","itemListElement":[{"@type":"ListItem","position":1,"name":"Home","item":"https:\/\/skaitytaknyga.lt\/"},{"@type":"ListItem","position":2,"name":"Parduotuv\u0117","item":"https:\/\/skaitytaknyga.lt\/knygu-parduotuve\/"},{"@type":"ListItem","position":3,"name":"I\u0161 meil\u0117s"}]},{"@type":"WebSite","@id":"https:\/\/skaitytaknyga.lt\/#website","url":"https:\/\/skaitytaknyga.lt\/","name":"skaitytaknyga.lt","description":"Skaitytaknyga.lt \u2013 tai ma\u017eas \u0161eimos verslas, kuris prasid\u0117jo nuo meil\u0117s knygoms ir siekio i\u0161gelb\u0117ti knygas nuo likimo prie konteinerio. Kas vienam nereikalingas daiktas \u2013 kitam lobis, o mes esame tarpininkai, kurie padeda abiems tapti laimingesniems ???? \u017dinome kaip nelengva i\u0161gyventi ma\u017eiems verslams, tad nuo \u0161iol, \u010dia rasite ir kit\u0173, ma\u017e\u0173 \u0161eim\u0173 versl\u0173, rank\u0173 darbo, dovan\u0173 sau ir artimiesiems.","publisher":{"@id":"https:\/\/skaitytaknyga.lt\/#organization"},"potentialAction":[{"@type":"SearchAction","target":{"@type":"EntryPoint","urlTemplate":"https:\/\/skaitytaknyga.lt\/?s={search_term_string}"},"query-input":{"@type":"PropertyValueSpecification","valueRequired":true,"valueName":"search_term_string"}}],"inLanguage":"en-GB"},{"@type":"Organization","@id":"https:\/\/skaitytaknyga.lt\/#organization","name":"skaitytaknyga.lt","url":"https:\/\/skaitytaknyga.lt\/","logo":{"@type":"ImageObject","inLanguage":"en-GB","@id":"https:\/\/skaitytaknyga.lt\/#\/schema\/logo\/image\/","url":"https:\/\/skaitytaknyga.lt\/wp-content\/uploads\/2024\/05\/cropped-cropped-cropped-02_00843_jt3bggkj1j3HLc7SyY6rEUpg.jpeg","contentUrl":"https:\/\/skaitytaknyga.lt\/wp-content\/uploads\/2024\/05\/cropped-cropped-cropped-02_00843_jt3bggkj1j3HLc7SyY6rEUpg.jpeg","width":1600,"height":1600,"caption":"skaitytaknyga.lt"},"image":{"@id":"https:\/\/skaitytaknyga.lt\/#\/schema\/logo\/image\/"},"sameAs":["https:\/\/www.facebook.com\/skaitytaknyga\/"]}]}},"_links":{"self":[{"href":"https:\/\/skaitytaknyga.lt\/en\/wp-json\/wp\/v2\/product\/21060","targetHints":{"allow":["GET"]}}],"collection":[{"href":"https:\/\/skaitytaknyga.lt\/en\/wp-json\/wp\/v2\/product"}],"about":[{"href":"https:\/\/skaitytaknyga.lt\/en\/wp-json\/wp\/v2\/types\/product"}],"replies":[{"embeddable":true,"href":"https:\/\/skaitytaknyga.lt\/en\/wp-json\/wp\/v2\/comments?post=21060"}],"wp:featuredmedia":[{"embeddable":true,"href":"https:\/\/skaitytaknyga.lt\/en\/wp-json\/wp\/v2\/media\/21074"}],"wp:attachment":[{"href":"https:\/\/skaitytaknyga.lt\/en\/wp-json\/wp\/v2\/media?parent=21060"}],"wp:term":[{"taxonomy":"product_brand","embeddable":true,"href":"https:\/\/skaitytaknyga.lt\/en\/wp-json\/wp\/v2\/product_brand?post=21060"},{"taxonomy":"product_cat","embeddable":true,"href":"https:\/\/skaitytaknyga.lt\/en\/wp-json\/wp\/v2\/product_cat?post=21060"},{"taxonomy":"product_tag","embeddable":true,"href":"https:\/\/skaitytaknyga.lt\/en\/wp-json\/wp\/v2\/product_tag?post=21060"}],"curies":[{"name":"wp","href":"https:\/\/api.w.org\/{rel}","templated":true}]}}