{"id":21058,"date":"2025-09-28T11:52:52","date_gmt":"2025-09-28T08:52:52","guid":{"rendered":"https:\/\/skaitytaknyga.lt\/?post_type=product&#038;p=21058"},"modified":"2025-10-06T11:15:38","modified_gmt":"2025-10-06T08:15:38","slug":"pirmakart-mama","status":"publish","type":"product","link":"https:\/\/skaitytaknyga.lt\/en\/produktas\/pirmakart-mama\/","title":{"rendered":"Pirm\u0105kart mama"},"content":{"rendered":"<p>Vaiva Ryk\u0161tait\u0117 (g. 1985 m.) \u2013 filosofijos magistr\u0117, tinklara\u0161tinink\u0117. \u0160iuo metu gyvena Havajuose, augina dvi dukras. Trij\u0173 roman\u0173 autor\u0117. \u201ePirm\u0105kart mama&#8221; \u2013 septintoji jos knyga.<\/p>\n<p>Pirmas, netik\u0117tas, visk\u0105 sujaukiantis tapsmas mama. Toji patirtis mane i\u0161tiko kaip \u0161okas, v\u0117liau virto tapatyb\u0117s krize, tartum nesibaigiantis meil\u0117s priepuolis su paranojos priemai\u0161omis. Vaiko gimimas \u2013 tai galimyb\u0117 i\u0161 naujo perm\u0105styti pasaul\u012f. \u012e \u0161\u012f gyvenimo pokyt\u012f nusprend\u017eiau pa\u017evelgti akademi\u0161kai ir pirmiausia pa\u010diai sau atsakyti \u012f kilusius klausimus: ar po gimdymo pasikeit\u0117 mano smegenys? Ar man reikia mamy\u010di\u0173 klubo? Ar vis dar galiu b\u016bti seksuali? Kod\u0117l mano mo\u010diut\u0117s ir kitos Soviet\u0173 S\u0105jungos moterys ne\u017eind\u0117 savo vaik\u0173? Kas, visuomen\u0117s manymu, yra gera mama? Rengdama \u0161i\u0105 knyg\u0105 skai\u010diau daugiau, nei ruo\u0161damasi magistriniam darbui: tai taip asmeni\u0161ka, o drauge \u2013 taip bendra ir taip svarbu mums visoms. Apie save \u010dia pasakoju atviriau nei feisbuke, nors nujau\u010diu, kad jums vis tiek pasirodys per ma\u017eai.<\/p>\n<p>Tai yra mano dovana pirmakart\u0117ms, laukin\u0117ms, pasiutusioms moterims, kurios pa\u010dios nenutuok\u0117 viduje slypint p\u016bkuot\u0105 \u0161velni\u0105 mamyt\u0119. Bet ne tik. Ji \u2013 ir visoms geriausioms ro\u017ein\u0117ms merginoms, n\u0117 karto nepamynusioms t\u0117v\u0173 liepimo namo gr\u012f\u017eti devint\u0105. Tikiu, kad tapusios motinomis j\u016bs savyje atpa\u017einote t\u0105 laukin\u0119, pasiruo\u0161usi\u0105 u\u017e vaik\u0105 kautis nagais ir dantimis. A\u0161 esu j\u016bs\u0173 sesuo. Motinyst\u0117je. A\u0161 esu mama.<\/p>\n","protected":false},"excerpt":{"rendered":"<p>Vaiva Ryk\u0161tait\u0117 (g. 1985 m.) \u2013 filosofijos magistr\u0117, tinklara\u0161tinink\u0117. \u0160iuo metu gyvena Havajuose, augina dvi dukras. Trij\u0173 roman\u0173 autor\u0117. \u201ePirm\u0105kart mama&#8221; \u2013 septintoji jos knyga. Pirmas, netik\u0117tas, visk\u0105 sujaukiantis tapsmas mama. Toji patirtis mane i\u0161tiko kaip \u0161okas, v\u0117liau virto tapatyb\u0117s krize, tartum nesibaigiantis meil\u0117s priepuolis su paranojos priemai\u0161omis. Vaiko gimimas \u2013 tai galimyb\u0117 i\u0161 naujo perm\u0105styti pasaul\u012f. \u012e \u0161\u012f gyvenimo pokyt\u012f nusprend\u017eiau pa\u017evelgti akademi\u0161kai ir pirmiausia pa\u010diai sau atsakyti \u012f kilusius klausimus: ar po gimdymo pasikeit\u0117 mano smegenys? Ar man reikia mamy\u010di\u0173 klubo? Ar vis dar galiu b\u016bti seksuali? Kod\u0117l mano mo\u010diut\u0117s ir kitos Soviet\u0173 S\u0105jungos moterys ne\u017eind\u0117 savo vaik\u0173? Kas, visuomen\u0117s manymu, yra gera mama? Rengdama \u0161i\u0105 knyg\u0105 skai\u010diau daugiau, nei ruo\u0161damasi magistriniam darbui: tai taip asmeni\u0161ka, o drauge \u2013 taip bendra ir taip svarbu mums visoms. Apie save \u010dia pasakoju atviriau nei feisbuke, nors nujau\u010diu, kad jums vis tiek pasirodys per ma\u017eai. Tai yra mano dovana pirmakart\u0117ms, laukin\u0117ms, pasiutusioms moterims, kurios pa\u010dios nenutuok\u0117 viduje slypint p\u016bkuot\u0105 \u0161velni\u0105 mamyt\u0119. Bet ne tik. Ji \u2013 ir visoms geriausioms ro\u017ein\u0117ms merginoms, n\u0117 karto nepamynusioms t\u0117v\u0173 liepimo namo gr\u012f\u017eti devint\u0105. Tikiu, kad tapusios motinomis j\u016bs savyje atpa\u017einote t\u0105 laukin\u0119, pasiruo\u0161usi\u0105 u\u017e vaik\u0105 kautis nagais ir dantimis. A\u0161 esu j\u016bs\u0173 sesuo. Motinyst\u0117je. A\u0161 esu mama.<\/p>\n","protected":false},"featured_media":21063,"comment_status":"open","ping_status":"closed","template":"","meta":{"_acf_changed":false,"site-sidebar-layout":"default","site-content-layout":"","ast-site-content-layout":"default","site-content-style":"default","site-sidebar-style":"default","ast-global-header-display":"","ast-banner-title-visibility":"","ast-main-header-display":"","ast-hfb-above-header-display":"","ast-hfb-below-header-display":"","ast-hfb-mobile-header-display":"","site-post-title":"","ast-breadcrumbs-content":"","ast-featured-img":"","footer-sml-layout":"","ast-disable-related-posts":"","theme-transparent-header-meta":"","adv-header-id-meta":"","stick-header-meta":"","header-above-stick-meta":"","header-main-stick-meta":"","header-below-stick-meta":"","astra-migrate-meta-layouts":"default","ast-page-background-enabled":"default","ast-page-background-meta":{"desktop":{"background-color":"","background-image":"","background-repeat":"repeat","background-position":"center center","background-size":"auto","background-attachment":"scroll","background-type":"","background-media":"","overlay-type":"","overlay-color":"","overlay-opacity":"","overlay-gradient":""},"tablet":{"background-color":"","background-image":"","background-repeat":"repeat","background-position":"center center","background-size":"auto","background-attachment":"scroll","background-type":"","background-media":"","overlay-type":"","overlay-color":"","overlay-opacity":"","overlay-gradient":""},"mobile":{"background-color":"","background-image":"","background-repeat":"repeat","background-position":"center center","background-size":"auto","background-attachment":"scroll","background-type":"","background-media":"","overlay-type":"","overlay-color":"","overlay-opacity":"","overlay-gradient":""}},"ast-content-background-meta":{"desktop":{"background-color":"var(--ast-global-color-4)","background-image":"","background-repeat":"repeat","background-position":"center center","background-size":"auto","background-attachment":"scroll","background-type":"","background-media":"","overlay-type":"","overlay-color":"","overlay-opacity":"","overlay-gradient":""},"tablet":{"background-color":"var(--ast-global-color-4)","background-image":"","background-repeat":"repeat","background-position":"center center","background-size":"auto","background-attachment":"scroll","background-type":"","background-media":"","overlay-type":"","overlay-color":"","overlay-opacity":"","overlay-gradient":""},"mobile":{"background-color":"var(--ast-global-color-4)","background-image":"","background-repeat":"repeat","background-position":"center center","background-size":"auto","background-attachment":"scroll","background-type":"","background-media":"","overlay-type":"","overlay-color":"","overlay-opacity":"","overlay-gradient":""}}},"product_brand":[],"product_cat":[31],"product_tag":[5971,1818,1392,1646,8450],"class_list":{"0":"post-21058","1":"product","2":"type-product","3":"status-publish","4":"has-post-thumbnail","6":"product_cat-grozine-literatura","7":"product_tag-gyvenimo-patirtis","8":"product_tag-motinyste","9":"product_tag-psichologija","10":"product_tag-seima","11":"product_tag-vaiva-rykstaite","12":"desktop-align-left","13":"tablet-align-left","14":"mobile-align-left","16":"first","17":"instock","18":"shipping-taxable","19":"purchasable","20":"product-type-simple"},"acf":[],"yoast_head":"<!-- This site is optimized with the Yoast SEO plugin v27.0 - https:\/\/yoast.com\/product\/yoast-seo-wordpress\/ -->\n<title>Pirm\u0105kart mama<\/title>\n<meta name=\"description\" content=\"Vaiva Ryk\u0161tait\u0117 (g. 1985 m.) \u2013 filosofijos magistr\u0117, tinklara\u0161tinink\u0117. \u0160iuo metu gyvena Havajuose, augina dvi dukras. Trij\u0173 roman\u0173 autor\u0117. \u201ePirm\u0105kart\" \/>\n<meta name=\"robots\" content=\"index, follow, max-snippet:-1, max-image-preview:large, max-video-preview:-1\" \/>\n<link rel=\"canonical\" href=\"https:\/\/skaitytaknyga.lt\/en\/produktas\/pirmakart-mama\/\" \/>\n<meta property=\"og:locale\" content=\"en_GB\" \/>\n<meta property=\"og:locale:alternate\" content=\"lt_LT\" \/>\n<meta property=\"og:type\" content=\"article\" \/>\n<meta property=\"og:title\" content=\"Pirm\u0105kart mama\" \/>\n<meta property=\"og:description\" content=\"Vaiva Ryk\u0161tait\u0117 (g. 1985 m.) \u2013 filosofijos magistr\u0117, tinklara\u0161tinink\u0117. \u0160iuo metu gyvena Havajuose, augina dvi dukras. Trij\u0173 roman\u0173 autor\u0117. \u201ePirm\u0105kart\" \/>\n<meta property=\"og:url\" content=\"https:\/\/skaitytaknyga.lt\/en\/produktas\/pirmakart-mama\/\" \/>\n<meta property=\"og:site_name\" content=\"Skaitytaknyga\" \/>\n<meta property=\"article:publisher\" content=\"https:\/\/www.facebook.com\/skaitytaknyga\/\" \/>\n<meta property=\"article:modified_time\" content=\"2025-10-06T08:15:38+00:00\" \/>\n<meta property=\"og:image\" content=\"https:\/\/skaitytaknyga.lt\/wp-content\/uploads\/2025\/09\/Pirmakart-mama-1.webp\" \/>\n\t<meta property=\"og:image:width\" content=\"300\" \/>\n\t<meta property=\"og:image:height\" content=\"450\" \/>\n\t<meta property=\"og:image:type\" content=\"image\/webp\" \/>\n<meta name=\"twitter:card\" content=\"summary_large_image\" \/>\n<meta name=\"twitter:label1\" content=\"Estimated reading time\" \/>\n\t<meta name=\"twitter:data1\" content=\"1 minute\" \/>\n<script type=\"application\/ld+json\" class=\"yoast-schema-graph\">{\"@context\":\"https:\/\/schema.org\",\"@graph\":[{\"@type\":\"WebPage\",\"@id\":\"https:\/\/skaitytaknyga.lt\/produktas\/pirmakart-mama\/\",\"url\":\"https:\/\/skaitytaknyga.lt\/produktas\/pirmakart-mama\/\",\"name\":\"Pirm\u0105kart mama\",\"isPartOf\":{\"@id\":\"https:\/\/skaitytaknyga.lt\/#website\"},\"primaryImageOfPage\":{\"@id\":\"https:\/\/skaitytaknyga.lt\/produktas\/pirmakart-mama\/#primaryimage\"},\"image\":{\"@id\":\"https:\/\/skaitytaknyga.lt\/produktas\/pirmakart-mama\/#primaryimage\"},\"thumbnailUrl\":\"https:\/\/skaitytaknyga.lt\/wp-content\/uploads\/2025\/09\/Pirmakart-mama-1.webp\",\"datePublished\":\"2025-09-28T08:52:52+00:00\",\"dateModified\":\"2025-10-06T08:15:38+00:00\",\"description\":\"Vaiva Ryk\u0161tait\u0117 (g. 1985 m.) \u2013 filosofijos magistr\u0117, tinklara\u0161tinink\u0117. \u0160iuo metu gyvena Havajuose, augina dvi dukras. Trij\u0173 roman\u0173 autor\u0117. \u201ePirm\u0105kart\",\"breadcrumb\":{\"@id\":\"https:\/\/skaitytaknyga.lt\/produktas\/pirmakart-mama\/#breadcrumb\"},\"inLanguage\":\"en-GB\",\"potentialAction\":[{\"@type\":\"ReadAction\",\"target\":[\"https:\/\/skaitytaknyga.lt\/produktas\/pirmakart-mama\/\"]}]},{\"@type\":\"ImageObject\",\"inLanguage\":\"en-GB\",\"@id\":\"https:\/\/skaitytaknyga.lt\/produktas\/pirmakart-mama\/#primaryimage\",\"url\":\"https:\/\/skaitytaknyga.lt\/wp-content\/uploads\/2025\/09\/Pirmakart-mama-1.webp\",\"contentUrl\":\"https:\/\/skaitytaknyga.lt\/wp-content\/uploads\/2025\/09\/Pirmakart-mama-1.webp\",\"width\":300,\"height\":450,\"caption\":\"Pirm\u0105kart mama\"},{\"@type\":\"BreadcrumbList\",\"@id\":\"https:\/\/skaitytaknyga.lt\/produktas\/pirmakart-mama\/#breadcrumb\",\"itemListElement\":[{\"@type\":\"ListItem\",\"position\":1,\"name\":\"Home\",\"item\":\"https:\/\/skaitytaknyga.lt\/\"},{\"@type\":\"ListItem\",\"position\":2,\"name\":\"Parduotuv\u0117\",\"item\":\"https:\/\/skaitytaknyga.lt\/knygu-parduotuve\/\"},{\"@type\":\"ListItem\",\"position\":3,\"name\":\"Pirm\u0105kart mama\"}]},{\"@type\":\"WebSite\",\"@id\":\"https:\/\/skaitytaknyga.lt\/#website\",\"url\":\"https:\/\/skaitytaknyga.lt\/\",\"name\":\"skaitytaknyga.lt\",\"description\":\"Skaitytaknyga.lt \u2013 tai ma\u017eas \u0161eimos verslas, kuris prasid\u0117jo nuo meil\u0117s knygoms ir siekio i\u0161gelb\u0117ti knygas nuo likimo prie konteinerio. Kas vienam nereikalingas daiktas \u2013 kitam lobis, o mes esame tarpininkai, kurie padeda abiems tapti laimingesniems ???? \u017dinome kaip nelengva i\u0161gyventi ma\u017eiems verslams, tad nuo \u0161iol, \u010dia rasite ir kit\u0173, ma\u017e\u0173 \u0161eim\u0173 versl\u0173, rank\u0173 darbo, dovan\u0173 sau ir artimiesiems.\",\"publisher\":{\"@id\":\"https:\/\/skaitytaknyga.lt\/#organization\"},\"potentialAction\":[{\"@type\":\"SearchAction\",\"target\":{\"@type\":\"EntryPoint\",\"urlTemplate\":\"https:\/\/skaitytaknyga.lt\/?s={search_term_string}\"},\"query-input\":{\"@type\":\"PropertyValueSpecification\",\"valueRequired\":true,\"valueName\":\"search_term_string\"}}],\"inLanguage\":\"en-GB\"},{\"@type\":\"Organization\",\"@id\":\"https:\/\/skaitytaknyga.lt\/#organization\",\"name\":\"skaitytaknyga.lt\",\"url\":\"https:\/\/skaitytaknyga.lt\/\",\"logo\":{\"@type\":\"ImageObject\",\"inLanguage\":\"en-GB\",\"@id\":\"https:\/\/skaitytaknyga.lt\/#\/schema\/logo\/image\/\",\"url\":\"https:\/\/skaitytaknyga.lt\/wp-content\/uploads\/2024\/05\/cropped-cropped-cropped-02_00843_jt3bggkj1j3HLc7SyY6rEUpg.jpeg\",\"contentUrl\":\"https:\/\/skaitytaknyga.lt\/wp-content\/uploads\/2024\/05\/cropped-cropped-cropped-02_00843_jt3bggkj1j3HLc7SyY6rEUpg.jpeg\",\"width\":1600,\"height\":1600,\"caption\":\"skaitytaknyga.lt\"},\"image\":{\"@id\":\"https:\/\/skaitytaknyga.lt\/#\/schema\/logo\/image\/\"},\"sameAs\":[\"https:\/\/www.facebook.com\/skaitytaknyga\/\"]}]}<\/script>\n<!-- \/ Yoast SEO plugin. -->","yoast_head_json":{"title":"Pirm\u0105kart mama","description":"Vaiva Ryk\u0161tait\u0117 (g. 1985 m.) \u2013 filosofijos magistr\u0117, tinklara\u0161tinink\u0117. \u0160iuo metu gyvena Havajuose, augina dvi dukras. Trij\u0173 roman\u0173 autor\u0117. \u201ePirm\u0105kart","robots":{"index":"index","follow":"follow","max-snippet":"max-snippet:-1","max-image-preview":"max-image-preview:large","max-video-preview":"max-video-preview:-1"},"canonical":"https:\/\/skaitytaknyga.lt\/en\/produktas\/pirmakart-mama\/","og_locale":"en_GB","og_type":"article","og_title":"[:lt]Pirm\u0105kart mama[:] - Skaitytaknyga","og_description":"Vaiva Ryk\u0161tait\u0117 (g. 1985 m.) \u2013 filosofijos magistr\u0117, tinklara\u0161tinink\u0117. \u0160iuo metu gyvena Havajuose, augina dvi dukras. Trij\u0173 roman\u0173 autor\u0117. \u201ePirm\u0105kart","og_url":"https:\/\/skaitytaknyga.lt\/en\/produktas\/pirmakart-mama\/","og_site_name":"Skaitytaknyga","article_publisher":"https:\/\/www.facebook.com\/skaitytaknyga\/","article_modified_time":"2025-10-06T08:15:38+00:00","og_image":[{"width":300,"height":450,"url":"https:\/\/skaitytaknyga.lt\/wp-content\/uploads\/2025\/09\/Pirmakart-mama-1.webp","type":"image\/webp"}],"twitter_card":"summary_large_image","twitter_misc":{"Estimated reading time":"1 minute"},"schema":{"@context":"https:\/\/schema.org","@graph":[{"@type":"WebPage","@id":"https:\/\/skaitytaknyga.lt\/produktas\/pirmakart-mama\/","url":"https:\/\/skaitytaknyga.lt\/produktas\/pirmakart-mama\/","name":"Pirm\u0105kart mama","isPartOf":{"@id":"https:\/\/skaitytaknyga.lt\/#website"},"primaryImageOfPage":{"@id":"https:\/\/skaitytaknyga.lt\/produktas\/pirmakart-mama\/#primaryimage"},"image":{"@id":"https:\/\/skaitytaknyga.lt\/produktas\/pirmakart-mama\/#primaryimage"},"thumbnailUrl":"https:\/\/skaitytaknyga.lt\/wp-content\/uploads\/2025\/09\/Pirmakart-mama-1.webp","datePublished":"2025-09-28T08:52:52+00:00","dateModified":"2025-10-06T08:15:38+00:00","description":"Vaiva Ryk\u0161tait\u0117 (g. 1985 m.) \u2013 filosofijos magistr\u0117, tinklara\u0161tinink\u0117. \u0160iuo metu gyvena Havajuose, augina dvi dukras. Trij\u0173 roman\u0173 autor\u0117. \u201ePirm\u0105kart","breadcrumb":{"@id":"https:\/\/skaitytaknyga.lt\/produktas\/pirmakart-mama\/#breadcrumb"},"inLanguage":"en-GB","potentialAction":[{"@type":"ReadAction","target":["https:\/\/skaitytaknyga.lt\/produktas\/pirmakart-mama\/"]}]},{"@type":"ImageObject","inLanguage":"en-GB","@id":"https:\/\/skaitytaknyga.lt\/produktas\/pirmakart-mama\/#primaryimage","url":"https:\/\/skaitytaknyga.lt\/wp-content\/uploads\/2025\/09\/Pirmakart-mama-1.webp","contentUrl":"https:\/\/skaitytaknyga.lt\/wp-content\/uploads\/2025\/09\/Pirmakart-mama-1.webp","width":300,"height":450,"caption":"Pirm\u0105kart mama"},{"@type":"BreadcrumbList","@id":"https:\/\/skaitytaknyga.lt\/produktas\/pirmakart-mama\/#breadcrumb","itemListElement":[{"@type":"ListItem","position":1,"name":"Home","item":"https:\/\/skaitytaknyga.lt\/"},{"@type":"ListItem","position":2,"name":"Parduotuv\u0117","item":"https:\/\/skaitytaknyga.lt\/knygu-parduotuve\/"},{"@type":"ListItem","position":3,"name":"Pirm\u0105kart mama"}]},{"@type":"WebSite","@id":"https:\/\/skaitytaknyga.lt\/#website","url":"https:\/\/skaitytaknyga.lt\/","name":"skaitytaknyga.lt","description":"Skaitytaknyga.lt \u2013 tai ma\u017eas \u0161eimos verslas, kuris prasid\u0117jo nuo meil\u0117s knygoms ir siekio i\u0161gelb\u0117ti knygas nuo likimo prie konteinerio. Kas vienam nereikalingas daiktas \u2013 kitam lobis, o mes esame tarpininkai, kurie padeda abiems tapti laimingesniems ???? \u017dinome kaip nelengva i\u0161gyventi ma\u017eiems verslams, tad nuo \u0161iol, \u010dia rasite ir kit\u0173, ma\u017e\u0173 \u0161eim\u0173 versl\u0173, rank\u0173 darbo, dovan\u0173 sau ir artimiesiems.","publisher":{"@id":"https:\/\/skaitytaknyga.lt\/#organization"},"potentialAction":[{"@type":"SearchAction","target":{"@type":"EntryPoint","urlTemplate":"https:\/\/skaitytaknyga.lt\/?s={search_term_string}"},"query-input":{"@type":"PropertyValueSpecification","valueRequired":true,"valueName":"search_term_string"}}],"inLanguage":"en-GB"},{"@type":"Organization","@id":"https:\/\/skaitytaknyga.lt\/#organization","name":"skaitytaknyga.lt","url":"https:\/\/skaitytaknyga.lt\/","logo":{"@type":"ImageObject","inLanguage":"en-GB","@id":"https:\/\/skaitytaknyga.lt\/#\/schema\/logo\/image\/","url":"https:\/\/skaitytaknyga.lt\/wp-content\/uploads\/2024\/05\/cropped-cropped-cropped-02_00843_jt3bggkj1j3HLc7SyY6rEUpg.jpeg","contentUrl":"https:\/\/skaitytaknyga.lt\/wp-content\/uploads\/2024\/05\/cropped-cropped-cropped-02_00843_jt3bggkj1j3HLc7SyY6rEUpg.jpeg","width":1600,"height":1600,"caption":"skaitytaknyga.lt"},"image":{"@id":"https:\/\/skaitytaknyga.lt\/#\/schema\/logo\/image\/"},"sameAs":["https:\/\/www.facebook.com\/skaitytaknyga\/"]}]}},"_links":{"self":[{"href":"https:\/\/skaitytaknyga.lt\/en\/wp-json\/wp\/v2\/product\/21058","targetHints":{"allow":["GET"]}}],"collection":[{"href":"https:\/\/skaitytaknyga.lt\/en\/wp-json\/wp\/v2\/product"}],"about":[{"href":"https:\/\/skaitytaknyga.lt\/en\/wp-json\/wp\/v2\/types\/product"}],"replies":[{"embeddable":true,"href":"https:\/\/skaitytaknyga.lt\/en\/wp-json\/wp\/v2\/comments?post=21058"}],"wp:featuredmedia":[{"embeddable":true,"href":"https:\/\/skaitytaknyga.lt\/en\/wp-json\/wp\/v2\/media\/21063"}],"wp:attachment":[{"href":"https:\/\/skaitytaknyga.lt\/en\/wp-json\/wp\/v2\/media?parent=21058"}],"wp:term":[{"taxonomy":"product_brand","embeddable":true,"href":"https:\/\/skaitytaknyga.lt\/en\/wp-json\/wp\/v2\/product_brand?post=21058"},{"taxonomy":"product_cat","embeddable":true,"href":"https:\/\/skaitytaknyga.lt\/en\/wp-json\/wp\/v2\/product_cat?post=21058"},{"taxonomy":"product_tag","embeddable":true,"href":"https:\/\/skaitytaknyga.lt\/en\/wp-json\/wp\/v2\/product_tag?post=21058"}],"curies":[{"name":"wp","href":"https:\/\/api.w.org\/{rel}","templated":true}]}}