{"id":21057,"date":"2025-09-28T11:52:52","date_gmt":"2025-09-28T08:52:52","guid":{"rendered":"https:\/\/skaitytaknyga.lt\/?post_type=product&#038;p=21057"},"modified":"2026-03-05T13:16:58","modified_gmt":"2026-03-05T11:16:58","slug":"nepatogi-tiesa","status":"publish","type":"product","link":"https:\/\/skaitytaknyga.lt\/en\/produktas\/nepatogi-tiesa\/","title":{"rendered":"Nepatogi tiesa"},"content":{"rendered":"<p>Gibraltaro Did\u017eiosios Britanijos kar\u016bnos kolonijoje vykdoma itin slapta antiteroristin\u0117 operacija, kodiniu pavadinimu \u201eLaukin\u0117 gamta&#8221;. Tikslas: sugauti ir pagrobti \u012ftaking\u0105 d\u017eihadist\u0173 ginkl\u0173 pirk\u0117j\u0105. Operacijos sumanytojai: ambicingas U\u017esienio reikal\u0173 ministras ir jo artimas bi\u010diulis, atstovaujantis paslaptingai, su C\u017dA siejamai priva\u010diai gynybos \u012fmonei i\u0161 JAV.<\/p>\n<p>Operacijos baigtis, regis, s\u0117kminga, vienas jos vykdytoj\u0173 kyla karjeros laiptais&#8230; Ta\u010diau kaip viskas vyko i\u0161 ties\u0173? Kas dangstoma po \u0161ios operacijos, apie kuri\u0105 visi duomenys ir toliau skrupulingai slepiami, \u0161ydu? Po trej\u0173 met\u0173 susiklos\u010diusi\u0173 aplinkybi\u0173 ver\u010diami \u012f \u0161\u012f klausim\u0105 ie\u0161koti atsakymo imasi du \u2013 vienas buv\u0119s, kitas esamas \u2013 ministerijos tarnautojai: abu toli gra\u017eu ne heroji\u0161kos prigimties, vis d\u0117lto tiek vienas, tiek kitas, puikiai suvokdami, kad rizikuoja savo visuomenine pad\u0117timi, laisve ir net gyvybe, laiko savo garb\u0117s ir s\u0105\u017ein\u0117s reikalu i\u0161traukti \u012f dienos \u0161vies\u0105 vis\u0105 ties\u0105 apie \u0161i\u0105 grie\u017etai \u012fslaptint\u0105 operacij\u0105, kuri, kaip ai\u0161k\u0117ja, anuomet \u017elugo ir virto tikriausia g\u0117da.<\/p>\n","protected":false},"excerpt":{"rendered":"<p>Gibraltaro Did\u017eiosios Britanijos kar\u016bnos kolonijoje vykdoma itin slapta antiteroristin\u0117 operacija, kodiniu pavadinimu \u201eLaukin\u0117 gamta&#8221;. Tikslas: sugauti ir pagrobti \u012ftaking\u0105 d\u017eihadist\u0173 ginkl\u0173 pirk\u0117j\u0105. Operacijos sumanytojai: ambicingas U\u017esienio reikal\u0173 ministras ir jo artimas bi\u010diulis, atstovaujantis paslaptingai, su C\u017dA siejamai priva\u010diai gynybos \u012fmonei i\u0161 JAV. Operacijos baigtis, regis, s\u0117kminga, vienas jos vykdytoj\u0173 kyla karjeros laiptais&#8230; Ta\u010diau kaip viskas vyko i\u0161 ties\u0173? Kas dangstoma po \u0161ios operacijos, apie kuri\u0105 visi duomenys ir toliau skrupulingai slepiami, \u0161ydu? Po trej\u0173 met\u0173 susiklos\u010diusi\u0173 aplinkybi\u0173 ver\u010diami \u012f \u0161\u012f klausim\u0105 ie\u0161koti atsakymo imasi du \u2013 vienas buv\u0119s, kitas esamas \u2013 ministerijos tarnautojai: abu toli gra\u017eu ne heroji\u0161kos prigimties, vis d\u0117lto tiek vienas, tiek kitas, puikiai suvokdami, kad rizikuoja savo visuomenine pad\u0117timi, laisve ir net gyvybe, laiko savo garb\u0117s ir s\u0105\u017ein\u0117s reikalu i\u0161traukti \u012f dienos \u0161vies\u0105 vis\u0105 ties\u0105 apie \u0161i\u0105 grie\u017etai \u012fslaptint\u0105 operacij\u0105, kuri, kaip ai\u0161k\u0117ja, anuomet \u017elugo ir virto tikriausia g\u0117da.<\/p>\n","protected":false},"featured_media":21062,"comment_status":"open","ping_status":"closed","template":"","meta":{"_acf_changed":false,"site-sidebar-layout":"default","site-content-layout":"","ast-site-content-layout":"default","site-content-style":"default","site-sidebar-style":"default","ast-global-header-display":"","ast-banner-title-visibility":"","ast-main-header-display":"","ast-hfb-above-header-display":"","ast-hfb-below-header-display":"","ast-hfb-mobile-header-display":"","site-post-title":"","ast-breadcrumbs-content":"","ast-featured-img":"","footer-sml-layout":"","ast-disable-related-posts":"","theme-transparent-header-meta":"","adv-header-id-meta":"","stick-header-meta":"","header-above-stick-meta":"","header-main-stick-meta":"","header-below-stick-meta":"","astra-migrate-meta-layouts":"default","ast-page-background-enabled":"default","ast-page-background-meta":{"desktop":{"background-color":"","background-image":"","background-repeat":"repeat","background-position":"center center","background-size":"auto","background-attachment":"scroll","background-type":"","background-media":"","overlay-type":"","overlay-color":"","overlay-opacity":"","overlay-gradient":""},"tablet":{"background-color":"","background-image":"","background-repeat":"repeat","background-position":"center center","background-size":"auto","background-attachment":"scroll","background-type":"","background-media":"","overlay-type":"","overlay-color":"","overlay-opacity":"","overlay-gradient":""},"mobile":{"background-color":"","background-image":"","background-repeat":"repeat","background-position":"center center","background-size":"auto","background-attachment":"scroll","background-type":"","background-media":"","overlay-type":"","overlay-color":"","overlay-opacity":"","overlay-gradient":""}},"ast-content-background-meta":{"desktop":{"background-color":"var(--ast-global-color-4)","background-image":"","background-repeat":"repeat","background-position":"center center","background-size":"auto","background-attachment":"scroll","background-type":"","background-media":"","overlay-type":"","overlay-color":"","overlay-opacity":"","overlay-gradient":""},"tablet":{"background-color":"var(--ast-global-color-4)","background-image":"","background-repeat":"repeat","background-position":"center center","background-size":"auto","background-attachment":"scroll","background-type":"","background-media":"","overlay-type":"","overlay-color":"","overlay-opacity":"","overlay-gradient":""},"mobile":{"background-color":"var(--ast-global-color-4)","background-image":"","background-repeat":"repeat","background-position":"center center","background-size":"auto","background-attachment":"scroll","background-type":"","background-media":"","overlay-type":"","overlay-color":"","overlay-opacity":"","overlay-gradient":""}}},"product_brand":[],"product_cat":[9581],"product_tag":[8448,8449,2395,2493,1587],"class_list":{"0":"post-21057","1":"product","2":"type-product","3":"status-publish","4":"has-post-thumbnail","6":"product_cat-kriminaliniai-romanai","7":"product_tag-espionage","8":"product_tag-john-le-carre","9":"product_tag-politika","10":"product_tag-slaptos-operacijos","11":"product_tag-trileris","12":"desktop-align-left","13":"tablet-align-left","14":"mobile-align-left","16":"first","17":"instock","18":"shipping-taxable","19":"purchasable","20":"product-type-simple"},"acf":[],"yoast_head":"<!-- This site is optimized with the Yoast SEO plugin v27.0 - https:\/\/yoast.com\/product\/yoast-seo-wordpress\/ -->\n<title>Nepatogi tiesa<\/title>\n<meta name=\"description\" content=\"Gibraltaro Did\u017eiosios Britanijos kar\u016bnos kolonijoje vykdoma itin slapta antiteroristin\u0117 operacija, kodiniu pavadinimu \u201eLaukin\u0117 gamta&quot;. Tikslas: sugauti ir\" \/>\n<meta name=\"robots\" content=\"index, follow, max-snippet:-1, max-image-preview:large, max-video-preview:-1\" \/>\n<link rel=\"canonical\" href=\"https:\/\/skaitytaknyga.lt\/en\/produktas\/nepatogi-tiesa\/\" \/>\n<meta property=\"og:locale\" content=\"en_GB\" \/>\n<meta property=\"og:locale:alternate\" content=\"lt_LT\" \/>\n<meta property=\"og:type\" content=\"article\" \/>\n<meta property=\"og:title\" content=\"Nepatogi tiesa\" \/>\n<meta property=\"og:description\" content=\"Gibraltaro Did\u017eiosios Britanijos kar\u016bnos kolonijoje vykdoma itin slapta antiteroristin\u0117 operacija, kodiniu pavadinimu \u201eLaukin\u0117 gamta&quot;. Tikslas: sugauti ir\" \/>\n<meta property=\"og:url\" content=\"https:\/\/skaitytaknyga.lt\/en\/produktas\/nepatogi-tiesa\/\" \/>\n<meta property=\"og:site_name\" content=\"Skaitytaknyga\" \/>\n<meta property=\"article:publisher\" content=\"https:\/\/www.facebook.com\/skaitytaknyga\/\" \/>\n<meta property=\"article:modified_time\" content=\"2026-03-05T11:16:58+00:00\" \/>\n<meta property=\"og:image\" content=\"https:\/\/skaitytaknyga.lt\/wp-content\/uploads\/2025\/09\/Nepatogi-tiesa-2.webp\" \/>\n\t<meta property=\"og:image:width\" content=\"300\" \/>\n\t<meta property=\"og:image:height\" content=\"447\" \/>\n\t<meta property=\"og:image:type\" content=\"image\/webp\" \/>\n<meta name=\"twitter:card\" content=\"summary_large_image\" \/>\n<meta name=\"twitter:label1\" content=\"Estimated reading time\" \/>\n\t<meta name=\"twitter:data1\" content=\"1 minute\" \/>\n<script type=\"application\/ld+json\" class=\"yoast-schema-graph\">{\"@context\":\"https:\/\/schema.org\",\"@graph\":[{\"@type\":\"WebPage\",\"@id\":\"https:\/\/skaitytaknyga.lt\/produktas\/nepatogi-tiesa\/\",\"url\":\"https:\/\/skaitytaknyga.lt\/produktas\/nepatogi-tiesa\/\",\"name\":\"Nepatogi tiesa\",\"isPartOf\":{\"@id\":\"https:\/\/skaitytaknyga.lt\/#website\"},\"primaryImageOfPage\":{\"@id\":\"https:\/\/skaitytaknyga.lt\/produktas\/nepatogi-tiesa\/#primaryimage\"},\"image\":{\"@id\":\"https:\/\/skaitytaknyga.lt\/produktas\/nepatogi-tiesa\/#primaryimage\"},\"thumbnailUrl\":\"https:\/\/skaitytaknyga.lt\/wp-content\/uploads\/2025\/09\/Nepatogi-tiesa-2.webp\",\"datePublished\":\"2025-09-28T08:52:52+00:00\",\"dateModified\":\"2026-03-05T11:16:58+00:00\",\"description\":\"Gibraltaro Did\u017eiosios Britanijos kar\u016bnos kolonijoje vykdoma itin slapta antiteroristin\u0117 operacija, kodiniu pavadinimu \u201eLaukin\u0117 gamta\\\". Tikslas: sugauti ir\",\"breadcrumb\":{\"@id\":\"https:\/\/skaitytaknyga.lt\/produktas\/nepatogi-tiesa\/#breadcrumb\"},\"inLanguage\":\"en-GB\",\"potentialAction\":[{\"@type\":\"ReadAction\",\"target\":[\"https:\/\/skaitytaknyga.lt\/produktas\/nepatogi-tiesa\/\"]}]},{\"@type\":\"ImageObject\",\"inLanguage\":\"en-GB\",\"@id\":\"https:\/\/skaitytaknyga.lt\/produktas\/nepatogi-tiesa\/#primaryimage\",\"url\":\"https:\/\/skaitytaknyga.lt\/wp-content\/uploads\/2025\/09\/Nepatogi-tiesa-2.webp\",\"contentUrl\":\"https:\/\/skaitytaknyga.lt\/wp-content\/uploads\/2025\/09\/Nepatogi-tiesa-2.webp\",\"width\":300,\"height\":447,\"caption\":\"Nepatogi tiesa\"},{\"@type\":\"BreadcrumbList\",\"@id\":\"https:\/\/skaitytaknyga.lt\/produktas\/nepatogi-tiesa\/#breadcrumb\",\"itemListElement\":[{\"@type\":\"ListItem\",\"position\":1,\"name\":\"Home\",\"item\":\"https:\/\/skaitytaknyga.lt\/\"},{\"@type\":\"ListItem\",\"position\":2,\"name\":\"Parduotuv\u0117\",\"item\":\"https:\/\/skaitytaknyga.lt\/knygu-parduotuve\/\"},{\"@type\":\"ListItem\",\"position\":3,\"name\":\"Nepatogi tiesa\"}]},{\"@type\":\"WebSite\",\"@id\":\"https:\/\/skaitytaknyga.lt\/#website\",\"url\":\"https:\/\/skaitytaknyga.lt\/\",\"name\":\"skaitytaknyga.lt\",\"description\":\"Skaitytaknyga.lt \u2013 tai ma\u017eas \u0161eimos verslas, kuris prasid\u0117jo nuo meil\u0117s knygoms ir siekio i\u0161gelb\u0117ti knygas nuo likimo prie konteinerio. Kas vienam nereikalingas daiktas \u2013 kitam lobis, o mes esame tarpininkai, kurie padeda abiems tapti laimingesniems ???? \u017dinome kaip nelengva i\u0161gyventi ma\u017eiems verslams, tad nuo \u0161iol, \u010dia rasite ir kit\u0173, ma\u017e\u0173 \u0161eim\u0173 versl\u0173, rank\u0173 darbo, dovan\u0173 sau ir artimiesiems.\",\"publisher\":{\"@id\":\"https:\/\/skaitytaknyga.lt\/#organization\"},\"potentialAction\":[{\"@type\":\"SearchAction\",\"target\":{\"@type\":\"EntryPoint\",\"urlTemplate\":\"https:\/\/skaitytaknyga.lt\/?s={search_term_string}\"},\"query-input\":{\"@type\":\"PropertyValueSpecification\",\"valueRequired\":true,\"valueName\":\"search_term_string\"}}],\"inLanguage\":\"en-GB\"},{\"@type\":\"Organization\",\"@id\":\"https:\/\/skaitytaknyga.lt\/#organization\",\"name\":\"skaitytaknyga.lt\",\"url\":\"https:\/\/skaitytaknyga.lt\/\",\"logo\":{\"@type\":\"ImageObject\",\"inLanguage\":\"en-GB\",\"@id\":\"https:\/\/skaitytaknyga.lt\/#\/schema\/logo\/image\/\",\"url\":\"https:\/\/skaitytaknyga.lt\/wp-content\/uploads\/2024\/05\/cropped-cropped-cropped-02_00843_jt3bggkj1j3HLc7SyY6rEUpg.jpeg\",\"contentUrl\":\"https:\/\/skaitytaknyga.lt\/wp-content\/uploads\/2024\/05\/cropped-cropped-cropped-02_00843_jt3bggkj1j3HLc7SyY6rEUpg.jpeg\",\"width\":1600,\"height\":1600,\"caption\":\"skaitytaknyga.lt\"},\"image\":{\"@id\":\"https:\/\/skaitytaknyga.lt\/#\/schema\/logo\/image\/\"},\"sameAs\":[\"https:\/\/www.facebook.com\/skaitytaknyga\/\"]}]}<\/script>\n<!-- \/ Yoast SEO plugin. -->","yoast_head_json":{"title":"Nepatogi tiesa","description":"Gibraltaro Did\u017eiosios Britanijos kar\u016bnos kolonijoje vykdoma itin slapta antiteroristin\u0117 operacija, kodiniu pavadinimu \u201eLaukin\u0117 gamta\". Tikslas: sugauti ir","robots":{"index":"index","follow":"follow","max-snippet":"max-snippet:-1","max-image-preview":"max-image-preview:large","max-video-preview":"max-video-preview:-1"},"canonical":"https:\/\/skaitytaknyga.lt\/en\/produktas\/nepatogi-tiesa\/","og_locale":"en_GB","og_type":"article","og_title":"[:lt]Nepatogi tiesa[:] - Skaitytaknyga","og_description":"Gibraltaro Did\u017eiosios Britanijos kar\u016bnos kolonijoje vykdoma itin slapta antiteroristin\u0117 operacija, kodiniu pavadinimu \u201eLaukin\u0117 gamta\". Tikslas: sugauti ir","og_url":"https:\/\/skaitytaknyga.lt\/en\/produktas\/nepatogi-tiesa\/","og_site_name":"Skaitytaknyga","article_publisher":"https:\/\/www.facebook.com\/skaitytaknyga\/","article_modified_time":"2026-03-05T11:16:58+00:00","og_image":[{"width":300,"height":447,"url":"https:\/\/skaitytaknyga.lt\/wp-content\/uploads\/2025\/09\/Nepatogi-tiesa-2.webp","type":"image\/webp"}],"twitter_card":"summary_large_image","twitter_misc":{"Estimated reading time":"1 minute"},"schema":{"@context":"https:\/\/schema.org","@graph":[{"@type":"WebPage","@id":"https:\/\/skaitytaknyga.lt\/produktas\/nepatogi-tiesa\/","url":"https:\/\/skaitytaknyga.lt\/produktas\/nepatogi-tiesa\/","name":"Nepatogi tiesa","isPartOf":{"@id":"https:\/\/skaitytaknyga.lt\/#website"},"primaryImageOfPage":{"@id":"https:\/\/skaitytaknyga.lt\/produktas\/nepatogi-tiesa\/#primaryimage"},"image":{"@id":"https:\/\/skaitytaknyga.lt\/produktas\/nepatogi-tiesa\/#primaryimage"},"thumbnailUrl":"https:\/\/skaitytaknyga.lt\/wp-content\/uploads\/2025\/09\/Nepatogi-tiesa-2.webp","datePublished":"2025-09-28T08:52:52+00:00","dateModified":"2026-03-05T11:16:58+00:00","description":"Gibraltaro Did\u017eiosios Britanijos kar\u016bnos kolonijoje vykdoma itin slapta antiteroristin\u0117 operacija, kodiniu pavadinimu \u201eLaukin\u0117 gamta\". Tikslas: sugauti ir","breadcrumb":{"@id":"https:\/\/skaitytaknyga.lt\/produktas\/nepatogi-tiesa\/#breadcrumb"},"inLanguage":"en-GB","potentialAction":[{"@type":"ReadAction","target":["https:\/\/skaitytaknyga.lt\/produktas\/nepatogi-tiesa\/"]}]},{"@type":"ImageObject","inLanguage":"en-GB","@id":"https:\/\/skaitytaknyga.lt\/produktas\/nepatogi-tiesa\/#primaryimage","url":"https:\/\/skaitytaknyga.lt\/wp-content\/uploads\/2025\/09\/Nepatogi-tiesa-2.webp","contentUrl":"https:\/\/skaitytaknyga.lt\/wp-content\/uploads\/2025\/09\/Nepatogi-tiesa-2.webp","width":300,"height":447,"caption":"Nepatogi tiesa"},{"@type":"BreadcrumbList","@id":"https:\/\/skaitytaknyga.lt\/produktas\/nepatogi-tiesa\/#breadcrumb","itemListElement":[{"@type":"ListItem","position":1,"name":"Home","item":"https:\/\/skaitytaknyga.lt\/"},{"@type":"ListItem","position":2,"name":"Parduotuv\u0117","item":"https:\/\/skaitytaknyga.lt\/knygu-parduotuve\/"},{"@type":"ListItem","position":3,"name":"Nepatogi tiesa"}]},{"@type":"WebSite","@id":"https:\/\/skaitytaknyga.lt\/#website","url":"https:\/\/skaitytaknyga.lt\/","name":"skaitytaknyga.lt","description":"Skaitytaknyga.lt \u2013 tai ma\u017eas \u0161eimos verslas, kuris prasid\u0117jo nuo meil\u0117s knygoms ir siekio i\u0161gelb\u0117ti knygas nuo likimo prie konteinerio. Kas vienam nereikalingas daiktas \u2013 kitam lobis, o mes esame tarpininkai, kurie padeda abiems tapti laimingesniems ???? \u017dinome kaip nelengva i\u0161gyventi ma\u017eiems verslams, tad nuo \u0161iol, \u010dia rasite ir kit\u0173, ma\u017e\u0173 \u0161eim\u0173 versl\u0173, rank\u0173 darbo, dovan\u0173 sau ir artimiesiems.","publisher":{"@id":"https:\/\/skaitytaknyga.lt\/#organization"},"potentialAction":[{"@type":"SearchAction","target":{"@type":"EntryPoint","urlTemplate":"https:\/\/skaitytaknyga.lt\/?s={search_term_string}"},"query-input":{"@type":"PropertyValueSpecification","valueRequired":true,"valueName":"search_term_string"}}],"inLanguage":"en-GB"},{"@type":"Organization","@id":"https:\/\/skaitytaknyga.lt\/#organization","name":"skaitytaknyga.lt","url":"https:\/\/skaitytaknyga.lt\/","logo":{"@type":"ImageObject","inLanguage":"en-GB","@id":"https:\/\/skaitytaknyga.lt\/#\/schema\/logo\/image\/","url":"https:\/\/skaitytaknyga.lt\/wp-content\/uploads\/2024\/05\/cropped-cropped-cropped-02_00843_jt3bggkj1j3HLc7SyY6rEUpg.jpeg","contentUrl":"https:\/\/skaitytaknyga.lt\/wp-content\/uploads\/2024\/05\/cropped-cropped-cropped-02_00843_jt3bggkj1j3HLc7SyY6rEUpg.jpeg","width":1600,"height":1600,"caption":"skaitytaknyga.lt"},"image":{"@id":"https:\/\/skaitytaknyga.lt\/#\/schema\/logo\/image\/"},"sameAs":["https:\/\/www.facebook.com\/skaitytaknyga\/"]}]}},"_links":{"self":[{"href":"https:\/\/skaitytaknyga.lt\/en\/wp-json\/wp\/v2\/product\/21057","targetHints":{"allow":["GET"]}}],"collection":[{"href":"https:\/\/skaitytaknyga.lt\/en\/wp-json\/wp\/v2\/product"}],"about":[{"href":"https:\/\/skaitytaknyga.lt\/en\/wp-json\/wp\/v2\/types\/product"}],"replies":[{"embeddable":true,"href":"https:\/\/skaitytaknyga.lt\/en\/wp-json\/wp\/v2\/comments?post=21057"}],"wp:featuredmedia":[{"embeddable":true,"href":"https:\/\/skaitytaknyga.lt\/en\/wp-json\/wp\/v2\/media\/21062"}],"wp:attachment":[{"href":"https:\/\/skaitytaknyga.lt\/en\/wp-json\/wp\/v2\/media?parent=21057"}],"wp:term":[{"taxonomy":"product_brand","embeddable":true,"href":"https:\/\/skaitytaknyga.lt\/en\/wp-json\/wp\/v2\/product_brand?post=21057"},{"taxonomy":"product_cat","embeddable":true,"href":"https:\/\/skaitytaknyga.lt\/en\/wp-json\/wp\/v2\/product_cat?post=21057"},{"taxonomy":"product_tag","embeddable":true,"href":"https:\/\/skaitytaknyga.lt\/en\/wp-json\/wp\/v2\/product_tag?post=21057"}],"curies":[{"name":"wp","href":"https:\/\/api.w.org\/{rel}","templated":true}]}}