{"id":21050,"date":"2025-09-28T11:41:56","date_gmt":"2025-09-28T08:41:56","guid":{"rendered":"https:\/\/skaitytaknyga.lt\/?post_type=product&#038;p=21050"},"modified":"2026-03-18T14:59:42","modified_gmt":"2026-03-18T12:59:42","slug":"musiskiai","status":"publish","type":"product","link":"https:\/\/skaitytaknyga.lt\/en\/produktas\/musiskiai\/","title":{"rendered":"M\u016bsi\u0161kiai"},"content":{"rendered":"<p>\u201eM\u016bsi\u0161kiai\u201c \u2013 knyga apie \u017eudikus ir nu\u017eudytuosius. Apie lietuvius ir \u017eydus. Apie tai, kas \u012fvyko prie\u0161 75 metus su m\u016bsi\u0161kiais m\u016bs\u0173, Lietuvos, \u017eem\u0117je. Knyga pagr\u012fsta Lietuvos istorik\u0173 \u012f\u017evalgomis, \u017eudik\u0173 i\u0161pa\u017eintimis, \u017eudyni\u0173 liudinink\u0173 pasakojimais ir pokalbiais su Lietuvos senoliais, tebegyvenan\u010diais \u0161alia \u017eudyni\u0173 viet\u0173, kurias \u0161i\u0105 vasar\u0105 \u201ekelion\u0117je su prie\u0161u\u201c, pasaulyje garsiu naci\u0173 med\u017eiotoju Efraimu Zuroffu, aplank\u0117 autor\u0117.<\/p>\n<p>\u201eM\u016bsi\u0161kiai\u201c \u2013 stiprios moters knyga stipriems. Tiems, kurie neu\u017esimerkia prie\u0161 ties\u0105, tik\u0117damiesi, kad ji i\u0161nyks.<\/p>\n<p>Apie autor\u0119 R\u016bt\u0105 Vanagait\u0119:<\/p>\n<p>R\u016bta Vanagait\u0117 &#8211; festivalio LIFE \u012fk\u016br\u0117ja, teatrolog\u0117, rengini\u0173 ir TV projekt\u0173 prodiuser\u0117, leid\u0117ja, politik\u0117, rinkim\u0173 ir vie\u0161\u0173j\u0173 ry\u0161i\u0173 specialist\u0117, Vilniaus miesto savivaldyb\u0117s tarybos nar\u0117. 1993-aisiais net buvo \u012fvertinta kaip Lietuvos met\u0173 moteris. Dviej\u0173 bestseleriais tapusi\u0173 knyg\u0173 \u201ePareigos metas\u201c ir  \u201eNe bob\u0173 vasara\u201c, autor\u0117.<br \/>\nPirmoji Lietuvoje tokio pob\u016bd\u017eio knyga \u201ePareigos metas\u201c (2014 m.) tapo tikru pagalbininku ir atjau\u010dian\u010diu draugu tiems, kuriuos netik\u0117tai u\u017egriuvo ar kuri\u0173 netrukus laukia atsakomyb\u0117 pasir\u016bpinti senyvo am\u017eiaus artimaisiais.<br \/>\nAntrojoje 2015 metais pasirod\u017eiusioje ir didelio susidom\u0117jimo sulaukusioje knygoje \u201eNe bob\u0173 vasara\u201c,autor\u0117 kalba apie laisv\u0119 b\u016bti savimi, o \u0161iuo atveju \u2013 b\u016btent moterimi. Ji apra\u0161o tai, k\u0105 pa\u010diai teko atrasti bei suprasti, susid\u016brus su nustatytomis visuomen\u0117s normomis, spraud\u017eian\u010diomis individus \u012f stereotipinius r\u0117mus. Autor\u0117 nelaiko sav\u0119s tobulumo pavyzd\u017eiu, ta\u010diau viliasi, kad tai, k\u0105 ji sud\u0117jo savose knygose ka\u017ekam taps \u012fkv\u0117pimo \u0161altiniu.<\/p>\n","protected":false},"excerpt":{"rendered":"<p>\u201eM\u016bsi\u0161kiai\u201c \u2013 knyga apie \u017eudikus ir nu\u017eudytuosius. Apie lietuvius ir \u017eydus. Apie tai, kas \u012fvyko prie\u0161 75 metus su m\u016bsi\u0161kiais m\u016bs\u0173, Lietuvos, \u017eem\u0117je. Knyga pagr\u012fsta Lietuvos istorik\u0173 \u012f\u017evalgomis, \u017eudik\u0173 i\u0161pa\u017eintimis, \u017eudyni\u0173 liudinink\u0173 pasakojimais ir pokalbiais su Lietuvos senoliais, tebegyvenan\u010diais \u0161alia \u017eudyni\u0173 viet\u0173, kurias \u0161i\u0105 vasar\u0105 \u201ekelion\u0117je su prie\u0161u\u201c, pasaulyje garsiu naci\u0173 med\u017eiotoju Efraimu Zuroffu, aplank\u0117 autor\u0117. \u201eM\u016bsi\u0161kiai\u201c \u2013 stiprios moters knyga stipriems. Tiems, kurie neu\u017esimerkia prie\u0161 ties\u0105, tik\u0117damiesi, kad ji i\u0161nyks. Apie autor\u0119 R\u016bt\u0105 Vanagait\u0119: R\u016bta Vanagait\u0117 &#8211; festivalio LIFE \u012fk\u016br\u0117ja, teatrolog\u0117, rengini\u0173 ir TV projekt\u0173 prodiuser\u0117, leid\u0117ja, politik\u0117, rinkim\u0173 ir vie\u0161\u0173j\u0173 ry\u0161i\u0173 specialist\u0117, Vilniaus miesto savivaldyb\u0117s tarybos nar\u0117. 1993-aisiais net buvo \u012fvertinta kaip Lietuvos met\u0173 moteris. Dviej\u0173 bestseleriais tapusi\u0173 knyg\u0173 \u201ePareigos metas\u201c ir \u201eNe bob\u0173 vasara\u201c, autor\u0117. Pirmoji Lietuvoje tokio pob\u016bd\u017eio knyga \u201ePareigos metas\u201c (2014 m.) tapo tikru pagalbininku ir atjau\u010dian\u010diu draugu tiems, kuriuos netik\u0117tai u\u017egriuvo ar kuri\u0173 netrukus laukia atsakomyb\u0117 pasir\u016bpinti senyvo am\u017eiaus artimaisiais. Antrojoje 2015 metais pasirod\u017eiusioje ir didelio susidom\u0117jimo sulaukusioje knygoje \u201eNe bob\u0173 vasara\u201c,autor\u0117 kalba apie laisv\u0119 b\u016bti savimi, o \u0161iuo atveju \u2013 b\u016btent moterimi. Ji apra\u0161o tai, k\u0105 pa\u010diai teko atrasti bei suprasti, susid\u016brus su nustatytomis visuomen\u0117s normomis, spraud\u017eian\u010diomis individus \u012f stereotipinius r\u0117mus. Autor\u0117 nelaiko sav\u0119s tobulumo pavyzd\u017eiu, ta\u010diau viliasi, kad tai, k\u0105 ji sud\u0117jo savose knygose ka\u017ekam taps \u012fkv\u0117pimo \u0161altiniu.<\/p>\n","protected":false},"featured_media":21056,"comment_status":"open","ping_status":"closed","template":"","meta":{"_acf_changed":false,"site-sidebar-layout":"default","site-content-layout":"","ast-site-content-layout":"default","site-content-style":"default","site-sidebar-style":"default","ast-global-header-display":"","ast-banner-title-visibility":"","ast-main-header-display":"","ast-hfb-above-header-display":"","ast-hfb-below-header-display":"","ast-hfb-mobile-header-display":"","site-post-title":"","ast-breadcrumbs-content":"","ast-featured-img":"","footer-sml-layout":"","ast-disable-related-posts":"","theme-transparent-header-meta":"","adv-header-id-meta":"","stick-header-meta":"","header-above-stick-meta":"","header-main-stick-meta":"","header-below-stick-meta":"","astra-migrate-meta-layouts":"default","ast-page-background-enabled":"default","ast-page-background-meta":{"desktop":{"background-color":"","background-image":"","background-repeat":"repeat","background-position":"center center","background-size":"auto","background-attachment":"scroll","background-type":"","background-media":"","overlay-type":"","overlay-color":"","overlay-opacity":"","overlay-gradient":""},"tablet":{"background-color":"","background-image":"","background-repeat":"repeat","background-position":"center center","background-size":"auto","background-attachment":"scroll","background-type":"","background-media":"","overlay-type":"","overlay-color":"","overlay-opacity":"","overlay-gradient":""},"mobile":{"background-color":"","background-image":"","background-repeat":"repeat","background-position":"center center","background-size":"auto","background-attachment":"scroll","background-type":"","background-media":"","overlay-type":"","overlay-color":"","overlay-opacity":"","overlay-gradient":""}},"ast-content-background-meta":{"desktop":{"background-color":"var(--ast-global-color-4)","background-image":"","background-repeat":"repeat","background-position":"center center","background-size":"auto","background-attachment":"scroll","background-type":"","background-media":"","overlay-type":"","overlay-color":"","overlay-opacity":"","overlay-gradient":""},"tablet":{"background-color":"var(--ast-global-color-4)","background-image":"","background-repeat":"repeat","background-position":"center center","background-size":"auto","background-attachment":"scroll","background-type":"","background-media":"","overlay-type":"","overlay-color":"","overlay-opacity":"","overlay-gradient":""},"mobile":{"background-color":"var(--ast-global-color-4)","background-image":"","background-repeat":"repeat","background-position":"center center","background-size":"auto","background-attachment":"scroll","background-type":"","background-media":"","overlay-type":"","overlay-color":"","overlay-opacity":"","overlay-gradient":""}}},"product_brand":[],"product_cat":[9862,174],"product_tag":[3705,2224,2625,8447,8439,4878],"class_list":{"0":"post-21050","1":"product","2":"type-product","3":"status-publish","4":"has-post-thumbnail","6":"product_cat-lietuvos-istorija","7":"product_cat-istorija-ir-politologija","8":"product_tag-holokaustas","9":"product_tag-istorija","10":"product_tag-lietuva","11":"product_tag-naciai","12":"product_tag-ruta-vanagaite","13":"product_tag-zudynes","14":"desktop-align-left","15":"tablet-align-left","16":"mobile-align-left","18":"first","19":"outofstock","20":"shipping-taxable","21":"purchasable","22":"product-type-simple"},"acf":[],"yoast_head":"<!-- This site is optimized with the Yoast SEO plugin v27.0 - https:\/\/yoast.com\/product\/yoast-seo-wordpress\/ -->\n<title>M\u016bsi\u0161kiai<\/title>\n<meta name=\"description\" content=\"\u201eM\u016bsi\u0161kiai\u201c \u2013 knyga apie \u017eudikus ir nu\u017eudytuosius. Apie lietuvius ir \u017eydus. Apie tai, kas \u012fvyko prie\u0161 75 metus su m\u016bsi\u0161kiais m\u016bs\u0173, Lietuvos, \u017eem\u0117je. Knyga\" \/>\n<meta name=\"robots\" content=\"index, follow, max-snippet:-1, max-image-preview:large, max-video-preview:-1\" \/>\n<link rel=\"canonical\" href=\"https:\/\/skaitytaknyga.lt\/en\/produktas\/musiskiai\/\" \/>\n<meta property=\"og:locale\" content=\"en_GB\" \/>\n<meta property=\"og:locale:alternate\" content=\"lt_LT\" \/>\n<meta property=\"og:type\" content=\"article\" \/>\n<meta property=\"og:title\" content=\"M\u016bsi\u0161kiai\" \/>\n<meta property=\"og:description\" content=\"\u201eM\u016bsi\u0161kiai\u201c \u2013 knyga apie \u017eudikus ir nu\u017eudytuosius. Apie lietuvius ir \u017eydus. Apie tai, kas \u012fvyko prie\u0161 75 metus su m\u016bsi\u0161kiais m\u016bs\u0173, Lietuvos, \u017eem\u0117je. Knyga\" \/>\n<meta property=\"og:url\" content=\"https:\/\/skaitytaknyga.lt\/en\/produktas\/musiskiai\/\" \/>\n<meta property=\"og:site_name\" content=\"Skaitytaknyga\" \/>\n<meta property=\"article:publisher\" content=\"https:\/\/www.facebook.com\/skaitytaknyga\/\" \/>\n<meta property=\"article:modified_time\" content=\"2026-03-18T12:59:42+00:00\" \/>\n<meta property=\"og:image\" content=\"https:\/\/skaitytaknyga.lt\/wp-content\/uploads\/2025\/09\/Musiskiai-1.webp\" \/>\n\t<meta property=\"og:image:width\" content=\"300\" \/>\n\t<meta property=\"og:image:height\" content=\"448\" \/>\n\t<meta property=\"og:image:type\" content=\"image\/webp\" \/>\n<meta name=\"twitter:card\" content=\"summary_large_image\" \/>\n<meta name=\"twitter:label1\" content=\"Estimated reading time\" \/>\n\t<meta name=\"twitter:data1\" content=\"1 minute\" \/>\n<script type=\"application\/ld+json\" class=\"yoast-schema-graph\">{\"@context\":\"https:\/\/schema.org\",\"@graph\":[{\"@type\":\"WebPage\",\"@id\":\"https:\/\/skaitytaknyga.lt\/produktas\/musiskiai\/\",\"url\":\"https:\/\/skaitytaknyga.lt\/produktas\/musiskiai\/\",\"name\":\"M\u016bsi\u0161kiai\",\"isPartOf\":{\"@id\":\"https:\/\/skaitytaknyga.lt\/#website\"},\"primaryImageOfPage\":{\"@id\":\"https:\/\/skaitytaknyga.lt\/produktas\/musiskiai\/#primaryimage\"},\"image\":{\"@id\":\"https:\/\/skaitytaknyga.lt\/produktas\/musiskiai\/#primaryimage\"},\"thumbnailUrl\":\"https:\/\/skaitytaknyga.lt\/wp-content\/uploads\/2025\/09\/Musiskiai-1.webp\",\"datePublished\":\"2025-09-28T08:41:56+00:00\",\"dateModified\":\"2026-03-18T12:59:42+00:00\",\"description\":\"\u201eM\u016bsi\u0161kiai\u201c \u2013 knyga apie \u017eudikus ir nu\u017eudytuosius. Apie lietuvius ir \u017eydus. Apie tai, kas \u012fvyko prie\u0161 75 metus su m\u016bsi\u0161kiais m\u016bs\u0173, Lietuvos, \u017eem\u0117je. Knyga\",\"breadcrumb\":{\"@id\":\"https:\/\/skaitytaknyga.lt\/produktas\/musiskiai\/#breadcrumb\"},\"inLanguage\":\"en-GB\",\"potentialAction\":[{\"@type\":\"ReadAction\",\"target\":[\"https:\/\/skaitytaknyga.lt\/produktas\/musiskiai\/\"]}]},{\"@type\":\"ImageObject\",\"inLanguage\":\"en-GB\",\"@id\":\"https:\/\/skaitytaknyga.lt\/produktas\/musiskiai\/#primaryimage\",\"url\":\"https:\/\/skaitytaknyga.lt\/wp-content\/uploads\/2025\/09\/Musiskiai-1.webp\",\"contentUrl\":\"https:\/\/skaitytaknyga.lt\/wp-content\/uploads\/2025\/09\/Musiskiai-1.webp\",\"width\":300,\"height\":448,\"caption\":\"M\u016bsi\u0161kiai\"},{\"@type\":\"BreadcrumbList\",\"@id\":\"https:\/\/skaitytaknyga.lt\/produktas\/musiskiai\/#breadcrumb\",\"itemListElement\":[{\"@type\":\"ListItem\",\"position\":1,\"name\":\"Home\",\"item\":\"https:\/\/skaitytaknyga.lt\/\"},{\"@type\":\"ListItem\",\"position\":2,\"name\":\"Parduotuv\u0117\",\"item\":\"https:\/\/skaitytaknyga.lt\/knygu-parduotuve\/\"},{\"@type\":\"ListItem\",\"position\":3,\"name\":\"M\u016bsi\u0161kiai\"}]},{\"@type\":\"WebSite\",\"@id\":\"https:\/\/skaitytaknyga.lt\/#website\",\"url\":\"https:\/\/skaitytaknyga.lt\/\",\"name\":\"skaitytaknyga.lt\",\"description\":\"Skaitytaknyga.lt \u2013 tai ma\u017eas \u0161eimos verslas, kuris prasid\u0117jo nuo meil\u0117s knygoms ir siekio i\u0161gelb\u0117ti knygas nuo likimo prie konteinerio. Kas vienam nereikalingas daiktas \u2013 kitam lobis, o mes esame tarpininkai, kurie padeda abiems tapti laimingesniems ???? \u017dinome kaip nelengva i\u0161gyventi ma\u017eiems verslams, tad nuo \u0161iol, \u010dia rasite ir kit\u0173, ma\u017e\u0173 \u0161eim\u0173 versl\u0173, rank\u0173 darbo, dovan\u0173 sau ir artimiesiems.\",\"publisher\":{\"@id\":\"https:\/\/skaitytaknyga.lt\/#organization\"},\"potentialAction\":[{\"@type\":\"SearchAction\",\"target\":{\"@type\":\"EntryPoint\",\"urlTemplate\":\"https:\/\/skaitytaknyga.lt\/?s={search_term_string}\"},\"query-input\":{\"@type\":\"PropertyValueSpecification\",\"valueRequired\":true,\"valueName\":\"search_term_string\"}}],\"inLanguage\":\"en-GB\"},{\"@type\":\"Organization\",\"@id\":\"https:\/\/skaitytaknyga.lt\/#organization\",\"name\":\"skaitytaknyga.lt\",\"url\":\"https:\/\/skaitytaknyga.lt\/\",\"logo\":{\"@type\":\"ImageObject\",\"inLanguage\":\"en-GB\",\"@id\":\"https:\/\/skaitytaknyga.lt\/#\/schema\/logo\/image\/\",\"url\":\"https:\/\/skaitytaknyga.lt\/wp-content\/uploads\/2024\/05\/cropped-cropped-cropped-02_00843_jt3bggkj1j3HLc7SyY6rEUpg.jpeg\",\"contentUrl\":\"https:\/\/skaitytaknyga.lt\/wp-content\/uploads\/2024\/05\/cropped-cropped-cropped-02_00843_jt3bggkj1j3HLc7SyY6rEUpg.jpeg\",\"width\":1600,\"height\":1600,\"caption\":\"skaitytaknyga.lt\"},\"image\":{\"@id\":\"https:\/\/skaitytaknyga.lt\/#\/schema\/logo\/image\/\"},\"sameAs\":[\"https:\/\/www.facebook.com\/skaitytaknyga\/\"]}]}<\/script>\n<!-- \/ Yoast SEO plugin. -->","yoast_head_json":{"title":"M\u016bsi\u0161kiai","description":"\u201eM\u016bsi\u0161kiai\u201c \u2013 knyga apie \u017eudikus ir nu\u017eudytuosius. Apie lietuvius ir \u017eydus. Apie tai, kas \u012fvyko prie\u0161 75 metus su m\u016bsi\u0161kiais m\u016bs\u0173, Lietuvos, \u017eem\u0117je. Knyga","robots":{"index":"index","follow":"follow","max-snippet":"max-snippet:-1","max-image-preview":"max-image-preview:large","max-video-preview":"max-video-preview:-1"},"canonical":"https:\/\/skaitytaknyga.lt\/en\/produktas\/musiskiai\/","og_locale":"en_GB","og_type":"article","og_title":"[:lt]M\u016bsi\u0161kiai[:] - Skaitytaknyga","og_description":"\u201eM\u016bsi\u0161kiai\u201c \u2013 knyga apie \u017eudikus ir nu\u017eudytuosius. Apie lietuvius ir \u017eydus. Apie tai, kas \u012fvyko prie\u0161 75 metus su m\u016bsi\u0161kiais m\u016bs\u0173, Lietuvos, \u017eem\u0117je. Knyga","og_url":"https:\/\/skaitytaknyga.lt\/en\/produktas\/musiskiai\/","og_site_name":"Skaitytaknyga","article_publisher":"https:\/\/www.facebook.com\/skaitytaknyga\/","article_modified_time":"2026-03-18T12:59:42+00:00","og_image":[{"width":300,"height":448,"url":"https:\/\/skaitytaknyga.lt\/wp-content\/uploads\/2025\/09\/Musiskiai-1.webp","type":"image\/webp"}],"twitter_card":"summary_large_image","twitter_misc":{"Estimated reading time":"1 minute"},"schema":{"@context":"https:\/\/schema.org","@graph":[{"@type":"WebPage","@id":"https:\/\/skaitytaknyga.lt\/produktas\/musiskiai\/","url":"https:\/\/skaitytaknyga.lt\/produktas\/musiskiai\/","name":"M\u016bsi\u0161kiai","isPartOf":{"@id":"https:\/\/skaitytaknyga.lt\/#website"},"primaryImageOfPage":{"@id":"https:\/\/skaitytaknyga.lt\/produktas\/musiskiai\/#primaryimage"},"image":{"@id":"https:\/\/skaitytaknyga.lt\/produktas\/musiskiai\/#primaryimage"},"thumbnailUrl":"https:\/\/skaitytaknyga.lt\/wp-content\/uploads\/2025\/09\/Musiskiai-1.webp","datePublished":"2025-09-28T08:41:56+00:00","dateModified":"2026-03-18T12:59:42+00:00","description":"\u201eM\u016bsi\u0161kiai\u201c \u2013 knyga apie \u017eudikus ir nu\u017eudytuosius. Apie lietuvius ir \u017eydus. Apie tai, kas \u012fvyko prie\u0161 75 metus su m\u016bsi\u0161kiais m\u016bs\u0173, Lietuvos, \u017eem\u0117je. Knyga","breadcrumb":{"@id":"https:\/\/skaitytaknyga.lt\/produktas\/musiskiai\/#breadcrumb"},"inLanguage":"en-GB","potentialAction":[{"@type":"ReadAction","target":["https:\/\/skaitytaknyga.lt\/produktas\/musiskiai\/"]}]},{"@type":"ImageObject","inLanguage":"en-GB","@id":"https:\/\/skaitytaknyga.lt\/produktas\/musiskiai\/#primaryimage","url":"https:\/\/skaitytaknyga.lt\/wp-content\/uploads\/2025\/09\/Musiskiai-1.webp","contentUrl":"https:\/\/skaitytaknyga.lt\/wp-content\/uploads\/2025\/09\/Musiskiai-1.webp","width":300,"height":448,"caption":"M\u016bsi\u0161kiai"},{"@type":"BreadcrumbList","@id":"https:\/\/skaitytaknyga.lt\/produktas\/musiskiai\/#breadcrumb","itemListElement":[{"@type":"ListItem","position":1,"name":"Home","item":"https:\/\/skaitytaknyga.lt\/"},{"@type":"ListItem","position":2,"name":"Parduotuv\u0117","item":"https:\/\/skaitytaknyga.lt\/knygu-parduotuve\/"},{"@type":"ListItem","position":3,"name":"M\u016bsi\u0161kiai"}]},{"@type":"WebSite","@id":"https:\/\/skaitytaknyga.lt\/#website","url":"https:\/\/skaitytaknyga.lt\/","name":"skaitytaknyga.lt","description":"Skaitytaknyga.lt \u2013 tai ma\u017eas \u0161eimos verslas, kuris prasid\u0117jo nuo meil\u0117s knygoms ir siekio i\u0161gelb\u0117ti knygas nuo likimo prie konteinerio. Kas vienam nereikalingas daiktas \u2013 kitam lobis, o mes esame tarpininkai, kurie padeda abiems tapti laimingesniems ???? \u017dinome kaip nelengva i\u0161gyventi ma\u017eiems verslams, tad nuo \u0161iol, \u010dia rasite ir kit\u0173, ma\u017e\u0173 \u0161eim\u0173 versl\u0173, rank\u0173 darbo, dovan\u0173 sau ir artimiesiems.","publisher":{"@id":"https:\/\/skaitytaknyga.lt\/#organization"},"potentialAction":[{"@type":"SearchAction","target":{"@type":"EntryPoint","urlTemplate":"https:\/\/skaitytaknyga.lt\/?s={search_term_string}"},"query-input":{"@type":"PropertyValueSpecification","valueRequired":true,"valueName":"search_term_string"}}],"inLanguage":"en-GB"},{"@type":"Organization","@id":"https:\/\/skaitytaknyga.lt\/#organization","name":"skaitytaknyga.lt","url":"https:\/\/skaitytaknyga.lt\/","logo":{"@type":"ImageObject","inLanguage":"en-GB","@id":"https:\/\/skaitytaknyga.lt\/#\/schema\/logo\/image\/","url":"https:\/\/skaitytaknyga.lt\/wp-content\/uploads\/2024\/05\/cropped-cropped-cropped-02_00843_jt3bggkj1j3HLc7SyY6rEUpg.jpeg","contentUrl":"https:\/\/skaitytaknyga.lt\/wp-content\/uploads\/2024\/05\/cropped-cropped-cropped-02_00843_jt3bggkj1j3HLc7SyY6rEUpg.jpeg","width":1600,"height":1600,"caption":"skaitytaknyga.lt"},"image":{"@id":"https:\/\/skaitytaknyga.lt\/#\/schema\/logo\/image\/"},"sameAs":["https:\/\/www.facebook.com\/skaitytaknyga\/"]}]}},"_links":{"self":[{"href":"https:\/\/skaitytaknyga.lt\/en\/wp-json\/wp\/v2\/product\/21050","targetHints":{"allow":["GET"]}}],"collection":[{"href":"https:\/\/skaitytaknyga.lt\/en\/wp-json\/wp\/v2\/product"}],"about":[{"href":"https:\/\/skaitytaknyga.lt\/en\/wp-json\/wp\/v2\/types\/product"}],"replies":[{"embeddable":true,"href":"https:\/\/skaitytaknyga.lt\/en\/wp-json\/wp\/v2\/comments?post=21050"}],"wp:featuredmedia":[{"embeddable":true,"href":"https:\/\/skaitytaknyga.lt\/en\/wp-json\/wp\/v2\/media\/21056"}],"wp:attachment":[{"href":"https:\/\/skaitytaknyga.lt\/en\/wp-json\/wp\/v2\/media?parent=21050"}],"wp:term":[{"taxonomy":"product_brand","embeddable":true,"href":"https:\/\/skaitytaknyga.lt\/en\/wp-json\/wp\/v2\/product_brand?post=21050"},{"taxonomy":"product_cat","embeddable":true,"href":"https:\/\/skaitytaknyga.lt\/en\/wp-json\/wp\/v2\/product_cat?post=21050"},{"taxonomy":"product_tag","embeddable":true,"href":"https:\/\/skaitytaknyga.lt\/en\/wp-json\/wp\/v2\/product_tag?post=21050"}],"curies":[{"name":"wp","href":"https:\/\/api.w.org\/{rel}","templated":true}]}}