{"id":21049,"date":"2025-09-28T11:41:56","date_gmt":"2025-09-28T08:41:56","guid":{"rendered":"https:\/\/skaitytaknyga.lt\/?post_type=product&#038;p=21049"},"modified":"2026-02-26T10:10:28","modified_gmt":"2026-02-26T08:10:28","slug":"tik-i-prieki-tevas-zeraras","status":"publish","type":"product","link":"https:\/\/skaitytaknyga.lt\/en\/produktas\/tik-i-prieki-tevas-zeraras\/","title":{"rendered":"Tik \u012f priek\u012f. T\u0117vas \u017deraras"},"content":{"rendered":"<p>B\u016bti jautriam yra gerai, bet reikia nustatyti tam tikr\u0105 distancij\u0105 tarp pasaulio reikal\u0173 ir sav\u0119s.<br \/>\nPad\u0117ti kitiems galima saikingai, bet myl\u0117ti kitus reikia bes\u0105lygi\u0161kai, nes meil\u0117s saikas yra besaikis.<br \/>\n\u0160viesoforo principas: ar ateina ramyb\u0117 priimant sprendim\u0105? Raudona \u2013 neramyb\u0117, kuri rei\u0161kia: sustoti. Geltona \u2013 abejon\u0117, kuri rei\u0161kia: luktel\u0117ti. \u017dalia \u2013 ramuma, kuri rei\u0161kia: eiti \u012f priek\u012f.<br \/>\nJei j\u016bs\u0173 vieni\u0161a \u0161irdis yra nerami ir visur ie\u0161kote artimo \u017emogaus, eikite pas pir\u0161l\u012f \u0161vent\u0105j\u012f Juozap\u0105. Kurioje nors ba\u017eny\u010dioje susirad\u0119 jo statul\u0117l\u0119 ar paveiksl\u0105, sakykite: \u201e\u0160v. Juozapai, mano reikalas nuo \u0161iol yra ir tavo reikalas\u201c. Niekada nenuleiskite rank\u0173 ir niekada neie\u0161kokite vien \u017emogi\u0161kai; paveskite savo r\u016bpest\u012f \u0161ventajam Juozapui.<br \/>\nK\u0105 daryti ligos metu?<br \/>\nVisur ir visada d\u0117koti. Gydytojams, slaugytojams, slaugytoj\u0173 pad\u0117j\u0117jams. Prisimenu, kaip \u0161eimoje mes visada prie stalo tur\u0117jome atsid\u0117koti. Tik t\u0117tis dalydavo duon\u0105 ir, prie\u0161 duodamas riek\u0119, sakydavo: \u201eKas sakoma?\u201c O mes, vaikai, visada tur\u0117jome atsakyti: \u201eA\u010di\u016b\u201c. Tuo noriu pasakyti, kad reikia laikytis tos taisykl\u0117s. Visada reikia pad\u0117koti \u017emogui u\u017e pagalb\u0105. A\u010di\u016b, t\u0117ti, u\u017e duon\u0105. Noriu kiekvienam \u017emogui pad\u0117koti u\u017e kiekvien\u0105 pagalb\u0105. Turiu tro\u0161kim\u0105 visada d\u0117koti. Nor\u0117\u010diau, kad mano gyvenimas b\u016bt\u0173 nuolatinis pad\u0117kojimas kiekvienam \u017emogui.<\/p>\n","protected":false},"excerpt":{"rendered":"<p>B\u016bti jautriam yra gerai, bet reikia nustatyti tam tikr\u0105 distancij\u0105 tarp pasaulio reikal\u0173 ir sav\u0119s. Pad\u0117ti kitiems galima saikingai, bet myl\u0117ti kitus reikia bes\u0105lygi\u0161kai, nes meil\u0117s saikas yra besaikis. \u0160viesoforo principas: ar ateina ramyb\u0117 priimant sprendim\u0105? Raudona \u2013 neramyb\u0117, kuri rei\u0161kia: sustoti. Geltona \u2013 abejon\u0117, kuri rei\u0161kia: luktel\u0117ti. \u017dalia \u2013 ramuma, kuri rei\u0161kia: eiti \u012f priek\u012f. Jei j\u016bs\u0173 vieni\u0161a \u0161irdis yra nerami ir visur ie\u0161kote artimo \u017emogaus, eikite pas pir\u0161l\u012f \u0161vent\u0105j\u012f Juozap\u0105. Kurioje nors ba\u017eny\u010dioje susirad\u0119 jo statul\u0117l\u0119 ar paveiksl\u0105, sakykite: \u201e\u0160v. Juozapai, mano reikalas nuo \u0161iol yra ir tavo reikalas\u201c. Niekada nenuleiskite rank\u0173 ir niekada neie\u0161kokite vien \u017emogi\u0161kai; paveskite savo r\u016bpest\u012f \u0161ventajam Juozapui. K\u0105 daryti ligos metu? Visur ir visada d\u0117koti. Gydytojams, slaugytojams, slaugytoj\u0173 pad\u0117j\u0117jams. Prisimenu, kaip \u0161eimoje mes visada prie stalo tur\u0117jome atsid\u0117koti. Tik t\u0117tis dalydavo duon\u0105 ir, prie\u0161 duodamas riek\u0119, sakydavo: \u201eKas sakoma?\u201c O mes, vaikai, visada tur\u0117jome atsakyti: \u201eA\u010di\u016b\u201c. Tuo noriu pasakyti, kad reikia laikytis tos taisykl\u0117s. Visada reikia pad\u0117koti \u017emogui u\u017e pagalb\u0105. A\u010di\u016b, t\u0117ti, u\u017e duon\u0105. Noriu kiekvienam \u017emogui pad\u0117koti u\u017e kiekvien\u0105 pagalb\u0105. Turiu tro\u0161kim\u0105 visada d\u0117koti. Nor\u0117\u010diau, kad mano gyvenimas b\u016bt\u0173 nuolatinis pad\u0117kojimas kiekvienam \u017emogui.<\/p>\n","protected":false},"featured_media":21055,"comment_status":"open","ping_status":"closed","template":"","meta":{"_acf_changed":false,"site-sidebar-layout":"default","site-content-layout":"","ast-site-content-layout":"default","site-content-style":"default","site-sidebar-style":"default","ast-global-header-display":"","ast-banner-title-visibility":"","ast-main-header-display":"","ast-hfb-above-header-display":"","ast-hfb-below-header-display":"","ast-hfb-mobile-header-display":"","site-post-title":"","ast-breadcrumbs-content":"","ast-featured-img":"","footer-sml-layout":"","ast-disable-related-posts":"","theme-transparent-header-meta":"","adv-header-id-meta":"","stick-header-meta":"","header-above-stick-meta":"","header-main-stick-meta":"","header-below-stick-meta":"","astra-migrate-meta-layouts":"default","ast-page-background-enabled":"default","ast-page-background-meta":{"desktop":{"background-color":"","background-image":"","background-repeat":"repeat","background-position":"center center","background-size":"auto","background-attachment":"scroll","background-type":"","background-media":"","overlay-type":"","overlay-color":"","overlay-opacity":"","overlay-gradient":""},"tablet":{"background-color":"","background-image":"","background-repeat":"repeat","background-position":"center center","background-size":"auto","background-attachment":"scroll","background-type":"","background-media":"","overlay-type":"","overlay-color":"","overlay-opacity":"","overlay-gradient":""},"mobile":{"background-color":"","background-image":"","background-repeat":"repeat","background-position":"center center","background-size":"auto","background-attachment":"scroll","background-type":"","background-media":"","overlay-type":"","overlay-color":"","overlay-opacity":"","overlay-gradient":""}},"ast-content-background-meta":{"desktop":{"background-color":"var(--ast-global-color-4)","background-image":"","background-repeat":"repeat","background-position":"center center","background-size":"auto","background-attachment":"scroll","background-type":"","background-media":"","overlay-type":"","overlay-color":"","overlay-opacity":"","overlay-gradient":""},"tablet":{"background-color":"var(--ast-global-color-4)","background-image":"","background-repeat":"repeat","background-position":"center center","background-size":"auto","background-attachment":"scroll","background-type":"","background-media":"","overlay-type":"","overlay-color":"","overlay-opacity":"","overlay-gradient":""},"mobile":{"background-color":"var(--ast-global-color-4)","background-image":"","background-repeat":"repeat","background-position":"center center","background-size":"auto","background-attachment":"scroll","background-type":"","background-media":"","overlay-type":"","overlay-color":"","overlay-opacity":"","overlay-gradient":""}}},"product_brand":[],"product_cat":[165],"product_tag":[6734,7686,1409],"class_list":{"0":"post-21049","1":"product","2":"type-product","3":"status-publish","4":"has-post-thumbnail","6":"product_cat-religija-filosofija-ir-ezoterika","7":"product_tag-dvasine-literatura","8":"product_tag-gyvenimo-pamokos","9":"product_tag-motyvacija","10":"desktop-align-left","11":"tablet-align-left","12":"mobile-align-left","14":"first","15":"instock","16":"shipping-taxable","17":"purchasable","18":"product-type-simple"},"acf":[],"yoast_head":"<!-- This site is optimized with the Yoast SEO plugin v27.0 - https:\/\/yoast.com\/product\/yoast-seo-wordpress\/ -->\n<title>Tik \u012f priek\u012f. T\u0117vas \u017deraras<\/title>\n<meta name=\"description\" content=\"B\u016bti jautriam yra gerai, bet reikia nustatyti tam tikr\u0105 distancij\u0105 tarp pasaulio reikal\u0173 ir sav\u0119s. Pad\u0117ti kitiems galima saikingai, bet myl\u0117ti kitus\" \/>\n<meta name=\"robots\" content=\"index, follow, max-snippet:-1, max-image-preview:large, max-video-preview:-1\" \/>\n<link rel=\"canonical\" href=\"https:\/\/skaitytaknyga.lt\/en\/produktas\/tik-i-prieki-tevas-zeraras\/\" \/>\n<meta property=\"og:locale\" content=\"en_GB\" \/>\n<meta property=\"og:locale:alternate\" content=\"lt_LT\" \/>\n<meta property=\"og:type\" content=\"article\" \/>\n<meta property=\"og:title\" content=\"Tik \u012f priek\u012f. T\u0117vas \u017deraras\" \/>\n<meta property=\"og:description\" content=\"B\u016bti jautriam yra gerai, bet reikia nustatyti tam tikr\u0105 distancij\u0105 tarp pasaulio reikal\u0173 ir sav\u0119s. Pad\u0117ti kitiems galima saikingai, bet myl\u0117ti kitus\" \/>\n<meta property=\"og:url\" content=\"https:\/\/skaitytaknyga.lt\/en\/produktas\/tik-i-prieki-tevas-zeraras\/\" \/>\n<meta property=\"og:site_name\" content=\"Skaitytaknyga\" \/>\n<meta property=\"article:publisher\" content=\"https:\/\/www.facebook.com\/skaitytaknyga\/\" \/>\n<meta property=\"article:modified_time\" content=\"2026-02-26T08:10:28+00:00\" \/>\n<meta property=\"og:image\" content=\"https:\/\/skaitytaknyga.lt\/wp-content\/uploads\/2025\/09\/Tik-i-prieki-Pasakojimai-padrasinimai-prisiminimai.-Tevas-Zeraras-de-Martel-e1759049396335.webp\" \/>\n\t<meta property=\"og:image:width\" content=\"332\" \/>\n\t<meta property=\"og:image:height\" content=\"552\" \/>\n\t<meta property=\"og:image:type\" content=\"image\/webp\" \/>\n<meta name=\"twitter:card\" content=\"summary_large_image\" \/>\n<meta name=\"twitter:label1\" content=\"Estimated reading time\" \/>\n\t<meta name=\"twitter:data1\" content=\"1 minute\" \/>\n<script type=\"application\/ld+json\" class=\"yoast-schema-graph\">{\"@context\":\"https:\/\/schema.org\",\"@graph\":[{\"@type\":\"WebPage\",\"@id\":\"https:\/\/skaitytaknyga.lt\/produktas\/tik-i-prieki-tevas-zeraras\/\",\"url\":\"https:\/\/skaitytaknyga.lt\/produktas\/tik-i-prieki-tevas-zeraras\/\",\"name\":\"Tik \u012f priek\u012f. T\u0117vas \u017deraras\",\"isPartOf\":{\"@id\":\"https:\/\/skaitytaknyga.lt\/#website\"},\"primaryImageOfPage\":{\"@id\":\"https:\/\/skaitytaknyga.lt\/produktas\/tik-i-prieki-tevas-zeraras\/#primaryimage\"},\"image\":{\"@id\":\"https:\/\/skaitytaknyga.lt\/produktas\/tik-i-prieki-tevas-zeraras\/#primaryimage\"},\"thumbnailUrl\":\"https:\/\/skaitytaknyga.lt\/wp-content\/uploads\/2025\/09\/Tik-i-prieki-Pasakojimai-padrasinimai-prisiminimai.-Tevas-Zeraras-de-Martel-e1759049396335.webp\",\"datePublished\":\"2025-09-28T08:41:56+00:00\",\"dateModified\":\"2026-02-26T08:10:28+00:00\",\"description\":\"B\u016bti jautriam yra gerai, bet reikia nustatyti tam tikr\u0105 distancij\u0105 tarp pasaulio reikal\u0173 ir sav\u0119s. Pad\u0117ti kitiems galima saikingai, bet myl\u0117ti kitus\",\"breadcrumb\":{\"@id\":\"https:\/\/skaitytaknyga.lt\/produktas\/tik-i-prieki-tevas-zeraras\/#breadcrumb\"},\"inLanguage\":\"en-GB\",\"potentialAction\":[{\"@type\":\"ReadAction\",\"target\":[\"https:\/\/skaitytaknyga.lt\/produktas\/tik-i-prieki-tevas-zeraras\/\"]}]},{\"@type\":\"ImageObject\",\"inLanguage\":\"en-GB\",\"@id\":\"https:\/\/skaitytaknyga.lt\/produktas\/tik-i-prieki-tevas-zeraras\/#primaryimage\",\"url\":\"https:\/\/skaitytaknyga.lt\/wp-content\/uploads\/2025\/09\/Tik-i-prieki-Pasakojimai-padrasinimai-prisiminimai.-Tevas-Zeraras-de-Martel-e1759049396335.webp\",\"contentUrl\":\"https:\/\/skaitytaknyga.lt\/wp-content\/uploads\/2025\/09\/Tik-i-prieki-Pasakojimai-padrasinimai-prisiminimai.-Tevas-Zeraras-de-Martel-e1759049396335.webp\",\"width\":332,\"height\":552,\"caption\":\"Tik \u012f priek\u012f Pasakojimai, padr\u0105sinimai, prisiminimai. T\u0117vas \u017d\u0117raras de Martel\"},{\"@type\":\"BreadcrumbList\",\"@id\":\"https:\/\/skaitytaknyga.lt\/produktas\/tik-i-prieki-tevas-zeraras\/#breadcrumb\",\"itemListElement\":[{\"@type\":\"ListItem\",\"position\":1,\"name\":\"Home\",\"item\":\"https:\/\/skaitytaknyga.lt\/\"},{\"@type\":\"ListItem\",\"position\":2,\"name\":\"Parduotuv\u0117\",\"item\":\"https:\/\/skaitytaknyga.lt\/knygu-parduotuve\/\"},{\"@type\":\"ListItem\",\"position\":3,\"name\":\"Tik \u012f priek\u012f. T\u0117vas \u017deraras\"}]},{\"@type\":\"WebSite\",\"@id\":\"https:\/\/skaitytaknyga.lt\/#website\",\"url\":\"https:\/\/skaitytaknyga.lt\/\",\"name\":\"skaitytaknyga.lt\",\"description\":\"Skaitytaknyga.lt \u2013 tai ma\u017eas \u0161eimos verslas, kuris prasid\u0117jo nuo meil\u0117s knygoms ir siekio i\u0161gelb\u0117ti knygas nuo likimo prie konteinerio. Kas vienam nereikalingas daiktas \u2013 kitam lobis, o mes esame tarpininkai, kurie padeda abiems tapti laimingesniems ???? \u017dinome kaip nelengva i\u0161gyventi ma\u017eiems verslams, tad nuo \u0161iol, \u010dia rasite ir kit\u0173, ma\u017e\u0173 \u0161eim\u0173 versl\u0173, rank\u0173 darbo, dovan\u0173 sau ir artimiesiems.\",\"publisher\":{\"@id\":\"https:\/\/skaitytaknyga.lt\/#organization\"},\"potentialAction\":[{\"@type\":\"SearchAction\",\"target\":{\"@type\":\"EntryPoint\",\"urlTemplate\":\"https:\/\/skaitytaknyga.lt\/?s={search_term_string}\"},\"query-input\":{\"@type\":\"PropertyValueSpecification\",\"valueRequired\":true,\"valueName\":\"search_term_string\"}}],\"inLanguage\":\"en-GB\"},{\"@type\":\"Organization\",\"@id\":\"https:\/\/skaitytaknyga.lt\/#organization\",\"name\":\"skaitytaknyga.lt\",\"url\":\"https:\/\/skaitytaknyga.lt\/\",\"logo\":{\"@type\":\"ImageObject\",\"inLanguage\":\"en-GB\",\"@id\":\"https:\/\/skaitytaknyga.lt\/#\/schema\/logo\/image\/\",\"url\":\"https:\/\/skaitytaknyga.lt\/wp-content\/uploads\/2024\/05\/cropped-cropped-cropped-02_00843_jt3bggkj1j3HLc7SyY6rEUpg.jpeg\",\"contentUrl\":\"https:\/\/skaitytaknyga.lt\/wp-content\/uploads\/2024\/05\/cropped-cropped-cropped-02_00843_jt3bggkj1j3HLc7SyY6rEUpg.jpeg\",\"width\":1600,\"height\":1600,\"caption\":\"skaitytaknyga.lt\"},\"image\":{\"@id\":\"https:\/\/skaitytaknyga.lt\/#\/schema\/logo\/image\/\"},\"sameAs\":[\"https:\/\/www.facebook.com\/skaitytaknyga\/\"]}]}<\/script>\n<!-- \/ Yoast SEO plugin. -->","yoast_head_json":{"title":"Tik \u012f priek\u012f. T\u0117vas \u017deraras","description":"B\u016bti jautriam yra gerai, bet reikia nustatyti tam tikr\u0105 distancij\u0105 tarp pasaulio reikal\u0173 ir sav\u0119s. Pad\u0117ti kitiems galima saikingai, bet myl\u0117ti kitus","robots":{"index":"index","follow":"follow","max-snippet":"max-snippet:-1","max-image-preview":"max-image-preview:large","max-video-preview":"max-video-preview:-1"},"canonical":"https:\/\/skaitytaknyga.lt\/en\/produktas\/tik-i-prieki-tevas-zeraras\/","og_locale":"en_GB","og_type":"article","og_title":"[:lt]Tik \u012f priek\u012f. T\u0117vas \u017deraras[:] - Skaitytaknyga","og_description":"B\u016bti jautriam yra gerai, bet reikia nustatyti tam tikr\u0105 distancij\u0105 tarp pasaulio reikal\u0173 ir sav\u0119s. Pad\u0117ti kitiems galima saikingai, bet myl\u0117ti kitus","og_url":"https:\/\/skaitytaknyga.lt\/en\/produktas\/tik-i-prieki-tevas-zeraras\/","og_site_name":"Skaitytaknyga","article_publisher":"https:\/\/www.facebook.com\/skaitytaknyga\/","article_modified_time":"2026-02-26T08:10:28+00:00","og_image":[{"width":332,"height":552,"url":"https:\/\/skaitytaknyga.lt\/wp-content\/uploads\/2025\/09\/Tik-i-prieki-Pasakojimai-padrasinimai-prisiminimai.-Tevas-Zeraras-de-Martel-e1759049396335.webp","type":"image\/webp"}],"twitter_card":"summary_large_image","twitter_misc":{"Estimated reading time":"1 minute"},"schema":{"@context":"https:\/\/schema.org","@graph":[{"@type":"WebPage","@id":"https:\/\/skaitytaknyga.lt\/produktas\/tik-i-prieki-tevas-zeraras\/","url":"https:\/\/skaitytaknyga.lt\/produktas\/tik-i-prieki-tevas-zeraras\/","name":"Tik \u012f priek\u012f. T\u0117vas \u017deraras","isPartOf":{"@id":"https:\/\/skaitytaknyga.lt\/#website"},"primaryImageOfPage":{"@id":"https:\/\/skaitytaknyga.lt\/produktas\/tik-i-prieki-tevas-zeraras\/#primaryimage"},"image":{"@id":"https:\/\/skaitytaknyga.lt\/produktas\/tik-i-prieki-tevas-zeraras\/#primaryimage"},"thumbnailUrl":"https:\/\/skaitytaknyga.lt\/wp-content\/uploads\/2025\/09\/Tik-i-prieki-Pasakojimai-padrasinimai-prisiminimai.-Tevas-Zeraras-de-Martel-e1759049396335.webp","datePublished":"2025-09-28T08:41:56+00:00","dateModified":"2026-02-26T08:10:28+00:00","description":"B\u016bti jautriam yra gerai, bet reikia nustatyti tam tikr\u0105 distancij\u0105 tarp pasaulio reikal\u0173 ir sav\u0119s. Pad\u0117ti kitiems galima saikingai, bet myl\u0117ti kitus","breadcrumb":{"@id":"https:\/\/skaitytaknyga.lt\/produktas\/tik-i-prieki-tevas-zeraras\/#breadcrumb"},"inLanguage":"en-GB","potentialAction":[{"@type":"ReadAction","target":["https:\/\/skaitytaknyga.lt\/produktas\/tik-i-prieki-tevas-zeraras\/"]}]},{"@type":"ImageObject","inLanguage":"en-GB","@id":"https:\/\/skaitytaknyga.lt\/produktas\/tik-i-prieki-tevas-zeraras\/#primaryimage","url":"https:\/\/skaitytaknyga.lt\/wp-content\/uploads\/2025\/09\/Tik-i-prieki-Pasakojimai-padrasinimai-prisiminimai.-Tevas-Zeraras-de-Martel-e1759049396335.webp","contentUrl":"https:\/\/skaitytaknyga.lt\/wp-content\/uploads\/2025\/09\/Tik-i-prieki-Pasakojimai-padrasinimai-prisiminimai.-Tevas-Zeraras-de-Martel-e1759049396335.webp","width":332,"height":552,"caption":"Tik \u012f priek\u012f Pasakojimai, padr\u0105sinimai, prisiminimai. T\u0117vas \u017d\u0117raras de Martel"},{"@type":"BreadcrumbList","@id":"https:\/\/skaitytaknyga.lt\/produktas\/tik-i-prieki-tevas-zeraras\/#breadcrumb","itemListElement":[{"@type":"ListItem","position":1,"name":"Home","item":"https:\/\/skaitytaknyga.lt\/"},{"@type":"ListItem","position":2,"name":"Parduotuv\u0117","item":"https:\/\/skaitytaknyga.lt\/knygu-parduotuve\/"},{"@type":"ListItem","position":3,"name":"Tik \u012f priek\u012f. T\u0117vas \u017deraras"}]},{"@type":"WebSite","@id":"https:\/\/skaitytaknyga.lt\/#website","url":"https:\/\/skaitytaknyga.lt\/","name":"skaitytaknyga.lt","description":"Skaitytaknyga.lt \u2013 tai ma\u017eas \u0161eimos verslas, kuris prasid\u0117jo nuo meil\u0117s knygoms ir siekio i\u0161gelb\u0117ti knygas nuo likimo prie konteinerio. Kas vienam nereikalingas daiktas \u2013 kitam lobis, o mes esame tarpininkai, kurie padeda abiems tapti laimingesniems ???? \u017dinome kaip nelengva i\u0161gyventi ma\u017eiems verslams, tad nuo \u0161iol, \u010dia rasite ir kit\u0173, ma\u017e\u0173 \u0161eim\u0173 versl\u0173, rank\u0173 darbo, dovan\u0173 sau ir artimiesiems.","publisher":{"@id":"https:\/\/skaitytaknyga.lt\/#organization"},"potentialAction":[{"@type":"SearchAction","target":{"@type":"EntryPoint","urlTemplate":"https:\/\/skaitytaknyga.lt\/?s={search_term_string}"},"query-input":{"@type":"PropertyValueSpecification","valueRequired":true,"valueName":"search_term_string"}}],"inLanguage":"en-GB"},{"@type":"Organization","@id":"https:\/\/skaitytaknyga.lt\/#organization","name":"skaitytaknyga.lt","url":"https:\/\/skaitytaknyga.lt\/","logo":{"@type":"ImageObject","inLanguage":"en-GB","@id":"https:\/\/skaitytaknyga.lt\/#\/schema\/logo\/image\/","url":"https:\/\/skaitytaknyga.lt\/wp-content\/uploads\/2024\/05\/cropped-cropped-cropped-02_00843_jt3bggkj1j3HLc7SyY6rEUpg.jpeg","contentUrl":"https:\/\/skaitytaknyga.lt\/wp-content\/uploads\/2024\/05\/cropped-cropped-cropped-02_00843_jt3bggkj1j3HLc7SyY6rEUpg.jpeg","width":1600,"height":1600,"caption":"skaitytaknyga.lt"},"image":{"@id":"https:\/\/skaitytaknyga.lt\/#\/schema\/logo\/image\/"},"sameAs":["https:\/\/www.facebook.com\/skaitytaknyga\/"]}]}},"_links":{"self":[{"href":"https:\/\/skaitytaknyga.lt\/en\/wp-json\/wp\/v2\/product\/21049","targetHints":{"allow":["GET"]}}],"collection":[{"href":"https:\/\/skaitytaknyga.lt\/en\/wp-json\/wp\/v2\/product"}],"about":[{"href":"https:\/\/skaitytaknyga.lt\/en\/wp-json\/wp\/v2\/types\/product"}],"replies":[{"embeddable":true,"href":"https:\/\/skaitytaknyga.lt\/en\/wp-json\/wp\/v2\/comments?post=21049"}],"wp:featuredmedia":[{"embeddable":true,"href":"https:\/\/skaitytaknyga.lt\/en\/wp-json\/wp\/v2\/media\/21055"}],"wp:attachment":[{"href":"https:\/\/skaitytaknyga.lt\/en\/wp-json\/wp\/v2\/media?parent=21049"}],"wp:term":[{"taxonomy":"product_brand","embeddable":true,"href":"https:\/\/skaitytaknyga.lt\/en\/wp-json\/wp\/v2\/product_brand?post=21049"},{"taxonomy":"product_cat","embeddable":true,"href":"https:\/\/skaitytaknyga.lt\/en\/wp-json\/wp\/v2\/product_cat?post=21049"},{"taxonomy":"product_tag","embeddable":true,"href":"https:\/\/skaitytaknyga.lt\/en\/wp-json\/wp\/v2\/product_tag?post=21049"}],"curies":[{"name":"wp","href":"https:\/\/api.w.org\/{rel}","templated":true}]}}