{"id":21048,"date":"2025-09-28T11:41:56","date_gmt":"2025-09-28T08:41:56","guid":{"rendered":"https:\/\/skaitytaknyga.lt\/?post_type=product&#038;p=21048"},"modified":"2026-03-18T14:59:42","modified_gmt":"2026-03-18T12:59:42","slug":"slenkstis-pavojai-ir-pagalba-jav-meksikos-pasienyje","status":"publish","type":"product","link":"https:\/\/skaitytaknyga.lt\/en\/produktas\/slenkstis-pavojai-ir-pagalba-jav-meksikos-pasienyje\/","title":{"rendered":"Slenkstis. Pavojai ir pagalba JAV-Meksikos pasienyje"},"content":{"rendered":"<p>Kaip atrodo darbas ir gyvenimas pasienyje?<br \/>\nK\u0105 rei\u0161kia per\u017eengti slenkst\u012f ir patekti \u012f kit\u0105 sienos pus\u0119?<\/p>\n<p>Browno universiteto profesor\u0117, antropolog\u0117 Ieva Jusionyt\u0117 kelerius metus JAV\u2013Meksikos pasienyje savanoriavo kaip paramedik\u0117 ir ugniages\u0117. Jos etnografiniame tyrime siena tampa pagrindine persona\u017ee, o gyvenimas pasienyje \u2013 knygos veiksmo scena. Iki paskutinio puslapio i\u0161laikydama trilerio \u012ftamp\u0105 autor\u0117 pasakoja apie abipus sienos dirban\u010dius gelb\u0117tojus, kas dien\u0105 ie\u0161kan\u010dius pusiausvyros tarp valstyb\u0117s saugumo politikos ir mirtiname pavojuje atsid\u016brusi\u0173 migrant\u0173 gelb\u0117jimo etikos.<\/p>\n<p>2020 m. JAV darbo antropolog\u0173 asociacijos prizu apdovanota knyga pasakoja apie sien\u0105 kaip politin\u0119 problem\u0105, migracij\u0105 ir valstybi\u0173 sien\u0173 nepaisan\u010dias stichines nelaimes. \u201eSlenkstis&#8221; kvie\u010dia perm\u0105styti, kas i\u0161 ties\u0173 yra siena kintan\u010diomis aplinkyb\u0117mis, neapsiribojant tik knygos geografija.<\/p>\n<p>Ieva Jusionyt\u0117 meistri\u0161kai pina asmenines istorijas su platesniu valstybiniu ir tarpvalstybiniu lygmenimis, parodydama, kaip \u017emon\u0117s atsiduria ar\u0161i\u0173 politini\u0173 kov\u0173 d\u0117l saugumo centre. Slenkstis \u2013 puiki proga Lietuvos skaitytojams pa\u017evelgti \u012f sienos, migracijos ir kitoni\u0161kumo klausimus i\u0161 kitos perspektyvos. \u2013 Dr. Kristina Jonutyt\u0117, antropolog\u0117 (Vilniaus universitetas)<\/p>\n<p>Dr. Ieva Jusionyt\u0117 \u2013 antropolog\u0117, Browno universiteto docent\u0117, Harvardo universiteto afilijuotoji mokslinink\u0117. Dviej\u0173 etnografini\u0173 knyg\u0173 \u2013 \u201eLaukinis pasienis&#8221; (Savage Frontier, 2015) ir \u201eSlenkstis&#8221; (Threshold, 2018) autor\u0117. Baigusi paramedik\u0173 mokykl\u0105, kelet\u0105 met\u0173 savanoriavo gelb\u0117jimo tarnybose Floridoje ir Arizonoje, nuo 2011 met\u0173 \u012fsitrauk\u0117 \u012f savanori\u0173 ugniagesi\u0173 gretas. Atliko antropologinius tyrimus pasieniuose tarp Argentinos, Paragvajaus ir Brazilijos, v\u0117liau tarp JAV ir Meksikos. Jos straipsniai publikuoti tiek antropologijos \u017eurnaluose, tiek populiariuose leidiniuose, tarp j\u0173 The Atlantic, Los Angeles Times, The Guardian.<\/p>\n","protected":false},"excerpt":{"rendered":"<p>Kaip atrodo darbas ir gyvenimas pasienyje? K\u0105 rei\u0161kia per\u017eengti slenkst\u012f ir patekti \u012f kit\u0105 sienos pus\u0119? Browno universiteto profesor\u0117, antropolog\u0117 Ieva Jusionyt\u0117 kelerius metus JAV\u2013Meksikos pasienyje savanoriavo kaip paramedik\u0117 ir ugniages\u0117. Jos etnografiniame tyrime siena tampa pagrindine persona\u017ee, o gyvenimas pasienyje \u2013 knygos veiksmo scena. Iki paskutinio puslapio i\u0161laikydama trilerio \u012ftamp\u0105 autor\u0117 pasakoja apie abipus sienos dirban\u010dius gelb\u0117tojus, kas dien\u0105 ie\u0161kan\u010dius pusiausvyros tarp valstyb\u0117s saugumo politikos ir mirtiname pavojuje atsid\u016brusi\u0173 migrant\u0173 gelb\u0117jimo etikos. 2020 m. JAV darbo antropolog\u0173 asociacijos prizu apdovanota knyga pasakoja apie sien\u0105 kaip politin\u0119 problem\u0105, migracij\u0105 ir valstybi\u0173 sien\u0173 nepaisan\u010dias stichines nelaimes. \u201eSlenkstis&#8221; kvie\u010dia perm\u0105styti, kas i\u0161 ties\u0173 yra siena kintan\u010diomis aplinkyb\u0117mis, neapsiribojant tik knygos geografija. Ieva Jusionyt\u0117 meistri\u0161kai pina asmenines istorijas su platesniu valstybiniu ir tarpvalstybiniu lygmenimis, parodydama, kaip \u017emon\u0117s atsiduria ar\u0161i\u0173 politini\u0173 kov\u0173 d\u0117l saugumo centre. Slenkstis \u2013 puiki proga Lietuvos skaitytojams pa\u017evelgti \u012f sienos, migracijos ir kitoni\u0161kumo klausimus i\u0161 kitos perspektyvos. \u2013 Dr. Kristina Jonutyt\u0117, antropolog\u0117 (Vilniaus universitetas) Dr. Ieva Jusionyt\u0117 \u2013 antropolog\u0117, Browno universiteto docent\u0117, Harvardo universiteto afilijuotoji mokslinink\u0117. Dviej\u0173 etnografini\u0173 knyg\u0173 \u2013 \u201eLaukinis pasienis&#8221; (Savage Frontier, 2015) ir \u201eSlenkstis&#8221; (Threshold, 2018) autor\u0117. Baigusi paramedik\u0173 mokykl\u0105, kelet\u0105 met\u0173 savanoriavo gelb\u0117jimo tarnybose Floridoje ir Arizonoje, nuo 2011 met\u0173 \u012fsitrauk\u0117 \u012f savanori\u0173 ugniagesi\u0173 gretas. Atliko antropologinius tyrimus pasieniuose tarp Argentinos, Paragvajaus ir Brazilijos, v\u0117liau tarp JAV ir Meksikos. Jos straipsniai publikuoti tiek antropologijos \u017eurnaluose, tiek populiariuose leidiniuose, tarp j\u0173 The Atlantic, Los Angeles Times, The Guardian.<\/p>\n","protected":false},"featured_media":21053,"comment_status":"open","ping_status":"closed","template":"","meta":{"_acf_changed":false,"site-sidebar-layout":"default","site-content-layout":"","ast-site-content-layout":"default","site-content-style":"default","site-sidebar-style":"default","ast-global-header-display":"","ast-banner-title-visibility":"","ast-main-header-display":"","ast-hfb-above-header-display":"","ast-hfb-below-header-display":"","ast-hfb-mobile-header-display":"","site-post-title":"","ast-breadcrumbs-content":"","ast-featured-img":"","footer-sml-layout":"","ast-disable-related-posts":"","theme-transparent-header-meta":"","adv-header-id-meta":"","stick-header-meta":"","header-above-stick-meta":"","header-main-stick-meta":"","header-below-stick-meta":"","astra-migrate-meta-layouts":"default","ast-page-background-enabled":"default","ast-page-background-meta":{"desktop":{"background-color":"","background-image":"","background-repeat":"repeat","background-position":"center center","background-size":"auto","background-attachment":"scroll","background-type":"","background-media":"","overlay-type":"","overlay-color":"","overlay-opacity":"","overlay-gradient":""},"tablet":{"background-color":"","background-image":"","background-repeat":"repeat","background-position":"center center","background-size":"auto","background-attachment":"scroll","background-type":"","background-media":"","overlay-type":"","overlay-color":"","overlay-opacity":"","overlay-gradient":""},"mobile":{"background-color":"","background-image":"","background-repeat":"repeat","background-position":"center center","background-size":"auto","background-attachment":"scroll","background-type":"","background-media":"","overlay-type":"","overlay-color":"","overlay-opacity":"","overlay-gradient":""}},"ast-content-background-meta":{"desktop":{"background-color":"var(--ast-global-color-4)","background-image":"","background-repeat":"repeat","background-position":"center center","background-size":"auto","background-attachment":"scroll","background-type":"","background-media":"","overlay-type":"","overlay-color":"","overlay-opacity":"","overlay-gradient":""},"tablet":{"background-color":"var(--ast-global-color-4)","background-image":"","background-repeat":"repeat","background-position":"center center","background-size":"auto","background-attachment":"scroll","background-type":"","background-media":"","overlay-type":"","overlay-color":"","overlay-opacity":"","overlay-gradient":""},"mobile":{"background-color":"var(--ast-global-color-4)","background-image":"","background-repeat":"repeat","background-position":"center center","background-size":"auto","background-attachment":"scroll","background-type":"","background-media":"","overlay-type":"","overlay-color":"","overlay-opacity":"","overlay-gradient":""}}},"product_brand":[],"product_cat":[9862,174],"product_tag":[4486,2980,8446,8444,8445],"class_list":{"0":"post-21048","1":"product","2":"type-product","3":"status-publish","4":"has-post-thumbnail","6":"product_cat-lietuvos-istorija","7":"product_cat-istorija-ir-politologija","8":"product_tag-antropologija","9":"product_tag-etnografija","10":"product_tag-ieva-jusionyte","11":"product_tag-migracija","12":"product_tag-sienos-politika","13":"desktop-align-left","14":"tablet-align-left","15":"mobile-align-left","17":"first","18":"instock","19":"shipping-taxable","20":"purchasable","21":"product-type-simple"},"acf":[],"yoast_head":"<!-- This site is optimized with the Yoast SEO plugin v27.0 - https:\/\/yoast.com\/product\/yoast-seo-wordpress\/ -->\n<title>Slenkstis. Pavojai ir pagalba JAV-Meksikos pasienyje<\/title>\n<meta name=\"description\" content=\"Kaip atrodo darbas ir gyvenimas pasienyje? K\u0105 rei\u0161kia per\u017eengti slenkst\u012f ir patekti \u012f kit\u0105 sienos pus\u0119? Browno universiteto profesor\u0117, antropolog\u0117 Ieva\" \/>\n<meta name=\"robots\" content=\"index, follow, max-snippet:-1, max-image-preview:large, max-video-preview:-1\" \/>\n<link rel=\"canonical\" href=\"https:\/\/skaitytaknyga.lt\/en\/produktas\/slenkstis-pavojai-ir-pagalba-jav-meksikos-pasienyje\/\" \/>\n<meta property=\"og:locale\" content=\"en_GB\" \/>\n<meta property=\"og:locale:alternate\" content=\"lt_LT\" \/>\n<meta property=\"og:type\" content=\"article\" \/>\n<meta property=\"og:title\" content=\"Slenkstis. Pavojai ir pagalba JAV-Meksikos pasienyje\" \/>\n<meta property=\"og:description\" content=\"Kaip atrodo darbas ir gyvenimas pasienyje? K\u0105 rei\u0161kia per\u017eengti slenkst\u012f ir patekti \u012f kit\u0105 sienos pus\u0119? Browno universiteto profesor\u0117, antropolog\u0117 Ieva\" \/>\n<meta property=\"og:url\" content=\"https:\/\/skaitytaknyga.lt\/en\/produktas\/slenkstis-pavojai-ir-pagalba-jav-meksikos-pasienyje\/\" \/>\n<meta property=\"og:site_name\" content=\"Skaitytaknyga\" \/>\n<meta property=\"article:publisher\" content=\"https:\/\/www.facebook.com\/skaitytaknyga\/\" \/>\n<meta property=\"article:modified_time\" content=\"2026-03-18T12:59:42+00:00\" \/>\n<meta property=\"og:image\" content=\"https:\/\/skaitytaknyga.lt\/wp-content\/uploads\/2025\/09\/Slenkstis.-Pavojai-ir-pagalba-JAV-Meksikos-pasienyje-1.webp\" \/>\n\t<meta property=\"og:image:width\" content=\"300\" \/>\n\t<meta property=\"og:image:height\" content=\"450\" \/>\n\t<meta property=\"og:image:type\" content=\"image\/webp\" \/>\n<meta name=\"twitter:card\" content=\"summary_large_image\" \/>\n<meta name=\"twitter:label1\" content=\"Estimated reading time\" \/>\n\t<meta name=\"twitter:data1\" content=\"1 minute\" \/>\n<script type=\"application\/ld+json\" class=\"yoast-schema-graph\">{\"@context\":\"https:\/\/schema.org\",\"@graph\":[{\"@type\":\"WebPage\",\"@id\":\"https:\/\/skaitytaknyga.lt\/produktas\/slenkstis-pavojai-ir-pagalba-jav-meksikos-pasienyje\/\",\"url\":\"https:\/\/skaitytaknyga.lt\/produktas\/slenkstis-pavojai-ir-pagalba-jav-meksikos-pasienyje\/\",\"name\":\"Slenkstis. Pavojai ir pagalba JAV-Meksikos pasienyje\",\"isPartOf\":{\"@id\":\"https:\/\/skaitytaknyga.lt\/#website\"},\"primaryImageOfPage\":{\"@id\":\"https:\/\/skaitytaknyga.lt\/produktas\/slenkstis-pavojai-ir-pagalba-jav-meksikos-pasienyje\/#primaryimage\"},\"image\":{\"@id\":\"https:\/\/skaitytaknyga.lt\/produktas\/slenkstis-pavojai-ir-pagalba-jav-meksikos-pasienyje\/#primaryimage\"},\"thumbnailUrl\":\"https:\/\/skaitytaknyga.lt\/wp-content\/uploads\/2025\/09\/Slenkstis.-Pavojai-ir-pagalba-JAV-Meksikos-pasienyje-1.webp\",\"datePublished\":\"2025-09-28T08:41:56+00:00\",\"dateModified\":\"2026-03-18T12:59:42+00:00\",\"description\":\"Kaip atrodo darbas ir gyvenimas pasienyje? K\u0105 rei\u0161kia per\u017eengti slenkst\u012f ir patekti \u012f kit\u0105 sienos pus\u0119? Browno universiteto profesor\u0117, antropolog\u0117 Ieva\",\"breadcrumb\":{\"@id\":\"https:\/\/skaitytaknyga.lt\/produktas\/slenkstis-pavojai-ir-pagalba-jav-meksikos-pasienyje\/#breadcrumb\"},\"inLanguage\":\"en-GB\",\"potentialAction\":[{\"@type\":\"ReadAction\",\"target\":[\"https:\/\/skaitytaknyga.lt\/produktas\/slenkstis-pavojai-ir-pagalba-jav-meksikos-pasienyje\/\"]}]},{\"@type\":\"ImageObject\",\"inLanguage\":\"en-GB\",\"@id\":\"https:\/\/skaitytaknyga.lt\/produktas\/slenkstis-pavojai-ir-pagalba-jav-meksikos-pasienyje\/#primaryimage\",\"url\":\"https:\/\/skaitytaknyga.lt\/wp-content\/uploads\/2025\/09\/Slenkstis.-Pavojai-ir-pagalba-JAV-Meksikos-pasienyje-1.webp\",\"contentUrl\":\"https:\/\/skaitytaknyga.lt\/wp-content\/uploads\/2025\/09\/Slenkstis.-Pavojai-ir-pagalba-JAV-Meksikos-pasienyje-1.webp\",\"width\":300,\"height\":450},{\"@type\":\"BreadcrumbList\",\"@id\":\"https:\/\/skaitytaknyga.lt\/produktas\/slenkstis-pavojai-ir-pagalba-jav-meksikos-pasienyje\/#breadcrumb\",\"itemListElement\":[{\"@type\":\"ListItem\",\"position\":1,\"name\":\"Home\",\"item\":\"https:\/\/skaitytaknyga.lt\/\"},{\"@type\":\"ListItem\",\"position\":2,\"name\":\"Parduotuv\u0117\",\"item\":\"https:\/\/skaitytaknyga.lt\/knygu-parduotuve\/\"},{\"@type\":\"ListItem\",\"position\":3,\"name\":\"Slenkstis. Pavojai ir pagalba JAV-Meksikos pasienyje\"}]},{\"@type\":\"WebSite\",\"@id\":\"https:\/\/skaitytaknyga.lt\/#website\",\"url\":\"https:\/\/skaitytaknyga.lt\/\",\"name\":\"skaitytaknyga.lt\",\"description\":\"Skaitytaknyga.lt \u2013 tai ma\u017eas \u0161eimos verslas, kuris prasid\u0117jo nuo meil\u0117s knygoms ir siekio i\u0161gelb\u0117ti knygas nuo likimo prie konteinerio. Kas vienam nereikalingas daiktas \u2013 kitam lobis, o mes esame tarpininkai, kurie padeda abiems tapti laimingesniems ???? \u017dinome kaip nelengva i\u0161gyventi ma\u017eiems verslams, tad nuo \u0161iol, \u010dia rasite ir kit\u0173, ma\u017e\u0173 \u0161eim\u0173 versl\u0173, rank\u0173 darbo, dovan\u0173 sau ir artimiesiems.\",\"publisher\":{\"@id\":\"https:\/\/skaitytaknyga.lt\/#organization\"},\"potentialAction\":[{\"@type\":\"SearchAction\",\"target\":{\"@type\":\"EntryPoint\",\"urlTemplate\":\"https:\/\/skaitytaknyga.lt\/?s={search_term_string}\"},\"query-input\":{\"@type\":\"PropertyValueSpecification\",\"valueRequired\":true,\"valueName\":\"search_term_string\"}}],\"inLanguage\":\"en-GB\"},{\"@type\":\"Organization\",\"@id\":\"https:\/\/skaitytaknyga.lt\/#organization\",\"name\":\"skaitytaknyga.lt\",\"url\":\"https:\/\/skaitytaknyga.lt\/\",\"logo\":{\"@type\":\"ImageObject\",\"inLanguage\":\"en-GB\",\"@id\":\"https:\/\/skaitytaknyga.lt\/#\/schema\/logo\/image\/\",\"url\":\"https:\/\/skaitytaknyga.lt\/wp-content\/uploads\/2024\/05\/cropped-cropped-cropped-02_00843_jt3bggkj1j3HLc7SyY6rEUpg.jpeg\",\"contentUrl\":\"https:\/\/skaitytaknyga.lt\/wp-content\/uploads\/2024\/05\/cropped-cropped-cropped-02_00843_jt3bggkj1j3HLc7SyY6rEUpg.jpeg\",\"width\":1600,\"height\":1600,\"caption\":\"skaitytaknyga.lt\"},\"image\":{\"@id\":\"https:\/\/skaitytaknyga.lt\/#\/schema\/logo\/image\/\"},\"sameAs\":[\"https:\/\/www.facebook.com\/skaitytaknyga\/\"]}]}<\/script>\n<!-- \/ Yoast SEO plugin. -->","yoast_head_json":{"title":"Slenkstis. Pavojai ir pagalba JAV-Meksikos pasienyje","description":"Kaip atrodo darbas ir gyvenimas pasienyje? K\u0105 rei\u0161kia per\u017eengti slenkst\u012f ir patekti \u012f kit\u0105 sienos pus\u0119? Browno universiteto profesor\u0117, antropolog\u0117 Ieva","robots":{"index":"index","follow":"follow","max-snippet":"max-snippet:-1","max-image-preview":"max-image-preview:large","max-video-preview":"max-video-preview:-1"},"canonical":"https:\/\/skaitytaknyga.lt\/en\/produktas\/slenkstis-pavojai-ir-pagalba-jav-meksikos-pasienyje\/","og_locale":"en_GB","og_type":"article","og_title":"[:lt]Slenkstis. Pavojai ir pagalba JAV-Meksikos pasienyje[:] - Skaitytaknyga","og_description":"Kaip atrodo darbas ir gyvenimas pasienyje? K\u0105 rei\u0161kia per\u017eengti slenkst\u012f ir patekti \u012f kit\u0105 sienos pus\u0119? Browno universiteto profesor\u0117, antropolog\u0117 Ieva","og_url":"https:\/\/skaitytaknyga.lt\/en\/produktas\/slenkstis-pavojai-ir-pagalba-jav-meksikos-pasienyje\/","og_site_name":"Skaitytaknyga","article_publisher":"https:\/\/www.facebook.com\/skaitytaknyga\/","article_modified_time":"2026-03-18T12:59:42+00:00","og_image":[{"width":300,"height":450,"url":"https:\/\/skaitytaknyga.lt\/wp-content\/uploads\/2025\/09\/Slenkstis.-Pavojai-ir-pagalba-JAV-Meksikos-pasienyje-1.webp","type":"image\/webp"}],"twitter_card":"summary_large_image","twitter_misc":{"Estimated reading time":"1 minute"},"schema":{"@context":"https:\/\/schema.org","@graph":[{"@type":"WebPage","@id":"https:\/\/skaitytaknyga.lt\/produktas\/slenkstis-pavojai-ir-pagalba-jav-meksikos-pasienyje\/","url":"https:\/\/skaitytaknyga.lt\/produktas\/slenkstis-pavojai-ir-pagalba-jav-meksikos-pasienyje\/","name":"Slenkstis. Pavojai ir pagalba JAV-Meksikos pasienyje","isPartOf":{"@id":"https:\/\/skaitytaknyga.lt\/#website"},"primaryImageOfPage":{"@id":"https:\/\/skaitytaknyga.lt\/produktas\/slenkstis-pavojai-ir-pagalba-jav-meksikos-pasienyje\/#primaryimage"},"image":{"@id":"https:\/\/skaitytaknyga.lt\/produktas\/slenkstis-pavojai-ir-pagalba-jav-meksikos-pasienyje\/#primaryimage"},"thumbnailUrl":"https:\/\/skaitytaknyga.lt\/wp-content\/uploads\/2025\/09\/Slenkstis.-Pavojai-ir-pagalba-JAV-Meksikos-pasienyje-1.webp","datePublished":"2025-09-28T08:41:56+00:00","dateModified":"2026-03-18T12:59:42+00:00","description":"Kaip atrodo darbas ir gyvenimas pasienyje? K\u0105 rei\u0161kia per\u017eengti slenkst\u012f ir patekti \u012f kit\u0105 sienos pus\u0119? Browno universiteto profesor\u0117, antropolog\u0117 Ieva","breadcrumb":{"@id":"https:\/\/skaitytaknyga.lt\/produktas\/slenkstis-pavojai-ir-pagalba-jav-meksikos-pasienyje\/#breadcrumb"},"inLanguage":"en-GB","potentialAction":[{"@type":"ReadAction","target":["https:\/\/skaitytaknyga.lt\/produktas\/slenkstis-pavojai-ir-pagalba-jav-meksikos-pasienyje\/"]}]},{"@type":"ImageObject","inLanguage":"en-GB","@id":"https:\/\/skaitytaknyga.lt\/produktas\/slenkstis-pavojai-ir-pagalba-jav-meksikos-pasienyje\/#primaryimage","url":"https:\/\/skaitytaknyga.lt\/wp-content\/uploads\/2025\/09\/Slenkstis.-Pavojai-ir-pagalba-JAV-Meksikos-pasienyje-1.webp","contentUrl":"https:\/\/skaitytaknyga.lt\/wp-content\/uploads\/2025\/09\/Slenkstis.-Pavojai-ir-pagalba-JAV-Meksikos-pasienyje-1.webp","width":300,"height":450},{"@type":"BreadcrumbList","@id":"https:\/\/skaitytaknyga.lt\/produktas\/slenkstis-pavojai-ir-pagalba-jav-meksikos-pasienyje\/#breadcrumb","itemListElement":[{"@type":"ListItem","position":1,"name":"Home","item":"https:\/\/skaitytaknyga.lt\/"},{"@type":"ListItem","position":2,"name":"Parduotuv\u0117","item":"https:\/\/skaitytaknyga.lt\/knygu-parduotuve\/"},{"@type":"ListItem","position":3,"name":"Slenkstis. Pavojai ir pagalba JAV-Meksikos pasienyje"}]},{"@type":"WebSite","@id":"https:\/\/skaitytaknyga.lt\/#website","url":"https:\/\/skaitytaknyga.lt\/","name":"skaitytaknyga.lt","description":"Skaitytaknyga.lt \u2013 tai ma\u017eas \u0161eimos verslas, kuris prasid\u0117jo nuo meil\u0117s knygoms ir siekio i\u0161gelb\u0117ti knygas nuo likimo prie konteinerio. Kas vienam nereikalingas daiktas \u2013 kitam lobis, o mes esame tarpininkai, kurie padeda abiems tapti laimingesniems ???? \u017dinome kaip nelengva i\u0161gyventi ma\u017eiems verslams, tad nuo \u0161iol, \u010dia rasite ir kit\u0173, ma\u017e\u0173 \u0161eim\u0173 versl\u0173, rank\u0173 darbo, dovan\u0173 sau ir artimiesiems.","publisher":{"@id":"https:\/\/skaitytaknyga.lt\/#organization"},"potentialAction":[{"@type":"SearchAction","target":{"@type":"EntryPoint","urlTemplate":"https:\/\/skaitytaknyga.lt\/?s={search_term_string}"},"query-input":{"@type":"PropertyValueSpecification","valueRequired":true,"valueName":"search_term_string"}}],"inLanguage":"en-GB"},{"@type":"Organization","@id":"https:\/\/skaitytaknyga.lt\/#organization","name":"skaitytaknyga.lt","url":"https:\/\/skaitytaknyga.lt\/","logo":{"@type":"ImageObject","inLanguage":"en-GB","@id":"https:\/\/skaitytaknyga.lt\/#\/schema\/logo\/image\/","url":"https:\/\/skaitytaknyga.lt\/wp-content\/uploads\/2024\/05\/cropped-cropped-cropped-02_00843_jt3bggkj1j3HLc7SyY6rEUpg.jpeg","contentUrl":"https:\/\/skaitytaknyga.lt\/wp-content\/uploads\/2024\/05\/cropped-cropped-cropped-02_00843_jt3bggkj1j3HLc7SyY6rEUpg.jpeg","width":1600,"height":1600,"caption":"skaitytaknyga.lt"},"image":{"@id":"https:\/\/skaitytaknyga.lt\/#\/schema\/logo\/image\/"},"sameAs":["https:\/\/www.facebook.com\/skaitytaknyga\/"]}]}},"_links":{"self":[{"href":"https:\/\/skaitytaknyga.lt\/en\/wp-json\/wp\/v2\/product\/21048","targetHints":{"allow":["GET"]}}],"collection":[{"href":"https:\/\/skaitytaknyga.lt\/en\/wp-json\/wp\/v2\/product"}],"about":[{"href":"https:\/\/skaitytaknyga.lt\/en\/wp-json\/wp\/v2\/types\/product"}],"replies":[{"embeddable":true,"href":"https:\/\/skaitytaknyga.lt\/en\/wp-json\/wp\/v2\/comments?post=21048"}],"wp:featuredmedia":[{"embeddable":true,"href":"https:\/\/skaitytaknyga.lt\/en\/wp-json\/wp\/v2\/media\/21053"}],"wp:attachment":[{"href":"https:\/\/skaitytaknyga.lt\/en\/wp-json\/wp\/v2\/media?parent=21048"}],"wp:term":[{"taxonomy":"product_brand","embeddable":true,"href":"https:\/\/skaitytaknyga.lt\/en\/wp-json\/wp\/v2\/product_brand?post=21048"},{"taxonomy":"product_cat","embeddable":true,"href":"https:\/\/skaitytaknyga.lt\/en\/wp-json\/wp\/v2\/product_cat?post=21048"},{"taxonomy":"product_tag","embeddable":true,"href":"https:\/\/skaitytaknyga.lt\/en\/wp-json\/wp\/v2\/product_tag?post=21048"}],"curies":[{"name":"wp","href":"https:\/\/api.w.org\/{rel}","templated":true}]}}