{"id":21047,"date":"2025-09-28T11:41:56","date_gmt":"2025-09-28T08:41:56","guid":{"rendered":"https:\/\/skaitytaknyga.lt\/?post_type=product&#038;p=21047"},"modified":"2025-10-06T11:15:27","modified_gmt":"2025-10-06T08:15:27","slug":"vilna-zydiskojo-vilniaus-istorija","status":"publish","type":"product","link":"https:\/\/skaitytaknyga.lt\/en\/produktas\/vilna-zydiskojo-vilniaus-istorija\/","title":{"rendered":"Vilna: \u017eydi\u0161kojo Vilniaus istorija"},"content":{"rendered":"<p>Israelio Coheno \u201eVilna\u201c \u2013 pirmoji i\u0161sami Vilniaus \u017eyd\u0173 istorija, i\u0161leista 1943 m. JAV, jau nujau\u010diant, jog Vilniaus \u017eydus i\u0161tiko tragedija, kuri nutrauk\u0117 \u0161ios per am\u017eius Vilniuje gyvenusios bendruomen\u0117s tradicijas, kult\u016br\u0105 ir t\u0119stinum\u0105. Tad Coheno tikslas \u2013 u\u017edokumentuoti \u0161i\u0105 tradicij\u0105 nuo pat \u017eyd\u0173 \u012fsik\u016brimo Vilniuje 14 a. iki pat tragi\u0161kos pabaigos Holokausto metu. B\u016btent d\u0117l \u0161i\u0173 aplinkybi\u0173 knyga neapima Holokausto \u2013 \u017eyd\u0173 bendruomen\u0117 \u0161ioje istorija vis dar gyva, pulsuojanti, pilna id\u0117j\u0173, svajoni\u0173 ir plan\u0173.<\/p>\n<p>\u201e\u0160i knyga yra viena pirm\u0173j\u0173 Vakar\u0173 pasauliui pristatyt\u0173 Vilniaus istorij\u0173 \u2013 b\u016btent pagal j\u0105 skaitantieji angli\u0161kai ilgai \u012fsivaizdavo Vilni\u0173 ir jo \u017eydi\u0161k\u0105j\u0105 dal\u012f. Vilna daugiabriaun\u0117 \u2013 tai vienu metu ir \u0161altinis (nes dalies istorijos \u0161altini\u0173 jau nebeturime), ir sintetin\u0117 studija, apibendrinanti XIX-XX a. prad\u017eioje \u017eyd\u0173 mokslinink\u0173 atliktus Vilniaus \u017eyd\u0173 bendruomen\u0117s tyrimus. \u0160i knyga \u2013 pa\u017einimo proceso dalis tiek autoriui, tiek mums.\u201c<\/p>\n<p>Prof. dr. Jurgita Verbickien\u0117, istorik\u0117<\/p>\n","protected":false},"excerpt":{"rendered":"<p>Israelio Coheno \u201eVilna\u201c \u2013 pirmoji i\u0161sami Vilniaus \u017eyd\u0173 istorija, i\u0161leista 1943 m. JAV, jau nujau\u010diant, jog Vilniaus \u017eydus i\u0161tiko tragedija, kuri nutrauk\u0117 \u0161ios per am\u017eius Vilniuje gyvenusios bendruomen\u0117s tradicijas, kult\u016br\u0105 ir t\u0119stinum\u0105. Tad Coheno tikslas \u2013 u\u017edokumentuoti \u0161i\u0105 tradicij\u0105 nuo pat \u017eyd\u0173 \u012fsik\u016brimo Vilniuje 14 a. iki pat tragi\u0161kos pabaigos Holokausto metu. B\u016btent d\u0117l \u0161i\u0173 aplinkybi\u0173 knyga neapima Holokausto \u2013 \u017eyd\u0173 bendruomen\u0117 \u0161ioje istorija vis dar gyva, pulsuojanti, pilna id\u0117j\u0173, svajoni\u0173 ir plan\u0173. \u201e\u0160i knyga yra viena pirm\u0173j\u0173 Vakar\u0173 pasauliui pristatyt\u0173 Vilniaus istorij\u0173 \u2013 b\u016btent pagal j\u0105 skaitantieji angli\u0161kai ilgai \u012fsivaizdavo Vilni\u0173 ir jo \u017eydi\u0161k\u0105j\u0105 dal\u012f. Vilna daugiabriaun\u0117 \u2013 tai vienu metu ir \u0161altinis (nes dalies istorijos \u0161altini\u0173 jau nebeturime), ir sintetin\u0117 studija, apibendrinanti XIX-XX a. prad\u017eioje \u017eyd\u0173 mokslinink\u0173 atliktus Vilniaus \u017eyd\u0173 bendruomen\u0117s tyrimus. \u0160i knyga \u2013 pa\u017einimo proceso dalis tiek autoriui, tiek mums.\u201c Prof. dr. Jurgita Verbickien\u0117, istorik\u0117<\/p>\n","protected":false},"featured_media":21052,"comment_status":"open","ping_status":"closed","template":"","meta":{"_acf_changed":false,"site-sidebar-layout":"default","site-content-layout":"","ast-site-content-layout":"default","site-content-style":"default","site-sidebar-style":"default","ast-global-header-display":"","ast-banner-title-visibility":"","ast-main-header-display":"","ast-hfb-above-header-display":"","ast-hfb-below-header-display":"","ast-hfb-mobile-header-display":"","site-post-title":"","ast-breadcrumbs-content":"","ast-featured-img":"","footer-sml-layout":"","ast-disable-related-posts":"","theme-transparent-header-meta":"","adv-header-id-meta":"","stick-header-meta":"","header-above-stick-meta":"","header-main-stick-meta":"","header-below-stick-meta":"","astra-migrate-meta-layouts":"default","ast-page-background-enabled":"default","ast-page-background-meta":{"desktop":{"background-color":"","background-image":"","background-repeat":"repeat","background-position":"center center","background-size":"auto","background-attachment":"scroll","background-type":"","background-media":"","overlay-type":"","overlay-color":"","overlay-opacity":"","overlay-gradient":""},"tablet":{"background-color":"","background-image":"","background-repeat":"repeat","background-position":"center center","background-size":"auto","background-attachment":"scroll","background-type":"","background-media":"","overlay-type":"","overlay-color":"","overlay-opacity":"","overlay-gradient":""},"mobile":{"background-color":"","background-image":"","background-repeat":"repeat","background-position":"center center","background-size":"auto","background-attachment":"scroll","background-type":"","background-media":"","overlay-type":"","overlay-color":"","overlay-opacity":"","overlay-gradient":""}},"ast-content-background-meta":{"desktop":{"background-color":"var(--ast-global-color-4)","background-image":"","background-repeat":"repeat","background-position":"center center","background-size":"auto","background-attachment":"scroll","background-type":"","background-media":"","overlay-type":"","overlay-color":"","overlay-opacity":"","overlay-gradient":""},"tablet":{"background-color":"var(--ast-global-color-4)","background-image":"","background-repeat":"repeat","background-position":"center center","background-size":"auto","background-attachment":"scroll","background-type":"","background-media":"","overlay-type":"","overlay-color":"","overlay-opacity":"","overlay-gradient":""},"mobile":{"background-color":"var(--ast-global-color-4)","background-image":"","background-repeat":"repeat","background-position":"center center","background-size":"auto","background-attachment":"scroll","background-type":"","background-media":"","overlay-type":"","overlay-color":"","overlay-opacity":"","overlay-gradient":""}}},"product_brand":[],"product_cat":[174],"product_tag":[8443,2224,2376,2601,8442],"class_list":{"0":"post-21047","1":"product","2":"type-product","3":"status-publish","4":"has-post-thumbnail","6":"product_cat-istorija-ir-politologija","7":"product_tag-israel-cohen","8":"product_tag-istorija","9":"product_tag-kultura","10":"product_tag-vilnius","11":"product_tag-zydu-bendruomene","12":"desktop-align-left","13":"tablet-align-left","14":"mobile-align-left","16":"first","17":"instock","18":"shipping-taxable","19":"purchasable","20":"product-type-simple"},"acf":[],"yoast_head":"<!-- This site is optimized with the Yoast SEO plugin v27.0 - https:\/\/yoast.com\/product\/yoast-seo-wordpress\/ -->\n<title>Vilna: \u017eydi\u0161kojo Vilniaus istorija<\/title>\n<meta name=\"description\" content=\"Israelio Coheno \u201eVilna\u201c \u2013 pirmoji i\u0161sami Vilniaus \u017eyd\u0173 istorija, i\u0161leista 1943 m. JAV, jau nujau\u010diant, jog Vilniaus \u017eydus i\u0161tiko tragedija, kuri nutrauk\u0117\" \/>\n<meta name=\"robots\" content=\"index, follow, max-snippet:-1, max-image-preview:large, max-video-preview:-1\" \/>\n<link rel=\"canonical\" href=\"https:\/\/skaitytaknyga.lt\/en\/produktas\/vilna-zydiskojo-vilniaus-istorija\/\" \/>\n<meta property=\"og:locale\" content=\"en_GB\" \/>\n<meta property=\"og:locale:alternate\" content=\"lt_LT\" \/>\n<meta property=\"og:type\" content=\"article\" \/>\n<meta property=\"og:title\" content=\"Vilna: \u017eydi\u0161kojo Vilniaus istorija\" \/>\n<meta property=\"og:description\" content=\"Israelio Coheno \u201eVilna\u201c \u2013 pirmoji i\u0161sami Vilniaus \u017eyd\u0173 istorija, i\u0161leista 1943 m. JAV, jau nujau\u010diant, jog Vilniaus \u017eydus i\u0161tiko tragedija, kuri nutrauk\u0117\" \/>\n<meta property=\"og:url\" content=\"https:\/\/skaitytaknyga.lt\/en\/produktas\/vilna-zydiskojo-vilniaus-istorija\/\" \/>\n<meta property=\"og:site_name\" content=\"Skaitytaknyga\" \/>\n<meta property=\"article:publisher\" content=\"https:\/\/www.facebook.com\/skaitytaknyga\/\" \/>\n<meta property=\"article:modified_time\" content=\"2025-10-06T08:15:27+00:00\" \/>\n<meta property=\"og:image\" content=\"https:\/\/skaitytaknyga.lt\/wp-content\/uploads\/2025\/09\/Vilna-zydiskojo-Vilniaus-istorija-1.webp\" \/>\n\t<meta property=\"og:image:width\" content=\"300\" \/>\n\t<meta property=\"og:image:height\" content=\"450\" \/>\n\t<meta property=\"og:image:type\" content=\"image\/webp\" \/>\n<meta name=\"twitter:card\" content=\"summary_large_image\" \/>\n<meta name=\"twitter:label1\" content=\"Estimated reading time\" \/>\n\t<meta name=\"twitter:data1\" content=\"1 minute\" \/>\n<script type=\"application\/ld+json\" class=\"yoast-schema-graph\">{\"@context\":\"https:\/\/schema.org\",\"@graph\":[{\"@type\":\"WebPage\",\"@id\":\"https:\/\/skaitytaknyga.lt\/produktas\/vilna-zydiskojo-vilniaus-istorija\/\",\"url\":\"https:\/\/skaitytaknyga.lt\/produktas\/vilna-zydiskojo-vilniaus-istorija\/\",\"name\":\"Vilna: \u017eydi\u0161kojo Vilniaus istorija\",\"isPartOf\":{\"@id\":\"https:\/\/skaitytaknyga.lt\/#website\"},\"primaryImageOfPage\":{\"@id\":\"https:\/\/skaitytaknyga.lt\/produktas\/vilna-zydiskojo-vilniaus-istorija\/#primaryimage\"},\"image\":{\"@id\":\"https:\/\/skaitytaknyga.lt\/produktas\/vilna-zydiskojo-vilniaus-istorija\/#primaryimage\"},\"thumbnailUrl\":\"https:\/\/skaitytaknyga.lt\/wp-content\/uploads\/2025\/09\/Vilna-zydiskojo-Vilniaus-istorija-1.webp\",\"datePublished\":\"2025-09-28T08:41:56+00:00\",\"dateModified\":\"2025-10-06T08:15:27+00:00\",\"description\":\"Israelio Coheno \u201eVilna\u201c \u2013 pirmoji i\u0161sami Vilniaus \u017eyd\u0173 istorija, i\u0161leista 1943 m. JAV, jau nujau\u010diant, jog Vilniaus \u017eydus i\u0161tiko tragedija, kuri nutrauk\u0117\",\"breadcrumb\":{\"@id\":\"https:\/\/skaitytaknyga.lt\/produktas\/vilna-zydiskojo-vilniaus-istorija\/#breadcrumb\"},\"inLanguage\":\"en-GB\",\"potentialAction\":[{\"@type\":\"ReadAction\",\"target\":[\"https:\/\/skaitytaknyga.lt\/produktas\/vilna-zydiskojo-vilniaus-istorija\/\"]}]},{\"@type\":\"ImageObject\",\"inLanguage\":\"en-GB\",\"@id\":\"https:\/\/skaitytaknyga.lt\/produktas\/vilna-zydiskojo-vilniaus-istorija\/#primaryimage\",\"url\":\"https:\/\/skaitytaknyga.lt\/wp-content\/uploads\/2025\/09\/Vilna-zydiskojo-Vilniaus-istorija-1.webp\",\"contentUrl\":\"https:\/\/skaitytaknyga.lt\/wp-content\/uploads\/2025\/09\/Vilna-zydiskojo-Vilniaus-istorija-1.webp\",\"width\":300,\"height\":450},{\"@type\":\"BreadcrumbList\",\"@id\":\"https:\/\/skaitytaknyga.lt\/produktas\/vilna-zydiskojo-vilniaus-istorija\/#breadcrumb\",\"itemListElement\":[{\"@type\":\"ListItem\",\"position\":1,\"name\":\"Home\",\"item\":\"https:\/\/skaitytaknyga.lt\/\"},{\"@type\":\"ListItem\",\"position\":2,\"name\":\"Parduotuv\u0117\",\"item\":\"https:\/\/skaitytaknyga.lt\/knygu-parduotuve\/\"},{\"@type\":\"ListItem\",\"position\":3,\"name\":\"Vilna: \u017eydi\u0161kojo Vilniaus istorija\"}]},{\"@type\":\"WebSite\",\"@id\":\"https:\/\/skaitytaknyga.lt\/#website\",\"url\":\"https:\/\/skaitytaknyga.lt\/\",\"name\":\"skaitytaknyga.lt\",\"description\":\"Skaitytaknyga.lt \u2013 tai ma\u017eas \u0161eimos verslas, kuris prasid\u0117jo nuo meil\u0117s knygoms ir siekio i\u0161gelb\u0117ti knygas nuo likimo prie konteinerio. Kas vienam nereikalingas daiktas \u2013 kitam lobis, o mes esame tarpininkai, kurie padeda abiems tapti laimingesniems ???? \u017dinome kaip nelengva i\u0161gyventi ma\u017eiems verslams, tad nuo \u0161iol, \u010dia rasite ir kit\u0173, ma\u017e\u0173 \u0161eim\u0173 versl\u0173, rank\u0173 darbo, dovan\u0173 sau ir artimiesiems.\",\"publisher\":{\"@id\":\"https:\/\/skaitytaknyga.lt\/#organization\"},\"potentialAction\":[{\"@type\":\"SearchAction\",\"target\":{\"@type\":\"EntryPoint\",\"urlTemplate\":\"https:\/\/skaitytaknyga.lt\/?s={search_term_string}\"},\"query-input\":{\"@type\":\"PropertyValueSpecification\",\"valueRequired\":true,\"valueName\":\"search_term_string\"}}],\"inLanguage\":\"en-GB\"},{\"@type\":\"Organization\",\"@id\":\"https:\/\/skaitytaknyga.lt\/#organization\",\"name\":\"skaitytaknyga.lt\",\"url\":\"https:\/\/skaitytaknyga.lt\/\",\"logo\":{\"@type\":\"ImageObject\",\"inLanguage\":\"en-GB\",\"@id\":\"https:\/\/skaitytaknyga.lt\/#\/schema\/logo\/image\/\",\"url\":\"https:\/\/skaitytaknyga.lt\/wp-content\/uploads\/2024\/05\/cropped-cropped-cropped-02_00843_jt3bggkj1j3HLc7SyY6rEUpg.jpeg\",\"contentUrl\":\"https:\/\/skaitytaknyga.lt\/wp-content\/uploads\/2024\/05\/cropped-cropped-cropped-02_00843_jt3bggkj1j3HLc7SyY6rEUpg.jpeg\",\"width\":1600,\"height\":1600,\"caption\":\"skaitytaknyga.lt\"},\"image\":{\"@id\":\"https:\/\/skaitytaknyga.lt\/#\/schema\/logo\/image\/\"},\"sameAs\":[\"https:\/\/www.facebook.com\/skaitytaknyga\/\"]}]}<\/script>\n<!-- \/ Yoast SEO plugin. -->","yoast_head_json":{"title":"Vilna: \u017eydi\u0161kojo Vilniaus istorija","description":"Israelio Coheno \u201eVilna\u201c \u2013 pirmoji i\u0161sami Vilniaus \u017eyd\u0173 istorija, i\u0161leista 1943 m. JAV, jau nujau\u010diant, jog Vilniaus \u017eydus i\u0161tiko tragedija, kuri nutrauk\u0117","robots":{"index":"index","follow":"follow","max-snippet":"max-snippet:-1","max-image-preview":"max-image-preview:large","max-video-preview":"max-video-preview:-1"},"canonical":"https:\/\/skaitytaknyga.lt\/en\/produktas\/vilna-zydiskojo-vilniaus-istorija\/","og_locale":"en_GB","og_type":"article","og_title":"[:lt]Vilna: \u017eydi\u0161kojo Vilniaus istorija[:] - Skaitytaknyga","og_description":"Israelio Coheno \u201eVilna\u201c \u2013 pirmoji i\u0161sami Vilniaus \u017eyd\u0173 istorija, i\u0161leista 1943 m. JAV, jau nujau\u010diant, jog Vilniaus \u017eydus i\u0161tiko tragedija, kuri nutrauk\u0117","og_url":"https:\/\/skaitytaknyga.lt\/en\/produktas\/vilna-zydiskojo-vilniaus-istorija\/","og_site_name":"Skaitytaknyga","article_publisher":"https:\/\/www.facebook.com\/skaitytaknyga\/","article_modified_time":"2025-10-06T08:15:27+00:00","og_image":[{"width":300,"height":450,"url":"https:\/\/skaitytaknyga.lt\/wp-content\/uploads\/2025\/09\/Vilna-zydiskojo-Vilniaus-istorija-1.webp","type":"image\/webp"}],"twitter_card":"summary_large_image","twitter_misc":{"Estimated reading time":"1 minute"},"schema":{"@context":"https:\/\/schema.org","@graph":[{"@type":"WebPage","@id":"https:\/\/skaitytaknyga.lt\/produktas\/vilna-zydiskojo-vilniaus-istorija\/","url":"https:\/\/skaitytaknyga.lt\/produktas\/vilna-zydiskojo-vilniaus-istorija\/","name":"Vilna: \u017eydi\u0161kojo Vilniaus istorija","isPartOf":{"@id":"https:\/\/skaitytaknyga.lt\/#website"},"primaryImageOfPage":{"@id":"https:\/\/skaitytaknyga.lt\/produktas\/vilna-zydiskojo-vilniaus-istorija\/#primaryimage"},"image":{"@id":"https:\/\/skaitytaknyga.lt\/produktas\/vilna-zydiskojo-vilniaus-istorija\/#primaryimage"},"thumbnailUrl":"https:\/\/skaitytaknyga.lt\/wp-content\/uploads\/2025\/09\/Vilna-zydiskojo-Vilniaus-istorija-1.webp","datePublished":"2025-09-28T08:41:56+00:00","dateModified":"2025-10-06T08:15:27+00:00","description":"Israelio Coheno \u201eVilna\u201c \u2013 pirmoji i\u0161sami Vilniaus \u017eyd\u0173 istorija, i\u0161leista 1943 m. JAV, jau nujau\u010diant, jog Vilniaus \u017eydus i\u0161tiko tragedija, kuri nutrauk\u0117","breadcrumb":{"@id":"https:\/\/skaitytaknyga.lt\/produktas\/vilna-zydiskojo-vilniaus-istorija\/#breadcrumb"},"inLanguage":"en-GB","potentialAction":[{"@type":"ReadAction","target":["https:\/\/skaitytaknyga.lt\/produktas\/vilna-zydiskojo-vilniaus-istorija\/"]}]},{"@type":"ImageObject","inLanguage":"en-GB","@id":"https:\/\/skaitytaknyga.lt\/produktas\/vilna-zydiskojo-vilniaus-istorija\/#primaryimage","url":"https:\/\/skaitytaknyga.lt\/wp-content\/uploads\/2025\/09\/Vilna-zydiskojo-Vilniaus-istorija-1.webp","contentUrl":"https:\/\/skaitytaknyga.lt\/wp-content\/uploads\/2025\/09\/Vilna-zydiskojo-Vilniaus-istorija-1.webp","width":300,"height":450},{"@type":"BreadcrumbList","@id":"https:\/\/skaitytaknyga.lt\/produktas\/vilna-zydiskojo-vilniaus-istorija\/#breadcrumb","itemListElement":[{"@type":"ListItem","position":1,"name":"Home","item":"https:\/\/skaitytaknyga.lt\/"},{"@type":"ListItem","position":2,"name":"Parduotuv\u0117","item":"https:\/\/skaitytaknyga.lt\/knygu-parduotuve\/"},{"@type":"ListItem","position":3,"name":"Vilna: \u017eydi\u0161kojo Vilniaus istorija"}]},{"@type":"WebSite","@id":"https:\/\/skaitytaknyga.lt\/#website","url":"https:\/\/skaitytaknyga.lt\/","name":"skaitytaknyga.lt","description":"Skaitytaknyga.lt \u2013 tai ma\u017eas \u0161eimos verslas, kuris prasid\u0117jo nuo meil\u0117s knygoms ir siekio i\u0161gelb\u0117ti knygas nuo likimo prie konteinerio. Kas vienam nereikalingas daiktas \u2013 kitam lobis, o mes esame tarpininkai, kurie padeda abiems tapti laimingesniems ???? \u017dinome kaip nelengva i\u0161gyventi ma\u017eiems verslams, tad nuo \u0161iol, \u010dia rasite ir kit\u0173, ma\u017e\u0173 \u0161eim\u0173 versl\u0173, rank\u0173 darbo, dovan\u0173 sau ir artimiesiems.","publisher":{"@id":"https:\/\/skaitytaknyga.lt\/#organization"},"potentialAction":[{"@type":"SearchAction","target":{"@type":"EntryPoint","urlTemplate":"https:\/\/skaitytaknyga.lt\/?s={search_term_string}"},"query-input":{"@type":"PropertyValueSpecification","valueRequired":true,"valueName":"search_term_string"}}],"inLanguage":"en-GB"},{"@type":"Organization","@id":"https:\/\/skaitytaknyga.lt\/#organization","name":"skaitytaknyga.lt","url":"https:\/\/skaitytaknyga.lt\/","logo":{"@type":"ImageObject","inLanguage":"en-GB","@id":"https:\/\/skaitytaknyga.lt\/#\/schema\/logo\/image\/","url":"https:\/\/skaitytaknyga.lt\/wp-content\/uploads\/2024\/05\/cropped-cropped-cropped-02_00843_jt3bggkj1j3HLc7SyY6rEUpg.jpeg","contentUrl":"https:\/\/skaitytaknyga.lt\/wp-content\/uploads\/2024\/05\/cropped-cropped-cropped-02_00843_jt3bggkj1j3HLc7SyY6rEUpg.jpeg","width":1600,"height":1600,"caption":"skaitytaknyga.lt"},"image":{"@id":"https:\/\/skaitytaknyga.lt\/#\/schema\/logo\/image\/"},"sameAs":["https:\/\/www.facebook.com\/skaitytaknyga\/"]}]}},"_links":{"self":[{"href":"https:\/\/skaitytaknyga.lt\/en\/wp-json\/wp\/v2\/product\/21047","targetHints":{"allow":["GET"]}}],"collection":[{"href":"https:\/\/skaitytaknyga.lt\/en\/wp-json\/wp\/v2\/product"}],"about":[{"href":"https:\/\/skaitytaknyga.lt\/en\/wp-json\/wp\/v2\/types\/product"}],"replies":[{"embeddable":true,"href":"https:\/\/skaitytaknyga.lt\/en\/wp-json\/wp\/v2\/comments?post=21047"}],"wp:featuredmedia":[{"embeddable":true,"href":"https:\/\/skaitytaknyga.lt\/en\/wp-json\/wp\/v2\/media\/21052"}],"wp:attachment":[{"href":"https:\/\/skaitytaknyga.lt\/en\/wp-json\/wp\/v2\/media?parent=21047"}],"wp:term":[{"taxonomy":"product_brand","embeddable":true,"href":"https:\/\/skaitytaknyga.lt\/en\/wp-json\/wp\/v2\/product_brand?post=21047"},{"taxonomy":"product_cat","embeddable":true,"href":"https:\/\/skaitytaknyga.lt\/en\/wp-json\/wp\/v2\/product_cat?post=21047"},{"taxonomy":"product_tag","embeddable":true,"href":"https:\/\/skaitytaknyga.lt\/en\/wp-json\/wp\/v2\/product_tag?post=21047"}],"curies":[{"name":"wp","href":"https:\/\/api.w.org\/{rel}","templated":true}]}}