{"id":21037,"date":"2025-09-27T20:20:21","date_gmt":"2025-09-27T17:20:21","guid":{"rendered":"https:\/\/skaitytaknyga.lt\/?post_type=product&#038;p=21037"},"modified":"2025-10-20T11:00:42","modified_gmt":"2025-10-20T08:00:42","slug":"dieviskoji-komedija-pragaras","status":"publish","type":"product","link":"https:\/\/skaitytaknyga.lt\/en\/produktas\/dieviskoji-komedija-pragaras\/","title":{"rendered":"Dievi\u0161koji komedija. Pragaras"},"content":{"rendered":"<p>\u201eDievi\u0161koji komedija\u201c \u2013 tai turb\u016bt tobuliausios formos poema i\u0161 vis\u0173 kada nors sukurt\u0173. Grak\u0161\u010di\u0173 tercin\u0173 laiptais Dant\u0117 sujung\u0117 \u017eemiausias ir auk\u0161\u010diausias b\u016bties sferas, suk\u016br\u0117 \u017emogau b\u016bties paveiksl\u0105. 1929 m. paskelbtame es\u0117 T. S. Eliotas stengiasi parodyti Dant\u0117s didyb\u0119, atkreipti d\u0117mes\u012f \u012f sud\u0117ting\u0105 jo k\u016brinio filosofij\u0105, slypin\u010di\u0105 po paprasta, permatoma i\u0161orine forma ir ai\u0161k\u0117jan\u010di\u0105 tik po daugelio skaitym\u0173. T. S. Elioto nuomone, Dant\u0117s poetin\u0117 mokykla yra tokia visapusi\u0161ka ir fundamentali, kad j\u0105 galima vadinti tiesiog poetine mokykla. I\u0161 jos v\u0117liau kilo ir ja r\u0117m\u0117si paties T. S. Elioto klasicizmas, kaip ir \u2013 visais kitais aspektais \u2013 E. Poundo ima\u017eizmas ar nominalizmas, ja remiasi vis\u0173 laik\u0173 poetin\u0117s mokyklos, pripa\u017e\u012fstan\u010dios, kad poetinis k\u016brinys privalo atspind\u0117ti reik\u0161ming\u0105 b\u016bties pavidal\u0105 ir tur\u0117ti nepriekai\u0161ting\u0105 savo stilistikos po\u017ei\u016briu i\u0161orin\u0119 form\u0105.<\/p>\n","protected":false},"excerpt":{"rendered":"<p>\u201eDievi\u0161koji komedija\u201c \u2013 tai turb\u016bt tobuliausios formos poema i\u0161 vis\u0173 kada nors sukurt\u0173. Grak\u0161\u010di\u0173 tercin\u0173 laiptais Dant\u0117 sujung\u0117 \u017eemiausias ir auk\u0161\u010diausias b\u016bties sferas, suk\u016br\u0117 \u017emogau b\u016bties paveiksl\u0105. 1929 m. paskelbtame es\u0117 T. S. Eliotas stengiasi parodyti Dant\u0117s didyb\u0119, atkreipti d\u0117mes\u012f \u012f sud\u0117ting\u0105 jo k\u016brinio filosofij\u0105, slypin\u010di\u0105 po paprasta, permatoma i\u0161orine forma ir ai\u0161k\u0117jan\u010di\u0105 tik po daugelio skaitym\u0173. T. S. Elioto nuomone, Dant\u0117s poetin\u0117 mokykla yra tokia visapusi\u0161ka ir fundamentali, kad j\u0105 galima vadinti tiesiog poetine mokykla. I\u0161 jos v\u0117liau kilo ir ja r\u0117m\u0117si paties T. S. Elioto klasicizmas, kaip ir \u2013 visais kitais aspektais \u2013 E. Poundo ima\u017eizmas ar nominalizmas, ja remiasi vis\u0173 laik\u0173 poetin\u0117s mokyklos, pripa\u017e\u012fstan\u010dios, kad poetinis k\u016brinys privalo atspind\u0117ti reik\u0161ming\u0105 b\u016bties pavidal\u0105 ir tur\u0117ti nepriekai\u0161ting\u0105 savo stilistikos po\u017ei\u016briu i\u0161orin\u0119 form\u0105.<\/p>\n","protected":false},"featured_media":21044,"comment_status":"open","ping_status":"closed","template":"","meta":{"_acf_changed":false,"site-sidebar-layout":"default","site-content-layout":"","ast-site-content-layout":"default","site-content-style":"default","site-sidebar-style":"default","ast-global-header-display":"","ast-banner-title-visibility":"","ast-main-header-display":"","ast-hfb-above-header-display":"","ast-hfb-below-header-display":"","ast-hfb-mobile-header-display":"","site-post-title":"","ast-breadcrumbs-content":"","ast-featured-img":"","footer-sml-layout":"","ast-disable-related-posts":"","theme-transparent-header-meta":"","adv-header-id-meta":"","stick-header-meta":"","header-above-stick-meta":"","header-main-stick-meta":"","header-below-stick-meta":"","astra-migrate-meta-layouts":"default","ast-page-background-enabled":"default","ast-page-background-meta":{"desktop":{"background-color":"","background-image":"","background-repeat":"repeat","background-position":"center center","background-size":"auto","background-attachment":"scroll","background-type":"","background-media":"","overlay-type":"","overlay-color":"","overlay-opacity":"","overlay-gradient":""},"tablet":{"background-color":"","background-image":"","background-repeat":"repeat","background-position":"center center","background-size":"auto","background-attachment":"scroll","background-type":"","background-media":"","overlay-type":"","overlay-color":"","overlay-opacity":"","overlay-gradient":""},"mobile":{"background-color":"","background-image":"","background-repeat":"repeat","background-position":"center center","background-size":"auto","background-attachment":"scroll","background-type":"","background-media":"","overlay-type":"","overlay-color":"","overlay-opacity":"","overlay-gradient":""}},"ast-content-background-meta":{"desktop":{"background-color":"var(--ast-global-color-4)","background-image":"","background-repeat":"repeat","background-position":"center center","background-size":"auto","background-attachment":"scroll","background-type":"","background-media":"","overlay-type":"","overlay-color":"","overlay-opacity":"","overlay-gradient":""},"tablet":{"background-color":"var(--ast-global-color-4)","background-image":"","background-repeat":"repeat","background-position":"center center","background-size":"auto","background-attachment":"scroll","background-type":"","background-media":"","overlay-type":"","overlay-color":"","overlay-opacity":"","overlay-gradient":""},"mobile":{"background-color":"var(--ast-global-color-4)","background-image":"","background-repeat":"repeat","background-position":"center center","background-size":"auto","background-attachment":"scroll","background-type":"","background-media":"","overlay-type":"","overlay-color":"","overlay-opacity":"","overlay-gradient":""}}},"product_brand":[],"product_cat":[28],"product_tag":[4323,1467,1492,1809,8440],"class_list":{"0":"post-21037","1":"product","2":"type-product","3":"status-publish","4":"has-post-thumbnail","6":"product_cat-klasika","7":"product_tag-dante-alighieri","8":"product_tag-filosofija","9":"product_tag-literatura","10":"product_tag-poezija","11":"product_tag-viduramziu-literatura","12":"desktop-align-left","13":"tablet-align-left","14":"mobile-align-left","16":"first","17":"outofstock","18":"shipping-taxable","19":"purchasable","20":"product-type-simple"},"acf":[],"yoast_head":"<!-- This site is optimized with the Yoast SEO plugin v27.0 - https:\/\/yoast.com\/product\/yoast-seo-wordpress\/ -->\n<title>Dievi\u0161koji komedija. Pragaras<\/title>\n<meta name=\"description\" content=\"\u201eDievi\u0161koji komedija\u201c \u2013 tai turb\u016bt tobuliausios formos poema i\u0161 vis\u0173 kada nors sukurt\u0173. Grak\u0161\u010di\u0173 tercin\u0173 laiptais Dant\u0117 sujung\u0117 \u017eemiausias ir auk\u0161\u010diausias\" \/>\n<meta name=\"robots\" content=\"index, follow, max-snippet:-1, max-image-preview:large, max-video-preview:-1\" \/>\n<link rel=\"canonical\" href=\"https:\/\/skaitytaknyga.lt\/en\/produktas\/dieviskoji-komedija-pragaras\/\" \/>\n<meta property=\"og:locale\" content=\"en_GB\" \/>\n<meta property=\"og:locale:alternate\" content=\"lt_LT\" \/>\n<meta property=\"og:type\" content=\"article\" \/>\n<meta property=\"og:title\" content=\"Dievi\u0161koji komedija. Pragaras\" \/>\n<meta property=\"og:description\" content=\"\u201eDievi\u0161koji komedija\u201c \u2013 tai turb\u016bt tobuliausios formos poema i\u0161 vis\u0173 kada nors sukurt\u0173. Grak\u0161\u010di\u0173 tercin\u0173 laiptais Dant\u0117 sujung\u0117 \u017eemiausias ir auk\u0161\u010diausias\" \/>\n<meta property=\"og:url\" content=\"https:\/\/skaitytaknyga.lt\/en\/produktas\/dieviskoji-komedija-pragaras\/\" \/>\n<meta property=\"og:site_name\" content=\"Skaitytaknyga\" \/>\n<meta property=\"article:publisher\" content=\"https:\/\/www.facebook.com\/skaitytaknyga\/\" \/>\n<meta property=\"article:modified_time\" content=\"2025-10-20T08:00:42+00:00\" \/>\n<meta property=\"og:image\" content=\"https:\/\/skaitytaknyga.lt\/wp-content\/uploads\/2025\/09\/Dieviskoji-komedija.-Pragaras-1.webp\" \/>\n\t<meta property=\"og:image:width\" content=\"300\" \/>\n\t<meta property=\"og:image:height\" content=\"512\" \/>\n\t<meta property=\"og:image:type\" content=\"image\/webp\" \/>\n<meta name=\"twitter:card\" content=\"summary_large_image\" \/>\n<meta name=\"twitter:label1\" content=\"Estimated reading time\" \/>\n\t<meta name=\"twitter:data1\" content=\"1 minute\" \/>\n<script type=\"application\/ld+json\" class=\"yoast-schema-graph\">{\"@context\":\"https:\/\/schema.org\",\"@graph\":[{\"@type\":\"WebPage\",\"@id\":\"https:\/\/skaitytaknyga.lt\/produktas\/dieviskoji-komedija-pragaras\/\",\"url\":\"https:\/\/skaitytaknyga.lt\/produktas\/dieviskoji-komedija-pragaras\/\",\"name\":\"Dievi\u0161koji komedija. Pragaras\",\"isPartOf\":{\"@id\":\"https:\/\/skaitytaknyga.lt\/#website\"},\"primaryImageOfPage\":{\"@id\":\"https:\/\/skaitytaknyga.lt\/produktas\/dieviskoji-komedija-pragaras\/#primaryimage\"},\"image\":{\"@id\":\"https:\/\/skaitytaknyga.lt\/produktas\/dieviskoji-komedija-pragaras\/#primaryimage\"},\"thumbnailUrl\":\"https:\/\/skaitytaknyga.lt\/wp-content\/uploads\/2025\/09\/Dieviskoji-komedija.-Pragaras-1.webp\",\"datePublished\":\"2025-09-27T17:20:21+00:00\",\"dateModified\":\"2025-10-20T08:00:42+00:00\",\"description\":\"\u201eDievi\u0161koji komedija\u201c \u2013 tai turb\u016bt tobuliausios formos poema i\u0161 vis\u0173 kada nors sukurt\u0173. Grak\u0161\u010di\u0173 tercin\u0173 laiptais Dant\u0117 sujung\u0117 \u017eemiausias ir auk\u0161\u010diausias\",\"breadcrumb\":{\"@id\":\"https:\/\/skaitytaknyga.lt\/produktas\/dieviskoji-komedija-pragaras\/#breadcrumb\"},\"inLanguage\":\"en-GB\",\"potentialAction\":[{\"@type\":\"ReadAction\",\"target\":[\"https:\/\/skaitytaknyga.lt\/produktas\/dieviskoji-komedija-pragaras\/\"]}]},{\"@type\":\"ImageObject\",\"inLanguage\":\"en-GB\",\"@id\":\"https:\/\/skaitytaknyga.lt\/produktas\/dieviskoji-komedija-pragaras\/#primaryimage\",\"url\":\"https:\/\/skaitytaknyga.lt\/wp-content\/uploads\/2025\/09\/Dieviskoji-komedija.-Pragaras-1.webp\",\"contentUrl\":\"https:\/\/skaitytaknyga.lt\/wp-content\/uploads\/2025\/09\/Dieviskoji-komedija.-Pragaras-1.webp\",\"width\":300,\"height\":512,\"caption\":\"Dievi\u0161koji komedija. Pragaras\"},{\"@type\":\"BreadcrumbList\",\"@id\":\"https:\/\/skaitytaknyga.lt\/produktas\/dieviskoji-komedija-pragaras\/#breadcrumb\",\"itemListElement\":[{\"@type\":\"ListItem\",\"position\":1,\"name\":\"Home\",\"item\":\"https:\/\/skaitytaknyga.lt\/\"},{\"@type\":\"ListItem\",\"position\":2,\"name\":\"Parduotuv\u0117\",\"item\":\"https:\/\/skaitytaknyga.lt\/knygu-parduotuve\/\"},{\"@type\":\"ListItem\",\"position\":3,\"name\":\"Dievi\u0161koji komedija. Pragaras\"}]},{\"@type\":\"WebSite\",\"@id\":\"https:\/\/skaitytaknyga.lt\/#website\",\"url\":\"https:\/\/skaitytaknyga.lt\/\",\"name\":\"skaitytaknyga.lt\",\"description\":\"Skaitytaknyga.lt \u2013 tai ma\u017eas \u0161eimos verslas, kuris prasid\u0117jo nuo meil\u0117s knygoms ir siekio i\u0161gelb\u0117ti knygas nuo likimo prie konteinerio. Kas vienam nereikalingas daiktas \u2013 kitam lobis, o mes esame tarpininkai, kurie padeda abiems tapti laimingesniems ???? \u017dinome kaip nelengva i\u0161gyventi ma\u017eiems verslams, tad nuo \u0161iol, \u010dia rasite ir kit\u0173, ma\u017e\u0173 \u0161eim\u0173 versl\u0173, rank\u0173 darbo, dovan\u0173 sau ir artimiesiems.\",\"publisher\":{\"@id\":\"https:\/\/skaitytaknyga.lt\/#organization\"},\"potentialAction\":[{\"@type\":\"SearchAction\",\"target\":{\"@type\":\"EntryPoint\",\"urlTemplate\":\"https:\/\/skaitytaknyga.lt\/?s={search_term_string}\"},\"query-input\":{\"@type\":\"PropertyValueSpecification\",\"valueRequired\":true,\"valueName\":\"search_term_string\"}}],\"inLanguage\":\"en-GB\"},{\"@type\":\"Organization\",\"@id\":\"https:\/\/skaitytaknyga.lt\/#organization\",\"name\":\"skaitytaknyga.lt\",\"url\":\"https:\/\/skaitytaknyga.lt\/\",\"logo\":{\"@type\":\"ImageObject\",\"inLanguage\":\"en-GB\",\"@id\":\"https:\/\/skaitytaknyga.lt\/#\/schema\/logo\/image\/\",\"url\":\"https:\/\/skaitytaknyga.lt\/wp-content\/uploads\/2024\/05\/cropped-cropped-cropped-02_00843_jt3bggkj1j3HLc7SyY6rEUpg.jpeg\",\"contentUrl\":\"https:\/\/skaitytaknyga.lt\/wp-content\/uploads\/2024\/05\/cropped-cropped-cropped-02_00843_jt3bggkj1j3HLc7SyY6rEUpg.jpeg\",\"width\":1600,\"height\":1600,\"caption\":\"skaitytaknyga.lt\"},\"image\":{\"@id\":\"https:\/\/skaitytaknyga.lt\/#\/schema\/logo\/image\/\"},\"sameAs\":[\"https:\/\/www.facebook.com\/skaitytaknyga\/\"]}]}<\/script>\n<!-- \/ Yoast SEO plugin. -->","yoast_head_json":{"title":"Dievi\u0161koji komedija. Pragaras","description":"\u201eDievi\u0161koji komedija\u201c \u2013 tai turb\u016bt tobuliausios formos poema i\u0161 vis\u0173 kada nors sukurt\u0173. Grak\u0161\u010di\u0173 tercin\u0173 laiptais Dant\u0117 sujung\u0117 \u017eemiausias ir auk\u0161\u010diausias","robots":{"index":"index","follow":"follow","max-snippet":"max-snippet:-1","max-image-preview":"max-image-preview:large","max-video-preview":"max-video-preview:-1"},"canonical":"https:\/\/skaitytaknyga.lt\/en\/produktas\/dieviskoji-komedija-pragaras\/","og_locale":"en_GB","og_type":"article","og_title":"[:lt]Dievi\u0161koji komedija. Pragaras[:] - Skaitytaknyga","og_description":"\u201eDievi\u0161koji komedija\u201c \u2013 tai turb\u016bt tobuliausios formos poema i\u0161 vis\u0173 kada nors sukurt\u0173. Grak\u0161\u010di\u0173 tercin\u0173 laiptais Dant\u0117 sujung\u0117 \u017eemiausias ir auk\u0161\u010diausias","og_url":"https:\/\/skaitytaknyga.lt\/en\/produktas\/dieviskoji-komedija-pragaras\/","og_site_name":"Skaitytaknyga","article_publisher":"https:\/\/www.facebook.com\/skaitytaknyga\/","article_modified_time":"2025-10-20T08:00:42+00:00","og_image":[{"width":300,"height":512,"url":"https:\/\/skaitytaknyga.lt\/wp-content\/uploads\/2025\/09\/Dieviskoji-komedija.-Pragaras-1.webp","type":"image\/webp"}],"twitter_card":"summary_large_image","twitter_misc":{"Estimated reading time":"1 minute"},"schema":{"@context":"https:\/\/schema.org","@graph":[{"@type":"WebPage","@id":"https:\/\/skaitytaknyga.lt\/produktas\/dieviskoji-komedija-pragaras\/","url":"https:\/\/skaitytaknyga.lt\/produktas\/dieviskoji-komedija-pragaras\/","name":"Dievi\u0161koji komedija. Pragaras","isPartOf":{"@id":"https:\/\/skaitytaknyga.lt\/#website"},"primaryImageOfPage":{"@id":"https:\/\/skaitytaknyga.lt\/produktas\/dieviskoji-komedija-pragaras\/#primaryimage"},"image":{"@id":"https:\/\/skaitytaknyga.lt\/produktas\/dieviskoji-komedija-pragaras\/#primaryimage"},"thumbnailUrl":"https:\/\/skaitytaknyga.lt\/wp-content\/uploads\/2025\/09\/Dieviskoji-komedija.-Pragaras-1.webp","datePublished":"2025-09-27T17:20:21+00:00","dateModified":"2025-10-20T08:00:42+00:00","description":"\u201eDievi\u0161koji komedija\u201c \u2013 tai turb\u016bt tobuliausios formos poema i\u0161 vis\u0173 kada nors sukurt\u0173. Grak\u0161\u010di\u0173 tercin\u0173 laiptais Dant\u0117 sujung\u0117 \u017eemiausias ir auk\u0161\u010diausias","breadcrumb":{"@id":"https:\/\/skaitytaknyga.lt\/produktas\/dieviskoji-komedija-pragaras\/#breadcrumb"},"inLanguage":"en-GB","potentialAction":[{"@type":"ReadAction","target":["https:\/\/skaitytaknyga.lt\/produktas\/dieviskoji-komedija-pragaras\/"]}]},{"@type":"ImageObject","inLanguage":"en-GB","@id":"https:\/\/skaitytaknyga.lt\/produktas\/dieviskoji-komedija-pragaras\/#primaryimage","url":"https:\/\/skaitytaknyga.lt\/wp-content\/uploads\/2025\/09\/Dieviskoji-komedija.-Pragaras-1.webp","contentUrl":"https:\/\/skaitytaknyga.lt\/wp-content\/uploads\/2025\/09\/Dieviskoji-komedija.-Pragaras-1.webp","width":300,"height":512,"caption":"Dievi\u0161koji komedija. Pragaras"},{"@type":"BreadcrumbList","@id":"https:\/\/skaitytaknyga.lt\/produktas\/dieviskoji-komedija-pragaras\/#breadcrumb","itemListElement":[{"@type":"ListItem","position":1,"name":"Home","item":"https:\/\/skaitytaknyga.lt\/"},{"@type":"ListItem","position":2,"name":"Parduotuv\u0117","item":"https:\/\/skaitytaknyga.lt\/knygu-parduotuve\/"},{"@type":"ListItem","position":3,"name":"Dievi\u0161koji komedija. Pragaras"}]},{"@type":"WebSite","@id":"https:\/\/skaitytaknyga.lt\/#website","url":"https:\/\/skaitytaknyga.lt\/","name":"skaitytaknyga.lt","description":"Skaitytaknyga.lt \u2013 tai ma\u017eas \u0161eimos verslas, kuris prasid\u0117jo nuo meil\u0117s knygoms ir siekio i\u0161gelb\u0117ti knygas nuo likimo prie konteinerio. Kas vienam nereikalingas daiktas \u2013 kitam lobis, o mes esame tarpininkai, kurie padeda abiems tapti laimingesniems ???? \u017dinome kaip nelengva i\u0161gyventi ma\u017eiems verslams, tad nuo \u0161iol, \u010dia rasite ir kit\u0173, ma\u017e\u0173 \u0161eim\u0173 versl\u0173, rank\u0173 darbo, dovan\u0173 sau ir artimiesiems.","publisher":{"@id":"https:\/\/skaitytaknyga.lt\/#organization"},"potentialAction":[{"@type":"SearchAction","target":{"@type":"EntryPoint","urlTemplate":"https:\/\/skaitytaknyga.lt\/?s={search_term_string}"},"query-input":{"@type":"PropertyValueSpecification","valueRequired":true,"valueName":"search_term_string"}}],"inLanguage":"en-GB"},{"@type":"Organization","@id":"https:\/\/skaitytaknyga.lt\/#organization","name":"skaitytaknyga.lt","url":"https:\/\/skaitytaknyga.lt\/","logo":{"@type":"ImageObject","inLanguage":"en-GB","@id":"https:\/\/skaitytaknyga.lt\/#\/schema\/logo\/image\/","url":"https:\/\/skaitytaknyga.lt\/wp-content\/uploads\/2024\/05\/cropped-cropped-cropped-02_00843_jt3bggkj1j3HLc7SyY6rEUpg.jpeg","contentUrl":"https:\/\/skaitytaknyga.lt\/wp-content\/uploads\/2024\/05\/cropped-cropped-cropped-02_00843_jt3bggkj1j3HLc7SyY6rEUpg.jpeg","width":1600,"height":1600,"caption":"skaitytaknyga.lt"},"image":{"@id":"https:\/\/skaitytaknyga.lt\/#\/schema\/logo\/image\/"},"sameAs":["https:\/\/www.facebook.com\/skaitytaknyga\/"]}]}},"_links":{"self":[{"href":"https:\/\/skaitytaknyga.lt\/en\/wp-json\/wp\/v2\/product\/21037","targetHints":{"allow":["GET"]}}],"collection":[{"href":"https:\/\/skaitytaknyga.lt\/en\/wp-json\/wp\/v2\/product"}],"about":[{"href":"https:\/\/skaitytaknyga.lt\/en\/wp-json\/wp\/v2\/types\/product"}],"replies":[{"embeddable":true,"href":"https:\/\/skaitytaknyga.lt\/en\/wp-json\/wp\/v2\/comments?post=21037"}],"wp:featuredmedia":[{"embeddable":true,"href":"https:\/\/skaitytaknyga.lt\/en\/wp-json\/wp\/v2\/media\/21044"}],"wp:attachment":[{"href":"https:\/\/skaitytaknyga.lt\/en\/wp-json\/wp\/v2\/media?parent=21037"}],"wp:term":[{"taxonomy":"product_brand","embeddable":true,"href":"https:\/\/skaitytaknyga.lt\/en\/wp-json\/wp\/v2\/product_brand?post=21037"},{"taxonomy":"product_cat","embeddable":true,"href":"https:\/\/skaitytaknyga.lt\/en\/wp-json\/wp\/v2\/product_cat?post=21037"},{"taxonomy":"product_tag","embeddable":true,"href":"https:\/\/skaitytaknyga.lt\/en\/wp-json\/wp\/v2\/product_tag?post=21037"}],"curies":[{"name":"wp","href":"https:\/\/api.w.org\/{rel}","templated":true}]}}