{"id":21036,"date":"2025-09-27T20:20:21","date_gmt":"2025-09-27T17:20:21","guid":{"rendered":"https:\/\/skaitytaknyga.lt\/?post_type=product&#038;p=21036"},"modified":"2025-10-06T11:15:27","modified_gmt":"2025-10-06T08:15:27","slug":"vista-strimeles-galva","status":"publish","type":"product","link":"https:\/\/skaitytaknyga.lt\/en\/produktas\/vista-strimeles-galva\/","title":{"rendered":"Vi\u0161ta strimel\u0117s galva"},"content":{"rendered":"<p>Sveika, mieloji, \u010dia v\u0117l a\u0161, Vanagait\u0117. Gal skaitei mano skais\u010di\u0105j\u0105 \u201eNe bob\u0173 vasar\u0105&#8221;, gaurais ap\u017e\u0117lusi\u0105 knyg\u0105 apie vyrus \u201eJis&#8221;, o gal netgi mano juodai juodus \u201eM\u016bsi\u0161kius&#8221;?<\/p>\n<p>\u0160tai mudvi ir v\u0117l susitikome. \u0160ita rausva kaip saul\u0117lydis knyga \u2013 tai mano gyvenimas. Kaip ant delno. Ant tavo delno. Gyvenimas ir septynios jo pamokos. Tik septynios.<\/p>\n<p>Pasijuok kartu su manimi. Pali\u016bd\u0117k drauge. \u012ekv\u0117pk vilties, kad gyvenimas tik prasideda ir kad jis yra velni\u0161kai gra\u017eus.<\/p>\n<p>\u2022 Apie linksmas ir li\u016bdnas gyvenimo patirtis.<\/p>\n<p>\u2022 Apie pavasar\u012f, at\u0117jus\u012f po rudens.<\/p>\n<p>\u2022 Apie vilt\u012f, kuri\u0105 i\u0161saugodavau juod\u017eiausiomis akimirkomis.<\/p>\n<p>\u2022 Apie pasirengim\u0105 bet kokiame am\u017eiuje priimti saul\u0117tas gyvenimo dovanas.<\/p>\n<p>Skaitydama patyriau daugyb\u0119 emocij\u0173 \u2013 nuo juoko iki graudulio.<\/p>\n<p>Yra toki\u0173 s\u0105mojo perl\u0173, kad nors imk ir nusira\u0161in\u0117k. Ir dar nepaprasto jautrumo.<\/p>\n<p>Viena pirm\u0173j\u0173 rankra\u0161\u010dio skaitytoj\u0173<\/p>\n<p>Giliai giliai turime vidin\u012f bals\u0105, kuris sako, kas esame ir kur turime eiti. Kai renkiesi gyvenimo keli\u0105, pirmiausia turi paklausti sav\u0119s, kas tave u\u017edega, kas ve\u017ea ir k\u0105 darai gerai, be pastang\u0173. Kam sten\u0117ti? Kai darai tai, kas tavo, nesteni. Kai eini savo keliu, tavo \u017eingsnis lengvas ir grak\u0161tus.<\/p>\n<p>A\u0161 nestenu, kai ra\u0161au.<\/p>\n<p>Balsas tavo viduje visada \u017eino. Per j\u012f kalba Dievo tau duota prigimtis. Jis yra tu \u2013 tikroji.<\/p>\n","protected":false},"excerpt":{"rendered":"<p>Sveika, mieloji, \u010dia v\u0117l a\u0161, Vanagait\u0117. Gal skaitei mano skais\u010di\u0105j\u0105 \u201eNe bob\u0173 vasar\u0105&#8221;, gaurais ap\u017e\u0117lusi\u0105 knyg\u0105 apie vyrus \u201eJis&#8221;, o gal netgi mano juodai juodus \u201eM\u016bsi\u0161kius&#8221;? \u0160tai mudvi ir v\u0117l susitikome. \u0160ita rausva kaip saul\u0117lydis knyga \u2013 tai mano gyvenimas. Kaip ant delno. Ant tavo delno. Gyvenimas ir septynios jo pamokos. Tik septynios. Pasijuok kartu su manimi. Pali\u016bd\u0117k drauge. \u012ekv\u0117pk vilties, kad gyvenimas tik prasideda ir kad jis yra velni\u0161kai gra\u017eus. \u2022 Apie linksmas ir li\u016bdnas gyvenimo patirtis. \u2022 Apie pavasar\u012f, at\u0117jus\u012f po rudens. \u2022 Apie vilt\u012f, kuri\u0105 i\u0161saugodavau juod\u017eiausiomis akimirkomis. \u2022 Apie pasirengim\u0105 bet kokiame am\u017eiuje priimti saul\u0117tas gyvenimo dovanas. Skaitydama patyriau daugyb\u0119 emocij\u0173 \u2013 nuo juoko iki graudulio. Yra toki\u0173 s\u0105mojo perl\u0173, kad nors imk ir nusira\u0161in\u0117k. Ir dar nepaprasto jautrumo. Viena pirm\u0173j\u0173 rankra\u0161\u010dio skaitytoj\u0173 Giliai giliai turime vidin\u012f bals\u0105, kuris sako, kas esame ir kur turime eiti. Kai renkiesi gyvenimo keli\u0105, pirmiausia turi paklausti sav\u0119s, kas tave u\u017edega, kas ve\u017ea ir k\u0105 darai gerai, be pastang\u0173. Kam sten\u0117ti? Kai darai tai, kas tavo, nesteni. Kai eini savo keliu, tavo \u017eingsnis lengvas ir grak\u0161tus. A\u0161 nestenu, kai ra\u0161au. Balsas tavo viduje visada \u017eino. Per j\u012f kalba Dievo tau duota prigimtis. Jis yra tu \u2013 tikroji.<\/p>\n","protected":false},"featured_media":21043,"comment_status":"open","ping_status":"closed","template":"","meta":{"_acf_changed":false,"site-sidebar-layout":"default","site-content-layout":"","ast-site-content-layout":"default","site-content-style":"default","site-sidebar-style":"default","ast-global-header-display":"","ast-banner-title-visibility":"","ast-main-header-display":"","ast-hfb-above-header-display":"","ast-hfb-below-header-display":"","ast-hfb-mobile-header-display":"","site-post-title":"","ast-breadcrumbs-content":"","ast-featured-img":"","footer-sml-layout":"","ast-disable-related-posts":"","theme-transparent-header-meta":"","adv-header-id-meta":"","stick-header-meta":"","header-above-stick-meta":"","header-main-stick-meta":"","header-below-stick-meta":"","astra-migrate-meta-layouts":"default","ast-page-background-enabled":"default","ast-page-background-meta":{"desktop":{"background-color":"","background-image":"","background-repeat":"repeat","background-position":"center center","background-size":"auto","background-attachment":"scroll","background-type":"","background-media":"","overlay-type":"","overlay-color":"","overlay-opacity":"","overlay-gradient":""},"tablet":{"background-color":"","background-image":"","background-repeat":"repeat","background-position":"center center","background-size":"auto","background-attachment":"scroll","background-type":"","background-media":"","overlay-type":"","overlay-color":"","overlay-opacity":"","overlay-gradient":""},"mobile":{"background-color":"","background-image":"","background-repeat":"repeat","background-position":"center center","background-size":"auto","background-attachment":"scroll","background-type":"","background-media":"","overlay-type":"","overlay-color":"","overlay-opacity":"","overlay-gradient":""}},"ast-content-background-meta":{"desktop":{"background-color":"var(--ast-global-color-4)","background-image":"","background-repeat":"repeat","background-position":"center center","background-size":"auto","background-attachment":"scroll","background-type":"","background-media":"","overlay-type":"","overlay-color":"","overlay-opacity":"","overlay-gradient":""},"tablet":{"background-color":"var(--ast-global-color-4)","background-image":"","background-repeat":"repeat","background-position":"center center","background-size":"auto","background-attachment":"scroll","background-type":"","background-media":"","overlay-type":"","overlay-color":"","overlay-opacity":"","overlay-gradient":""},"mobile":{"background-color":"var(--ast-global-color-4)","background-image":"","background-repeat":"repeat","background-position":"center center","background-size":"auto","background-attachment":"scroll","background-type":"","background-media":"","overlay-type":"","overlay-color":"","overlay-opacity":"","overlay-gradient":""}}},"product_brand":[],"product_cat":[31],"product_tag":[3904,7686,1409,8439],"class_list":{"0":"post-21036","1":"product","2":"type-product","3":"status-publish","4":"has-post-thumbnail","6":"product_cat-grozine-literatura","7":"product_tag-asmenine-patirtis","8":"product_tag-gyvenimo-pamokos","9":"product_tag-motyvacija","10":"product_tag-ruta-vanagaite","11":"desktop-align-left","12":"tablet-align-left","13":"mobile-align-left","15":"first","16":"instock","17":"shipping-taxable","18":"purchasable","19":"product-type-simple"},"acf":[],"yoast_head":"<!-- This site is optimized with the Yoast SEO plugin v27.0 - https:\/\/yoast.com\/product\/yoast-seo-wordpress\/ -->\n<title>Vi\u0161ta strimel\u0117s galva<\/title>\n<meta name=\"description\" content=\"Sveika, mieloji, \u010dia v\u0117l a\u0161, Vanagait\u0117. Gal skaitei mano skais\u010di\u0105j\u0105 \u201eNe bob\u0173 vasar\u0105&quot;, gaurais ap\u017e\u0117lusi\u0105 knyg\u0105 apie vyrus \u201eJis&quot;, o gal netgi mano juodai\" \/>\n<meta name=\"robots\" content=\"index, follow, max-snippet:-1, max-image-preview:large, max-video-preview:-1\" \/>\n<link rel=\"canonical\" href=\"https:\/\/skaitytaknyga.lt\/en\/produktas\/vista-strimeles-galva\/\" \/>\n<meta property=\"og:locale\" content=\"en_GB\" \/>\n<meta property=\"og:locale:alternate\" content=\"lt_LT\" \/>\n<meta property=\"og:type\" content=\"article\" \/>\n<meta property=\"og:title\" content=\"Vi\u0161ta strimel\u0117s galva\" \/>\n<meta property=\"og:description\" content=\"Sveika, mieloji, \u010dia v\u0117l a\u0161, Vanagait\u0117. Gal skaitei mano skais\u010di\u0105j\u0105 \u201eNe bob\u0173 vasar\u0105&quot;, gaurais ap\u017e\u0117lusi\u0105 knyg\u0105 apie vyrus \u201eJis&quot;, o gal netgi mano juodai\" \/>\n<meta property=\"og:url\" content=\"https:\/\/skaitytaknyga.lt\/en\/produktas\/vista-strimeles-galva\/\" \/>\n<meta property=\"og:site_name\" content=\"Skaitytaknyga\" \/>\n<meta property=\"article:publisher\" content=\"https:\/\/www.facebook.com\/skaitytaknyga\/\" \/>\n<meta property=\"article:modified_time\" content=\"2025-10-06T08:15:27+00:00\" \/>\n<meta property=\"og:image\" content=\"https:\/\/skaitytaknyga.lt\/wp-content\/uploads\/2025\/09\/Vista-strimeles-galva-1.webp\" \/>\n\t<meta property=\"og:image:width\" content=\"285\" \/>\n\t<meta property=\"og:image:height\" content=\"424\" \/>\n\t<meta property=\"og:image:type\" content=\"image\/webp\" \/>\n<meta name=\"twitter:card\" content=\"summary_large_image\" \/>\n<meta name=\"twitter:label1\" content=\"Estimated reading time\" \/>\n\t<meta name=\"twitter:data1\" content=\"1 minute\" \/>\n<script type=\"application\/ld+json\" class=\"yoast-schema-graph\">{\"@context\":\"https:\/\/schema.org\",\"@graph\":[{\"@type\":\"WebPage\",\"@id\":\"https:\/\/skaitytaknyga.lt\/produktas\/vista-strimeles-galva\/\",\"url\":\"https:\/\/skaitytaknyga.lt\/produktas\/vista-strimeles-galva\/\",\"name\":\"Vi\u0161ta strimel\u0117s galva\",\"isPartOf\":{\"@id\":\"https:\/\/skaitytaknyga.lt\/#website\"},\"primaryImageOfPage\":{\"@id\":\"https:\/\/skaitytaknyga.lt\/produktas\/vista-strimeles-galva\/#primaryimage\"},\"image\":{\"@id\":\"https:\/\/skaitytaknyga.lt\/produktas\/vista-strimeles-galva\/#primaryimage\"},\"thumbnailUrl\":\"https:\/\/skaitytaknyga.lt\/wp-content\/uploads\/2025\/09\/Vista-strimeles-galva-1.webp\",\"datePublished\":\"2025-09-27T17:20:21+00:00\",\"dateModified\":\"2025-10-06T08:15:27+00:00\",\"description\":\"Sveika, mieloji, \u010dia v\u0117l a\u0161, Vanagait\u0117. Gal skaitei mano skais\u010di\u0105j\u0105 \u201eNe bob\u0173 vasar\u0105\\\", gaurais ap\u017e\u0117lusi\u0105 knyg\u0105 apie vyrus \u201eJis\\\", o gal netgi mano juodai\",\"breadcrumb\":{\"@id\":\"https:\/\/skaitytaknyga.lt\/produktas\/vista-strimeles-galva\/#breadcrumb\"},\"inLanguage\":\"en-GB\",\"potentialAction\":[{\"@type\":\"ReadAction\",\"target\":[\"https:\/\/skaitytaknyga.lt\/produktas\/vista-strimeles-galva\/\"]}]},{\"@type\":\"ImageObject\",\"inLanguage\":\"en-GB\",\"@id\":\"https:\/\/skaitytaknyga.lt\/produktas\/vista-strimeles-galva\/#primaryimage\",\"url\":\"https:\/\/skaitytaknyga.lt\/wp-content\/uploads\/2025\/09\/Vista-strimeles-galva-1.webp\",\"contentUrl\":\"https:\/\/skaitytaknyga.lt\/wp-content\/uploads\/2025\/09\/Vista-strimeles-galva-1.webp\",\"width\":285,\"height\":424,\"caption\":\"Vi\u0161ta strimel\u0117s galva\"},{\"@type\":\"BreadcrumbList\",\"@id\":\"https:\/\/skaitytaknyga.lt\/produktas\/vista-strimeles-galva\/#breadcrumb\",\"itemListElement\":[{\"@type\":\"ListItem\",\"position\":1,\"name\":\"Home\",\"item\":\"https:\/\/skaitytaknyga.lt\/\"},{\"@type\":\"ListItem\",\"position\":2,\"name\":\"Parduotuv\u0117\",\"item\":\"https:\/\/skaitytaknyga.lt\/knygu-parduotuve\/\"},{\"@type\":\"ListItem\",\"position\":3,\"name\":\"Vi\u0161ta strimel\u0117s galva\"}]},{\"@type\":\"WebSite\",\"@id\":\"https:\/\/skaitytaknyga.lt\/#website\",\"url\":\"https:\/\/skaitytaknyga.lt\/\",\"name\":\"skaitytaknyga.lt\",\"description\":\"Skaitytaknyga.lt \u2013 tai ma\u017eas \u0161eimos verslas, kuris prasid\u0117jo nuo meil\u0117s knygoms ir siekio i\u0161gelb\u0117ti knygas nuo likimo prie konteinerio. Kas vienam nereikalingas daiktas \u2013 kitam lobis, o mes esame tarpininkai, kurie padeda abiems tapti laimingesniems ???? \u017dinome kaip nelengva i\u0161gyventi ma\u017eiems verslams, tad nuo \u0161iol, \u010dia rasite ir kit\u0173, ma\u017e\u0173 \u0161eim\u0173 versl\u0173, rank\u0173 darbo, dovan\u0173 sau ir artimiesiems.\",\"publisher\":{\"@id\":\"https:\/\/skaitytaknyga.lt\/#organization\"},\"potentialAction\":[{\"@type\":\"SearchAction\",\"target\":{\"@type\":\"EntryPoint\",\"urlTemplate\":\"https:\/\/skaitytaknyga.lt\/?s={search_term_string}\"},\"query-input\":{\"@type\":\"PropertyValueSpecification\",\"valueRequired\":true,\"valueName\":\"search_term_string\"}}],\"inLanguage\":\"en-GB\"},{\"@type\":\"Organization\",\"@id\":\"https:\/\/skaitytaknyga.lt\/#organization\",\"name\":\"skaitytaknyga.lt\",\"url\":\"https:\/\/skaitytaknyga.lt\/\",\"logo\":{\"@type\":\"ImageObject\",\"inLanguage\":\"en-GB\",\"@id\":\"https:\/\/skaitytaknyga.lt\/#\/schema\/logo\/image\/\",\"url\":\"https:\/\/skaitytaknyga.lt\/wp-content\/uploads\/2024\/05\/cropped-cropped-cropped-02_00843_jt3bggkj1j3HLc7SyY6rEUpg.jpeg\",\"contentUrl\":\"https:\/\/skaitytaknyga.lt\/wp-content\/uploads\/2024\/05\/cropped-cropped-cropped-02_00843_jt3bggkj1j3HLc7SyY6rEUpg.jpeg\",\"width\":1600,\"height\":1600,\"caption\":\"skaitytaknyga.lt\"},\"image\":{\"@id\":\"https:\/\/skaitytaknyga.lt\/#\/schema\/logo\/image\/\"},\"sameAs\":[\"https:\/\/www.facebook.com\/skaitytaknyga\/\"]}]}<\/script>\n<!-- \/ Yoast SEO plugin. -->","yoast_head_json":{"title":"Vi\u0161ta strimel\u0117s galva","description":"Sveika, mieloji, \u010dia v\u0117l a\u0161, Vanagait\u0117. Gal skaitei mano skais\u010di\u0105j\u0105 \u201eNe bob\u0173 vasar\u0105\", gaurais ap\u017e\u0117lusi\u0105 knyg\u0105 apie vyrus \u201eJis\", o gal netgi mano juodai","robots":{"index":"index","follow":"follow","max-snippet":"max-snippet:-1","max-image-preview":"max-image-preview:large","max-video-preview":"max-video-preview:-1"},"canonical":"https:\/\/skaitytaknyga.lt\/en\/produktas\/vista-strimeles-galva\/","og_locale":"en_GB","og_type":"article","og_title":"[:lt]Vi\u0161ta strimel\u0117s galva[:] - Skaitytaknyga","og_description":"Sveika, mieloji, \u010dia v\u0117l a\u0161, Vanagait\u0117. Gal skaitei mano skais\u010di\u0105j\u0105 \u201eNe bob\u0173 vasar\u0105\", gaurais ap\u017e\u0117lusi\u0105 knyg\u0105 apie vyrus \u201eJis\", o gal netgi mano juodai","og_url":"https:\/\/skaitytaknyga.lt\/en\/produktas\/vista-strimeles-galva\/","og_site_name":"Skaitytaknyga","article_publisher":"https:\/\/www.facebook.com\/skaitytaknyga\/","article_modified_time":"2025-10-06T08:15:27+00:00","og_image":[{"width":285,"height":424,"url":"https:\/\/skaitytaknyga.lt\/wp-content\/uploads\/2025\/09\/Vista-strimeles-galva-1.webp","type":"image\/webp"}],"twitter_card":"summary_large_image","twitter_misc":{"Estimated reading time":"1 minute"},"schema":{"@context":"https:\/\/schema.org","@graph":[{"@type":"WebPage","@id":"https:\/\/skaitytaknyga.lt\/produktas\/vista-strimeles-galva\/","url":"https:\/\/skaitytaknyga.lt\/produktas\/vista-strimeles-galva\/","name":"Vi\u0161ta strimel\u0117s galva","isPartOf":{"@id":"https:\/\/skaitytaknyga.lt\/#website"},"primaryImageOfPage":{"@id":"https:\/\/skaitytaknyga.lt\/produktas\/vista-strimeles-galva\/#primaryimage"},"image":{"@id":"https:\/\/skaitytaknyga.lt\/produktas\/vista-strimeles-galva\/#primaryimage"},"thumbnailUrl":"https:\/\/skaitytaknyga.lt\/wp-content\/uploads\/2025\/09\/Vista-strimeles-galva-1.webp","datePublished":"2025-09-27T17:20:21+00:00","dateModified":"2025-10-06T08:15:27+00:00","description":"Sveika, mieloji, \u010dia v\u0117l a\u0161, Vanagait\u0117. Gal skaitei mano skais\u010di\u0105j\u0105 \u201eNe bob\u0173 vasar\u0105\", gaurais ap\u017e\u0117lusi\u0105 knyg\u0105 apie vyrus \u201eJis\", o gal netgi mano juodai","breadcrumb":{"@id":"https:\/\/skaitytaknyga.lt\/produktas\/vista-strimeles-galva\/#breadcrumb"},"inLanguage":"en-GB","potentialAction":[{"@type":"ReadAction","target":["https:\/\/skaitytaknyga.lt\/produktas\/vista-strimeles-galva\/"]}]},{"@type":"ImageObject","inLanguage":"en-GB","@id":"https:\/\/skaitytaknyga.lt\/produktas\/vista-strimeles-galva\/#primaryimage","url":"https:\/\/skaitytaknyga.lt\/wp-content\/uploads\/2025\/09\/Vista-strimeles-galva-1.webp","contentUrl":"https:\/\/skaitytaknyga.lt\/wp-content\/uploads\/2025\/09\/Vista-strimeles-galva-1.webp","width":285,"height":424,"caption":"Vi\u0161ta strimel\u0117s galva"},{"@type":"BreadcrumbList","@id":"https:\/\/skaitytaknyga.lt\/produktas\/vista-strimeles-galva\/#breadcrumb","itemListElement":[{"@type":"ListItem","position":1,"name":"Home","item":"https:\/\/skaitytaknyga.lt\/"},{"@type":"ListItem","position":2,"name":"Parduotuv\u0117","item":"https:\/\/skaitytaknyga.lt\/knygu-parduotuve\/"},{"@type":"ListItem","position":3,"name":"Vi\u0161ta strimel\u0117s galva"}]},{"@type":"WebSite","@id":"https:\/\/skaitytaknyga.lt\/#website","url":"https:\/\/skaitytaknyga.lt\/","name":"skaitytaknyga.lt","description":"Skaitytaknyga.lt \u2013 tai ma\u017eas \u0161eimos verslas, kuris prasid\u0117jo nuo meil\u0117s knygoms ir siekio i\u0161gelb\u0117ti knygas nuo likimo prie konteinerio. Kas vienam nereikalingas daiktas \u2013 kitam lobis, o mes esame tarpininkai, kurie padeda abiems tapti laimingesniems ???? \u017dinome kaip nelengva i\u0161gyventi ma\u017eiems verslams, tad nuo \u0161iol, \u010dia rasite ir kit\u0173, ma\u017e\u0173 \u0161eim\u0173 versl\u0173, rank\u0173 darbo, dovan\u0173 sau ir artimiesiems.","publisher":{"@id":"https:\/\/skaitytaknyga.lt\/#organization"},"potentialAction":[{"@type":"SearchAction","target":{"@type":"EntryPoint","urlTemplate":"https:\/\/skaitytaknyga.lt\/?s={search_term_string}"},"query-input":{"@type":"PropertyValueSpecification","valueRequired":true,"valueName":"search_term_string"}}],"inLanguage":"en-GB"},{"@type":"Organization","@id":"https:\/\/skaitytaknyga.lt\/#organization","name":"skaitytaknyga.lt","url":"https:\/\/skaitytaknyga.lt\/","logo":{"@type":"ImageObject","inLanguage":"en-GB","@id":"https:\/\/skaitytaknyga.lt\/#\/schema\/logo\/image\/","url":"https:\/\/skaitytaknyga.lt\/wp-content\/uploads\/2024\/05\/cropped-cropped-cropped-02_00843_jt3bggkj1j3HLc7SyY6rEUpg.jpeg","contentUrl":"https:\/\/skaitytaknyga.lt\/wp-content\/uploads\/2024\/05\/cropped-cropped-cropped-02_00843_jt3bggkj1j3HLc7SyY6rEUpg.jpeg","width":1600,"height":1600,"caption":"skaitytaknyga.lt"},"image":{"@id":"https:\/\/skaitytaknyga.lt\/#\/schema\/logo\/image\/"},"sameAs":["https:\/\/www.facebook.com\/skaitytaknyga\/"]}]}},"_links":{"self":[{"href":"https:\/\/skaitytaknyga.lt\/en\/wp-json\/wp\/v2\/product\/21036","targetHints":{"allow":["GET"]}}],"collection":[{"href":"https:\/\/skaitytaknyga.lt\/en\/wp-json\/wp\/v2\/product"}],"about":[{"href":"https:\/\/skaitytaknyga.lt\/en\/wp-json\/wp\/v2\/types\/product"}],"replies":[{"embeddable":true,"href":"https:\/\/skaitytaknyga.lt\/en\/wp-json\/wp\/v2\/comments?post=21036"}],"wp:featuredmedia":[{"embeddable":true,"href":"https:\/\/skaitytaknyga.lt\/en\/wp-json\/wp\/v2\/media\/21043"}],"wp:attachment":[{"href":"https:\/\/skaitytaknyga.lt\/en\/wp-json\/wp\/v2\/media?parent=21036"}],"wp:term":[{"taxonomy":"product_brand","embeddable":true,"href":"https:\/\/skaitytaknyga.lt\/en\/wp-json\/wp\/v2\/product_brand?post=21036"},{"taxonomy":"product_cat","embeddable":true,"href":"https:\/\/skaitytaknyga.lt\/en\/wp-json\/wp\/v2\/product_cat?post=21036"},{"taxonomy":"product_tag","embeddable":true,"href":"https:\/\/skaitytaknyga.lt\/en\/wp-json\/wp\/v2\/product_tag?post=21036"}],"curies":[{"name":"wp","href":"https:\/\/api.w.org\/{rel}","templated":true}]}}