{"id":21035,"date":"2025-09-27T20:20:20","date_gmt":"2025-09-27T17:20:20","guid":{"rendered":"https:\/\/skaitytaknyga.lt\/?post_type=product&#038;p=21035"},"modified":"2026-03-18T20:03:22","modified_gmt":"2026-03-18T18:03:22","slug":"lietuva-sebastiano-munsterio-kosmografijoje-1544-1628-m-parodos-katalogas","status":"publish","type":"product","link":"https:\/\/skaitytaknyga.lt\/en\/produktas\/lietuva-sebastiano-munsterio-kosmografijoje-1544-1628-m-parodos-katalogas\/","title":{"rendered":"Lietuva Sebastiano M\u00fcnsterio \u201eKosmografijoje\u201c 1544\u20131628 m. Parodos katalogas"},"content":{"rendered":"<p>Trak\u0173 istorijos muziejaus serijos \u201eSPECTACULO ET COLLECTIO\u201c pirmasis leidinys. Parodos \u201eLietuva S. M\u00fcnsterio \u201eKosmografijoje\u201c katalogas. Leidin\u012f sudaro trys dalys. Pirmojoje dalyje pristatoma \u201eKosmografijos\u201c knyga, jos autorius, dailininkai, leid\u0117jai, leidimai, strukt\u016bra ir kitos technin\u0117s knygos ypatyb\u0117s. Antroji dalis skirta Lietuvos istorijos faktams. Taip pat pateikiami Lietuvos miest\u0173, LDK teritorijos region\u0173, upi\u0173, paplitusi\u0173 kalb\u0173, lietuvi\u0173 bei \u017eemai\u010di\u0173 ir j\u0173 kaimyn\u0173 gyvenimo b\u016bdo, sen\u0173j\u0173 tik\u0117jim\u0173, amat\u0173, mitybos ir gyv\u016bnijos apra\u0161ai bei vaizdai. Tre\u010diojoje dalyje pristatoma lituanistin\u0117 kartografija \u2013 didelio formato ir \u012fterpti \u012f knygos tekst\u0105 \u017eem\u0117lapiai i\u0161 \u012fvairi\u0173 \u201eKartografijos\u201c leidim\u0173.<\/p>\n","protected":false},"excerpt":{"rendered":"<p>Trak\u0173 istorijos muziejaus serijos \u201eSPECTACULO ET COLLECTIO\u201c pirmasis leidinys. Parodos \u201eLietuva S. M\u00fcnsterio \u201eKosmografijoje\u201c katalogas. Leidin\u012f sudaro trys dalys. Pirmojoje dalyje pristatoma \u201eKosmografijos\u201c knyga, jos autorius, dailininkai, leid\u0117jai, leidimai, strukt\u016bra ir kitos technin\u0117s knygos ypatyb\u0117s. Antroji dalis skirta Lietuvos istorijos faktams. Taip pat pateikiami Lietuvos miest\u0173, LDK teritorijos region\u0173, upi\u0173, paplitusi\u0173 kalb\u0173, lietuvi\u0173 bei \u017eemai\u010di\u0173 ir j\u0173 kaimyn\u0173 gyvenimo b\u016bdo, sen\u0173j\u0173 tik\u0117jim\u0173, amat\u0173, mitybos ir gyv\u016bnijos apra\u0161ai bei vaizdai. Tre\u010diojoje dalyje pristatoma lituanistin\u0117 kartografija \u2013 didelio formato ir \u012fterpti \u012f knygos tekst\u0105 \u017eem\u0117lapiai i\u0161 \u012fvairi\u0173 \u201eKartografijos\u201c leidim\u0173.<\/p>\n","protected":false},"featured_media":0,"comment_status":"open","ping_status":"closed","template":"","meta":{"_acf_changed":false,"site-sidebar-layout":"default","site-content-layout":"","ast-site-content-layout":"default","site-content-style":"default","site-sidebar-style":"default","ast-global-header-display":"","ast-banner-title-visibility":"","ast-main-header-display":"","ast-hfb-above-header-display":"","ast-hfb-below-header-display":"","ast-hfb-mobile-header-display":"","site-post-title":"","ast-breadcrumbs-content":"","ast-featured-img":"","footer-sml-layout":"","ast-disable-related-posts":"","theme-transparent-header-meta":"","adv-header-id-meta":"","stick-header-meta":"","header-above-stick-meta":"","header-main-stick-meta":"","header-below-stick-meta":"","astra-migrate-meta-layouts":"default","ast-page-background-enabled":"default","ast-page-background-meta":{"desktop":{"background-color":"","background-image":"","background-repeat":"repeat","background-position":"center center","background-size":"auto","background-attachment":"scroll","background-type":"","background-media":"","overlay-type":"","overlay-color":"","overlay-opacity":"","overlay-gradient":""},"tablet":{"background-color":"","background-image":"","background-repeat":"repeat","background-position":"center center","background-size":"auto","background-attachment":"scroll","background-type":"","background-media":"","overlay-type":"","overlay-color":"","overlay-opacity":"","overlay-gradient":""},"mobile":{"background-color":"","background-image":"","background-repeat":"repeat","background-position":"center center","background-size":"auto","background-attachment":"scroll","background-type":"","background-media":"","overlay-type":"","overlay-color":"","overlay-opacity":"","overlay-gradient":""}},"ast-content-background-meta":{"desktop":{"background-color":"var(--ast-global-color-4)","background-image":"","background-repeat":"repeat","background-position":"center center","background-size":"auto","background-attachment":"scroll","background-type":"","background-media":"","overlay-type":"","overlay-color":"","overlay-opacity":"","overlay-gradient":""},"tablet":{"background-color":"var(--ast-global-color-4)","background-image":"","background-repeat":"repeat","background-position":"center center","background-size":"auto","background-attachment":"scroll","background-type":"","background-media":"","overlay-type":"","overlay-color":"","overlay-opacity":"","overlay-gradient":""},"mobile":{"background-color":"var(--ast-global-color-4)","background-image":"","background-repeat":"repeat","background-position":"center center","background-size":"auto","background-attachment":"scroll","background-type":"","background-media":"","overlay-type":"","overlay-color":"","overlay-opacity":"","overlay-gradient":""}}},"product_brand":[],"product_cat":[9871,57],"product_tag":[2224,6279,2228,1532,8438],"class_list":{"0":"post-21035","1":"product","2":"type-product","3":"status-publish","5":"product_cat-tapyba-ir-daile","6":"product_cat-menas-ir-albumai","7":"product_tag-istorija","8":"product_tag-kartografija","9":"product_tag-lietuvos-istorija","10":"product_tag-svietimas","11":"product_tag-traku-istorijos-muziejus","12":"desktop-align-left","13":"tablet-align-left","14":"mobile-align-left","16":"first","17":"instock","18":"shipping-taxable","19":"purchasable","20":"product-type-simple"},"acf":[],"yoast_head":"<!-- This site is optimized with the Yoast SEO plugin v27.0 - https:\/\/yoast.com\/product\/yoast-seo-wordpress\/ -->\n<title>Lietuva Sebastiano M\u00fcnsterio \u201eKosmografijoje\u201c 1544\u20131628 m. Parodos katalogas<\/title>\n<meta name=\"description\" content=\"Trak\u0173 istorijos muziejaus serijos \u201eSPECTACULO ET COLLECTIO\u201c pirmasis leidinys. Parodos \u201eLietuva S. M\u00fcnsterio \u201eKosmografijoje\u201c katalogas. Leidin\u012f sudaro\" \/>\n<meta name=\"robots\" content=\"index, follow, max-snippet:-1, max-image-preview:large, max-video-preview:-1\" \/>\n<link rel=\"canonical\" href=\"https:\/\/skaitytaknyga.lt\/en\/produktas\/lietuva-sebastiano-munsterio-kosmografijoje-1544-1628-m-parodos-katalogas\/\" \/>\n<meta property=\"og:locale\" content=\"en_GB\" \/>\n<meta property=\"og:locale:alternate\" content=\"lt_LT\" \/>\n<meta property=\"og:type\" content=\"article\" \/>\n<meta property=\"og:title\" content=\"Lietuva Sebastiano M\u00fcnsterio \u201eKosmografijoje\u201c 1544\u20131628 m. Parodos katalogas\" \/>\n<meta property=\"og:description\" content=\"Trak\u0173 istorijos muziejaus serijos \u201eSPECTACULO ET COLLECTIO\u201c pirmasis leidinys. Parodos \u201eLietuva S. M\u00fcnsterio \u201eKosmografijoje\u201c katalogas. Leidin\u012f sudaro\" \/>\n<meta property=\"og:url\" content=\"https:\/\/skaitytaknyga.lt\/en\/produktas\/lietuva-sebastiano-munsterio-kosmografijoje-1544-1628-m-parodos-katalogas\/\" \/>\n<meta property=\"og:site_name\" content=\"Skaitytaknyga\" \/>\n<meta property=\"article:publisher\" content=\"https:\/\/www.facebook.com\/skaitytaknyga\/\" \/>\n<meta property=\"article:modified_time\" content=\"2026-03-18T18:03:22+00:00\" \/>\n<meta property=\"og:image\" content=\"https:\/\/skaitytaknyga.lt\/wp-content\/uploads\/2024\/07\/skaitytaknyga.png\" \/>\n\t<meta property=\"og:image:width\" content=\"747\" \/>\n\t<meta property=\"og:image:height\" content=\"496\" \/>\n\t<meta property=\"og:image:type\" content=\"image\/png\" \/>\n<meta name=\"twitter:card\" content=\"summary_large_image\" \/>\n<script type=\"application\/ld+json\" class=\"yoast-schema-graph\">{\"@context\":\"https:\/\/schema.org\",\"@graph\":[{\"@type\":\"WebPage\",\"@id\":\"https:\/\/skaitytaknyga.lt\/produktas\/lietuva-sebastiano-munsterio-kosmografijoje-1544-1628-m-parodos-katalogas\/\",\"url\":\"https:\/\/skaitytaknyga.lt\/produktas\/lietuva-sebastiano-munsterio-kosmografijoje-1544-1628-m-parodos-katalogas\/\",\"name\":\"Lietuva Sebastiano M\u00fcnsterio \u201eKosmografijoje\u201c 1544\u20131628 m. Parodos katalogas\",\"isPartOf\":{\"@id\":\"https:\/\/skaitytaknyga.lt\/#website\"},\"datePublished\":\"2025-09-27T17:20:20+00:00\",\"dateModified\":\"2026-03-18T18:03:22+00:00\",\"description\":\"Trak\u0173 istorijos muziejaus serijos \u201eSPECTACULO ET COLLECTIO\u201c pirmasis leidinys. Parodos \u201eLietuva S. M\u00fcnsterio \u201eKosmografijoje\u201c katalogas. Leidin\u012f sudaro\",\"breadcrumb\":{\"@id\":\"https:\/\/skaitytaknyga.lt\/produktas\/lietuva-sebastiano-munsterio-kosmografijoje-1544-1628-m-parodos-katalogas\/#breadcrumb\"},\"inLanguage\":\"en-GB\",\"potentialAction\":[{\"@type\":\"ReadAction\",\"target\":[\"https:\/\/skaitytaknyga.lt\/produktas\/lietuva-sebastiano-munsterio-kosmografijoje-1544-1628-m-parodos-katalogas\/\"]}]},{\"@type\":\"BreadcrumbList\",\"@id\":\"https:\/\/skaitytaknyga.lt\/produktas\/lietuva-sebastiano-munsterio-kosmografijoje-1544-1628-m-parodos-katalogas\/#breadcrumb\",\"itemListElement\":[{\"@type\":\"ListItem\",\"position\":1,\"name\":\"Home\",\"item\":\"https:\/\/skaitytaknyga.lt\/\"},{\"@type\":\"ListItem\",\"position\":2,\"name\":\"Parduotuv\u0117\",\"item\":\"https:\/\/skaitytaknyga.lt\/knygu-parduotuve\/\"},{\"@type\":\"ListItem\",\"position\":3,\"name\":\"Lietuva Sebastiano M\u00fcnsterio \u201eKosmografijoje\u201c 1544\u20131628 m. Parodos katalogas\"}]},{\"@type\":\"WebSite\",\"@id\":\"https:\/\/skaitytaknyga.lt\/#website\",\"url\":\"https:\/\/skaitytaknyga.lt\/\",\"name\":\"skaitytaknyga.lt\",\"description\":\"Skaitytaknyga.lt \u2013 tai ma\u017eas \u0161eimos verslas, kuris prasid\u0117jo nuo meil\u0117s knygoms ir siekio i\u0161gelb\u0117ti knygas nuo likimo prie konteinerio. Kas vienam nereikalingas daiktas \u2013 kitam lobis, o mes esame tarpininkai, kurie padeda abiems tapti laimingesniems ???? \u017dinome kaip nelengva i\u0161gyventi ma\u017eiems verslams, tad nuo \u0161iol, \u010dia rasite ir kit\u0173, ma\u017e\u0173 \u0161eim\u0173 versl\u0173, rank\u0173 darbo, dovan\u0173 sau ir artimiesiems.\",\"publisher\":{\"@id\":\"https:\/\/skaitytaknyga.lt\/#organization\"},\"potentialAction\":[{\"@type\":\"SearchAction\",\"target\":{\"@type\":\"EntryPoint\",\"urlTemplate\":\"https:\/\/skaitytaknyga.lt\/?s={search_term_string}\"},\"query-input\":{\"@type\":\"PropertyValueSpecification\",\"valueRequired\":true,\"valueName\":\"search_term_string\"}}],\"inLanguage\":\"en-GB\"},{\"@type\":\"Organization\",\"@id\":\"https:\/\/skaitytaknyga.lt\/#organization\",\"name\":\"skaitytaknyga.lt\",\"url\":\"https:\/\/skaitytaknyga.lt\/\",\"logo\":{\"@type\":\"ImageObject\",\"inLanguage\":\"en-GB\",\"@id\":\"https:\/\/skaitytaknyga.lt\/#\/schema\/logo\/image\/\",\"url\":\"https:\/\/skaitytaknyga.lt\/wp-content\/uploads\/2024\/05\/cropped-cropped-cropped-02_00843_jt3bggkj1j3HLc7SyY6rEUpg.jpeg\",\"contentUrl\":\"https:\/\/skaitytaknyga.lt\/wp-content\/uploads\/2024\/05\/cropped-cropped-cropped-02_00843_jt3bggkj1j3HLc7SyY6rEUpg.jpeg\",\"width\":1600,\"height\":1600,\"caption\":\"skaitytaknyga.lt\"},\"image\":{\"@id\":\"https:\/\/skaitytaknyga.lt\/#\/schema\/logo\/image\/\"},\"sameAs\":[\"https:\/\/www.facebook.com\/skaitytaknyga\/\"]}]}<\/script>\n<!-- \/ Yoast SEO plugin. -->","yoast_head_json":{"title":"Lietuva Sebastiano M\u00fcnsterio \u201eKosmografijoje\u201c 1544\u20131628 m. Parodos katalogas","description":"Trak\u0173 istorijos muziejaus serijos \u201eSPECTACULO ET COLLECTIO\u201c pirmasis leidinys. Parodos \u201eLietuva S. M\u00fcnsterio \u201eKosmografijoje\u201c katalogas. Leidin\u012f sudaro","robots":{"index":"index","follow":"follow","max-snippet":"max-snippet:-1","max-image-preview":"max-image-preview:large","max-video-preview":"max-video-preview:-1"},"canonical":"https:\/\/skaitytaknyga.lt\/en\/produktas\/lietuva-sebastiano-munsterio-kosmografijoje-1544-1628-m-parodos-katalogas\/","og_locale":"en_GB","og_type":"article","og_title":"[:lt]Lietuva Sebastiano M\u00fcnsterio \u201eKosmografijoje\u201c 1544\u20131628 m. Parodos katalogas[:] - Skaitytaknyga","og_description":"Trak\u0173 istorijos muziejaus serijos \u201eSPECTACULO ET COLLECTIO\u201c pirmasis leidinys. Parodos \u201eLietuva S. M\u00fcnsterio \u201eKosmografijoje\u201c katalogas. Leidin\u012f sudaro","og_url":"https:\/\/skaitytaknyga.lt\/en\/produktas\/lietuva-sebastiano-munsterio-kosmografijoje-1544-1628-m-parodos-katalogas\/","og_site_name":"Skaitytaknyga","article_publisher":"https:\/\/www.facebook.com\/skaitytaknyga\/","article_modified_time":"2026-03-18T18:03:22+00:00","og_image":[{"width":747,"height":496,"url":"https:\/\/skaitytaknyga.lt\/wp-content\/uploads\/2024\/07\/skaitytaknyga.png","type":"image\/png"}],"twitter_card":"summary_large_image","schema":{"@context":"https:\/\/schema.org","@graph":[{"@type":"WebPage","@id":"https:\/\/skaitytaknyga.lt\/produktas\/lietuva-sebastiano-munsterio-kosmografijoje-1544-1628-m-parodos-katalogas\/","url":"https:\/\/skaitytaknyga.lt\/produktas\/lietuva-sebastiano-munsterio-kosmografijoje-1544-1628-m-parodos-katalogas\/","name":"Lietuva Sebastiano M\u00fcnsterio \u201eKosmografijoje\u201c 1544\u20131628 m. Parodos katalogas","isPartOf":{"@id":"https:\/\/skaitytaknyga.lt\/#website"},"datePublished":"2025-09-27T17:20:20+00:00","dateModified":"2026-03-18T18:03:22+00:00","description":"Trak\u0173 istorijos muziejaus serijos \u201eSPECTACULO ET COLLECTIO\u201c pirmasis leidinys. Parodos \u201eLietuva S. M\u00fcnsterio \u201eKosmografijoje\u201c katalogas. Leidin\u012f sudaro","breadcrumb":{"@id":"https:\/\/skaitytaknyga.lt\/produktas\/lietuva-sebastiano-munsterio-kosmografijoje-1544-1628-m-parodos-katalogas\/#breadcrumb"},"inLanguage":"en-GB","potentialAction":[{"@type":"ReadAction","target":["https:\/\/skaitytaknyga.lt\/produktas\/lietuva-sebastiano-munsterio-kosmografijoje-1544-1628-m-parodos-katalogas\/"]}]},{"@type":"BreadcrumbList","@id":"https:\/\/skaitytaknyga.lt\/produktas\/lietuva-sebastiano-munsterio-kosmografijoje-1544-1628-m-parodos-katalogas\/#breadcrumb","itemListElement":[{"@type":"ListItem","position":1,"name":"Home","item":"https:\/\/skaitytaknyga.lt\/"},{"@type":"ListItem","position":2,"name":"Parduotuv\u0117","item":"https:\/\/skaitytaknyga.lt\/knygu-parduotuve\/"},{"@type":"ListItem","position":3,"name":"Lietuva Sebastiano M\u00fcnsterio \u201eKosmografijoje\u201c 1544\u20131628 m. Parodos katalogas"}]},{"@type":"WebSite","@id":"https:\/\/skaitytaknyga.lt\/#website","url":"https:\/\/skaitytaknyga.lt\/","name":"skaitytaknyga.lt","description":"Skaitytaknyga.lt \u2013 tai ma\u017eas \u0161eimos verslas, kuris prasid\u0117jo nuo meil\u0117s knygoms ir siekio i\u0161gelb\u0117ti knygas nuo likimo prie konteinerio. Kas vienam nereikalingas daiktas \u2013 kitam lobis, o mes esame tarpininkai, kurie padeda abiems tapti laimingesniems ???? \u017dinome kaip nelengva i\u0161gyventi ma\u017eiems verslams, tad nuo \u0161iol, \u010dia rasite ir kit\u0173, ma\u017e\u0173 \u0161eim\u0173 versl\u0173, rank\u0173 darbo, dovan\u0173 sau ir artimiesiems.","publisher":{"@id":"https:\/\/skaitytaknyga.lt\/#organization"},"potentialAction":[{"@type":"SearchAction","target":{"@type":"EntryPoint","urlTemplate":"https:\/\/skaitytaknyga.lt\/?s={search_term_string}"},"query-input":{"@type":"PropertyValueSpecification","valueRequired":true,"valueName":"search_term_string"}}],"inLanguage":"en-GB"},{"@type":"Organization","@id":"https:\/\/skaitytaknyga.lt\/#organization","name":"skaitytaknyga.lt","url":"https:\/\/skaitytaknyga.lt\/","logo":{"@type":"ImageObject","inLanguage":"en-GB","@id":"https:\/\/skaitytaknyga.lt\/#\/schema\/logo\/image\/","url":"https:\/\/skaitytaknyga.lt\/wp-content\/uploads\/2024\/05\/cropped-cropped-cropped-02_00843_jt3bggkj1j3HLc7SyY6rEUpg.jpeg","contentUrl":"https:\/\/skaitytaknyga.lt\/wp-content\/uploads\/2024\/05\/cropped-cropped-cropped-02_00843_jt3bggkj1j3HLc7SyY6rEUpg.jpeg","width":1600,"height":1600,"caption":"skaitytaknyga.lt"},"image":{"@id":"https:\/\/skaitytaknyga.lt\/#\/schema\/logo\/image\/"},"sameAs":["https:\/\/www.facebook.com\/skaitytaknyga\/"]}]}},"_links":{"self":[{"href":"https:\/\/skaitytaknyga.lt\/en\/wp-json\/wp\/v2\/product\/21035","targetHints":{"allow":["GET"]}}],"collection":[{"href":"https:\/\/skaitytaknyga.lt\/en\/wp-json\/wp\/v2\/product"}],"about":[{"href":"https:\/\/skaitytaknyga.lt\/en\/wp-json\/wp\/v2\/types\/product"}],"replies":[{"embeddable":true,"href":"https:\/\/skaitytaknyga.lt\/en\/wp-json\/wp\/v2\/comments?post=21035"}],"wp:attachment":[{"href":"https:\/\/skaitytaknyga.lt\/en\/wp-json\/wp\/v2\/media?parent=21035"}],"wp:term":[{"taxonomy":"product_brand","embeddable":true,"href":"https:\/\/skaitytaknyga.lt\/en\/wp-json\/wp\/v2\/product_brand?post=21035"},{"taxonomy":"product_cat","embeddable":true,"href":"https:\/\/skaitytaknyga.lt\/en\/wp-json\/wp\/v2\/product_cat?post=21035"},{"taxonomy":"product_tag","embeddable":true,"href":"https:\/\/skaitytaknyga.lt\/en\/wp-json\/wp\/v2\/product_tag?post=21035"}],"curies":[{"name":"wp","href":"https:\/\/api.w.org\/{rel}","templated":true}]}}