{"id":21034,"date":"2025-09-27T20:20:20","date_gmt":"2025-09-27T17:20:20","guid":{"rendered":"https:\/\/skaitytaknyga.lt\/?post_type=product&#038;p=21034"},"modified":"2025-10-06T11:15:27","modified_gmt":"2025-10-06T08:15:27","slug":"dietinis-gydymas-bendrojoje-praktikoje","status":"publish","type":"product","link":"https:\/\/skaitytaknyga.lt\/en\/produktas\/dietinis-gydymas-bendrojoje-praktikoje\/","title":{"rendered":"Dietinis gydymas bendrojoje praktikoje"},"content":{"rendered":"<p>Knygoje \u201eDietinis gydymas bendrojoje praktikoje\u201c apra\u0161oma maisto produkt\u0173 skirstymas pagal maistini\u0173 med\u017eiag\u0173 sud\u0117t\u012f, j\u0173 sveikatinan\u010dias savybes. Taip pat gvildenama suaugusio \u017emogaus  kasdieniame gyvenime da\u017eniausiai pasitaikan\u010di\u0173 lig\u0173 bei kliniki-ni\u0173 situacij\u0173 dietoterapija.<\/p>\n<p>\u0160i knyga bus naudinga: chirurgams, onkologams, dietologams, gastroenterologams, \u0161eimos gydytojams, rezidentams ir studentams.<\/p>\n","protected":false},"excerpt":{"rendered":"<p>Knygoje \u201eDietinis gydymas bendrojoje praktikoje\u201c apra\u0161oma maisto produkt\u0173 skirstymas pagal maistini\u0173 med\u017eiag\u0173 sud\u0117t\u012f, j\u0173 sveikatinan\u010dias savybes. Taip pat gvildenama suaugusio \u017emogaus kasdieniame gyvenime da\u017eniausiai pasitaikan\u010di\u0173 lig\u0173 bei kliniki-ni\u0173 situacij\u0173 dietoterapija. \u0160i knyga bus naudinga: chirurgams, onkologams, dietologams, gastroenterologams, \u0161eimos gydytojams, rezidentams ir studentams.<\/p>\n","protected":false},"featured_media":21040,"comment_status":"open","ping_status":"closed","template":"","meta":{"_acf_changed":false,"site-sidebar-layout":"default","site-content-layout":"","ast-site-content-layout":"default","site-content-style":"default","site-sidebar-style":"default","ast-global-header-display":"","ast-banner-title-visibility":"","ast-main-header-display":"","ast-hfb-above-header-display":"","ast-hfb-below-header-display":"","ast-hfb-mobile-header-display":"","site-post-title":"","ast-breadcrumbs-content":"","ast-featured-img":"","footer-sml-layout":"","ast-disable-related-posts":"","theme-transparent-header-meta":"","adv-header-id-meta":"","stick-header-meta":"","header-above-stick-meta":"","header-main-stick-meta":"","header-below-stick-meta":"","astra-migrate-meta-layouts":"default","ast-page-background-enabled":"default","ast-page-background-meta":{"desktop":{"background-color":"","background-image":"","background-repeat":"repeat","background-position":"center center","background-size":"auto","background-attachment":"scroll","background-type":"","background-media":"","overlay-type":"","overlay-color":"","overlay-opacity":"","overlay-gradient":""},"tablet":{"background-color":"","background-image":"","background-repeat":"repeat","background-position":"center center","background-size":"auto","background-attachment":"scroll","background-type":"","background-media":"","overlay-type":"","overlay-color":"","overlay-opacity":"","overlay-gradient":""},"mobile":{"background-color":"","background-image":"","background-repeat":"repeat","background-position":"center center","background-size":"auto","background-attachment":"scroll","background-type":"","background-media":"","overlay-type":"","overlay-color":"","overlay-opacity":"","overlay-gradient":""}},"ast-content-background-meta":{"desktop":{"background-color":"var(--ast-global-color-4)","background-image":"","background-repeat":"repeat","background-position":"center center","background-size":"auto","background-attachment":"scroll","background-type":"","background-media":"","overlay-type":"","overlay-color":"","overlay-opacity":"","overlay-gradient":""},"tablet":{"background-color":"var(--ast-global-color-4)","background-image":"","background-repeat":"repeat","background-position":"center center","background-size":"auto","background-attachment":"scroll","background-type":"","background-media":"","overlay-type":"","overlay-color":"","overlay-opacity":"","overlay-gradient":""},"mobile":{"background-color":"var(--ast-global-color-4)","background-image":"","background-repeat":"repeat","background-position":"center center","background-size":"auto","background-attachment":"scroll","background-type":"","background-media":"","overlay-type":"","overlay-color":"","overlay-opacity":"","overlay-gradient":""}}},"product_brand":[],"product_cat":[55],"product_tag":[1388,8437,2095,2196,1680],"class_list":{"0":"post-21034","1":"product","2":"type-product","3":"status-publish","4":"has-post-thumbnail","6":"product_cat-sveikata-ir-sveika-mityba","7":"product_tag-dieta","8":"product_tag-jurate-dobrovolskiene","9":"product_tag-medicina","10":"product_tag-mityba","11":"product_tag-sveikata","12":"desktop-align-left","13":"tablet-align-left","14":"mobile-align-left","16":"first","17":"instock","18":"shipping-taxable","19":"purchasable","20":"product-type-simple"},"acf":[],"yoast_head":"<!-- This site is optimized with the Yoast SEO plugin v27.0 - https:\/\/yoast.com\/product\/yoast-seo-wordpress\/ -->\n<title>Dietinis gydymas bendrojoje praktikoje<\/title>\n<meta name=\"description\" content=\"Knygoje \u201eDietinis gydymas bendrojoje praktikoje\u201c apra\u0161oma maisto produkt\u0173 skirstymas pagal maistini\u0173 med\u017eiag\u0173 sud\u0117t\u012f, j\u0173 sveikatinan\u010dias savybes. Taip pat\" \/>\n<meta name=\"robots\" content=\"index, follow, max-snippet:-1, max-image-preview:large, max-video-preview:-1\" \/>\n<link rel=\"canonical\" href=\"https:\/\/skaitytaknyga.lt\/en\/produktas\/dietinis-gydymas-bendrojoje-praktikoje\/\" \/>\n<meta property=\"og:locale\" content=\"en_GB\" \/>\n<meta property=\"og:locale:alternate\" content=\"lt_LT\" \/>\n<meta property=\"og:type\" content=\"article\" \/>\n<meta property=\"og:title\" content=\"Dietinis gydymas bendrojoje praktikoje\" \/>\n<meta property=\"og:description\" content=\"Knygoje \u201eDietinis gydymas bendrojoje praktikoje\u201c apra\u0161oma maisto produkt\u0173 skirstymas pagal maistini\u0173 med\u017eiag\u0173 sud\u0117t\u012f, j\u0173 sveikatinan\u010dias savybes. Taip pat\" \/>\n<meta property=\"og:url\" content=\"https:\/\/skaitytaknyga.lt\/en\/produktas\/dietinis-gydymas-bendrojoje-praktikoje\/\" \/>\n<meta property=\"og:site_name\" content=\"Skaitytaknyga\" \/>\n<meta property=\"article:publisher\" content=\"https:\/\/www.facebook.com\/skaitytaknyga\/\" \/>\n<meta property=\"article:modified_time\" content=\"2025-10-06T08:15:27+00:00\" \/>\n<meta property=\"og:image\" content=\"https:\/\/skaitytaknyga.lt\/wp-content\/uploads\/2025\/09\/Dietinis-gydymas-bendrojoje-praktikoje-1.webp\" \/>\n\t<meta property=\"og:image:width\" content=\"300\" \/>\n\t<meta property=\"og:image:height\" content=\"430\" \/>\n\t<meta property=\"og:image:type\" content=\"image\/webp\" \/>\n<meta name=\"twitter:card\" content=\"summary_large_image\" \/>\n<script type=\"application\/ld+json\" class=\"yoast-schema-graph\">{\"@context\":\"https:\/\/schema.org\",\"@graph\":[{\"@type\":\"WebPage\",\"@id\":\"https:\/\/skaitytaknyga.lt\/produktas\/dietinis-gydymas-bendrojoje-praktikoje\/\",\"url\":\"https:\/\/skaitytaknyga.lt\/produktas\/dietinis-gydymas-bendrojoje-praktikoje\/\",\"name\":\"Dietinis gydymas bendrojoje praktikoje\",\"isPartOf\":{\"@id\":\"https:\/\/skaitytaknyga.lt\/#website\"},\"primaryImageOfPage\":{\"@id\":\"https:\/\/skaitytaknyga.lt\/produktas\/dietinis-gydymas-bendrojoje-praktikoje\/#primaryimage\"},\"image\":{\"@id\":\"https:\/\/skaitytaknyga.lt\/produktas\/dietinis-gydymas-bendrojoje-praktikoje\/#primaryimage\"},\"thumbnailUrl\":\"https:\/\/skaitytaknyga.lt\/wp-content\/uploads\/2025\/09\/Dietinis-gydymas-bendrojoje-praktikoje-1.webp\",\"datePublished\":\"2025-09-27T17:20:20+00:00\",\"dateModified\":\"2025-10-06T08:15:27+00:00\",\"description\":\"Knygoje \u201eDietinis gydymas bendrojoje praktikoje\u201c apra\u0161oma maisto produkt\u0173 skirstymas pagal maistini\u0173 med\u017eiag\u0173 sud\u0117t\u012f, j\u0173 sveikatinan\u010dias savybes. Taip pat\",\"breadcrumb\":{\"@id\":\"https:\/\/skaitytaknyga.lt\/produktas\/dietinis-gydymas-bendrojoje-praktikoje\/#breadcrumb\"},\"inLanguage\":\"en-GB\",\"potentialAction\":[{\"@type\":\"ReadAction\",\"target\":[\"https:\/\/skaitytaknyga.lt\/produktas\/dietinis-gydymas-bendrojoje-praktikoje\/\"]}]},{\"@type\":\"ImageObject\",\"inLanguage\":\"en-GB\",\"@id\":\"https:\/\/skaitytaknyga.lt\/produktas\/dietinis-gydymas-bendrojoje-praktikoje\/#primaryimage\",\"url\":\"https:\/\/skaitytaknyga.lt\/wp-content\/uploads\/2025\/09\/Dietinis-gydymas-bendrojoje-praktikoje-1.webp\",\"contentUrl\":\"https:\/\/skaitytaknyga.lt\/wp-content\/uploads\/2025\/09\/Dietinis-gydymas-bendrojoje-praktikoje-1.webp\",\"width\":300,\"height\":430,\"caption\":\"Dietinis gydymas bendrojoje praktikoje\"},{\"@type\":\"BreadcrumbList\",\"@id\":\"https:\/\/skaitytaknyga.lt\/produktas\/dietinis-gydymas-bendrojoje-praktikoje\/#breadcrumb\",\"itemListElement\":[{\"@type\":\"ListItem\",\"position\":1,\"name\":\"Home\",\"item\":\"https:\/\/skaitytaknyga.lt\/\"},{\"@type\":\"ListItem\",\"position\":2,\"name\":\"Parduotuv\u0117\",\"item\":\"https:\/\/skaitytaknyga.lt\/knygu-parduotuve\/\"},{\"@type\":\"ListItem\",\"position\":3,\"name\":\"Dietinis gydymas bendrojoje praktikoje\"}]},{\"@type\":\"WebSite\",\"@id\":\"https:\/\/skaitytaknyga.lt\/#website\",\"url\":\"https:\/\/skaitytaknyga.lt\/\",\"name\":\"skaitytaknyga.lt\",\"description\":\"Skaitytaknyga.lt \u2013 tai ma\u017eas \u0161eimos verslas, kuris prasid\u0117jo nuo meil\u0117s knygoms ir siekio i\u0161gelb\u0117ti knygas nuo likimo prie konteinerio. Kas vienam nereikalingas daiktas \u2013 kitam lobis, o mes esame tarpininkai, kurie padeda abiems tapti laimingesniems ???? \u017dinome kaip nelengva i\u0161gyventi ma\u017eiems verslams, tad nuo \u0161iol, \u010dia rasite ir kit\u0173, ma\u017e\u0173 \u0161eim\u0173 versl\u0173, rank\u0173 darbo, dovan\u0173 sau ir artimiesiems.\",\"publisher\":{\"@id\":\"https:\/\/skaitytaknyga.lt\/#organization\"},\"potentialAction\":[{\"@type\":\"SearchAction\",\"target\":{\"@type\":\"EntryPoint\",\"urlTemplate\":\"https:\/\/skaitytaknyga.lt\/?s={search_term_string}\"},\"query-input\":{\"@type\":\"PropertyValueSpecification\",\"valueRequired\":true,\"valueName\":\"search_term_string\"}}],\"inLanguage\":\"en-GB\"},{\"@type\":\"Organization\",\"@id\":\"https:\/\/skaitytaknyga.lt\/#organization\",\"name\":\"skaitytaknyga.lt\",\"url\":\"https:\/\/skaitytaknyga.lt\/\",\"logo\":{\"@type\":\"ImageObject\",\"inLanguage\":\"en-GB\",\"@id\":\"https:\/\/skaitytaknyga.lt\/#\/schema\/logo\/image\/\",\"url\":\"https:\/\/skaitytaknyga.lt\/wp-content\/uploads\/2024\/05\/cropped-cropped-cropped-02_00843_jt3bggkj1j3HLc7SyY6rEUpg.jpeg\",\"contentUrl\":\"https:\/\/skaitytaknyga.lt\/wp-content\/uploads\/2024\/05\/cropped-cropped-cropped-02_00843_jt3bggkj1j3HLc7SyY6rEUpg.jpeg\",\"width\":1600,\"height\":1600,\"caption\":\"skaitytaknyga.lt\"},\"image\":{\"@id\":\"https:\/\/skaitytaknyga.lt\/#\/schema\/logo\/image\/\"},\"sameAs\":[\"https:\/\/www.facebook.com\/skaitytaknyga\/\"]}]}<\/script>\n<!-- \/ Yoast SEO plugin. -->","yoast_head_json":{"title":"Dietinis gydymas bendrojoje praktikoje","description":"Knygoje \u201eDietinis gydymas bendrojoje praktikoje\u201c apra\u0161oma maisto produkt\u0173 skirstymas pagal maistini\u0173 med\u017eiag\u0173 sud\u0117t\u012f, j\u0173 sveikatinan\u010dias savybes. Taip pat","robots":{"index":"index","follow":"follow","max-snippet":"max-snippet:-1","max-image-preview":"max-image-preview:large","max-video-preview":"max-video-preview:-1"},"canonical":"https:\/\/skaitytaknyga.lt\/en\/produktas\/dietinis-gydymas-bendrojoje-praktikoje\/","og_locale":"en_GB","og_type":"article","og_title":"[:lt]Dietinis gydymas bendrojoje praktikoje[:] - Skaitytaknyga","og_description":"Knygoje \u201eDietinis gydymas bendrojoje praktikoje\u201c apra\u0161oma maisto produkt\u0173 skirstymas pagal maistini\u0173 med\u017eiag\u0173 sud\u0117t\u012f, j\u0173 sveikatinan\u010dias savybes. Taip pat","og_url":"https:\/\/skaitytaknyga.lt\/en\/produktas\/dietinis-gydymas-bendrojoje-praktikoje\/","og_site_name":"Skaitytaknyga","article_publisher":"https:\/\/www.facebook.com\/skaitytaknyga\/","article_modified_time":"2025-10-06T08:15:27+00:00","og_image":[{"width":300,"height":430,"url":"https:\/\/skaitytaknyga.lt\/wp-content\/uploads\/2025\/09\/Dietinis-gydymas-bendrojoje-praktikoje-1.webp","type":"image\/webp"}],"twitter_card":"summary_large_image","schema":{"@context":"https:\/\/schema.org","@graph":[{"@type":"WebPage","@id":"https:\/\/skaitytaknyga.lt\/produktas\/dietinis-gydymas-bendrojoje-praktikoje\/","url":"https:\/\/skaitytaknyga.lt\/produktas\/dietinis-gydymas-bendrojoje-praktikoje\/","name":"Dietinis gydymas bendrojoje praktikoje","isPartOf":{"@id":"https:\/\/skaitytaknyga.lt\/#website"},"primaryImageOfPage":{"@id":"https:\/\/skaitytaknyga.lt\/produktas\/dietinis-gydymas-bendrojoje-praktikoje\/#primaryimage"},"image":{"@id":"https:\/\/skaitytaknyga.lt\/produktas\/dietinis-gydymas-bendrojoje-praktikoje\/#primaryimage"},"thumbnailUrl":"https:\/\/skaitytaknyga.lt\/wp-content\/uploads\/2025\/09\/Dietinis-gydymas-bendrojoje-praktikoje-1.webp","datePublished":"2025-09-27T17:20:20+00:00","dateModified":"2025-10-06T08:15:27+00:00","description":"Knygoje \u201eDietinis gydymas bendrojoje praktikoje\u201c apra\u0161oma maisto produkt\u0173 skirstymas pagal maistini\u0173 med\u017eiag\u0173 sud\u0117t\u012f, j\u0173 sveikatinan\u010dias savybes. Taip pat","breadcrumb":{"@id":"https:\/\/skaitytaknyga.lt\/produktas\/dietinis-gydymas-bendrojoje-praktikoje\/#breadcrumb"},"inLanguage":"en-GB","potentialAction":[{"@type":"ReadAction","target":["https:\/\/skaitytaknyga.lt\/produktas\/dietinis-gydymas-bendrojoje-praktikoje\/"]}]},{"@type":"ImageObject","inLanguage":"en-GB","@id":"https:\/\/skaitytaknyga.lt\/produktas\/dietinis-gydymas-bendrojoje-praktikoje\/#primaryimage","url":"https:\/\/skaitytaknyga.lt\/wp-content\/uploads\/2025\/09\/Dietinis-gydymas-bendrojoje-praktikoje-1.webp","contentUrl":"https:\/\/skaitytaknyga.lt\/wp-content\/uploads\/2025\/09\/Dietinis-gydymas-bendrojoje-praktikoje-1.webp","width":300,"height":430,"caption":"Dietinis gydymas bendrojoje praktikoje"},{"@type":"BreadcrumbList","@id":"https:\/\/skaitytaknyga.lt\/produktas\/dietinis-gydymas-bendrojoje-praktikoje\/#breadcrumb","itemListElement":[{"@type":"ListItem","position":1,"name":"Home","item":"https:\/\/skaitytaknyga.lt\/"},{"@type":"ListItem","position":2,"name":"Parduotuv\u0117","item":"https:\/\/skaitytaknyga.lt\/knygu-parduotuve\/"},{"@type":"ListItem","position":3,"name":"Dietinis gydymas bendrojoje praktikoje"}]},{"@type":"WebSite","@id":"https:\/\/skaitytaknyga.lt\/#website","url":"https:\/\/skaitytaknyga.lt\/","name":"skaitytaknyga.lt","description":"Skaitytaknyga.lt \u2013 tai ma\u017eas \u0161eimos verslas, kuris prasid\u0117jo nuo meil\u0117s knygoms ir siekio i\u0161gelb\u0117ti knygas nuo likimo prie konteinerio. Kas vienam nereikalingas daiktas \u2013 kitam lobis, o mes esame tarpininkai, kurie padeda abiems tapti laimingesniems ???? \u017dinome kaip nelengva i\u0161gyventi ma\u017eiems verslams, tad nuo \u0161iol, \u010dia rasite ir kit\u0173, ma\u017e\u0173 \u0161eim\u0173 versl\u0173, rank\u0173 darbo, dovan\u0173 sau ir artimiesiems.","publisher":{"@id":"https:\/\/skaitytaknyga.lt\/#organization"},"potentialAction":[{"@type":"SearchAction","target":{"@type":"EntryPoint","urlTemplate":"https:\/\/skaitytaknyga.lt\/?s={search_term_string}"},"query-input":{"@type":"PropertyValueSpecification","valueRequired":true,"valueName":"search_term_string"}}],"inLanguage":"en-GB"},{"@type":"Organization","@id":"https:\/\/skaitytaknyga.lt\/#organization","name":"skaitytaknyga.lt","url":"https:\/\/skaitytaknyga.lt\/","logo":{"@type":"ImageObject","inLanguage":"en-GB","@id":"https:\/\/skaitytaknyga.lt\/#\/schema\/logo\/image\/","url":"https:\/\/skaitytaknyga.lt\/wp-content\/uploads\/2024\/05\/cropped-cropped-cropped-02_00843_jt3bggkj1j3HLc7SyY6rEUpg.jpeg","contentUrl":"https:\/\/skaitytaknyga.lt\/wp-content\/uploads\/2024\/05\/cropped-cropped-cropped-02_00843_jt3bggkj1j3HLc7SyY6rEUpg.jpeg","width":1600,"height":1600,"caption":"skaitytaknyga.lt"},"image":{"@id":"https:\/\/skaitytaknyga.lt\/#\/schema\/logo\/image\/"},"sameAs":["https:\/\/www.facebook.com\/skaitytaknyga\/"]}]}},"_links":{"self":[{"href":"https:\/\/skaitytaknyga.lt\/en\/wp-json\/wp\/v2\/product\/21034","targetHints":{"allow":["GET"]}}],"collection":[{"href":"https:\/\/skaitytaknyga.lt\/en\/wp-json\/wp\/v2\/product"}],"about":[{"href":"https:\/\/skaitytaknyga.lt\/en\/wp-json\/wp\/v2\/types\/product"}],"replies":[{"embeddable":true,"href":"https:\/\/skaitytaknyga.lt\/en\/wp-json\/wp\/v2\/comments?post=21034"}],"wp:featuredmedia":[{"embeddable":true,"href":"https:\/\/skaitytaknyga.lt\/en\/wp-json\/wp\/v2\/media\/21040"}],"wp:attachment":[{"href":"https:\/\/skaitytaknyga.lt\/en\/wp-json\/wp\/v2\/media?parent=21034"}],"wp:term":[{"taxonomy":"product_brand","embeddable":true,"href":"https:\/\/skaitytaknyga.lt\/en\/wp-json\/wp\/v2\/product_brand?post=21034"},{"taxonomy":"product_cat","embeddable":true,"href":"https:\/\/skaitytaknyga.lt\/en\/wp-json\/wp\/v2\/product_cat?post=21034"},{"taxonomy":"product_tag","embeddable":true,"href":"https:\/\/skaitytaknyga.lt\/en\/wp-json\/wp\/v2\/product_tag?post=21034"}],"curies":[{"name":"wp","href":"https:\/\/api.w.org\/{rel}","templated":true}]}}