{"id":21025,"date":"2025-09-27T19:53:39","date_gmt":"2025-09-27T16:53:39","guid":{"rendered":"https:\/\/skaitytaknyga.lt\/?post_type=product&#038;p=21025"},"modified":"2025-10-06T13:27:30","modified_gmt":"2025-10-06T10:27:30","slug":"bizonu-skrydis","status":"publish","type":"product","link":"https:\/\/skaitytaknyga.lt\/en\/produktas\/bizonu-skrydis\/","title":{"rendered":"Bizon\u0173 skrydis"},"content":{"rendered":"<p>\u201eNuo \u201cbandos\u201d m\u0105stymo \u012f novatori\u0161kai auk\u0161t\u0105 skryd\u012f. Pasaulin\u0117je rinkoje dabar beproti\u0161ki laikai. Jie reikalauja \u012fmoni\u0173 ir politikos lyderi\u0173 dr\u0105si\u0173 sprendim\u0173. N\u0117 vienas verslo lyderis nebuvo toks dr\u0105sus kaip Ralphas Stayeris, o s\u0117kmingiau dirbusi\u0173 buvo vos keletas. U\u017esira\u0161ykite \u012f skraidymo pamokas \u2013 arba at\u0161aukite Kelion\u0119!\u201c<\/p>\n<p>Belasco ir Stayerio \u201eBizono skrydis&#8221; yra ypatinga knyga savo stiliumi ir turiniu. Joje pateikiamos id\u0117jos apie vadovo vaidmen\u012f gali atrodyti paradoksi\u0161kos. Pavyzd\u017eiui, tikru lyderiu tapsite tik tuomet, kai atsisakysite savo lyderio vaidmens. Knygos strukt\u016bra primena gotikin\u0117s ba\u017eny\u010dios architekt\u016br\u0105- kiekvienas skyrius, kiekvienas pasakojimas \u012fvairiai pakartoja pagrindin\u0119 mint\u012f. Toks pasikartojantis stilius suteikia tekstui antikos mito ar legendos gali\u0105. Bet tokia ir m\u016bs\u0173 gyvenimo strukt\u016bra, kai tie patys \u012fvykiai ar klaidos kartojasi tol, kol kas nors priver\u010dia mus pakeisti savo elges\u012f ir po\u017ei\u016br\u012f \u012f save. Tik tada i\u0161silaisviname i\u0161 sen\u0173 r\u0117m\u0173, nusimetame trukdan\u010dius dalykus ir galime kitaip \u012fvertinti pad\u0117t\u012f.<\/p>\n<p>Toks yra \u201eBizono skryd\u017eio\u201c tikslas &#8211; suteikti pirm\u0105 post\u016bm\u012f savo asmeniniam tobul\u0117jimui. Niekas negali i\u0161mokti pirmiausiai pats nei\u0161m\u0117gin\u0119s \u017eini\u0173, o tikrai i\u0161samios \u017einios ateina tik per asmenin\u0119 kan\u010di\u0105, klaidas ir sm\u016bgius.<\/p>\n<p>Bet kad ir koks asmeninis atrodytu mokymosi procesas, santykiai tarp \u017emoni\u0173 ir sunkumai, kuriuos patiria vadovai su savo pavaldiniais, yra steb\u0117tinai pana\u0161\u016bs. Tai ne \u0161iaip sau teiginys &#8211; sakome i\u0161 savo patirties. Vis\u0105 laik\u0105 skaitydami \u201eBizono skryd\u012f\u201c jaut\u0117me tarsi \u017ei\u016br\u0117tume \u012f veidrod\u012f. Ir labai da\u017enai mums nepatiko tai, k\u0105 jame mat\u0117me. Knyga yra geras draugas &#8211; pasako ties\u0105 neversdama gin\u010dytis. Pa\u017e\u012fstame daug vadov\u0173, kurie skaitydami \u0161i\u0105 knyg\u0105 gal\u0117t\u0173 pasakyti t\u0105 pat\u012f.<\/p>\n","protected":false},"excerpt":{"rendered":"<p>\u201eNuo \u201cbandos\u201d m\u0105stymo \u012f novatori\u0161kai auk\u0161t\u0105 skryd\u012f. Pasaulin\u0117je rinkoje dabar beproti\u0161ki laikai. Jie reikalauja \u012fmoni\u0173 ir politikos lyderi\u0173 dr\u0105si\u0173 sprendim\u0173. N\u0117 vienas verslo lyderis nebuvo toks dr\u0105sus kaip Ralphas Stayeris, o s\u0117kmingiau dirbusi\u0173 buvo vos keletas. U\u017esira\u0161ykite \u012f skraidymo pamokas \u2013 arba at\u0161aukite Kelion\u0119!\u201c Belasco ir Stayerio \u201eBizono skrydis&#8221; yra ypatinga knyga savo stiliumi ir turiniu. Joje pateikiamos id\u0117jos apie vadovo vaidmen\u012f gali atrodyti paradoksi\u0161kos. Pavyzd\u017eiui, tikru lyderiu tapsite tik tuomet, kai atsisakysite savo lyderio vaidmens. Knygos strukt\u016bra primena gotikin\u0117s ba\u017eny\u010dios architekt\u016br\u0105- kiekvienas skyrius, kiekvienas pasakojimas \u012fvairiai pakartoja pagrindin\u0119 mint\u012f. Toks pasikartojantis stilius suteikia tekstui antikos mito ar legendos gali\u0105. Bet tokia ir m\u016bs\u0173 gyvenimo strukt\u016bra, kai tie patys \u012fvykiai ar klaidos kartojasi tol, kol kas nors priver\u010dia mus pakeisti savo elges\u012f ir po\u017ei\u016br\u012f \u012f save. Tik tada i\u0161silaisviname i\u0161 sen\u0173 r\u0117m\u0173, nusimetame trukdan\u010dius dalykus ir galime kitaip \u012fvertinti pad\u0117t\u012f. Toks yra \u201eBizono skryd\u017eio\u201c tikslas &#8211; suteikti pirm\u0105 post\u016bm\u012f savo asmeniniam tobul\u0117jimui. Niekas negali i\u0161mokti pirmiausiai pats nei\u0161m\u0117gin\u0119s \u017eini\u0173, o tikrai i\u0161samios \u017einios ateina tik per asmenin\u0119 kan\u010di\u0105, klaidas ir sm\u016bgius. Bet kad ir koks asmeninis atrodytu mokymosi procesas, santykiai tarp \u017emoni\u0173 ir sunkumai, kuriuos patiria vadovai su savo pavaldiniais, yra steb\u0117tinai pana\u0161\u016bs. Tai ne \u0161iaip sau teiginys &#8211; sakome i\u0161 savo patirties. Vis\u0105 laik\u0105 skaitydami \u201eBizono skryd\u012f\u201c jaut\u0117me tarsi \u017ei\u016br\u0117tume \u012f veidrod\u012f. Ir labai da\u017enai mums nepatiko tai, k\u0105 jame mat\u0117me. Knyga yra geras draugas &#8211; pasako ties\u0105 neversdama gin\u010dytis. Pa\u017e\u012fstame daug vadov\u0173, kurie skaitydami \u0161i\u0105 knyg\u0105 gal\u0117t\u0173 pasakyti t\u0105 pat\u012f.<\/p>\n","protected":false},"featured_media":21030,"comment_status":"open","ping_status":"closed","template":"","meta":{"_acf_changed":false,"site-sidebar-layout":"default","site-content-layout":"","ast-site-content-layout":"default","site-content-style":"default","site-sidebar-style":"default","ast-global-header-display":"","ast-banner-title-visibility":"","ast-main-header-display":"","ast-hfb-above-header-display":"","ast-hfb-below-header-display":"","ast-hfb-mobile-header-display":"","site-post-title":"","ast-breadcrumbs-content":"","ast-featured-img":"","footer-sml-layout":"","ast-disable-related-posts":"","theme-transparent-header-meta":"","adv-header-id-meta":"","stick-header-meta":"","header-above-stick-meta":"","header-main-stick-meta":"","header-below-stick-meta":"","astra-migrate-meta-layouts":"default","ast-page-background-enabled":"default","ast-page-background-meta":{"desktop":{"background-color":"","background-image":"","background-repeat":"repeat","background-position":"center center","background-size":"auto","background-attachment":"scroll","background-type":"","background-media":"","overlay-type":"","overlay-color":"","overlay-opacity":"","overlay-gradient":""},"tablet":{"background-color":"","background-image":"","background-repeat":"repeat","background-position":"center center","background-size":"auto","background-attachment":"scroll","background-type":"","background-media":"","overlay-type":"","overlay-color":"","overlay-opacity":"","overlay-gradient":""},"mobile":{"background-color":"","background-image":"","background-repeat":"repeat","background-position":"center center","background-size":"auto","background-attachment":"scroll","background-type":"","background-media":"","overlay-type":"","overlay-color":"","overlay-opacity":"","overlay-gradient":""}},"ast-content-background-meta":{"desktop":{"background-color":"var(--ast-global-color-4)","background-image":"","background-repeat":"repeat","background-position":"center center","background-size":"auto","background-attachment":"scroll","background-type":"","background-media":"","overlay-type":"","overlay-color":"","overlay-opacity":"","overlay-gradient":""},"tablet":{"background-color":"var(--ast-global-color-4)","background-image":"","background-repeat":"repeat","background-position":"center center","background-size":"auto","background-attachment":"scroll","background-type":"","background-media":"","overlay-type":"","overlay-color":"","overlay-opacity":"","overlay-gradient":""},"mobile":{"background-color":"var(--ast-global-color-4)","background-image":"","background-repeat":"repeat","background-position":"center center","background-size":"auto","background-attachment":"scroll","background-type":"","background-media":"","overlay-type":"","overlay-color":"","overlay-opacity":"","overlay-gradient":""}}},"product_brand":[],"product_cat":[26],"product_tag":[1399,8435,1408,8436,2404,2356],"class_list":{"0":"post-21025","1":"product","2":"type-product","3":"status-publish","4":"has-post-thumbnail","6":"product_cat-verslas-vadyba-ir-finansai","7":"product_tag-asmeninis-tobulejimas","8":"product_tag-james-a-belasco","9":"product_tag-lyderyste","10":"product_tag-ralph-c-stayer","11":"product_tag-vadovavimas","12":"product_tag-verslas","13":"desktop-align-left","14":"tablet-align-left","15":"mobile-align-left","17":"first","18":"instock","19":"shipping-taxable","20":"purchasable","21":"product-type-simple"},"acf":[],"yoast_head":"<!-- This site is optimized with the Yoast SEO plugin v27.0 - https:\/\/yoast.com\/product\/yoast-seo-wordpress\/ -->\n<title>Bizon\u0173 skrydis<\/title>\n<meta name=\"description\" content=\"\u201eNuo \u201cbandos\u201d m\u0105stymo \u012f novatori\u0161kai auk\u0161t\u0105 skryd\u012f. Pasaulin\u0117je rinkoje dabar beproti\u0161ki laikai. Jie reikalauja \u012fmoni\u0173 ir politikos lyderi\u0173 dr\u0105si\u0173\" \/>\n<meta name=\"robots\" content=\"index, follow, max-snippet:-1, max-image-preview:large, max-video-preview:-1\" \/>\n<link rel=\"canonical\" href=\"https:\/\/skaitytaknyga.lt\/en\/produktas\/bizonu-skrydis\/\" \/>\n<meta property=\"og:locale\" content=\"en_GB\" \/>\n<meta property=\"og:locale:alternate\" content=\"lt_LT\" \/>\n<meta property=\"og:type\" content=\"article\" \/>\n<meta property=\"og:title\" content=\"Bizon\u0173 skrydis\" \/>\n<meta property=\"og:description\" content=\"\u201eNuo \u201cbandos\u201d m\u0105stymo \u012f novatori\u0161kai auk\u0161t\u0105 skryd\u012f. Pasaulin\u0117je rinkoje dabar beproti\u0161ki laikai. Jie reikalauja \u012fmoni\u0173 ir politikos lyderi\u0173 dr\u0105si\u0173\" \/>\n<meta property=\"og:url\" content=\"https:\/\/skaitytaknyga.lt\/en\/produktas\/bizonu-skrydis\/\" \/>\n<meta property=\"og:site_name\" content=\"Skaitytaknyga\" \/>\n<meta property=\"article:publisher\" content=\"https:\/\/www.facebook.com\/skaitytaknyga\/\" \/>\n<meta property=\"article:modified_time\" content=\"2025-10-06T10:27:30+00:00\" \/>\n<meta property=\"og:image\" content=\"https:\/\/skaitytaknyga.lt\/wp-content\/uploads\/2025\/09\/bizonu-skrydis-1.webp\" \/>\n\t<meta property=\"og:image:width\" content=\"300\" \/>\n\t<meta property=\"og:image:height\" content=\"443\" \/>\n\t<meta property=\"og:image:type\" content=\"image\/webp\" \/>\n<meta name=\"twitter:card\" content=\"summary_large_image\" \/>\n<meta name=\"twitter:label1\" content=\"Estimated reading time\" \/>\n\t<meta name=\"twitter:data1\" content=\"1 minute\" \/>\n<script type=\"application\/ld+json\" class=\"yoast-schema-graph\">{\"@context\":\"https:\/\/schema.org\",\"@graph\":[{\"@type\":\"WebPage\",\"@id\":\"https:\/\/skaitytaknyga.lt\/produktas\/bizonu-skrydis\/\",\"url\":\"https:\/\/skaitytaknyga.lt\/produktas\/bizonu-skrydis\/\",\"name\":\"Bizon\u0173 skrydis\",\"isPartOf\":{\"@id\":\"https:\/\/skaitytaknyga.lt\/#website\"},\"primaryImageOfPage\":{\"@id\":\"https:\/\/skaitytaknyga.lt\/produktas\/bizonu-skrydis\/#primaryimage\"},\"image\":{\"@id\":\"https:\/\/skaitytaknyga.lt\/produktas\/bizonu-skrydis\/#primaryimage\"},\"thumbnailUrl\":\"https:\/\/skaitytaknyga.lt\/wp-content\/uploads\/2025\/09\/bizonu-skrydis-1.webp\",\"datePublished\":\"2025-09-27T16:53:39+00:00\",\"dateModified\":\"2025-10-06T10:27:30+00:00\",\"description\":\"\u201eNuo \u201cbandos\u201d m\u0105stymo \u012f novatori\u0161kai auk\u0161t\u0105 skryd\u012f. Pasaulin\u0117je rinkoje dabar beproti\u0161ki laikai. Jie reikalauja \u012fmoni\u0173 ir politikos lyderi\u0173 dr\u0105si\u0173\",\"breadcrumb\":{\"@id\":\"https:\/\/skaitytaknyga.lt\/produktas\/bizonu-skrydis\/#breadcrumb\"},\"inLanguage\":\"en-GB\",\"potentialAction\":[{\"@type\":\"ReadAction\",\"target\":[\"https:\/\/skaitytaknyga.lt\/produktas\/bizonu-skrydis\/\"]}]},{\"@type\":\"ImageObject\",\"inLanguage\":\"en-GB\",\"@id\":\"https:\/\/skaitytaknyga.lt\/produktas\/bizonu-skrydis\/#primaryimage\",\"url\":\"https:\/\/skaitytaknyga.lt\/wp-content\/uploads\/2025\/09\/bizonu-skrydis-1.webp\",\"contentUrl\":\"https:\/\/skaitytaknyga.lt\/wp-content\/uploads\/2025\/09\/bizonu-skrydis-1.webp\",\"width\":300,\"height\":443},{\"@type\":\"BreadcrumbList\",\"@id\":\"https:\/\/skaitytaknyga.lt\/produktas\/bizonu-skrydis\/#breadcrumb\",\"itemListElement\":[{\"@type\":\"ListItem\",\"position\":1,\"name\":\"Home\",\"item\":\"https:\/\/skaitytaknyga.lt\/\"},{\"@type\":\"ListItem\",\"position\":2,\"name\":\"Parduotuv\u0117\",\"item\":\"https:\/\/skaitytaknyga.lt\/knygu-parduotuve\/\"},{\"@type\":\"ListItem\",\"position\":3,\"name\":\"Bizon\u0173 skrydis\"}]},{\"@type\":\"WebSite\",\"@id\":\"https:\/\/skaitytaknyga.lt\/#website\",\"url\":\"https:\/\/skaitytaknyga.lt\/\",\"name\":\"skaitytaknyga.lt\",\"description\":\"Skaitytaknyga.lt \u2013 tai ma\u017eas \u0161eimos verslas, kuris prasid\u0117jo nuo meil\u0117s knygoms ir siekio i\u0161gelb\u0117ti knygas nuo likimo prie konteinerio. Kas vienam nereikalingas daiktas \u2013 kitam lobis, o mes esame tarpininkai, kurie padeda abiems tapti laimingesniems ???? \u017dinome kaip nelengva i\u0161gyventi ma\u017eiems verslams, tad nuo \u0161iol, \u010dia rasite ir kit\u0173, ma\u017e\u0173 \u0161eim\u0173 versl\u0173, rank\u0173 darbo, dovan\u0173 sau ir artimiesiems.\",\"publisher\":{\"@id\":\"https:\/\/skaitytaknyga.lt\/#organization\"},\"potentialAction\":[{\"@type\":\"SearchAction\",\"target\":{\"@type\":\"EntryPoint\",\"urlTemplate\":\"https:\/\/skaitytaknyga.lt\/?s={search_term_string}\"},\"query-input\":{\"@type\":\"PropertyValueSpecification\",\"valueRequired\":true,\"valueName\":\"search_term_string\"}}],\"inLanguage\":\"en-GB\"},{\"@type\":\"Organization\",\"@id\":\"https:\/\/skaitytaknyga.lt\/#organization\",\"name\":\"skaitytaknyga.lt\",\"url\":\"https:\/\/skaitytaknyga.lt\/\",\"logo\":{\"@type\":\"ImageObject\",\"inLanguage\":\"en-GB\",\"@id\":\"https:\/\/skaitytaknyga.lt\/#\/schema\/logo\/image\/\",\"url\":\"https:\/\/skaitytaknyga.lt\/wp-content\/uploads\/2024\/05\/cropped-cropped-cropped-02_00843_jt3bggkj1j3HLc7SyY6rEUpg.jpeg\",\"contentUrl\":\"https:\/\/skaitytaknyga.lt\/wp-content\/uploads\/2024\/05\/cropped-cropped-cropped-02_00843_jt3bggkj1j3HLc7SyY6rEUpg.jpeg\",\"width\":1600,\"height\":1600,\"caption\":\"skaitytaknyga.lt\"},\"image\":{\"@id\":\"https:\/\/skaitytaknyga.lt\/#\/schema\/logo\/image\/\"},\"sameAs\":[\"https:\/\/www.facebook.com\/skaitytaknyga\/\"]}]}<\/script>\n<!-- \/ Yoast SEO plugin. -->","yoast_head_json":{"title":"Bizon\u0173 skrydis","description":"\u201eNuo \u201cbandos\u201d m\u0105stymo \u012f novatori\u0161kai auk\u0161t\u0105 skryd\u012f. Pasaulin\u0117je rinkoje dabar beproti\u0161ki laikai. Jie reikalauja \u012fmoni\u0173 ir politikos lyderi\u0173 dr\u0105si\u0173","robots":{"index":"index","follow":"follow","max-snippet":"max-snippet:-1","max-image-preview":"max-image-preview:large","max-video-preview":"max-video-preview:-1"},"canonical":"https:\/\/skaitytaknyga.lt\/en\/produktas\/bizonu-skrydis\/","og_locale":"en_GB","og_type":"article","og_title":"[:lt]Bizon\u0173 skrydis[:] - Skaitytaknyga","og_description":"\u201eNuo \u201cbandos\u201d m\u0105stymo \u012f novatori\u0161kai auk\u0161t\u0105 skryd\u012f. Pasaulin\u0117je rinkoje dabar beproti\u0161ki laikai. Jie reikalauja \u012fmoni\u0173 ir politikos lyderi\u0173 dr\u0105si\u0173","og_url":"https:\/\/skaitytaknyga.lt\/en\/produktas\/bizonu-skrydis\/","og_site_name":"Skaitytaknyga","article_publisher":"https:\/\/www.facebook.com\/skaitytaknyga\/","article_modified_time":"2025-10-06T10:27:30+00:00","og_image":[{"width":300,"height":443,"url":"https:\/\/skaitytaknyga.lt\/wp-content\/uploads\/2025\/09\/bizonu-skrydis-1.webp","type":"image\/webp"}],"twitter_card":"summary_large_image","twitter_misc":{"Estimated reading time":"1 minute"},"schema":{"@context":"https:\/\/schema.org","@graph":[{"@type":"WebPage","@id":"https:\/\/skaitytaknyga.lt\/produktas\/bizonu-skrydis\/","url":"https:\/\/skaitytaknyga.lt\/produktas\/bizonu-skrydis\/","name":"Bizon\u0173 skrydis","isPartOf":{"@id":"https:\/\/skaitytaknyga.lt\/#website"},"primaryImageOfPage":{"@id":"https:\/\/skaitytaknyga.lt\/produktas\/bizonu-skrydis\/#primaryimage"},"image":{"@id":"https:\/\/skaitytaknyga.lt\/produktas\/bizonu-skrydis\/#primaryimage"},"thumbnailUrl":"https:\/\/skaitytaknyga.lt\/wp-content\/uploads\/2025\/09\/bizonu-skrydis-1.webp","datePublished":"2025-09-27T16:53:39+00:00","dateModified":"2025-10-06T10:27:30+00:00","description":"\u201eNuo \u201cbandos\u201d m\u0105stymo \u012f novatori\u0161kai auk\u0161t\u0105 skryd\u012f. Pasaulin\u0117je rinkoje dabar beproti\u0161ki laikai. Jie reikalauja \u012fmoni\u0173 ir politikos lyderi\u0173 dr\u0105si\u0173","breadcrumb":{"@id":"https:\/\/skaitytaknyga.lt\/produktas\/bizonu-skrydis\/#breadcrumb"},"inLanguage":"en-GB","potentialAction":[{"@type":"ReadAction","target":["https:\/\/skaitytaknyga.lt\/produktas\/bizonu-skrydis\/"]}]},{"@type":"ImageObject","inLanguage":"en-GB","@id":"https:\/\/skaitytaknyga.lt\/produktas\/bizonu-skrydis\/#primaryimage","url":"https:\/\/skaitytaknyga.lt\/wp-content\/uploads\/2025\/09\/bizonu-skrydis-1.webp","contentUrl":"https:\/\/skaitytaknyga.lt\/wp-content\/uploads\/2025\/09\/bizonu-skrydis-1.webp","width":300,"height":443},{"@type":"BreadcrumbList","@id":"https:\/\/skaitytaknyga.lt\/produktas\/bizonu-skrydis\/#breadcrumb","itemListElement":[{"@type":"ListItem","position":1,"name":"Home","item":"https:\/\/skaitytaknyga.lt\/"},{"@type":"ListItem","position":2,"name":"Parduotuv\u0117","item":"https:\/\/skaitytaknyga.lt\/knygu-parduotuve\/"},{"@type":"ListItem","position":3,"name":"Bizon\u0173 skrydis"}]},{"@type":"WebSite","@id":"https:\/\/skaitytaknyga.lt\/#website","url":"https:\/\/skaitytaknyga.lt\/","name":"skaitytaknyga.lt","description":"Skaitytaknyga.lt \u2013 tai ma\u017eas \u0161eimos verslas, kuris prasid\u0117jo nuo meil\u0117s knygoms ir siekio i\u0161gelb\u0117ti knygas nuo likimo prie konteinerio. Kas vienam nereikalingas daiktas \u2013 kitam lobis, o mes esame tarpininkai, kurie padeda abiems tapti laimingesniems ???? \u017dinome kaip nelengva i\u0161gyventi ma\u017eiems verslams, tad nuo \u0161iol, \u010dia rasite ir kit\u0173, ma\u017e\u0173 \u0161eim\u0173 versl\u0173, rank\u0173 darbo, dovan\u0173 sau ir artimiesiems.","publisher":{"@id":"https:\/\/skaitytaknyga.lt\/#organization"},"potentialAction":[{"@type":"SearchAction","target":{"@type":"EntryPoint","urlTemplate":"https:\/\/skaitytaknyga.lt\/?s={search_term_string}"},"query-input":{"@type":"PropertyValueSpecification","valueRequired":true,"valueName":"search_term_string"}}],"inLanguage":"en-GB"},{"@type":"Organization","@id":"https:\/\/skaitytaknyga.lt\/#organization","name":"skaitytaknyga.lt","url":"https:\/\/skaitytaknyga.lt\/","logo":{"@type":"ImageObject","inLanguage":"en-GB","@id":"https:\/\/skaitytaknyga.lt\/#\/schema\/logo\/image\/","url":"https:\/\/skaitytaknyga.lt\/wp-content\/uploads\/2024\/05\/cropped-cropped-cropped-02_00843_jt3bggkj1j3HLc7SyY6rEUpg.jpeg","contentUrl":"https:\/\/skaitytaknyga.lt\/wp-content\/uploads\/2024\/05\/cropped-cropped-cropped-02_00843_jt3bggkj1j3HLc7SyY6rEUpg.jpeg","width":1600,"height":1600,"caption":"skaitytaknyga.lt"},"image":{"@id":"https:\/\/skaitytaknyga.lt\/#\/schema\/logo\/image\/"},"sameAs":["https:\/\/www.facebook.com\/skaitytaknyga\/"]}]}},"_links":{"self":[{"href":"https:\/\/skaitytaknyga.lt\/en\/wp-json\/wp\/v2\/product\/21025","targetHints":{"allow":["GET"]}}],"collection":[{"href":"https:\/\/skaitytaknyga.lt\/en\/wp-json\/wp\/v2\/product"}],"about":[{"href":"https:\/\/skaitytaknyga.lt\/en\/wp-json\/wp\/v2\/types\/product"}],"replies":[{"embeddable":true,"href":"https:\/\/skaitytaknyga.lt\/en\/wp-json\/wp\/v2\/comments?post=21025"}],"wp:featuredmedia":[{"embeddable":true,"href":"https:\/\/skaitytaknyga.lt\/en\/wp-json\/wp\/v2\/media\/21030"}],"wp:attachment":[{"href":"https:\/\/skaitytaknyga.lt\/en\/wp-json\/wp\/v2\/media?parent=21025"}],"wp:term":[{"taxonomy":"product_brand","embeddable":true,"href":"https:\/\/skaitytaknyga.lt\/en\/wp-json\/wp\/v2\/product_brand?post=21025"},{"taxonomy":"product_cat","embeddable":true,"href":"https:\/\/skaitytaknyga.lt\/en\/wp-json\/wp\/v2\/product_cat?post=21025"},{"taxonomy":"product_tag","embeddable":true,"href":"https:\/\/skaitytaknyga.lt\/en\/wp-json\/wp\/v2\/product_tag?post=21025"}],"curies":[{"name":"wp","href":"https:\/\/api.w.org\/{rel}","templated":true}]}}