{"id":21023,"date":"2025-09-27T19:53:38","date_gmt":"2025-09-27T16:53:38","guid":{"rendered":"https:\/\/skaitytaknyga.lt\/?post_type=product&#038;p=21023"},"modified":"2025-10-06T11:26:12","modified_gmt":"2025-10-06T08:26:12","slug":"atsisakykite-iprocio-mirti-amzinojo-gyvenimo-mokslas","status":"publish","type":"product","link":"https:\/\/skaitytaknyga.lt\/en\/produktas\/atsisakykite-iprocio-mirti-amzinojo-gyvenimo-mokslas\/","title":{"rendered":"Atsisakykite \u012fpro\u010dio mirti: Am\u017einojo gyvenimo mokslas"},"content":{"rendered":"<p>\u201eAtsisakykite \u012fpro\u010dio mirti\u201c \u2013 i\u0161 prad\u017ei\u0173 keistai gali nuskamb\u0117ti \u0161is kvietimas \u2013 kaip ir fizinio nemirtingumo id\u0117ja, kuri\u0105 jau 30 met\u0173 vakar\u0173 pasaulyje skleid\u017eia rebefingo pradininkas Leonardas Orras, savo mokytojus pasirink\u0119s Babad\u017ei ir nemirtinguosius Indijos jogus (juo laikomas asmuo, i\u0161gyven\u0119s fiziniame k\u016bne ne ma\u017eiau kaip 300 met\u0173).<\/p>\n<p>I\u0161gyventi daugiau kaip \u0161imt\u0105 met\u0173 j\u0117goje ir sveikatoje, i\u0161laikant fizinio k\u016bno jaunatvi\u0161k\u0105 i\u0161vaizd\u0105 \u2013 tai \u0161okiruoja vakarie\u010dio prot\u0105, o joga teigia, jog tereikia i\u0161valyti savo fizin\u012f k\u016bn\u0105 grei\u010diau, nei jis kasdien u\u017esiter\u0161ia. \u0160iuo tikslu knygoje pateiktos valymosi ugnimi, oru, vandeniu ir \u017eeme praktikos.<\/p>\n<p>S\u0105moningas kv\u0117pavimas, maudymasis po du\u0161u du kartus per dien\u0105, meditacija prie lau\u017eo, masa\u017eas, grojimas b\u016bgnais, \u0161okis ar darbas sode \u2013 tai visiems pasiekiami dalykai.<\/p>\n","protected":false},"excerpt":{"rendered":"<p>\u201eAtsisakykite \u012fpro\u010dio mirti\u201c \u2013 i\u0161 prad\u017ei\u0173 keistai gali nuskamb\u0117ti \u0161is kvietimas \u2013 kaip ir fizinio nemirtingumo id\u0117ja, kuri\u0105 jau 30 met\u0173 vakar\u0173 pasaulyje skleid\u017eia rebefingo pradininkas Leonardas Orras, savo mokytojus pasirink\u0119s Babad\u017ei ir nemirtinguosius Indijos jogus (juo laikomas asmuo, i\u0161gyven\u0119s fiziniame k\u016bne ne ma\u017eiau kaip 300 met\u0173). I\u0161gyventi daugiau kaip \u0161imt\u0105 met\u0173 j\u0117goje ir sveikatoje, i\u0161laikant fizinio k\u016bno jaunatvi\u0161k\u0105 i\u0161vaizd\u0105 \u2013 tai \u0161okiruoja vakarie\u010dio prot\u0105, o joga teigia, jog tereikia i\u0161valyti savo fizin\u012f k\u016bn\u0105 grei\u010diau, nei jis kasdien u\u017esiter\u0161ia. \u0160iuo tikslu knygoje pateiktos valymosi ugnimi, oru, vandeniu ir \u017eeme praktikos. S\u0105moningas kv\u0117pavimas, maudymasis po du\u0161u du kartus per dien\u0105, meditacija prie lau\u017eo, masa\u017eas, grojimas b\u016bgnais, \u0161okis ar darbas sode \u2013 tai visiems pasiekiami dalykai.<\/p>\n","protected":false},"featured_media":21028,"comment_status":"open","ping_status":"closed","template":"","meta":{"_acf_changed":false,"site-sidebar-layout":"default","site-content-layout":"","ast-site-content-layout":"default","site-content-style":"default","site-sidebar-style":"default","ast-global-header-display":"","ast-banner-title-visibility":"","ast-main-header-display":"","ast-hfb-above-header-display":"","ast-hfb-below-header-display":"","ast-hfb-mobile-header-display":"","site-post-title":"","ast-breadcrumbs-content":"","ast-featured-img":"","footer-sml-layout":"","ast-disable-related-posts":"","theme-transparent-header-meta":"","adv-header-id-meta":"","stick-header-meta":"","header-above-stick-meta":"","header-main-stick-meta":"","header-below-stick-meta":"","astra-migrate-meta-layouts":"default","ast-page-background-enabled":"default","ast-page-background-meta":{"desktop":{"background-color":"","background-image":"","background-repeat":"repeat","background-position":"center center","background-size":"auto","background-attachment":"scroll","background-type":"","background-media":"","overlay-type":"","overlay-color":"","overlay-opacity":"","overlay-gradient":""},"tablet":{"background-color":"","background-image":"","background-repeat":"repeat","background-position":"center center","background-size":"auto","background-attachment":"scroll","background-type":"","background-media":"","overlay-type":"","overlay-color":"","overlay-opacity":"","overlay-gradient":""},"mobile":{"background-color":"","background-image":"","background-repeat":"repeat","background-position":"center center","background-size":"auto","background-attachment":"scroll","background-type":"","background-media":"","overlay-type":"","overlay-color":"","overlay-opacity":"","overlay-gradient":""}},"ast-content-background-meta":{"desktop":{"background-color":"var(--ast-global-color-4)","background-image":"","background-repeat":"repeat","background-position":"center center","background-size":"auto","background-attachment":"scroll","background-type":"","background-media":"","overlay-type":"","overlay-color":"","overlay-opacity":"","overlay-gradient":""},"tablet":{"background-color":"var(--ast-global-color-4)","background-image":"","background-repeat":"repeat","background-position":"center center","background-size":"auto","background-attachment":"scroll","background-type":"","background-media":"","overlay-type":"","overlay-color":"","overlay-opacity":"","overlay-gradient":""},"mobile":{"background-color":"var(--ast-global-color-4)","background-image":"","background-repeat":"repeat","background-position":"center center","background-size":"auto","background-attachment":"scroll","background-type":"","background-media":"","overlay-type":"","overlay-color":"","overlay-opacity":"","overlay-gradient":""}}},"product_brand":[],"product_cat":[30],"product_tag":[8491,5950,8489,8490,1680],"class_list":{"0":"post-21023","1":"product","2":"type-product","3":"status-publish","4":"has-post-thumbnail","6":"product_cat-psichologija-ir-saviugda","7":"product_tag-joga","8":"product_tag-kvepavimas","9":"product_tag-leonardas-orr-nemirtingumas","10":"product_tag-rebefingas","11":"product_tag-sveikata","12":"desktop-align-left","13":"tablet-align-left","14":"mobile-align-left","16":"first","17":"instock","18":"shipping-taxable","19":"purchasable","20":"product-type-simple"},"acf":[],"yoast_head":"<!-- This site is optimized with the Yoast SEO plugin v27.0 - https:\/\/yoast.com\/product\/yoast-seo-wordpress\/ -->\n<title>Atsisakykite \u012fpro\u010dio mirti: Am\u017einojo gyvenimo mokslas<\/title>\n<meta name=\"description\" content=\"\u201eAtsisakykite \u012fpro\u010dio mirti\u201c \u2013 i\u0161 prad\u017ei\u0173 keistai gali nuskamb\u0117ti \u0161is kvietimas \u2013 kaip ir fizinio nemirtingumo id\u0117ja, kuri\u0105 jau 30 met\u0173 vakar\u0173 pasaulyje\" \/>\n<meta name=\"robots\" content=\"index, follow, max-snippet:-1, max-image-preview:large, max-video-preview:-1\" \/>\n<link rel=\"canonical\" href=\"https:\/\/skaitytaknyga.lt\/en\/produktas\/atsisakykite-iprocio-mirti-amzinojo-gyvenimo-mokslas\/\" \/>\n<meta property=\"og:locale\" content=\"en_GB\" \/>\n<meta property=\"og:locale:alternate\" content=\"lt_LT\" \/>\n<meta property=\"og:type\" content=\"article\" \/>\n<meta property=\"og:title\" content=\"Atsisakykite \u012fpro\u010dio mirti: Am\u017einojo gyvenimo mokslas\" \/>\n<meta property=\"og:description\" content=\"\u201eAtsisakykite \u012fpro\u010dio mirti\u201c \u2013 i\u0161 prad\u017ei\u0173 keistai gali nuskamb\u0117ti \u0161is kvietimas \u2013 kaip ir fizinio nemirtingumo id\u0117ja, kuri\u0105 jau 30 met\u0173 vakar\u0173 pasaulyje\" \/>\n<meta property=\"og:url\" content=\"https:\/\/skaitytaknyga.lt\/en\/produktas\/atsisakykite-iprocio-mirti-amzinojo-gyvenimo-mokslas\/\" \/>\n<meta property=\"og:site_name\" content=\"Skaitytaknyga\" \/>\n<meta property=\"article:publisher\" content=\"https:\/\/www.facebook.com\/skaitytaknyga\/\" \/>\n<meta property=\"article:modified_time\" content=\"2025-10-06T08:26:12+00:00\" \/>\n<meta property=\"og:image\" content=\"https:\/\/skaitytaknyga.lt\/wp-content\/uploads\/2025\/09\/atsisakykite-iprocio-mirti-1.webp\" \/>\n\t<meta property=\"og:image:width\" content=\"300\" \/>\n\t<meta property=\"og:image:height\" content=\"456\" \/>\n\t<meta property=\"og:image:type\" content=\"image\/webp\" \/>\n<meta name=\"twitter:card\" content=\"summary_large_image\" \/>\n<meta name=\"twitter:label1\" content=\"Estimated reading time\" \/>\n\t<meta name=\"twitter:data1\" content=\"1 minute\" \/>\n<script type=\"application\/ld+json\" class=\"yoast-schema-graph\">{\"@context\":\"https:\/\/schema.org\",\"@graph\":[{\"@type\":\"WebPage\",\"@id\":\"https:\/\/skaitytaknyga.lt\/produktas\/atsisakykite-iprocio-mirti-amzinojo-gyvenimo-mokslas\/\",\"url\":\"https:\/\/skaitytaknyga.lt\/produktas\/atsisakykite-iprocio-mirti-amzinojo-gyvenimo-mokslas\/\",\"name\":\"Atsisakykite \u012fpro\u010dio mirti: Am\u017einojo gyvenimo mokslas\",\"isPartOf\":{\"@id\":\"https:\/\/skaitytaknyga.lt\/#website\"},\"primaryImageOfPage\":{\"@id\":\"https:\/\/skaitytaknyga.lt\/produktas\/atsisakykite-iprocio-mirti-amzinojo-gyvenimo-mokslas\/#primaryimage\"},\"image\":{\"@id\":\"https:\/\/skaitytaknyga.lt\/produktas\/atsisakykite-iprocio-mirti-amzinojo-gyvenimo-mokslas\/#primaryimage\"},\"thumbnailUrl\":\"https:\/\/skaitytaknyga.lt\/wp-content\/uploads\/2025\/09\/atsisakykite-iprocio-mirti-1.webp\",\"datePublished\":\"2025-09-27T16:53:38+00:00\",\"dateModified\":\"2025-10-06T08:26:12+00:00\",\"description\":\"\u201eAtsisakykite \u012fpro\u010dio mirti\u201c \u2013 i\u0161 prad\u017ei\u0173 keistai gali nuskamb\u0117ti \u0161is kvietimas \u2013 kaip ir fizinio nemirtingumo id\u0117ja, kuri\u0105 jau 30 met\u0173 vakar\u0173 pasaulyje\",\"breadcrumb\":{\"@id\":\"https:\/\/skaitytaknyga.lt\/produktas\/atsisakykite-iprocio-mirti-amzinojo-gyvenimo-mokslas\/#breadcrumb\"},\"inLanguage\":\"en-GB\",\"potentialAction\":[{\"@type\":\"ReadAction\",\"target\":[\"https:\/\/skaitytaknyga.lt\/produktas\/atsisakykite-iprocio-mirti-amzinojo-gyvenimo-mokslas\/\"]}]},{\"@type\":\"ImageObject\",\"inLanguage\":\"en-GB\",\"@id\":\"https:\/\/skaitytaknyga.lt\/produktas\/atsisakykite-iprocio-mirti-amzinojo-gyvenimo-mokslas\/#primaryimage\",\"url\":\"https:\/\/skaitytaknyga.lt\/wp-content\/uploads\/2025\/09\/atsisakykite-iprocio-mirti-1.webp\",\"contentUrl\":\"https:\/\/skaitytaknyga.lt\/wp-content\/uploads\/2025\/09\/atsisakykite-iprocio-mirti-1.webp\",\"width\":300,\"height\":456,\"caption\":\"Atsisakykite \u012fpro\u010dio mirti: Am\u017einojo gyvenimo mokslas\"},{\"@type\":\"BreadcrumbList\",\"@id\":\"https:\/\/skaitytaknyga.lt\/produktas\/atsisakykite-iprocio-mirti-amzinojo-gyvenimo-mokslas\/#breadcrumb\",\"itemListElement\":[{\"@type\":\"ListItem\",\"position\":1,\"name\":\"Home\",\"item\":\"https:\/\/skaitytaknyga.lt\/\"},{\"@type\":\"ListItem\",\"position\":2,\"name\":\"Parduotuv\u0117\",\"item\":\"https:\/\/skaitytaknyga.lt\/knygu-parduotuve\/\"},{\"@type\":\"ListItem\",\"position\":3,\"name\":\"Atsisakykite \u012fpro\u010dio mirti: Am\u017einojo gyvenimo mokslas\"}]},{\"@type\":\"WebSite\",\"@id\":\"https:\/\/skaitytaknyga.lt\/#website\",\"url\":\"https:\/\/skaitytaknyga.lt\/\",\"name\":\"skaitytaknyga.lt\",\"description\":\"Skaitytaknyga.lt \u2013 tai ma\u017eas \u0161eimos verslas, kuris prasid\u0117jo nuo meil\u0117s knygoms ir siekio i\u0161gelb\u0117ti knygas nuo likimo prie konteinerio. Kas vienam nereikalingas daiktas \u2013 kitam lobis, o mes esame tarpininkai, kurie padeda abiems tapti laimingesniems ???? \u017dinome kaip nelengva i\u0161gyventi ma\u017eiems verslams, tad nuo \u0161iol, \u010dia rasite ir kit\u0173, ma\u017e\u0173 \u0161eim\u0173 versl\u0173, rank\u0173 darbo, dovan\u0173 sau ir artimiesiems.\",\"publisher\":{\"@id\":\"https:\/\/skaitytaknyga.lt\/#organization\"},\"potentialAction\":[{\"@type\":\"SearchAction\",\"target\":{\"@type\":\"EntryPoint\",\"urlTemplate\":\"https:\/\/skaitytaknyga.lt\/?s={search_term_string}\"},\"query-input\":{\"@type\":\"PropertyValueSpecification\",\"valueRequired\":true,\"valueName\":\"search_term_string\"}}],\"inLanguage\":\"en-GB\"},{\"@type\":\"Organization\",\"@id\":\"https:\/\/skaitytaknyga.lt\/#organization\",\"name\":\"skaitytaknyga.lt\",\"url\":\"https:\/\/skaitytaknyga.lt\/\",\"logo\":{\"@type\":\"ImageObject\",\"inLanguage\":\"en-GB\",\"@id\":\"https:\/\/skaitytaknyga.lt\/#\/schema\/logo\/image\/\",\"url\":\"https:\/\/skaitytaknyga.lt\/wp-content\/uploads\/2024\/05\/cropped-cropped-cropped-02_00843_jt3bggkj1j3HLc7SyY6rEUpg.jpeg\",\"contentUrl\":\"https:\/\/skaitytaknyga.lt\/wp-content\/uploads\/2024\/05\/cropped-cropped-cropped-02_00843_jt3bggkj1j3HLc7SyY6rEUpg.jpeg\",\"width\":1600,\"height\":1600,\"caption\":\"skaitytaknyga.lt\"},\"image\":{\"@id\":\"https:\/\/skaitytaknyga.lt\/#\/schema\/logo\/image\/\"},\"sameAs\":[\"https:\/\/www.facebook.com\/skaitytaknyga\/\"]}]}<\/script>\n<!-- \/ Yoast SEO plugin. -->","yoast_head_json":{"title":"Atsisakykite \u012fpro\u010dio mirti: Am\u017einojo gyvenimo mokslas","description":"\u201eAtsisakykite \u012fpro\u010dio mirti\u201c \u2013 i\u0161 prad\u017ei\u0173 keistai gali nuskamb\u0117ti \u0161is kvietimas \u2013 kaip ir fizinio nemirtingumo id\u0117ja, kuri\u0105 jau 30 met\u0173 vakar\u0173 pasaulyje","robots":{"index":"index","follow":"follow","max-snippet":"max-snippet:-1","max-image-preview":"max-image-preview:large","max-video-preview":"max-video-preview:-1"},"canonical":"https:\/\/skaitytaknyga.lt\/en\/produktas\/atsisakykite-iprocio-mirti-amzinojo-gyvenimo-mokslas\/","og_locale":"en_GB","og_type":"article","og_title":"[:lt]Atsisakykite \u012fpro\u010dio mirti: Am\u017einojo gyvenimo mokslas[:] - Skaitytaknyga","og_description":"\u201eAtsisakykite \u012fpro\u010dio mirti\u201c \u2013 i\u0161 prad\u017ei\u0173 keistai gali nuskamb\u0117ti \u0161is kvietimas \u2013 kaip ir fizinio nemirtingumo id\u0117ja, kuri\u0105 jau 30 met\u0173 vakar\u0173 pasaulyje","og_url":"https:\/\/skaitytaknyga.lt\/en\/produktas\/atsisakykite-iprocio-mirti-amzinojo-gyvenimo-mokslas\/","og_site_name":"Skaitytaknyga","article_publisher":"https:\/\/www.facebook.com\/skaitytaknyga\/","article_modified_time":"2025-10-06T08:26:12+00:00","og_image":[{"width":300,"height":456,"url":"https:\/\/skaitytaknyga.lt\/wp-content\/uploads\/2025\/09\/atsisakykite-iprocio-mirti-1.webp","type":"image\/webp"}],"twitter_card":"summary_large_image","twitter_misc":{"Estimated reading time":"1 minute"},"schema":{"@context":"https:\/\/schema.org","@graph":[{"@type":"WebPage","@id":"https:\/\/skaitytaknyga.lt\/produktas\/atsisakykite-iprocio-mirti-amzinojo-gyvenimo-mokslas\/","url":"https:\/\/skaitytaknyga.lt\/produktas\/atsisakykite-iprocio-mirti-amzinojo-gyvenimo-mokslas\/","name":"Atsisakykite \u012fpro\u010dio mirti: Am\u017einojo gyvenimo mokslas","isPartOf":{"@id":"https:\/\/skaitytaknyga.lt\/#website"},"primaryImageOfPage":{"@id":"https:\/\/skaitytaknyga.lt\/produktas\/atsisakykite-iprocio-mirti-amzinojo-gyvenimo-mokslas\/#primaryimage"},"image":{"@id":"https:\/\/skaitytaknyga.lt\/produktas\/atsisakykite-iprocio-mirti-amzinojo-gyvenimo-mokslas\/#primaryimage"},"thumbnailUrl":"https:\/\/skaitytaknyga.lt\/wp-content\/uploads\/2025\/09\/atsisakykite-iprocio-mirti-1.webp","datePublished":"2025-09-27T16:53:38+00:00","dateModified":"2025-10-06T08:26:12+00:00","description":"\u201eAtsisakykite \u012fpro\u010dio mirti\u201c \u2013 i\u0161 prad\u017ei\u0173 keistai gali nuskamb\u0117ti \u0161is kvietimas \u2013 kaip ir fizinio nemirtingumo id\u0117ja, kuri\u0105 jau 30 met\u0173 vakar\u0173 pasaulyje","breadcrumb":{"@id":"https:\/\/skaitytaknyga.lt\/produktas\/atsisakykite-iprocio-mirti-amzinojo-gyvenimo-mokslas\/#breadcrumb"},"inLanguage":"en-GB","potentialAction":[{"@type":"ReadAction","target":["https:\/\/skaitytaknyga.lt\/produktas\/atsisakykite-iprocio-mirti-amzinojo-gyvenimo-mokslas\/"]}]},{"@type":"ImageObject","inLanguage":"en-GB","@id":"https:\/\/skaitytaknyga.lt\/produktas\/atsisakykite-iprocio-mirti-amzinojo-gyvenimo-mokslas\/#primaryimage","url":"https:\/\/skaitytaknyga.lt\/wp-content\/uploads\/2025\/09\/atsisakykite-iprocio-mirti-1.webp","contentUrl":"https:\/\/skaitytaknyga.lt\/wp-content\/uploads\/2025\/09\/atsisakykite-iprocio-mirti-1.webp","width":300,"height":456,"caption":"Atsisakykite \u012fpro\u010dio mirti: Am\u017einojo gyvenimo mokslas"},{"@type":"BreadcrumbList","@id":"https:\/\/skaitytaknyga.lt\/produktas\/atsisakykite-iprocio-mirti-amzinojo-gyvenimo-mokslas\/#breadcrumb","itemListElement":[{"@type":"ListItem","position":1,"name":"Home","item":"https:\/\/skaitytaknyga.lt\/"},{"@type":"ListItem","position":2,"name":"Parduotuv\u0117","item":"https:\/\/skaitytaknyga.lt\/knygu-parduotuve\/"},{"@type":"ListItem","position":3,"name":"Atsisakykite \u012fpro\u010dio mirti: Am\u017einojo gyvenimo mokslas"}]},{"@type":"WebSite","@id":"https:\/\/skaitytaknyga.lt\/#website","url":"https:\/\/skaitytaknyga.lt\/","name":"skaitytaknyga.lt","description":"Skaitytaknyga.lt \u2013 tai ma\u017eas \u0161eimos verslas, kuris prasid\u0117jo nuo meil\u0117s knygoms ir siekio i\u0161gelb\u0117ti knygas nuo likimo prie konteinerio. Kas vienam nereikalingas daiktas \u2013 kitam lobis, o mes esame tarpininkai, kurie padeda abiems tapti laimingesniems ???? \u017dinome kaip nelengva i\u0161gyventi ma\u017eiems verslams, tad nuo \u0161iol, \u010dia rasite ir kit\u0173, ma\u017e\u0173 \u0161eim\u0173 versl\u0173, rank\u0173 darbo, dovan\u0173 sau ir artimiesiems.","publisher":{"@id":"https:\/\/skaitytaknyga.lt\/#organization"},"potentialAction":[{"@type":"SearchAction","target":{"@type":"EntryPoint","urlTemplate":"https:\/\/skaitytaknyga.lt\/?s={search_term_string}"},"query-input":{"@type":"PropertyValueSpecification","valueRequired":true,"valueName":"search_term_string"}}],"inLanguage":"en-GB"},{"@type":"Organization","@id":"https:\/\/skaitytaknyga.lt\/#organization","name":"skaitytaknyga.lt","url":"https:\/\/skaitytaknyga.lt\/","logo":{"@type":"ImageObject","inLanguage":"en-GB","@id":"https:\/\/skaitytaknyga.lt\/#\/schema\/logo\/image\/","url":"https:\/\/skaitytaknyga.lt\/wp-content\/uploads\/2024\/05\/cropped-cropped-cropped-02_00843_jt3bggkj1j3HLc7SyY6rEUpg.jpeg","contentUrl":"https:\/\/skaitytaknyga.lt\/wp-content\/uploads\/2024\/05\/cropped-cropped-cropped-02_00843_jt3bggkj1j3HLc7SyY6rEUpg.jpeg","width":1600,"height":1600,"caption":"skaitytaknyga.lt"},"image":{"@id":"https:\/\/skaitytaknyga.lt\/#\/schema\/logo\/image\/"},"sameAs":["https:\/\/www.facebook.com\/skaitytaknyga\/"]}]}},"_links":{"self":[{"href":"https:\/\/skaitytaknyga.lt\/en\/wp-json\/wp\/v2\/product\/21023","targetHints":{"allow":["GET"]}}],"collection":[{"href":"https:\/\/skaitytaknyga.lt\/en\/wp-json\/wp\/v2\/product"}],"about":[{"href":"https:\/\/skaitytaknyga.lt\/en\/wp-json\/wp\/v2\/types\/product"}],"replies":[{"embeddable":true,"href":"https:\/\/skaitytaknyga.lt\/en\/wp-json\/wp\/v2\/comments?post=21023"}],"wp:featuredmedia":[{"embeddable":true,"href":"https:\/\/skaitytaknyga.lt\/en\/wp-json\/wp\/v2\/media\/21028"}],"wp:attachment":[{"href":"https:\/\/skaitytaknyga.lt\/en\/wp-json\/wp\/v2\/media?parent=21023"}],"wp:term":[{"taxonomy":"product_brand","embeddable":true,"href":"https:\/\/skaitytaknyga.lt\/en\/wp-json\/wp\/v2\/product_brand?post=21023"},{"taxonomy":"product_cat","embeddable":true,"href":"https:\/\/skaitytaknyga.lt\/en\/wp-json\/wp\/v2\/product_cat?post=21023"},{"taxonomy":"product_tag","embeddable":true,"href":"https:\/\/skaitytaknyga.lt\/en\/wp-json\/wp\/v2\/product_tag?post=21023"}],"curies":[{"name":"wp","href":"https:\/\/api.w.org\/{rel}","templated":true}]}}