{"id":21021,"date":"2025-09-27T19:53:38","date_gmt":"2025-09-27T16:53:38","guid":{"rendered":"https:\/\/skaitytaknyga.lt\/?post_type=product&#038;p=21021"},"modified":"2026-02-26T10:10:28","modified_gmt":"2026-02-26T08:10:28","slug":"dievas-kvantine-fizika-organizacijos-struktura-vadovavimo-stilius","status":"publish","type":"product","link":"https:\/\/skaitytaknyga.lt\/en\/produktas\/dievas-kvantine-fizika-organizacijos-struktura-vadovavimo-stilius\/","title":{"rendered":"Dievas, kvantin\u0117 fizika, organizacijos strukt\u016bra, vadovavimo stilius"},"content":{"rendered":"<p>\u0160i knyga pad\u0117s Jums sukurti organizacij\u0105, kuri i\u0161siskiria ne tik vidine, bet ir i\u0161orine harmonija. Dirban\u010di\u0105 saviorganizacijos pagrindais, kasdien tobul\u0117jan\u010di\u0105 ir siekian\u010di\u0105 ilgalaiki\u0173 tiksl\u0173, besir\u016bpinan\u010di\u0105 ne tik darbuotojais , bet ir visa j\u0105 supan\u010dia aplinka.<br \/>\nO tai \u012fmanoma pasiekti tik pertvarkius stati\u0161k\u0105 piramid\u0119 \u012f dinami\u0161k\u0105 srautin\u0119 organizacij\u0105.<\/p>\n","protected":false},"excerpt":{"rendered":"<p>\u0160i knyga pad\u0117s Jums sukurti organizacij\u0105, kuri i\u0161siskiria ne tik vidine, bet ir i\u0161orine harmonija. Dirban\u010di\u0105 saviorganizacijos pagrindais, kasdien tobul\u0117jan\u010di\u0105 ir siekian\u010di\u0105 ilgalaiki\u0173 tiksl\u0173, besir\u016bpinan\u010di\u0105 ne tik darbuotojais , bet ir visa j\u0105 supan\u010dia aplinka. O tai \u012fmanoma pasiekti tik pertvarkius stati\u0161k\u0105 piramid\u0119 \u012f dinami\u0161k\u0105 srautin\u0119 organizacij\u0105.<\/p>\n","protected":false},"featured_media":21026,"comment_status":"open","ping_status":"closed","template":"","meta":{"_acf_changed":false,"site-sidebar-layout":"default","site-content-layout":"","ast-site-content-layout":"default","site-content-style":"default","site-sidebar-style":"default","ast-global-header-display":"","ast-banner-title-visibility":"","ast-main-header-display":"","ast-hfb-above-header-display":"","ast-hfb-below-header-display":"","ast-hfb-mobile-header-display":"","site-post-title":"","ast-breadcrumbs-content":"","ast-featured-img":"","footer-sml-layout":"","ast-disable-related-posts":"","theme-transparent-header-meta":"","adv-header-id-meta":"","stick-header-meta":"","header-above-stick-meta":"","header-main-stick-meta":"","header-below-stick-meta":"","astra-migrate-meta-layouts":"default","ast-page-background-enabled":"default","ast-page-background-meta":{"desktop":{"background-color":"","background-image":"","background-repeat":"repeat","background-position":"center center","background-size":"auto","background-attachment":"scroll","background-type":"","background-media":"","overlay-type":"","overlay-color":"","overlay-opacity":"","overlay-gradient":""},"tablet":{"background-color":"","background-image":"","background-repeat":"repeat","background-position":"center center","background-size":"auto","background-attachment":"scroll","background-type":"","background-media":"","overlay-type":"","overlay-color":"","overlay-opacity":"","overlay-gradient":""},"mobile":{"background-color":"","background-image":"","background-repeat":"repeat","background-position":"center center","background-size":"auto","background-attachment":"scroll","background-type":"","background-media":"","overlay-type":"","overlay-color":"","overlay-opacity":"","overlay-gradient":""}},"ast-content-background-meta":{"desktop":{"background-color":"var(--ast-global-color-4)","background-image":"","background-repeat":"repeat","background-position":"center center","background-size":"auto","background-attachment":"scroll","background-type":"","background-media":"","overlay-type":"","overlay-color":"","overlay-opacity":"","overlay-gradient":""},"tablet":{"background-color":"var(--ast-global-color-4)","background-image":"","background-repeat":"repeat","background-position":"center center","background-size":"auto","background-attachment":"scroll","background-type":"","background-media":"","overlay-type":"","overlay-color":"","overlay-opacity":"","overlay-gradient":""},"mobile":{"background-color":"var(--ast-global-color-4)","background-image":"","background-repeat":"repeat","background-position":"center center","background-size":"auto","background-attachment":"scroll","background-type":"","background-media":"","overlay-type":"","overlay-color":"","overlay-opacity":"","overlay-gradient":""}}},"product_brand":[],"product_cat":[165],"product_tag":[8481,7174,8483,8484,8482,2404],"class_list":{"0":"post-21021","1":"product","2":"type-product","3":"status-publish","4":"has-post-thumbnail","6":"product_cat-religija-filosofija-ir-ezoterika","7":"product_tag-darius-radkevicius","8":"product_tag-harmonija","9":"product_tag-kvantine-fizika","10":"product_tag-saviorganizacija","11":"product_tag-tomas-staniulis-organizacija","12":"product_tag-vadovavimas","13":"desktop-align-left","14":"tablet-align-left","15":"mobile-align-left","17":"first","18":"instock","19":"shipping-taxable","20":"purchasable","21":"product-type-simple"},"acf":[],"yoast_head":"<!-- This site is optimized with the Yoast SEO plugin v27.0 - https:\/\/yoast.com\/product\/yoast-seo-wordpress\/ -->\n<title>Dievas, kvantin\u0117 fizika, organizacijos strukt\u016bra, vadovavimo stilius<\/title>\n<meta name=\"description\" content=\"\u0160i knyga pad\u0117s Jums sukurti organizacij\u0105, kuri i\u0161siskiria ne tik vidine, bet ir i\u0161orine harmonija. Dirban\u010di\u0105 saviorganizacijos pagrindais, kasdien\" \/>\n<meta name=\"robots\" content=\"index, follow, max-snippet:-1, max-image-preview:large, max-video-preview:-1\" \/>\n<link rel=\"canonical\" href=\"https:\/\/skaitytaknyga.lt\/en\/produktas\/dievas-kvantine-fizika-organizacijos-struktura-vadovavimo-stilius\/\" \/>\n<meta property=\"og:locale\" content=\"en_GB\" \/>\n<meta property=\"og:locale:alternate\" content=\"lt_LT\" \/>\n<meta property=\"og:type\" content=\"article\" \/>\n<meta property=\"og:title\" content=\"Dievas, kvantin\u0117 fizika, organizacijos strukt\u016bra, vadovavimo stilius\" \/>\n<meta property=\"og:description\" content=\"\u0160i knyga pad\u0117s Jums sukurti organizacij\u0105, kuri i\u0161siskiria ne tik vidine, bet ir i\u0161orine harmonija. Dirban\u010di\u0105 saviorganizacijos pagrindais, kasdien\" \/>\n<meta property=\"og:url\" content=\"https:\/\/skaitytaknyga.lt\/en\/produktas\/dievas-kvantine-fizika-organizacijos-struktura-vadovavimo-stilius\/\" \/>\n<meta property=\"og:site_name\" content=\"Skaitytaknyga\" \/>\n<meta property=\"article:publisher\" content=\"https:\/\/www.facebook.com\/skaitytaknyga\/\" \/>\n<meta property=\"article:modified_time\" content=\"2026-02-26T08:10:28+00:00\" \/>\n<meta property=\"og:image\" content=\"https:\/\/skaitytaknyga.lt\/wp-content\/uploads\/2025\/09\/Dievas-kvantine-fizika-organizacijos-struktura-vadovavimo-stilius-e1758992059896.jpg\" \/>\n\t<meta property=\"og:image:width\" content=\"383\" \/>\n\t<meta property=\"og:image:height\" content=\"454\" \/>\n\t<meta property=\"og:image:type\" content=\"image\/jpeg\" \/>\n<meta name=\"twitter:card\" content=\"summary_large_image\" \/>\n<script type=\"application\/ld+json\" class=\"yoast-schema-graph\">{\"@context\":\"https:\/\/schema.org\",\"@graph\":[{\"@type\":\"WebPage\",\"@id\":\"https:\/\/skaitytaknyga.lt\/produktas\/dievas-kvantine-fizika-organizacijos-struktura-vadovavimo-stilius\/\",\"url\":\"https:\/\/skaitytaknyga.lt\/produktas\/dievas-kvantine-fizika-organizacijos-struktura-vadovavimo-stilius\/\",\"name\":\"Dievas, kvantin\u0117 fizika, organizacijos strukt\u016bra, vadovavimo stilius\",\"isPartOf\":{\"@id\":\"https:\/\/skaitytaknyga.lt\/#website\"},\"primaryImageOfPage\":{\"@id\":\"https:\/\/skaitytaknyga.lt\/produktas\/dievas-kvantine-fizika-organizacijos-struktura-vadovavimo-stilius\/#primaryimage\"},\"image\":{\"@id\":\"https:\/\/skaitytaknyga.lt\/produktas\/dievas-kvantine-fizika-organizacijos-struktura-vadovavimo-stilius\/#primaryimage\"},\"thumbnailUrl\":\"https:\/\/skaitytaknyga.lt\/wp-content\/uploads\/2025\/09\/Dievas-kvantine-fizika-organizacijos-struktura-vadovavimo-stilius-e1758992059896.jpg\",\"datePublished\":\"2025-09-27T16:53:38+00:00\",\"dateModified\":\"2026-02-26T08:10:28+00:00\",\"description\":\"\u0160i knyga pad\u0117s Jums sukurti organizacij\u0105, kuri i\u0161siskiria ne tik vidine, bet ir i\u0161orine harmonija. Dirban\u010di\u0105 saviorganizacijos pagrindais, kasdien\",\"breadcrumb\":{\"@id\":\"https:\/\/skaitytaknyga.lt\/produktas\/dievas-kvantine-fizika-organizacijos-struktura-vadovavimo-stilius\/#breadcrumb\"},\"inLanguage\":\"en-GB\",\"potentialAction\":[{\"@type\":\"ReadAction\",\"target\":[\"https:\/\/skaitytaknyga.lt\/produktas\/dievas-kvantine-fizika-organizacijos-struktura-vadovavimo-stilius\/\"]}]},{\"@type\":\"ImageObject\",\"inLanguage\":\"en-GB\",\"@id\":\"https:\/\/skaitytaknyga.lt\/produktas\/dievas-kvantine-fizika-organizacijos-struktura-vadovavimo-stilius\/#primaryimage\",\"url\":\"https:\/\/skaitytaknyga.lt\/wp-content\/uploads\/2025\/09\/Dievas-kvantine-fizika-organizacijos-struktura-vadovavimo-stilius-e1758992059896.jpg\",\"contentUrl\":\"https:\/\/skaitytaknyga.lt\/wp-content\/uploads\/2025\/09\/Dievas-kvantine-fizika-organizacijos-struktura-vadovavimo-stilius-e1758992059896.jpg\",\"width\":383,\"height\":454,\"caption\":\"Dievas, kvantin\u0117 fizika, organizacijos strukt\u016bra, vadovavimo stilius\"},{\"@type\":\"BreadcrumbList\",\"@id\":\"https:\/\/skaitytaknyga.lt\/produktas\/dievas-kvantine-fizika-organizacijos-struktura-vadovavimo-stilius\/#breadcrumb\",\"itemListElement\":[{\"@type\":\"ListItem\",\"position\":1,\"name\":\"Home\",\"item\":\"https:\/\/skaitytaknyga.lt\/\"},{\"@type\":\"ListItem\",\"position\":2,\"name\":\"Parduotuv\u0117\",\"item\":\"https:\/\/skaitytaknyga.lt\/knygu-parduotuve\/\"},{\"@type\":\"ListItem\",\"position\":3,\"name\":\"Dievas, kvantin\u0117 fizika, organizacijos strukt\u016bra, vadovavimo stilius\"}]},{\"@type\":\"WebSite\",\"@id\":\"https:\/\/skaitytaknyga.lt\/#website\",\"url\":\"https:\/\/skaitytaknyga.lt\/\",\"name\":\"skaitytaknyga.lt\",\"description\":\"Skaitytaknyga.lt \u2013 tai ma\u017eas \u0161eimos verslas, kuris prasid\u0117jo nuo meil\u0117s knygoms ir siekio i\u0161gelb\u0117ti knygas nuo likimo prie konteinerio. Kas vienam nereikalingas daiktas \u2013 kitam lobis, o mes esame tarpininkai, kurie padeda abiems tapti laimingesniems ???? \u017dinome kaip nelengva i\u0161gyventi ma\u017eiems verslams, tad nuo \u0161iol, \u010dia rasite ir kit\u0173, ma\u017e\u0173 \u0161eim\u0173 versl\u0173, rank\u0173 darbo, dovan\u0173 sau ir artimiesiems.\",\"publisher\":{\"@id\":\"https:\/\/skaitytaknyga.lt\/#organization\"},\"potentialAction\":[{\"@type\":\"SearchAction\",\"target\":{\"@type\":\"EntryPoint\",\"urlTemplate\":\"https:\/\/skaitytaknyga.lt\/?s={search_term_string}\"},\"query-input\":{\"@type\":\"PropertyValueSpecification\",\"valueRequired\":true,\"valueName\":\"search_term_string\"}}],\"inLanguage\":\"en-GB\"},{\"@type\":\"Organization\",\"@id\":\"https:\/\/skaitytaknyga.lt\/#organization\",\"name\":\"skaitytaknyga.lt\",\"url\":\"https:\/\/skaitytaknyga.lt\/\",\"logo\":{\"@type\":\"ImageObject\",\"inLanguage\":\"en-GB\",\"@id\":\"https:\/\/skaitytaknyga.lt\/#\/schema\/logo\/image\/\",\"url\":\"https:\/\/skaitytaknyga.lt\/wp-content\/uploads\/2024\/05\/cropped-cropped-cropped-02_00843_jt3bggkj1j3HLc7SyY6rEUpg.jpeg\",\"contentUrl\":\"https:\/\/skaitytaknyga.lt\/wp-content\/uploads\/2024\/05\/cropped-cropped-cropped-02_00843_jt3bggkj1j3HLc7SyY6rEUpg.jpeg\",\"width\":1600,\"height\":1600,\"caption\":\"skaitytaknyga.lt\"},\"image\":{\"@id\":\"https:\/\/skaitytaknyga.lt\/#\/schema\/logo\/image\/\"},\"sameAs\":[\"https:\/\/www.facebook.com\/skaitytaknyga\/\"]}]}<\/script>\n<!-- \/ Yoast SEO plugin. -->","yoast_head_json":{"title":"Dievas, kvantin\u0117 fizika, organizacijos strukt\u016bra, vadovavimo stilius","description":"\u0160i knyga pad\u0117s Jums sukurti organizacij\u0105, kuri i\u0161siskiria ne tik vidine, bet ir i\u0161orine harmonija. Dirban\u010di\u0105 saviorganizacijos pagrindais, kasdien","robots":{"index":"index","follow":"follow","max-snippet":"max-snippet:-1","max-image-preview":"max-image-preview:large","max-video-preview":"max-video-preview:-1"},"canonical":"https:\/\/skaitytaknyga.lt\/en\/produktas\/dievas-kvantine-fizika-organizacijos-struktura-vadovavimo-stilius\/","og_locale":"en_GB","og_type":"article","og_title":"[:lt]Dievas, kvantin\u0117 fizika, organizacijos strukt\u016bra, vadovavimo stilius[:] - Skaitytaknyga","og_description":"\u0160i knyga pad\u0117s Jums sukurti organizacij\u0105, kuri i\u0161siskiria ne tik vidine, bet ir i\u0161orine harmonija. Dirban\u010di\u0105 saviorganizacijos pagrindais, kasdien","og_url":"https:\/\/skaitytaknyga.lt\/en\/produktas\/dievas-kvantine-fizika-organizacijos-struktura-vadovavimo-stilius\/","og_site_name":"Skaitytaknyga","article_publisher":"https:\/\/www.facebook.com\/skaitytaknyga\/","article_modified_time":"2026-02-26T08:10:28+00:00","og_image":[{"width":383,"height":454,"url":"https:\/\/skaitytaknyga.lt\/wp-content\/uploads\/2025\/09\/Dievas-kvantine-fizika-organizacijos-struktura-vadovavimo-stilius-e1758992059896.jpg","type":"image\/jpeg"}],"twitter_card":"summary_large_image","schema":{"@context":"https:\/\/schema.org","@graph":[{"@type":"WebPage","@id":"https:\/\/skaitytaknyga.lt\/produktas\/dievas-kvantine-fizika-organizacijos-struktura-vadovavimo-stilius\/","url":"https:\/\/skaitytaknyga.lt\/produktas\/dievas-kvantine-fizika-organizacijos-struktura-vadovavimo-stilius\/","name":"Dievas, kvantin\u0117 fizika, organizacijos strukt\u016bra, vadovavimo stilius","isPartOf":{"@id":"https:\/\/skaitytaknyga.lt\/#website"},"primaryImageOfPage":{"@id":"https:\/\/skaitytaknyga.lt\/produktas\/dievas-kvantine-fizika-organizacijos-struktura-vadovavimo-stilius\/#primaryimage"},"image":{"@id":"https:\/\/skaitytaknyga.lt\/produktas\/dievas-kvantine-fizika-organizacijos-struktura-vadovavimo-stilius\/#primaryimage"},"thumbnailUrl":"https:\/\/skaitytaknyga.lt\/wp-content\/uploads\/2025\/09\/Dievas-kvantine-fizika-organizacijos-struktura-vadovavimo-stilius-e1758992059896.jpg","datePublished":"2025-09-27T16:53:38+00:00","dateModified":"2026-02-26T08:10:28+00:00","description":"\u0160i knyga pad\u0117s Jums sukurti organizacij\u0105, kuri i\u0161siskiria ne tik vidine, bet ir i\u0161orine harmonija. Dirban\u010di\u0105 saviorganizacijos pagrindais, kasdien","breadcrumb":{"@id":"https:\/\/skaitytaknyga.lt\/produktas\/dievas-kvantine-fizika-organizacijos-struktura-vadovavimo-stilius\/#breadcrumb"},"inLanguage":"en-GB","potentialAction":[{"@type":"ReadAction","target":["https:\/\/skaitytaknyga.lt\/produktas\/dievas-kvantine-fizika-organizacijos-struktura-vadovavimo-stilius\/"]}]},{"@type":"ImageObject","inLanguage":"en-GB","@id":"https:\/\/skaitytaknyga.lt\/produktas\/dievas-kvantine-fizika-organizacijos-struktura-vadovavimo-stilius\/#primaryimage","url":"https:\/\/skaitytaknyga.lt\/wp-content\/uploads\/2025\/09\/Dievas-kvantine-fizika-organizacijos-struktura-vadovavimo-stilius-e1758992059896.jpg","contentUrl":"https:\/\/skaitytaknyga.lt\/wp-content\/uploads\/2025\/09\/Dievas-kvantine-fizika-organizacijos-struktura-vadovavimo-stilius-e1758992059896.jpg","width":383,"height":454,"caption":"Dievas, kvantin\u0117 fizika, organizacijos strukt\u016bra, vadovavimo stilius"},{"@type":"BreadcrumbList","@id":"https:\/\/skaitytaknyga.lt\/produktas\/dievas-kvantine-fizika-organizacijos-struktura-vadovavimo-stilius\/#breadcrumb","itemListElement":[{"@type":"ListItem","position":1,"name":"Home","item":"https:\/\/skaitytaknyga.lt\/"},{"@type":"ListItem","position":2,"name":"Parduotuv\u0117","item":"https:\/\/skaitytaknyga.lt\/knygu-parduotuve\/"},{"@type":"ListItem","position":3,"name":"Dievas, kvantin\u0117 fizika, organizacijos strukt\u016bra, vadovavimo stilius"}]},{"@type":"WebSite","@id":"https:\/\/skaitytaknyga.lt\/#website","url":"https:\/\/skaitytaknyga.lt\/","name":"skaitytaknyga.lt","description":"Skaitytaknyga.lt \u2013 tai ma\u017eas \u0161eimos verslas, kuris prasid\u0117jo nuo meil\u0117s knygoms ir siekio i\u0161gelb\u0117ti knygas nuo likimo prie konteinerio. Kas vienam nereikalingas daiktas \u2013 kitam lobis, o mes esame tarpininkai, kurie padeda abiems tapti laimingesniems ???? \u017dinome kaip nelengva i\u0161gyventi ma\u017eiems verslams, tad nuo \u0161iol, \u010dia rasite ir kit\u0173, ma\u017e\u0173 \u0161eim\u0173 versl\u0173, rank\u0173 darbo, dovan\u0173 sau ir artimiesiems.","publisher":{"@id":"https:\/\/skaitytaknyga.lt\/#organization"},"potentialAction":[{"@type":"SearchAction","target":{"@type":"EntryPoint","urlTemplate":"https:\/\/skaitytaknyga.lt\/?s={search_term_string}"},"query-input":{"@type":"PropertyValueSpecification","valueRequired":true,"valueName":"search_term_string"}}],"inLanguage":"en-GB"},{"@type":"Organization","@id":"https:\/\/skaitytaknyga.lt\/#organization","name":"skaitytaknyga.lt","url":"https:\/\/skaitytaknyga.lt\/","logo":{"@type":"ImageObject","inLanguage":"en-GB","@id":"https:\/\/skaitytaknyga.lt\/#\/schema\/logo\/image\/","url":"https:\/\/skaitytaknyga.lt\/wp-content\/uploads\/2024\/05\/cropped-cropped-cropped-02_00843_jt3bggkj1j3HLc7SyY6rEUpg.jpeg","contentUrl":"https:\/\/skaitytaknyga.lt\/wp-content\/uploads\/2024\/05\/cropped-cropped-cropped-02_00843_jt3bggkj1j3HLc7SyY6rEUpg.jpeg","width":1600,"height":1600,"caption":"skaitytaknyga.lt"},"image":{"@id":"https:\/\/skaitytaknyga.lt\/#\/schema\/logo\/image\/"},"sameAs":["https:\/\/www.facebook.com\/skaitytaknyga\/"]}]}},"_links":{"self":[{"href":"https:\/\/skaitytaknyga.lt\/en\/wp-json\/wp\/v2\/product\/21021","targetHints":{"allow":["GET"]}}],"collection":[{"href":"https:\/\/skaitytaknyga.lt\/en\/wp-json\/wp\/v2\/product"}],"about":[{"href":"https:\/\/skaitytaknyga.lt\/en\/wp-json\/wp\/v2\/types\/product"}],"replies":[{"embeddable":true,"href":"https:\/\/skaitytaknyga.lt\/en\/wp-json\/wp\/v2\/comments?post=21021"}],"wp:featuredmedia":[{"embeddable":true,"href":"https:\/\/skaitytaknyga.lt\/en\/wp-json\/wp\/v2\/media\/21026"}],"wp:attachment":[{"href":"https:\/\/skaitytaknyga.lt\/en\/wp-json\/wp\/v2\/media?parent=21021"}],"wp:term":[{"taxonomy":"product_brand","embeddable":true,"href":"https:\/\/skaitytaknyga.lt\/en\/wp-json\/wp\/v2\/product_brand?post=21021"},{"taxonomy":"product_cat","embeddable":true,"href":"https:\/\/skaitytaknyga.lt\/en\/wp-json\/wp\/v2\/product_cat?post=21021"},{"taxonomy":"product_tag","embeddable":true,"href":"https:\/\/skaitytaknyga.lt\/en\/wp-json\/wp\/v2\/product_tag?post=21021"}],"curies":[{"name":"wp","href":"https:\/\/api.w.org\/{rel}","templated":true}]}}