{"id":21014,"date":"2025-09-27T19:25:12","date_gmt":"2025-09-27T16:25:12","guid":{"rendered":"https:\/\/skaitytaknyga.lt\/?post_type=product&#038;p=21014"},"modified":"2026-01-27T21:20:14","modified_gmt":"2026-01-27T19:20:14","slug":"kriminalisto-zinynas","status":"publish","type":"product","link":"https:\/\/skaitytaknyga.lt\/en\/produktas\/kriminalisto-zinynas\/","title":{"rendered":"Kriminalisto \u017einynas"},"content":{"rendered":"<p>I\u0161ai\u0161kinant nusikaltimus b\u016btina tinkamai apra\u0161yti \u012fvairius objektus, u\u017efiksuoti j\u0173 b\u016bkl\u0119 \u2013 nuo to apra\u0161ymo kokyb\u0117s priklauso kita \u012frodomoji informacija. Tai tiek ikiteisminio tyrimo pareig\u016bn\u0173, tiek specialist\u0173, ekspert\u0173 kasdieninis darbas. Apra\u0161o tinkamum\u0105 lemia tikslus ir vienodas \u0161i\u0173 objekt\u0173 bei j\u0173 dali\u0173 pavadinim\u0173 vartojimas.<\/p>\n<p>Termin\u0173 taisyklingumas ir suvienodinimas \u2013 \u0161io atnaujinto specializuoto \u201eKriminalisto \u017einyno\u201c, apra\u0161an\u010dio da\u017eniausiai nusikalstamose veikose \u201edalyvaujan\u010dius\u201c materialiuosius objektus, pagrindinis tikslas.<\/p>\n<p>\u0160is \u017einynas gal\u0117t\u0173 b\u016bti naudinga pagalbin\u0117 darbo priemon\u0117 teis\u0117saugos institucij\u0173, teism\u0173 darbuotojams, specialistams, ekspertams, palengvinanti j\u0173 tarpusavio bendradarbiavim\u0105, savitarpio supratim\u0105 ir susikalb\u0117jim\u0105 sprend\u017eiant bendrus teis\u0117saugos, nusikalstamumo i\u0161ai\u0161kinamumo, u\u017ekardymo klausimus ir problemas.<\/p>\n","protected":false},"excerpt":{"rendered":"<p>I\u0161ai\u0161kinant nusikaltimus b\u016btina tinkamai apra\u0161yti \u012fvairius objektus, u\u017efiksuoti j\u0173 b\u016bkl\u0119 \u2013 nuo to apra\u0161ymo kokyb\u0117s priklauso kita \u012frodomoji informacija. Tai tiek ikiteisminio tyrimo pareig\u016bn\u0173, tiek specialist\u0173, ekspert\u0173 kasdieninis darbas. Apra\u0161o tinkamum\u0105 lemia tikslus ir vienodas \u0161i\u0173 objekt\u0173 bei j\u0173 dali\u0173 pavadinim\u0173 vartojimas. Termin\u0173 taisyklingumas ir suvienodinimas \u2013 \u0161io atnaujinto specializuoto \u201eKriminalisto \u017einyno\u201c, apra\u0161an\u010dio da\u017eniausiai nusikalstamose veikose \u201edalyvaujan\u010dius\u201c materialiuosius objektus, pagrindinis tikslas. \u0160is \u017einynas gal\u0117t\u0173 b\u016bti naudinga pagalbin\u0117 darbo priemon\u0117 teis\u0117saugos institucij\u0173, teism\u0173 darbuotojams, specialistams, ekspertams, palengvinanti j\u0173 tarpusavio bendradarbiavim\u0105, savitarpio supratim\u0105 ir susikalb\u0117jim\u0105 sprend\u017eiant bendrus teis\u0117saugos, nusikalstamumo i\u0161ai\u0161kinamumo, u\u017ekardymo klausimus ir problemas.<\/p>\n","protected":false},"featured_media":21020,"comment_status":"open","ping_status":"closed","template":"","meta":{"_acf_changed":false,"site-sidebar-layout":"default","site-content-layout":"","ast-site-content-layout":"default","site-content-style":"default","site-sidebar-style":"default","ast-global-header-display":"","ast-banner-title-visibility":"","ast-main-header-display":"","ast-hfb-above-header-display":"","ast-hfb-below-header-display":"","ast-hfb-mobile-header-display":"","site-post-title":"","ast-breadcrumbs-content":"","ast-featured-img":"","footer-sml-layout":"","ast-disable-related-posts":"","theme-transparent-header-meta":"","adv-header-id-meta":"","stick-header-meta":"","header-above-stick-meta":"","header-main-stick-meta":"","header-below-stick-meta":"","astra-migrate-meta-layouts":"default","ast-page-background-enabled":"default","ast-page-background-meta":{"desktop":{"background-color":"","background-image":"","background-repeat":"repeat","background-position":"center center","background-size":"auto","background-attachment":"scroll","background-type":"","background-media":"","overlay-type":"","overlay-color":"","overlay-opacity":"","overlay-gradient":""},"tablet":{"background-color":"","background-image":"","background-repeat":"repeat","background-position":"center center","background-size":"auto","background-attachment":"scroll","background-type":"","background-media":"","overlay-type":"","overlay-color":"","overlay-opacity":"","overlay-gradient":""},"mobile":{"background-color":"","background-image":"","background-repeat":"repeat","background-position":"center center","background-size":"auto","background-attachment":"scroll","background-type":"","background-media":"","overlay-type":"","overlay-color":"","overlay-opacity":"","overlay-gradient":""}},"ast-content-background-meta":{"desktop":{"background-color":"var(--ast-global-color-4)","background-image":"","background-repeat":"repeat","background-position":"center center","background-size":"auto","background-attachment":"scroll","background-type":"","background-media":"","overlay-type":"","overlay-color":"","overlay-opacity":"","overlay-gradient":""},"tablet":{"background-color":"var(--ast-global-color-4)","background-image":"","background-repeat":"repeat","background-position":"center center","background-size":"auto","background-attachment":"scroll","background-type":"","background-media":"","overlay-type":"","overlay-color":"","overlay-opacity":"","overlay-gradient":""},"mobile":{"background-color":"var(--ast-global-color-4)","background-image":"","background-repeat":"repeat","background-position":"center center","background-size":"auto","background-attachment":"scroll","background-type":"","background-media":"","overlay-type":"","overlay-color":"","overlay-opacity":"","overlay-gradient":""}}},"product_brand":[],"product_cat":[15],"product_tag":[8480,8478,8479,6712,7927,3244],"class_list":{"0":"post-21014","1":"product","2":"type-product","3":"status-publish","4":"has-post-thumbnail","6":"product_cat-uncategorized","7":"product_tag-ekspertize","8":"product_tag-ona-danute-dambrauskaite","9":"product_tag-petras-danisevicius-nusikaltimai","10":"product_tag-teisesauga","11":"product_tag-terminai","12":"product_tag-tyrimas","13":"desktop-align-left","14":"tablet-align-left","15":"mobile-align-left","17":"first","18":"outofstock","19":"shipping-taxable","20":"purchasable","21":"product-type-simple"},"acf":[],"yoast_head":"<!-- This site is optimized with the Yoast SEO plugin v27.0 - https:\/\/yoast.com\/product\/yoast-seo-wordpress\/ -->\n<title>Kriminalisto \u017einynas<\/title>\n<meta name=\"description\" content=\"I\u0161ai\u0161kinant nusikaltimus b\u016btina tinkamai apra\u0161yti \u012fvairius objektus, u\u017efiksuoti j\u0173 b\u016bkl\u0119 \u2013 nuo to apra\u0161ymo kokyb\u0117s priklauso kita \u012frodomoji informacija.\" \/>\n<meta name=\"robots\" content=\"index, follow, max-snippet:-1, max-image-preview:large, max-video-preview:-1\" \/>\n<link rel=\"canonical\" href=\"https:\/\/skaitytaknyga.lt\/en\/produktas\/kriminalisto-zinynas\/\" \/>\n<meta property=\"og:locale\" content=\"en_GB\" \/>\n<meta property=\"og:locale:alternate\" content=\"lt_LT\" \/>\n<meta property=\"og:type\" content=\"article\" \/>\n<meta property=\"og:title\" content=\"Kriminalisto \u017einynas\" \/>\n<meta property=\"og:description\" content=\"I\u0161ai\u0161kinant nusikaltimus b\u016btina tinkamai apra\u0161yti \u012fvairius objektus, u\u017efiksuoti j\u0173 b\u016bkl\u0119 \u2013 nuo to apra\u0161ymo kokyb\u0117s priklauso kita \u012frodomoji informacija.\" \/>\n<meta property=\"og:url\" content=\"https:\/\/skaitytaknyga.lt\/en\/produktas\/kriminalisto-zinynas\/\" \/>\n<meta property=\"og:site_name\" content=\"Skaitytaknyga\" \/>\n<meta property=\"article:publisher\" content=\"https:\/\/www.facebook.com\/skaitytaknyga\/\" \/>\n<meta property=\"article:modified_time\" content=\"2026-01-27T19:20:14+00:00\" \/>\n<meta property=\"og:image\" content=\"https:\/\/skaitytaknyga.lt\/wp-content\/uploads\/2025\/09\/Kriminalisto-zinynas-1.webp\" \/>\n\t<meta property=\"og:image:width\" content=\"300\" \/>\n\t<meta property=\"og:image:height\" content=\"445\" \/>\n\t<meta property=\"og:image:type\" content=\"image\/webp\" \/>\n<meta name=\"twitter:card\" content=\"summary_large_image\" \/>\n<meta name=\"twitter:label1\" content=\"Estimated reading time\" \/>\n\t<meta name=\"twitter:data1\" content=\"1 minute\" \/>\n<script type=\"application\/ld+json\" class=\"yoast-schema-graph\">{\"@context\":\"https:\/\/schema.org\",\"@graph\":[{\"@type\":\"WebPage\",\"@id\":\"https:\/\/skaitytaknyga.lt\/produktas\/kriminalisto-zinynas\/\",\"url\":\"https:\/\/skaitytaknyga.lt\/produktas\/kriminalisto-zinynas\/\",\"name\":\"Kriminalisto \u017einynas\",\"isPartOf\":{\"@id\":\"https:\/\/skaitytaknyga.lt\/#website\"},\"primaryImageOfPage\":{\"@id\":\"https:\/\/skaitytaknyga.lt\/produktas\/kriminalisto-zinynas\/#primaryimage\"},\"image\":{\"@id\":\"https:\/\/skaitytaknyga.lt\/produktas\/kriminalisto-zinynas\/#primaryimage\"},\"thumbnailUrl\":\"https:\/\/skaitytaknyga.lt\/wp-content\/uploads\/2025\/09\/Kriminalisto-zinynas-1.webp\",\"datePublished\":\"2025-09-27T16:25:12+00:00\",\"dateModified\":\"2026-01-27T19:20:14+00:00\",\"description\":\"I\u0161ai\u0161kinant nusikaltimus b\u016btina tinkamai apra\u0161yti \u012fvairius objektus, u\u017efiksuoti j\u0173 b\u016bkl\u0119 \u2013 nuo to apra\u0161ymo kokyb\u0117s priklauso kita \u012frodomoji informacija.\",\"breadcrumb\":{\"@id\":\"https:\/\/skaitytaknyga.lt\/produktas\/kriminalisto-zinynas\/#breadcrumb\"},\"inLanguage\":\"en-GB\",\"potentialAction\":[{\"@type\":\"ReadAction\",\"target\":[\"https:\/\/skaitytaknyga.lt\/produktas\/kriminalisto-zinynas\/\"]}]},{\"@type\":\"ImageObject\",\"inLanguage\":\"en-GB\",\"@id\":\"https:\/\/skaitytaknyga.lt\/produktas\/kriminalisto-zinynas\/#primaryimage\",\"url\":\"https:\/\/skaitytaknyga.lt\/wp-content\/uploads\/2025\/09\/Kriminalisto-zinynas-1.webp\",\"contentUrl\":\"https:\/\/skaitytaknyga.lt\/wp-content\/uploads\/2025\/09\/Kriminalisto-zinynas-1.webp\",\"width\":300,\"height\":445},{\"@type\":\"BreadcrumbList\",\"@id\":\"https:\/\/skaitytaknyga.lt\/produktas\/kriminalisto-zinynas\/#breadcrumb\",\"itemListElement\":[{\"@type\":\"ListItem\",\"position\":1,\"name\":\"Home\",\"item\":\"https:\/\/skaitytaknyga.lt\/\"},{\"@type\":\"ListItem\",\"position\":2,\"name\":\"Parduotuv\u0117\",\"item\":\"https:\/\/skaitytaknyga.lt\/knygu-parduotuve\/\"},{\"@type\":\"ListItem\",\"position\":3,\"name\":\"Kriminalisto \u017einynas\"}]},{\"@type\":\"WebSite\",\"@id\":\"https:\/\/skaitytaknyga.lt\/#website\",\"url\":\"https:\/\/skaitytaknyga.lt\/\",\"name\":\"skaitytaknyga.lt\",\"description\":\"Skaitytaknyga.lt \u2013 tai ma\u017eas \u0161eimos verslas, kuris prasid\u0117jo nuo meil\u0117s knygoms ir siekio i\u0161gelb\u0117ti knygas nuo likimo prie konteinerio. Kas vienam nereikalingas daiktas \u2013 kitam lobis, o mes esame tarpininkai, kurie padeda abiems tapti laimingesniems ???? \u017dinome kaip nelengva i\u0161gyventi ma\u017eiems verslams, tad nuo \u0161iol, \u010dia rasite ir kit\u0173, ma\u017e\u0173 \u0161eim\u0173 versl\u0173, rank\u0173 darbo, dovan\u0173 sau ir artimiesiems.\",\"publisher\":{\"@id\":\"https:\/\/skaitytaknyga.lt\/#organization\"},\"potentialAction\":[{\"@type\":\"SearchAction\",\"target\":{\"@type\":\"EntryPoint\",\"urlTemplate\":\"https:\/\/skaitytaknyga.lt\/?s={search_term_string}\"},\"query-input\":{\"@type\":\"PropertyValueSpecification\",\"valueRequired\":true,\"valueName\":\"search_term_string\"}}],\"inLanguage\":\"en-GB\"},{\"@type\":\"Organization\",\"@id\":\"https:\/\/skaitytaknyga.lt\/#organization\",\"name\":\"skaitytaknyga.lt\",\"url\":\"https:\/\/skaitytaknyga.lt\/\",\"logo\":{\"@type\":\"ImageObject\",\"inLanguage\":\"en-GB\",\"@id\":\"https:\/\/skaitytaknyga.lt\/#\/schema\/logo\/image\/\",\"url\":\"https:\/\/skaitytaknyga.lt\/wp-content\/uploads\/2024\/05\/cropped-cropped-cropped-02_00843_jt3bggkj1j3HLc7SyY6rEUpg.jpeg\",\"contentUrl\":\"https:\/\/skaitytaknyga.lt\/wp-content\/uploads\/2024\/05\/cropped-cropped-cropped-02_00843_jt3bggkj1j3HLc7SyY6rEUpg.jpeg\",\"width\":1600,\"height\":1600,\"caption\":\"skaitytaknyga.lt\"},\"image\":{\"@id\":\"https:\/\/skaitytaknyga.lt\/#\/schema\/logo\/image\/\"},\"sameAs\":[\"https:\/\/www.facebook.com\/skaitytaknyga\/\"]}]}<\/script>\n<!-- \/ Yoast SEO plugin. -->","yoast_head_json":{"title":"Kriminalisto \u017einynas","description":"I\u0161ai\u0161kinant nusikaltimus b\u016btina tinkamai apra\u0161yti \u012fvairius objektus, u\u017efiksuoti j\u0173 b\u016bkl\u0119 \u2013 nuo to apra\u0161ymo kokyb\u0117s priklauso kita \u012frodomoji informacija.","robots":{"index":"index","follow":"follow","max-snippet":"max-snippet:-1","max-image-preview":"max-image-preview:large","max-video-preview":"max-video-preview:-1"},"canonical":"https:\/\/skaitytaknyga.lt\/en\/produktas\/kriminalisto-zinynas\/","og_locale":"en_GB","og_type":"article","og_title":"[:lt]Kriminalisto \u017einynas[:] - Skaitytaknyga","og_description":"I\u0161ai\u0161kinant nusikaltimus b\u016btina tinkamai apra\u0161yti \u012fvairius objektus, u\u017efiksuoti j\u0173 b\u016bkl\u0119 \u2013 nuo to apra\u0161ymo kokyb\u0117s priklauso kita \u012frodomoji informacija.","og_url":"https:\/\/skaitytaknyga.lt\/en\/produktas\/kriminalisto-zinynas\/","og_site_name":"Skaitytaknyga","article_publisher":"https:\/\/www.facebook.com\/skaitytaknyga\/","article_modified_time":"2026-01-27T19:20:14+00:00","og_image":[{"width":300,"height":445,"url":"https:\/\/skaitytaknyga.lt\/wp-content\/uploads\/2025\/09\/Kriminalisto-zinynas-1.webp","type":"image\/webp"}],"twitter_card":"summary_large_image","twitter_misc":{"Estimated reading time":"1 minute"},"schema":{"@context":"https:\/\/schema.org","@graph":[{"@type":"WebPage","@id":"https:\/\/skaitytaknyga.lt\/produktas\/kriminalisto-zinynas\/","url":"https:\/\/skaitytaknyga.lt\/produktas\/kriminalisto-zinynas\/","name":"Kriminalisto \u017einynas","isPartOf":{"@id":"https:\/\/skaitytaknyga.lt\/#website"},"primaryImageOfPage":{"@id":"https:\/\/skaitytaknyga.lt\/produktas\/kriminalisto-zinynas\/#primaryimage"},"image":{"@id":"https:\/\/skaitytaknyga.lt\/produktas\/kriminalisto-zinynas\/#primaryimage"},"thumbnailUrl":"https:\/\/skaitytaknyga.lt\/wp-content\/uploads\/2025\/09\/Kriminalisto-zinynas-1.webp","datePublished":"2025-09-27T16:25:12+00:00","dateModified":"2026-01-27T19:20:14+00:00","description":"I\u0161ai\u0161kinant nusikaltimus b\u016btina tinkamai apra\u0161yti \u012fvairius objektus, u\u017efiksuoti j\u0173 b\u016bkl\u0119 \u2013 nuo to apra\u0161ymo kokyb\u0117s priklauso kita \u012frodomoji informacija.","breadcrumb":{"@id":"https:\/\/skaitytaknyga.lt\/produktas\/kriminalisto-zinynas\/#breadcrumb"},"inLanguage":"en-GB","potentialAction":[{"@type":"ReadAction","target":["https:\/\/skaitytaknyga.lt\/produktas\/kriminalisto-zinynas\/"]}]},{"@type":"ImageObject","inLanguage":"en-GB","@id":"https:\/\/skaitytaknyga.lt\/produktas\/kriminalisto-zinynas\/#primaryimage","url":"https:\/\/skaitytaknyga.lt\/wp-content\/uploads\/2025\/09\/Kriminalisto-zinynas-1.webp","contentUrl":"https:\/\/skaitytaknyga.lt\/wp-content\/uploads\/2025\/09\/Kriminalisto-zinynas-1.webp","width":300,"height":445},{"@type":"BreadcrumbList","@id":"https:\/\/skaitytaknyga.lt\/produktas\/kriminalisto-zinynas\/#breadcrumb","itemListElement":[{"@type":"ListItem","position":1,"name":"Home","item":"https:\/\/skaitytaknyga.lt\/"},{"@type":"ListItem","position":2,"name":"Parduotuv\u0117","item":"https:\/\/skaitytaknyga.lt\/knygu-parduotuve\/"},{"@type":"ListItem","position":3,"name":"Kriminalisto \u017einynas"}]},{"@type":"WebSite","@id":"https:\/\/skaitytaknyga.lt\/#website","url":"https:\/\/skaitytaknyga.lt\/","name":"skaitytaknyga.lt","description":"Skaitytaknyga.lt \u2013 tai ma\u017eas \u0161eimos verslas, kuris prasid\u0117jo nuo meil\u0117s knygoms ir siekio i\u0161gelb\u0117ti knygas nuo likimo prie konteinerio. Kas vienam nereikalingas daiktas \u2013 kitam lobis, o mes esame tarpininkai, kurie padeda abiems tapti laimingesniems ???? \u017dinome kaip nelengva i\u0161gyventi ma\u017eiems verslams, tad nuo \u0161iol, \u010dia rasite ir kit\u0173, ma\u017e\u0173 \u0161eim\u0173 versl\u0173, rank\u0173 darbo, dovan\u0173 sau ir artimiesiems.","publisher":{"@id":"https:\/\/skaitytaknyga.lt\/#organization"},"potentialAction":[{"@type":"SearchAction","target":{"@type":"EntryPoint","urlTemplate":"https:\/\/skaitytaknyga.lt\/?s={search_term_string}"},"query-input":{"@type":"PropertyValueSpecification","valueRequired":true,"valueName":"search_term_string"}}],"inLanguage":"en-GB"},{"@type":"Organization","@id":"https:\/\/skaitytaknyga.lt\/#organization","name":"skaitytaknyga.lt","url":"https:\/\/skaitytaknyga.lt\/","logo":{"@type":"ImageObject","inLanguage":"en-GB","@id":"https:\/\/skaitytaknyga.lt\/#\/schema\/logo\/image\/","url":"https:\/\/skaitytaknyga.lt\/wp-content\/uploads\/2024\/05\/cropped-cropped-cropped-02_00843_jt3bggkj1j3HLc7SyY6rEUpg.jpeg","contentUrl":"https:\/\/skaitytaknyga.lt\/wp-content\/uploads\/2024\/05\/cropped-cropped-cropped-02_00843_jt3bggkj1j3HLc7SyY6rEUpg.jpeg","width":1600,"height":1600,"caption":"skaitytaknyga.lt"},"image":{"@id":"https:\/\/skaitytaknyga.lt\/#\/schema\/logo\/image\/"},"sameAs":["https:\/\/www.facebook.com\/skaitytaknyga\/"]}]}},"_links":{"self":[{"href":"https:\/\/skaitytaknyga.lt\/en\/wp-json\/wp\/v2\/product\/21014","targetHints":{"allow":["GET"]}}],"collection":[{"href":"https:\/\/skaitytaknyga.lt\/en\/wp-json\/wp\/v2\/product"}],"about":[{"href":"https:\/\/skaitytaknyga.lt\/en\/wp-json\/wp\/v2\/types\/product"}],"replies":[{"embeddable":true,"href":"https:\/\/skaitytaknyga.lt\/en\/wp-json\/wp\/v2\/comments?post=21014"}],"wp:featuredmedia":[{"embeddable":true,"href":"https:\/\/skaitytaknyga.lt\/en\/wp-json\/wp\/v2\/media\/21020"}],"wp:attachment":[{"href":"https:\/\/skaitytaknyga.lt\/en\/wp-json\/wp\/v2\/media?parent=21014"}],"wp:term":[{"taxonomy":"product_brand","embeddable":true,"href":"https:\/\/skaitytaknyga.lt\/en\/wp-json\/wp\/v2\/product_brand?post=21014"},{"taxonomy":"product_cat","embeddable":true,"href":"https:\/\/skaitytaknyga.lt\/en\/wp-json\/wp\/v2\/product_cat?post=21014"},{"taxonomy":"product_tag","embeddable":true,"href":"https:\/\/skaitytaknyga.lt\/en\/wp-json\/wp\/v2\/product_tag?post=21014"}],"curies":[{"name":"wp","href":"https:\/\/api.w.org\/{rel}","templated":true}]}}