{"id":21013,"date":"2025-09-27T19:25:12","date_gmt":"2025-09-27T16:25:12","guid":{"rendered":"https:\/\/skaitytaknyga.lt\/?post_type=product&#038;p=21013"},"modified":"2026-02-26T10:10:28","modified_gmt":"2026-02-26T08:10:28","slug":"krikscioniskoji-ikonografija-antika-ir-viduramziai","status":"publish","type":"product","link":"https:\/\/skaitytaknyga.lt\/en\/produktas\/krikscioniskoji-ikonografija-antika-ir-viduramziai\/","title":{"rendered":"Krik\u0161\u010dioni\u0161koji ikonografija: Antika ir Viduram\u017eiai"},"content":{"rendered":"<p>\u0160i knyga &#8211; puiki krik\u0161\u010dioni\u0161kosios ikonografijos raidos ap\u017evalga. T\u016bkstantis met\u0173 &#8211; krik\u0161\u010dioni\u0161koji Antika ir Viduriniai am\u017eiai pasirodo kaip menini\u0173 atradim\u0173 prisodrintos epochos. Vaizd\u0173 ir siu\u017eet\u0173 interpretacija, j\u0173 kaita bei s\u0105ry\u0161iai aptariami remiantis itin gausia med\u017eiaga. Daugiau nei 250 iliustracij\u0173 tekst\u0105 daro suprantam\u0105 ir prakti\u0161k\u0105. Tai nepamainomas vadovas po senosios krik\u0161\u010dionyb\u0117s dvasin\u012f pasaul\u012f.<\/p>\n","protected":false},"excerpt":{"rendered":"<p>\u0160i knyga &#8211; puiki krik\u0161\u010dioni\u0161kosios ikonografijos raidos ap\u017evalga. T\u016bkstantis met\u0173 &#8211; krik\u0161\u010dioni\u0161koji Antika ir Viduriniai am\u017eiai pasirodo kaip menini\u0173 atradim\u0173 prisodrintos epochos. Vaizd\u0173 ir siu\u017eet\u0173 interpretacija, j\u0173 kaita bei s\u0105ry\u0161iai aptariami remiantis itin gausia med\u017eiaga. Daugiau nei 250 iliustracij\u0173 tekst\u0105 daro suprantam\u0105 ir prakti\u0161k\u0105. Tai nepamainomas vadovas po senosios krik\u0161\u010dionyb\u0117s dvasin\u012f pasaul\u012f.<\/p>\n","protected":false},"featured_media":21019,"comment_status":"open","ping_status":"closed","template":"","meta":{"_acf_changed":false,"site-sidebar-layout":"default","site-content-layout":"","ast-site-content-layout":"default","site-content-style":"default","site-sidebar-style":"default","ast-global-header-display":"","ast-banner-title-visibility":"","ast-main-header-display":"","ast-hfb-above-header-display":"","ast-hfb-below-header-display":"","ast-hfb-mobile-header-display":"","site-post-title":"","ast-breadcrumbs-content":"","ast-featured-img":"","footer-sml-layout":"","ast-disable-related-posts":"","theme-transparent-header-meta":"","adv-header-id-meta":"","stick-header-meta":"","header-above-stick-meta":"","header-main-stick-meta":"","header-below-stick-meta":"","astra-migrate-meta-layouts":"default","ast-page-background-enabled":"default","ast-page-background-meta":{"desktop":{"background-color":"","background-image":"","background-repeat":"repeat","background-position":"center center","background-size":"auto","background-attachment":"scroll","background-type":"","background-media":"","overlay-type":"","overlay-color":"","overlay-opacity":"","overlay-gradient":""},"tablet":{"background-color":"","background-image":"","background-repeat":"repeat","background-position":"center center","background-size":"auto","background-attachment":"scroll","background-type":"","background-media":"","overlay-type":"","overlay-color":"","overlay-opacity":"","overlay-gradient":""},"mobile":{"background-color":"","background-image":"","background-repeat":"repeat","background-position":"center center","background-size":"auto","background-attachment":"scroll","background-type":"","background-media":"","overlay-type":"","overlay-color":"","overlay-opacity":"","overlay-gradient":""}},"ast-content-background-meta":{"desktop":{"background-color":"var(--ast-global-color-4)","background-image":"","background-repeat":"repeat","background-position":"center center","background-size":"auto","background-attachment":"scroll","background-type":"","background-media":"","overlay-type":"","overlay-color":"","overlay-opacity":"","overlay-gradient":""},"tablet":{"background-color":"var(--ast-global-color-4)","background-image":"","background-repeat":"repeat","background-position":"center center","background-size":"auto","background-attachment":"scroll","background-type":"","background-media":"","overlay-type":"","overlay-color":"","overlay-opacity":"","overlay-gradient":""},"mobile":{"background-color":"var(--ast-global-color-4)","background-image":"","background-repeat":"repeat","background-position":"center center","background-size":"auto","background-attachment":"scroll","background-type":"","background-media":"","overlay-type":"","overlay-color":"","overlay-opacity":"","overlay-gradient":""}}},"product_brand":[],"product_cat":[165],"product_tag":[8477,3274,1982,3052,3040],"class_list":{"0":"post-21013","1":"product","2":"type-product","3":"status-publish","4":"has-post-thumbnail","6":"product_cat-religija-filosofija-ir-ezoterika","7":"product_tag-andre-grabar-krikscioniskoji-ikonografija","8":"product_tag-antika","9":"product_tag-iliustracijos","10":"product_tag-menas","11":"product_tag-viduramziai","12":"desktop-align-left","13":"tablet-align-left","14":"mobile-align-left","16":"first","17":"outofstock","18":"shipping-taxable","19":"purchasable","20":"product-type-simple"},"acf":[],"yoast_head":"<!-- This site is optimized with the Yoast SEO plugin v27.0 - https:\/\/yoast.com\/product\/yoast-seo-wordpress\/ -->\n<title>Krik\u0161\u010dioni\u0161koji ikonografija: Antika ir Viduram\u017eiai<\/title>\n<meta name=\"description\" content=\"\u0160i knyga - puiki krik\u0161\u010dioni\u0161kosios ikonografijos raidos ap\u017evalga. T\u016bkstantis met\u0173 - krik\u0161\u010dioni\u0161koji Antika ir Viduriniai am\u017eiai pasirodo kaip menini\u0173\" \/>\n<meta name=\"robots\" content=\"index, follow, max-snippet:-1, max-image-preview:large, max-video-preview:-1\" \/>\n<link rel=\"canonical\" href=\"https:\/\/skaitytaknyga.lt\/en\/produktas\/krikscioniskoji-ikonografija-antika-ir-viduramziai\/\" \/>\n<meta property=\"og:locale\" content=\"en_GB\" \/>\n<meta property=\"og:locale:alternate\" content=\"lt_LT\" \/>\n<meta property=\"og:type\" content=\"article\" \/>\n<meta property=\"og:title\" content=\"Krik\u0161\u010dioni\u0161koji ikonografija: Antika ir Viduram\u017eiai\" \/>\n<meta property=\"og:description\" content=\"\u0160i knyga - puiki krik\u0161\u010dioni\u0161kosios ikonografijos raidos ap\u017evalga. T\u016bkstantis met\u0173 - krik\u0161\u010dioni\u0161koji Antika ir Viduriniai am\u017eiai pasirodo kaip menini\u0173\" \/>\n<meta property=\"og:url\" content=\"https:\/\/skaitytaknyga.lt\/en\/produktas\/krikscioniskoji-ikonografija-antika-ir-viduramziai\/\" \/>\n<meta property=\"og:site_name\" content=\"Skaitytaknyga\" \/>\n<meta property=\"article:publisher\" content=\"https:\/\/www.facebook.com\/skaitytaknyga\/\" \/>\n<meta property=\"article:modified_time\" content=\"2026-02-26T08:10:28+00:00\" \/>\n<meta property=\"og:image\" content=\"https:\/\/skaitytaknyga.lt\/wp-content\/uploads\/2025\/09\/Krikscioniskoji-ikonografija-Antika-ir-Viduramziai-1.webp\" \/>\n\t<meta property=\"og:image:width\" content=\"300\" \/>\n\t<meta property=\"og:image:height\" content=\"474\" \/>\n\t<meta property=\"og:image:type\" content=\"image\/webp\" \/>\n<meta name=\"twitter:card\" content=\"summary_large_image\" \/>\n<script type=\"application\/ld+json\" class=\"yoast-schema-graph\">{\"@context\":\"https:\/\/schema.org\",\"@graph\":[{\"@type\":\"WebPage\",\"@id\":\"https:\/\/skaitytaknyga.lt\/produktas\/krikscioniskoji-ikonografija-antika-ir-viduramziai\/\",\"url\":\"https:\/\/skaitytaknyga.lt\/produktas\/krikscioniskoji-ikonografija-antika-ir-viduramziai\/\",\"name\":\"Krik\u0161\u010dioni\u0161koji ikonografija: Antika ir Viduram\u017eiai\",\"isPartOf\":{\"@id\":\"https:\/\/skaitytaknyga.lt\/#website\"},\"primaryImageOfPage\":{\"@id\":\"https:\/\/skaitytaknyga.lt\/produktas\/krikscioniskoji-ikonografija-antika-ir-viduramziai\/#primaryimage\"},\"image\":{\"@id\":\"https:\/\/skaitytaknyga.lt\/produktas\/krikscioniskoji-ikonografija-antika-ir-viduramziai\/#primaryimage\"},\"thumbnailUrl\":\"https:\/\/skaitytaknyga.lt\/wp-content\/uploads\/2025\/09\/Krikscioniskoji-ikonografija-Antika-ir-Viduramziai-1.webp\",\"datePublished\":\"2025-09-27T16:25:12+00:00\",\"dateModified\":\"2026-02-26T08:10:28+00:00\",\"description\":\"\u0160i knyga - puiki krik\u0161\u010dioni\u0161kosios ikonografijos raidos ap\u017evalga. T\u016bkstantis met\u0173 - krik\u0161\u010dioni\u0161koji Antika ir Viduriniai am\u017eiai pasirodo kaip menini\u0173\",\"breadcrumb\":{\"@id\":\"https:\/\/skaitytaknyga.lt\/produktas\/krikscioniskoji-ikonografija-antika-ir-viduramziai\/#breadcrumb\"},\"inLanguage\":\"en-GB\",\"potentialAction\":[{\"@type\":\"ReadAction\",\"target\":[\"https:\/\/skaitytaknyga.lt\/produktas\/krikscioniskoji-ikonografija-antika-ir-viduramziai\/\"]}]},{\"@type\":\"ImageObject\",\"inLanguage\":\"en-GB\",\"@id\":\"https:\/\/skaitytaknyga.lt\/produktas\/krikscioniskoji-ikonografija-antika-ir-viduramziai\/#primaryimage\",\"url\":\"https:\/\/skaitytaknyga.lt\/wp-content\/uploads\/2025\/09\/Krikscioniskoji-ikonografija-Antika-ir-Viduramziai-1.webp\",\"contentUrl\":\"https:\/\/skaitytaknyga.lt\/wp-content\/uploads\/2025\/09\/Krikscioniskoji-ikonografija-Antika-ir-Viduramziai-1.webp\",\"width\":300,\"height\":474},{\"@type\":\"BreadcrumbList\",\"@id\":\"https:\/\/skaitytaknyga.lt\/produktas\/krikscioniskoji-ikonografija-antika-ir-viduramziai\/#breadcrumb\",\"itemListElement\":[{\"@type\":\"ListItem\",\"position\":1,\"name\":\"Home\",\"item\":\"https:\/\/skaitytaknyga.lt\/\"},{\"@type\":\"ListItem\",\"position\":2,\"name\":\"Parduotuv\u0117\",\"item\":\"https:\/\/skaitytaknyga.lt\/knygu-parduotuve\/\"},{\"@type\":\"ListItem\",\"position\":3,\"name\":\"Krik\u0161\u010dioni\u0161koji ikonografija: Antika ir Viduram\u017eiai\"}]},{\"@type\":\"WebSite\",\"@id\":\"https:\/\/skaitytaknyga.lt\/#website\",\"url\":\"https:\/\/skaitytaknyga.lt\/\",\"name\":\"skaitytaknyga.lt\",\"description\":\"Skaitytaknyga.lt \u2013 tai ma\u017eas \u0161eimos verslas, kuris prasid\u0117jo nuo meil\u0117s knygoms ir siekio i\u0161gelb\u0117ti knygas nuo likimo prie konteinerio. Kas vienam nereikalingas daiktas \u2013 kitam lobis, o mes esame tarpininkai, kurie padeda abiems tapti laimingesniems ???? \u017dinome kaip nelengva i\u0161gyventi ma\u017eiems verslams, tad nuo \u0161iol, \u010dia rasite ir kit\u0173, ma\u017e\u0173 \u0161eim\u0173 versl\u0173, rank\u0173 darbo, dovan\u0173 sau ir artimiesiems.\",\"publisher\":{\"@id\":\"https:\/\/skaitytaknyga.lt\/#organization\"},\"potentialAction\":[{\"@type\":\"SearchAction\",\"target\":{\"@type\":\"EntryPoint\",\"urlTemplate\":\"https:\/\/skaitytaknyga.lt\/?s={search_term_string}\"},\"query-input\":{\"@type\":\"PropertyValueSpecification\",\"valueRequired\":true,\"valueName\":\"search_term_string\"}}],\"inLanguage\":\"en-GB\"},{\"@type\":\"Organization\",\"@id\":\"https:\/\/skaitytaknyga.lt\/#organization\",\"name\":\"skaitytaknyga.lt\",\"url\":\"https:\/\/skaitytaknyga.lt\/\",\"logo\":{\"@type\":\"ImageObject\",\"inLanguage\":\"en-GB\",\"@id\":\"https:\/\/skaitytaknyga.lt\/#\/schema\/logo\/image\/\",\"url\":\"https:\/\/skaitytaknyga.lt\/wp-content\/uploads\/2024\/05\/cropped-cropped-cropped-02_00843_jt3bggkj1j3HLc7SyY6rEUpg.jpeg\",\"contentUrl\":\"https:\/\/skaitytaknyga.lt\/wp-content\/uploads\/2024\/05\/cropped-cropped-cropped-02_00843_jt3bggkj1j3HLc7SyY6rEUpg.jpeg\",\"width\":1600,\"height\":1600,\"caption\":\"skaitytaknyga.lt\"},\"image\":{\"@id\":\"https:\/\/skaitytaknyga.lt\/#\/schema\/logo\/image\/\"},\"sameAs\":[\"https:\/\/www.facebook.com\/skaitytaknyga\/\"]}]}<\/script>\n<!-- \/ Yoast SEO plugin. -->","yoast_head_json":{"title":"Krik\u0161\u010dioni\u0161koji ikonografija: Antika ir Viduram\u017eiai","description":"\u0160i knyga - puiki krik\u0161\u010dioni\u0161kosios ikonografijos raidos ap\u017evalga. T\u016bkstantis met\u0173 - krik\u0161\u010dioni\u0161koji Antika ir Viduriniai am\u017eiai pasirodo kaip menini\u0173","robots":{"index":"index","follow":"follow","max-snippet":"max-snippet:-1","max-image-preview":"max-image-preview:large","max-video-preview":"max-video-preview:-1"},"canonical":"https:\/\/skaitytaknyga.lt\/en\/produktas\/krikscioniskoji-ikonografija-antika-ir-viduramziai\/","og_locale":"en_GB","og_type":"article","og_title":"[:lt]Krik\u0161\u010dioni\u0161koji ikonografija: Antika ir Viduram\u017eiai[:] - Skaitytaknyga","og_description":"\u0160i knyga - puiki krik\u0161\u010dioni\u0161kosios ikonografijos raidos ap\u017evalga. T\u016bkstantis met\u0173 - krik\u0161\u010dioni\u0161koji Antika ir Viduriniai am\u017eiai pasirodo kaip menini\u0173","og_url":"https:\/\/skaitytaknyga.lt\/en\/produktas\/krikscioniskoji-ikonografija-antika-ir-viduramziai\/","og_site_name":"Skaitytaknyga","article_publisher":"https:\/\/www.facebook.com\/skaitytaknyga\/","article_modified_time":"2026-02-26T08:10:28+00:00","og_image":[{"width":300,"height":474,"url":"https:\/\/skaitytaknyga.lt\/wp-content\/uploads\/2025\/09\/Krikscioniskoji-ikonografija-Antika-ir-Viduramziai-1.webp","type":"image\/webp"}],"twitter_card":"summary_large_image","schema":{"@context":"https:\/\/schema.org","@graph":[{"@type":"WebPage","@id":"https:\/\/skaitytaknyga.lt\/produktas\/krikscioniskoji-ikonografija-antika-ir-viduramziai\/","url":"https:\/\/skaitytaknyga.lt\/produktas\/krikscioniskoji-ikonografija-antika-ir-viduramziai\/","name":"Krik\u0161\u010dioni\u0161koji ikonografija: Antika ir Viduram\u017eiai","isPartOf":{"@id":"https:\/\/skaitytaknyga.lt\/#website"},"primaryImageOfPage":{"@id":"https:\/\/skaitytaknyga.lt\/produktas\/krikscioniskoji-ikonografija-antika-ir-viduramziai\/#primaryimage"},"image":{"@id":"https:\/\/skaitytaknyga.lt\/produktas\/krikscioniskoji-ikonografija-antika-ir-viduramziai\/#primaryimage"},"thumbnailUrl":"https:\/\/skaitytaknyga.lt\/wp-content\/uploads\/2025\/09\/Krikscioniskoji-ikonografija-Antika-ir-Viduramziai-1.webp","datePublished":"2025-09-27T16:25:12+00:00","dateModified":"2026-02-26T08:10:28+00:00","description":"\u0160i knyga - puiki krik\u0161\u010dioni\u0161kosios ikonografijos raidos ap\u017evalga. T\u016bkstantis met\u0173 - krik\u0161\u010dioni\u0161koji Antika ir Viduriniai am\u017eiai pasirodo kaip menini\u0173","breadcrumb":{"@id":"https:\/\/skaitytaknyga.lt\/produktas\/krikscioniskoji-ikonografija-antika-ir-viduramziai\/#breadcrumb"},"inLanguage":"en-GB","potentialAction":[{"@type":"ReadAction","target":["https:\/\/skaitytaknyga.lt\/produktas\/krikscioniskoji-ikonografija-antika-ir-viduramziai\/"]}]},{"@type":"ImageObject","inLanguage":"en-GB","@id":"https:\/\/skaitytaknyga.lt\/produktas\/krikscioniskoji-ikonografija-antika-ir-viduramziai\/#primaryimage","url":"https:\/\/skaitytaknyga.lt\/wp-content\/uploads\/2025\/09\/Krikscioniskoji-ikonografija-Antika-ir-Viduramziai-1.webp","contentUrl":"https:\/\/skaitytaknyga.lt\/wp-content\/uploads\/2025\/09\/Krikscioniskoji-ikonografija-Antika-ir-Viduramziai-1.webp","width":300,"height":474},{"@type":"BreadcrumbList","@id":"https:\/\/skaitytaknyga.lt\/produktas\/krikscioniskoji-ikonografija-antika-ir-viduramziai\/#breadcrumb","itemListElement":[{"@type":"ListItem","position":1,"name":"Home","item":"https:\/\/skaitytaknyga.lt\/"},{"@type":"ListItem","position":2,"name":"Parduotuv\u0117","item":"https:\/\/skaitytaknyga.lt\/knygu-parduotuve\/"},{"@type":"ListItem","position":3,"name":"Krik\u0161\u010dioni\u0161koji ikonografija: Antika ir Viduram\u017eiai"}]},{"@type":"WebSite","@id":"https:\/\/skaitytaknyga.lt\/#website","url":"https:\/\/skaitytaknyga.lt\/","name":"skaitytaknyga.lt","description":"Skaitytaknyga.lt \u2013 tai ma\u017eas \u0161eimos verslas, kuris prasid\u0117jo nuo meil\u0117s knygoms ir siekio i\u0161gelb\u0117ti knygas nuo likimo prie konteinerio. Kas vienam nereikalingas daiktas \u2013 kitam lobis, o mes esame tarpininkai, kurie padeda abiems tapti laimingesniems ???? \u017dinome kaip nelengva i\u0161gyventi ma\u017eiems verslams, tad nuo \u0161iol, \u010dia rasite ir kit\u0173, ma\u017e\u0173 \u0161eim\u0173 versl\u0173, rank\u0173 darbo, dovan\u0173 sau ir artimiesiems.","publisher":{"@id":"https:\/\/skaitytaknyga.lt\/#organization"},"potentialAction":[{"@type":"SearchAction","target":{"@type":"EntryPoint","urlTemplate":"https:\/\/skaitytaknyga.lt\/?s={search_term_string}"},"query-input":{"@type":"PropertyValueSpecification","valueRequired":true,"valueName":"search_term_string"}}],"inLanguage":"en-GB"},{"@type":"Organization","@id":"https:\/\/skaitytaknyga.lt\/#organization","name":"skaitytaknyga.lt","url":"https:\/\/skaitytaknyga.lt\/","logo":{"@type":"ImageObject","inLanguage":"en-GB","@id":"https:\/\/skaitytaknyga.lt\/#\/schema\/logo\/image\/","url":"https:\/\/skaitytaknyga.lt\/wp-content\/uploads\/2024\/05\/cropped-cropped-cropped-02_00843_jt3bggkj1j3HLc7SyY6rEUpg.jpeg","contentUrl":"https:\/\/skaitytaknyga.lt\/wp-content\/uploads\/2024\/05\/cropped-cropped-cropped-02_00843_jt3bggkj1j3HLc7SyY6rEUpg.jpeg","width":1600,"height":1600,"caption":"skaitytaknyga.lt"},"image":{"@id":"https:\/\/skaitytaknyga.lt\/#\/schema\/logo\/image\/"},"sameAs":["https:\/\/www.facebook.com\/skaitytaknyga\/"]}]}},"_links":{"self":[{"href":"https:\/\/skaitytaknyga.lt\/en\/wp-json\/wp\/v2\/product\/21013","targetHints":{"allow":["GET"]}}],"collection":[{"href":"https:\/\/skaitytaknyga.lt\/en\/wp-json\/wp\/v2\/product"}],"about":[{"href":"https:\/\/skaitytaknyga.lt\/en\/wp-json\/wp\/v2\/types\/product"}],"replies":[{"embeddable":true,"href":"https:\/\/skaitytaknyga.lt\/en\/wp-json\/wp\/v2\/comments?post=21013"}],"wp:featuredmedia":[{"embeddable":true,"href":"https:\/\/skaitytaknyga.lt\/en\/wp-json\/wp\/v2\/media\/21019"}],"wp:attachment":[{"href":"https:\/\/skaitytaknyga.lt\/en\/wp-json\/wp\/v2\/media?parent=21013"}],"wp:term":[{"taxonomy":"product_brand","embeddable":true,"href":"https:\/\/skaitytaknyga.lt\/en\/wp-json\/wp\/v2\/product_brand?post=21013"},{"taxonomy":"product_cat","embeddable":true,"href":"https:\/\/skaitytaknyga.lt\/en\/wp-json\/wp\/v2\/product_cat?post=21013"},{"taxonomy":"product_tag","embeddable":true,"href":"https:\/\/skaitytaknyga.lt\/en\/wp-json\/wp\/v2\/product_tag?post=21013"}],"curies":[{"name":"wp","href":"https:\/\/api.w.org\/{rel}","templated":true}]}}