{"id":21012,"date":"2025-09-27T19:25:12","date_gmt":"2025-09-27T16:25:12","guid":{"rendered":"https:\/\/skaitytaknyga.lt\/?post_type=product&#038;p=21012"},"modified":"2026-03-05T13:09:05","modified_gmt":"2026-03-05T11:09:05","slug":"snipu-palikimas","status":"publish","type":"product","link":"https:\/\/skaitytaknyga.lt\/en\/produktas\/snipu-palikimas\/","title":{"rendered":"\u0160nip\u0173 palikimas"},"content":{"rendered":"<p>Did\u017eiosios Britanijos Slaptosios \u017evalgybos tarnybos veteranas Piteris Gijomas, i\u0161tikimas intelektualiojo D\u017eord\u017eo Smailio kolega ir mokinys, leid\u017eia savo u\u017etarnauto poilsio dienas \u0161eimos \u016bkyje Pranc\u016bzijoje, Piet\u0173 Bretan\u0117je, ta\u010diau netik\u0117tai i\u0161 Londono ateina lai\u0161kas, kuriame jis kvie\u010diamas kuo skubiau prisistatyti \u012f savo sen\u0105j\u0105 Tarnyb\u0105. Kas nutiko? Pasirodo, atgijusios \u0160altojo karo praeities \u0161m\u0117klos k\u0117sinasi jam gerokai sujaukti gyvenim\u0105: naujoji karta, apie Berlyno sienos laikus nutuokianti tik i\u0161 pasakojim\u0173, yra pasi\u0161ovusi po kaulel\u012f i\u0161narstyti kadaise Tarnybos vykdyt\u0173 slap\u010diausi\u0173 operacij\u0173 aplinkybes ir nustatyti, kas atsakingas u\u017e anuomet didesnio g\u0117rio labui praliet\u0105 nekalt\u0173 \u017emoni\u0173 krauj\u0105&#8230;<\/p>\n<p>Pindamas praeities ir dabarties \u012fvykius \u012f vientis\u0105 visum\u0105 autorius subtiliai kuria kvap\u0105 gniau\u017eiant\u012f, itin tikrovi\u0161kai slapt\u0173j\u0173 tarnyb\u0173 darbo ypatumus atskleid\u017eiant\u012f, netik\u0117\u010diausi\u0173 vingi\u0173 ir be galo ry\u0161ki\u0173 persona\u017e\u0173 kupin\u0105 pasakojim\u0105. Apgaul\u0117 \u010dia \u017eengia koja kojon su meile ir pasitik\u0117jimu, o moralin\u0117s dilemos neatsiejamos nuo likimo grimas\u0173.<\/p>\n","protected":false},"excerpt":{"rendered":"<p>Did\u017eiosios Britanijos Slaptosios \u017evalgybos tarnybos veteranas Piteris Gijomas, i\u0161tikimas intelektualiojo D\u017eord\u017eo Smailio kolega ir mokinys, leid\u017eia savo u\u017etarnauto poilsio dienas \u0161eimos \u016bkyje Pranc\u016bzijoje, Piet\u0173 Bretan\u0117je, ta\u010diau netik\u0117tai i\u0161 Londono ateina lai\u0161kas, kuriame jis kvie\u010diamas kuo skubiau prisistatyti \u012f savo sen\u0105j\u0105 Tarnyb\u0105. Kas nutiko? Pasirodo, atgijusios \u0160altojo karo praeities \u0161m\u0117klos k\u0117sinasi jam gerokai sujaukti gyvenim\u0105: naujoji karta, apie Berlyno sienos laikus nutuokianti tik i\u0161 pasakojim\u0173, yra pasi\u0161ovusi po kaulel\u012f i\u0161narstyti kadaise Tarnybos vykdyt\u0173 slap\u010diausi\u0173 operacij\u0173 aplinkybes ir nustatyti, kas atsakingas u\u017e anuomet didesnio g\u0117rio labui praliet\u0105 nekalt\u0173 \u017emoni\u0173 krauj\u0105&#8230; Pindamas praeities ir dabarties \u012fvykius \u012f vientis\u0105 visum\u0105 autorius subtiliai kuria kvap\u0105 gniau\u017eiant\u012f, itin tikrovi\u0161kai slapt\u0173j\u0173 tarnyb\u0173 darbo ypatumus atskleid\u017eiant\u012f, netik\u0117\u010diausi\u0173 vingi\u0173 ir be galo ry\u0161ki\u0173 persona\u017e\u0173 kupin\u0105 pasakojim\u0105. Apgaul\u0117 \u010dia \u017eengia koja kojon su meile ir pasitik\u0117jimu, o moralin\u0117s dilemos neatsiejamos nuo likimo grimas\u0173.<\/p>\n","protected":false},"featured_media":21018,"comment_status":"open","ping_status":"closed","template":"","meta":{"_acf_changed":false,"site-sidebar-layout":"default","site-content-layout":"","ast-site-content-layout":"default","site-content-style":"default","site-sidebar-style":"default","ast-global-header-display":"","ast-banner-title-visibility":"","ast-main-header-display":"","ast-hfb-above-header-display":"","ast-hfb-below-header-display":"","ast-hfb-mobile-header-display":"","site-post-title":"","ast-breadcrumbs-content":"","ast-featured-img":"","footer-sml-layout":"","ast-disable-related-posts":"","theme-transparent-header-meta":"","adv-header-id-meta":"","stick-header-meta":"","header-above-stick-meta":"","header-main-stick-meta":"","header-below-stick-meta":"","astra-migrate-meta-layouts":"default","ast-page-background-enabled":"default","ast-page-background-meta":{"desktop":{"background-color":"","background-image":"","background-repeat":"repeat","background-position":"center center","background-size":"auto","background-attachment":"scroll","background-type":"","background-media":"","overlay-type":"","overlay-color":"","overlay-opacity":"","overlay-gradient":""},"tablet":{"background-color":"","background-image":"","background-repeat":"repeat","background-position":"center center","background-size":"auto","background-attachment":"scroll","background-type":"","background-media":"","overlay-type":"","overlay-color":"","overlay-opacity":"","overlay-gradient":""},"mobile":{"background-color":"","background-image":"","background-repeat":"repeat","background-position":"center center","background-size":"auto","background-attachment":"scroll","background-type":"","background-media":"","overlay-type":"","overlay-color":"","overlay-opacity":"","overlay-gradient":""}},"ast-content-background-meta":{"desktop":{"background-color":"var(--ast-global-color-4)","background-image":"","background-repeat":"repeat","background-position":"center center","background-size":"auto","background-attachment":"scroll","background-type":"","background-media":"","overlay-type":"","overlay-color":"","overlay-opacity":"","overlay-gradient":""},"tablet":{"background-color":"var(--ast-global-color-4)","background-image":"","background-repeat":"repeat","background-position":"center center","background-size":"auto","background-attachment":"scroll","background-type":"","background-media":"","overlay-type":"","overlay-color":"","overlay-opacity":"","overlay-gradient":""},"mobile":{"background-color":"var(--ast-global-color-4)","background-image":"","background-repeat":"repeat","background-position":"center center","background-size":"auto","background-attachment":"scroll","background-type":"","background-media":"","overlay-type":"","overlay-color":"","overlay-opacity":"","overlay-gradient":""}}},"product_brand":[],"product_cat":[9580],"product_tag":[8476,8469,8473,8475,8474],"class_list":{"0":"post-21012","1":"product","2":"type-product","3":"status-publish","4":"has-post-thumbnail","6":"product_cat-psichologiniai-detektyvai","7":"product_tag-britu-zvalgyba","8":"product_tag-john-le-carre-snipinejimas","9":"product_tag-saltasis-karas","10":"product_tag-slapti-ivykiai","11":"product_tag-tarnyba","12":"desktop-align-left","13":"tablet-align-left","14":"mobile-align-left","16":"first","17":"instock","18":"shipping-taxable","19":"purchasable","20":"product-type-simple"},"acf":[],"yoast_head":"<!-- This site is optimized with the Yoast SEO plugin v27.0 - https:\/\/yoast.com\/product\/yoast-seo-wordpress\/ -->\n<title>\u0160nip\u0173 palikimas<\/title>\n<meta name=\"description\" content=\"Did\u017eiosios Britanijos Slaptosios \u017evalgybos tarnybos veteranas Piteris Gijomas, i\u0161tikimas intelektualiojo D\u017eord\u017eo Smailio kolega ir mokinys, leid\u017eia savo\" \/>\n<meta name=\"robots\" content=\"index, follow, max-snippet:-1, max-image-preview:large, max-video-preview:-1\" \/>\n<link rel=\"canonical\" href=\"https:\/\/skaitytaknyga.lt\/en\/produktas\/snipu-palikimas\/\" \/>\n<meta property=\"og:locale\" content=\"en_GB\" \/>\n<meta property=\"og:locale:alternate\" content=\"lt_LT\" \/>\n<meta property=\"og:type\" content=\"article\" \/>\n<meta property=\"og:title\" content=\"\u0160nip\u0173 palikimas\" \/>\n<meta property=\"og:description\" content=\"Did\u017eiosios Britanijos Slaptosios \u017evalgybos tarnybos veteranas Piteris Gijomas, i\u0161tikimas intelektualiojo D\u017eord\u017eo Smailio kolega ir mokinys, leid\u017eia savo\" \/>\n<meta property=\"og:url\" content=\"https:\/\/skaitytaknyga.lt\/en\/produktas\/snipu-palikimas\/\" \/>\n<meta property=\"og:site_name\" content=\"Skaitytaknyga\" \/>\n<meta property=\"article:publisher\" content=\"https:\/\/www.facebook.com\/skaitytaknyga\/\" \/>\n<meta property=\"article:modified_time\" content=\"2026-03-05T11:09:05+00:00\" \/>\n<meta property=\"og:image\" content=\"https:\/\/skaitytaknyga.lt\/wp-content\/uploads\/2025\/09\/Snipu-palikimas-1.webp\" \/>\n\t<meta property=\"og:image:width\" content=\"319\" \/>\n\t<meta property=\"og:image:height\" content=\"499\" \/>\n\t<meta property=\"og:image:type\" content=\"image\/webp\" \/>\n<meta name=\"twitter:card\" content=\"summary_large_image\" \/>\n<meta name=\"twitter:label1\" content=\"Estimated reading time\" \/>\n\t<meta name=\"twitter:data1\" content=\"1 minute\" \/>\n<script type=\"application\/ld+json\" class=\"yoast-schema-graph\">{\"@context\":\"https:\/\/schema.org\",\"@graph\":[{\"@type\":\"WebPage\",\"@id\":\"https:\/\/skaitytaknyga.lt\/produktas\/snipu-palikimas\/\",\"url\":\"https:\/\/skaitytaknyga.lt\/produktas\/snipu-palikimas\/\",\"name\":\"\u0160nip\u0173 palikimas\",\"isPartOf\":{\"@id\":\"https:\/\/skaitytaknyga.lt\/#website\"},\"primaryImageOfPage\":{\"@id\":\"https:\/\/skaitytaknyga.lt\/produktas\/snipu-palikimas\/#primaryimage\"},\"image\":{\"@id\":\"https:\/\/skaitytaknyga.lt\/produktas\/snipu-palikimas\/#primaryimage\"},\"thumbnailUrl\":\"https:\/\/skaitytaknyga.lt\/wp-content\/uploads\/2025\/09\/Snipu-palikimas-1.webp\",\"datePublished\":\"2025-09-27T16:25:12+00:00\",\"dateModified\":\"2026-03-05T11:09:05+00:00\",\"description\":\"Did\u017eiosios Britanijos Slaptosios \u017evalgybos tarnybos veteranas Piteris Gijomas, i\u0161tikimas intelektualiojo D\u017eord\u017eo Smailio kolega ir mokinys, leid\u017eia savo\",\"breadcrumb\":{\"@id\":\"https:\/\/skaitytaknyga.lt\/produktas\/snipu-palikimas\/#breadcrumb\"},\"inLanguage\":\"en-GB\",\"potentialAction\":[{\"@type\":\"ReadAction\",\"target\":[\"https:\/\/skaitytaknyga.lt\/produktas\/snipu-palikimas\/\"]}]},{\"@type\":\"ImageObject\",\"inLanguage\":\"en-GB\",\"@id\":\"https:\/\/skaitytaknyga.lt\/produktas\/snipu-palikimas\/#primaryimage\",\"url\":\"https:\/\/skaitytaknyga.lt\/wp-content\/uploads\/2025\/09\/Snipu-palikimas-1.webp\",\"contentUrl\":\"https:\/\/skaitytaknyga.lt\/wp-content\/uploads\/2025\/09\/Snipu-palikimas-1.webp\",\"width\":319,\"height\":499},{\"@type\":\"BreadcrumbList\",\"@id\":\"https:\/\/skaitytaknyga.lt\/produktas\/snipu-palikimas\/#breadcrumb\",\"itemListElement\":[{\"@type\":\"ListItem\",\"position\":1,\"name\":\"Home\",\"item\":\"https:\/\/skaitytaknyga.lt\/\"},{\"@type\":\"ListItem\",\"position\":2,\"name\":\"Parduotuv\u0117\",\"item\":\"https:\/\/skaitytaknyga.lt\/knygu-parduotuve\/\"},{\"@type\":\"ListItem\",\"position\":3,\"name\":\"\u0160nip\u0173 palikimas\"}]},{\"@type\":\"WebSite\",\"@id\":\"https:\/\/skaitytaknyga.lt\/#website\",\"url\":\"https:\/\/skaitytaknyga.lt\/\",\"name\":\"skaitytaknyga.lt\",\"description\":\"Skaitytaknyga.lt \u2013 tai ma\u017eas \u0161eimos verslas, kuris prasid\u0117jo nuo meil\u0117s knygoms ir siekio i\u0161gelb\u0117ti knygas nuo likimo prie konteinerio. Kas vienam nereikalingas daiktas \u2013 kitam lobis, o mes esame tarpininkai, kurie padeda abiems tapti laimingesniems ???? \u017dinome kaip nelengva i\u0161gyventi ma\u017eiems verslams, tad nuo \u0161iol, \u010dia rasite ir kit\u0173, ma\u017e\u0173 \u0161eim\u0173 versl\u0173, rank\u0173 darbo, dovan\u0173 sau ir artimiesiems.\",\"publisher\":{\"@id\":\"https:\/\/skaitytaknyga.lt\/#organization\"},\"potentialAction\":[{\"@type\":\"SearchAction\",\"target\":{\"@type\":\"EntryPoint\",\"urlTemplate\":\"https:\/\/skaitytaknyga.lt\/?s={search_term_string}\"},\"query-input\":{\"@type\":\"PropertyValueSpecification\",\"valueRequired\":true,\"valueName\":\"search_term_string\"}}],\"inLanguage\":\"en-GB\"},{\"@type\":\"Organization\",\"@id\":\"https:\/\/skaitytaknyga.lt\/#organization\",\"name\":\"skaitytaknyga.lt\",\"url\":\"https:\/\/skaitytaknyga.lt\/\",\"logo\":{\"@type\":\"ImageObject\",\"inLanguage\":\"en-GB\",\"@id\":\"https:\/\/skaitytaknyga.lt\/#\/schema\/logo\/image\/\",\"url\":\"https:\/\/skaitytaknyga.lt\/wp-content\/uploads\/2024\/05\/cropped-cropped-cropped-02_00843_jt3bggkj1j3HLc7SyY6rEUpg.jpeg\",\"contentUrl\":\"https:\/\/skaitytaknyga.lt\/wp-content\/uploads\/2024\/05\/cropped-cropped-cropped-02_00843_jt3bggkj1j3HLc7SyY6rEUpg.jpeg\",\"width\":1600,\"height\":1600,\"caption\":\"skaitytaknyga.lt\"},\"image\":{\"@id\":\"https:\/\/skaitytaknyga.lt\/#\/schema\/logo\/image\/\"},\"sameAs\":[\"https:\/\/www.facebook.com\/skaitytaknyga\/\"]}]}<\/script>\n<!-- \/ Yoast SEO plugin. -->","yoast_head_json":{"title":"\u0160nip\u0173 palikimas","description":"Did\u017eiosios Britanijos Slaptosios \u017evalgybos tarnybos veteranas Piteris Gijomas, i\u0161tikimas intelektualiojo D\u017eord\u017eo Smailio kolega ir mokinys, leid\u017eia savo","robots":{"index":"index","follow":"follow","max-snippet":"max-snippet:-1","max-image-preview":"max-image-preview:large","max-video-preview":"max-video-preview:-1"},"canonical":"https:\/\/skaitytaknyga.lt\/en\/produktas\/snipu-palikimas\/","og_locale":"en_GB","og_type":"article","og_title":"[:lt]\u0160nip\u0173 palikimas[:] - Skaitytaknyga","og_description":"Did\u017eiosios Britanijos Slaptosios \u017evalgybos tarnybos veteranas Piteris Gijomas, i\u0161tikimas intelektualiojo D\u017eord\u017eo Smailio kolega ir mokinys, leid\u017eia savo","og_url":"https:\/\/skaitytaknyga.lt\/en\/produktas\/snipu-palikimas\/","og_site_name":"Skaitytaknyga","article_publisher":"https:\/\/www.facebook.com\/skaitytaknyga\/","article_modified_time":"2026-03-05T11:09:05+00:00","og_image":[{"width":319,"height":499,"url":"https:\/\/skaitytaknyga.lt\/wp-content\/uploads\/2025\/09\/Snipu-palikimas-1.webp","type":"image\/webp"}],"twitter_card":"summary_large_image","twitter_misc":{"Estimated reading time":"1 minute"},"schema":{"@context":"https:\/\/schema.org","@graph":[{"@type":"WebPage","@id":"https:\/\/skaitytaknyga.lt\/produktas\/snipu-palikimas\/","url":"https:\/\/skaitytaknyga.lt\/produktas\/snipu-palikimas\/","name":"\u0160nip\u0173 palikimas","isPartOf":{"@id":"https:\/\/skaitytaknyga.lt\/#website"},"primaryImageOfPage":{"@id":"https:\/\/skaitytaknyga.lt\/produktas\/snipu-palikimas\/#primaryimage"},"image":{"@id":"https:\/\/skaitytaknyga.lt\/produktas\/snipu-palikimas\/#primaryimage"},"thumbnailUrl":"https:\/\/skaitytaknyga.lt\/wp-content\/uploads\/2025\/09\/Snipu-palikimas-1.webp","datePublished":"2025-09-27T16:25:12+00:00","dateModified":"2026-03-05T11:09:05+00:00","description":"Did\u017eiosios Britanijos Slaptosios \u017evalgybos tarnybos veteranas Piteris Gijomas, i\u0161tikimas intelektualiojo D\u017eord\u017eo Smailio kolega ir mokinys, leid\u017eia savo","breadcrumb":{"@id":"https:\/\/skaitytaknyga.lt\/produktas\/snipu-palikimas\/#breadcrumb"},"inLanguage":"en-GB","potentialAction":[{"@type":"ReadAction","target":["https:\/\/skaitytaknyga.lt\/produktas\/snipu-palikimas\/"]}]},{"@type":"ImageObject","inLanguage":"en-GB","@id":"https:\/\/skaitytaknyga.lt\/produktas\/snipu-palikimas\/#primaryimage","url":"https:\/\/skaitytaknyga.lt\/wp-content\/uploads\/2025\/09\/Snipu-palikimas-1.webp","contentUrl":"https:\/\/skaitytaknyga.lt\/wp-content\/uploads\/2025\/09\/Snipu-palikimas-1.webp","width":319,"height":499},{"@type":"BreadcrumbList","@id":"https:\/\/skaitytaknyga.lt\/produktas\/snipu-palikimas\/#breadcrumb","itemListElement":[{"@type":"ListItem","position":1,"name":"Home","item":"https:\/\/skaitytaknyga.lt\/"},{"@type":"ListItem","position":2,"name":"Parduotuv\u0117","item":"https:\/\/skaitytaknyga.lt\/knygu-parduotuve\/"},{"@type":"ListItem","position":3,"name":"\u0160nip\u0173 palikimas"}]},{"@type":"WebSite","@id":"https:\/\/skaitytaknyga.lt\/#website","url":"https:\/\/skaitytaknyga.lt\/","name":"skaitytaknyga.lt","description":"Skaitytaknyga.lt \u2013 tai ma\u017eas \u0161eimos verslas, kuris prasid\u0117jo nuo meil\u0117s knygoms ir siekio i\u0161gelb\u0117ti knygas nuo likimo prie konteinerio. Kas vienam nereikalingas daiktas \u2013 kitam lobis, o mes esame tarpininkai, kurie padeda abiems tapti laimingesniems ???? \u017dinome kaip nelengva i\u0161gyventi ma\u017eiems verslams, tad nuo \u0161iol, \u010dia rasite ir kit\u0173, ma\u017e\u0173 \u0161eim\u0173 versl\u0173, rank\u0173 darbo, dovan\u0173 sau ir artimiesiems.","publisher":{"@id":"https:\/\/skaitytaknyga.lt\/#organization"},"potentialAction":[{"@type":"SearchAction","target":{"@type":"EntryPoint","urlTemplate":"https:\/\/skaitytaknyga.lt\/?s={search_term_string}"},"query-input":{"@type":"PropertyValueSpecification","valueRequired":true,"valueName":"search_term_string"}}],"inLanguage":"en-GB"},{"@type":"Organization","@id":"https:\/\/skaitytaknyga.lt\/#organization","name":"skaitytaknyga.lt","url":"https:\/\/skaitytaknyga.lt\/","logo":{"@type":"ImageObject","inLanguage":"en-GB","@id":"https:\/\/skaitytaknyga.lt\/#\/schema\/logo\/image\/","url":"https:\/\/skaitytaknyga.lt\/wp-content\/uploads\/2024\/05\/cropped-cropped-cropped-02_00843_jt3bggkj1j3HLc7SyY6rEUpg.jpeg","contentUrl":"https:\/\/skaitytaknyga.lt\/wp-content\/uploads\/2024\/05\/cropped-cropped-cropped-02_00843_jt3bggkj1j3HLc7SyY6rEUpg.jpeg","width":1600,"height":1600,"caption":"skaitytaknyga.lt"},"image":{"@id":"https:\/\/skaitytaknyga.lt\/#\/schema\/logo\/image\/"},"sameAs":["https:\/\/www.facebook.com\/skaitytaknyga\/"]}]}},"_links":{"self":[{"href":"https:\/\/skaitytaknyga.lt\/en\/wp-json\/wp\/v2\/product\/21012","targetHints":{"allow":["GET"]}}],"collection":[{"href":"https:\/\/skaitytaknyga.lt\/en\/wp-json\/wp\/v2\/product"}],"about":[{"href":"https:\/\/skaitytaknyga.lt\/en\/wp-json\/wp\/v2\/types\/product"}],"replies":[{"embeddable":true,"href":"https:\/\/skaitytaknyga.lt\/en\/wp-json\/wp\/v2\/comments?post=21012"}],"wp:featuredmedia":[{"embeddable":true,"href":"https:\/\/skaitytaknyga.lt\/en\/wp-json\/wp\/v2\/media\/21018"}],"wp:attachment":[{"href":"https:\/\/skaitytaknyga.lt\/en\/wp-json\/wp\/v2\/media?parent=21012"}],"wp:term":[{"taxonomy":"product_brand","embeddable":true,"href":"https:\/\/skaitytaknyga.lt\/en\/wp-json\/wp\/v2\/product_brand?post=21012"},{"taxonomy":"product_cat","embeddable":true,"href":"https:\/\/skaitytaknyga.lt\/en\/wp-json\/wp\/v2\/product_cat?post=21012"},{"taxonomy":"product_tag","embeddable":true,"href":"https:\/\/skaitytaknyga.lt\/en\/wp-json\/wp\/v2\/product_tag?post=21012"}],"curies":[{"name":"wp","href":"https:\/\/api.w.org\/{rel}","templated":true}]}}