{"id":21011,"date":"2025-09-27T19:25:12","date_gmt":"2025-09-27T16:25:12","guid":{"rendered":"https:\/\/skaitytaknyga.lt\/?post_type=product&#038;p=21011"},"modified":"2026-03-05T13:08:56","modified_gmt":"2026-03-05T11:08:56","slug":"po-priedanga","status":"publish","type":"product","link":"https:\/\/skaitytaknyga.lt\/en\/produktas\/po-priedanga\/","title":{"rendered":"Po priedanga"},"content":{"rendered":"<p>47-eri\u0173 Natas, Did\u017eiosios Britanijos slaptosios \u017evalgybos tarnybos veteranas, \u012fsitikin\u0119s, kad jo kaip \u017evalgybininko karjera eina \u012f pabaig\u0105. Pagaliau jis namie \u2013 Londone. Vis d\u0117lto steb\u0117dama vis did\u0117jan\u010di\u0105 Maskvos \u201eCentro&#8221; gr\u0117sm\u0119, Nato vadovyb\u0117 paskiria jam dar vien\u0105 u\u017eduot\u012f. Jis tur\u0117s imtis vadovauti \u201ePrieglobs\u010diui&#8221;, vegetuojan\u010diam Londone \u012fsik\u016brusiam \u017evalgybos padaliniui, kuris vienija b\u016br\u012f toli gra\u017eu ne geriausios reputacijos ir kvalifikacijos agent\u0173. Vienintelis vilties teikiantis spindul\u0117lis \u0161ioje komandoje \u2013 jaunoji agent\u0117 Florens\u0117, jau sp\u0117jusi atkreipti d\u0117mes\u012f \u012f tarnybos Rusijos departament\u0105 ir \u012f vien\u0105 su Rusija susijus\u012f Ukrainos oligarch\u0105.<\/p>\n<p>Natas \u2013 ne tik \u017evalgybininkas, bet ir aistringas badmintono \u017eaid\u0117jas. Nuolatinis jo korto prie\u0161ininkas pirmadieni\u0173 vakarais \u2013 perpus u\u017e j\u012f jaunesnis, \u012f savistab\u0105 link\u0119s vieni\u0161ius Edas. Pastarasis negali pak\u0119sti breksito, Donaldo Trumpo ir savo darbo vienoje i\u0161 besieli\u0173 naujien\u0173 agent\u016br\u0173. Ir i\u0161 vis\u0173, atrodyt\u0173, tam ma\u017eiausiai tinkam\u0173 \u017emoni\u0173 kaip tik Edas paskatins Florens\u0119 ir Nat\u0105 pasukti pra\u017e\u016btingu politin\u0117s neapykantos keliu, atvesian\u010diu juos visus \u012f pinkles.<\/p>\n","protected":false},"excerpt":{"rendered":"<p>47-eri\u0173 Natas, Did\u017eiosios Britanijos slaptosios \u017evalgybos tarnybos veteranas, \u012fsitikin\u0119s, kad jo kaip \u017evalgybininko karjera eina \u012f pabaig\u0105. Pagaliau jis namie \u2013 Londone. Vis d\u0117lto steb\u0117dama vis did\u0117jan\u010di\u0105 Maskvos \u201eCentro&#8221; gr\u0117sm\u0119, Nato vadovyb\u0117 paskiria jam dar vien\u0105 u\u017eduot\u012f. Jis tur\u0117s imtis vadovauti \u201ePrieglobs\u010diui&#8221;, vegetuojan\u010diam Londone \u012fsik\u016brusiam \u017evalgybos padaliniui, kuris vienija b\u016br\u012f toli gra\u017eu ne geriausios reputacijos ir kvalifikacijos agent\u0173. Vienintelis vilties teikiantis spindul\u0117lis \u0161ioje komandoje \u2013 jaunoji agent\u0117 Florens\u0117, jau sp\u0117jusi atkreipti d\u0117mes\u012f \u012f tarnybos Rusijos departament\u0105 ir \u012f vien\u0105 su Rusija susijus\u012f Ukrainos oligarch\u0105. Natas \u2013 ne tik \u017evalgybininkas, bet ir aistringas badmintono \u017eaid\u0117jas. Nuolatinis jo korto prie\u0161ininkas pirmadieni\u0173 vakarais \u2013 perpus u\u017e j\u012f jaunesnis, \u012f savistab\u0105 link\u0119s vieni\u0161ius Edas. Pastarasis negali pak\u0119sti breksito, Donaldo Trumpo ir savo darbo vienoje i\u0161 besieli\u0173 naujien\u0173 agent\u016br\u0173. Ir i\u0161 vis\u0173, atrodyt\u0173, tam ma\u017eiausiai tinkam\u0173 \u017emoni\u0173 kaip tik Edas paskatins Florens\u0119 ir Nat\u0105 pasukti pra\u017e\u016btingu politin\u0117s neapykantos keliu, atvesian\u010diu juos visus \u012f pinkles.<\/p>\n","protected":false},"featured_media":21017,"comment_status":"open","ping_status":"closed","template":"","meta":{"_acf_changed":false,"site-sidebar-layout":"default","site-content-layout":"","ast-site-content-layout":"default","site-content-style":"default","site-sidebar-style":"default","ast-global-header-display":"","ast-banner-title-visibility":"","ast-main-header-display":"","ast-hfb-above-header-display":"","ast-hfb-below-header-display":"","ast-hfb-mobile-header-display":"","site-post-title":"","ast-breadcrumbs-content":"","ast-featured-img":"","footer-sml-layout":"","ast-disable-related-posts":"","theme-transparent-header-meta":"","adv-header-id-meta":"","stick-header-meta":"","header-above-stick-meta":"","header-main-stick-meta":"","header-below-stick-meta":"","astra-migrate-meta-layouts":"default","ast-page-background-enabled":"default","ast-page-background-meta":{"desktop":{"background-color":"","background-image":"","background-repeat":"repeat","background-position":"center center","background-size":"auto","background-attachment":"scroll","background-type":"","background-media":"","overlay-type":"","overlay-color":"","overlay-opacity":"","overlay-gradient":""},"tablet":{"background-color":"","background-image":"","background-repeat":"repeat","background-position":"center center","background-size":"auto","background-attachment":"scroll","background-type":"","background-media":"","overlay-type":"","overlay-color":"","overlay-opacity":"","overlay-gradient":""},"mobile":{"background-color":"","background-image":"","background-repeat":"repeat","background-position":"center center","background-size":"auto","background-attachment":"scroll","background-type":"","background-media":"","overlay-type":"","overlay-color":"","overlay-opacity":"","overlay-gradient":""}},"ast-content-background-meta":{"desktop":{"background-color":"var(--ast-global-color-4)","background-image":"","background-repeat":"repeat","background-position":"center center","background-size":"auto","background-attachment":"scroll","background-type":"","background-media":"","overlay-type":"","overlay-color":"","overlay-opacity":"","overlay-gradient":""},"tablet":{"background-color":"var(--ast-global-color-4)","background-image":"","background-repeat":"repeat","background-position":"center center","background-size":"auto","background-attachment":"scroll","background-type":"","background-media":"","overlay-type":"","overlay-color":"","overlay-opacity":"","overlay-gradient":""},"mobile":{"background-color":"var(--ast-global-color-4)","background-image":"","background-repeat":"repeat","background-position":"center center","background-size":"auto","background-attachment":"scroll","background-type":"","background-media":"","overlay-type":"","overlay-color":"","overlay-opacity":"","overlay-gradient":""}}},"product_brand":[],"product_cat":[9580],"product_tag":[8469,8471,2448,8470,8472],"class_list":{"0":"post-21011","1":"product","2":"type-product","3":"status-publish","4":"has-post-thumbnail","6":"product_cat-psichologiniai-detektyvai","7":"product_tag-john-le-carre-snipinejimas","8":"product_tag-politine-intriga","9":"product_tag-rusija","10":"product_tag-slapta-tarnyba","11":"product_tag-ukrainos-oligarchai","12":"desktop-align-left","13":"tablet-align-left","14":"mobile-align-left","16":"first","17":"instock","18":"shipping-taxable","19":"purchasable","20":"product-type-simple"},"acf":[],"yoast_head":"<!-- This site is optimized with the Yoast SEO plugin v27.0 - https:\/\/yoast.com\/product\/yoast-seo-wordpress\/ -->\n<title>Po priedanga<\/title>\n<meta name=\"description\" content=\"47-eri\u0173 Natas, Did\u017eiosios Britanijos slaptosios \u017evalgybos tarnybos veteranas, \u012fsitikin\u0119s, kad jo kaip \u017evalgybininko karjera eina \u012f pabaig\u0105. Pagaliau jis\" \/>\n<meta name=\"robots\" content=\"index, follow, max-snippet:-1, max-image-preview:large, max-video-preview:-1\" \/>\n<link rel=\"canonical\" href=\"https:\/\/skaitytaknyga.lt\/en\/produktas\/po-priedanga\/\" \/>\n<meta property=\"og:locale\" content=\"en_GB\" \/>\n<meta property=\"og:locale:alternate\" content=\"lt_LT\" \/>\n<meta property=\"og:type\" content=\"article\" \/>\n<meta property=\"og:title\" content=\"Po priedanga\" \/>\n<meta property=\"og:description\" content=\"47-eri\u0173 Natas, Did\u017eiosios Britanijos slaptosios \u017evalgybos tarnybos veteranas, \u012fsitikin\u0119s, kad jo kaip \u017evalgybininko karjera eina \u012f pabaig\u0105. Pagaliau jis\" \/>\n<meta property=\"og:url\" content=\"https:\/\/skaitytaknyga.lt\/en\/produktas\/po-priedanga\/\" \/>\n<meta property=\"og:site_name\" content=\"Skaitytaknyga\" \/>\n<meta property=\"article:publisher\" content=\"https:\/\/www.facebook.com\/skaitytaknyga\/\" \/>\n<meta property=\"article:modified_time\" content=\"2026-03-05T11:08:56+00:00\" \/>\n<meta property=\"og:image\" content=\"https:\/\/skaitytaknyga.lt\/wp-content\/uploads\/2025\/09\/Po-priedanga-1.webp\" \/>\n\t<meta property=\"og:image:width\" content=\"300\" \/>\n\t<meta property=\"og:image:height\" content=\"450\" \/>\n\t<meta property=\"og:image:type\" content=\"image\/webp\" \/>\n<meta name=\"twitter:card\" content=\"summary_large_image\" \/>\n<meta name=\"twitter:label1\" content=\"Estimated reading time\" \/>\n\t<meta name=\"twitter:data1\" content=\"1 minute\" \/>\n<script type=\"application\/ld+json\" class=\"yoast-schema-graph\">{\"@context\":\"https:\/\/schema.org\",\"@graph\":[{\"@type\":\"WebPage\",\"@id\":\"https:\/\/skaitytaknyga.lt\/produktas\/po-priedanga\/\",\"url\":\"https:\/\/skaitytaknyga.lt\/produktas\/po-priedanga\/\",\"name\":\"Po priedanga\",\"isPartOf\":{\"@id\":\"https:\/\/skaitytaknyga.lt\/#website\"},\"primaryImageOfPage\":{\"@id\":\"https:\/\/skaitytaknyga.lt\/produktas\/po-priedanga\/#primaryimage\"},\"image\":{\"@id\":\"https:\/\/skaitytaknyga.lt\/produktas\/po-priedanga\/#primaryimage\"},\"thumbnailUrl\":\"https:\/\/skaitytaknyga.lt\/wp-content\/uploads\/2025\/09\/Po-priedanga-1.webp\",\"datePublished\":\"2025-09-27T16:25:12+00:00\",\"dateModified\":\"2026-03-05T11:08:56+00:00\",\"description\":\"47-eri\u0173 Natas, Did\u017eiosios Britanijos slaptosios \u017evalgybos tarnybos veteranas, \u012fsitikin\u0119s, kad jo kaip \u017evalgybininko karjera eina \u012f pabaig\u0105. Pagaliau jis\",\"breadcrumb\":{\"@id\":\"https:\/\/skaitytaknyga.lt\/produktas\/po-priedanga\/#breadcrumb\"},\"inLanguage\":\"en-GB\",\"potentialAction\":[{\"@type\":\"ReadAction\",\"target\":[\"https:\/\/skaitytaknyga.lt\/produktas\/po-priedanga\/\"]}]},{\"@type\":\"ImageObject\",\"inLanguage\":\"en-GB\",\"@id\":\"https:\/\/skaitytaknyga.lt\/produktas\/po-priedanga\/#primaryimage\",\"url\":\"https:\/\/skaitytaknyga.lt\/wp-content\/uploads\/2025\/09\/Po-priedanga-1.webp\",\"contentUrl\":\"https:\/\/skaitytaknyga.lt\/wp-content\/uploads\/2025\/09\/Po-priedanga-1.webp\",\"width\":300,\"height\":450,\"caption\":\"Po priedanga\"},{\"@type\":\"BreadcrumbList\",\"@id\":\"https:\/\/skaitytaknyga.lt\/produktas\/po-priedanga\/#breadcrumb\",\"itemListElement\":[{\"@type\":\"ListItem\",\"position\":1,\"name\":\"Home\",\"item\":\"https:\/\/skaitytaknyga.lt\/\"},{\"@type\":\"ListItem\",\"position\":2,\"name\":\"Parduotuv\u0117\",\"item\":\"https:\/\/skaitytaknyga.lt\/knygu-parduotuve\/\"},{\"@type\":\"ListItem\",\"position\":3,\"name\":\"Po priedanga\"}]},{\"@type\":\"WebSite\",\"@id\":\"https:\/\/skaitytaknyga.lt\/#website\",\"url\":\"https:\/\/skaitytaknyga.lt\/\",\"name\":\"skaitytaknyga.lt\",\"description\":\"Skaitytaknyga.lt \u2013 tai ma\u017eas \u0161eimos verslas, kuris prasid\u0117jo nuo meil\u0117s knygoms ir siekio i\u0161gelb\u0117ti knygas nuo likimo prie konteinerio. Kas vienam nereikalingas daiktas \u2013 kitam lobis, o mes esame tarpininkai, kurie padeda abiems tapti laimingesniems ???? \u017dinome kaip nelengva i\u0161gyventi ma\u017eiems verslams, tad nuo \u0161iol, \u010dia rasite ir kit\u0173, ma\u017e\u0173 \u0161eim\u0173 versl\u0173, rank\u0173 darbo, dovan\u0173 sau ir artimiesiems.\",\"publisher\":{\"@id\":\"https:\/\/skaitytaknyga.lt\/#organization\"},\"potentialAction\":[{\"@type\":\"SearchAction\",\"target\":{\"@type\":\"EntryPoint\",\"urlTemplate\":\"https:\/\/skaitytaknyga.lt\/?s={search_term_string}\"},\"query-input\":{\"@type\":\"PropertyValueSpecification\",\"valueRequired\":true,\"valueName\":\"search_term_string\"}}],\"inLanguage\":\"en-GB\"},{\"@type\":\"Organization\",\"@id\":\"https:\/\/skaitytaknyga.lt\/#organization\",\"name\":\"skaitytaknyga.lt\",\"url\":\"https:\/\/skaitytaknyga.lt\/\",\"logo\":{\"@type\":\"ImageObject\",\"inLanguage\":\"en-GB\",\"@id\":\"https:\/\/skaitytaknyga.lt\/#\/schema\/logo\/image\/\",\"url\":\"https:\/\/skaitytaknyga.lt\/wp-content\/uploads\/2024\/05\/cropped-cropped-cropped-02_00843_jt3bggkj1j3HLc7SyY6rEUpg.jpeg\",\"contentUrl\":\"https:\/\/skaitytaknyga.lt\/wp-content\/uploads\/2024\/05\/cropped-cropped-cropped-02_00843_jt3bggkj1j3HLc7SyY6rEUpg.jpeg\",\"width\":1600,\"height\":1600,\"caption\":\"skaitytaknyga.lt\"},\"image\":{\"@id\":\"https:\/\/skaitytaknyga.lt\/#\/schema\/logo\/image\/\"},\"sameAs\":[\"https:\/\/www.facebook.com\/skaitytaknyga\/\"]}]}<\/script>\n<!-- \/ Yoast SEO plugin. -->","yoast_head_json":{"title":"Po priedanga","description":"47-eri\u0173 Natas, Did\u017eiosios Britanijos slaptosios \u017evalgybos tarnybos veteranas, \u012fsitikin\u0119s, kad jo kaip \u017evalgybininko karjera eina \u012f pabaig\u0105. Pagaliau jis","robots":{"index":"index","follow":"follow","max-snippet":"max-snippet:-1","max-image-preview":"max-image-preview:large","max-video-preview":"max-video-preview:-1"},"canonical":"https:\/\/skaitytaknyga.lt\/en\/produktas\/po-priedanga\/","og_locale":"en_GB","og_type":"article","og_title":"[:lt]Po priedanga[:] - Skaitytaknyga","og_description":"47-eri\u0173 Natas, Did\u017eiosios Britanijos slaptosios \u017evalgybos tarnybos veteranas, \u012fsitikin\u0119s, kad jo kaip \u017evalgybininko karjera eina \u012f pabaig\u0105. Pagaliau jis","og_url":"https:\/\/skaitytaknyga.lt\/en\/produktas\/po-priedanga\/","og_site_name":"Skaitytaknyga","article_publisher":"https:\/\/www.facebook.com\/skaitytaknyga\/","article_modified_time":"2026-03-05T11:08:56+00:00","og_image":[{"width":300,"height":450,"url":"https:\/\/skaitytaknyga.lt\/wp-content\/uploads\/2025\/09\/Po-priedanga-1.webp","type":"image\/webp"}],"twitter_card":"summary_large_image","twitter_misc":{"Estimated reading time":"1 minute"},"schema":{"@context":"https:\/\/schema.org","@graph":[{"@type":"WebPage","@id":"https:\/\/skaitytaknyga.lt\/produktas\/po-priedanga\/","url":"https:\/\/skaitytaknyga.lt\/produktas\/po-priedanga\/","name":"Po priedanga","isPartOf":{"@id":"https:\/\/skaitytaknyga.lt\/#website"},"primaryImageOfPage":{"@id":"https:\/\/skaitytaknyga.lt\/produktas\/po-priedanga\/#primaryimage"},"image":{"@id":"https:\/\/skaitytaknyga.lt\/produktas\/po-priedanga\/#primaryimage"},"thumbnailUrl":"https:\/\/skaitytaknyga.lt\/wp-content\/uploads\/2025\/09\/Po-priedanga-1.webp","datePublished":"2025-09-27T16:25:12+00:00","dateModified":"2026-03-05T11:08:56+00:00","description":"47-eri\u0173 Natas, Did\u017eiosios Britanijos slaptosios \u017evalgybos tarnybos veteranas, \u012fsitikin\u0119s, kad jo kaip \u017evalgybininko karjera eina \u012f pabaig\u0105. Pagaliau jis","breadcrumb":{"@id":"https:\/\/skaitytaknyga.lt\/produktas\/po-priedanga\/#breadcrumb"},"inLanguage":"en-GB","potentialAction":[{"@type":"ReadAction","target":["https:\/\/skaitytaknyga.lt\/produktas\/po-priedanga\/"]}]},{"@type":"ImageObject","inLanguage":"en-GB","@id":"https:\/\/skaitytaknyga.lt\/produktas\/po-priedanga\/#primaryimage","url":"https:\/\/skaitytaknyga.lt\/wp-content\/uploads\/2025\/09\/Po-priedanga-1.webp","contentUrl":"https:\/\/skaitytaknyga.lt\/wp-content\/uploads\/2025\/09\/Po-priedanga-1.webp","width":300,"height":450,"caption":"Po priedanga"},{"@type":"BreadcrumbList","@id":"https:\/\/skaitytaknyga.lt\/produktas\/po-priedanga\/#breadcrumb","itemListElement":[{"@type":"ListItem","position":1,"name":"Home","item":"https:\/\/skaitytaknyga.lt\/"},{"@type":"ListItem","position":2,"name":"Parduotuv\u0117","item":"https:\/\/skaitytaknyga.lt\/knygu-parduotuve\/"},{"@type":"ListItem","position":3,"name":"Po priedanga"}]},{"@type":"WebSite","@id":"https:\/\/skaitytaknyga.lt\/#website","url":"https:\/\/skaitytaknyga.lt\/","name":"skaitytaknyga.lt","description":"Skaitytaknyga.lt \u2013 tai ma\u017eas \u0161eimos verslas, kuris prasid\u0117jo nuo meil\u0117s knygoms ir siekio i\u0161gelb\u0117ti knygas nuo likimo prie konteinerio. Kas vienam nereikalingas daiktas \u2013 kitam lobis, o mes esame tarpininkai, kurie padeda abiems tapti laimingesniems ???? \u017dinome kaip nelengva i\u0161gyventi ma\u017eiems verslams, tad nuo \u0161iol, \u010dia rasite ir kit\u0173, ma\u017e\u0173 \u0161eim\u0173 versl\u0173, rank\u0173 darbo, dovan\u0173 sau ir artimiesiems.","publisher":{"@id":"https:\/\/skaitytaknyga.lt\/#organization"},"potentialAction":[{"@type":"SearchAction","target":{"@type":"EntryPoint","urlTemplate":"https:\/\/skaitytaknyga.lt\/?s={search_term_string}"},"query-input":{"@type":"PropertyValueSpecification","valueRequired":true,"valueName":"search_term_string"}}],"inLanguage":"en-GB"},{"@type":"Organization","@id":"https:\/\/skaitytaknyga.lt\/#organization","name":"skaitytaknyga.lt","url":"https:\/\/skaitytaknyga.lt\/","logo":{"@type":"ImageObject","inLanguage":"en-GB","@id":"https:\/\/skaitytaknyga.lt\/#\/schema\/logo\/image\/","url":"https:\/\/skaitytaknyga.lt\/wp-content\/uploads\/2024\/05\/cropped-cropped-cropped-02_00843_jt3bggkj1j3HLc7SyY6rEUpg.jpeg","contentUrl":"https:\/\/skaitytaknyga.lt\/wp-content\/uploads\/2024\/05\/cropped-cropped-cropped-02_00843_jt3bggkj1j3HLc7SyY6rEUpg.jpeg","width":1600,"height":1600,"caption":"skaitytaknyga.lt"},"image":{"@id":"https:\/\/skaitytaknyga.lt\/#\/schema\/logo\/image\/"},"sameAs":["https:\/\/www.facebook.com\/skaitytaknyga\/"]}]}},"_links":{"self":[{"href":"https:\/\/skaitytaknyga.lt\/en\/wp-json\/wp\/v2\/product\/21011","targetHints":{"allow":["GET"]}}],"collection":[{"href":"https:\/\/skaitytaknyga.lt\/en\/wp-json\/wp\/v2\/product"}],"about":[{"href":"https:\/\/skaitytaknyga.lt\/en\/wp-json\/wp\/v2\/types\/product"}],"replies":[{"embeddable":true,"href":"https:\/\/skaitytaknyga.lt\/en\/wp-json\/wp\/v2\/comments?post=21011"}],"wp:featuredmedia":[{"embeddable":true,"href":"https:\/\/skaitytaknyga.lt\/en\/wp-json\/wp\/v2\/media\/21017"}],"wp:attachment":[{"href":"https:\/\/skaitytaknyga.lt\/en\/wp-json\/wp\/v2\/media?parent=21011"}],"wp:term":[{"taxonomy":"product_brand","embeddable":true,"href":"https:\/\/skaitytaknyga.lt\/en\/wp-json\/wp\/v2\/product_brand?post=21011"},{"taxonomy":"product_cat","embeddable":true,"href":"https:\/\/skaitytaknyga.lt\/en\/wp-json\/wp\/v2\/product_cat?post=21011"},{"taxonomy":"product_tag","embeddable":true,"href":"https:\/\/skaitytaknyga.lt\/en\/wp-json\/wp\/v2\/product_tag?post=21011"}],"curies":[{"name":"wp","href":"https:\/\/api.w.org\/{rel}","templated":true}]}}