{"id":20990,"date":"2025-09-20T19:46:57","date_gmt":"2025-09-20T16:46:57","guid":{"rendered":"https:\/\/skaitytaknyga.lt\/?post_type=product&#038;p=20990"},"modified":"2025-10-06T11:26:03","modified_gmt":"2025-10-06T08:26:03","slug":"irodymais-pagristas-mokymas","status":"publish","type":"product","link":"https:\/\/skaitytaknyga.lt\/en\/produktas\/irodymais-pagristas-mokymas\/","title":{"rendered":"\u012erodymais pagr\u012fstas mokymas"},"content":{"rendered":"<p>Pana\u0161u, kad mokymo sistemoje kils revoliucija, taip atsitikt\u0173 ir medicinoje, jei b\u016bt\u0173 nusigr\u0119\u017eta nuo tradicin\u0117s praktikos bei mados ir susi\u017eav\u0117jimo ir pereita prie \u012frodymais pagr\u012fst\u0173 metod\u0173.<\/p>\n<p>Pus\u0117 milijono eksperiment\u0173 tikrose klas\u0117se atskleid\u0117 veiksmingiausius mokymo metodus. Lyginant su \u012fprasta praktika, jie mokini\u0173 pasiekimus gali pagerinti dviem balais. Daugiau nei 50 \u0161i\u0173 geriausi\u0173 mokymo metod\u0173 yra nagrin\u0117jami \u0161ioje knygoje, o tie metodai, kai kurie nauji, kai kurie seniau \u017einomi:<\/p>\n<p>gali pakelti egzaminus i\u0161laikiusi\u0173j\u0173 procent\u0105 20\u201330 punkt\u0173;<br \/>\nyra k\u016brybiniai, metantys i\u0161\u0161\u016bk\u012f ir labai m\u0117gstami mokini\u0173;<br \/>\nreikalauja, kad per pamok\u0105 mokiniai daryt\u0173 daugiau&#8230;, o mokytojas ma\u017eiau!\u201emokant intelekto\u201c suteikia mokiniams galimyb\u0119 tobul\u0117ti.<br \/>\nPetty teigia, kad tik mokytojai gali vadovauti \u0161iai \u012frodymais pagr\u012fst\u0173 metod\u0173 revoliucijai, be to, jie turi tai daryti savo \u017eingsnio sparta, kaip gair\u0117mis remdamiesi pagrindiniu \u012frodymu \u2013 kas veiksmingiausia per j\u0173 pamokas.<\/p>\n<p>Priimdami \u0161\u012f profesin\u012f i\u0161\u0161\u016bk\u012f, mokytojai tur\u0117t\u0173 tiek pat i\u0161lo\u0161ti, kiek ir mokiniai. D\u0117l metod\u0173, apra\u0161yt\u0173 \u0161ioje knygoje, mokymas tampa ne toks sekinantis ir \u012fdomesnis, taip pat ir veiksmingesnis.<\/p>\n<p>\u0160i knyga \u2013 tai jaudinan\u010dios naujos mokymo teritorijos \u017eem\u0117lapis.<\/p>\n","protected":false},"excerpt":{"rendered":"<p>Pana\u0161u, kad mokymo sistemoje kils revoliucija, taip atsitikt\u0173 ir medicinoje, jei b\u016bt\u0173 nusigr\u0119\u017eta nuo tradicin\u0117s praktikos bei mados ir susi\u017eav\u0117jimo ir pereita prie \u012frodymais pagr\u012fst\u0173 metod\u0173. Pus\u0117 milijono eksperiment\u0173 tikrose klas\u0117se atskleid\u0117 veiksmingiausius mokymo metodus. Lyginant su \u012fprasta praktika, jie mokini\u0173 pasiekimus gali pagerinti dviem balais. Daugiau nei 50 \u0161i\u0173 geriausi\u0173 mokymo metod\u0173 yra nagrin\u0117jami \u0161ioje knygoje, o tie metodai, kai kurie nauji, kai kurie seniau \u017einomi: gali pakelti egzaminus i\u0161laikiusi\u0173j\u0173 procent\u0105 20\u201330 punkt\u0173; yra k\u016brybiniai, metantys i\u0161\u0161\u016bk\u012f ir labai m\u0117gstami mokini\u0173; reikalauja, kad per pamok\u0105 mokiniai daryt\u0173 daugiau&#8230;, o mokytojas ma\u017eiau!\u201emokant intelekto\u201c suteikia mokiniams galimyb\u0119 tobul\u0117ti. Petty teigia, kad tik mokytojai gali vadovauti \u0161iai \u012frodymais pagr\u012fst\u0173 metod\u0173 revoliucijai, be to, jie turi tai daryti savo \u017eingsnio sparta, kaip gair\u0117mis remdamiesi pagrindiniu \u012frodymu \u2013 kas veiksmingiausia per j\u0173 pamokas. Priimdami \u0161\u012f profesin\u012f i\u0161\u0161\u016bk\u012f, mokytojai tur\u0117t\u0173 tiek pat i\u0161lo\u0161ti, kiek ir mokiniai. D\u0117l metod\u0173, apra\u0161yt\u0173 \u0161ioje knygoje, mokymas tampa ne toks sekinantis ir \u012fdomesnis, taip pat ir veiksmingesnis. \u0160i knyga \u2013 tai jaudinan\u010dios naujos mokymo teritorijos \u017eem\u0117lapis.<\/p>\n","protected":false},"featured_media":21007,"comment_status":"open","ping_status":"closed","template":"","meta":{"_acf_changed":false,"site-sidebar-layout":"default","site-content-layout":"","ast-site-content-layout":"default","site-content-style":"default","site-sidebar-style":"default","ast-global-header-display":"","ast-banner-title-visibility":"","ast-main-header-display":"","ast-hfb-above-header-display":"","ast-hfb-below-header-display":"","ast-hfb-mobile-header-display":"","site-post-title":"","ast-breadcrumbs-content":"","ast-featured-img":"","footer-sml-layout":"","ast-disable-related-posts":"","theme-transparent-header-meta":"","adv-header-id-meta":"","stick-header-meta":"","header-above-stick-meta":"","header-main-stick-meta":"","header-below-stick-meta":"","astra-migrate-meta-layouts":"default","ast-page-background-enabled":"default","ast-page-background-meta":{"desktop":{"background-color":"","background-image":"","background-repeat":"repeat","background-position":"center center","background-size":"auto","background-attachment":"scroll","background-type":"","background-media":"","overlay-type":"","overlay-color":"","overlay-opacity":"","overlay-gradient":""},"tablet":{"background-color":"","background-image":"","background-repeat":"repeat","background-position":"center center","background-size":"auto","background-attachment":"scroll","background-type":"","background-media":"","overlay-type":"","overlay-color":"","overlay-opacity":"","overlay-gradient":""},"mobile":{"background-color":"","background-image":"","background-repeat":"repeat","background-position":"center center","background-size":"auto","background-attachment":"scroll","background-type":"","background-media":"","overlay-type":"","overlay-color":"","overlay-opacity":"","overlay-gradient":""}},"ast-content-background-meta":{"desktop":{"background-color":"var(--ast-global-color-4)","background-image":"","background-repeat":"repeat","background-position":"center center","background-size":"auto","background-attachment":"scroll","background-type":"","background-media":"","overlay-type":"","overlay-color":"","overlay-opacity":"","overlay-gradient":""},"tablet":{"background-color":"var(--ast-global-color-4)","background-image":"","background-repeat":"repeat","background-position":"center center","background-size":"auto","background-attachment":"scroll","background-type":"","background-media":"","overlay-type":"","overlay-color":"","overlay-opacity":"","overlay-gradient":""},"mobile":{"background-color":"var(--ast-global-color-4)","background-image":"","background-repeat":"repeat","background-position":"center center","background-size":"auto","background-attachment":"scroll","background-type":"","background-media":"","overlay-type":"","overlay-color":"","overlay-opacity":"","overlay-gradient":""}}},"product_brand":[],"product_cat":[15],"product_tag":[3342,4415,8465,3349,5812],"class_list":{"0":"post-20990","1":"product","2":"type-product","3":"status-publish","4":"has-post-thumbnail","6":"product_cat-uncategorized","7":"product_tag-edukacija","8":"product_tag-eksperimentai","9":"product_tag-geoff-petty-mokymas","10":"product_tag-metodai","11":"product_tag-pedagogika","12":"desktop-align-left","13":"tablet-align-left","14":"mobile-align-left","16":"first","17":"instock","18":"shipping-taxable","19":"purchasable","20":"product-type-simple"},"acf":[],"yoast_head":"<!-- This site is optimized with the Yoast SEO plugin v27.0 - https:\/\/yoast.com\/product\/yoast-seo-wordpress\/ -->\n<title>\u012erodymais pagr\u012fstas mokymas<\/title>\n<meta name=\"description\" content=\"Pana\u0161u, kad mokymo sistemoje kils revoliucija, taip atsitikt\u0173 ir medicinoje, jei b\u016bt\u0173 nusigr\u0119\u017eta nuo tradicin\u0117s praktikos bei mados ir susi\u017eav\u0117jimo ir\" \/>\n<meta name=\"robots\" content=\"index, follow, max-snippet:-1, max-image-preview:large, max-video-preview:-1\" \/>\n<link rel=\"canonical\" href=\"https:\/\/skaitytaknyga.lt\/en\/produktas\/irodymais-pagristas-mokymas\/\" \/>\n<meta property=\"og:locale\" content=\"en_GB\" \/>\n<meta property=\"og:locale:alternate\" content=\"lt_LT\" \/>\n<meta property=\"og:type\" content=\"article\" \/>\n<meta property=\"og:title\" content=\"\u012erodymais pagr\u012fstas mokymas\" \/>\n<meta property=\"og:description\" content=\"Pana\u0161u, kad mokymo sistemoje kils revoliucija, taip atsitikt\u0173 ir medicinoje, jei b\u016bt\u0173 nusigr\u0119\u017eta nuo tradicin\u0117s praktikos bei mados ir susi\u017eav\u0117jimo ir\" \/>\n<meta property=\"og:url\" content=\"https:\/\/skaitytaknyga.lt\/en\/produktas\/irodymais-pagristas-mokymas\/\" \/>\n<meta property=\"og:site_name\" content=\"Skaitytaknyga\" \/>\n<meta property=\"article:publisher\" content=\"https:\/\/www.facebook.com\/skaitytaknyga\/\" \/>\n<meta property=\"article:modified_time\" content=\"2025-10-06T08:26:03+00:00\" \/>\n<meta property=\"og:image\" content=\"https:\/\/skaitytaknyga.lt\/wp-content\/uploads\/2025\/09\/Irodymais-pagristas-mokymas-1.webp\" \/>\n\t<meta property=\"og:image:width\" content=\"300\" \/>\n\t<meta property=\"og:image:height\" content=\"434\" \/>\n\t<meta property=\"og:image:type\" content=\"image\/webp\" \/>\n<meta name=\"twitter:card\" content=\"summary_large_image\" \/>\n<meta name=\"twitter:label1\" content=\"Estimated reading time\" \/>\n\t<meta name=\"twitter:data1\" content=\"1 minute\" \/>\n<script type=\"application\/ld+json\" class=\"yoast-schema-graph\">{\"@context\":\"https:\/\/schema.org\",\"@graph\":[{\"@type\":\"WebPage\",\"@id\":\"https:\/\/skaitytaknyga.lt\/produktas\/irodymais-pagristas-mokymas\/\",\"url\":\"https:\/\/skaitytaknyga.lt\/produktas\/irodymais-pagristas-mokymas\/\",\"name\":\"\u012erodymais pagr\u012fstas mokymas\",\"isPartOf\":{\"@id\":\"https:\/\/skaitytaknyga.lt\/#website\"},\"primaryImageOfPage\":{\"@id\":\"https:\/\/skaitytaknyga.lt\/produktas\/irodymais-pagristas-mokymas\/#primaryimage\"},\"image\":{\"@id\":\"https:\/\/skaitytaknyga.lt\/produktas\/irodymais-pagristas-mokymas\/#primaryimage\"},\"thumbnailUrl\":\"https:\/\/skaitytaknyga.lt\/wp-content\/uploads\/2025\/09\/Irodymais-pagristas-mokymas-1.webp\",\"datePublished\":\"2025-09-20T16:46:57+00:00\",\"dateModified\":\"2025-10-06T08:26:03+00:00\",\"description\":\"Pana\u0161u, kad mokymo sistemoje kils revoliucija, taip atsitikt\u0173 ir medicinoje, jei b\u016bt\u0173 nusigr\u0119\u017eta nuo tradicin\u0117s praktikos bei mados ir susi\u017eav\u0117jimo ir\",\"breadcrumb\":{\"@id\":\"https:\/\/skaitytaknyga.lt\/produktas\/irodymais-pagristas-mokymas\/#breadcrumb\"},\"inLanguage\":\"en-GB\",\"potentialAction\":[{\"@type\":\"ReadAction\",\"target\":[\"https:\/\/skaitytaknyga.lt\/produktas\/irodymais-pagristas-mokymas\/\"]}]},{\"@type\":\"ImageObject\",\"inLanguage\":\"en-GB\",\"@id\":\"https:\/\/skaitytaknyga.lt\/produktas\/irodymais-pagristas-mokymas\/#primaryimage\",\"url\":\"https:\/\/skaitytaknyga.lt\/wp-content\/uploads\/2025\/09\/Irodymais-pagristas-mokymas-1.webp\",\"contentUrl\":\"https:\/\/skaitytaknyga.lt\/wp-content\/uploads\/2025\/09\/Irodymais-pagristas-mokymas-1.webp\",\"width\":300,\"height\":434,\"caption\":\"\u012erodymais pagr\u012fstas mokymas\"},{\"@type\":\"BreadcrumbList\",\"@id\":\"https:\/\/skaitytaknyga.lt\/produktas\/irodymais-pagristas-mokymas\/#breadcrumb\",\"itemListElement\":[{\"@type\":\"ListItem\",\"position\":1,\"name\":\"Home\",\"item\":\"https:\/\/skaitytaknyga.lt\/\"},{\"@type\":\"ListItem\",\"position\":2,\"name\":\"Parduotuv\u0117\",\"item\":\"https:\/\/skaitytaknyga.lt\/knygu-parduotuve\/\"},{\"@type\":\"ListItem\",\"position\":3,\"name\":\"\u012erodymais pagr\u012fstas mokymas\"}]},{\"@type\":\"WebSite\",\"@id\":\"https:\/\/skaitytaknyga.lt\/#website\",\"url\":\"https:\/\/skaitytaknyga.lt\/\",\"name\":\"skaitytaknyga.lt\",\"description\":\"Skaitytaknyga.lt \u2013 tai ma\u017eas \u0161eimos verslas, kuris prasid\u0117jo nuo meil\u0117s knygoms ir siekio i\u0161gelb\u0117ti knygas nuo likimo prie konteinerio. Kas vienam nereikalingas daiktas \u2013 kitam lobis, o mes esame tarpininkai, kurie padeda abiems tapti laimingesniems ???? \u017dinome kaip nelengva i\u0161gyventi ma\u017eiems verslams, tad nuo \u0161iol, \u010dia rasite ir kit\u0173, ma\u017e\u0173 \u0161eim\u0173 versl\u0173, rank\u0173 darbo, dovan\u0173 sau ir artimiesiems.\",\"publisher\":{\"@id\":\"https:\/\/skaitytaknyga.lt\/#organization\"},\"potentialAction\":[{\"@type\":\"SearchAction\",\"target\":{\"@type\":\"EntryPoint\",\"urlTemplate\":\"https:\/\/skaitytaknyga.lt\/?s={search_term_string}\"},\"query-input\":{\"@type\":\"PropertyValueSpecification\",\"valueRequired\":true,\"valueName\":\"search_term_string\"}}],\"inLanguage\":\"en-GB\"},{\"@type\":\"Organization\",\"@id\":\"https:\/\/skaitytaknyga.lt\/#organization\",\"name\":\"skaitytaknyga.lt\",\"url\":\"https:\/\/skaitytaknyga.lt\/\",\"logo\":{\"@type\":\"ImageObject\",\"inLanguage\":\"en-GB\",\"@id\":\"https:\/\/skaitytaknyga.lt\/#\/schema\/logo\/image\/\",\"url\":\"https:\/\/skaitytaknyga.lt\/wp-content\/uploads\/2024\/05\/cropped-cropped-cropped-02_00843_jt3bggkj1j3HLc7SyY6rEUpg.jpeg\",\"contentUrl\":\"https:\/\/skaitytaknyga.lt\/wp-content\/uploads\/2024\/05\/cropped-cropped-cropped-02_00843_jt3bggkj1j3HLc7SyY6rEUpg.jpeg\",\"width\":1600,\"height\":1600,\"caption\":\"skaitytaknyga.lt\"},\"image\":{\"@id\":\"https:\/\/skaitytaknyga.lt\/#\/schema\/logo\/image\/\"},\"sameAs\":[\"https:\/\/www.facebook.com\/skaitytaknyga\/\"]}]}<\/script>\n<!-- \/ Yoast SEO plugin. -->","yoast_head_json":{"title":"\u012erodymais pagr\u012fstas mokymas","description":"Pana\u0161u, kad mokymo sistemoje kils revoliucija, taip atsitikt\u0173 ir medicinoje, jei b\u016bt\u0173 nusigr\u0119\u017eta nuo tradicin\u0117s praktikos bei mados ir susi\u017eav\u0117jimo ir","robots":{"index":"index","follow":"follow","max-snippet":"max-snippet:-1","max-image-preview":"max-image-preview:large","max-video-preview":"max-video-preview:-1"},"canonical":"https:\/\/skaitytaknyga.lt\/en\/produktas\/irodymais-pagristas-mokymas\/","og_locale":"en_GB","og_type":"article","og_title":"[:lt]\u012erodymais pagr\u012fstas mokymas[:] - Skaitytaknyga","og_description":"Pana\u0161u, kad mokymo sistemoje kils revoliucija, taip atsitikt\u0173 ir medicinoje, jei b\u016bt\u0173 nusigr\u0119\u017eta nuo tradicin\u0117s praktikos bei mados ir susi\u017eav\u0117jimo ir","og_url":"https:\/\/skaitytaknyga.lt\/en\/produktas\/irodymais-pagristas-mokymas\/","og_site_name":"Skaitytaknyga","article_publisher":"https:\/\/www.facebook.com\/skaitytaknyga\/","article_modified_time":"2025-10-06T08:26:03+00:00","og_image":[{"width":300,"height":434,"url":"https:\/\/skaitytaknyga.lt\/wp-content\/uploads\/2025\/09\/Irodymais-pagristas-mokymas-1.webp","type":"image\/webp"}],"twitter_card":"summary_large_image","twitter_misc":{"Estimated reading time":"1 minute"},"schema":{"@context":"https:\/\/schema.org","@graph":[{"@type":"WebPage","@id":"https:\/\/skaitytaknyga.lt\/produktas\/irodymais-pagristas-mokymas\/","url":"https:\/\/skaitytaknyga.lt\/produktas\/irodymais-pagristas-mokymas\/","name":"\u012erodymais pagr\u012fstas mokymas","isPartOf":{"@id":"https:\/\/skaitytaknyga.lt\/#website"},"primaryImageOfPage":{"@id":"https:\/\/skaitytaknyga.lt\/produktas\/irodymais-pagristas-mokymas\/#primaryimage"},"image":{"@id":"https:\/\/skaitytaknyga.lt\/produktas\/irodymais-pagristas-mokymas\/#primaryimage"},"thumbnailUrl":"https:\/\/skaitytaknyga.lt\/wp-content\/uploads\/2025\/09\/Irodymais-pagristas-mokymas-1.webp","datePublished":"2025-09-20T16:46:57+00:00","dateModified":"2025-10-06T08:26:03+00:00","description":"Pana\u0161u, kad mokymo sistemoje kils revoliucija, taip atsitikt\u0173 ir medicinoje, jei b\u016bt\u0173 nusigr\u0119\u017eta nuo tradicin\u0117s praktikos bei mados ir susi\u017eav\u0117jimo ir","breadcrumb":{"@id":"https:\/\/skaitytaknyga.lt\/produktas\/irodymais-pagristas-mokymas\/#breadcrumb"},"inLanguage":"en-GB","potentialAction":[{"@type":"ReadAction","target":["https:\/\/skaitytaknyga.lt\/produktas\/irodymais-pagristas-mokymas\/"]}]},{"@type":"ImageObject","inLanguage":"en-GB","@id":"https:\/\/skaitytaknyga.lt\/produktas\/irodymais-pagristas-mokymas\/#primaryimage","url":"https:\/\/skaitytaknyga.lt\/wp-content\/uploads\/2025\/09\/Irodymais-pagristas-mokymas-1.webp","contentUrl":"https:\/\/skaitytaknyga.lt\/wp-content\/uploads\/2025\/09\/Irodymais-pagristas-mokymas-1.webp","width":300,"height":434,"caption":"\u012erodymais pagr\u012fstas mokymas"},{"@type":"BreadcrumbList","@id":"https:\/\/skaitytaknyga.lt\/produktas\/irodymais-pagristas-mokymas\/#breadcrumb","itemListElement":[{"@type":"ListItem","position":1,"name":"Home","item":"https:\/\/skaitytaknyga.lt\/"},{"@type":"ListItem","position":2,"name":"Parduotuv\u0117","item":"https:\/\/skaitytaknyga.lt\/knygu-parduotuve\/"},{"@type":"ListItem","position":3,"name":"\u012erodymais pagr\u012fstas mokymas"}]},{"@type":"WebSite","@id":"https:\/\/skaitytaknyga.lt\/#website","url":"https:\/\/skaitytaknyga.lt\/","name":"skaitytaknyga.lt","description":"Skaitytaknyga.lt \u2013 tai ma\u017eas \u0161eimos verslas, kuris prasid\u0117jo nuo meil\u0117s knygoms ir siekio i\u0161gelb\u0117ti knygas nuo likimo prie konteinerio. Kas vienam nereikalingas daiktas \u2013 kitam lobis, o mes esame tarpininkai, kurie padeda abiems tapti laimingesniems ???? \u017dinome kaip nelengva i\u0161gyventi ma\u017eiems verslams, tad nuo \u0161iol, \u010dia rasite ir kit\u0173, ma\u017e\u0173 \u0161eim\u0173 versl\u0173, rank\u0173 darbo, dovan\u0173 sau ir artimiesiems.","publisher":{"@id":"https:\/\/skaitytaknyga.lt\/#organization"},"potentialAction":[{"@type":"SearchAction","target":{"@type":"EntryPoint","urlTemplate":"https:\/\/skaitytaknyga.lt\/?s={search_term_string}"},"query-input":{"@type":"PropertyValueSpecification","valueRequired":true,"valueName":"search_term_string"}}],"inLanguage":"en-GB"},{"@type":"Organization","@id":"https:\/\/skaitytaknyga.lt\/#organization","name":"skaitytaknyga.lt","url":"https:\/\/skaitytaknyga.lt\/","logo":{"@type":"ImageObject","inLanguage":"en-GB","@id":"https:\/\/skaitytaknyga.lt\/#\/schema\/logo\/image\/","url":"https:\/\/skaitytaknyga.lt\/wp-content\/uploads\/2024\/05\/cropped-cropped-cropped-02_00843_jt3bggkj1j3HLc7SyY6rEUpg.jpeg","contentUrl":"https:\/\/skaitytaknyga.lt\/wp-content\/uploads\/2024\/05\/cropped-cropped-cropped-02_00843_jt3bggkj1j3HLc7SyY6rEUpg.jpeg","width":1600,"height":1600,"caption":"skaitytaknyga.lt"},"image":{"@id":"https:\/\/skaitytaknyga.lt\/#\/schema\/logo\/image\/"},"sameAs":["https:\/\/www.facebook.com\/skaitytaknyga\/"]}]}},"_links":{"self":[{"href":"https:\/\/skaitytaknyga.lt\/en\/wp-json\/wp\/v2\/product\/20990","targetHints":{"allow":["GET"]}}],"collection":[{"href":"https:\/\/skaitytaknyga.lt\/en\/wp-json\/wp\/v2\/product"}],"about":[{"href":"https:\/\/skaitytaknyga.lt\/en\/wp-json\/wp\/v2\/types\/product"}],"replies":[{"embeddable":true,"href":"https:\/\/skaitytaknyga.lt\/en\/wp-json\/wp\/v2\/comments?post=20990"}],"wp:featuredmedia":[{"embeddable":true,"href":"https:\/\/skaitytaknyga.lt\/en\/wp-json\/wp\/v2\/media\/21007"}],"wp:attachment":[{"href":"https:\/\/skaitytaknyga.lt\/en\/wp-json\/wp\/v2\/media?parent=20990"}],"wp:term":[{"taxonomy":"product_brand","embeddable":true,"href":"https:\/\/skaitytaknyga.lt\/en\/wp-json\/wp\/v2\/product_brand?post=20990"},{"taxonomy":"product_cat","embeddable":true,"href":"https:\/\/skaitytaknyga.lt\/en\/wp-json\/wp\/v2\/product_cat?post=20990"},{"taxonomy":"product_tag","embeddable":true,"href":"https:\/\/skaitytaknyga.lt\/en\/wp-json\/wp\/v2\/product_tag?post=20990"}],"curies":[{"name":"wp","href":"https:\/\/api.w.org\/{rel}","templated":true}]}}