{"id":20989,"date":"2025-09-20T19:46:57","date_gmt":"2025-09-20T16:46:57","guid":{"rendered":"https:\/\/skaitytaknyga.lt\/?post_type=product&#038;p=20989"},"modified":"2026-03-18T13:19:32","modified_gmt":"2026-03-18T11:19:32","slug":"kineziologija","status":"publish","type":"product","link":"https:\/\/skaitytaknyga.lt\/en\/produktas\/kineziologija\/","title":{"rendered":"Kineziologija"},"content":{"rendered":"<p>R\u016bta Dadelien\u0117 yra \u012fgijusi masa\u017eo (1994), ergoterapijos (1998), kineziterapijos (2001) specializacijas, baigusi VU organizuotus kursus \u201eFizioterapijos pagrindai\u201c, \u201eKineziterapija neurologijoje\u201c, \u201ePaciento funkcin\u0117s b\u016bkl\u0117s \u012fvertinimas\u201c, \u201eVaik\u0173 su \u012fgimtomis ligomis kineziterapija\u201c. 1999-2000 ir 2002 m. baig\u0117 Kopenhagos auk\u0161tosios kineziterapijos mokyklos ir VU organizuotus kursus \u201eExamination in clinic therapeutic exercises and treatment management\u201c ir \u201eCurriculum Development\u201c, 2006 m. &#8211; ERASMUS organizuotus intensyvius kursus \u201eA European perspective on social inclusion of persons with disabilities\u201c. Yra Europos sporto mokslo kolegijos nar\u0117.<\/p>\n<p>Studentams skaito sporto medicinos, kineziterapijos, kineziologijos, judesi\u0173 valdymo, mokslini\u0173 tyrimo pagrind\u0173 paskaitas, veda plaukimo, slidin\u0117jimo pratybas.<\/p>\n<p>Mokslinio darbo kryptis &#8211; \u012fvairaus fizinio aktyvumo, skirtingo am\u017eiaus ir paj\u0117gumo, ne\u012fgali\u0173 ir sveik\u0173 \u017emoni\u0173, sportinink\u0173 organizmo adaptacija prie fizini\u0173 kr\u016bvi\u0173. Yra vadov\u0117li\u0173 \u201eSporto medicinos pagrindai\u201c autor\u0117, \u201eSporto mokslo tyrim\u0173 metodologija\u201c, \u201eSlidin\u0117jimas\u201c bendraautor\u0117, leidini\u0173 \u201eFizinis aktyvumas esant nugaros skausmams\u201c autor\u0117, \u201eKineziologijos pagrindai\u201c bendraautor\u0117, paskelbusi 50 mokslini\u0173 publikacij\u0173, dalyvavusi 40 tarptautini\u0173 mokslini\u0173 ir praktini\u0173 konferencij\u0173 ir kongres\u0173 Lietuvoje ir u\u017esienyje. 2006 10 21 Miunchene (Vokietija) tarptautiniame simpoziume \u201eBiomedical Side Effects of Doping Harmonising the Knowlegde&#8221; su bendraautoriumi parengtas prane\u0161imas \u201eEffect of Spirulina Food Supplement on Blood Morphological Parameters, Biochemical Composition and on the Immune Function of Sportsmen\u201c buvo pripa\u017eintas geriausiu.<\/p>\n","protected":false},"excerpt":{"rendered":"<p>R\u016bta Dadelien\u0117 yra \u012fgijusi masa\u017eo (1994), ergoterapijos (1998), kineziterapijos (2001) specializacijas, baigusi VU organizuotus kursus \u201eFizioterapijos pagrindai\u201c, \u201eKineziterapija neurologijoje\u201c, \u201ePaciento funkcin\u0117s b\u016bkl\u0117s \u012fvertinimas\u201c, \u201eVaik\u0173 su \u012fgimtomis ligomis kineziterapija\u201c. 1999-2000 ir 2002 m. baig\u0117 Kopenhagos auk\u0161tosios kineziterapijos mokyklos ir VU organizuotus kursus \u201eExamination in clinic therapeutic exercises and treatment management\u201c ir \u201eCurriculum Development\u201c, 2006 m. &#8211; ERASMUS organizuotus intensyvius kursus \u201eA European perspective on social inclusion of persons with disabilities\u201c. Yra Europos sporto mokslo kolegijos nar\u0117. Studentams skaito sporto medicinos, kineziterapijos, kineziologijos, judesi\u0173 valdymo, mokslini\u0173 tyrimo pagrind\u0173 paskaitas, veda plaukimo, slidin\u0117jimo pratybas. Mokslinio darbo kryptis &#8211; \u012fvairaus fizinio aktyvumo, skirtingo am\u017eiaus ir paj\u0117gumo, ne\u012fgali\u0173 ir sveik\u0173 \u017emoni\u0173, sportinink\u0173 organizmo adaptacija prie fizini\u0173 kr\u016bvi\u0173. Yra vadov\u0117li\u0173 \u201eSporto medicinos pagrindai\u201c autor\u0117, \u201eSporto mokslo tyrim\u0173 metodologija\u201c, \u201eSlidin\u0117jimas\u201c bendraautor\u0117, leidini\u0173 \u201eFizinis aktyvumas esant nugaros skausmams\u201c autor\u0117, \u201eKineziologijos pagrindai\u201c bendraautor\u0117, paskelbusi 50 mokslini\u0173 publikacij\u0173, dalyvavusi 40 tarptautini\u0173 mokslini\u0173 ir praktini\u0173 konferencij\u0173 ir kongres\u0173 Lietuvoje ir u\u017esienyje. 2006 10 21 Miunchene (Vokietija) tarptautiniame simpoziume \u201eBiomedical Side Effects of Doping Harmonising the Knowlegde&#8221; su bendraautoriumi parengtas prane\u0161imas \u201eEffect of Spirulina Food Supplement on Blood Morphological Parameters, Biochemical Composition and on the Immune Function of Sportsmen\u201c buvo pripa\u017eintas geriausiu.<\/p>\n","protected":false},"featured_media":21006,"comment_status":"open","ping_status":"closed","template":"","meta":{"_acf_changed":false,"site-sidebar-layout":"default","site-content-layout":"","ast-site-content-layout":"default","site-content-style":"default","site-sidebar-style":"default","ast-global-header-display":"","ast-banner-title-visibility":"","ast-main-header-display":"","ast-hfb-above-header-display":"","ast-hfb-below-header-display":"","ast-hfb-mobile-header-display":"","site-post-title":"","ast-breadcrumbs-content":"","ast-featured-img":"","footer-sml-layout":"","ast-disable-related-posts":"","theme-transparent-header-meta":"","adv-header-id-meta":"","stick-header-meta":"","header-above-stick-meta":"","header-main-stick-meta":"","header-below-stick-meta":"","astra-migrate-meta-layouts":"default","ast-page-background-enabled":"default","ast-page-background-meta":{"desktop":{"background-color":"","background-image":"","background-repeat":"repeat","background-position":"center center","background-size":"auto","background-attachment":"scroll","background-type":"","background-media":"","overlay-type":"","overlay-color":"","overlay-opacity":"","overlay-gradient":""},"tablet":{"background-color":"","background-image":"","background-repeat":"repeat","background-position":"center center","background-size":"auto","background-attachment":"scroll","background-type":"","background-media":"","overlay-type":"","overlay-color":"","overlay-opacity":"","overlay-gradient":""},"mobile":{"background-color":"","background-image":"","background-repeat":"repeat","background-position":"center center","background-size":"auto","background-attachment":"scroll","background-type":"","background-media":"","overlay-type":"","overlay-color":"","overlay-opacity":"","overlay-gradient":""}},"ast-content-background-meta":{"desktop":{"background-color":"var(--ast-global-color-4)","background-image":"","background-repeat":"repeat","background-position":"center center","background-size":"auto","background-attachment":"scroll","background-type":"","background-media":"","overlay-type":"","overlay-color":"","overlay-opacity":"","overlay-gradient":""},"tablet":{"background-color":"var(--ast-global-color-4)","background-image":"","background-repeat":"repeat","background-position":"center center","background-size":"auto","background-attachment":"scroll","background-type":"","background-media":"","overlay-type":"","overlay-color":"","overlay-opacity":"","overlay-gradient":""},"mobile":{"background-color":"var(--ast-global-color-4)","background-image":"","background-repeat":"repeat","background-position":"center center","background-size":"auto","background-attachment":"scroll","background-type":"","background-media":"","overlay-type":"","overlay-color":"","overlay-opacity":"","overlay-gradient":""}}},"product_brand":[],"product_cat":[9856,9854],"product_tag":[5951,8463,5748,8462,8464],"class_list":{"0":"post-20989","1":"product","2":"type-product","3":"status-publish","4":"has-post-thumbnail","6":"product_cat-fizine-sveikata-sportas","7":"product_cat-medicina","8":"product_tag-fizinis-aktyvumas","9":"product_tag-masazas","10":"product_tag-neurologija","11":"product_tag-ruta-dadeliene-kineziterapija","12":"product_tag-sporto-medicina","13":"desktop-align-left","14":"tablet-align-left","15":"mobile-align-left","17":"first","18":"instock","19":"shipping-taxable","20":"purchasable","21":"product-type-simple"},"acf":[],"yoast_head":"<!-- This site is optimized with the Yoast SEO plugin v27.0 - https:\/\/yoast.com\/product\/yoast-seo-wordpress\/ -->\n<title>Kineziologija<\/title>\n<meta name=\"description\" content=\"R\u016bta Dadelien\u0117 yra \u012fgijusi masa\u017eo (1994), ergoterapijos (1998), kineziterapijos (2001) specializacijas, baigusi VU organizuotus kursus \u201eFizioterapijos\" \/>\n<meta name=\"robots\" content=\"index, follow, max-snippet:-1, max-image-preview:large, max-video-preview:-1\" \/>\n<link rel=\"canonical\" href=\"https:\/\/skaitytaknyga.lt\/en\/produktas\/kineziologija\/\" \/>\n<meta property=\"og:locale\" content=\"en_GB\" \/>\n<meta property=\"og:locale:alternate\" content=\"lt_LT\" \/>\n<meta property=\"og:type\" content=\"article\" \/>\n<meta property=\"og:title\" content=\"Kineziologija\" \/>\n<meta property=\"og:description\" content=\"R\u016bta Dadelien\u0117 yra \u012fgijusi masa\u017eo (1994), ergoterapijos (1998), kineziterapijos (2001) specializacijas, baigusi VU organizuotus kursus \u201eFizioterapijos\" \/>\n<meta property=\"og:url\" content=\"https:\/\/skaitytaknyga.lt\/en\/produktas\/kineziologija\/\" \/>\n<meta property=\"og:site_name\" content=\"Skaitytaknyga\" \/>\n<meta property=\"article:publisher\" content=\"https:\/\/www.facebook.com\/skaitytaknyga\/\" \/>\n<meta property=\"article:modified_time\" content=\"2026-03-18T11:19:32+00:00\" \/>\n<meta property=\"og:image\" content=\"https:\/\/skaitytaknyga.lt\/wp-content\/uploads\/2025\/09\/Kineziologija-1.webp\" \/>\n\t<meta property=\"og:image:width\" content=\"300\" \/>\n\t<meta property=\"og:image:height\" content=\"399\" \/>\n\t<meta property=\"og:image:type\" content=\"image\/webp\" \/>\n<meta name=\"twitter:card\" content=\"summary_large_image\" \/>\n<meta name=\"twitter:label1\" content=\"Estimated reading time\" \/>\n\t<meta name=\"twitter:data1\" content=\"1 minute\" \/>\n<script type=\"application\/ld+json\" class=\"yoast-schema-graph\">{\"@context\":\"https:\/\/schema.org\",\"@graph\":[{\"@type\":\"WebPage\",\"@id\":\"https:\/\/skaitytaknyga.lt\/produktas\/kineziologija\/\",\"url\":\"https:\/\/skaitytaknyga.lt\/produktas\/kineziologija\/\",\"name\":\"Kineziologija\",\"isPartOf\":{\"@id\":\"https:\/\/skaitytaknyga.lt\/#website\"},\"primaryImageOfPage\":{\"@id\":\"https:\/\/skaitytaknyga.lt\/produktas\/kineziologija\/#primaryimage\"},\"image\":{\"@id\":\"https:\/\/skaitytaknyga.lt\/produktas\/kineziologija\/#primaryimage\"},\"thumbnailUrl\":\"https:\/\/skaitytaknyga.lt\/wp-content\/uploads\/2025\/09\/Kineziologija-1.webp\",\"datePublished\":\"2025-09-20T16:46:57+00:00\",\"dateModified\":\"2026-03-18T11:19:32+00:00\",\"description\":\"R\u016bta Dadelien\u0117 yra \u012fgijusi masa\u017eo (1994), ergoterapijos (1998), kineziterapijos (2001) specializacijas, baigusi VU organizuotus kursus \u201eFizioterapijos\",\"breadcrumb\":{\"@id\":\"https:\/\/skaitytaknyga.lt\/produktas\/kineziologija\/#breadcrumb\"},\"inLanguage\":\"en-GB\",\"potentialAction\":[{\"@type\":\"ReadAction\",\"target\":[\"https:\/\/skaitytaknyga.lt\/produktas\/kineziologija\/\"]}]},{\"@type\":\"ImageObject\",\"inLanguage\":\"en-GB\",\"@id\":\"https:\/\/skaitytaknyga.lt\/produktas\/kineziologija\/#primaryimage\",\"url\":\"https:\/\/skaitytaknyga.lt\/wp-content\/uploads\/2025\/09\/Kineziologija-1.webp\",\"contentUrl\":\"https:\/\/skaitytaknyga.lt\/wp-content\/uploads\/2025\/09\/Kineziologija-1.webp\",\"width\":300,\"height\":399,\"caption\":\"Kineziologija\"},{\"@type\":\"BreadcrumbList\",\"@id\":\"https:\/\/skaitytaknyga.lt\/produktas\/kineziologija\/#breadcrumb\",\"itemListElement\":[{\"@type\":\"ListItem\",\"position\":1,\"name\":\"Home\",\"item\":\"https:\/\/skaitytaknyga.lt\/\"},{\"@type\":\"ListItem\",\"position\":2,\"name\":\"Parduotuv\u0117\",\"item\":\"https:\/\/skaitytaknyga.lt\/knygu-parduotuve\/\"},{\"@type\":\"ListItem\",\"position\":3,\"name\":\"Kineziologija\"}]},{\"@type\":\"WebSite\",\"@id\":\"https:\/\/skaitytaknyga.lt\/#website\",\"url\":\"https:\/\/skaitytaknyga.lt\/\",\"name\":\"skaitytaknyga.lt\",\"description\":\"Skaitytaknyga.lt \u2013 tai ma\u017eas \u0161eimos verslas, kuris prasid\u0117jo nuo meil\u0117s knygoms ir siekio i\u0161gelb\u0117ti knygas nuo likimo prie konteinerio. Kas vienam nereikalingas daiktas \u2013 kitam lobis, o mes esame tarpininkai, kurie padeda abiems tapti laimingesniems ???? \u017dinome kaip nelengva i\u0161gyventi ma\u017eiems verslams, tad nuo \u0161iol, \u010dia rasite ir kit\u0173, ma\u017e\u0173 \u0161eim\u0173 versl\u0173, rank\u0173 darbo, dovan\u0173 sau ir artimiesiems.\",\"publisher\":{\"@id\":\"https:\/\/skaitytaknyga.lt\/#organization\"},\"potentialAction\":[{\"@type\":\"SearchAction\",\"target\":{\"@type\":\"EntryPoint\",\"urlTemplate\":\"https:\/\/skaitytaknyga.lt\/?s={search_term_string}\"},\"query-input\":{\"@type\":\"PropertyValueSpecification\",\"valueRequired\":true,\"valueName\":\"search_term_string\"}}],\"inLanguage\":\"en-GB\"},{\"@type\":\"Organization\",\"@id\":\"https:\/\/skaitytaknyga.lt\/#organization\",\"name\":\"skaitytaknyga.lt\",\"url\":\"https:\/\/skaitytaknyga.lt\/\",\"logo\":{\"@type\":\"ImageObject\",\"inLanguage\":\"en-GB\",\"@id\":\"https:\/\/skaitytaknyga.lt\/#\/schema\/logo\/image\/\",\"url\":\"https:\/\/skaitytaknyga.lt\/wp-content\/uploads\/2024\/05\/cropped-cropped-cropped-02_00843_jt3bggkj1j3HLc7SyY6rEUpg.jpeg\",\"contentUrl\":\"https:\/\/skaitytaknyga.lt\/wp-content\/uploads\/2024\/05\/cropped-cropped-cropped-02_00843_jt3bggkj1j3HLc7SyY6rEUpg.jpeg\",\"width\":1600,\"height\":1600,\"caption\":\"skaitytaknyga.lt\"},\"image\":{\"@id\":\"https:\/\/skaitytaknyga.lt\/#\/schema\/logo\/image\/\"},\"sameAs\":[\"https:\/\/www.facebook.com\/skaitytaknyga\/\"]}]}<\/script>\n<!-- \/ Yoast SEO plugin. -->","yoast_head_json":{"title":"Kineziologija","description":"R\u016bta Dadelien\u0117 yra \u012fgijusi masa\u017eo (1994), ergoterapijos (1998), kineziterapijos (2001) specializacijas, baigusi VU organizuotus kursus \u201eFizioterapijos","robots":{"index":"index","follow":"follow","max-snippet":"max-snippet:-1","max-image-preview":"max-image-preview:large","max-video-preview":"max-video-preview:-1"},"canonical":"https:\/\/skaitytaknyga.lt\/en\/produktas\/kineziologija\/","og_locale":"en_GB","og_type":"article","og_title":"[:lt]Kineziologija[:] - Skaitytaknyga","og_description":"R\u016bta Dadelien\u0117 yra \u012fgijusi masa\u017eo (1994), ergoterapijos (1998), kineziterapijos (2001) specializacijas, baigusi VU organizuotus kursus \u201eFizioterapijos","og_url":"https:\/\/skaitytaknyga.lt\/en\/produktas\/kineziologija\/","og_site_name":"Skaitytaknyga","article_publisher":"https:\/\/www.facebook.com\/skaitytaknyga\/","article_modified_time":"2026-03-18T11:19:32+00:00","og_image":[{"width":300,"height":399,"url":"https:\/\/skaitytaknyga.lt\/wp-content\/uploads\/2025\/09\/Kineziologija-1.webp","type":"image\/webp"}],"twitter_card":"summary_large_image","twitter_misc":{"Estimated reading time":"1 minute"},"schema":{"@context":"https:\/\/schema.org","@graph":[{"@type":"WebPage","@id":"https:\/\/skaitytaknyga.lt\/produktas\/kineziologija\/","url":"https:\/\/skaitytaknyga.lt\/produktas\/kineziologija\/","name":"Kineziologija","isPartOf":{"@id":"https:\/\/skaitytaknyga.lt\/#website"},"primaryImageOfPage":{"@id":"https:\/\/skaitytaknyga.lt\/produktas\/kineziologija\/#primaryimage"},"image":{"@id":"https:\/\/skaitytaknyga.lt\/produktas\/kineziologija\/#primaryimage"},"thumbnailUrl":"https:\/\/skaitytaknyga.lt\/wp-content\/uploads\/2025\/09\/Kineziologija-1.webp","datePublished":"2025-09-20T16:46:57+00:00","dateModified":"2026-03-18T11:19:32+00:00","description":"R\u016bta Dadelien\u0117 yra \u012fgijusi masa\u017eo (1994), ergoterapijos (1998), kineziterapijos (2001) specializacijas, baigusi VU organizuotus kursus \u201eFizioterapijos","breadcrumb":{"@id":"https:\/\/skaitytaknyga.lt\/produktas\/kineziologija\/#breadcrumb"},"inLanguage":"en-GB","potentialAction":[{"@type":"ReadAction","target":["https:\/\/skaitytaknyga.lt\/produktas\/kineziologija\/"]}]},{"@type":"ImageObject","inLanguage":"en-GB","@id":"https:\/\/skaitytaknyga.lt\/produktas\/kineziologija\/#primaryimage","url":"https:\/\/skaitytaknyga.lt\/wp-content\/uploads\/2025\/09\/Kineziologija-1.webp","contentUrl":"https:\/\/skaitytaknyga.lt\/wp-content\/uploads\/2025\/09\/Kineziologija-1.webp","width":300,"height":399,"caption":"Kineziologija"},{"@type":"BreadcrumbList","@id":"https:\/\/skaitytaknyga.lt\/produktas\/kineziologija\/#breadcrumb","itemListElement":[{"@type":"ListItem","position":1,"name":"Home","item":"https:\/\/skaitytaknyga.lt\/"},{"@type":"ListItem","position":2,"name":"Parduotuv\u0117","item":"https:\/\/skaitytaknyga.lt\/knygu-parduotuve\/"},{"@type":"ListItem","position":3,"name":"Kineziologija"}]},{"@type":"WebSite","@id":"https:\/\/skaitytaknyga.lt\/#website","url":"https:\/\/skaitytaknyga.lt\/","name":"skaitytaknyga.lt","description":"Skaitytaknyga.lt \u2013 tai ma\u017eas \u0161eimos verslas, kuris prasid\u0117jo nuo meil\u0117s knygoms ir siekio i\u0161gelb\u0117ti knygas nuo likimo prie konteinerio. Kas vienam nereikalingas daiktas \u2013 kitam lobis, o mes esame tarpininkai, kurie padeda abiems tapti laimingesniems ???? \u017dinome kaip nelengva i\u0161gyventi ma\u017eiems verslams, tad nuo \u0161iol, \u010dia rasite ir kit\u0173, ma\u017e\u0173 \u0161eim\u0173 versl\u0173, rank\u0173 darbo, dovan\u0173 sau ir artimiesiems.","publisher":{"@id":"https:\/\/skaitytaknyga.lt\/#organization"},"potentialAction":[{"@type":"SearchAction","target":{"@type":"EntryPoint","urlTemplate":"https:\/\/skaitytaknyga.lt\/?s={search_term_string}"},"query-input":{"@type":"PropertyValueSpecification","valueRequired":true,"valueName":"search_term_string"}}],"inLanguage":"en-GB"},{"@type":"Organization","@id":"https:\/\/skaitytaknyga.lt\/#organization","name":"skaitytaknyga.lt","url":"https:\/\/skaitytaknyga.lt\/","logo":{"@type":"ImageObject","inLanguage":"en-GB","@id":"https:\/\/skaitytaknyga.lt\/#\/schema\/logo\/image\/","url":"https:\/\/skaitytaknyga.lt\/wp-content\/uploads\/2024\/05\/cropped-cropped-cropped-02_00843_jt3bggkj1j3HLc7SyY6rEUpg.jpeg","contentUrl":"https:\/\/skaitytaknyga.lt\/wp-content\/uploads\/2024\/05\/cropped-cropped-cropped-02_00843_jt3bggkj1j3HLc7SyY6rEUpg.jpeg","width":1600,"height":1600,"caption":"skaitytaknyga.lt"},"image":{"@id":"https:\/\/skaitytaknyga.lt\/#\/schema\/logo\/image\/"},"sameAs":["https:\/\/www.facebook.com\/skaitytaknyga\/"]}]}},"_links":{"self":[{"href":"https:\/\/skaitytaknyga.lt\/en\/wp-json\/wp\/v2\/product\/20989","targetHints":{"allow":["GET"]}}],"collection":[{"href":"https:\/\/skaitytaknyga.lt\/en\/wp-json\/wp\/v2\/product"}],"about":[{"href":"https:\/\/skaitytaknyga.lt\/en\/wp-json\/wp\/v2\/types\/product"}],"replies":[{"embeddable":true,"href":"https:\/\/skaitytaknyga.lt\/en\/wp-json\/wp\/v2\/comments?post=20989"}],"wp:featuredmedia":[{"embeddable":true,"href":"https:\/\/skaitytaknyga.lt\/en\/wp-json\/wp\/v2\/media\/21006"}],"wp:attachment":[{"href":"https:\/\/skaitytaknyga.lt\/en\/wp-json\/wp\/v2\/media?parent=20989"}],"wp:term":[{"taxonomy":"product_brand","embeddable":true,"href":"https:\/\/skaitytaknyga.lt\/en\/wp-json\/wp\/v2\/product_brand?post=20989"},{"taxonomy":"product_cat","embeddable":true,"href":"https:\/\/skaitytaknyga.lt\/en\/wp-json\/wp\/v2\/product_cat?post=20989"},{"taxonomy":"product_tag","embeddable":true,"href":"https:\/\/skaitytaknyga.lt\/en\/wp-json\/wp\/v2\/product_tag?post=20989"}],"curies":[{"name":"wp","href":"https:\/\/api.w.org\/{rel}","templated":true}]}}