{"id":20987,"date":"2025-09-20T19:46:56","date_gmt":"2025-09-20T16:46:56","guid":{"rendered":"https:\/\/skaitytaknyga.lt\/?post_type=product&#038;p=20987"},"modified":"2025-10-06T11:26:03","modified_gmt":"2025-10-06T08:26:03","slug":"grejaus-kalnas","status":"publish","type":"product","link":"https:\/\/skaitytaknyga.lt\/en\/produktas\/grejaus-kalnas\/","title":{"rendered":"Gr\u0117jaus kalnas"},"content":{"rendered":"<p>Samantos Kofer karjera did\u017eiul\u0117je Volstrito teis\u0117 firmoje klostosi kuo puikiausiai, ta\u010diau recesija, ir ji patenka \u012f etat\u0173 ma\u017einimo m\u0117smal\u0119. Ta\u010diau Samanta &#8211; viena i\u0161 bendradarbi\u0173, kuriai &#8220;pasisek\u0117&#8221;. Jai pasi\u016bloma metus be atlygio dirbti teisin\u0117s pagalbos klinikoje, o po to galb\u016bt atsiras menkut\u0117 galimyb\u0117 sugr\u012f\u017eti \u012f ankstesnes pareigas.<\/p>\n<p>Samanta i\u0161 Manhatano persikelia \u012f nedidel\u012f Vird\u017einijos miestel\u012f Breid\u012f pa\u010diame kalnuotosios Apalei\u010dijos viduryje. Ten Kaln\u0173 teisin\u0117s pagalbos klinikai vadovaujanti Met\u0117 Vajat daugyb\u0119 met\u0173 be atlygio gina paprastus \u017emones ir padeda spr\u0119sti j\u0173 problemas, kai niekas nesiima ginti j\u0173 teisi\u0173. Netrukus Samanta su\u017eino, kad Breidis, kaip ir daugelis ma\u017e\u0173 miesteli\u0173, slepia nema\u017eai paslap\u010di\u0173.<\/p>\n<p>Naujas darbas ir pa\u017eintis su teisininku Donovanu Gr\u0117jumi, Samant\u0105 nuveda \u012f tams\u0173 ir pavojing\u0105 pasaul\u012f, kur \u012fstatymai da\u017enai lau\u017eomi, taisykli\u0173 nepaisoma, o \u012f \u017emones numojama ranka. Smurtas tyko \u010dia pat u\u017e kampo, ir per kelias savaites Samanta pasijunta \u012ftraukta \u012f bylin\u0117jim\u0105si, kuris tampa mirtinai pavojingas.<\/p>\n","protected":false},"excerpt":{"rendered":"<p>Samantos Kofer karjera did\u017eiul\u0117je Volstrito teis\u0117 firmoje klostosi kuo puikiausiai, ta\u010diau recesija, ir ji patenka \u012f etat\u0173 ma\u017einimo m\u0117smal\u0119. Ta\u010diau Samanta &#8211; viena i\u0161 bendradarbi\u0173, kuriai &#8220;pasisek\u0117&#8221;. Jai pasi\u016bloma metus be atlygio dirbti teisin\u0117s pagalbos klinikoje, o po to galb\u016bt atsiras menkut\u0117 galimyb\u0117 sugr\u012f\u017eti \u012f ankstesnes pareigas. Samanta i\u0161 Manhatano persikelia \u012f nedidel\u012f Vird\u017einijos miestel\u012f Breid\u012f pa\u010diame kalnuotosios Apalei\u010dijos viduryje. Ten Kaln\u0173 teisin\u0117s pagalbos klinikai vadovaujanti Met\u0117 Vajat daugyb\u0119 met\u0173 be atlygio gina paprastus \u017emones ir padeda spr\u0119sti j\u0173 problemas, kai niekas nesiima ginti j\u0173 teisi\u0173. Netrukus Samanta su\u017eino, kad Breidis, kaip ir daugelis ma\u017e\u0173 miesteli\u0173, slepia nema\u017eai paslap\u010di\u0173. Naujas darbas ir pa\u017eintis su teisininku Donovanu Gr\u0117jumi, Samant\u0105 nuveda \u012f tams\u0173 ir pavojing\u0105 pasaul\u012f, kur \u012fstatymai da\u017enai lau\u017eomi, taisykli\u0173 nepaisoma, o \u012f \u017emones numojama ranka. Smurtas tyko \u010dia pat u\u017e kampo, ir per kelias savaites Samanta pasijunta \u012ftraukta \u012f bylin\u0117jim\u0105si, kuris tampa mirtinai pavojingas.<\/p>\n","protected":false},"featured_media":20992,"comment_status":"open","ping_status":"closed","template":"","meta":{"_acf_changed":false,"site-sidebar-layout":"default","site-content-layout":"","ast-site-content-layout":"default","site-content-style":"default","site-sidebar-style":"default","ast-global-header-display":"","ast-banner-title-visibility":"","ast-main-header-display":"","ast-hfb-above-header-display":"","ast-hfb-below-header-display":"","ast-hfb-mobile-header-display":"","site-post-title":"","ast-breadcrumbs-content":"","ast-featured-img":"","footer-sml-layout":"","ast-disable-related-posts":"","theme-transparent-header-meta":"","adv-header-id-meta":"","stick-header-meta":"","header-above-stick-meta":"","header-main-stick-meta":"","header-below-stick-meta":"","astra-migrate-meta-layouts":"default","ast-page-background-enabled":"default","ast-page-background-meta":{"desktop":{"background-color":"","background-image":"","background-repeat":"repeat","background-position":"center center","background-size":"auto","background-attachment":"scroll","background-type":"","background-media":"","overlay-type":"","overlay-color":"","overlay-opacity":"","overlay-gradient":""},"tablet":{"background-color":"","background-image":"","background-repeat":"repeat","background-position":"center center","background-size":"auto","background-attachment":"scroll","background-type":"","background-media":"","overlay-type":"","overlay-color":"","overlay-opacity":"","overlay-gradient":""},"mobile":{"background-color":"","background-image":"","background-repeat":"repeat","background-position":"center center","background-size":"auto","background-attachment":"scroll","background-type":"","background-media":"","overlay-type":"","overlay-color":"","overlay-opacity":"","overlay-gradient":""}},"ast-content-background-meta":{"desktop":{"background-color":"var(--ast-global-color-4)","background-image":"","background-repeat":"repeat","background-position":"center center","background-size":"auto","background-attachment":"scroll","background-type":"","background-media":"","overlay-type":"","overlay-color":"","overlay-opacity":"","overlay-gradient":""},"tablet":{"background-color":"var(--ast-global-color-4)","background-image":"","background-repeat":"repeat","background-position":"center center","background-size":"auto","background-attachment":"scroll","background-type":"","background-media":"","overlay-type":"","overlay-color":"","overlay-opacity":"","overlay-gradient":""},"mobile":{"background-color":"var(--ast-global-color-4)","background-image":"","background-repeat":"repeat","background-position":"center center","background-size":"auto","background-attachment":"scroll","background-type":"","background-media":"","overlay-type":"","overlay-color":"","overlay-opacity":"","overlay-gradient":""}}},"product_brand":[],"product_cat":[31],"product_tag":[8456,4529,1478,8457,8458],"class_list":{"0":"post-20987","1":"product","2":"type-product","3":"status-publish","4":"has-post-thumbnail","6":"product_cat-grozine-literatura","7":"product_tag-john-grisham-teisine-pagalba","8":"product_tag-mazas-miestelis","9":"product_tag-paslaptys","10":"product_tag-recesija","11":"product_tag-teisines-problemos","12":"desktop-align-left","13":"tablet-align-left","14":"mobile-align-left","16":"first","17":"instock","18":"shipping-taxable","19":"purchasable","20":"product-type-simple"},"acf":[],"yoast_head":"<!-- This site is optimized with the Yoast SEO plugin v27.0 - https:\/\/yoast.com\/product\/yoast-seo-wordpress\/ -->\n<title>Gr\u0117jaus kalnas<\/title>\n<meta name=\"description\" content=\"Samantos Kofer karjera did\u017eiul\u0117je Volstrito teis\u0117 firmoje klostosi kuo puikiausiai, ta\u010diau recesija, ir ji patenka \u012f etat\u0173 ma\u017einimo m\u0117smal\u0119. Ta\u010diau\" \/>\n<meta name=\"robots\" content=\"index, follow, max-snippet:-1, max-image-preview:large, max-video-preview:-1\" \/>\n<link rel=\"canonical\" href=\"https:\/\/skaitytaknyga.lt\/en\/produktas\/grejaus-kalnas\/\" \/>\n<meta property=\"og:locale\" content=\"en_GB\" \/>\n<meta property=\"og:locale:alternate\" content=\"lt_LT\" \/>\n<meta property=\"og:type\" content=\"article\" \/>\n<meta property=\"og:title\" content=\"Gr\u0117jaus kalnas\" \/>\n<meta property=\"og:description\" content=\"Samantos Kofer karjera did\u017eiul\u0117je Volstrito teis\u0117 firmoje klostosi kuo puikiausiai, ta\u010diau recesija, ir ji patenka \u012f etat\u0173 ma\u017einimo m\u0117smal\u0119. Ta\u010diau\" \/>\n<meta property=\"og:url\" content=\"https:\/\/skaitytaknyga.lt\/en\/produktas\/grejaus-kalnas\/\" \/>\n<meta property=\"og:site_name\" content=\"Skaitytaknyga\" \/>\n<meta property=\"article:publisher\" content=\"https:\/\/www.facebook.com\/skaitytaknyga\/\" \/>\n<meta property=\"article:modified_time\" content=\"2025-10-06T08:26:03+00:00\" \/>\n<meta property=\"og:image\" content=\"https:\/\/skaitytaknyga.lt\/wp-content\/uploads\/2025\/09\/Grejaus-kalnas.jpeg\" \/>\n\t<meta property=\"og:image:width\" content=\"183\" \/>\n\t<meta property=\"og:image:height\" content=\"276\" \/>\n\t<meta property=\"og:image:type\" content=\"image\/jpeg\" \/>\n<meta name=\"twitter:card\" content=\"summary_large_image\" \/>\n<meta name=\"twitter:label1\" content=\"Estimated reading time\" \/>\n\t<meta name=\"twitter:data1\" content=\"1 minute\" \/>\n<script type=\"application\/ld+json\" class=\"yoast-schema-graph\">{\"@context\":\"https:\/\/schema.org\",\"@graph\":[{\"@type\":\"WebPage\",\"@id\":\"https:\/\/skaitytaknyga.lt\/produktas\/grejaus-kalnas\/\",\"url\":\"https:\/\/skaitytaknyga.lt\/produktas\/grejaus-kalnas\/\",\"name\":\"Gr\u0117jaus kalnas\",\"isPartOf\":{\"@id\":\"https:\/\/skaitytaknyga.lt\/#website\"},\"primaryImageOfPage\":{\"@id\":\"https:\/\/skaitytaknyga.lt\/produktas\/grejaus-kalnas\/#primaryimage\"},\"image\":{\"@id\":\"https:\/\/skaitytaknyga.lt\/produktas\/grejaus-kalnas\/#primaryimage\"},\"thumbnailUrl\":\"https:\/\/skaitytaknyga.lt\/wp-content\/uploads\/2025\/09\/Grejaus-kalnas.jpeg\",\"datePublished\":\"2025-09-20T16:46:56+00:00\",\"dateModified\":\"2025-10-06T08:26:03+00:00\",\"description\":\"Samantos Kofer karjera did\u017eiul\u0117je Volstrito teis\u0117 firmoje klostosi kuo puikiausiai, ta\u010diau recesija, ir ji patenka \u012f etat\u0173 ma\u017einimo m\u0117smal\u0119. Ta\u010diau\",\"breadcrumb\":{\"@id\":\"https:\/\/skaitytaknyga.lt\/produktas\/grejaus-kalnas\/#breadcrumb\"},\"inLanguage\":\"en-GB\",\"potentialAction\":[{\"@type\":\"ReadAction\",\"target\":[\"https:\/\/skaitytaknyga.lt\/produktas\/grejaus-kalnas\/\"]}]},{\"@type\":\"ImageObject\",\"inLanguage\":\"en-GB\",\"@id\":\"https:\/\/skaitytaknyga.lt\/produktas\/grejaus-kalnas\/#primaryimage\",\"url\":\"https:\/\/skaitytaknyga.lt\/wp-content\/uploads\/2025\/09\/Grejaus-kalnas.jpeg\",\"contentUrl\":\"https:\/\/skaitytaknyga.lt\/wp-content\/uploads\/2025\/09\/Grejaus-kalnas.jpeg\",\"width\":183,\"height\":276,\"caption\":\"Gr\u0117jaus kalnas\"},{\"@type\":\"BreadcrumbList\",\"@id\":\"https:\/\/skaitytaknyga.lt\/produktas\/grejaus-kalnas\/#breadcrumb\",\"itemListElement\":[{\"@type\":\"ListItem\",\"position\":1,\"name\":\"Home\",\"item\":\"https:\/\/skaitytaknyga.lt\/\"},{\"@type\":\"ListItem\",\"position\":2,\"name\":\"Parduotuv\u0117\",\"item\":\"https:\/\/skaitytaknyga.lt\/knygu-parduotuve\/\"},{\"@type\":\"ListItem\",\"position\":3,\"name\":\"Gr\u0117jaus kalnas\"}]},{\"@type\":\"WebSite\",\"@id\":\"https:\/\/skaitytaknyga.lt\/#website\",\"url\":\"https:\/\/skaitytaknyga.lt\/\",\"name\":\"skaitytaknyga.lt\",\"description\":\"Skaitytaknyga.lt \u2013 tai ma\u017eas \u0161eimos verslas, kuris prasid\u0117jo nuo meil\u0117s knygoms ir siekio i\u0161gelb\u0117ti knygas nuo likimo prie konteinerio. Kas vienam nereikalingas daiktas \u2013 kitam lobis, o mes esame tarpininkai, kurie padeda abiems tapti laimingesniems ???? \u017dinome kaip nelengva i\u0161gyventi ma\u017eiems verslams, tad nuo \u0161iol, \u010dia rasite ir kit\u0173, ma\u017e\u0173 \u0161eim\u0173 versl\u0173, rank\u0173 darbo, dovan\u0173 sau ir artimiesiems.\",\"publisher\":{\"@id\":\"https:\/\/skaitytaknyga.lt\/#organization\"},\"potentialAction\":[{\"@type\":\"SearchAction\",\"target\":{\"@type\":\"EntryPoint\",\"urlTemplate\":\"https:\/\/skaitytaknyga.lt\/?s={search_term_string}\"},\"query-input\":{\"@type\":\"PropertyValueSpecification\",\"valueRequired\":true,\"valueName\":\"search_term_string\"}}],\"inLanguage\":\"en-GB\"},{\"@type\":\"Organization\",\"@id\":\"https:\/\/skaitytaknyga.lt\/#organization\",\"name\":\"skaitytaknyga.lt\",\"url\":\"https:\/\/skaitytaknyga.lt\/\",\"logo\":{\"@type\":\"ImageObject\",\"inLanguage\":\"en-GB\",\"@id\":\"https:\/\/skaitytaknyga.lt\/#\/schema\/logo\/image\/\",\"url\":\"https:\/\/skaitytaknyga.lt\/wp-content\/uploads\/2024\/05\/cropped-cropped-cropped-02_00843_jt3bggkj1j3HLc7SyY6rEUpg.jpeg\",\"contentUrl\":\"https:\/\/skaitytaknyga.lt\/wp-content\/uploads\/2024\/05\/cropped-cropped-cropped-02_00843_jt3bggkj1j3HLc7SyY6rEUpg.jpeg\",\"width\":1600,\"height\":1600,\"caption\":\"skaitytaknyga.lt\"},\"image\":{\"@id\":\"https:\/\/skaitytaknyga.lt\/#\/schema\/logo\/image\/\"},\"sameAs\":[\"https:\/\/www.facebook.com\/skaitytaknyga\/\"]}]}<\/script>\n<!-- \/ Yoast SEO plugin. -->","yoast_head_json":{"title":"Gr\u0117jaus kalnas","description":"Samantos Kofer karjera did\u017eiul\u0117je Volstrito teis\u0117 firmoje klostosi kuo puikiausiai, ta\u010diau recesija, ir ji patenka \u012f etat\u0173 ma\u017einimo m\u0117smal\u0119. Ta\u010diau","robots":{"index":"index","follow":"follow","max-snippet":"max-snippet:-1","max-image-preview":"max-image-preview:large","max-video-preview":"max-video-preview:-1"},"canonical":"https:\/\/skaitytaknyga.lt\/en\/produktas\/grejaus-kalnas\/","og_locale":"en_GB","og_type":"article","og_title":"[:lt]Gr\u0117jaus kalnas[:] - Skaitytaknyga","og_description":"Samantos Kofer karjera did\u017eiul\u0117je Volstrito teis\u0117 firmoje klostosi kuo puikiausiai, ta\u010diau recesija, ir ji patenka \u012f etat\u0173 ma\u017einimo m\u0117smal\u0119. Ta\u010diau","og_url":"https:\/\/skaitytaknyga.lt\/en\/produktas\/grejaus-kalnas\/","og_site_name":"Skaitytaknyga","article_publisher":"https:\/\/www.facebook.com\/skaitytaknyga\/","article_modified_time":"2025-10-06T08:26:03+00:00","og_image":[{"width":183,"height":276,"url":"https:\/\/skaitytaknyga.lt\/wp-content\/uploads\/2025\/09\/Grejaus-kalnas.jpeg","type":"image\/jpeg"}],"twitter_card":"summary_large_image","twitter_misc":{"Estimated reading time":"1 minute"},"schema":{"@context":"https:\/\/schema.org","@graph":[{"@type":"WebPage","@id":"https:\/\/skaitytaknyga.lt\/produktas\/grejaus-kalnas\/","url":"https:\/\/skaitytaknyga.lt\/produktas\/grejaus-kalnas\/","name":"Gr\u0117jaus kalnas","isPartOf":{"@id":"https:\/\/skaitytaknyga.lt\/#website"},"primaryImageOfPage":{"@id":"https:\/\/skaitytaknyga.lt\/produktas\/grejaus-kalnas\/#primaryimage"},"image":{"@id":"https:\/\/skaitytaknyga.lt\/produktas\/grejaus-kalnas\/#primaryimage"},"thumbnailUrl":"https:\/\/skaitytaknyga.lt\/wp-content\/uploads\/2025\/09\/Grejaus-kalnas.jpeg","datePublished":"2025-09-20T16:46:56+00:00","dateModified":"2025-10-06T08:26:03+00:00","description":"Samantos Kofer karjera did\u017eiul\u0117je Volstrito teis\u0117 firmoje klostosi kuo puikiausiai, ta\u010diau recesija, ir ji patenka \u012f etat\u0173 ma\u017einimo m\u0117smal\u0119. Ta\u010diau","breadcrumb":{"@id":"https:\/\/skaitytaknyga.lt\/produktas\/grejaus-kalnas\/#breadcrumb"},"inLanguage":"en-GB","potentialAction":[{"@type":"ReadAction","target":["https:\/\/skaitytaknyga.lt\/produktas\/grejaus-kalnas\/"]}]},{"@type":"ImageObject","inLanguage":"en-GB","@id":"https:\/\/skaitytaknyga.lt\/produktas\/grejaus-kalnas\/#primaryimage","url":"https:\/\/skaitytaknyga.lt\/wp-content\/uploads\/2025\/09\/Grejaus-kalnas.jpeg","contentUrl":"https:\/\/skaitytaknyga.lt\/wp-content\/uploads\/2025\/09\/Grejaus-kalnas.jpeg","width":183,"height":276,"caption":"Gr\u0117jaus kalnas"},{"@type":"BreadcrumbList","@id":"https:\/\/skaitytaknyga.lt\/produktas\/grejaus-kalnas\/#breadcrumb","itemListElement":[{"@type":"ListItem","position":1,"name":"Home","item":"https:\/\/skaitytaknyga.lt\/"},{"@type":"ListItem","position":2,"name":"Parduotuv\u0117","item":"https:\/\/skaitytaknyga.lt\/knygu-parduotuve\/"},{"@type":"ListItem","position":3,"name":"Gr\u0117jaus kalnas"}]},{"@type":"WebSite","@id":"https:\/\/skaitytaknyga.lt\/#website","url":"https:\/\/skaitytaknyga.lt\/","name":"skaitytaknyga.lt","description":"Skaitytaknyga.lt \u2013 tai ma\u017eas \u0161eimos verslas, kuris prasid\u0117jo nuo meil\u0117s knygoms ir siekio i\u0161gelb\u0117ti knygas nuo likimo prie konteinerio. Kas vienam nereikalingas daiktas \u2013 kitam lobis, o mes esame tarpininkai, kurie padeda abiems tapti laimingesniems ???? \u017dinome kaip nelengva i\u0161gyventi ma\u017eiems verslams, tad nuo \u0161iol, \u010dia rasite ir kit\u0173, ma\u017e\u0173 \u0161eim\u0173 versl\u0173, rank\u0173 darbo, dovan\u0173 sau ir artimiesiems.","publisher":{"@id":"https:\/\/skaitytaknyga.lt\/#organization"},"potentialAction":[{"@type":"SearchAction","target":{"@type":"EntryPoint","urlTemplate":"https:\/\/skaitytaknyga.lt\/?s={search_term_string}"},"query-input":{"@type":"PropertyValueSpecification","valueRequired":true,"valueName":"search_term_string"}}],"inLanguage":"en-GB"},{"@type":"Organization","@id":"https:\/\/skaitytaknyga.lt\/#organization","name":"skaitytaknyga.lt","url":"https:\/\/skaitytaknyga.lt\/","logo":{"@type":"ImageObject","inLanguage":"en-GB","@id":"https:\/\/skaitytaknyga.lt\/#\/schema\/logo\/image\/","url":"https:\/\/skaitytaknyga.lt\/wp-content\/uploads\/2024\/05\/cropped-cropped-cropped-02_00843_jt3bggkj1j3HLc7SyY6rEUpg.jpeg","contentUrl":"https:\/\/skaitytaknyga.lt\/wp-content\/uploads\/2024\/05\/cropped-cropped-cropped-02_00843_jt3bggkj1j3HLc7SyY6rEUpg.jpeg","width":1600,"height":1600,"caption":"skaitytaknyga.lt"},"image":{"@id":"https:\/\/skaitytaknyga.lt\/#\/schema\/logo\/image\/"},"sameAs":["https:\/\/www.facebook.com\/skaitytaknyga\/"]}]}},"_links":{"self":[{"href":"https:\/\/skaitytaknyga.lt\/en\/wp-json\/wp\/v2\/product\/20987","targetHints":{"allow":["GET"]}}],"collection":[{"href":"https:\/\/skaitytaknyga.lt\/en\/wp-json\/wp\/v2\/product"}],"about":[{"href":"https:\/\/skaitytaknyga.lt\/en\/wp-json\/wp\/v2\/types\/product"}],"replies":[{"embeddable":true,"href":"https:\/\/skaitytaknyga.lt\/en\/wp-json\/wp\/v2\/comments?post=20987"}],"wp:featuredmedia":[{"embeddable":true,"href":"https:\/\/skaitytaknyga.lt\/en\/wp-json\/wp\/v2\/media\/20992"}],"wp:attachment":[{"href":"https:\/\/skaitytaknyga.lt\/en\/wp-json\/wp\/v2\/media?parent=20987"}],"wp:term":[{"taxonomy":"product_brand","embeddable":true,"href":"https:\/\/skaitytaknyga.lt\/en\/wp-json\/wp\/v2\/product_brand?post=20987"},{"taxonomy":"product_cat","embeddable":true,"href":"https:\/\/skaitytaknyga.lt\/en\/wp-json\/wp\/v2\/product_cat?post=20987"},{"taxonomy":"product_tag","embeddable":true,"href":"https:\/\/skaitytaknyga.lt\/en\/wp-json\/wp\/v2\/product_tag?post=20987"}],"curies":[{"name":"wp","href":"https:\/\/api.w.org\/{rel}","templated":true}]}}