{"id":20980,"date":"2025-09-20T19:33:12","date_gmt":"2025-09-20T16:33:12","guid":{"rendered":"https:\/\/skaitytaknyga.lt\/?post_type=product&#038;p=20980"},"modified":"2026-03-05T13:40:07","modified_gmt":"2026-03-05T11:40:07","slug":"melagis","status":"publish","type":"product","link":"https:\/\/skaitytaknyga.lt\/en\/produktas\/melagis\/","title":{"rendered":"Melagis"},"content":{"rendered":"<p>\u0160elb\u0119 Pomeroj priblo\u0161kia \u017einia apie keist\u0105 jos vyro \u017e\u016bt\u012f per nelaiming\u0105 atsitikim\u0105. Ta\u010diau jo mirtis atskleid\u017eia siaubing\u0105 ties\u0105 \u2014 Ri\u010dardas buvo klastingas suk\u010dius. Dabar \u0160elbei reikia susidoroti su pasekm\u0117mis \u2014 mil\u017eini\u0161komis, bauginan\u010diomis skolomis ir besikaupian\u010diais \u012frodymais, kad jos velionis vyras i\u0161dav\u0117 j\u0105 visais \u012fmanomais b\u016bdais.<\/p>\n<p>Sudau\u017eyta \u0161irdimi, ta\u010diau nepalau\u017eta, \u0160elb\u0117 pasiry\u017eusi i\u0161spr\u0119sti savo problemas \u2014 bent jau d\u0117l nuostabiosios dukrel\u0117s Kel\u0117s. Sugr\u012f\u017eusi namo \u012f Tenes\u012f ir \u012f \u0161eim\u0105, kuri\u0105 ji man\u0117si praradusi am\u017eiams, savyje suranda nauj\u0173 j\u0117g\u0173 ir dvasin\u0117s stipryb\u0117s. Vil\u010di\u0173 jai suteikia gra\u017euolis statybininkas Grifinas Lotas \u2014 tiesus ir atviras vyras, kuris nesugeb\u0117t\u0173 meluoti, net jei bandyt\u0173.<\/p>\n<p>Bet \u0160elb\u0117s Pomeroj sugr\u012f\u017eimu \u012f miestel\u012f d\u017eiaugiasi ne visi. Ir kai sukre\u010dian\u010dio nu\u017eudymo tyrimas nuveda prie ne\u0161vari\u0173 Ri\u010dardo darbeli\u0173, tuomet paai\u0161k\u0117ja, kad ji n\u0117ra saugi netgi jam mirus. Gr\u0117sm\u0117s akivaizdoje \u0160elb\u0117 privalo stoti prie\u0161 praeities mel\u0105 \u2014 arba prarasti visk\u0105.<\/p>\n","protected":false},"excerpt":{"rendered":"<p>\u0160elb\u0119 Pomeroj priblo\u0161kia \u017einia apie keist\u0105 jos vyro \u017e\u016bt\u012f per nelaiming\u0105 atsitikim\u0105. Ta\u010diau jo mirtis atskleid\u017eia siaubing\u0105 ties\u0105 \u2014 Ri\u010dardas buvo klastingas suk\u010dius. Dabar \u0160elbei reikia susidoroti su pasekm\u0117mis \u2014 mil\u017eini\u0161komis, bauginan\u010diomis skolomis ir besikaupian\u010diais \u012frodymais, kad jos velionis vyras i\u0161dav\u0117 j\u0105 visais \u012fmanomais b\u016bdais. Sudau\u017eyta \u0161irdimi, ta\u010diau nepalau\u017eta, \u0160elb\u0117 pasiry\u017eusi i\u0161spr\u0119sti savo problemas \u2014 bent jau d\u0117l nuostabiosios dukrel\u0117s Kel\u0117s. Sugr\u012f\u017eusi namo \u012f Tenes\u012f ir \u012f \u0161eim\u0105, kuri\u0105 ji man\u0117si praradusi am\u017eiams, savyje suranda nauj\u0173 j\u0117g\u0173 ir dvasin\u0117s stipryb\u0117s. Vil\u010di\u0173 jai suteikia gra\u017euolis statybininkas Grifinas Lotas \u2014 tiesus ir atviras vyras, kuris nesugeb\u0117t\u0173 meluoti, net jei bandyt\u0173. Bet \u0160elb\u0117s Pomeroj sugr\u012f\u017eimu \u012f miestel\u012f d\u017eiaugiasi ne visi. Ir kai sukre\u010dian\u010dio nu\u017eudymo tyrimas nuveda prie ne\u0161vari\u0173 Ri\u010dardo darbeli\u0173, tuomet paai\u0161k\u0117ja, kad ji n\u0117ra saugi netgi jam mirus. Gr\u0117sm\u0117s akivaizdoje \u0160elb\u0117 privalo stoti prie\u0161 praeities mel\u0105 \u2014 arba prarasti visk\u0105.<\/p>\n","protected":false},"featured_media":20985,"comment_status":"open","ping_status":"closed","template":"","meta":{"_acf_changed":false,"site-sidebar-layout":"default","site-content-layout":"","ast-site-content-layout":"default","site-content-style":"default","site-sidebar-style":"default","ast-global-header-display":"","ast-banner-title-visibility":"","ast-main-header-display":"","ast-hfb-above-header-display":"","ast-hfb-below-header-display":"","ast-hfb-mobile-header-display":"","site-post-title":"","ast-breadcrumbs-content":"","ast-featured-img":"","footer-sml-layout":"","ast-disable-related-posts":"","theme-transparent-header-meta":"","adv-header-id-meta":"","stick-header-meta":"","header-above-stick-meta":"","header-main-stick-meta":"","header-below-stick-meta":"","astra-migrate-meta-layouts":"default","ast-page-background-enabled":"default","ast-page-background-meta":{"desktop":{"background-color":"","background-image":"","background-repeat":"repeat","background-position":"center center","background-size":"auto","background-attachment":"scroll","background-type":"","background-media":"","overlay-type":"","overlay-color":"","overlay-opacity":"","overlay-gradient":""},"tablet":{"background-color":"","background-image":"","background-repeat":"repeat","background-position":"center center","background-size":"auto","background-attachment":"scroll","background-type":"","background-media":"","overlay-type":"","overlay-color":"","overlay-opacity":"","overlay-gradient":""},"mobile":{"background-color":"","background-image":"","background-repeat":"repeat","background-position":"center center","background-size":"auto","background-attachment":"scroll","background-type":"","background-media":"","overlay-type":"","overlay-color":"","overlay-opacity":"","overlay-gradient":""}},"ast-content-background-meta":{"desktop":{"background-color":"var(--ast-global-color-4)","background-image":"","background-repeat":"repeat","background-position":"center center","background-size":"auto","background-attachment":"scroll","background-type":"","background-media":"","overlay-type":"","overlay-color":"","overlay-opacity":"","overlay-gradient":""},"tablet":{"background-color":"var(--ast-global-color-4)","background-image":"","background-repeat":"repeat","background-position":"center center","background-size":"auto","background-attachment":"scroll","background-type":"","background-media":"","overlay-type":"","overlay-color":"","overlay-opacity":"","overlay-gradient":""},"mobile":{"background-color":"var(--ast-global-color-4)","background-image":"","background-repeat":"repeat","background-position":"center center","background-size":"auto","background-attachment":"scroll","background-type":"","background-media":"","overlay-type":"","overlay-color":"","overlay-opacity":"","overlay-gradient":""}}},"product_brand":[],"product_cat":[9580],"product_tag":[1796,3163,8543,1478,3145,4560,8541,8542,2096,3244],"class_list":{"0":"post-20980","1":"product","2":"type-product","3":"status-publish","4":"has-post-thumbnail","6":"product_cat-psichologiniai-detektyvai","7":"product_tag-meile","8":"product_tag-miestelis","9":"product_tag-nuotaka","10":"product_tag-paslaptys","11":"product_tag-pavojus","12":"product_tag-siaubas","13":"product_tag-skolos","14":"product_tag-sukciavimas","15":"product_tag-teise","16":"product_tag-tyrimas","17":"desktop-align-left","18":"tablet-align-left","19":"mobile-align-left","21":"first","22":"instock","23":"shipping-taxable","24":"purchasable","25":"product-type-simple"},"acf":[],"yoast_head":"<!-- This site is optimized with the Yoast SEO plugin v27.0 - https:\/\/yoast.com\/product\/yoast-seo-wordpress\/ -->\n<title>Melagis<\/title>\n<meta name=\"description\" content=\"\u0160elb\u0119 Pomeroj priblo\u0161kia \u017einia apie keist\u0105 jos vyro \u017e\u016bt\u012f per nelaiming\u0105 atsitikim\u0105. Ta\u010diau jo mirtis atskleid\u017eia siaubing\u0105 ties\u0105 \u2014 Ri\u010dardas buvo\" \/>\n<meta name=\"robots\" content=\"index, follow, max-snippet:-1, max-image-preview:large, max-video-preview:-1\" \/>\n<link rel=\"canonical\" href=\"https:\/\/skaitytaknyga.lt\/en\/produktas\/melagis\/\" \/>\n<meta property=\"og:locale\" content=\"en_GB\" \/>\n<meta property=\"og:locale:alternate\" content=\"lt_LT\" \/>\n<meta property=\"og:type\" content=\"article\" \/>\n<meta property=\"og:title\" content=\"Melagis\" \/>\n<meta property=\"og:description\" content=\"\u0160elb\u0119 Pomeroj priblo\u0161kia \u017einia apie keist\u0105 jos vyro \u017e\u016bt\u012f per nelaiming\u0105 atsitikim\u0105. Ta\u010diau jo mirtis atskleid\u017eia siaubing\u0105 ties\u0105 \u2014 Ri\u010dardas buvo\" \/>\n<meta property=\"og:url\" content=\"https:\/\/skaitytaknyga.lt\/en\/produktas\/melagis\/\" \/>\n<meta property=\"og:site_name\" content=\"Skaitytaknyga\" \/>\n<meta property=\"article:publisher\" content=\"https:\/\/www.facebook.com\/skaitytaknyga\/\" \/>\n<meta property=\"article:modified_time\" content=\"2026-03-05T11:40:07+00:00\" \/>\n<meta property=\"og:image\" content=\"https:\/\/skaitytaknyga.lt\/wp-content\/uploads\/2025\/09\/Melagis.jpg\" \/>\n\t<meta property=\"og:image:width\" content=\"198\" \/>\n\t<meta property=\"og:image:height\" content=\"300\" \/>\n\t<meta property=\"og:image:type\" content=\"image\/jpeg\" \/>\n<meta name=\"twitter:card\" content=\"summary_large_image\" \/>\n<meta name=\"twitter:label1\" content=\"Estimated reading time\" \/>\n\t<meta name=\"twitter:data1\" content=\"1 minute\" \/>\n<script type=\"application\/ld+json\" class=\"yoast-schema-graph\">{\"@context\":\"https:\/\/schema.org\",\"@graph\":[{\"@type\":\"WebPage\",\"@id\":\"https:\/\/skaitytaknyga.lt\/produktas\/melagis\/\",\"url\":\"https:\/\/skaitytaknyga.lt\/produktas\/melagis\/\",\"name\":\"Melagis\",\"isPartOf\":{\"@id\":\"https:\/\/skaitytaknyga.lt\/#website\"},\"primaryImageOfPage\":{\"@id\":\"https:\/\/skaitytaknyga.lt\/produktas\/melagis\/#primaryimage\"},\"image\":{\"@id\":\"https:\/\/skaitytaknyga.lt\/produktas\/melagis\/#primaryimage\"},\"thumbnailUrl\":\"https:\/\/skaitytaknyga.lt\/wp-content\/uploads\/2025\/09\/Melagis.jpg\",\"datePublished\":\"2025-09-20T16:33:12+00:00\",\"dateModified\":\"2026-03-05T11:40:07+00:00\",\"description\":\"\u0160elb\u0119 Pomeroj priblo\u0161kia \u017einia apie keist\u0105 jos vyro \u017e\u016bt\u012f per nelaiming\u0105 atsitikim\u0105. Ta\u010diau jo mirtis atskleid\u017eia siaubing\u0105 ties\u0105 \u2014 Ri\u010dardas buvo\",\"breadcrumb\":{\"@id\":\"https:\/\/skaitytaknyga.lt\/produktas\/melagis\/#breadcrumb\"},\"inLanguage\":\"en-GB\",\"potentialAction\":[{\"@type\":\"ReadAction\",\"target\":[\"https:\/\/skaitytaknyga.lt\/produktas\/melagis\/\"]}]},{\"@type\":\"ImageObject\",\"inLanguage\":\"en-GB\",\"@id\":\"https:\/\/skaitytaknyga.lt\/produktas\/melagis\/#primaryimage\",\"url\":\"https:\/\/skaitytaknyga.lt\/wp-content\/uploads\/2025\/09\/Melagis.jpg\",\"contentUrl\":\"https:\/\/skaitytaknyga.lt\/wp-content\/uploads\/2025\/09\/Melagis.jpg\",\"width\":198,\"height\":300},{\"@type\":\"BreadcrumbList\",\"@id\":\"https:\/\/skaitytaknyga.lt\/produktas\/melagis\/#breadcrumb\",\"itemListElement\":[{\"@type\":\"ListItem\",\"position\":1,\"name\":\"Home\",\"item\":\"https:\/\/skaitytaknyga.lt\/\"},{\"@type\":\"ListItem\",\"position\":2,\"name\":\"Parduotuv\u0117\",\"item\":\"https:\/\/skaitytaknyga.lt\/knygu-parduotuve\/\"},{\"@type\":\"ListItem\",\"position\":3,\"name\":\"Melagis\"}]},{\"@type\":\"WebSite\",\"@id\":\"https:\/\/skaitytaknyga.lt\/#website\",\"url\":\"https:\/\/skaitytaknyga.lt\/\",\"name\":\"skaitytaknyga.lt\",\"description\":\"Skaitytaknyga.lt \u2013 tai ma\u017eas \u0161eimos verslas, kuris prasid\u0117jo nuo meil\u0117s knygoms ir siekio i\u0161gelb\u0117ti knygas nuo likimo prie konteinerio. Kas vienam nereikalingas daiktas \u2013 kitam lobis, o mes esame tarpininkai, kurie padeda abiems tapti laimingesniems ???? \u017dinome kaip nelengva i\u0161gyventi ma\u017eiems verslams, tad nuo \u0161iol, \u010dia rasite ir kit\u0173, ma\u017e\u0173 \u0161eim\u0173 versl\u0173, rank\u0173 darbo, dovan\u0173 sau ir artimiesiems.\",\"publisher\":{\"@id\":\"https:\/\/skaitytaknyga.lt\/#organization\"},\"potentialAction\":[{\"@type\":\"SearchAction\",\"target\":{\"@type\":\"EntryPoint\",\"urlTemplate\":\"https:\/\/skaitytaknyga.lt\/?s={search_term_string}\"},\"query-input\":{\"@type\":\"PropertyValueSpecification\",\"valueRequired\":true,\"valueName\":\"search_term_string\"}}],\"inLanguage\":\"en-GB\"},{\"@type\":\"Organization\",\"@id\":\"https:\/\/skaitytaknyga.lt\/#organization\",\"name\":\"skaitytaknyga.lt\",\"url\":\"https:\/\/skaitytaknyga.lt\/\",\"logo\":{\"@type\":\"ImageObject\",\"inLanguage\":\"en-GB\",\"@id\":\"https:\/\/skaitytaknyga.lt\/#\/schema\/logo\/image\/\",\"url\":\"https:\/\/skaitytaknyga.lt\/wp-content\/uploads\/2024\/05\/cropped-cropped-cropped-02_00843_jt3bggkj1j3HLc7SyY6rEUpg.jpeg\",\"contentUrl\":\"https:\/\/skaitytaknyga.lt\/wp-content\/uploads\/2024\/05\/cropped-cropped-cropped-02_00843_jt3bggkj1j3HLc7SyY6rEUpg.jpeg\",\"width\":1600,\"height\":1600,\"caption\":\"skaitytaknyga.lt\"},\"image\":{\"@id\":\"https:\/\/skaitytaknyga.lt\/#\/schema\/logo\/image\/\"},\"sameAs\":[\"https:\/\/www.facebook.com\/skaitytaknyga\/\"]}]}<\/script>\n<!-- \/ Yoast SEO plugin. -->","yoast_head_json":{"title":"Melagis","description":"\u0160elb\u0119 Pomeroj priblo\u0161kia \u017einia apie keist\u0105 jos vyro \u017e\u016bt\u012f per nelaiming\u0105 atsitikim\u0105. Ta\u010diau jo mirtis atskleid\u017eia siaubing\u0105 ties\u0105 \u2014 Ri\u010dardas buvo","robots":{"index":"index","follow":"follow","max-snippet":"max-snippet:-1","max-image-preview":"max-image-preview:large","max-video-preview":"max-video-preview:-1"},"canonical":"https:\/\/skaitytaknyga.lt\/en\/produktas\/melagis\/","og_locale":"en_GB","og_type":"article","og_title":"[:lt]Melagis[:] - Skaitytaknyga","og_description":"\u0160elb\u0119 Pomeroj priblo\u0161kia \u017einia apie keist\u0105 jos vyro \u017e\u016bt\u012f per nelaiming\u0105 atsitikim\u0105. Ta\u010diau jo mirtis atskleid\u017eia siaubing\u0105 ties\u0105 \u2014 Ri\u010dardas buvo","og_url":"https:\/\/skaitytaknyga.lt\/en\/produktas\/melagis\/","og_site_name":"Skaitytaknyga","article_publisher":"https:\/\/www.facebook.com\/skaitytaknyga\/","article_modified_time":"2026-03-05T11:40:07+00:00","og_image":[{"width":198,"height":300,"url":"https:\/\/skaitytaknyga.lt\/wp-content\/uploads\/2025\/09\/Melagis.jpg","type":"image\/jpeg"}],"twitter_card":"summary_large_image","twitter_misc":{"Estimated reading time":"1 minute"},"schema":{"@context":"https:\/\/schema.org","@graph":[{"@type":"WebPage","@id":"https:\/\/skaitytaknyga.lt\/produktas\/melagis\/","url":"https:\/\/skaitytaknyga.lt\/produktas\/melagis\/","name":"Melagis","isPartOf":{"@id":"https:\/\/skaitytaknyga.lt\/#website"},"primaryImageOfPage":{"@id":"https:\/\/skaitytaknyga.lt\/produktas\/melagis\/#primaryimage"},"image":{"@id":"https:\/\/skaitytaknyga.lt\/produktas\/melagis\/#primaryimage"},"thumbnailUrl":"https:\/\/skaitytaknyga.lt\/wp-content\/uploads\/2025\/09\/Melagis.jpg","datePublished":"2025-09-20T16:33:12+00:00","dateModified":"2026-03-05T11:40:07+00:00","description":"\u0160elb\u0119 Pomeroj priblo\u0161kia \u017einia apie keist\u0105 jos vyro \u017e\u016bt\u012f per nelaiming\u0105 atsitikim\u0105. Ta\u010diau jo mirtis atskleid\u017eia siaubing\u0105 ties\u0105 \u2014 Ri\u010dardas buvo","breadcrumb":{"@id":"https:\/\/skaitytaknyga.lt\/produktas\/melagis\/#breadcrumb"},"inLanguage":"en-GB","potentialAction":[{"@type":"ReadAction","target":["https:\/\/skaitytaknyga.lt\/produktas\/melagis\/"]}]},{"@type":"ImageObject","inLanguage":"en-GB","@id":"https:\/\/skaitytaknyga.lt\/produktas\/melagis\/#primaryimage","url":"https:\/\/skaitytaknyga.lt\/wp-content\/uploads\/2025\/09\/Melagis.jpg","contentUrl":"https:\/\/skaitytaknyga.lt\/wp-content\/uploads\/2025\/09\/Melagis.jpg","width":198,"height":300},{"@type":"BreadcrumbList","@id":"https:\/\/skaitytaknyga.lt\/produktas\/melagis\/#breadcrumb","itemListElement":[{"@type":"ListItem","position":1,"name":"Home","item":"https:\/\/skaitytaknyga.lt\/"},{"@type":"ListItem","position":2,"name":"Parduotuv\u0117","item":"https:\/\/skaitytaknyga.lt\/knygu-parduotuve\/"},{"@type":"ListItem","position":3,"name":"Melagis"}]},{"@type":"WebSite","@id":"https:\/\/skaitytaknyga.lt\/#website","url":"https:\/\/skaitytaknyga.lt\/","name":"skaitytaknyga.lt","description":"Skaitytaknyga.lt \u2013 tai ma\u017eas \u0161eimos verslas, kuris prasid\u0117jo nuo meil\u0117s knygoms ir siekio i\u0161gelb\u0117ti knygas nuo likimo prie konteinerio. Kas vienam nereikalingas daiktas \u2013 kitam lobis, o mes esame tarpininkai, kurie padeda abiems tapti laimingesniems ???? \u017dinome kaip nelengva i\u0161gyventi ma\u017eiems verslams, tad nuo \u0161iol, \u010dia rasite ir kit\u0173, ma\u017e\u0173 \u0161eim\u0173 versl\u0173, rank\u0173 darbo, dovan\u0173 sau ir artimiesiems.","publisher":{"@id":"https:\/\/skaitytaknyga.lt\/#organization"},"potentialAction":[{"@type":"SearchAction","target":{"@type":"EntryPoint","urlTemplate":"https:\/\/skaitytaknyga.lt\/?s={search_term_string}"},"query-input":{"@type":"PropertyValueSpecification","valueRequired":true,"valueName":"search_term_string"}}],"inLanguage":"en-GB"},{"@type":"Organization","@id":"https:\/\/skaitytaknyga.lt\/#organization","name":"skaitytaknyga.lt","url":"https:\/\/skaitytaknyga.lt\/","logo":{"@type":"ImageObject","inLanguage":"en-GB","@id":"https:\/\/skaitytaknyga.lt\/#\/schema\/logo\/image\/","url":"https:\/\/skaitytaknyga.lt\/wp-content\/uploads\/2024\/05\/cropped-cropped-cropped-02_00843_jt3bggkj1j3HLc7SyY6rEUpg.jpeg","contentUrl":"https:\/\/skaitytaknyga.lt\/wp-content\/uploads\/2024\/05\/cropped-cropped-cropped-02_00843_jt3bggkj1j3HLc7SyY6rEUpg.jpeg","width":1600,"height":1600,"caption":"skaitytaknyga.lt"},"image":{"@id":"https:\/\/skaitytaknyga.lt\/#\/schema\/logo\/image\/"},"sameAs":["https:\/\/www.facebook.com\/skaitytaknyga\/"]}]}},"_links":{"self":[{"href":"https:\/\/skaitytaknyga.lt\/en\/wp-json\/wp\/v2\/product\/20980","targetHints":{"allow":["GET"]}}],"collection":[{"href":"https:\/\/skaitytaknyga.lt\/en\/wp-json\/wp\/v2\/product"}],"about":[{"href":"https:\/\/skaitytaknyga.lt\/en\/wp-json\/wp\/v2\/types\/product"}],"replies":[{"embeddable":true,"href":"https:\/\/skaitytaknyga.lt\/en\/wp-json\/wp\/v2\/comments?post=20980"}],"wp:featuredmedia":[{"embeddable":true,"href":"https:\/\/skaitytaknyga.lt\/en\/wp-json\/wp\/v2\/media\/20985"}],"wp:attachment":[{"href":"https:\/\/skaitytaknyga.lt\/en\/wp-json\/wp\/v2\/media?parent=20980"}],"wp:term":[{"taxonomy":"product_brand","embeddable":true,"href":"https:\/\/skaitytaknyga.lt\/en\/wp-json\/wp\/v2\/product_brand?post=20980"},{"taxonomy":"product_cat","embeddable":true,"href":"https:\/\/skaitytaknyga.lt\/en\/wp-json\/wp\/v2\/product_cat?post=20980"},{"taxonomy":"product_tag","embeddable":true,"href":"https:\/\/skaitytaknyga.lt\/en\/wp-json\/wp\/v2\/product_tag?post=20980"}],"curies":[{"name":"wp","href":"https:\/\/api.w.org\/{rel}","templated":true}]}}