{"id":20979,"date":"2025-09-20T19:33:12","date_gmt":"2025-09-20T16:33:12","guid":{"rendered":"https:\/\/skaitytaknyga.lt\/?post_type=product&#038;p=20979"},"modified":"2026-03-05T15:58:06","modified_gmt":"2026-03-05T13:58:06","slug":"apsedimas","status":"publish","type":"product","link":"https:\/\/skaitytaknyga.lt\/en\/produktas\/apsedimas\/","title":{"rendered":"Aps\u0117dimas"},"content":{"rendered":"<p>Ji stov\u0117jo giliame tamsiame mi\u0161ke vos kv\u0117puodama ir jausdama, kaip \u0161iurpsta nugara, nors oras buvo kar\u0161tas ir tvankus. Ji \u017eeng\u0117 \u017eingsn\u012f atgal, tada kit\u0105, apimta noro b\u0117gti.<\/p>\n<p>Naom\u0117 Bouz prarado sielos ramyb\u0119 t\u0105 nakt\u012f, kai nusek\u0117 paskui savo t\u0117v\u0105 \u012f mi\u0161k\u0105. I\u0161laisvinusi mergin\u0105, \u012fkalint\u0105 r\u016bsyje, dvylikamet\u0117 atskleid\u0117 siaubing\u0105 savo t\u0117vo nusikaltim\u0173 mast\u0105 ir i\u0161k\u0117l\u0117 \u012f vie\u0161um\u0105 jo \u0161lyk\u0161\u010dius darbelius. Nepaisant vis\u0173 bandym\u0173 b\u016bti laimingai, Naom\u0117 niekaip negali atsikratyti Tomo Deivido Bouzo nuod\u0117mi\u0173.<\/p>\n<p>Tapusi s\u0117kminga fotografe Naom\u0117 u\u017e t\u016bkstan\u010di\u0173 myli\u0173 nuo savo gimt\u0173j\u0173 viet\u0173 susiranda \u0161ird\u017eiai miel\u0105 kampel\u012f ir \u012fsigyja did\u017eiul\u012f sen\u0105 nam\u0105. Mergina trok\u0161ta m\u0117gautis vienuma, ta\u010diau draugi\u0161ki Sanrais K\u00f2vo gyventojai ver\u010dia j\u0105 atsiverti \u2014 ypa\u010d atkaklusis Ksanderis Kitonas.<\/p>\n<p>Naom\u0117 jau\u010dia, kad jos sielos \u0161arvai tr\u016bkin\u0117ja, ir supranta, jog ry\u0161ys, kur\u012f jai si\u016blo naujasis gyvenimas, yra tai, ko visada paslap\u010dia tro\u0161ko. Ta\u010diau t\u0117vo nuod\u0117m\u0117s gali tapti aps\u0117dimu, o kaip jau ne kart\u0105 \u012fsitikino, jos praeitis seka \u012fkandin.<\/p>\n","protected":false},"excerpt":{"rendered":"<p>Ji stov\u0117jo giliame tamsiame mi\u0161ke vos kv\u0117puodama ir jausdama, kaip \u0161iurpsta nugara, nors oras buvo kar\u0161tas ir tvankus. Ji \u017eeng\u0117 \u017eingsn\u012f atgal, tada kit\u0105, apimta noro b\u0117gti. Naom\u0117 Bouz prarado sielos ramyb\u0119 t\u0105 nakt\u012f, kai nusek\u0117 paskui savo t\u0117v\u0105 \u012f mi\u0161k\u0105. I\u0161laisvinusi mergin\u0105, \u012fkalint\u0105 r\u016bsyje, dvylikamet\u0117 atskleid\u0117 siaubing\u0105 savo t\u0117vo nusikaltim\u0173 mast\u0105 ir i\u0161k\u0117l\u0117 \u012f vie\u0161um\u0105 jo \u0161lyk\u0161\u010dius darbelius. Nepaisant vis\u0173 bandym\u0173 b\u016bti laimingai, Naom\u0117 niekaip negali atsikratyti Tomo Deivido Bouzo nuod\u0117mi\u0173. Tapusi s\u0117kminga fotografe Naom\u0117 u\u017e t\u016bkstan\u010di\u0173 myli\u0173 nuo savo gimt\u0173j\u0173 viet\u0173 susiranda \u0161ird\u017eiai miel\u0105 kampel\u012f ir \u012fsigyja did\u017eiul\u012f sen\u0105 nam\u0105. Mergina trok\u0161ta m\u0117gautis vienuma, ta\u010diau draugi\u0161ki Sanrais K\u00f2vo gyventojai ver\u010dia j\u0105 atsiverti \u2014 ypa\u010d atkaklusis Ksanderis Kitonas. Naom\u0117 jau\u010dia, kad jos sielos \u0161arvai tr\u016bkin\u0117ja, ir supranta, jog ry\u0161ys, kur\u012f jai si\u016blo naujasis gyvenimas, yra tai, ko visada paslap\u010dia tro\u0161ko. Ta\u010diau t\u0117vo nuod\u0117m\u0117s gali tapti aps\u0117dimu, o kaip jau ne kart\u0105 \u012fsitikino, jos praeitis seka \u012fkandin.<\/p>\n","protected":false},"featured_media":20984,"comment_status":"open","ping_status":"closed","template":"","meta":{"_acf_changed":false,"site-sidebar-layout":"default","site-content-layout":"","ast-site-content-layout":"default","site-content-style":"default","site-sidebar-style":"default","ast-global-header-display":"","ast-banner-title-visibility":"","ast-main-header-display":"","ast-hfb-above-header-display":"","ast-hfb-below-header-display":"","ast-hfb-mobile-header-display":"","site-post-title":"","ast-breadcrumbs-content":"","ast-featured-img":"","footer-sml-layout":"","ast-disable-related-posts":"","theme-transparent-header-meta":"","adv-header-id-meta":"","stick-header-meta":"","header-above-stick-meta":"","header-main-stick-meta":"","header-below-stick-meta":"","astra-migrate-meta-layouts":"default","ast-page-background-enabled":"default","ast-page-background-meta":{"desktop":{"background-color":"","background-image":"","background-repeat":"repeat","background-position":"center center","background-size":"auto","background-attachment":"scroll","background-type":"","background-media":"","overlay-type":"","overlay-color":"","overlay-opacity":"","overlay-gradient":""},"tablet":{"background-color":"","background-image":"","background-repeat":"repeat","background-position":"center center","background-size":"auto","background-attachment":"scroll","background-type":"","background-media":"","overlay-type":"","overlay-color":"","overlay-opacity":"","overlay-gradient":""},"mobile":{"background-color":"","background-image":"","background-repeat":"repeat","background-position":"center center","background-size":"auto","background-attachment":"scroll","background-type":"","background-media":"","overlay-type":"","overlay-color":"","overlay-opacity":"","overlay-gradient":""}},"ast-content-background-meta":{"desktop":{"background-color":"var(--ast-global-color-4)","background-image":"","background-repeat":"repeat","background-position":"center center","background-size":"auto","background-attachment":"scroll","background-type":"","background-media":"","overlay-type":"","overlay-color":"","overlay-opacity":"","overlay-gradient":""},"tablet":{"background-color":"var(--ast-global-color-4)","background-image":"","background-repeat":"repeat","background-position":"center center","background-size":"auto","background-attachment":"scroll","background-type":"","background-media":"","overlay-type":"","overlay-color":"","overlay-opacity":"","overlay-gradient":""},"mobile":{"background-color":"var(--ast-global-color-4)","background-image":"","background-repeat":"repeat","background-position":"center center","background-size":"auto","background-attachment":"scroll","background-type":"","background-media":"","overlay-type":"","overlay-color":"","overlay-opacity":"","overlay-gradient":""}}},"product_brand":[],"product_cat":[9580],"product_tag":[3116,3147,1664,3145,8538,8540,8539,8535,8536,8537],"class_list":{"0":"post-20979","1":"product","2":"type-product","3":"status-publish","4":"has-post-thumbnail","6":"product_cat-psichologiniai-detektyvai","7":"product_tag-apsedimas","8":"product_tag-fotografija","9":"product_tag-nusikaltimai","10":"product_tag-pavojus","11":"product_tag-priesas","12":"product_tag-rysys","13":"product_tag-sielos-ramybe","14":"product_tag-tamsus-miskas","15":"product_tag-tevo-nuodemes","16":"product_tag-vienuma","17":"desktop-align-left","18":"tablet-align-left","19":"mobile-align-left","21":"first","22":"instock","23":"shipping-taxable","24":"purchasable","25":"product-type-simple"},"acf":[],"yoast_head":"<!-- This site is optimized with the Yoast SEO plugin v27.0 - https:\/\/yoast.com\/product\/yoast-seo-wordpress\/ -->\n<title>Aps\u0117dimas<\/title>\n<meta name=\"description\" content=\"Ji stov\u0117jo giliame tamsiame mi\u0161ke vos kv\u0117puodama ir jausdama, kaip \u0161iurpsta nugara, nors oras buvo kar\u0161tas ir tvankus. Ji \u017eeng\u0117 \u017eingsn\u012f atgal, tada kit\u0105,\" \/>\n<meta name=\"robots\" content=\"index, follow, max-snippet:-1, max-image-preview:large, max-video-preview:-1\" \/>\n<link rel=\"canonical\" href=\"https:\/\/skaitytaknyga.lt\/en\/produktas\/apsedimas\/\" \/>\n<meta property=\"og:locale\" content=\"en_GB\" \/>\n<meta property=\"og:locale:alternate\" content=\"lt_LT\" \/>\n<meta property=\"og:type\" content=\"article\" \/>\n<meta property=\"og:title\" content=\"Aps\u0117dimas\" \/>\n<meta property=\"og:description\" content=\"Ji stov\u0117jo giliame tamsiame mi\u0161ke vos kv\u0117puodama ir jausdama, kaip \u0161iurpsta nugara, nors oras buvo kar\u0161tas ir tvankus. Ji \u017eeng\u0117 \u017eingsn\u012f atgal, tada kit\u0105,\" \/>\n<meta property=\"og:url\" content=\"https:\/\/skaitytaknyga.lt\/en\/produktas\/apsedimas\/\" \/>\n<meta property=\"og:site_name\" content=\"Skaitytaknyga\" \/>\n<meta property=\"article:publisher\" content=\"https:\/\/www.facebook.com\/skaitytaknyga\/\" \/>\n<meta property=\"article:modified_time\" content=\"2026-03-05T13:58:06+00:00\" \/>\n<meta property=\"og:image\" content=\"https:\/\/skaitytaknyga.lt\/wp-content\/uploads\/2025\/09\/Apsedimas-1.webp\" \/>\n\t<meta property=\"og:image:width\" content=\"300\" \/>\n\t<meta property=\"og:image:height\" content=\"453\" \/>\n\t<meta property=\"og:image:type\" content=\"image\/webp\" \/>\n<meta name=\"twitter:card\" content=\"summary_large_image\" \/>\n<meta name=\"twitter:label1\" content=\"Estimated reading time\" \/>\n\t<meta name=\"twitter:data1\" content=\"1 minute\" \/>\n<script type=\"application\/ld+json\" class=\"yoast-schema-graph\">{\"@context\":\"https:\/\/schema.org\",\"@graph\":[{\"@type\":\"WebPage\",\"@id\":\"https:\/\/skaitytaknyga.lt\/produktas\/apsedimas\/\",\"url\":\"https:\/\/skaitytaknyga.lt\/produktas\/apsedimas\/\",\"name\":\"Aps\u0117dimas\",\"isPartOf\":{\"@id\":\"https:\/\/skaitytaknyga.lt\/#website\"},\"primaryImageOfPage\":{\"@id\":\"https:\/\/skaitytaknyga.lt\/produktas\/apsedimas\/#primaryimage\"},\"image\":{\"@id\":\"https:\/\/skaitytaknyga.lt\/produktas\/apsedimas\/#primaryimage\"},\"thumbnailUrl\":\"https:\/\/skaitytaknyga.lt\/wp-content\/uploads\/2025\/09\/Apsedimas-1.webp\",\"datePublished\":\"2025-09-20T16:33:12+00:00\",\"dateModified\":\"2026-03-05T13:58:06+00:00\",\"description\":\"Ji stov\u0117jo giliame tamsiame mi\u0161ke vos kv\u0117puodama ir jausdama, kaip \u0161iurpsta nugara, nors oras buvo kar\u0161tas ir tvankus. Ji \u017eeng\u0117 \u017eingsn\u012f atgal, tada kit\u0105,\",\"breadcrumb\":{\"@id\":\"https:\/\/skaitytaknyga.lt\/produktas\/apsedimas\/#breadcrumb\"},\"inLanguage\":\"en-GB\",\"potentialAction\":[{\"@type\":\"ReadAction\",\"target\":[\"https:\/\/skaitytaknyga.lt\/produktas\/apsedimas\/\"]}]},{\"@type\":\"ImageObject\",\"inLanguage\":\"en-GB\",\"@id\":\"https:\/\/skaitytaknyga.lt\/produktas\/apsedimas\/#primaryimage\",\"url\":\"https:\/\/skaitytaknyga.lt\/wp-content\/uploads\/2025\/09\/Apsedimas-1.webp\",\"contentUrl\":\"https:\/\/skaitytaknyga.lt\/wp-content\/uploads\/2025\/09\/Apsedimas-1.webp\",\"width\":300,\"height\":453,\"caption\":\"Aps\u0117dimas\"},{\"@type\":\"BreadcrumbList\",\"@id\":\"https:\/\/skaitytaknyga.lt\/produktas\/apsedimas\/#breadcrumb\",\"itemListElement\":[{\"@type\":\"ListItem\",\"position\":1,\"name\":\"Home\",\"item\":\"https:\/\/skaitytaknyga.lt\/\"},{\"@type\":\"ListItem\",\"position\":2,\"name\":\"Parduotuv\u0117\",\"item\":\"https:\/\/skaitytaknyga.lt\/knygu-parduotuve\/\"},{\"@type\":\"ListItem\",\"position\":3,\"name\":\"Aps\u0117dimas\"}]},{\"@type\":\"WebSite\",\"@id\":\"https:\/\/skaitytaknyga.lt\/#website\",\"url\":\"https:\/\/skaitytaknyga.lt\/\",\"name\":\"skaitytaknyga.lt\",\"description\":\"Skaitytaknyga.lt \u2013 tai ma\u017eas \u0161eimos verslas, kuris prasid\u0117jo nuo meil\u0117s knygoms ir siekio i\u0161gelb\u0117ti knygas nuo likimo prie konteinerio. Kas vienam nereikalingas daiktas \u2013 kitam lobis, o mes esame tarpininkai, kurie padeda abiems tapti laimingesniems ???? \u017dinome kaip nelengva i\u0161gyventi ma\u017eiems verslams, tad nuo \u0161iol, \u010dia rasite ir kit\u0173, ma\u017e\u0173 \u0161eim\u0173 versl\u0173, rank\u0173 darbo, dovan\u0173 sau ir artimiesiems.\",\"publisher\":{\"@id\":\"https:\/\/skaitytaknyga.lt\/#organization\"},\"potentialAction\":[{\"@type\":\"SearchAction\",\"target\":{\"@type\":\"EntryPoint\",\"urlTemplate\":\"https:\/\/skaitytaknyga.lt\/?s={search_term_string}\"},\"query-input\":{\"@type\":\"PropertyValueSpecification\",\"valueRequired\":true,\"valueName\":\"search_term_string\"}}],\"inLanguage\":\"en-GB\"},{\"@type\":\"Organization\",\"@id\":\"https:\/\/skaitytaknyga.lt\/#organization\",\"name\":\"skaitytaknyga.lt\",\"url\":\"https:\/\/skaitytaknyga.lt\/\",\"logo\":{\"@type\":\"ImageObject\",\"inLanguage\":\"en-GB\",\"@id\":\"https:\/\/skaitytaknyga.lt\/#\/schema\/logo\/image\/\",\"url\":\"https:\/\/skaitytaknyga.lt\/wp-content\/uploads\/2024\/05\/cropped-cropped-cropped-02_00843_jt3bggkj1j3HLc7SyY6rEUpg.jpeg\",\"contentUrl\":\"https:\/\/skaitytaknyga.lt\/wp-content\/uploads\/2024\/05\/cropped-cropped-cropped-02_00843_jt3bggkj1j3HLc7SyY6rEUpg.jpeg\",\"width\":1600,\"height\":1600,\"caption\":\"skaitytaknyga.lt\"},\"image\":{\"@id\":\"https:\/\/skaitytaknyga.lt\/#\/schema\/logo\/image\/\"},\"sameAs\":[\"https:\/\/www.facebook.com\/skaitytaknyga\/\"]}]}<\/script>\n<!-- \/ Yoast SEO plugin. -->","yoast_head_json":{"title":"Aps\u0117dimas","description":"Ji stov\u0117jo giliame tamsiame mi\u0161ke vos kv\u0117puodama ir jausdama, kaip \u0161iurpsta nugara, nors oras buvo kar\u0161tas ir tvankus. Ji \u017eeng\u0117 \u017eingsn\u012f atgal, tada kit\u0105,","robots":{"index":"index","follow":"follow","max-snippet":"max-snippet:-1","max-image-preview":"max-image-preview:large","max-video-preview":"max-video-preview:-1"},"canonical":"https:\/\/skaitytaknyga.lt\/en\/produktas\/apsedimas\/","og_locale":"en_GB","og_type":"article","og_title":"[:lt]Aps\u0117dimas[:] - Skaitytaknyga","og_description":"Ji stov\u0117jo giliame tamsiame mi\u0161ke vos kv\u0117puodama ir jausdama, kaip \u0161iurpsta nugara, nors oras buvo kar\u0161tas ir tvankus. Ji \u017eeng\u0117 \u017eingsn\u012f atgal, tada kit\u0105,","og_url":"https:\/\/skaitytaknyga.lt\/en\/produktas\/apsedimas\/","og_site_name":"Skaitytaknyga","article_publisher":"https:\/\/www.facebook.com\/skaitytaknyga\/","article_modified_time":"2026-03-05T13:58:06+00:00","og_image":[{"width":300,"height":453,"url":"https:\/\/skaitytaknyga.lt\/wp-content\/uploads\/2025\/09\/Apsedimas-1.webp","type":"image\/webp"}],"twitter_card":"summary_large_image","twitter_misc":{"Estimated reading time":"1 minute"},"schema":{"@context":"https:\/\/schema.org","@graph":[{"@type":"WebPage","@id":"https:\/\/skaitytaknyga.lt\/produktas\/apsedimas\/","url":"https:\/\/skaitytaknyga.lt\/produktas\/apsedimas\/","name":"Aps\u0117dimas","isPartOf":{"@id":"https:\/\/skaitytaknyga.lt\/#website"},"primaryImageOfPage":{"@id":"https:\/\/skaitytaknyga.lt\/produktas\/apsedimas\/#primaryimage"},"image":{"@id":"https:\/\/skaitytaknyga.lt\/produktas\/apsedimas\/#primaryimage"},"thumbnailUrl":"https:\/\/skaitytaknyga.lt\/wp-content\/uploads\/2025\/09\/Apsedimas-1.webp","datePublished":"2025-09-20T16:33:12+00:00","dateModified":"2026-03-05T13:58:06+00:00","description":"Ji stov\u0117jo giliame tamsiame mi\u0161ke vos kv\u0117puodama ir jausdama, kaip \u0161iurpsta nugara, nors oras buvo kar\u0161tas ir tvankus. Ji \u017eeng\u0117 \u017eingsn\u012f atgal, tada kit\u0105,","breadcrumb":{"@id":"https:\/\/skaitytaknyga.lt\/produktas\/apsedimas\/#breadcrumb"},"inLanguage":"en-GB","potentialAction":[{"@type":"ReadAction","target":["https:\/\/skaitytaknyga.lt\/produktas\/apsedimas\/"]}]},{"@type":"ImageObject","inLanguage":"en-GB","@id":"https:\/\/skaitytaknyga.lt\/produktas\/apsedimas\/#primaryimage","url":"https:\/\/skaitytaknyga.lt\/wp-content\/uploads\/2025\/09\/Apsedimas-1.webp","contentUrl":"https:\/\/skaitytaknyga.lt\/wp-content\/uploads\/2025\/09\/Apsedimas-1.webp","width":300,"height":453,"caption":"Aps\u0117dimas"},{"@type":"BreadcrumbList","@id":"https:\/\/skaitytaknyga.lt\/produktas\/apsedimas\/#breadcrumb","itemListElement":[{"@type":"ListItem","position":1,"name":"Home","item":"https:\/\/skaitytaknyga.lt\/"},{"@type":"ListItem","position":2,"name":"Parduotuv\u0117","item":"https:\/\/skaitytaknyga.lt\/knygu-parduotuve\/"},{"@type":"ListItem","position":3,"name":"Aps\u0117dimas"}]},{"@type":"WebSite","@id":"https:\/\/skaitytaknyga.lt\/#website","url":"https:\/\/skaitytaknyga.lt\/","name":"skaitytaknyga.lt","description":"Skaitytaknyga.lt \u2013 tai ma\u017eas \u0161eimos verslas, kuris prasid\u0117jo nuo meil\u0117s knygoms ir siekio i\u0161gelb\u0117ti knygas nuo likimo prie konteinerio. Kas vienam nereikalingas daiktas \u2013 kitam lobis, o mes esame tarpininkai, kurie padeda abiems tapti laimingesniems ???? \u017dinome kaip nelengva i\u0161gyventi ma\u017eiems verslams, tad nuo \u0161iol, \u010dia rasite ir kit\u0173, ma\u017e\u0173 \u0161eim\u0173 versl\u0173, rank\u0173 darbo, dovan\u0173 sau ir artimiesiems.","publisher":{"@id":"https:\/\/skaitytaknyga.lt\/#organization"},"potentialAction":[{"@type":"SearchAction","target":{"@type":"EntryPoint","urlTemplate":"https:\/\/skaitytaknyga.lt\/?s={search_term_string}"},"query-input":{"@type":"PropertyValueSpecification","valueRequired":true,"valueName":"search_term_string"}}],"inLanguage":"en-GB"},{"@type":"Organization","@id":"https:\/\/skaitytaknyga.lt\/#organization","name":"skaitytaknyga.lt","url":"https:\/\/skaitytaknyga.lt\/","logo":{"@type":"ImageObject","inLanguage":"en-GB","@id":"https:\/\/skaitytaknyga.lt\/#\/schema\/logo\/image\/","url":"https:\/\/skaitytaknyga.lt\/wp-content\/uploads\/2024\/05\/cropped-cropped-cropped-02_00843_jt3bggkj1j3HLc7SyY6rEUpg.jpeg","contentUrl":"https:\/\/skaitytaknyga.lt\/wp-content\/uploads\/2024\/05\/cropped-cropped-cropped-02_00843_jt3bggkj1j3HLc7SyY6rEUpg.jpeg","width":1600,"height":1600,"caption":"skaitytaknyga.lt"},"image":{"@id":"https:\/\/skaitytaknyga.lt\/#\/schema\/logo\/image\/"},"sameAs":["https:\/\/www.facebook.com\/skaitytaknyga\/"]}]}},"_links":{"self":[{"href":"https:\/\/skaitytaknyga.lt\/en\/wp-json\/wp\/v2\/product\/20979","targetHints":{"allow":["GET"]}}],"collection":[{"href":"https:\/\/skaitytaknyga.lt\/en\/wp-json\/wp\/v2\/product"}],"about":[{"href":"https:\/\/skaitytaknyga.lt\/en\/wp-json\/wp\/v2\/types\/product"}],"replies":[{"embeddable":true,"href":"https:\/\/skaitytaknyga.lt\/en\/wp-json\/wp\/v2\/comments?post=20979"}],"wp:featuredmedia":[{"embeddable":true,"href":"https:\/\/skaitytaknyga.lt\/en\/wp-json\/wp\/v2\/media\/20984"}],"wp:attachment":[{"href":"https:\/\/skaitytaknyga.lt\/en\/wp-json\/wp\/v2\/media?parent=20979"}],"wp:term":[{"taxonomy":"product_brand","embeddable":true,"href":"https:\/\/skaitytaknyga.lt\/en\/wp-json\/wp\/v2\/product_brand?post=20979"},{"taxonomy":"product_cat","embeddable":true,"href":"https:\/\/skaitytaknyga.lt\/en\/wp-json\/wp\/v2\/product_cat?post=20979"},{"taxonomy":"product_tag","embeddable":true,"href":"https:\/\/skaitytaknyga.lt\/en\/wp-json\/wp\/v2\/product_tag?post=20979"}],"curies":[{"name":"wp","href":"https:\/\/api.w.org\/{rel}","templated":true}]}}