{"id":20970,"date":"2025-09-20T19:12:49","date_gmt":"2025-09-20T16:12:49","guid":{"rendered":"https:\/\/skaitytaknyga.lt\/?post_type=product&#038;p=20970"},"modified":"2026-03-05T11:30:03","modified_gmt":"2026-03-05T09:30:03","slug":"saziningos-iliuzijos","status":"publish","type":"product","link":"https:\/\/skaitytaknyga.lt\/en\/produktas\/saziningos-iliuzijos\/","title":{"rendered":"S\u0105\u017einingos iliuzijos"},"content":{"rendered":"<p>Vyras ir moteris, gyvenantys pavojais ir apgaule, panyra \u012f triu\u0161kinan\u010di\u0105 aistr\u0105 \u0161iame patraukliame romane, kur niekas n\u0117ra taip, kaip atrodo.<\/p>\n<p>Pasaulinio garso mago dukra Roks\u0117 Nuvel yra paveld\u0117jusi savo gydytojo talentus \u2014 tarp j\u0173 ir t\u0117vo polink\u012f vogti brangenybes. \u012e \u0161\u012f spalving\u0105 pasaul\u012f \u012f\u017eengia i\u0161silaisvinimo meistras Lukas Kelahenas, kuris pavergia jos \u0161ird\u012f, bet nei\u0161duoda sav\u0173 paslap\u010di\u0173, sudau\u017eysian\u010di\u0173 visas moters iliuzijas&#8230;<\/p>\n<p>Nora Roberts derina \u012fprastus elementus \u2014 kar\u0161t\u0105 seks\u0105, pagauli\u0105 istorij\u0105, \u0161irdies styg\u0173 virpinim\u0105 \u2014 su netik\u0117tais pos\u016bkiais ir gauna u\u017eburiant\u012f efekt\u0105.<\/p>\n<p>Kaina: 12,99 \u20ac<br \/>\nPerskaityta knyga:<br \/>\nNenauja knyga, kuri\u0105 parduoda privatus \u017emogus. <\/p>\n<p>Knyg\u0105 i\u0161si\u0173s knygos pardav\u0117jas Daiva.22.<\/p>\n<p>Pardav\u0117jo reitingas:<\/p>\n<p>60%<br \/>\nKnygos b\u016bkl\u0117<br \/>\nVir\u0161elio vir\u0161us truputi sulamdytas.<\/p>\n","protected":false},"excerpt":{"rendered":"<p>Vyras ir moteris, gyvenantys pavojais ir apgaule, panyra \u012f triu\u0161kinan\u010di\u0105 aistr\u0105 \u0161iame patraukliame romane, kur niekas n\u0117ra taip, kaip atrodo. Pasaulinio garso mago dukra Roks\u0117 Nuvel yra paveld\u0117jusi savo gydytojo talentus \u2014 tarp j\u0173 ir t\u0117vo polink\u012f vogti brangenybes. \u012e \u0161\u012f spalving\u0105 pasaul\u012f \u012f\u017eengia i\u0161silaisvinimo meistras Lukas Kelahenas, kuris pavergia jos \u0161ird\u012f, bet nei\u0161duoda sav\u0173 paslap\u010di\u0173, sudau\u017eysian\u010di\u0173 visas moters iliuzijas&#8230; Nora Roberts derina \u012fprastus elementus \u2014 kar\u0161t\u0105 seks\u0105, pagauli\u0105 istorij\u0105, \u0161irdies styg\u0173 virpinim\u0105 \u2014 su netik\u0117tais pos\u016bkiais ir gauna u\u017eburiant\u012f efekt\u0105. Kaina: 12,99 \u20ac Perskaityta knyga: Nenauja knyga, kuri\u0105 parduoda privatus \u017emogus. Knyg\u0105 i\u0161si\u0173s knygos pardav\u0117jas Daiva.22. Pardav\u0117jo reitingas: 60% Knygos b\u016bkl\u0117 Vir\u0161elio vir\u0161us truputi sulamdytas.<\/p>\n","protected":false},"featured_media":20976,"comment_status":"open","ping_status":"closed","template":"","meta":{"_acf_changed":false,"site-sidebar-layout":"default","site-content-layout":"","ast-site-content-layout":"default","site-content-style":"default","site-sidebar-style":"default","ast-global-header-display":"","ast-banner-title-visibility":"","ast-main-header-display":"","ast-hfb-above-header-display":"","ast-hfb-below-header-display":"","ast-hfb-mobile-header-display":"","site-post-title":"","ast-breadcrumbs-content":"","ast-featured-img":"","footer-sml-layout":"","ast-disable-related-posts":"","theme-transparent-header-meta":"","adv-header-id-meta":"","stick-header-meta":"","header-above-stick-meta":"","header-main-stick-meta":"","header-below-stick-meta":"","astra-migrate-meta-layouts":"default","ast-page-background-enabled":"default","ast-page-background-meta":{"desktop":{"background-color":"","background-image":"","background-repeat":"repeat","background-position":"center center","background-size":"auto","background-attachment":"scroll","background-type":"","background-media":"","overlay-type":"","overlay-color":"","overlay-opacity":"","overlay-gradient":""},"tablet":{"background-color":"","background-image":"","background-repeat":"repeat","background-position":"center center","background-size":"auto","background-attachment":"scroll","background-type":"","background-media":"","overlay-type":"","overlay-color":"","overlay-opacity":"","overlay-gradient":""},"mobile":{"background-color":"","background-image":"","background-repeat":"repeat","background-position":"center center","background-size":"auto","background-attachment":"scroll","background-type":"","background-media":"","overlay-type":"","overlay-color":"","overlay-opacity":"","overlay-gradient":""}},"ast-content-background-meta":{"desktop":{"background-color":"var(--ast-global-color-4)","background-image":"","background-repeat":"repeat","background-position":"center center","background-size":"auto","background-attachment":"scroll","background-type":"","background-media":"","overlay-type":"","overlay-color":"","overlay-opacity":"","overlay-gradient":""},"tablet":{"background-color":"var(--ast-global-color-4)","background-image":"","background-repeat":"repeat","background-position":"center center","background-size":"auto","background-attachment":"scroll","background-type":"","background-media":"","overlay-type":"","overlay-color":"","overlay-opacity":"","overlay-gradient":""},"mobile":{"background-color":"var(--ast-global-color-4)","background-image":"","background-repeat":"repeat","background-position":"center center","background-size":"auto","background-attachment":"scroll","background-type":"","background-media":"","overlay-type":"","overlay-color":"","overlay-opacity":"","overlay-gradient":""}}},"product_brand":[],"product_cat":[15],"product_tag":[2015,8506,8529,8530,3609,1755,1796,3060,1478,3145,1646],"class_list":{"0":"post-20970","1":"product","2":"type-product","3":"status-publish","4":"has-post-thumbnail","6":"product_cat-uncategorized","7":"product_tag-aistra","8":"product_tag-apgavystes","9":"product_tag-iliuzijos","10":"product_tag-issilaisvinimas","11":"product_tag-konfliktai","12":"product_tag-magija","13":"product_tag-meile","14":"product_tag-nora-roberts","15":"product_tag-paslaptys","16":"product_tag-pavojus","17":"product_tag-seima","18":"desktop-align-left","19":"tablet-align-left","20":"mobile-align-left","22":"first","23":"instock","24":"shipping-taxable","25":"purchasable","26":"product-type-simple"},"acf":[],"yoast_head":"<!-- This site is optimized with the Yoast SEO plugin v27.0 - https:\/\/yoast.com\/product\/yoast-seo-wordpress\/ -->\n<title>S\u0105\u017einingos iliuzijos<\/title>\n<meta name=\"description\" content=\"Vyras ir moteris, gyvenantys pavojais ir apgaule, panyra \u012f triu\u0161kinan\u010di\u0105 aistr\u0105 \u0161iame patraukliame romane, kur niekas n\u0117ra taip, kaip atrodo. Pasaulinio\" \/>\n<meta name=\"robots\" content=\"index, follow, max-snippet:-1, max-image-preview:large, max-video-preview:-1\" \/>\n<link rel=\"canonical\" href=\"https:\/\/skaitytaknyga.lt\/en\/produktas\/saziningos-iliuzijos\/\" \/>\n<meta property=\"og:locale\" content=\"en_GB\" \/>\n<meta property=\"og:locale:alternate\" content=\"lt_LT\" \/>\n<meta property=\"og:type\" content=\"article\" \/>\n<meta property=\"og:title\" content=\"S\u0105\u017einingos iliuzijos\" \/>\n<meta property=\"og:description\" content=\"Vyras ir moteris, gyvenantys pavojais ir apgaule, panyra \u012f triu\u0161kinan\u010di\u0105 aistr\u0105 \u0161iame patraukliame romane, kur niekas n\u0117ra taip, kaip atrodo. Pasaulinio\" \/>\n<meta property=\"og:url\" content=\"https:\/\/skaitytaknyga.lt\/en\/produktas\/saziningos-iliuzijos\/\" \/>\n<meta property=\"og:site_name\" content=\"Skaitytaknyga\" \/>\n<meta property=\"article:publisher\" content=\"https:\/\/www.facebook.com\/skaitytaknyga\/\" \/>\n<meta property=\"article:modified_time\" content=\"2026-03-05T09:30:03+00:00\" \/>\n<meta property=\"og:image\" content=\"https:\/\/skaitytaknyga.lt\/wp-content\/uploads\/2025\/09\/Saziningos-iliuzijos-1.webp\" \/>\n\t<meta property=\"og:image:width\" content=\"300\" \/>\n\t<meta property=\"og:image:height\" content=\"453\" \/>\n\t<meta property=\"og:image:type\" content=\"image\/webp\" \/>\n<meta name=\"twitter:card\" content=\"summary_large_image\" \/>\n<meta name=\"twitter:label1\" content=\"Estimated reading time\" \/>\n\t<meta name=\"twitter:data1\" content=\"1 minute\" \/>\n<script type=\"application\/ld+json\" class=\"yoast-schema-graph\">{\"@context\":\"https:\/\/schema.org\",\"@graph\":[{\"@type\":\"WebPage\",\"@id\":\"https:\/\/skaitytaknyga.lt\/produktas\/saziningos-iliuzijos\/\",\"url\":\"https:\/\/skaitytaknyga.lt\/produktas\/saziningos-iliuzijos\/\",\"name\":\"S\u0105\u017einingos iliuzijos\",\"isPartOf\":{\"@id\":\"https:\/\/skaitytaknyga.lt\/#website\"},\"primaryImageOfPage\":{\"@id\":\"https:\/\/skaitytaknyga.lt\/produktas\/saziningos-iliuzijos\/#primaryimage\"},\"image\":{\"@id\":\"https:\/\/skaitytaknyga.lt\/produktas\/saziningos-iliuzijos\/#primaryimage\"},\"thumbnailUrl\":\"https:\/\/skaitytaknyga.lt\/wp-content\/uploads\/2025\/09\/Saziningos-iliuzijos-1.webp\",\"datePublished\":\"2025-09-20T16:12:49+00:00\",\"dateModified\":\"2026-03-05T09:30:03+00:00\",\"description\":\"Vyras ir moteris, gyvenantys pavojais ir apgaule, panyra \u012f triu\u0161kinan\u010di\u0105 aistr\u0105 \u0161iame patraukliame romane, kur niekas n\u0117ra taip, kaip atrodo. Pasaulinio\",\"breadcrumb\":{\"@id\":\"https:\/\/skaitytaknyga.lt\/produktas\/saziningos-iliuzijos\/#breadcrumb\"},\"inLanguage\":\"en-GB\",\"potentialAction\":[{\"@type\":\"ReadAction\",\"target\":[\"https:\/\/skaitytaknyga.lt\/produktas\/saziningos-iliuzijos\/\"]}]},{\"@type\":\"ImageObject\",\"inLanguage\":\"en-GB\",\"@id\":\"https:\/\/skaitytaknyga.lt\/produktas\/saziningos-iliuzijos\/#primaryimage\",\"url\":\"https:\/\/skaitytaknyga.lt\/wp-content\/uploads\/2025\/09\/Saziningos-iliuzijos-1.webp\",\"contentUrl\":\"https:\/\/skaitytaknyga.lt\/wp-content\/uploads\/2025\/09\/Saziningos-iliuzijos-1.webp\",\"width\":300,\"height\":453},{\"@type\":\"BreadcrumbList\",\"@id\":\"https:\/\/skaitytaknyga.lt\/produktas\/saziningos-iliuzijos\/#breadcrumb\",\"itemListElement\":[{\"@type\":\"ListItem\",\"position\":1,\"name\":\"Home\",\"item\":\"https:\/\/skaitytaknyga.lt\/\"},{\"@type\":\"ListItem\",\"position\":2,\"name\":\"Parduotuv\u0117\",\"item\":\"https:\/\/skaitytaknyga.lt\/knygu-parduotuve\/\"},{\"@type\":\"ListItem\",\"position\":3,\"name\":\"S\u0105\u017einingos iliuzijos\"}]},{\"@type\":\"WebSite\",\"@id\":\"https:\/\/skaitytaknyga.lt\/#website\",\"url\":\"https:\/\/skaitytaknyga.lt\/\",\"name\":\"skaitytaknyga.lt\",\"description\":\"Skaitytaknyga.lt \u2013 tai ma\u017eas \u0161eimos verslas, kuris prasid\u0117jo nuo meil\u0117s knygoms ir siekio i\u0161gelb\u0117ti knygas nuo likimo prie konteinerio. Kas vienam nereikalingas daiktas \u2013 kitam lobis, o mes esame tarpininkai, kurie padeda abiems tapti laimingesniems ???? \u017dinome kaip nelengva i\u0161gyventi ma\u017eiems verslams, tad nuo \u0161iol, \u010dia rasite ir kit\u0173, ma\u017e\u0173 \u0161eim\u0173 versl\u0173, rank\u0173 darbo, dovan\u0173 sau ir artimiesiems.\",\"publisher\":{\"@id\":\"https:\/\/skaitytaknyga.lt\/#organization\"},\"potentialAction\":[{\"@type\":\"SearchAction\",\"target\":{\"@type\":\"EntryPoint\",\"urlTemplate\":\"https:\/\/skaitytaknyga.lt\/?s={search_term_string}\"},\"query-input\":{\"@type\":\"PropertyValueSpecification\",\"valueRequired\":true,\"valueName\":\"search_term_string\"}}],\"inLanguage\":\"en-GB\"},{\"@type\":\"Organization\",\"@id\":\"https:\/\/skaitytaknyga.lt\/#organization\",\"name\":\"skaitytaknyga.lt\",\"url\":\"https:\/\/skaitytaknyga.lt\/\",\"logo\":{\"@type\":\"ImageObject\",\"inLanguage\":\"en-GB\",\"@id\":\"https:\/\/skaitytaknyga.lt\/#\/schema\/logo\/image\/\",\"url\":\"https:\/\/skaitytaknyga.lt\/wp-content\/uploads\/2024\/05\/cropped-cropped-cropped-02_00843_jt3bggkj1j3HLc7SyY6rEUpg.jpeg\",\"contentUrl\":\"https:\/\/skaitytaknyga.lt\/wp-content\/uploads\/2024\/05\/cropped-cropped-cropped-02_00843_jt3bggkj1j3HLc7SyY6rEUpg.jpeg\",\"width\":1600,\"height\":1600,\"caption\":\"skaitytaknyga.lt\"},\"image\":{\"@id\":\"https:\/\/skaitytaknyga.lt\/#\/schema\/logo\/image\/\"},\"sameAs\":[\"https:\/\/www.facebook.com\/skaitytaknyga\/\"]}]}<\/script>\n<!-- \/ Yoast SEO plugin. -->","yoast_head_json":{"title":"S\u0105\u017einingos iliuzijos","description":"Vyras ir moteris, gyvenantys pavojais ir apgaule, panyra \u012f triu\u0161kinan\u010di\u0105 aistr\u0105 \u0161iame patraukliame romane, kur niekas n\u0117ra taip, kaip atrodo. Pasaulinio","robots":{"index":"index","follow":"follow","max-snippet":"max-snippet:-1","max-image-preview":"max-image-preview:large","max-video-preview":"max-video-preview:-1"},"canonical":"https:\/\/skaitytaknyga.lt\/en\/produktas\/saziningos-iliuzijos\/","og_locale":"en_GB","og_type":"article","og_title":"[:lt]S\u0105\u017einingos iliuzijos[:] - Skaitytaknyga","og_description":"Vyras ir moteris, gyvenantys pavojais ir apgaule, panyra \u012f triu\u0161kinan\u010di\u0105 aistr\u0105 \u0161iame patraukliame romane, kur niekas n\u0117ra taip, kaip atrodo. Pasaulinio","og_url":"https:\/\/skaitytaknyga.lt\/en\/produktas\/saziningos-iliuzijos\/","og_site_name":"Skaitytaknyga","article_publisher":"https:\/\/www.facebook.com\/skaitytaknyga\/","article_modified_time":"2026-03-05T09:30:03+00:00","og_image":[{"width":300,"height":453,"url":"https:\/\/skaitytaknyga.lt\/wp-content\/uploads\/2025\/09\/Saziningos-iliuzijos-1.webp","type":"image\/webp"}],"twitter_card":"summary_large_image","twitter_misc":{"Estimated reading time":"1 minute"},"schema":{"@context":"https:\/\/schema.org","@graph":[{"@type":"WebPage","@id":"https:\/\/skaitytaknyga.lt\/produktas\/saziningos-iliuzijos\/","url":"https:\/\/skaitytaknyga.lt\/produktas\/saziningos-iliuzijos\/","name":"S\u0105\u017einingos iliuzijos","isPartOf":{"@id":"https:\/\/skaitytaknyga.lt\/#website"},"primaryImageOfPage":{"@id":"https:\/\/skaitytaknyga.lt\/produktas\/saziningos-iliuzijos\/#primaryimage"},"image":{"@id":"https:\/\/skaitytaknyga.lt\/produktas\/saziningos-iliuzijos\/#primaryimage"},"thumbnailUrl":"https:\/\/skaitytaknyga.lt\/wp-content\/uploads\/2025\/09\/Saziningos-iliuzijos-1.webp","datePublished":"2025-09-20T16:12:49+00:00","dateModified":"2026-03-05T09:30:03+00:00","description":"Vyras ir moteris, gyvenantys pavojais ir apgaule, panyra \u012f triu\u0161kinan\u010di\u0105 aistr\u0105 \u0161iame patraukliame romane, kur niekas n\u0117ra taip, kaip atrodo. Pasaulinio","breadcrumb":{"@id":"https:\/\/skaitytaknyga.lt\/produktas\/saziningos-iliuzijos\/#breadcrumb"},"inLanguage":"en-GB","potentialAction":[{"@type":"ReadAction","target":["https:\/\/skaitytaknyga.lt\/produktas\/saziningos-iliuzijos\/"]}]},{"@type":"ImageObject","inLanguage":"en-GB","@id":"https:\/\/skaitytaknyga.lt\/produktas\/saziningos-iliuzijos\/#primaryimage","url":"https:\/\/skaitytaknyga.lt\/wp-content\/uploads\/2025\/09\/Saziningos-iliuzijos-1.webp","contentUrl":"https:\/\/skaitytaknyga.lt\/wp-content\/uploads\/2025\/09\/Saziningos-iliuzijos-1.webp","width":300,"height":453},{"@type":"BreadcrumbList","@id":"https:\/\/skaitytaknyga.lt\/produktas\/saziningos-iliuzijos\/#breadcrumb","itemListElement":[{"@type":"ListItem","position":1,"name":"Home","item":"https:\/\/skaitytaknyga.lt\/"},{"@type":"ListItem","position":2,"name":"Parduotuv\u0117","item":"https:\/\/skaitytaknyga.lt\/knygu-parduotuve\/"},{"@type":"ListItem","position":3,"name":"S\u0105\u017einingos iliuzijos"}]},{"@type":"WebSite","@id":"https:\/\/skaitytaknyga.lt\/#website","url":"https:\/\/skaitytaknyga.lt\/","name":"skaitytaknyga.lt","description":"Skaitytaknyga.lt \u2013 tai ma\u017eas \u0161eimos verslas, kuris prasid\u0117jo nuo meil\u0117s knygoms ir siekio i\u0161gelb\u0117ti knygas nuo likimo prie konteinerio. Kas vienam nereikalingas daiktas \u2013 kitam lobis, o mes esame tarpininkai, kurie padeda abiems tapti laimingesniems ???? \u017dinome kaip nelengva i\u0161gyventi ma\u017eiems verslams, tad nuo \u0161iol, \u010dia rasite ir kit\u0173, ma\u017e\u0173 \u0161eim\u0173 versl\u0173, rank\u0173 darbo, dovan\u0173 sau ir artimiesiems.","publisher":{"@id":"https:\/\/skaitytaknyga.lt\/#organization"},"potentialAction":[{"@type":"SearchAction","target":{"@type":"EntryPoint","urlTemplate":"https:\/\/skaitytaknyga.lt\/?s={search_term_string}"},"query-input":{"@type":"PropertyValueSpecification","valueRequired":true,"valueName":"search_term_string"}}],"inLanguage":"en-GB"},{"@type":"Organization","@id":"https:\/\/skaitytaknyga.lt\/#organization","name":"skaitytaknyga.lt","url":"https:\/\/skaitytaknyga.lt\/","logo":{"@type":"ImageObject","inLanguage":"en-GB","@id":"https:\/\/skaitytaknyga.lt\/#\/schema\/logo\/image\/","url":"https:\/\/skaitytaknyga.lt\/wp-content\/uploads\/2024\/05\/cropped-cropped-cropped-02_00843_jt3bggkj1j3HLc7SyY6rEUpg.jpeg","contentUrl":"https:\/\/skaitytaknyga.lt\/wp-content\/uploads\/2024\/05\/cropped-cropped-cropped-02_00843_jt3bggkj1j3HLc7SyY6rEUpg.jpeg","width":1600,"height":1600,"caption":"skaitytaknyga.lt"},"image":{"@id":"https:\/\/skaitytaknyga.lt\/#\/schema\/logo\/image\/"},"sameAs":["https:\/\/www.facebook.com\/skaitytaknyga\/"]}]}},"_links":{"self":[{"href":"https:\/\/skaitytaknyga.lt\/en\/wp-json\/wp\/v2\/product\/20970","targetHints":{"allow":["GET"]}}],"collection":[{"href":"https:\/\/skaitytaknyga.lt\/en\/wp-json\/wp\/v2\/product"}],"about":[{"href":"https:\/\/skaitytaknyga.lt\/en\/wp-json\/wp\/v2\/types\/product"}],"replies":[{"embeddable":true,"href":"https:\/\/skaitytaknyga.lt\/en\/wp-json\/wp\/v2\/comments?post=20970"}],"wp:featuredmedia":[{"embeddable":true,"href":"https:\/\/skaitytaknyga.lt\/en\/wp-json\/wp\/v2\/media\/20976"}],"wp:attachment":[{"href":"https:\/\/skaitytaknyga.lt\/en\/wp-json\/wp\/v2\/media?parent=20970"}],"wp:term":[{"taxonomy":"product_brand","embeddable":true,"href":"https:\/\/skaitytaknyga.lt\/en\/wp-json\/wp\/v2\/product_brand?post=20970"},{"taxonomy":"product_cat","embeddable":true,"href":"https:\/\/skaitytaknyga.lt\/en\/wp-json\/wp\/v2\/product_cat?post=20970"},{"taxonomy":"product_tag","embeddable":true,"href":"https:\/\/skaitytaknyga.lt\/en\/wp-json\/wp\/v2\/product_tag?post=20970"}],"curies":[{"name":"wp","href":"https:\/\/api.w.org\/{rel}","templated":true}]}}