{"id":20969,"date":"2025-09-20T19:12:49","date_gmt":"2025-09-20T16:12:49","guid":{"rendered":"https:\/\/skaitytaknyga.lt\/?post_type=product&#038;p=20969"},"modified":"2026-03-18T11:04:14","modified_gmt":"2026-03-18T09:04:14","slug":"mergina-melyna-suknele","status":"publish","type":"product","link":"https:\/\/skaitytaknyga.lt\/en\/produktas\/mergina-melyna-suknele\/","title":{"rendered":"Mergina m\u0117lyna suknele"},"content":{"rendered":"<p>Alfredas Gibsonas buvo laidojamas Vestminsterio abatijoje, o Dorot\u0117jos, moters, dvide\u0161imt met\u0173 buvusios jo \u017emona, niekas nepakviet\u0117.<\/p>\n<p>Dorot\u0117j\u0105 remia kar\u0161tagalv\u0117 dukt\u0117 Kit\u0117. Paskui karalien\u0117 Viktorija suteikia na\u0161lei asmenin\u0119 audiencij\u0105, ir \u0161i bando mintimis per\u017evelgti savo gyvenim\u0105.<\/p>\n<p>Ji suvokia savo vyro, garsaus ra\u0161ytojo, apsukrum\u0105 ir neapsakom\u0105 patrauklum\u0105. Bet dabar Dodo teks susitikti ne tik su suaugusiais vaikais, bet ir su r\u016bs\u010dia jaunesne seserimi Sise ir \u017eavinga aktore panele Rikets.<\/p>\n<p>\u0160iame romane pasakojama Alfredo ir Dorot\u0117jos Gibson\u0173 gyvenimo istorija yra did\u017eiojo Anglijos ra\u0161ytojo Charleso Dickenso ir jo \u017emonos Catherine\u2019os santuokos drama.<\/p>\n<p>K\u016br\u0117ja pasinaudojo ra\u0161ytojos laisve, daugel\u012f \u012fvyki\u0173, pokalbi\u0173, detali\u0173 perkurdama pagal savo vaizduot\u0119. Ta\u010diau dviej\u0173 pagrindini\u0173 veik\u0117j\u0173 charakteriai pavaizduoti i\u0161 esm\u0117s ma\u017eai nutolstant nuo tikrov\u0117s. Bebals\u0117 Catherine Dickens pra\u0161\u0117 i\u0161saugoti jos lai\u0161kus vyrui, kad \u201epasaulis \u017einot\u0173, jog kadaise jis mane myl\u0117jo\u201c.<\/p>\n","protected":false},"excerpt":{"rendered":"<p>Alfredas Gibsonas buvo laidojamas Vestminsterio abatijoje, o Dorot\u0117jos, moters, dvide\u0161imt met\u0173 buvusios jo \u017emona, niekas nepakviet\u0117. Dorot\u0117j\u0105 remia kar\u0161tagalv\u0117 dukt\u0117 Kit\u0117. Paskui karalien\u0117 Viktorija suteikia na\u0161lei asmenin\u0119 audiencij\u0105, ir \u0161i bando mintimis per\u017evelgti savo gyvenim\u0105. Ji suvokia savo vyro, garsaus ra\u0161ytojo, apsukrum\u0105 ir neapsakom\u0105 patrauklum\u0105. Bet dabar Dodo teks susitikti ne tik su suaugusiais vaikais, bet ir su r\u016bs\u010dia jaunesne seserimi Sise ir \u017eavinga aktore panele Rikets. \u0160iame romane pasakojama Alfredo ir Dorot\u0117jos Gibson\u0173 gyvenimo istorija yra did\u017eiojo Anglijos ra\u0161ytojo Charleso Dickenso ir jo \u017emonos Catherine\u2019os santuokos drama. K\u016br\u0117ja pasinaudojo ra\u0161ytojos laisve, daugel\u012f \u012fvyki\u0173, pokalbi\u0173, detali\u0173 perkurdama pagal savo vaizduot\u0119. Ta\u010diau dviej\u0173 pagrindini\u0173 veik\u0117j\u0173 charakteriai pavaizduoti i\u0161 esm\u0117s ma\u017eai nutolstant nuo tikrov\u0117s. Bebals\u0117 Catherine Dickens pra\u0161\u0117 i\u0161saugoti jos lai\u0161kus vyrui, kad \u201epasaulis \u017einot\u0173, jog kadaise jis mane myl\u0117jo\u201c.<\/p>\n","protected":false},"featured_media":20975,"comment_status":"open","ping_status":"closed","template":"","meta":{"_acf_changed":false,"site-sidebar-layout":"default","site-content-layout":"","ast-site-content-layout":"default","site-content-style":"default","site-sidebar-style":"default","ast-global-header-display":"","ast-banner-title-visibility":"","ast-main-header-display":"","ast-hfb-above-header-display":"","ast-hfb-below-header-display":"","ast-hfb-mobile-header-display":"","site-post-title":"","ast-breadcrumbs-content":"","ast-featured-img":"","footer-sml-layout":"","ast-disable-related-posts":"","theme-transparent-header-meta":"","adv-header-id-meta":"","stick-header-meta":"","header-above-stick-meta":"","header-main-stick-meta":"","header-below-stick-meta":"","astra-migrate-meta-layouts":"default","ast-page-background-enabled":"default","ast-page-background-meta":{"desktop":{"background-color":"","background-image":"","background-repeat":"repeat","background-position":"center center","background-size":"auto","background-attachment":"scroll","background-type":"","background-media":"","overlay-type":"","overlay-color":"","overlay-opacity":"","overlay-gradient":""},"tablet":{"background-color":"","background-image":"","background-repeat":"repeat","background-position":"center center","background-size":"auto","background-attachment":"scroll","background-type":"","background-media":"","overlay-type":"","overlay-color":"","overlay-opacity":"","overlay-gradient":""},"mobile":{"background-color":"","background-image":"","background-repeat":"repeat","background-position":"center center","background-size":"auto","background-attachment":"scroll","background-type":"","background-media":"","overlay-type":"","overlay-color":"","overlay-opacity":"","overlay-gradient":""}},"ast-content-background-meta":{"desktop":{"background-color":"var(--ast-global-color-4)","background-image":"","background-repeat":"repeat","background-position":"center center","background-size":"auto","background-attachment":"scroll","background-type":"","background-media":"","overlay-type":"","overlay-color":"","overlay-opacity":"","overlay-gradient":""},"tablet":{"background-color":"var(--ast-global-color-4)","background-image":"","background-repeat":"repeat","background-position":"center center","background-size":"auto","background-attachment":"scroll","background-type":"","background-media":"","overlay-type":"","overlay-color":"","overlay-opacity":"","overlay-gradient":""},"mobile":{"background-color":"var(--ast-global-color-4)","background-image":"","background-repeat":"repeat","background-position":"center center","background-size":"auto","background-attachment":"scroll","background-type":"","background-media":"","overlay-type":"","overlay-color":"","overlay-opacity":"","overlay-gradient":""}}},"product_brand":[],"product_cat":[9618],"product_tag":[8527,8551,2971,2224,8526,3007,2745,8524,8525],"class_list":{"0":"post-20969","1":"product","2":"type-product","3":"status-publish","4":"has-post-thumbnail","6":"product_cat-istoriniai-romanai","7":"product_tag-audiencija","8":"product_tag-gaynor-arnold","9":"product_tag-gyvenimas","10":"product_tag-istorija","11":"product_tag-karaliene","12":"product_tag-kuryba","13":"product_tag-santuoka","14":"product_tag-vestminsteris","15":"product_tag-zmona","16":"desktop-align-left","17":"tablet-align-left","18":"mobile-align-left","20":"first","21":"instock","22":"shipping-taxable","23":"purchasable","24":"product-type-simple"},"acf":[],"yoast_head":"<!-- This site is optimized with the Yoast SEO plugin v27.0 - https:\/\/yoast.com\/product\/yoast-seo-wordpress\/ -->\n<title>Mergina m\u0117lyna suknele<\/title>\n<meta name=\"description\" content=\"Alfredas Gibsonas buvo laidojamas Vestminsterio abatijoje, o Dorot\u0117jos, moters, dvide\u0161imt met\u0173 buvusios jo \u017emona, niekas nepakviet\u0117. Dorot\u0117j\u0105 remia\" \/>\n<meta name=\"robots\" content=\"index, follow, max-snippet:-1, max-image-preview:large, max-video-preview:-1\" \/>\n<link rel=\"canonical\" href=\"https:\/\/skaitytaknyga.lt\/en\/produktas\/mergina-melyna-suknele\/\" \/>\n<meta property=\"og:locale\" content=\"en_GB\" \/>\n<meta property=\"og:locale:alternate\" content=\"lt_LT\" \/>\n<meta property=\"og:type\" content=\"article\" \/>\n<meta property=\"og:title\" content=\"Mergina m\u0117lyna suknele\" \/>\n<meta property=\"og:description\" content=\"Alfredas Gibsonas buvo laidojamas Vestminsterio abatijoje, o Dorot\u0117jos, moters, dvide\u0161imt met\u0173 buvusios jo \u017emona, niekas nepakviet\u0117. Dorot\u0117j\u0105 remia\" \/>\n<meta property=\"og:url\" content=\"https:\/\/skaitytaknyga.lt\/en\/produktas\/mergina-melyna-suknele\/\" \/>\n<meta property=\"og:site_name\" content=\"Skaitytaknyga\" \/>\n<meta property=\"article:publisher\" content=\"https:\/\/www.facebook.com\/skaitytaknyga\/\" \/>\n<meta property=\"article:modified_time\" content=\"2026-03-18T09:04:14+00:00\" \/>\n<meta property=\"og:image\" content=\"https:\/\/skaitytaknyga.lt\/wp-content\/uploads\/2025\/09\/Mergina-melyna-suknele-1.webp\" \/>\n\t<meta property=\"og:image:width\" content=\"300\" \/>\n\t<meta property=\"og:image:height\" content=\"459\" \/>\n\t<meta property=\"og:image:type\" content=\"image\/webp\" \/>\n<meta name=\"twitter:card\" content=\"summary_large_image\" \/>\n<meta name=\"twitter:label1\" content=\"Estimated reading time\" \/>\n\t<meta name=\"twitter:data1\" content=\"1 minute\" \/>\n<script type=\"application\/ld+json\" class=\"yoast-schema-graph\">{\"@context\":\"https:\/\/schema.org\",\"@graph\":[{\"@type\":\"WebPage\",\"@id\":\"https:\/\/skaitytaknyga.lt\/produktas\/mergina-melyna-suknele\/\",\"url\":\"https:\/\/skaitytaknyga.lt\/produktas\/mergina-melyna-suknele\/\",\"name\":\"Mergina m\u0117lyna suknele\",\"isPartOf\":{\"@id\":\"https:\/\/skaitytaknyga.lt\/#website\"},\"primaryImageOfPage\":{\"@id\":\"https:\/\/skaitytaknyga.lt\/produktas\/mergina-melyna-suknele\/#primaryimage\"},\"image\":{\"@id\":\"https:\/\/skaitytaknyga.lt\/produktas\/mergina-melyna-suknele\/#primaryimage\"},\"thumbnailUrl\":\"https:\/\/skaitytaknyga.lt\/wp-content\/uploads\/2025\/09\/Mergina-melyna-suknele-1.webp\",\"datePublished\":\"2025-09-20T16:12:49+00:00\",\"dateModified\":\"2026-03-18T09:04:14+00:00\",\"description\":\"Alfredas Gibsonas buvo laidojamas Vestminsterio abatijoje, o Dorot\u0117jos, moters, dvide\u0161imt met\u0173 buvusios jo \u017emona, niekas nepakviet\u0117. Dorot\u0117j\u0105 remia\",\"breadcrumb\":{\"@id\":\"https:\/\/skaitytaknyga.lt\/produktas\/mergina-melyna-suknele\/#breadcrumb\"},\"inLanguage\":\"en-GB\",\"potentialAction\":[{\"@type\":\"ReadAction\",\"target\":[\"https:\/\/skaitytaknyga.lt\/produktas\/mergina-melyna-suknele\/\"]}]},{\"@type\":\"ImageObject\",\"inLanguage\":\"en-GB\",\"@id\":\"https:\/\/skaitytaknyga.lt\/produktas\/mergina-melyna-suknele\/#primaryimage\",\"url\":\"https:\/\/skaitytaknyga.lt\/wp-content\/uploads\/2025\/09\/Mergina-melyna-suknele-1.webp\",\"contentUrl\":\"https:\/\/skaitytaknyga.lt\/wp-content\/uploads\/2025\/09\/Mergina-melyna-suknele-1.webp\",\"width\":300,\"height\":459,\"caption\":\"Mergina m\u0117lyna suknele\"},{\"@type\":\"BreadcrumbList\",\"@id\":\"https:\/\/skaitytaknyga.lt\/produktas\/mergina-melyna-suknele\/#breadcrumb\",\"itemListElement\":[{\"@type\":\"ListItem\",\"position\":1,\"name\":\"Home\",\"item\":\"https:\/\/skaitytaknyga.lt\/\"},{\"@type\":\"ListItem\",\"position\":2,\"name\":\"Parduotuv\u0117\",\"item\":\"https:\/\/skaitytaknyga.lt\/knygu-parduotuve\/\"},{\"@type\":\"ListItem\",\"position\":3,\"name\":\"Mergina m\u0117lyna suknele\"}]},{\"@type\":\"WebSite\",\"@id\":\"https:\/\/skaitytaknyga.lt\/#website\",\"url\":\"https:\/\/skaitytaknyga.lt\/\",\"name\":\"skaitytaknyga.lt\",\"description\":\"Skaitytaknyga.lt \u2013 tai ma\u017eas \u0161eimos verslas, kuris prasid\u0117jo nuo meil\u0117s knygoms ir siekio i\u0161gelb\u0117ti knygas nuo likimo prie konteinerio. Kas vienam nereikalingas daiktas \u2013 kitam lobis, o mes esame tarpininkai, kurie padeda abiems tapti laimingesniems ???? \u017dinome kaip nelengva i\u0161gyventi ma\u017eiems verslams, tad nuo \u0161iol, \u010dia rasite ir kit\u0173, ma\u017e\u0173 \u0161eim\u0173 versl\u0173, rank\u0173 darbo, dovan\u0173 sau ir artimiesiems.\",\"publisher\":{\"@id\":\"https:\/\/skaitytaknyga.lt\/#organization\"},\"potentialAction\":[{\"@type\":\"SearchAction\",\"target\":{\"@type\":\"EntryPoint\",\"urlTemplate\":\"https:\/\/skaitytaknyga.lt\/?s={search_term_string}\"},\"query-input\":{\"@type\":\"PropertyValueSpecification\",\"valueRequired\":true,\"valueName\":\"search_term_string\"}}],\"inLanguage\":\"en-GB\"},{\"@type\":\"Organization\",\"@id\":\"https:\/\/skaitytaknyga.lt\/#organization\",\"name\":\"skaitytaknyga.lt\",\"url\":\"https:\/\/skaitytaknyga.lt\/\",\"logo\":{\"@type\":\"ImageObject\",\"inLanguage\":\"en-GB\",\"@id\":\"https:\/\/skaitytaknyga.lt\/#\/schema\/logo\/image\/\",\"url\":\"https:\/\/skaitytaknyga.lt\/wp-content\/uploads\/2024\/05\/cropped-cropped-cropped-02_00843_jt3bggkj1j3HLc7SyY6rEUpg.jpeg\",\"contentUrl\":\"https:\/\/skaitytaknyga.lt\/wp-content\/uploads\/2024\/05\/cropped-cropped-cropped-02_00843_jt3bggkj1j3HLc7SyY6rEUpg.jpeg\",\"width\":1600,\"height\":1600,\"caption\":\"skaitytaknyga.lt\"},\"image\":{\"@id\":\"https:\/\/skaitytaknyga.lt\/#\/schema\/logo\/image\/\"},\"sameAs\":[\"https:\/\/www.facebook.com\/skaitytaknyga\/\"]}]}<\/script>\n<!-- \/ Yoast SEO plugin. -->","yoast_head_json":{"title":"Mergina m\u0117lyna suknele","description":"Alfredas Gibsonas buvo laidojamas Vestminsterio abatijoje, o Dorot\u0117jos, moters, dvide\u0161imt met\u0173 buvusios jo \u017emona, niekas nepakviet\u0117. Dorot\u0117j\u0105 remia","robots":{"index":"index","follow":"follow","max-snippet":"max-snippet:-1","max-image-preview":"max-image-preview:large","max-video-preview":"max-video-preview:-1"},"canonical":"https:\/\/skaitytaknyga.lt\/en\/produktas\/mergina-melyna-suknele\/","og_locale":"en_GB","og_type":"article","og_title":"[:lt]Mergina m\u0117lyna suknele[:] - Skaitytaknyga","og_description":"Alfredas Gibsonas buvo laidojamas Vestminsterio abatijoje, o Dorot\u0117jos, moters, dvide\u0161imt met\u0173 buvusios jo \u017emona, niekas nepakviet\u0117. Dorot\u0117j\u0105 remia","og_url":"https:\/\/skaitytaknyga.lt\/en\/produktas\/mergina-melyna-suknele\/","og_site_name":"Skaitytaknyga","article_publisher":"https:\/\/www.facebook.com\/skaitytaknyga\/","article_modified_time":"2026-03-18T09:04:14+00:00","og_image":[{"width":300,"height":459,"url":"https:\/\/skaitytaknyga.lt\/wp-content\/uploads\/2025\/09\/Mergina-melyna-suknele-1.webp","type":"image\/webp"}],"twitter_card":"summary_large_image","twitter_misc":{"Estimated reading time":"1 minute"},"schema":{"@context":"https:\/\/schema.org","@graph":[{"@type":"WebPage","@id":"https:\/\/skaitytaknyga.lt\/produktas\/mergina-melyna-suknele\/","url":"https:\/\/skaitytaknyga.lt\/produktas\/mergina-melyna-suknele\/","name":"Mergina m\u0117lyna suknele","isPartOf":{"@id":"https:\/\/skaitytaknyga.lt\/#website"},"primaryImageOfPage":{"@id":"https:\/\/skaitytaknyga.lt\/produktas\/mergina-melyna-suknele\/#primaryimage"},"image":{"@id":"https:\/\/skaitytaknyga.lt\/produktas\/mergina-melyna-suknele\/#primaryimage"},"thumbnailUrl":"https:\/\/skaitytaknyga.lt\/wp-content\/uploads\/2025\/09\/Mergina-melyna-suknele-1.webp","datePublished":"2025-09-20T16:12:49+00:00","dateModified":"2026-03-18T09:04:14+00:00","description":"Alfredas Gibsonas buvo laidojamas Vestminsterio abatijoje, o Dorot\u0117jos, moters, dvide\u0161imt met\u0173 buvusios jo \u017emona, niekas nepakviet\u0117. Dorot\u0117j\u0105 remia","breadcrumb":{"@id":"https:\/\/skaitytaknyga.lt\/produktas\/mergina-melyna-suknele\/#breadcrumb"},"inLanguage":"en-GB","potentialAction":[{"@type":"ReadAction","target":["https:\/\/skaitytaknyga.lt\/produktas\/mergina-melyna-suknele\/"]}]},{"@type":"ImageObject","inLanguage":"en-GB","@id":"https:\/\/skaitytaknyga.lt\/produktas\/mergina-melyna-suknele\/#primaryimage","url":"https:\/\/skaitytaknyga.lt\/wp-content\/uploads\/2025\/09\/Mergina-melyna-suknele-1.webp","contentUrl":"https:\/\/skaitytaknyga.lt\/wp-content\/uploads\/2025\/09\/Mergina-melyna-suknele-1.webp","width":300,"height":459,"caption":"Mergina m\u0117lyna suknele"},{"@type":"BreadcrumbList","@id":"https:\/\/skaitytaknyga.lt\/produktas\/mergina-melyna-suknele\/#breadcrumb","itemListElement":[{"@type":"ListItem","position":1,"name":"Home","item":"https:\/\/skaitytaknyga.lt\/"},{"@type":"ListItem","position":2,"name":"Parduotuv\u0117","item":"https:\/\/skaitytaknyga.lt\/knygu-parduotuve\/"},{"@type":"ListItem","position":3,"name":"Mergina m\u0117lyna suknele"}]},{"@type":"WebSite","@id":"https:\/\/skaitytaknyga.lt\/#website","url":"https:\/\/skaitytaknyga.lt\/","name":"skaitytaknyga.lt","description":"Skaitytaknyga.lt \u2013 tai ma\u017eas \u0161eimos verslas, kuris prasid\u0117jo nuo meil\u0117s knygoms ir siekio i\u0161gelb\u0117ti knygas nuo likimo prie konteinerio. Kas vienam nereikalingas daiktas \u2013 kitam lobis, o mes esame tarpininkai, kurie padeda abiems tapti laimingesniems ???? \u017dinome kaip nelengva i\u0161gyventi ma\u017eiems verslams, tad nuo \u0161iol, \u010dia rasite ir kit\u0173, ma\u017e\u0173 \u0161eim\u0173 versl\u0173, rank\u0173 darbo, dovan\u0173 sau ir artimiesiems.","publisher":{"@id":"https:\/\/skaitytaknyga.lt\/#organization"},"potentialAction":[{"@type":"SearchAction","target":{"@type":"EntryPoint","urlTemplate":"https:\/\/skaitytaknyga.lt\/?s={search_term_string}"},"query-input":{"@type":"PropertyValueSpecification","valueRequired":true,"valueName":"search_term_string"}}],"inLanguage":"en-GB"},{"@type":"Organization","@id":"https:\/\/skaitytaknyga.lt\/#organization","name":"skaitytaknyga.lt","url":"https:\/\/skaitytaknyga.lt\/","logo":{"@type":"ImageObject","inLanguage":"en-GB","@id":"https:\/\/skaitytaknyga.lt\/#\/schema\/logo\/image\/","url":"https:\/\/skaitytaknyga.lt\/wp-content\/uploads\/2024\/05\/cropped-cropped-cropped-02_00843_jt3bggkj1j3HLc7SyY6rEUpg.jpeg","contentUrl":"https:\/\/skaitytaknyga.lt\/wp-content\/uploads\/2024\/05\/cropped-cropped-cropped-02_00843_jt3bggkj1j3HLc7SyY6rEUpg.jpeg","width":1600,"height":1600,"caption":"skaitytaknyga.lt"},"image":{"@id":"https:\/\/skaitytaknyga.lt\/#\/schema\/logo\/image\/"},"sameAs":["https:\/\/www.facebook.com\/skaitytaknyga\/"]}]}},"_links":{"self":[{"href":"https:\/\/skaitytaknyga.lt\/en\/wp-json\/wp\/v2\/product\/20969","targetHints":{"allow":["GET"]}}],"collection":[{"href":"https:\/\/skaitytaknyga.lt\/en\/wp-json\/wp\/v2\/product"}],"about":[{"href":"https:\/\/skaitytaknyga.lt\/en\/wp-json\/wp\/v2\/types\/product"}],"replies":[{"embeddable":true,"href":"https:\/\/skaitytaknyga.lt\/en\/wp-json\/wp\/v2\/comments?post=20969"}],"wp:featuredmedia":[{"embeddable":true,"href":"https:\/\/skaitytaknyga.lt\/en\/wp-json\/wp\/v2\/media\/20975"}],"wp:attachment":[{"href":"https:\/\/skaitytaknyga.lt\/en\/wp-json\/wp\/v2\/media?parent=20969"}],"wp:term":[{"taxonomy":"product_brand","embeddable":true,"href":"https:\/\/skaitytaknyga.lt\/en\/wp-json\/wp\/v2\/product_brand?post=20969"},{"taxonomy":"product_cat","embeddable":true,"href":"https:\/\/skaitytaknyga.lt\/en\/wp-json\/wp\/v2\/product_cat?post=20969"},{"taxonomy":"product_tag","embeddable":true,"href":"https:\/\/skaitytaknyga.lt\/en\/wp-json\/wp\/v2\/product_tag?post=20969"}],"curies":[{"name":"wp","href":"https:\/\/api.w.org\/{rel}","templated":true}]}}