{"id":20968,"date":"2025-09-20T19:12:49","date_gmt":"2025-09-20T16:12:49","guid":{"rendered":"https:\/\/skaitytaknyga.lt\/?post_type=product&#038;p=20968"},"modified":"2026-03-18T12:29:38","modified_gmt":"2026-03-18T10:29:38","slug":"raganius-nemirtingojo-nikolo-flamelio-paslaptys","status":"publish","type":"product","link":"https:\/\/skaitytaknyga.lt\/en\/produktas\/raganius-nemirtingojo-nikolo-flamelio-paslaptys\/","title":{"rendered":"Raganius. Nemirtingojo Nikolo Flamelio paslaptys"},"content":{"rendered":"<p>Sofi turi surasti nemirting\u0105j\u012f, kuris j\u0105 i\u0161mokyt\u0173 \u017eem\u0117s magijos. Ta\u010diau Nikolo b\u016bkl\u0117 blog\u0117ja sulig kiekviena diena ir kartu leistis \u012f kelion\u0119 jis nebegali. Vienintel\u0117 viltis \u2212 atgauti Kodeks\u0105, kur\u012f turi juodasis burtininkas D\u017eonas Di. Prasideda lenktyn\u0117s su laiku, kurias laim\u0117ti \u0161ans\u0173 lieka vis ma\u017eiau. Nebent Sofi labai pasisekt\u0173&#8230; Tamsi\u0173j\u0173 vyresnieji ruo\u0161iasi paskutiniam m\u016b\u0161iui. J\u0173 pergal\u0117 reik\u0161t\u0173 visos \u017emonijos pra\u017e\u016bt\u012f. D\u017eo\u0161as, palik\u0119s seser\u012f Sofi ir Nikol\u0105 Flamel\u012f, stoja \u012f tamsi\u0173j\u0173 pus\u0119. Jis pasiry\u017e\u0119s kovoti kartu su D\u017eonu Di ir paslapting\u0105ja Vird\u017einija Deir. Jei Sofi nesuras brolio iki m\u016b\u0161io prad\u017eios, viskas prarasta am\u017eiams.<\/p>\n","protected":false},"excerpt":{"rendered":"<p>Sofi turi surasti nemirting\u0105j\u012f, kuris j\u0105 i\u0161mokyt\u0173 \u017eem\u0117s magijos. Ta\u010diau Nikolo b\u016bkl\u0117 blog\u0117ja sulig kiekviena diena ir kartu leistis \u012f kelion\u0119 jis nebegali. Vienintel\u0117 viltis \u2212 atgauti Kodeks\u0105, kur\u012f turi juodasis burtininkas D\u017eonas Di. Prasideda lenktyn\u0117s su laiku, kurias laim\u0117ti \u0161ans\u0173 lieka vis ma\u017eiau. Nebent Sofi labai pasisekt\u0173&#8230; Tamsi\u0173j\u0173 vyresnieji ruo\u0161iasi paskutiniam m\u016b\u0161iui. J\u0173 pergal\u0117 reik\u0161t\u0173 visos \u017emonijos pra\u017e\u016bt\u012f. D\u017eo\u0161as, palik\u0119s seser\u012f Sofi ir Nikol\u0105 Flamel\u012f, stoja \u012f tamsi\u0173j\u0173 pus\u0119. Jis pasiry\u017e\u0119s kovoti kartu su D\u017eonu Di ir paslapting\u0105ja Vird\u017einija Deir. Jei Sofi nesuras brolio iki m\u016b\u0161io prad\u017eios, viskas prarasta am\u017eiams.<\/p>\n","protected":false},"featured_media":20974,"comment_status":"open","ping_status":"closed","template":"","meta":{"_acf_changed":false,"site-sidebar-layout":"default","site-content-layout":"","ast-site-content-layout":"default","site-content-style":"default","site-sidebar-style":"default","ast-global-header-display":"","ast-banner-title-visibility":"","ast-main-header-display":"","ast-hfb-above-header-display":"","ast-hfb-below-header-display":"","ast-hfb-mobile-header-display":"","site-post-title":"","ast-breadcrumbs-content":"","ast-featured-img":"","footer-sml-layout":"","ast-disable-related-posts":"","theme-transparent-header-meta":"","adv-header-id-meta":"","stick-header-meta":"","header-above-stick-meta":"","header-main-stick-meta":"","header-below-stick-meta":"","astra-migrate-meta-layouts":"default","ast-page-background-enabled":"default","ast-page-background-meta":{"desktop":{"background-color":"","background-image":"","background-repeat":"repeat","background-position":"center center","background-size":"auto","background-attachment":"scroll","background-type":"","background-media":"","overlay-type":"","overlay-color":"","overlay-opacity":"","overlay-gradient":""},"tablet":{"background-color":"","background-image":"","background-repeat":"repeat","background-position":"center center","background-size":"auto","background-attachment":"scroll","background-type":"","background-media":"","overlay-type":"","overlay-color":"","overlay-opacity":"","overlay-gradient":""},"mobile":{"background-color":"","background-image":"","background-repeat":"repeat","background-position":"center center","background-size":"auto","background-attachment":"scroll","background-type":"","background-media":"","overlay-type":"","overlay-color":"","overlay-opacity":"","overlay-gradient":""}},"ast-content-background-meta":{"desktop":{"background-color":"var(--ast-global-color-4)","background-image":"","background-repeat":"repeat","background-position":"center center","background-size":"auto","background-attachment":"scroll","background-type":"","background-media":"","overlay-type":"","overlay-color":"","overlay-opacity":"","overlay-gradient":""},"tablet":{"background-color":"var(--ast-global-color-4)","background-image":"","background-repeat":"repeat","background-position":"center center","background-size":"auto","background-attachment":"scroll","background-type":"","background-media":"","overlay-type":"","overlay-color":"","overlay-opacity":"","overlay-gradient":""},"mobile":{"background-color":"var(--ast-global-color-4)","background-image":"","background-repeat":"repeat","background-position":"center center","background-size":"auto","background-attachment":"scroll","background-type":"","background-media":"","overlay-type":"","overlay-color":"","overlay-opacity":"","overlay-gradient":""}}},"product_brand":[],"product_cat":[9621],"product_tag":[6589,8521,8519,2680,8516,8517,1755,8515,1288,3352,4939,3145,8498,8518,8520,8522],"class_list":{"0":"post-20968","1":"product","2":"type-product","3":"status-publish","4":"has-post-thumbnail","6":"product_cat-fantastika-fantastika","7":"product_tag-broliai","8":"product_tag-dzonas-di","9":"product_tag-flamelis","10":"product_tag-kelione","11":"product_tag-kovos","12":"product_tag-laikas","13":"product_tag-magija","14":"product_tag-magijos-musis","15":"product_tag-michael-scott","16":"product_tag-mokytojas","17":"product_tag-nemirtingumas","18":"product_tag-pavojus","19":"product_tag-pergale","20":"product_tag-prazutis","21":"product_tag-sofi","22":"product_tag-virdzinija-deir","23":"desktop-align-left","24":"tablet-align-left","25":"mobile-align-left","27":"first","28":"instock","29":"shipping-taxable","30":"purchasable","31":"product-type-simple"},"acf":[],"yoast_head":"<!-- This site is optimized with the Yoast SEO plugin v27.0 - https:\/\/yoast.com\/product\/yoast-seo-wordpress\/ -->\n<title>Raganius. Nemirtingojo Nikolo Flamelio paslaptys<\/title>\n<meta name=\"description\" content=\"Sofi turi surasti nemirting\u0105j\u012f, kuris j\u0105 i\u0161mokyt\u0173 \u017eem\u0117s magijos. Ta\u010diau Nikolo b\u016bkl\u0117 blog\u0117ja sulig kiekviena diena ir kartu leistis \u012f kelion\u0119 jis\" \/>\n<meta name=\"robots\" content=\"index, follow, max-snippet:-1, max-image-preview:large, max-video-preview:-1\" \/>\n<link rel=\"canonical\" href=\"https:\/\/skaitytaknyga.lt\/en\/produktas\/raganius-nemirtingojo-nikolo-flamelio-paslaptys\/\" \/>\n<meta property=\"og:locale\" content=\"en_GB\" \/>\n<meta property=\"og:locale:alternate\" content=\"lt_LT\" \/>\n<meta property=\"og:type\" content=\"article\" \/>\n<meta property=\"og:title\" content=\"Raganius. Nemirtingojo Nikolo Flamelio paslaptys\" \/>\n<meta property=\"og:description\" content=\"Sofi turi surasti nemirting\u0105j\u012f, kuris j\u0105 i\u0161mokyt\u0173 \u017eem\u0117s magijos. Ta\u010diau Nikolo b\u016bkl\u0117 blog\u0117ja sulig kiekviena diena ir kartu leistis \u012f kelion\u0119 jis\" \/>\n<meta property=\"og:url\" content=\"https:\/\/skaitytaknyga.lt\/en\/produktas\/raganius-nemirtingojo-nikolo-flamelio-paslaptys\/\" \/>\n<meta property=\"og:site_name\" content=\"Skaitytaknyga\" \/>\n<meta property=\"article:publisher\" content=\"https:\/\/www.facebook.com\/skaitytaknyga\/\" \/>\n<meta property=\"article:modified_time\" content=\"2026-03-18T10:29:38+00:00\" \/>\n<meta property=\"og:image\" content=\"https:\/\/skaitytaknyga.lt\/wp-content\/uploads\/2025\/09\/Raganius.-Nemirtingojo-Nikolo-Flamelio-paslaptys-1.webp\" \/>\n\t<meta property=\"og:image:width\" content=\"300\" \/>\n\t<meta property=\"og:image:height\" content=\"489\" \/>\n\t<meta property=\"og:image:type\" content=\"image\/webp\" \/>\n<meta name=\"twitter:card\" content=\"summary_large_image\" \/>\n<meta name=\"twitter:label1\" content=\"Estimated reading time\" \/>\n\t<meta name=\"twitter:data1\" content=\"1 minute\" \/>\n<script type=\"application\/ld+json\" class=\"yoast-schema-graph\">{\"@context\":\"https:\/\/schema.org\",\"@graph\":[{\"@type\":\"WebPage\",\"@id\":\"https:\/\/skaitytaknyga.lt\/produktas\/raganius-nemirtingojo-nikolo-flamelio-paslaptys\/\",\"url\":\"https:\/\/skaitytaknyga.lt\/produktas\/raganius-nemirtingojo-nikolo-flamelio-paslaptys\/\",\"name\":\"Raganius. Nemirtingojo Nikolo Flamelio paslaptys\",\"isPartOf\":{\"@id\":\"https:\/\/skaitytaknyga.lt\/#website\"},\"primaryImageOfPage\":{\"@id\":\"https:\/\/skaitytaknyga.lt\/produktas\/raganius-nemirtingojo-nikolo-flamelio-paslaptys\/#primaryimage\"},\"image\":{\"@id\":\"https:\/\/skaitytaknyga.lt\/produktas\/raganius-nemirtingojo-nikolo-flamelio-paslaptys\/#primaryimage\"},\"thumbnailUrl\":\"https:\/\/skaitytaknyga.lt\/wp-content\/uploads\/2025\/09\/Raganius.-Nemirtingojo-Nikolo-Flamelio-paslaptys-1.webp\",\"datePublished\":\"2025-09-20T16:12:49+00:00\",\"dateModified\":\"2026-03-18T10:29:38+00:00\",\"description\":\"Sofi turi surasti nemirting\u0105j\u012f, kuris j\u0105 i\u0161mokyt\u0173 \u017eem\u0117s magijos. Ta\u010diau Nikolo b\u016bkl\u0117 blog\u0117ja sulig kiekviena diena ir kartu leistis \u012f kelion\u0119 jis\",\"breadcrumb\":{\"@id\":\"https:\/\/skaitytaknyga.lt\/produktas\/raganius-nemirtingojo-nikolo-flamelio-paslaptys\/#breadcrumb\"},\"inLanguage\":\"en-GB\",\"potentialAction\":[{\"@type\":\"ReadAction\",\"target\":[\"https:\/\/skaitytaknyga.lt\/produktas\/raganius-nemirtingojo-nikolo-flamelio-paslaptys\/\"]}]},{\"@type\":\"ImageObject\",\"inLanguage\":\"en-GB\",\"@id\":\"https:\/\/skaitytaknyga.lt\/produktas\/raganius-nemirtingojo-nikolo-flamelio-paslaptys\/#primaryimage\",\"url\":\"https:\/\/skaitytaknyga.lt\/wp-content\/uploads\/2025\/09\/Raganius.-Nemirtingojo-Nikolo-Flamelio-paslaptys-1.webp\",\"contentUrl\":\"https:\/\/skaitytaknyga.lt\/wp-content\/uploads\/2025\/09\/Raganius.-Nemirtingojo-Nikolo-Flamelio-paslaptys-1.webp\",\"width\":300,\"height\":489,\"caption\":\"Raganius. Nemirtingojo Nikolo Flamelio paslaptys\"},{\"@type\":\"BreadcrumbList\",\"@id\":\"https:\/\/skaitytaknyga.lt\/produktas\/raganius-nemirtingojo-nikolo-flamelio-paslaptys\/#breadcrumb\",\"itemListElement\":[{\"@type\":\"ListItem\",\"position\":1,\"name\":\"Home\",\"item\":\"https:\/\/skaitytaknyga.lt\/\"},{\"@type\":\"ListItem\",\"position\":2,\"name\":\"Parduotuv\u0117\",\"item\":\"https:\/\/skaitytaknyga.lt\/knygu-parduotuve\/\"},{\"@type\":\"ListItem\",\"position\":3,\"name\":\"Raganius. Nemirtingojo Nikolo Flamelio paslaptys\"}]},{\"@type\":\"WebSite\",\"@id\":\"https:\/\/skaitytaknyga.lt\/#website\",\"url\":\"https:\/\/skaitytaknyga.lt\/\",\"name\":\"skaitytaknyga.lt\",\"description\":\"Skaitytaknyga.lt \u2013 tai ma\u017eas \u0161eimos verslas, kuris prasid\u0117jo nuo meil\u0117s knygoms ir siekio i\u0161gelb\u0117ti knygas nuo likimo prie konteinerio. Kas vienam nereikalingas daiktas \u2013 kitam lobis, o mes esame tarpininkai, kurie padeda abiems tapti laimingesniems ???? \u017dinome kaip nelengva i\u0161gyventi ma\u017eiems verslams, tad nuo \u0161iol, \u010dia rasite ir kit\u0173, ma\u017e\u0173 \u0161eim\u0173 versl\u0173, rank\u0173 darbo, dovan\u0173 sau ir artimiesiems.\",\"publisher\":{\"@id\":\"https:\/\/skaitytaknyga.lt\/#organization\"},\"potentialAction\":[{\"@type\":\"SearchAction\",\"target\":{\"@type\":\"EntryPoint\",\"urlTemplate\":\"https:\/\/skaitytaknyga.lt\/?s={search_term_string}\"},\"query-input\":{\"@type\":\"PropertyValueSpecification\",\"valueRequired\":true,\"valueName\":\"search_term_string\"}}],\"inLanguage\":\"en-GB\"},{\"@type\":\"Organization\",\"@id\":\"https:\/\/skaitytaknyga.lt\/#organization\",\"name\":\"skaitytaknyga.lt\",\"url\":\"https:\/\/skaitytaknyga.lt\/\",\"logo\":{\"@type\":\"ImageObject\",\"inLanguage\":\"en-GB\",\"@id\":\"https:\/\/skaitytaknyga.lt\/#\/schema\/logo\/image\/\",\"url\":\"https:\/\/skaitytaknyga.lt\/wp-content\/uploads\/2024\/05\/cropped-cropped-cropped-02_00843_jt3bggkj1j3HLc7SyY6rEUpg.jpeg\",\"contentUrl\":\"https:\/\/skaitytaknyga.lt\/wp-content\/uploads\/2024\/05\/cropped-cropped-cropped-02_00843_jt3bggkj1j3HLc7SyY6rEUpg.jpeg\",\"width\":1600,\"height\":1600,\"caption\":\"skaitytaknyga.lt\"},\"image\":{\"@id\":\"https:\/\/skaitytaknyga.lt\/#\/schema\/logo\/image\/\"},\"sameAs\":[\"https:\/\/www.facebook.com\/skaitytaknyga\/\"]}]}<\/script>\n<!-- \/ Yoast SEO plugin. -->","yoast_head_json":{"title":"Raganius. Nemirtingojo Nikolo Flamelio paslaptys","description":"Sofi turi surasti nemirting\u0105j\u012f, kuris j\u0105 i\u0161mokyt\u0173 \u017eem\u0117s magijos. Ta\u010diau Nikolo b\u016bkl\u0117 blog\u0117ja sulig kiekviena diena ir kartu leistis \u012f kelion\u0119 jis","robots":{"index":"index","follow":"follow","max-snippet":"max-snippet:-1","max-image-preview":"max-image-preview:large","max-video-preview":"max-video-preview:-1"},"canonical":"https:\/\/skaitytaknyga.lt\/en\/produktas\/raganius-nemirtingojo-nikolo-flamelio-paslaptys\/","og_locale":"en_GB","og_type":"article","og_title":"[:lt]Raganius. Nemirtingojo Nikolo Flamelio paslaptys[:] - Skaitytaknyga","og_description":"Sofi turi surasti nemirting\u0105j\u012f, kuris j\u0105 i\u0161mokyt\u0173 \u017eem\u0117s magijos. Ta\u010diau Nikolo b\u016bkl\u0117 blog\u0117ja sulig kiekviena diena ir kartu leistis \u012f kelion\u0119 jis","og_url":"https:\/\/skaitytaknyga.lt\/en\/produktas\/raganius-nemirtingojo-nikolo-flamelio-paslaptys\/","og_site_name":"Skaitytaknyga","article_publisher":"https:\/\/www.facebook.com\/skaitytaknyga\/","article_modified_time":"2026-03-18T10:29:38+00:00","og_image":[{"width":300,"height":489,"url":"https:\/\/skaitytaknyga.lt\/wp-content\/uploads\/2025\/09\/Raganius.-Nemirtingojo-Nikolo-Flamelio-paslaptys-1.webp","type":"image\/webp"}],"twitter_card":"summary_large_image","twitter_misc":{"Estimated reading time":"1 minute"},"schema":{"@context":"https:\/\/schema.org","@graph":[{"@type":"WebPage","@id":"https:\/\/skaitytaknyga.lt\/produktas\/raganius-nemirtingojo-nikolo-flamelio-paslaptys\/","url":"https:\/\/skaitytaknyga.lt\/produktas\/raganius-nemirtingojo-nikolo-flamelio-paslaptys\/","name":"Raganius. Nemirtingojo Nikolo Flamelio paslaptys","isPartOf":{"@id":"https:\/\/skaitytaknyga.lt\/#website"},"primaryImageOfPage":{"@id":"https:\/\/skaitytaknyga.lt\/produktas\/raganius-nemirtingojo-nikolo-flamelio-paslaptys\/#primaryimage"},"image":{"@id":"https:\/\/skaitytaknyga.lt\/produktas\/raganius-nemirtingojo-nikolo-flamelio-paslaptys\/#primaryimage"},"thumbnailUrl":"https:\/\/skaitytaknyga.lt\/wp-content\/uploads\/2025\/09\/Raganius.-Nemirtingojo-Nikolo-Flamelio-paslaptys-1.webp","datePublished":"2025-09-20T16:12:49+00:00","dateModified":"2026-03-18T10:29:38+00:00","description":"Sofi turi surasti nemirting\u0105j\u012f, kuris j\u0105 i\u0161mokyt\u0173 \u017eem\u0117s magijos. Ta\u010diau Nikolo b\u016bkl\u0117 blog\u0117ja sulig kiekviena diena ir kartu leistis \u012f kelion\u0119 jis","breadcrumb":{"@id":"https:\/\/skaitytaknyga.lt\/produktas\/raganius-nemirtingojo-nikolo-flamelio-paslaptys\/#breadcrumb"},"inLanguage":"en-GB","potentialAction":[{"@type":"ReadAction","target":["https:\/\/skaitytaknyga.lt\/produktas\/raganius-nemirtingojo-nikolo-flamelio-paslaptys\/"]}]},{"@type":"ImageObject","inLanguage":"en-GB","@id":"https:\/\/skaitytaknyga.lt\/produktas\/raganius-nemirtingojo-nikolo-flamelio-paslaptys\/#primaryimage","url":"https:\/\/skaitytaknyga.lt\/wp-content\/uploads\/2025\/09\/Raganius.-Nemirtingojo-Nikolo-Flamelio-paslaptys-1.webp","contentUrl":"https:\/\/skaitytaknyga.lt\/wp-content\/uploads\/2025\/09\/Raganius.-Nemirtingojo-Nikolo-Flamelio-paslaptys-1.webp","width":300,"height":489,"caption":"Raganius. Nemirtingojo Nikolo Flamelio paslaptys"},{"@type":"BreadcrumbList","@id":"https:\/\/skaitytaknyga.lt\/produktas\/raganius-nemirtingojo-nikolo-flamelio-paslaptys\/#breadcrumb","itemListElement":[{"@type":"ListItem","position":1,"name":"Home","item":"https:\/\/skaitytaknyga.lt\/"},{"@type":"ListItem","position":2,"name":"Parduotuv\u0117","item":"https:\/\/skaitytaknyga.lt\/knygu-parduotuve\/"},{"@type":"ListItem","position":3,"name":"Raganius. Nemirtingojo Nikolo Flamelio paslaptys"}]},{"@type":"WebSite","@id":"https:\/\/skaitytaknyga.lt\/#website","url":"https:\/\/skaitytaknyga.lt\/","name":"skaitytaknyga.lt","description":"Skaitytaknyga.lt \u2013 tai ma\u017eas \u0161eimos verslas, kuris prasid\u0117jo nuo meil\u0117s knygoms ir siekio i\u0161gelb\u0117ti knygas nuo likimo prie konteinerio. Kas vienam nereikalingas daiktas \u2013 kitam lobis, o mes esame tarpininkai, kurie padeda abiems tapti laimingesniems ???? \u017dinome kaip nelengva i\u0161gyventi ma\u017eiems verslams, tad nuo \u0161iol, \u010dia rasite ir kit\u0173, ma\u017e\u0173 \u0161eim\u0173 versl\u0173, rank\u0173 darbo, dovan\u0173 sau ir artimiesiems.","publisher":{"@id":"https:\/\/skaitytaknyga.lt\/#organization"},"potentialAction":[{"@type":"SearchAction","target":{"@type":"EntryPoint","urlTemplate":"https:\/\/skaitytaknyga.lt\/?s={search_term_string}"},"query-input":{"@type":"PropertyValueSpecification","valueRequired":true,"valueName":"search_term_string"}}],"inLanguage":"en-GB"},{"@type":"Organization","@id":"https:\/\/skaitytaknyga.lt\/#organization","name":"skaitytaknyga.lt","url":"https:\/\/skaitytaknyga.lt\/","logo":{"@type":"ImageObject","inLanguage":"en-GB","@id":"https:\/\/skaitytaknyga.lt\/#\/schema\/logo\/image\/","url":"https:\/\/skaitytaknyga.lt\/wp-content\/uploads\/2024\/05\/cropped-cropped-cropped-02_00843_jt3bggkj1j3HLc7SyY6rEUpg.jpeg","contentUrl":"https:\/\/skaitytaknyga.lt\/wp-content\/uploads\/2024\/05\/cropped-cropped-cropped-02_00843_jt3bggkj1j3HLc7SyY6rEUpg.jpeg","width":1600,"height":1600,"caption":"skaitytaknyga.lt"},"image":{"@id":"https:\/\/skaitytaknyga.lt\/#\/schema\/logo\/image\/"},"sameAs":["https:\/\/www.facebook.com\/skaitytaknyga\/"]}]}},"_links":{"self":[{"href":"https:\/\/skaitytaknyga.lt\/en\/wp-json\/wp\/v2\/product\/20968","targetHints":{"allow":["GET"]}}],"collection":[{"href":"https:\/\/skaitytaknyga.lt\/en\/wp-json\/wp\/v2\/product"}],"about":[{"href":"https:\/\/skaitytaknyga.lt\/en\/wp-json\/wp\/v2\/types\/product"}],"replies":[{"embeddable":true,"href":"https:\/\/skaitytaknyga.lt\/en\/wp-json\/wp\/v2\/comments?post=20968"}],"wp:featuredmedia":[{"embeddable":true,"href":"https:\/\/skaitytaknyga.lt\/en\/wp-json\/wp\/v2\/media\/20974"}],"wp:attachment":[{"href":"https:\/\/skaitytaknyga.lt\/en\/wp-json\/wp\/v2\/media?parent=20968"}],"wp:term":[{"taxonomy":"product_brand","embeddable":true,"href":"https:\/\/skaitytaknyga.lt\/en\/wp-json\/wp\/v2\/product_brand?post=20968"},{"taxonomy":"product_cat","embeddable":true,"href":"https:\/\/skaitytaknyga.lt\/en\/wp-json\/wp\/v2\/product_cat?post=20968"},{"taxonomy":"product_tag","embeddable":true,"href":"https:\/\/skaitytaknyga.lt\/en\/wp-json\/wp\/v2\/product_tag?post=20968"}],"curies":[{"name":"wp","href":"https:\/\/api.w.org\/{rel}","templated":true}]}}